{"id":233,"date":"2024-03-07T13:17:55","date_gmt":"2024-03-07T13:17:55","guid":{"rendered":"https:\/\/blogs.uef.fi\/vetoa\/?page_id=233"},"modified":"2025-10-03T08:08:08","modified_gmt":"2025-10-03T06:08:08","slug":"tietoa-blogista-about-the-blog","status":"publish","type":"page","link":"https:\/\/blogs.uef.fi\/vetoa\/tietoa-blogista-about-the-blog\/","title":{"rendered":"VETOA Podcast"},"content":{"rendered":"\n<figure class=\"wp-block-image size-full\"><img loading=\"lazy\" decoding=\"async\" width=\"812\" height=\"330\" src=\"https:\/\/blogs.uef.fi\/vetoa\/wp-content\/uploads\/sites\/206\/2024\/09\/image.png\" alt=\"\" class=\"wp-image-318\" srcset=\"https:\/\/blogs.uef.fi\/vetoa\/wp-content\/uploads\/sites\/206\/2024\/09\/image.png 812w, https:\/\/blogs.uef.fi\/vetoa\/wp-content\/uploads\/sites\/206\/2024\/09\/image-300x122.png 300w, https:\/\/blogs.uef.fi\/vetoa\/wp-content\/uploads\/sites\/206\/2024\/09\/image-768x312.png 768w\" sizes=\"auto, (max-width: 812px) 100vw, 812px\" \/><\/figure>\n\n\n\n<p><strong>Kuuntele VETOA Podcastia Spotifyssa!<\/strong><br><strong>Listen to VETOA Podcast in Spotify!<\/strong><\/p>\n\n\n\n<p><strong>VETOA Podcast, jakso 1: <a href=\"https:\/\/creators.spotify.com\/pod\/profile\/vetoa\/episodes\/Jakso-1--Kulttuurisensitiivisyys-ja-kohtaaminen-e374d4e\">Kulttuurisensitiivisyys ja kohtaaminen<\/a> (29min, suomeksi)<\/strong>&nbsp;<\/p>\n\n\n\n<p>VETOA Podcastin ensimm\u00e4isess\u00e4 jaksossa keskustelemme kulttuurisensitiivisyydest\u00e4 sek\u00e4 toisen ihmisen kohtaamisesta silloin, kun yhteist\u00e4 kielt\u00e4 ei v\u00e4ltt\u00e4m\u00e4tt\u00e4 ole. Jaksossa Hanna Rouvisen vieraina ovat vapaaehtoistoiminnan kehitt\u00e4j\u00e4 Hanna Toppi SPR:n Savo-Karjalan piirist\u00e4 ja SPR:n Kuopion osastolla vapaaehtoisena toimiva Mirjam.<\/p>\n\n\n\n<p><strong>VETOA Podcast, jakso 2:<a href=\"https:\/\/creators.spotify.com\/pod\/profile\/vetoa\/episodes\/Episode-2--Working-in-a-new-country-and-environment-e374gd3\"> Working in a New Country and Environment \/ <em>T\u00f6ihin uuteen maahan ja toimintaymp\u00e4rist\u00f6\u00f6n<\/em><\/a> (45min, in English<\/strong>)<\/p>\n\n\n\n<p>In this episode, we discuss the topic of working in a new country and environment. Hanna Rouvinen&#8217;s guests are Zeynep Niiranen, Floro Cubelo, Nadine Huber, and Frank Kiwanuka, who all share their professional and personal insights on the topic.<\/p>\n\n\n\n<p><strong>VETOA Podcast, jakso 3, osa 1: <\/strong><a href=\"https:\/\/creators.spotify.com\/pod\/profile\/vetoa\/episodes\/Jakso-3--osa-1--Kansainvlinen-hoitajarekrytointi-rekrytointiprosessit-ja-kansainvlisten-hoitajien-reitit-Suomeen-e38ktlc\"><strong>Kansainv\u00e4linen hoitajarekrytointi &#8211; rekrytointiprosessit ja kansainv\u00e4listen hoitajien reitit Suomeen<\/strong><\/a> <strong>(49 min, suomeksi)<\/strong><\/p>\n\n\n\n<p>VETOA-podcastin kolmannessa jaksossa keskustellaan kansainv\u00e4lisest\u00e4 hoitajarekrytoinnista. Jakso on jaettu kahteen osaan. T\u00e4ss\u00e4 ensimm\u00e4isess\u00e4 osassa keskustellaan rekrytointiprosesseista ja kansainv\u00e4listen hoitajien reiteist\u00e4 Suomeen.<\/p>\n\n\n\n<p>Hanna Rouvisen vieraina ovat rekrytointip\u00e4\u00e4llikk\u00f6 Seija Mononen Pohjois-Savon hyvinvointialueelta, yhteiskuntasuhdejohtaja P\u00e4ivi Niemi-Laine JHL:st\u00e4, Healthcare Staffing Solutionsin toimitusjohtaja Jussi Lehmuskallio, sek\u00e4 hoitotieteen maisteriopiskelija Kati Hietava ja dosentti, VETOA-hankkeen projektip\u00e4\u00e4llikk\u00f6 Krista Jokiniemi It\u00e4-Suomen yliopiston hoitotieteen laitokselta.<\/p>\n\n\n\n<p><strong>VETOA Podcast, jakso 3, osa 2: <a href=\"https:\/\/creators.spotify.com\/pod\/profile\/vetoa\/episodes\/Jakso-3--osa-2--Kansainvlinen-hoitajarekrytointi--osa-2-eettinen-rekrytointi-e38kv34\">Kansainv\u00e4linen hoitajarekrytointi, osa 2: eettinen rekrytointi <\/a>(40 min, suomeksi)<\/strong><\/p>\n\n\n\n<p>Kolmannen jakson toisessa osassa keskustellaan kansainv\u00e4lisest\u00e4 hoitajarekrytoinnista. Toisen osan aiheena ovat kansainv\u00e4liseen hoitajarekrytointiin liittyv\u00e4t eettiset kysymykset. Hanna Rouvisen kanssa studiossa sek\u00e4 mukana et\u00e4yhteyksin ovat kolmannen jakson ensimm\u00e4isest\u00e4 osasta tutut asiantuntijavieraat.  <\/p>\n\n\n\n<p><\/p>\n","protected":false},"excerpt":{"rendered":"<p>Kuuntele VETOA Podcastia Spotifyssa!Listen to VETOA Podcast in Spotify! VETOA Podcast, jakso 1: Kulttuurisensitiivisyys ja kohtaaminen (29min, suomeksi)&nbsp; VETOA Podcastin ensimm\u00e4isess\u00e4 jaksossa keskustelemme kulttuurisensitiivisyydest\u00e4 sek\u00e4 toisen ihmisen kohtaamisesta silloin, kun yhteist\u00e4 kielt\u00e4 ei v\u00e4ltt\u00e4m\u00e4tt\u00e4 ole. Jaksossa Hanna Rouvisen vieraina ovat vapaaehtoistoiminnan kehitt\u00e4j\u00e4 Hanna Toppi SPR:n Savo-Karjalan piirist\u00e4 ja SPR:n Kuopion osastolla vapaaehtoisena toimiva Mirjam. VETOA [&hellip;]<\/p>\n","protected":false},"author":1,"featured_media":0,"parent":0,"menu_order":0,"comment_status":"closed","ping_status":"closed","template":"","meta":{"_acf_changed":false,"footnotes":""},"class_list":["post-233","page","type-page","status-publish","hentry"],"acf":[],"yoast_head":"<!-- This site is optimized with the Yoast SEO plugin v27.1.1 - https:\/\/yoast.com\/product\/yoast-seo-wordpress\/ -->\n<title>VETOA Podcast - Veto- ja pitovoimaa monikulttuurisesta ty\u00f6yhteis\u00f6st\u00e4 (VETOA ESR-hanke, uef.fi\/vetoa)<\/title>\n<meta name=\"robots\" content=\"index, follow, max-snippet:-1, max-image-preview:large, max-video-preview:-1\" \/>\n<link rel=\"canonical\" href=\"https:\/\/blogs.uef.fi\/vetoa\/tietoa-blogista-about-the-blog\/\" \/>\n<meta property=\"og:locale\" content=\"fi_FI\" \/>\n<meta property=\"og:type\" content=\"article\" \/>\n<meta property=\"og:title\" content=\"VETOA Podcast - Veto- ja pitovoimaa monikulttuurisesta ty\u00f6yhteis\u00f6st\u00e4 (VETOA ESR-hanke, uef.fi\/vetoa)\" \/>\n<meta property=\"og:description\" content=\"Kuuntele VETOA Podcastia Spotifyssa!Listen to VETOA Podcast in Spotify! VETOA Podcast, jakso 1: Kulttuurisensitiivisyys ja kohtaaminen (29min, suomeksi)&nbsp; VETOA Podcastin ensimm\u00e4isess\u00e4 jaksossa keskustelemme kulttuurisensitiivisyydest\u00e4 sek\u00e4 toisen ihmisen kohtaamisesta silloin, kun yhteist\u00e4 kielt\u00e4 ei v\u00e4ltt\u00e4m\u00e4tt\u00e4 ole. Jaksossa Hanna Rouvisen vieraina ovat vapaaehtoistoiminnan kehitt\u00e4j\u00e4 Hanna Toppi SPR:n Savo-Karjalan piirist\u00e4 ja SPR:n Kuopion osastolla vapaaehtoisena toimiva Mirjam. VETOA [&hellip;]\" \/>\n<meta property=\"og:url\" content=\"https:\/\/blogs.uef.fi\/vetoa\/tietoa-blogista-about-the-blog\/\" \/>\n<meta property=\"og:site_name\" content=\"Veto- ja pitovoimaa monikulttuurisesta ty\u00f6yhteis\u00f6st\u00e4 (VETOA ESR-hanke, uef.fi\/vetoa)\" \/>\n<meta property=\"article:modified_time\" content=\"2025-10-03T06:08:08+00:00\" \/>\n<meta property=\"og:image\" content=\"https:\/\/blogs.uef.fi\/vetoa\/wp-content\/uploads\/sites\/206\/2024\/09\/image.png\" \/>\n\t<meta property=\"og:image:width\" content=\"812\" \/>\n\t<meta property=\"og:image:height\" content=\"330\" \/>\n\t<meta property=\"og:image:type\" content=\"image\/png\" \/>\n<meta name=\"twitter:card\" content=\"summary_large_image\" \/>\n<meta name=\"twitter:label1\" content=\"Arvioitu lukuaika\" \/>\n\t<meta name=\"twitter:data1\" content=\"2 minuuttia\" \/>\n<script type=\"application\/ld+json\" class=\"yoast-schema-graph\">{\"@context\":\"https:\/\/schema.org\",\"@graph\":[{\"@type\":\"WebPage\",\"@id\":\"https:\/\/blogs.uef.fi\/vetoa\/tietoa-blogista-about-the-blog\/\",\"url\":\"https:\/\/blogs.uef.fi\/vetoa\/tietoa-blogista-about-the-blog\/\",\"name\":\"VETOA Podcast - Veto- ja pitovoimaa monikulttuurisesta ty\u00f6yhteis\u00f6st\u00e4 (VETOA ESR-hanke, uef.fi\/vetoa)\",\"isPartOf\":{\"@id\":\"https:\/\/blogs.uef.fi\/vetoa\/#website\"},\"primaryImageOfPage\":{\"@id\":\"https:\/\/blogs.uef.fi\/vetoa\/tietoa-blogista-about-the-blog\/#primaryimage\"},\"image\":{\"@id\":\"https:\/\/blogs.uef.fi\/vetoa\/tietoa-blogista-about-the-blog\/#primaryimage\"},\"thumbnailUrl\":\"https:\/\/blogs.uef.fi\/vetoa\/wp-content\/uploads\/sites\/206\/2024\/09\/image.png\",\"datePublished\":\"2024-03-07T13:17:55+00:00\",\"dateModified\":\"2025-10-03T06:08:08+00:00\",\"breadcrumb\":{\"@id\":\"https:\/\/blogs.uef.fi\/vetoa\/tietoa-blogista-about-the-blog\/#breadcrumb\"},\"inLanguage\":\"fi\",\"potentialAction\":[{\"@type\":\"ReadAction\",\"target\":[\"https:\/\/blogs.uef.fi\/vetoa\/tietoa-blogista-about-the-blog\/\"]}]},{\"@type\":\"ImageObject\",\"inLanguage\":\"fi\",\"@id\":\"https:\/\/blogs.uef.fi\/vetoa\/tietoa-blogista-about-the-blog\/#primaryimage\",\"url\":\"https:\/\/blogs.uef.fi\/vetoa\/wp-content\/uploads\/sites\/206\/2024\/09\/image.png\",\"contentUrl\":\"https:\/\/blogs.uef.fi\/vetoa\/wp-content\/uploads\/sites\/206\/2024\/09\/image.png\",\"width\":812,\"height\":330},{\"@type\":\"BreadcrumbList\",\"@id\":\"https:\/\/blogs.uef.fi\/vetoa\/tietoa-blogista-about-the-blog\/#breadcrumb\",\"itemListElement\":[{\"@type\":\"ListItem\",\"position\":1,\"name\":\"Home\",\"item\":\"https:\/\/blogs.uef.fi\/vetoa\/\"},{\"@type\":\"ListItem\",\"position\":2,\"name\":\"VETOA Podcast\"}]},{\"@type\":\"WebSite\",\"@id\":\"https:\/\/blogs.uef.fi\/vetoa\/#website\",\"url\":\"https:\/\/blogs.uef.fi\/vetoa\/\",\"name\":\"Veto- ja pitovoimaa monikulttuurisesta ty\u00f6yhteis\u00f6st\u00e4 (VETOA ESR-hanke, uef.fi\/vetoa)\",\"description\":\"uef.fi\/vetoa\",\"potentialAction\":[{\"@type\":\"SearchAction\",\"target\":{\"@type\":\"EntryPoint\",\"urlTemplate\":\"https:\/\/blogs.uef.fi\/vetoa\/?s={search_term_string}\"},\"query-input\":{\"@type\":\"PropertyValueSpecification\",\"valueRequired\":true,\"valueName\":\"search_term_string\"}}],\"inLanguage\":\"fi\"}]}<\/script>\n<!-- \/ Yoast SEO plugin. -->","yoast_head_json":{"title":"VETOA Podcast - Veto- ja pitovoimaa monikulttuurisesta ty\u00f6yhteis\u00f6st\u00e4 (VETOA ESR-hanke, uef.fi\/vetoa)","robots":{"index":"index","follow":"follow","max-snippet":"max-snippet:-1","max-image-preview":"max-image-preview:large","max-video-preview":"max-video-preview:-1"},"canonical":"https:\/\/blogs.uef.fi\/vetoa\/tietoa-blogista-about-the-blog\/","og_locale":"fi_FI","og_type":"article","og_title":"VETOA Podcast - Veto- ja pitovoimaa monikulttuurisesta ty\u00f6yhteis\u00f6st\u00e4 (VETOA ESR-hanke, uef.fi\/vetoa)","og_description":"Kuuntele VETOA Podcastia Spotifyssa!Listen to VETOA Podcast in Spotify! VETOA Podcast, jakso 1: Kulttuurisensitiivisyys ja kohtaaminen (29min, suomeksi)&nbsp; VETOA Podcastin ensimm\u00e4isess\u00e4 jaksossa keskustelemme kulttuurisensitiivisyydest\u00e4 sek\u00e4 toisen ihmisen kohtaamisesta silloin, kun yhteist\u00e4 kielt\u00e4 ei v\u00e4ltt\u00e4m\u00e4tt\u00e4 ole. Jaksossa Hanna Rouvisen vieraina ovat vapaaehtoistoiminnan kehitt\u00e4j\u00e4 Hanna Toppi SPR:n Savo-Karjalan piirist\u00e4 ja SPR:n Kuopion osastolla vapaaehtoisena toimiva Mirjam. VETOA [&hellip;]","og_url":"https:\/\/blogs.uef.fi\/vetoa\/tietoa-blogista-about-the-blog\/","og_site_name":"Veto- ja pitovoimaa monikulttuurisesta ty\u00f6yhteis\u00f6st\u00e4 (VETOA ESR-hanke, uef.fi\/vetoa)","article_modified_time":"2025-10-03T06:08:08+00:00","og_image":[{"width":812,"height":330,"url":"https:\/\/blogs.uef.fi\/vetoa\/wp-content\/uploads\/sites\/206\/2024\/09\/image.png","type":"image\/png"}],"twitter_card":"summary_large_image","twitter_misc":{"Arvioitu lukuaika":"2 minuuttia"},"schema":{"@context":"https:\/\/schema.org","@graph":[{"@type":"WebPage","@id":"https:\/\/blogs.uef.fi\/vetoa\/tietoa-blogista-about-the-blog\/","url":"https:\/\/blogs.uef.fi\/vetoa\/tietoa-blogista-about-the-blog\/","name":"VETOA Podcast - Veto- ja pitovoimaa monikulttuurisesta ty\u00f6yhteis\u00f6st\u00e4 (VETOA ESR-hanke, uef.fi\/vetoa)","isPartOf":{"@id":"https:\/\/blogs.uef.fi\/vetoa\/#website"},"primaryImageOfPage":{"@id":"https:\/\/blogs.uef.fi\/vetoa\/tietoa-blogista-about-the-blog\/#primaryimage"},"image":{"@id":"https:\/\/blogs.uef.fi\/vetoa\/tietoa-blogista-about-the-blog\/#primaryimage"},"thumbnailUrl":"https:\/\/blogs.uef.fi\/vetoa\/wp-content\/uploads\/sites\/206\/2024\/09\/image.png","datePublished":"2024-03-07T13:17:55+00:00","dateModified":"2025-10-03T06:08:08+00:00","breadcrumb":{"@id":"https:\/\/blogs.uef.fi\/vetoa\/tietoa-blogista-about-the-blog\/#breadcrumb"},"inLanguage":"fi","potentialAction":[{"@type":"ReadAction","target":["https:\/\/blogs.uef.fi\/vetoa\/tietoa-blogista-about-the-blog\/"]}]},{"@type":"ImageObject","inLanguage":"fi","@id":"https:\/\/blogs.uef.fi\/vetoa\/tietoa-blogista-about-the-blog\/#primaryimage","url":"https:\/\/blogs.uef.fi\/vetoa\/wp-content\/uploads\/sites\/206\/2024\/09\/image.png","contentUrl":"https:\/\/blogs.uef.fi\/vetoa\/wp-content\/uploads\/sites\/206\/2024\/09\/image.png","width":812,"height":330},{"@type":"BreadcrumbList","@id":"https:\/\/blogs.uef.fi\/vetoa\/tietoa-blogista-about-the-blog\/#breadcrumb","itemListElement":[{"@type":"ListItem","position":1,"name":"Home","item":"https:\/\/blogs.uef.fi\/vetoa\/"},{"@type":"ListItem","position":2,"name":"VETOA Podcast"}]},{"@type":"WebSite","@id":"https:\/\/blogs.uef.fi\/vetoa\/#website","url":"https:\/\/blogs.uef.fi\/vetoa\/","name":"Veto- ja pitovoimaa monikulttuurisesta ty\u00f6yhteis\u00f6st\u00e4 (VETOA ESR-hanke, uef.fi\/vetoa)","description":"uef.fi\/vetoa","potentialAction":[{"@type":"SearchAction","target":{"@type":"EntryPoint","urlTemplate":"https:\/\/blogs.uef.fi\/vetoa\/?s={search_term_string}"},"query-input":{"@type":"PropertyValueSpecification","valueRequired":true,"valueName":"search_term_string"}}],"inLanguage":"fi"}]}},"_links":{"self":[{"href":"https:\/\/blogs.uef.fi\/vetoa\/wp-json\/wp\/v2\/pages\/233","targetHints":{"allow":["GET"]}}],"collection":[{"href":"https:\/\/blogs.uef.fi\/vetoa\/wp-json\/wp\/v2\/pages"}],"about":[{"href":"https:\/\/blogs.uef.fi\/vetoa\/wp-json\/wp\/v2\/types\/page"}],"author":[{"embeddable":true,"href":"https:\/\/blogs.uef.fi\/vetoa\/wp-json\/wp\/v2\/users\/1"}],"replies":[{"embeddable":true,"href":"https:\/\/blogs.uef.fi\/vetoa\/wp-json\/wp\/v2\/comments?post=233"}],"version-history":[{"count":2,"href":"https:\/\/blogs.uef.fi\/vetoa\/wp-json\/wp\/v2\/pages\/233\/revisions"}],"predecessor-version":[{"id":525,"href":"https:\/\/blogs.uef.fi\/vetoa\/wp-json\/wp\/v2\/pages\/233\/revisions\/525"}],"wp:attachment":[{"href":"https:\/\/blogs.uef.fi\/vetoa\/wp-json\/wp\/v2\/media?parent=233"}],"curies":[{"name":"wp","href":"https:\/\/api.w.org\/{rel}","templated":true}]}}