{"id":1885,"date":"2024-01-16T10:27:50","date_gmt":"2024-01-16T08:27:50","guid":{"rendered":"https:\/\/blogs.uef.fi\/uraohjauserko\/?page_id=1885"},"modified":"2024-01-16T10:27:50","modified_gmt":"2024-01-16T08:27:50","slug":"tietoja-blogista","status":"publish","type":"page","link":"https:\/\/blogs.uef.fi\/uraohjauserko\/tietoja-blogista\/","title":{"rendered":"Tietoja blogista"},"content":{"rendered":"\n<p>Sivun tiedot p\u00e4ivitet\u00e4\u00e4n l\u00e4hiaikoina.<\/p>\n","protected":false},"excerpt":{"rendered":"<p>Sivun tiedot p\u00e4ivitet\u00e4\u00e4n l\u00e4hiaikoina.<\/p>\n","protected":false},"author":7,"featured_media":0,"parent":0,"menu_order":0,"comment_status":"closed","ping_status":"closed","template":"","meta":{"_acf_changed":false,"footnotes":""},"class_list":["post-1885","page","type-page","status-publish","hentry"],"acf":[],"yoast_head":"<!-- This site is optimized with the Yoast SEO plugin v27.3 - https:\/\/yoast.com\/product\/yoast-seo-wordpress\/ -->\n<title>Tietoja blogista - URAOHJAUKSEN ERIKOISTUMISKOULUTUS<\/title>\n<meta name=\"robots\" content=\"index, follow, max-snippet:-1, max-image-preview:large, max-video-preview:-1\" \/>\n<link rel=\"canonical\" href=\"https:\/\/blogs.uef.fi\/uraohjauserko\/tietoja-blogista\/\" \/>\n<meta property=\"og:locale\" content=\"fi_FI\" \/>\n<meta property=\"og:type\" content=\"article\" \/>\n<meta property=\"og:title\" content=\"Tietoja blogista - URAOHJAUKSEN ERIKOISTUMISKOULUTUS\" \/>\n<meta property=\"og:description\" content=\"Sivun tiedot p\u00e4ivitet\u00e4\u00e4n l\u00e4hiaikoina.\" \/>\n<meta property=\"og:url\" content=\"https:\/\/blogs.uef.fi\/uraohjauserko\/tietoja-blogista\/\" \/>\n<meta property=\"og:site_name\" content=\"URAOHJAUKSEN ERIKOISTUMISKOULUTUS\" \/>\n<meta name=\"twitter:card\" content=\"summary_large_image\" \/>\n<meta name=\"twitter:label1\" content=\"Arvioitu lukuaika\" \/>\n\t<meta name=\"twitter:data1\" content=\"1 minuutti\" \/>\n<script type=\"application\/ld+json\" class=\"yoast-schema-graph\">{\"@context\":\"https:\\\/\\\/schema.org\",\"@graph\":[{\"@type\":\"WebPage\",\"@id\":\"https:\\\/\\\/blogs.uef.fi\\\/uraohjauserko\\\/tietoja-blogista\\\/\",\"url\":\"https:\\\/\\\/blogs.uef.fi\\\/uraohjauserko\\\/tietoja-blogista\\\/\",\"name\":\"Tietoja blogista - URAOHJAUKSEN ERIKOISTUMISKOULUTUS\",\"isPartOf\":{\"@id\":\"https:\\\/\\\/blogs.uef.fi\\\/uraohjauserko\\\/#website\"},\"datePublished\":\"2024-01-16T08:27:50+00:00\",\"breadcrumb\":{\"@id\":\"https:\\\/\\\/blogs.uef.fi\\\/uraohjauserko\\\/tietoja-blogista\\\/#breadcrumb\"},\"inLanguage\":\"fi\",\"potentialAction\":[{\"@type\":\"ReadAction\",\"target\":[\"https:\\\/\\\/blogs.uef.fi\\\/uraohjauserko\\\/tietoja-blogista\\\/\"]}]},{\"@type\":\"BreadcrumbList\",\"@id\":\"https:\\\/\\\/blogs.uef.fi\\\/uraohjauserko\\\/tietoja-blogista\\\/#breadcrumb\",\"itemListElement\":[{\"@type\":\"ListItem\",\"position\":1,\"name\":\"Home\",\"item\":\"https:\\\/\\\/blogs.uef.fi\\\/uraohjauserko\\\/\"},{\"@type\":\"ListItem\",\"position\":2,\"name\":\"Tietoja blogista\"}]},{\"@type\":\"WebSite\",\"@id\":\"https:\\\/\\\/blogs.uef.fi\\\/uraohjauserko\\\/#website\",\"url\":\"https:\\\/\\\/blogs.uef.fi\\\/uraohjauserko\\\/\",\"name\":\"URAOHJAUKSEN ERIKOISTUMISKOULUTUS\",\"description\":\"\",\"potentialAction\":[{\"@type\":\"SearchAction\",\"target\":{\"@type\":\"EntryPoint\",\"urlTemplate\":\"https:\\\/\\\/blogs.uef.fi\\\/uraohjauserko\\\/?s={search_term_string}\"},\"query-input\":{\"@type\":\"PropertyValueSpecification\",\"valueRequired\":true,\"valueName\":\"search_term_string\"}}],\"inLanguage\":\"fi\"}]}<\/script>\n<!-- \/ Yoast SEO plugin. -->","yoast_head_json":{"title":"Tietoja blogista - URAOHJAUKSEN ERIKOISTUMISKOULUTUS","robots":{"index":"index","follow":"follow","max-snippet":"max-snippet:-1","max-image-preview":"max-image-preview:large","max-video-preview":"max-video-preview:-1"},"canonical":"https:\/\/blogs.uef.fi\/uraohjauserko\/tietoja-blogista\/","og_locale":"fi_FI","og_type":"article","og_title":"Tietoja blogista - URAOHJAUKSEN ERIKOISTUMISKOULUTUS","og_description":"Sivun tiedot p\u00e4ivitet\u00e4\u00e4n l\u00e4hiaikoina.","og_url":"https:\/\/blogs.uef.fi\/uraohjauserko\/tietoja-blogista\/","og_site_name":"URAOHJAUKSEN ERIKOISTUMISKOULUTUS","twitter_card":"summary_large_image","twitter_misc":{"Arvioitu lukuaika":"1 minuutti"},"schema":{"@context":"https:\/\/schema.org","@graph":[{"@type":"WebPage","@id":"https:\/\/blogs.uef.fi\/uraohjauserko\/tietoja-blogista\/","url":"https:\/\/blogs.uef.fi\/uraohjauserko\/tietoja-blogista\/","name":"Tietoja blogista - URAOHJAUKSEN ERIKOISTUMISKOULUTUS","isPartOf":{"@id":"https:\/\/blogs.uef.fi\/uraohjauserko\/#website"},"datePublished":"2024-01-16T08:27:50+00:00","breadcrumb":{"@id":"https:\/\/blogs.uef.fi\/uraohjauserko\/tietoja-blogista\/#breadcrumb"},"inLanguage":"fi","potentialAction":[{"@type":"ReadAction","target":["https:\/\/blogs.uef.fi\/uraohjauserko\/tietoja-blogista\/"]}]},{"@type":"BreadcrumbList","@id":"https:\/\/blogs.uef.fi\/uraohjauserko\/tietoja-blogista\/#breadcrumb","itemListElement":[{"@type":"ListItem","position":1,"name":"Home","item":"https:\/\/blogs.uef.fi\/uraohjauserko\/"},{"@type":"ListItem","position":2,"name":"Tietoja blogista"}]},{"@type":"WebSite","@id":"https:\/\/blogs.uef.fi\/uraohjauserko\/#website","url":"https:\/\/blogs.uef.fi\/uraohjauserko\/","name":"URAOHJAUKSEN ERIKOISTUMISKOULUTUS","description":"","potentialAction":[{"@type":"SearchAction","target":{"@type":"EntryPoint","urlTemplate":"https:\/\/blogs.uef.fi\/uraohjauserko\/?s={search_term_string}"},"query-input":{"@type":"PropertyValueSpecification","valueRequired":true,"valueName":"search_term_string"}}],"inLanguage":"fi"}]}},"_links":{"self":[{"href":"https:\/\/blogs.uef.fi\/uraohjauserko\/wp-json\/wp\/v2\/pages\/1885","targetHints":{"allow":["GET"]}}],"collection":[{"href":"https:\/\/blogs.uef.fi\/uraohjauserko\/wp-json\/wp\/v2\/pages"}],"about":[{"href":"https:\/\/blogs.uef.fi\/uraohjauserko\/wp-json\/wp\/v2\/types\/page"}],"author":[{"embeddable":true,"href":"https:\/\/blogs.uef.fi\/uraohjauserko\/wp-json\/wp\/v2\/users\/7"}],"replies":[{"embeddable":true,"href":"https:\/\/blogs.uef.fi\/uraohjauserko\/wp-json\/wp\/v2\/comments?post=1885"}],"version-history":[{"count":1,"href":"https:\/\/blogs.uef.fi\/uraohjauserko\/wp-json\/wp\/v2\/pages\/1885\/revisions"}],"predecessor-version":[{"id":1888,"href":"https:\/\/blogs.uef.fi\/uraohjauserko\/wp-json\/wp\/v2\/pages\/1885\/revisions\/1888"}],"wp:attachment":[{"href":"https:\/\/blogs.uef.fi\/uraohjauserko\/wp-json\/wp\/v2\/media?parent=1885"}],"curies":[{"name":"wp","href":"https:\/\/api.w.org\/{rel}","templated":true}]}}