{"id":6,"date":"2021-10-08T12:24:28","date_gmt":"2021-10-08T12:24:28","guid":{"rendered":"https:\/\/blogs.uef.fi\/uefllt\/?page_id=2"},"modified":"2025-10-10T09:01:50","modified_gmt":"2025-10-10T09:01:50","slug":"liikunta-ja-urheilulaaketieteen-blogi","status":"publish","type":"page","link":"https:\/\/blogs.uef.fi\/uefllt\/liikunta-ja-urheilulaaketieteen-blogi\/","title":{"rendered":"UEF &#8211; Liikunta- ja urheilul\u00e4\u00e4ketieteen blogi"},"content":{"rendered":"\n<p>Mink\u00e4laista on liikunta- ja urheilul\u00e4\u00e4ketieteen opiskelu? Mink\u00e4laista tutkimusta It\u00e4-Suomen yliopistossa tehd\u00e4\u00e4n liikunta- ja urheilul\u00e4\u00e4ketieteen saralla? Mihin liikunta- ja urheilul\u00e4\u00e4ketieteen asiantuntija voi ty\u00f6llisty\u00e4?<\/p>\n\n\n\n<p><a href=\"https:\/\/www.uef.fi\/fi\/koulutus\/terveyden-edistaminen\">It\u00e4-Suomen yliopiston Liikunta- ja urheilul\u00e4\u00e4ketieteen oppiaineen toimijat<\/a>\u00a0kertovat blogissa opiskelustaan Kuopion kampuksella ja maailmalla sek\u00e4 avaavat mielenkiintoisia opinn\u00e4ytety\u00f6prosessejaan. Lis\u00e4ksi p\u00e4\u00e4set lukemaan sek\u00e4 meneill\u00e4\u00e4n ett\u00e4 vireill\u00e4 olevista liikunta- ja urheilul\u00e4\u00e4ketieteen oppiaineen tutkimuksista ja monipuolisista urapoluista.<\/p>\n\n\n\n<p>Lue kaikki tekstit&nbsp;<a href=\"https:\/\/blogs.uef.fi\/uefllt\/category\/opiskelu\/\">opiskelusta<\/a>,&nbsp;<a href=\"https:\/\/blogs.uef.fi\/uefllt\/category\/tyoharjoittelu\/\">ty\u00f6harjoitteluista<\/a>,&nbsp;<a href=\"https:\/\/blogs.uef.fi\/uefllt\/category\/asiantuntijuus\/\">asiantuntijuudesta<\/a>,&nbsp;<a href=\"https:\/\/blogs.uef.fi\/uefllt\/category\/tapahtumat\/\">tapahtumista<\/a>&nbsp;ja&nbsp;<a href=\"https:\/\/blogs.uef.fi\/uefllt\/category\/tutkimus\/\">tutkimuksista<\/a>!<\/p>\n","protected":false},"excerpt":{"rendered":"<p>Mink\u00e4laista on liikunta- ja urheilul\u00e4\u00e4ketieteen opiskelu? Mink\u00e4laista tutkimusta It\u00e4-Suomen yliopistossa tehd\u00e4\u00e4n liikunta- ja urheilul\u00e4\u00e4ketieteen saralla? Mihin liikunta- ja urheilul\u00e4\u00e4ketieteen asiantuntija voi ty\u00f6llisty\u00e4? It\u00e4-Suomen yliopiston Liikunta- ja urheilul\u00e4\u00e4ketieteen oppiaineen toimijat\u00a0kertovat blogissa opiskelustaan Kuopion kampuksella ja maailmalla sek\u00e4 avaavat mielenkiintoisia opinn\u00e4ytety\u00f6prosessejaan. Lis\u00e4ksi p\u00e4\u00e4set lukemaan sek\u00e4 meneill\u00e4\u00e4n ett\u00e4 vireill\u00e4 olevista liikunta- ja urheilul\u00e4\u00e4ketieteen oppiaineen tutkimuksista ja monipuolisista urapoluista. [&hellip;]<\/p>\n","protected":false},"author":1,"featured_media":0,"parent":0,"menu_order":0,"comment_status":"closed","ping_status":"open","template":"","meta":{"_acf_changed":false,"_monsterinsights_skip_tracking":false,"_monsterinsights_sitenote_active":false,"_monsterinsights_sitenote_note":"","_monsterinsights_sitenote_category":0,"footnotes":""},"class_list":["post-6","page","type-page","status-publish","hentry"],"acf":[],"yoast_head":"<!-- This site is optimized with the Yoast SEO plugin v27.1.1 - https:\/\/yoast.com\/product\/yoast-seo-wordpress\/ -->\n<title>UEF - Liikunta- ja urheilul\u00e4\u00e4ketieteen blogi - UEF Liikunta- ja urheilul\u00e4\u00e4ketiede<\/title>\n<meta name=\"description\" content=\"Mink\u00e4laista on liikunta- ja urheilul\u00e4\u00e4ketieteen opiskelu? Ent\u00e4 tutkimus? Mihin liikunta- ja urheilul\u00e4\u00e4ketieteen asiantuntija voi ty\u00f6llisty\u00e4?\" \/>\n<meta name=\"robots\" content=\"index, follow, max-snippet:-1, max-image-preview:large, max-video-preview:-1\" \/>\n<link rel=\"canonical\" href=\"https:\/\/blogs.uef.fi\/uefllt\/liikunta-ja-urheilulaaketieteen-blogi\/\" \/>\n<meta property=\"og:locale\" content=\"fi_FI\" \/>\n<meta property=\"og:type\" content=\"article\" \/>\n<meta property=\"og:title\" content=\"UEF - Liikunta- ja urheilul\u00e4\u00e4ketieteen blogi - UEF Liikunta- ja urheilul\u00e4\u00e4ketiede\" \/>\n<meta property=\"og:description\" content=\"Mink\u00e4laista on liikunta- ja urheilul\u00e4\u00e4ketieteen opiskelu? Ent\u00e4 tutkimus? Mihin liikunta- ja urheilul\u00e4\u00e4ketieteen asiantuntija voi ty\u00f6llisty\u00e4?\" \/>\n<meta property=\"og:url\" content=\"https:\/\/blogs.uef.fi\/uefllt\/liikunta-ja-urheilulaaketieteen-blogi\/\" \/>\n<meta property=\"og:site_name\" content=\"UEF Liikunta- ja urheilul\u00e4\u00e4ketiede\" \/>\n<meta property=\"article:modified_time\" content=\"2025-10-10T09:01:50+00:00\" \/>\n<meta name=\"twitter:card\" content=\"summary_large_image\" \/>\n<meta name=\"twitter:label1\" content=\"Arvioitu lukuaika\" \/>\n\t<meta name=\"twitter:data1\" content=\"1 minuutti\" \/>\n<script type=\"application\/ld+json\" class=\"yoast-schema-graph\">{\"@context\":\"https:\/\/schema.org\",\"@graph\":[{\"@type\":\"WebPage\",\"@id\":\"https:\/\/blogs.uef.fi\/uefllt\/liikunta-ja-urheilulaaketieteen-blogi\/\",\"url\":\"https:\/\/blogs.uef.fi\/uefllt\/liikunta-ja-urheilulaaketieteen-blogi\/\",\"name\":\"UEF - Liikunta- ja urheilul\u00e4\u00e4ketieteen blogi - UEF Liikunta- ja urheilul\u00e4\u00e4ketiede\",\"isPartOf\":{\"@id\":\"https:\/\/blogs.uef.fi\/uefllt\/#website\"},\"datePublished\":\"2021-10-08T12:24:28+00:00\",\"dateModified\":\"2025-10-10T09:01:50+00:00\",\"description\":\"Mink\u00e4laista on liikunta- ja urheilul\u00e4\u00e4ketieteen opiskelu? Ent\u00e4 tutkimus? Mihin liikunta- ja urheilul\u00e4\u00e4ketieteen asiantuntija voi ty\u00f6llisty\u00e4?\",\"breadcrumb\":{\"@id\":\"https:\/\/blogs.uef.fi\/uefllt\/liikunta-ja-urheilulaaketieteen-blogi\/#breadcrumb\"},\"inLanguage\":\"fi\",\"potentialAction\":[{\"@type\":\"ReadAction\",\"target\":[\"https:\/\/blogs.uef.fi\/uefllt\/liikunta-ja-urheilulaaketieteen-blogi\/\"]}]},{\"@type\":\"BreadcrumbList\",\"@id\":\"https:\/\/blogs.uef.fi\/uefllt\/liikunta-ja-urheilulaaketieteen-blogi\/#breadcrumb\",\"itemListElement\":[{\"@type\":\"ListItem\",\"position\":1,\"name\":\"Home\",\"item\":\"https:\/\/blogs.uef.fi\/uefllt\/\"},{\"@type\":\"ListItem\",\"position\":2,\"name\":\"UEF &#8211; Liikunta- ja urheilul\u00e4\u00e4ketieteen blogi\"}]},{\"@type\":\"WebSite\",\"@id\":\"https:\/\/blogs.uef.fi\/uefllt\/#website\",\"url\":\"https:\/\/blogs.uef.fi\/uefllt\/\",\"name\":\"UEF Liikunta- ja urheilul\u00e4\u00e4ketiede\",\"description\":\"\",\"potentialAction\":[{\"@type\":\"SearchAction\",\"target\":{\"@type\":\"EntryPoint\",\"urlTemplate\":\"https:\/\/blogs.uef.fi\/uefllt\/?s={search_term_string}\"},\"query-input\":{\"@type\":\"PropertyValueSpecification\",\"valueRequired\":true,\"valueName\":\"search_term_string\"}}],\"inLanguage\":\"fi\"}]}<\/script>\n<!-- \/ Yoast SEO plugin. -->","yoast_head_json":{"title":"UEF - Liikunta- ja urheilul\u00e4\u00e4ketieteen blogi - UEF Liikunta- ja urheilul\u00e4\u00e4ketiede","description":"Mink\u00e4laista on liikunta- ja urheilul\u00e4\u00e4ketieteen opiskelu? Ent\u00e4 tutkimus? Mihin liikunta- ja urheilul\u00e4\u00e4ketieteen asiantuntija voi ty\u00f6llisty\u00e4?","robots":{"index":"index","follow":"follow","max-snippet":"max-snippet:-1","max-image-preview":"max-image-preview:large","max-video-preview":"max-video-preview:-1"},"canonical":"https:\/\/blogs.uef.fi\/uefllt\/liikunta-ja-urheilulaaketieteen-blogi\/","og_locale":"fi_FI","og_type":"article","og_title":"UEF - Liikunta- ja urheilul\u00e4\u00e4ketieteen blogi - UEF Liikunta- ja urheilul\u00e4\u00e4ketiede","og_description":"Mink\u00e4laista on liikunta- ja urheilul\u00e4\u00e4ketieteen opiskelu? Ent\u00e4 tutkimus? Mihin liikunta- ja urheilul\u00e4\u00e4ketieteen asiantuntija voi ty\u00f6llisty\u00e4?","og_url":"https:\/\/blogs.uef.fi\/uefllt\/liikunta-ja-urheilulaaketieteen-blogi\/","og_site_name":"UEF Liikunta- ja urheilul\u00e4\u00e4ketiede","article_modified_time":"2025-10-10T09:01:50+00:00","twitter_card":"summary_large_image","twitter_misc":{"Arvioitu lukuaika":"1 minuutti"},"schema":{"@context":"https:\/\/schema.org","@graph":[{"@type":"WebPage","@id":"https:\/\/blogs.uef.fi\/uefllt\/liikunta-ja-urheilulaaketieteen-blogi\/","url":"https:\/\/blogs.uef.fi\/uefllt\/liikunta-ja-urheilulaaketieteen-blogi\/","name":"UEF - Liikunta- ja urheilul\u00e4\u00e4ketieteen blogi - UEF Liikunta- ja urheilul\u00e4\u00e4ketiede","isPartOf":{"@id":"https:\/\/blogs.uef.fi\/uefllt\/#website"},"datePublished":"2021-10-08T12:24:28+00:00","dateModified":"2025-10-10T09:01:50+00:00","description":"Mink\u00e4laista on liikunta- ja urheilul\u00e4\u00e4ketieteen opiskelu? Ent\u00e4 tutkimus? Mihin liikunta- ja urheilul\u00e4\u00e4ketieteen asiantuntija voi ty\u00f6llisty\u00e4?","breadcrumb":{"@id":"https:\/\/blogs.uef.fi\/uefllt\/liikunta-ja-urheilulaaketieteen-blogi\/#breadcrumb"},"inLanguage":"fi","potentialAction":[{"@type":"ReadAction","target":["https:\/\/blogs.uef.fi\/uefllt\/liikunta-ja-urheilulaaketieteen-blogi\/"]}]},{"@type":"BreadcrumbList","@id":"https:\/\/blogs.uef.fi\/uefllt\/liikunta-ja-urheilulaaketieteen-blogi\/#breadcrumb","itemListElement":[{"@type":"ListItem","position":1,"name":"Home","item":"https:\/\/blogs.uef.fi\/uefllt\/"},{"@type":"ListItem","position":2,"name":"UEF &#8211; Liikunta- ja urheilul\u00e4\u00e4ketieteen blogi"}]},{"@type":"WebSite","@id":"https:\/\/blogs.uef.fi\/uefllt\/#website","url":"https:\/\/blogs.uef.fi\/uefllt\/","name":"UEF Liikunta- ja urheilul\u00e4\u00e4ketiede","description":"","potentialAction":[{"@type":"SearchAction","target":{"@type":"EntryPoint","urlTemplate":"https:\/\/blogs.uef.fi\/uefllt\/?s={search_term_string}"},"query-input":{"@type":"PropertyValueSpecification","valueRequired":true,"valueName":"search_term_string"}}],"inLanguage":"fi"}]}},"_links":{"self":[{"href":"https:\/\/blogs.uef.fi\/uefllt\/wp-json\/wp\/v2\/pages\/6","targetHints":{"allow":["GET"]}}],"collection":[{"href":"https:\/\/blogs.uef.fi\/uefllt\/wp-json\/wp\/v2\/pages"}],"about":[{"href":"https:\/\/blogs.uef.fi\/uefllt\/wp-json\/wp\/v2\/types\/page"}],"author":[{"embeddable":true,"href":"https:\/\/blogs.uef.fi\/uefllt\/wp-json\/wp\/v2\/users\/1"}],"replies":[{"embeddable":true,"href":"https:\/\/blogs.uef.fi\/uefllt\/wp-json\/wp\/v2\/comments?post=6"}],"version-history":[{"count":2,"href":"https:\/\/blogs.uef.fi\/uefllt\/wp-json\/wp\/v2\/pages\/6\/revisions"}],"predecessor-version":[{"id":1805,"href":"https:\/\/blogs.uef.fi\/uefllt\/wp-json\/wp\/v2\/pages\/6\/revisions\/1805"}],"wp:attachment":[{"href":"https:\/\/blogs.uef.fi\/uefllt\/wp-json\/wp\/v2\/media?parent=6"}],"curies":[{"name":"wp","href":"https:\/\/api.w.org\/{rel}","templated":true}]}}