{"id":9880,"date":"2022-07-29T10:12:42","date_gmt":"2022-07-29T07:12:42","guid":{"rendered":"https:\/\/blogs.uef.fi\/ueflibrarypostgrad\/?page_id=9880"},"modified":"2022-07-29T10:12:42","modified_gmt":"2022-07-29T07:12:42","slug":"moduuli-2-paasivu-vanha-sisalto","status":"publish","type":"page","link":"https:\/\/blogs.uef.fi\/ueflibrarypostgrad\/moduuli-2-paasivu-vanha-sisalto\/","title":{"rendered":"Moduuli 2 p\u00e4\u00e4sivu &#8211; vanha sis\u00e4lt\u00f6"},"content":{"rendered":"\n<h6 class=\"wp-block-heading\">IN THIS MODULE YOU WILL<\/h6>\n\n\n\n<ul class=\"wp-block-list\"><li>Familiarize yourself with the most important scholarly databases&nbsp;in your discipline.<\/li><li>Learn how to conduct systematic information searches in your discipline.<\/li><li>Learn how to set up current information alerting.<\/li><\/ul>\n\n\n\n<h6 class=\"wp-block-heading\">TO COMPLETE THIS MODULE<\/h6>\n\n\n\n<ol class=\"wp-block-list\"><li>Register yourself to this module in <strong>Peppi<\/strong>. Select <strong>one<\/strong> online teaching session relevant to your discipline, please see below.<\/li><li>Ensure that the basic techniques explained in Module 1 are familiar to you.<\/li><li>Read the possible background material relevant to your discipline, please see below.<\/li><li>Participate in the teaching session.<\/li><li>Do the module assignment in <a href=\"https:\/\/moodle.uef.fi\/course\/view.php?id=20816\" target=\"_blank\" rel=\"noreferrer noopener\">Moodle<\/a> (opens in new window).<\/li><\/ol>\n\n\n\n<p>The links below take you to a page with information about the most important databases, contact person etc.. You will find also the background material here.<\/p>\n\n\n\n<h6 class=\"wp-block-heading\">BEHAVIOURAL SCIENCES<\/h6>\n\n\n\n<p><a href=\"https:\/\/www.uef.fi\/en\/educational-sciences-information-resources\" target=\"_blank\" rel=\"noreferrer noopener\">Education<\/a> (opens in new window)<\/p>\n\n\n\n<p><a href=\"https:\/\/www.uef.fi\/en\/library\/psychology-information-resources\" target=\"_blank\" rel=\"noreferrer noopener\">Psychology<\/a> (opens in new window)<\/p>\n\n\n\n<h6 class=\"wp-block-heading\">Health sciences<\/h6>\n\n\n\n<p><a href=\"https:\/\/www.uef.fi\/en\/biomedicine-information-resources\" target=\"_blank\" rel=\"noreferrer noopener\">Biomedicine<\/a> (opens in new window)<\/p>\n\n\n\n<p>Teaching session: \u201cK: Discipline-specific information retrieval: health-related natural sciences\u201d<br><a href=\"https:\/\/www.slideshare.net\/HeikkiLaitinen3\/informationretrievalscience-250182332\" target=\"_blank\" rel=\"noreferrer noopener\">Background material in PDF<\/a> (opens in new window) (34 pages)<\/p>\n\n\n\n<p><a href=\"https:\/\/www.uef.fi\/en\/information-sources-for-medicine-dentistry-and-public-health\" target=\"_blank\" rel=\"noreferrer noopener\">Medicine, exercise medicine, public health, dentistry, ergonomics<\/a> (opens in new window)<\/p>\n\n\n\n<p>Teaching session: \u201cK: Discipline-specific information retrieval: health sciences (dentistry, ergonomics, exercise medicine, medicine, nursing science, public health)\u201d<\/p>\n\n\n\n<p>Watch and listen: PubMed Essentials \u2013 Interactive Quick Tours<\/p>\n\n\n\n<p><a href=\"https:\/\/www.nlm.nih.gov\/oet\/ed\/pubmed\/quicktours\/whatsin\/index.html\" target=\"_blank\" rel=\"noreferrer noopener\">What is in PubMed?<\/a> 3 mins (opens in new window)<br><a href=\"https:\/\/www.nlm.nih.gov\/oet\/ed\/pubmed\/quicktours\/topic\/index.html\" target=\"_blank\" rel=\"noreferrer noopener\">Find articles on a topic<\/a> 1 min (opens in new window)<br><a href=\"https:\/\/www.nlm.nih.gov\/oet\/ed\/pubmed\/quicktours\/topic_how_it_works\/index.html\" target=\"_blank\" rel=\"noreferrer noopener\">PubMed subject search<\/a> 4 min (opens in new window)<br><a href=\"https:\/\/www.nlm.nih.gov\/oet\/ed\/pubmed\/quicktours\/author\/index.html\" target=\"_blank\" rel=\"noreferrer noopener\">Find articles by author<\/a> 2 mins (opens in new window)<br><a href=\"https:\/\/www.nlm.nih.gov\/oet\/ed\/pubmed\/quicktours\/journal\/index.html\" target=\"_blank\" rel=\"noreferrer noopener\">Find articles by journal<\/a> 2 mins (opens in new window)<br><a href=\"https:\/\/www.nlm.nih.gov\/oet\/ed\/pubmed\/quicktours\/fulltext\/index.html\" target=\"_blank\" rel=\"noreferrer noopener\">Get the full text for an article<\/a> 2 mins (opens in new window)<br><a href=\"https:\/\/www.nlm.nih.gov\/oet\/ed\/pubmed\/quicktours\/alerts\/index.html\" target=\"_blank\" rel=\"noreferrer noopener\">Save searches and set e-mail alerts<\/a> 2 mins (opens in new window)<\/p>\n\n\n\n<p>In Finnish, see also<\/p>\n\n\n\n<p><a href=\"https:\/\/youtu.be\/vZbhz-WP_No\" target=\"_blank\" rel=\"noreferrer noopener\">Opi hakemaan uudistuneesta PubMed-tietokannasta<\/a> (opens in new window)<br><a href=\"https:\/\/youtu.be\/6tI00dwYaMk\" target=\"_blank\" rel=\"noreferrer noopener\">PubMed-viitteiden tallentaminen<\/a> (opens in new window) (uusi k\u00e4ytt\u00f6liittym\u00e4)<br><a href=\"https:\/\/youtu.be\/mgX0jAA9Jt4\" target=\"_blank\" rel=\"noreferrer noopener\">PubMed haut MeSH termein<\/a> (opens in new window) (uusi k\u00e4ytt\u00f6liittym\u00e4)<\/p>\n\n\n\n<p>Also watch and listen: Scopus videos<\/p>\n\n\n\n<p><a href=\"https:\/\/www.youtube.com\/watch?v=mMN7BxA0VAI\" target=\"_blank\" rel=\"noreferrer noopener\">Searching with Scopus<\/a> (opens in new window) (8:37)<br><a href=\"https:\/\/www.youtube.com\/watch?v=0oQ5qsDMoFE\" target=\"_blank\" rel=\"noreferrer noopener\">Scopus advanced search<\/a> (opens in new window) (3:07)<\/p>\n\n\n\n<p><a href=\"https:\/\/www.uef.fi\/en\/nursing-science-information-resources\" target=\"_blank\" rel=\"noreferrer noopener\">Nursing science<\/a> (opens in new window)<\/p>\n\n\n\n<p>Teaching session: \u201cK: Discipline-specific information retrieval: health sciences(dentistry, ergonomics, exercise medicine, medicine, nursing science, public health)\u201d<\/p>\n\n\n\n<p><a href=\"https:\/\/www.uef.fi\/en\/nutrition-information-resources\" target=\"_blank\" rel=\"noreferrer noopener\">Nutrition<\/a> (opens in new window)<\/p>\n\n\n\n<p>Teaching session: \u201cK: Discipline-specific information retrieval: health-related natural sciences\u201d<br><a href=\"https:\/\/www.slideshare.net\/HeikkiLaitinen3\/informationretrievalscience-250182332\" target=\"_blank\" rel=\"noreferrer noopener\">Background material in PDF<\/a> (opens in new window) (34 pages)<\/p>\n\n\n\n<p><a href=\"https:\/\/www.uef.fi\/en\/pharmacy-information-resources\" target=\"_blank\" rel=\"noreferrer noopener\">Pharmacy, pharmacology, toxicology<\/a> (opens in new window)<\/p>\n\n\n\n<p>Teaching session: \u201cK: Discipline-specific information retrieval: health-related natural sciences\u201d<br><a href=\"https:\/\/www.slideshare.net\/HeikkiLaitinen3\/informationretrievalscience-250182332\" target=\"_blank\" rel=\"noreferrer noopener\">Background material in PDF<\/a> (opens in new window) (34 pages)<\/p>\n\n\n\n<h6 class=\"wp-block-heading\">Humanities and theology<\/h6>\n\n\n\n<p><a href=\"https:\/\/www.uef.fi\/en\/finnish-language-and-cultural-research-information-resources\" target=\"_blank\" rel=\"noreferrer noopener\">Finnish language and cultural research<\/a> (opens in new window)<\/p>\n\n\n\n<p><a href=\"https:\/\/www.uef.fi\/en\/language-and-translation-studies-information-resources\" target=\"_blank\" rel=\"noreferrer noopener\">Language and translation studies<\/a> (opens in new window)<\/p>\n\n\n\n<p><a href=\"https:\/\/www.uef.fi\/en\/theology-information-resources\" target=\"_blank\" rel=\"noreferrer noopener\">Theology<\/a> (opens in new window)<\/p>\n\n\n\n<h6 class=\"wp-block-heading\">Natural sciences<\/h6>\n\n\n\n<p><a href=\"https:\/\/www.uef.fi\/en\/physics-information-resources\" target=\"_blank\" rel=\"noreferrer noopener\">Applied physics<\/a> (opens in new window)<\/p>\n\n\n\n<p>Teaching session: \u201cK: Discipline-specific information retrieval: health-related natural sciences\u201d<br><a href=\"https:\/\/www.slideshare.net\/HeikkiLaitinen3\/informationretrievalscience-250182332\" target=\"_blank\" rel=\"noreferrer noopener\">Background material in PDF<\/a> (opens in new window) (34 pages)<\/p>\n\n\n\n<p><a href=\"https:\/\/www.uef.fi\/en\/biology-information-resources\" target=\"_blank\" rel=\"noreferrer noopener\">Biology<\/a> (opens in new window)<\/p>\n\n\n\n<p><a href=\"https:\/\/www.uef.fi\/en\/chemistry-information-sources\" target=\"_blank\" rel=\"noreferrer noopener\">Chemistry<\/a> (opens in new window)<\/p>\n\n\n\n<p><a href=\"https:\/\/www.uef.fi\/en\/computer-science-information-resources\" target=\"_blank\" rel=\"noreferrer noopener\">Computer science<\/a> (opens in new window)<\/p>\n\n\n\n<p>Teaching session: either \u201cJ: Discipline-specific information retrieval: natural sciences and forestry\u201d or \u201cK: Discipline-specific information retrieval: health-related natural sciences\u201d<br><a href=\"https:\/\/www.slideshare.net\/HeikkiLaitinen3\/informationretrievalscience-250182332\" target=\"_blank\" rel=\"noreferrer noopener\">Background material for medical computing students in PDF<\/a> (opens in new window) (34 pages)<\/p>\n\n\n\n<p><a href=\"https:\/\/www.uef.fi\/en\/environmental-sciences-information-resources\" target=\"_blank\" rel=\"noreferrer noopener\">Environmental sciences<\/a> (opens in new window)<\/p>\n\n\n\n<p>Teaching session: \u201cK: Discipline-specific information retrieval: health-related natural sciences\u201d<br><a href=\"https:\/\/www.slideshare.net\/HeikkiLaitinen3\/informationretrievalscience-250182332\" target=\"_blank\" rel=\"noreferrer noopener\">Background material in PDF<\/a> (opens in new window) (34 pages)<\/p>\n\n\n\n<p><a href=\"https:\/\/www.uef.fi\/en\/forestry-information-resources\" target=\"_blank\" rel=\"noreferrer noopener\">Forest sciences<\/a> (opens in new window)<\/p>\n\n\n\n<p><a href=\"https:\/\/www.uef.fi\/en\/mathematics-information-resources\" target=\"_blank\" rel=\"noreferrer noopener\">Mathematics<\/a> (opens in new window)<\/p>\n\n\n\n<p><a href=\"https:\/\/www.uef.fi\/en\/physics-information-resources\" target=\"_blank\" rel=\"noreferrer noopener\">Physics<\/a> (opens in new window)<\/p>\n\n\n\n<h6 class=\"wp-block-heading\">Social sciences<\/h6>\n\n\n\n<p><a href=\"https:\/\/www.uef.fi\/en\/business-studies-information-resources\" target=\"_blank\" rel=\"noreferrer noopener\">Business studies<\/a> (opens in new window)<\/p>\n\n\n\n<p><a href=\"https:\/\/www.uef.fi\/en\/geography-and-environmental-policy-information-resources\" target=\"_blank\" rel=\"noreferrer noopener\">Geography and regional studies<\/a> (opens in new window)<\/p>\n\n\n\n<p><a href=\"https:\/\/www.uef.fi\/en\/history-information-resources\" target=\"_blank\" rel=\"noreferrer noopener\">History <\/a>(opens in new window)<\/p>\n\n\n\n<p><a href=\"https:\/\/www.uef.fi\/en\/law-and-legal-science-information-resources\" target=\"_blank\" rel=\"noreferrer noopener\">Law<\/a> (opens in new window)<\/p>\n\n\n\n<p><a href=\"https:\/\/www.uef.fi\/en\/social-and-health-management-information-resources\" target=\"_blank\" rel=\"noreferrer noopener\">Social&nbsp; and health management <\/a>(opens in new window)<\/p>\n\n\n\n<p><a href=\"https:\/\/www.uef.fi\/en\/social-sciences-information-resources\" target=\"_blank\" rel=\"noreferrer noopener\">Social sciences<\/a> (opens in new window)<\/p>\n\n\n\n<p>(9\/2021)<\/p>\n","protected":false},"excerpt":{"rendered":"<p>IN THIS MODULE YOU WILL Familiarize yourself with the most important scholarly databases&nbsp;in your discipline. Learn how to conduct systematic information searches in your discipline. Learn how to set up current information alerting. TO COMPLETE THIS MODULE Register yourself to this module in Peppi. Select one online teaching session relevant to your discipline, please see [&hellip;]<\/p>\n","protected":false},"author":127,"featured_media":0,"parent":0,"menu_order":0,"comment_status":"closed","ping_status":"closed","template":"","meta":{"_acf_changed":false,"footnotes":""},"class_list":["post-9880","page","type-page","status-publish","hentry"],"acf":[],"yoast_head":"<!-- This site is optimized with the Yoast SEO plugin v27.1.1 - https:\/\/yoast.com\/product\/yoast-seo-wordpress\/ -->\n<title>Moduuli 2 p\u00e4\u00e4sivu - vanha sis\u00e4lt\u00f6 - Research Information Retrieval and Management<\/title>\n<meta name=\"robots\" content=\"index, follow, max-snippet:-1, max-image-preview:large, max-video-preview:-1\" \/>\n<link rel=\"canonical\" href=\"https:\/\/blogs.uef.fi\/ueflibrarypostgrad\/moduuli-2-paasivu-vanha-sisalto\/\" \/>\n<meta property=\"og:locale\" content=\"en_US\" \/>\n<meta property=\"og:type\" content=\"article\" \/>\n<meta property=\"og:title\" content=\"Moduuli 2 p\u00e4\u00e4sivu - vanha sis\u00e4lt\u00f6 - Research Information Retrieval and Management\" \/>\n<meta property=\"og:description\" content=\"IN THIS MODULE YOU WILL Familiarize yourself with the most important scholarly databases&nbsp;in your discipline. Learn how to conduct systematic information searches in your discipline. Learn how to set up current information alerting. TO COMPLETE THIS MODULE Register yourself to this module in Peppi. Select one online teaching session relevant to your discipline, please see [&hellip;]\" \/>\n<meta property=\"og:url\" content=\"https:\/\/blogs.uef.fi\/ueflibrarypostgrad\/moduuli-2-paasivu-vanha-sisalto\/\" \/>\n<meta property=\"og:site_name\" content=\"Research Information Retrieval and Management\" \/>\n<meta name=\"twitter:card\" content=\"summary_large_image\" \/>\n<meta name=\"twitter:label1\" content=\"Est. reading time\" \/>\n\t<meta name=\"twitter:data1\" content=\"3 minutes\" \/>\n<script type=\"application\/ld+json\" class=\"yoast-schema-graph\">{\"@context\":\"https:\/\/schema.org\",\"@graph\":[{\"@type\":\"WebPage\",\"@id\":\"https:\/\/blogs.uef.fi\/ueflibrarypostgrad\/moduuli-2-paasivu-vanha-sisalto\/\",\"url\":\"https:\/\/blogs.uef.fi\/ueflibrarypostgrad\/moduuli-2-paasivu-vanha-sisalto\/\",\"name\":\"Moduuli 2 p\u00e4\u00e4sivu - vanha sis\u00e4lt\u00f6 - Research Information Retrieval and Management\",\"isPartOf\":{\"@id\":\"https:\/\/blogs.uef.fi\/ueflibrarypostgrad\/#website\"},\"datePublished\":\"2022-07-29T07:12:42+00:00\",\"breadcrumb\":{\"@id\":\"https:\/\/blogs.uef.fi\/ueflibrarypostgrad\/moduuli-2-paasivu-vanha-sisalto\/#breadcrumb\"},\"inLanguage\":\"en-US\",\"potentialAction\":[{\"@type\":\"ReadAction\",\"target\":[\"https:\/\/blogs.uef.fi\/ueflibrarypostgrad\/moduuli-2-paasivu-vanha-sisalto\/\"]}]},{\"@type\":\"BreadcrumbList\",\"@id\":\"https:\/\/blogs.uef.fi\/ueflibrarypostgrad\/moduuli-2-paasivu-vanha-sisalto\/#breadcrumb\",\"itemListElement\":[{\"@type\":\"ListItem\",\"position\":1,\"name\":\"Home\",\"item\":\"https:\/\/blogs.uef.fi\/ueflibrarypostgrad\/\"},{\"@type\":\"ListItem\",\"position\":2,\"name\":\"Moduuli 2 p\u00e4\u00e4sivu &#8211; vanha sis\u00e4lt\u00f6\"}]},{\"@type\":\"WebSite\",\"@id\":\"https:\/\/blogs.uef.fi\/ueflibrarypostgrad\/#website\",\"url\":\"https:\/\/blogs.uef.fi\/ueflibrarypostgrad\/\",\"name\":\"Research Information Retrieval and Management\",\"description\":\"\",\"potentialAction\":[{\"@type\":\"SearchAction\",\"target\":{\"@type\":\"EntryPoint\",\"urlTemplate\":\"https:\/\/blogs.uef.fi\/ueflibrarypostgrad\/?s={search_term_string}\"},\"query-input\":{\"@type\":\"PropertyValueSpecification\",\"valueRequired\":true,\"valueName\":\"search_term_string\"}}],\"inLanguage\":\"en-US\"}]}<\/script>\n<!-- \/ Yoast SEO plugin. -->","yoast_head_json":{"title":"Moduuli 2 p\u00e4\u00e4sivu - vanha sis\u00e4lt\u00f6 - Research Information Retrieval and Management","robots":{"index":"index","follow":"follow","max-snippet":"max-snippet:-1","max-image-preview":"max-image-preview:large","max-video-preview":"max-video-preview:-1"},"canonical":"https:\/\/blogs.uef.fi\/ueflibrarypostgrad\/moduuli-2-paasivu-vanha-sisalto\/","og_locale":"en_US","og_type":"article","og_title":"Moduuli 2 p\u00e4\u00e4sivu - vanha sis\u00e4lt\u00f6 - Research Information Retrieval and Management","og_description":"IN THIS MODULE YOU WILL Familiarize yourself with the most important scholarly databases&nbsp;in your discipline. Learn how to conduct systematic information searches in your discipline. Learn how to set up current information alerting. TO COMPLETE THIS MODULE Register yourself to this module in Peppi. Select one online teaching session relevant to your discipline, please see [&hellip;]","og_url":"https:\/\/blogs.uef.fi\/ueflibrarypostgrad\/moduuli-2-paasivu-vanha-sisalto\/","og_site_name":"Research Information Retrieval and Management","twitter_card":"summary_large_image","twitter_misc":{"Est. reading time":"3 minutes"},"schema":{"@context":"https:\/\/schema.org","@graph":[{"@type":"WebPage","@id":"https:\/\/blogs.uef.fi\/ueflibrarypostgrad\/moduuli-2-paasivu-vanha-sisalto\/","url":"https:\/\/blogs.uef.fi\/ueflibrarypostgrad\/moduuli-2-paasivu-vanha-sisalto\/","name":"Moduuli 2 p\u00e4\u00e4sivu - vanha sis\u00e4lt\u00f6 - Research Information Retrieval and Management","isPartOf":{"@id":"https:\/\/blogs.uef.fi\/ueflibrarypostgrad\/#website"},"datePublished":"2022-07-29T07:12:42+00:00","breadcrumb":{"@id":"https:\/\/blogs.uef.fi\/ueflibrarypostgrad\/moduuli-2-paasivu-vanha-sisalto\/#breadcrumb"},"inLanguage":"en-US","potentialAction":[{"@type":"ReadAction","target":["https:\/\/blogs.uef.fi\/ueflibrarypostgrad\/moduuli-2-paasivu-vanha-sisalto\/"]}]},{"@type":"BreadcrumbList","@id":"https:\/\/blogs.uef.fi\/ueflibrarypostgrad\/moduuli-2-paasivu-vanha-sisalto\/#breadcrumb","itemListElement":[{"@type":"ListItem","position":1,"name":"Home","item":"https:\/\/blogs.uef.fi\/ueflibrarypostgrad\/"},{"@type":"ListItem","position":2,"name":"Moduuli 2 p\u00e4\u00e4sivu &#8211; vanha sis\u00e4lt\u00f6"}]},{"@type":"WebSite","@id":"https:\/\/blogs.uef.fi\/ueflibrarypostgrad\/#website","url":"https:\/\/blogs.uef.fi\/ueflibrarypostgrad\/","name":"Research Information Retrieval and Management","description":"","potentialAction":[{"@type":"SearchAction","target":{"@type":"EntryPoint","urlTemplate":"https:\/\/blogs.uef.fi\/ueflibrarypostgrad\/?s={search_term_string}"},"query-input":{"@type":"PropertyValueSpecification","valueRequired":true,"valueName":"search_term_string"}}],"inLanguage":"en-US"}]}},"_links":{"self":[{"href":"https:\/\/blogs.uef.fi\/ueflibrarypostgrad\/wp-json\/wp\/v2\/pages\/9880","targetHints":{"allow":["GET"]}}],"collection":[{"href":"https:\/\/blogs.uef.fi\/ueflibrarypostgrad\/wp-json\/wp\/v2\/pages"}],"about":[{"href":"https:\/\/blogs.uef.fi\/ueflibrarypostgrad\/wp-json\/wp\/v2\/types\/page"}],"author":[{"embeddable":true,"href":"https:\/\/blogs.uef.fi\/ueflibrarypostgrad\/wp-json\/wp\/v2\/users\/127"}],"replies":[{"embeddable":true,"href":"https:\/\/blogs.uef.fi\/ueflibrarypostgrad\/wp-json\/wp\/v2\/comments?post=9880"}],"version-history":[{"count":1,"href":"https:\/\/blogs.uef.fi\/ueflibrarypostgrad\/wp-json\/wp\/v2\/pages\/9880\/revisions"}],"predecessor-version":[{"id":9883,"href":"https:\/\/blogs.uef.fi\/ueflibrarypostgrad\/wp-json\/wp\/v2\/pages\/9880\/revisions\/9883"}],"wp:attachment":[{"href":"https:\/\/blogs.uef.fi\/ueflibrarypostgrad\/wp-json\/wp\/v2\/media?parent=9880"}],"curies":[{"name":"wp","href":"https:\/\/api.w.org\/{rel}","templated":true}]}}