{"id":4818,"date":"2020-08-24T08:55:35","date_gmt":"2020-08-24T05:55:35","guid":{"rendered":"https:\/\/blogs.uef.fi\/ueflibrarypostgrad\/?page_id=4818"},"modified":"2024-08-29T08:32:57","modified_gmt":"2024-08-29T05:32:57","slug":"4818-2","status":"publish","type":"page","link":"https:\/\/blogs.uef.fi\/ueflibrarypostgrad\/","title":{"rendered":"Course info"},"content":{"rendered":"\n<p>This is open study material for Research Information Retrieval and Management course. University of Eastern Finland (UEF) Library provides this course for UEF doctoral students as a part of UEF Doctoral School studies.<\/p>\n\n\n\n<h2 class=\"wp-block-heading\">The course and its material consists of five modules:<\/h2>\n\n\n\n<ol class=\"wp-block-list\">\n<li><strong><a href=\"https:\/\/blogs.uef.fi\/ueflibrarypostgrad\/1-module-the-basics-of-information-retrieval\/\">The basics of information retrieval<\/a><\/strong><\/li>\n\n\n\n<li><strong><a href=\"https:\/\/blogs.uef.fi\/ueflibrarypostgrad\/2-module-discipline-specific-information-retrieval\/\">Discipline-specific information retrieval<\/a><\/strong><\/li>\n\n\n\n<li><strong><a href=\"https:\/\/blogs.uef.fi\/ueflibrarypostgrad\/3-module-reference-management\/\">Reference management<\/a><\/strong><\/li>\n\n\n\n<li><strong><a href=\"https:\/\/blogs.uef.fi\/ueflibrarypostgrad\/4-module-publishing-and-research-visibility\/\">Publishing and research visibility<\/a><\/strong><\/li>\n\n\n\n<li><strong><a href=\"https:\/\/blogs.uef.fi\/ueflibrarypostgrad\/5-module-assessment-of-research-impact-and-bibliometrics\/\">Assessment of research impact and bibliometrics<\/a><\/strong><\/li>\n<\/ol>\n\n\n\n<p>Study material is freely available online for everyone.<\/p>\n\n\n\n<p>In order to to get the credits (2 cp) you have to pass <strong>four modules<\/strong>. The course can be completed from 1st September 2024 to 8th June 2025.<\/p>\n\n\n\n<ul class=\"wp-block-list\">\n<li><strong>Modules 1, 2, 4, <\/strong>and<strong> 5<\/strong>: 100 % self-studying (this study material and UEF Moodle)<\/li>\n\n\n\n<li><strong>Module 3<\/strong> can be completed by:\n<ul class=\"wp-block-list\">\n<li>participating in contact teaching session online (Teams meeting, one session): OR<\/li>\n\n\n\n<li>self-studying online<\/li>\n\n\n\n<li>You will find more detailed information from the <a href=\"https:\/\/elearn.uef.fi\/course\/view.php?id=8746\">UEF Moodle<\/a><\/li>\n<\/ul>\n<\/li>\n<\/ul>\n\n\n\n<p>See <a href=\"https:\/\/opiskelija.peppi.uef.fi\/\">Peppi<\/a> (sign in to register).<\/p>\n\n\n\n<p>Login to the <a href=\"https:\/\/elearn.uef.fi\/course\/view.php?id=8746\">UEF Moodle<\/a> to complete the assignments of each of the four modules you have selected.<\/p>\n\n\n\n<p>See <a href=\"https:\/\/blogs.uef.fi\/ueflibrarypostgrad\/contacts\/\" rel=\"noopener noreferrer\">Contact Page<\/a> for contacting the teachers.<\/p>\n\n\n\n<p>(You can access the site&#8217;s menu from the icon in the upper right corner.)<\/p>\n\n\n\n<p><a href=\"http:\/\/creativecommons.org\/licenses\/by\/4.0\/\" rel=\"license\"><img decoding=\"async\" src=\"https:\/\/i.creativecommons.org\/l\/by\/4.0\/80x15.png\" alt=\"Creative Commons -lisenssi\"><\/a><br>This study material has been licensed under <a href=\"http:\/\/creativecommons.org\/licenses\/by\/4.0\/\" rel=\"license\">Creative Commons By 4.0 international license<\/a>.<\/p>\n\n\n\n<p>The course material is produced by: Aho Marja, Hartikainen Kaisa, Holopainen Riitta, Hyv\u00e4rinen Jussi, Karhap\u00e4\u00e4 Anne, Kauppinen Merja, Kuittinen Marja, Laitinen Heikki, Lindi Virpi, Ovaska Tuulevi, Parikka Laura, Putous Maarit, Rissanen Tuula, Rosti Tomi, Salmi Kirsi, Toivanen Tapani, V\u00e4h\u00e4kangas Kirsi (University of Eastern Finland Library)<\/p>\n\n\n\n<p class=\"has-text-align-right\"><a href=\"https:\/\/blogs.uef.fi\/ueflibrarypostgrad\/1-module-the-basics-of-information-retrieval\/\">Next page: 1. Module &gt;<\/a><\/p>\n","protected":false},"excerpt":{"rendered":"<p>This is open study material for Research Information Retrieval and Management course. University of Eastern Finland (UEF) Library provides this course for UEF doctoral students as a part of UEF Doctoral School studies. The course and its material consists of five modules: Study material is freely available online for everyone. In order to to get [&hellip;]<\/p>\n","protected":false},"author":131,"featured_media":0,"parent":0,"menu_order":0,"comment_status":"closed","ping_status":"closed","template":"","meta":{"_acf_changed":false,"footnotes":""},"class_list":["post-4818","page","type-page","status-publish","hentry"],"acf":[],"yoast_head":"<!-- This site is optimized with the Yoast SEO plugin v27.1.1 - https:\/\/yoast.com\/product\/yoast-seo-wordpress\/ -->\n<title>Course info - Research Information Retrieval and Management<\/title>\n<meta name=\"robots\" content=\"index, follow, max-snippet:-1, max-image-preview:large, max-video-preview:-1\" \/>\n<link rel=\"canonical\" href=\"https:\/\/blogs.uef.fi\/ueflibrarypostgrad\/\" \/>\n<meta property=\"og:locale\" content=\"en_US\" \/>\n<meta property=\"og:type\" content=\"article\" \/>\n<meta property=\"og:title\" content=\"Course info - Research Information Retrieval and Management\" \/>\n<meta property=\"og:description\" content=\"This is open study material for Research Information Retrieval and Management course. University of Eastern Finland (UEF) Library provides this course for UEF doctoral students as a part of UEF Doctoral School studies. The course and its material consists of five modules: Study material is freely available online for everyone. In order to to get [&hellip;]\" \/>\n<meta property=\"og:url\" content=\"https:\/\/blogs.uef.fi\/ueflibrarypostgrad\/\" \/>\n<meta property=\"og:site_name\" content=\"Research Information Retrieval and Management\" \/>\n<meta property=\"article:modified_time\" content=\"2024-08-29T05:32:57+00:00\" \/>\n<meta property=\"og:image\" content=\"https:\/\/i.creativecommons.org\/l\/by\/4.0\/80x15.png\" \/>\n<meta name=\"twitter:card\" content=\"summary_large_image\" \/>\n<meta name=\"twitter:label1\" content=\"Est. reading time\" \/>\n\t<meta name=\"twitter:data1\" content=\"2 minutes\" \/>\n<script type=\"application\/ld+json\" class=\"yoast-schema-graph\">{\"@context\":\"https:\/\/schema.org\",\"@graph\":[{\"@type\":\"WebPage\",\"@id\":\"https:\/\/blogs.uef.fi\/ueflibrarypostgrad\/\",\"url\":\"https:\/\/blogs.uef.fi\/ueflibrarypostgrad\/\",\"name\":\"Course info - Research Information Retrieval and Management\",\"isPartOf\":{\"@id\":\"https:\/\/blogs.uef.fi\/ueflibrarypostgrad\/#website\"},\"primaryImageOfPage\":{\"@id\":\"https:\/\/blogs.uef.fi\/ueflibrarypostgrad\/#primaryimage\"},\"image\":{\"@id\":\"https:\/\/blogs.uef.fi\/ueflibrarypostgrad\/#primaryimage\"},\"thumbnailUrl\":\"https:\/\/i.creativecommons.org\/l\/by\/4.0\/80x15.png\",\"datePublished\":\"2020-08-24T05:55:35+00:00\",\"dateModified\":\"2024-08-29T05:32:57+00:00\",\"breadcrumb\":{\"@id\":\"https:\/\/blogs.uef.fi\/ueflibrarypostgrad\/#breadcrumb\"},\"inLanguage\":\"en-US\",\"potentialAction\":[{\"@type\":\"ReadAction\",\"target\":[\"https:\/\/blogs.uef.fi\/ueflibrarypostgrad\/\"]}]},{\"@type\":\"ImageObject\",\"inLanguage\":\"en-US\",\"@id\":\"https:\/\/blogs.uef.fi\/ueflibrarypostgrad\/#primaryimage\",\"url\":\"https:\/\/i.creativecommons.org\/l\/by\/4.0\/80x15.png\",\"contentUrl\":\"https:\/\/i.creativecommons.org\/l\/by\/4.0\/80x15.png\"},{\"@type\":\"BreadcrumbList\",\"@id\":\"https:\/\/blogs.uef.fi\/ueflibrarypostgrad\/#breadcrumb\",\"itemListElement\":[{\"@type\":\"ListItem\",\"position\":1,\"name\":\"Home\",\"item\":\"https:\/\/blogs.uef.fi\/ueflibrarypostgrad\/\"},{\"@type\":\"ListItem\",\"position\":2,\"name\":\"Course info\"}]},{\"@type\":\"WebSite\",\"@id\":\"https:\/\/blogs.uef.fi\/ueflibrarypostgrad\/#website\",\"url\":\"https:\/\/blogs.uef.fi\/ueflibrarypostgrad\/\",\"name\":\"Research Information Retrieval and Management\",\"description\":\"\",\"potentialAction\":[{\"@type\":\"SearchAction\",\"target\":{\"@type\":\"EntryPoint\",\"urlTemplate\":\"https:\/\/blogs.uef.fi\/ueflibrarypostgrad\/?s={search_term_string}\"},\"query-input\":{\"@type\":\"PropertyValueSpecification\",\"valueRequired\":true,\"valueName\":\"search_term_string\"}}],\"inLanguage\":\"en-US\"}]}<\/script>\n<!-- \/ Yoast SEO plugin. -->","yoast_head_json":{"title":"Course info - Research Information Retrieval and Management","robots":{"index":"index","follow":"follow","max-snippet":"max-snippet:-1","max-image-preview":"max-image-preview:large","max-video-preview":"max-video-preview:-1"},"canonical":"https:\/\/blogs.uef.fi\/ueflibrarypostgrad\/","og_locale":"en_US","og_type":"article","og_title":"Course info - Research Information Retrieval and Management","og_description":"This is open study material for Research Information Retrieval and Management course. University of Eastern Finland (UEF) Library provides this course for UEF doctoral students as a part of UEF Doctoral School studies. The course and its material consists of five modules: Study material is freely available online for everyone. In order to to get [&hellip;]","og_url":"https:\/\/blogs.uef.fi\/ueflibrarypostgrad\/","og_site_name":"Research Information Retrieval and Management","article_modified_time":"2024-08-29T05:32:57+00:00","og_image":[{"url":"https:\/\/i.creativecommons.org\/l\/by\/4.0\/80x15.png","type":"","width":"","height":""}],"twitter_card":"summary_large_image","twitter_misc":{"Est. reading time":"2 minutes"},"schema":{"@context":"https:\/\/schema.org","@graph":[{"@type":"WebPage","@id":"https:\/\/blogs.uef.fi\/ueflibrarypostgrad\/","url":"https:\/\/blogs.uef.fi\/ueflibrarypostgrad\/","name":"Course info - Research Information Retrieval and Management","isPartOf":{"@id":"https:\/\/blogs.uef.fi\/ueflibrarypostgrad\/#website"},"primaryImageOfPage":{"@id":"https:\/\/blogs.uef.fi\/ueflibrarypostgrad\/#primaryimage"},"image":{"@id":"https:\/\/blogs.uef.fi\/ueflibrarypostgrad\/#primaryimage"},"thumbnailUrl":"https:\/\/i.creativecommons.org\/l\/by\/4.0\/80x15.png","datePublished":"2020-08-24T05:55:35+00:00","dateModified":"2024-08-29T05:32:57+00:00","breadcrumb":{"@id":"https:\/\/blogs.uef.fi\/ueflibrarypostgrad\/#breadcrumb"},"inLanguage":"en-US","potentialAction":[{"@type":"ReadAction","target":["https:\/\/blogs.uef.fi\/ueflibrarypostgrad\/"]}]},{"@type":"ImageObject","inLanguage":"en-US","@id":"https:\/\/blogs.uef.fi\/ueflibrarypostgrad\/#primaryimage","url":"https:\/\/i.creativecommons.org\/l\/by\/4.0\/80x15.png","contentUrl":"https:\/\/i.creativecommons.org\/l\/by\/4.0\/80x15.png"},{"@type":"BreadcrumbList","@id":"https:\/\/blogs.uef.fi\/ueflibrarypostgrad\/#breadcrumb","itemListElement":[{"@type":"ListItem","position":1,"name":"Home","item":"https:\/\/blogs.uef.fi\/ueflibrarypostgrad\/"},{"@type":"ListItem","position":2,"name":"Course info"}]},{"@type":"WebSite","@id":"https:\/\/blogs.uef.fi\/ueflibrarypostgrad\/#website","url":"https:\/\/blogs.uef.fi\/ueflibrarypostgrad\/","name":"Research Information Retrieval and Management","description":"","potentialAction":[{"@type":"SearchAction","target":{"@type":"EntryPoint","urlTemplate":"https:\/\/blogs.uef.fi\/ueflibrarypostgrad\/?s={search_term_string}"},"query-input":{"@type":"PropertyValueSpecification","valueRequired":true,"valueName":"search_term_string"}}],"inLanguage":"en-US"}]}},"_links":{"self":[{"href":"https:\/\/blogs.uef.fi\/ueflibrarypostgrad\/wp-json\/wp\/v2\/pages\/4818","targetHints":{"allow":["GET"]}}],"collection":[{"href":"https:\/\/blogs.uef.fi\/ueflibrarypostgrad\/wp-json\/wp\/v2\/pages"}],"about":[{"href":"https:\/\/blogs.uef.fi\/ueflibrarypostgrad\/wp-json\/wp\/v2\/types\/page"}],"author":[{"embeddable":true,"href":"https:\/\/blogs.uef.fi\/ueflibrarypostgrad\/wp-json\/wp\/v2\/users\/131"}],"replies":[{"embeddable":true,"href":"https:\/\/blogs.uef.fi\/ueflibrarypostgrad\/wp-json\/wp\/v2\/comments?post=4818"}],"version-history":[{"count":2,"href":"https:\/\/blogs.uef.fi\/ueflibrarypostgrad\/wp-json\/wp\/v2\/pages\/4818\/revisions"}],"predecessor-version":[{"id":14559,"href":"https:\/\/blogs.uef.fi\/ueflibrarypostgrad\/wp-json\/wp\/v2\/pages\/4818\/revisions\/14559"}],"wp:attachment":[{"href":"https:\/\/blogs.uef.fi\/ueflibrarypostgrad\/wp-json\/wp\/v2\/media?parent=4818"}],"curies":[{"name":"wp","href":"https:\/\/api.w.org\/{rel}","templated":true}]}}