{"id":397,"date":"2017-05-26T10:04:29","date_gmt":"2017-05-26T07:04:29","guid":{"rendered":"https:\/\/blogs.uef.fi\/ueflibrarypostgrad\/?page_id=397"},"modified":"2024-01-31T09:40:54","modified_gmt":"2024-01-31T07:40:54","slug":"university-rankings","status":"publish","type":"page","link":"https:\/\/blogs.uef.fi\/ueflibrarypostgrad\/5-module-assessment-of-research-impact-and-bibliometrics\/university-rankings\/","title":{"rendered":"University rankings"},"content":{"rendered":"\n<p>There is different emphasis between international ranking lists. \u201cThe weight is given on the number of scientific publications and citations, employer and academic reputation, and teaching environments&#8230;\u201d You should know something about ranking criteria if you use indicators. Most international rankings cover a very small percentage of the world&#8217;s 17,500 universities, usually only the 500-1000 best.<\/p>\n\n\n\n<h2 class=\"wp-block-heading\"><a href=\"http:\/\/www.shanghairanking.com\/rankings\/arwu\/2023\">Academic Ranking of World Universities (ARWU\/Shanghai)<\/a><\/h2>\n\n\n\n<p>First list was published in June 2003 and then it is updated on an annual basis. There are 500 best universities on the list and over 1200 universities are evaluated. Nowadays this ranking list is published in August. It is possible to get the list by research field or research subject. The list is based on Web of Science database and web sites: nobelprize.org, www.mathunion.org, hcr.stateofinnovation.thomsonreuters.com.<\/p>\n\n\n\n<figure data-wp-context=\"{&quot;imageId&quot;:&quot;69dd15b4198b5&quot;}\" data-wp-interactive=\"core\/image\" data-wp-key=\"69dd15b4198b5\" class=\"wp-block-image size-full wp-lightbox-container\"><img loading=\"lazy\" decoding=\"async\" width=\"756\" height=\"315\" data-wp-class--hide=\"state.isContentHidden\" data-wp-class--show=\"state.isContentVisible\" data-wp-init=\"callbacks.setButtonStyles\" data-wp-on--click=\"actions.showLightbox\" data-wp-on--load=\"callbacks.setButtonStyles\" data-wp-on-window--resize=\"callbacks.setButtonStyles\" src=\"https:\/\/blogs.uef.fi\/ueflibrarypostgrad\/wp-content\/uploads\/sites\/33\/2017\/05\/arwu_criteria.png\" alt=\"Table of indicators and weights for ARWU. Criteria for quality of education, quality of faculty, research output and per capita performance are weighted.\" class=\"wp-image-2301\" \/><button\n\t\t\tclass=\"lightbox-trigger\"\n\t\t\ttype=\"button\"\n\t\t\taria-haspopup=\"dialog\"\n\t\t\taria-label=\"Enlarge\"\n\t\t\tdata-wp-init=\"callbacks.initTriggerButton\"\n\t\t\tdata-wp-on--click=\"actions.showLightbox\"\n\t\t\tdata-wp-style--right=\"state.imageButtonRight\"\n\t\t\tdata-wp-style--top=\"state.imageButtonTop\"\n\t\t>\n\t\t\t<svg xmlns=\"http:\/\/www.w3.org\/2000\/svg\" width=\"12\" height=\"12\" fill=\"none\" viewBox=\"0 0 12 12\">\n\t\t\t\t<path fill=\"#fff\" d=\"M2 0a2 2 0 0 0-2 2v2h1.5V2a.5.5 0 0 1 .5-.5h2V0H2Zm2 10.5H2a.5.5 0 0 1-.5-.5V8H0v2a2 2 0 0 0 2 2h2v-1.5ZM8 12v-1.5h2a.5.5 0 0 0 .5-.5V8H12v2a2 2 0 0 1-2 2H8Zm2-12a2 2 0 0 1 2 2v2h-1.5V2a.5.5 0 0 0-.5-.5H8V0h2Z\" \/>\n\t\t\t<\/svg>\n\t\t<\/button><\/figure>\n\n\n\n<p><a href=\"http:\/\/www.shanghairanking.com\/methodology\/arwu\/2023\">More about the methodology (2023)<\/a><\/p>\n\n\n\n<h2 class=\"wp-block-heading\"><a href=\"https:\/\/www.timeshighereducation.com\/world-university-rankings\/2024\/world-ranking\">Times Higher Education (THE) World University Rankings<\/a><\/h2>\n\n\n\n<p>THE World University Rankings are collected by Times Higher Education from all universities in the world. Lists are available from 2011. There are 1000 universities on the list. The publication data was collected from the Web of Science database before 2015 and from 2015 this information has been collected from Elsevier (Scopus database) and from 2016 it also covers Scopus books and book articles. The ranking list is published usually in September. It is possible to get the ranking lists by the subject field. THE uses over ten indicators to evaluate scientific production, teaching, internationality and reputation.<\/p>\n\n\n\n<p><strong>THE Indicators:<\/strong><\/p>\n\n\n\n<figure data-wp-context=\"{&quot;imageId&quot;:&quot;69dd15b41a210&quot;}\" data-wp-interactive=\"core\/image\" data-wp-key=\"69dd15b41a210\" class=\"wp-block-image size-full wp-lightbox-container\"><img loading=\"lazy\" decoding=\"async\" width=\"2500\" height=\"2095\" data-wp-class--hide=\"state.isContentHidden\" data-wp-class--show=\"state.isContentVisible\" data-wp-init=\"callbacks.setButtonStyles\" data-wp-on--click=\"actions.showLightbox\" data-wp-on--load=\"callbacks.setButtonStyles\" data-wp-on-window--resize=\"callbacks.setButtonStyles\" src=\"https:\/\/blogs.uef.fi\/ueflibrarypostgrad\/wp-content\/uploads\/sites\/33\/2017\/05\/the-world-university-rankings-2016-2017-methodology-large.jpg\" alt=\"Figure of THE indicators. Teaching, research, citations, international outlook and industry income are evaluated.\" class=\"wp-image-2311\" srcset=\"https:\/\/blogs.uef.fi\/ueflibrarypostgrad\/wp-content\/uploads\/sites\/33\/2017\/05\/the-world-university-rankings-2016-2017-methodology-large.jpg 2500w, https:\/\/blogs.uef.fi\/ueflibrarypostgrad\/wp-content\/uploads\/sites\/33\/2017\/05\/the-world-university-rankings-2016-2017-methodology-large-768x644.jpg 768w\" sizes=\"auto, (max-width: 2500px) 100vw, 2500px\" \/><button\n\t\t\tclass=\"lightbox-trigger\"\n\t\t\ttype=\"button\"\n\t\t\taria-haspopup=\"dialog\"\n\t\t\taria-label=\"Enlarge\"\n\t\t\tdata-wp-init=\"callbacks.initTriggerButton\"\n\t\t\tdata-wp-on--click=\"actions.showLightbox\"\n\t\t\tdata-wp-style--right=\"state.imageButtonRight\"\n\t\t\tdata-wp-style--top=\"state.imageButtonTop\"\n\t\t>\n\t\t\t<svg xmlns=\"http:\/\/www.w3.org\/2000\/svg\" width=\"12\" height=\"12\" fill=\"none\" viewBox=\"0 0 12 12\">\n\t\t\t\t<path fill=\"#fff\" d=\"M2 0a2 2 0 0 0-2 2v2h1.5V2a.5.5 0 0 1 .5-.5h2V0H2Zm2 10.5H2a.5.5 0 0 1-.5-.5V8H0v2a2 2 0 0 0 2 2h2v-1.5ZM8 12v-1.5h2a.5.5 0 0 0 .5-.5V8H12v2a2 2 0 0 1-2 2H8Zm2-12a2 2 0 0 1 2 2v2h-1.5V2a.5.5 0 0 0-.5-.5H8V0h2Z\" \/>\n\t\t\t<\/svg>\n\t\t<\/button><\/figure>\n\n\n\n<p><a href=\"https:\/\/www.timeshighereducation.com\/world-university-rankings\/world-university-rankings-2024-methodology\" target=\"_blank\" rel=\"noreferrer noopener\">More about the methodology<\/a><\/p>\n\n\n\n<h2 class=\"wp-block-heading\"><a href=\"https:\/\/www.topuniversities.com\/world-university-rankings\">QS World University Rankings<\/a><\/h2>\n\n\n\n<p>QS World University Rankings is collected by international corporation Quacquarelli Symons from all universities in the world. The ranking lists are available from 2012. The listing is based mostly on a reputation. The citations information is based on the Scopus database. Almost 4000 institutions are evaluated and under 1000 get their name on the list. The ranking list is published usually in September. It is possible to get the ranking lists by subject.<\/p>\n\n\n\n<figure data-wp-context=\"{&quot;imageId&quot;:&quot;69dd15b41aa36&quot;}\" data-wp-interactive=\"core\/image\" data-wp-key=\"69dd15b41aa36\" class=\"wp-block-image size-full wp-lightbox-container\"><img loading=\"lazy\" decoding=\"async\" width=\"593\" height=\"261\" data-wp-class--hide=\"state.isContentHidden\" data-wp-class--show=\"state.isContentVisible\" data-wp-init=\"callbacks.setButtonStyles\" data-wp-on--click=\"actions.showLightbox\" data-wp-on--load=\"callbacks.setButtonStyles\" data-wp-on-window--resize=\"callbacks.setButtonStyles\" src=\"https:\/\/blogs.uef.fi\/ueflibrarypostgrad\/wp-content\/uploads\/sites\/33\/2017\/05\/qs-indicators.png\" alt=\"Graph showing indicators used for QS World University Rankings are academic reputation, faculty student ratio, citations per faculty, employer reputation, proportion of international students and proportion of international faculty.\" class=\"wp-image-1723\" \/><button\n\t\t\tclass=\"lightbox-trigger\"\n\t\t\ttype=\"button\"\n\t\t\taria-haspopup=\"dialog\"\n\t\t\taria-label=\"Enlarge\"\n\t\t\tdata-wp-init=\"callbacks.initTriggerButton\"\n\t\t\tdata-wp-on--click=\"actions.showLightbox\"\n\t\t\tdata-wp-style--right=\"state.imageButtonRight\"\n\t\t\tdata-wp-style--top=\"state.imageButtonTop\"\n\t\t>\n\t\t\t<svg xmlns=\"http:\/\/www.w3.org\/2000\/svg\" width=\"12\" height=\"12\" fill=\"none\" viewBox=\"0 0 12 12\">\n\t\t\t\t<path fill=\"#fff\" d=\"M2 0a2 2 0 0 0-2 2v2h1.5V2a.5.5 0 0 1 .5-.5h2V0H2Zm2 10.5H2a.5.5 0 0 1-.5-.5V8H0v2a2 2 0 0 0 2 2h2v-1.5ZM8 12v-1.5h2a.5.5 0 0 0 .5-.5V8H12v2a2 2 0 0 1-2 2H8Zm2-12a2 2 0 0 1 2 2v2h-1.5V2a.5.5 0 0 0-.5-.5H8V0h2Z\" \/>\n\t\t\t<\/svg>\n\t\t<\/button><\/figure>\n\n\n\n<p><a href=\"https:\/\/www.topuniversities.com\/qs-world-university-rankings\/methodology\" rel=\"noopener noreferrer\">More about the methodology<\/a><\/p>\n\n\n\n<h2 class=\"wp-block-heading\"><a href=\"http:\/\/www.leidenranking.com\/\" rel=\"noopener noreferrer\">CWTS Leiden Ranking<\/a><\/h2>\n\n\n\n<p>CWTS Leiden is based on Web of Science database. The ranking list evaluates scientific impact and collaboration between universities. The ranking lists are available from 2011. The ranking list is published normally in May.<\/p>\n\n\n\n<p><a href=\"http:\/\/www.leidenranking.com\/information\/indicators\" rel=\"noopener noreferrer\">More about the methodology<\/a><\/p>\n\n\n\n<h2 class=\"wp-block-heading\">Other rankings<\/h2>\n\n\n\n<p><a href=\"http:\/\/nturanking.csti.tw\/\" rel=\"noopener noreferrer\">NTU \/ Taiwan<\/a>, Performance Ranking of Scientific Papers for World Universities<\/p>\n\n\n\n<p><a href=\"https:\/\/urapcenter.org\/Rankings\/2023-2024\/World_Ranking_2023-2024\">URAP<\/a>, University Ranking by Academic performance<\/p>\n\n\n\n<p><a href=\"https:\/\/www.usnews.com\/education\/best-global-universities\/rankings\">USNWR<\/a>, US news and world report best global university rankings<\/p>\n\n\n\n<h2 class=\"wp-block-heading\"><strong>Further information:<\/strong><\/h2>\n\n\n\n<p>Finnish national guide to publication metrics: <a href=\"https:\/\/wiki.eduuni.fi\/display\/csckjmo\/Higher+education+institutions+and+research+institutes#Highereducationinstitutionsandresearchinstitutes-Universityrankings\" target=\"_blank\" rel=\"noopener\">University rankings<\/a>.<\/p>\n\n\n\n<p><a href=\"http:\/\/www.eua.be\/Libraries\/Publications_homepage_list\/Global_University_Rankings_and_Their_Impact.sflb.ashx\" rel=\"noopener noreferrer\">Global University Rankings and Their impact:<\/a> Report II \/ European University Association (EUA) (2013)<\/p>\n\n\n\n<p>Kivinen, O.; Hedman, J. &amp; Artukka, K. 2017. <a href=\"https:\/\/primo.uef.fi\/permalink\/358FIN_UOEF\/1rnd9t4\/gale_hrca495057467\" rel=\"noopener noreferrer\">Scientific publishing and global university rankings. How well are top publishing universities recognized?<\/a> Scientometrics 112 (1): 679-695.<\/p>\n\n\n\n<p>Tuulevi Ovaska, Maarit Putous &amp; Tomi Rosti (2019) <a href=\"https:\/\/blogs.uef.fi\/ueflibrary\/mita-on-rankingin-takana-whats-behind-a-ranking\/\" target=\"_blank\" rel=\"noopener\">Mit\u00e4 on rankingin takana?&nbsp;| What\u2019s behind a ranking?<\/a> University of Eastern Finland, Library Blog.<\/p>\n\n\n\n<p><a href=\"http:\/\/www.hs.fi\/kotimaa\/art-2000005276037.html\" target=\"_blank\" rel=\"noopener noreferrer\">Yliopistojen rankingit johtavat harhaan eiv\u00e4tk\u00e4 tunnista osaamista, v\u00e4itt\u00e4\u00e4 tutkimus<\/a> (in Finnish) \/ Helsingin Sanomat 2.7.2017<\/p>\n\n\n\n<p>(1\/2024 KH)<\/p>\n\n\n\n<p class=\"has-text-align-right\">This is the last page of 5. module.<\/p>\n\n\n\n<p class=\"has-text-align-center\"><a href=\"https:\/\/blogs.uef.fi\/ueflibrarypostgrad\/5-module-assessment-of-research-impact-and-bibliometrics\/bibliometric-analysis-tools-and-databases\/\">&lt; Previous page: Bibliometric analysis tools and databases<\/a><br><a href=\"https:\/\/blogs.uef.fi\/ueflibrarypostgrad\/\">Course info<\/a><\/p>\n","protected":false},"excerpt":{"rendered":"<p>There is different emphasis between international ranking lists. \u201cThe weight is given on the number of scientific publications and citations, employer and academic reputation, and teaching environments&#8230;\u201d You should know something about ranking criteria if you use indicators. Most international rankings cover a very small percentage of the world&#8217;s 17,500 universities, usually only the 500-1000 [&hellip;]<\/p>\n","protected":false},"author":127,"featured_media":0,"parent":123,"menu_order":5,"comment_status":"closed","ping_status":"closed","template":"","meta":{"_acf_changed":false,"footnotes":""},"class_list":["post-397","page","type-page","status-publish","hentry"],"acf":[],"yoast_head":"<!-- This site is optimized with the Yoast SEO plugin v27.1.1 - https:\/\/yoast.com\/product\/yoast-seo-wordpress\/ -->\n<title>University rankings - Research Information Retrieval and Management<\/title>\n<meta name=\"robots\" content=\"index, follow, max-snippet:-1, max-image-preview:large, max-video-preview:-1\" \/>\n<link rel=\"canonical\" href=\"https:\/\/blogs.uef.fi\/ueflibrarypostgrad\/5-module-assessment-of-research-impact-and-bibliometrics\/university-rankings\/\" \/>\n<meta property=\"og:locale\" content=\"en_US\" \/>\n<meta property=\"og:type\" content=\"article\" \/>\n<meta property=\"og:title\" content=\"University rankings - Research Information Retrieval and Management\" \/>\n<meta property=\"og:description\" content=\"There is different emphasis between international ranking lists. \u201cThe weight is given on the number of scientific publications and citations, employer and academic reputation, and teaching environments&#8230;\u201d You should know something about ranking criteria if you use indicators. Most international rankings cover a very small percentage of the world&#8217;s 17,500 universities, usually only the 500-1000 [&hellip;]\" \/>\n<meta property=\"og:url\" content=\"https:\/\/blogs.uef.fi\/ueflibrarypostgrad\/5-module-assessment-of-research-impact-and-bibliometrics\/university-rankings\/\" \/>\n<meta property=\"og:site_name\" content=\"Research Information Retrieval and Management\" \/>\n<meta property=\"article:modified_time\" content=\"2024-01-31T07:40:54+00:00\" \/>\n<meta property=\"og:image\" content=\"https:\/\/blogs.uef.fi\/ueflibrarypostgrad\/wp-content\/uploads\/sites\/33\/2017\/05\/arwu_criteria.png\" \/>\n<meta name=\"twitter:card\" content=\"summary_large_image\" \/>\n<meta name=\"twitter:label1\" content=\"Est. reading time\" \/>\n\t<meta name=\"twitter:data1\" content=\"3 minutes\" \/>\n<script type=\"application\/ld+json\" class=\"yoast-schema-graph\">{\"@context\":\"https:\/\/schema.org\",\"@graph\":[{\"@type\":\"WebPage\",\"@id\":\"https:\/\/blogs.uef.fi\/ueflibrarypostgrad\/5-module-assessment-of-research-impact-and-bibliometrics\/university-rankings\/\",\"url\":\"https:\/\/blogs.uef.fi\/ueflibrarypostgrad\/5-module-assessment-of-research-impact-and-bibliometrics\/university-rankings\/\",\"name\":\"University rankings - Research Information Retrieval and Management\",\"isPartOf\":{\"@id\":\"https:\/\/blogs.uef.fi\/ueflibrarypostgrad\/#website\"},\"primaryImageOfPage\":{\"@id\":\"https:\/\/blogs.uef.fi\/ueflibrarypostgrad\/5-module-assessment-of-research-impact-and-bibliometrics\/university-rankings\/#primaryimage\"},\"image\":{\"@id\":\"https:\/\/blogs.uef.fi\/ueflibrarypostgrad\/5-module-assessment-of-research-impact-and-bibliometrics\/university-rankings\/#primaryimage\"},\"thumbnailUrl\":\"https:\/\/blogs.uef.fi\/ueflibrarypostgrad\/wp-content\/uploads\/sites\/33\/2017\/05\/arwu_criteria.png\",\"datePublished\":\"2017-05-26T07:04:29+00:00\",\"dateModified\":\"2024-01-31T07:40:54+00:00\",\"breadcrumb\":{\"@id\":\"https:\/\/blogs.uef.fi\/ueflibrarypostgrad\/5-module-assessment-of-research-impact-and-bibliometrics\/university-rankings\/#breadcrumb\"},\"inLanguage\":\"en-US\",\"potentialAction\":[{\"@type\":\"ReadAction\",\"target\":[\"https:\/\/blogs.uef.fi\/ueflibrarypostgrad\/5-module-assessment-of-research-impact-and-bibliometrics\/university-rankings\/\"]}]},{\"@type\":\"ImageObject\",\"inLanguage\":\"en-US\",\"@id\":\"https:\/\/blogs.uef.fi\/ueflibrarypostgrad\/5-module-assessment-of-research-impact-and-bibliometrics\/university-rankings\/#primaryimage\",\"url\":\"https:\/\/blogs.uef.fi\/ueflibrarypostgrad\/wp-content\/uploads\/sites\/33\/2017\/05\/arwu_criteria.png\",\"contentUrl\":\"https:\/\/blogs.uef.fi\/ueflibrarypostgrad\/wp-content\/uploads\/sites\/33\/2017\/05\/arwu_criteria.png\",\"width\":756,\"height\":315},{\"@type\":\"BreadcrumbList\",\"@id\":\"https:\/\/blogs.uef.fi\/ueflibrarypostgrad\/5-module-assessment-of-research-impact-and-bibliometrics\/university-rankings\/#breadcrumb\",\"itemListElement\":[{\"@type\":\"ListItem\",\"position\":1,\"name\":\"Home\",\"item\":\"https:\/\/blogs.uef.fi\/ueflibrarypostgrad\/\"},{\"@type\":\"ListItem\",\"position\":2,\"name\":\"5. Module: Assessment of research impact and bibliometrics\",\"item\":\"https:\/\/blogs.uef.fi\/ueflibrarypostgrad\/5-module-assessment-of-research-impact-and-bibliometrics\/\"},{\"@type\":\"ListItem\",\"position\":3,\"name\":\"University rankings\"}]},{\"@type\":\"WebSite\",\"@id\":\"https:\/\/blogs.uef.fi\/ueflibrarypostgrad\/#website\",\"url\":\"https:\/\/blogs.uef.fi\/ueflibrarypostgrad\/\",\"name\":\"Research Information Retrieval and Management\",\"description\":\"\",\"potentialAction\":[{\"@type\":\"SearchAction\",\"target\":{\"@type\":\"EntryPoint\",\"urlTemplate\":\"https:\/\/blogs.uef.fi\/ueflibrarypostgrad\/?s={search_term_string}\"},\"query-input\":{\"@type\":\"PropertyValueSpecification\",\"valueRequired\":true,\"valueName\":\"search_term_string\"}}],\"inLanguage\":\"en-US\"}]}<\/script>\n<!-- \/ Yoast SEO plugin. -->","yoast_head_json":{"title":"University rankings - Research Information Retrieval and Management","robots":{"index":"index","follow":"follow","max-snippet":"max-snippet:-1","max-image-preview":"max-image-preview:large","max-video-preview":"max-video-preview:-1"},"canonical":"https:\/\/blogs.uef.fi\/ueflibrarypostgrad\/5-module-assessment-of-research-impact-and-bibliometrics\/university-rankings\/","og_locale":"en_US","og_type":"article","og_title":"University rankings - Research Information Retrieval and Management","og_description":"There is different emphasis between international ranking lists. \u201cThe weight is given on the number of scientific publications and citations, employer and academic reputation, and teaching environments&#8230;\u201d You should know something about ranking criteria if you use indicators. Most international rankings cover a very small percentage of the world&#8217;s 17,500 universities, usually only the 500-1000 [&hellip;]","og_url":"https:\/\/blogs.uef.fi\/ueflibrarypostgrad\/5-module-assessment-of-research-impact-and-bibliometrics\/university-rankings\/","og_site_name":"Research Information Retrieval and Management","article_modified_time":"2024-01-31T07:40:54+00:00","og_image":[{"url":"https:\/\/blogs.uef.fi\/ueflibrarypostgrad\/wp-content\/uploads\/sites\/33\/2017\/05\/arwu_criteria.png","type":"","width":"","height":""}],"twitter_card":"summary_large_image","twitter_misc":{"Est. reading time":"3 minutes"},"schema":{"@context":"https:\/\/schema.org","@graph":[{"@type":"WebPage","@id":"https:\/\/blogs.uef.fi\/ueflibrarypostgrad\/5-module-assessment-of-research-impact-and-bibliometrics\/university-rankings\/","url":"https:\/\/blogs.uef.fi\/ueflibrarypostgrad\/5-module-assessment-of-research-impact-and-bibliometrics\/university-rankings\/","name":"University rankings - Research Information Retrieval and Management","isPartOf":{"@id":"https:\/\/blogs.uef.fi\/ueflibrarypostgrad\/#website"},"primaryImageOfPage":{"@id":"https:\/\/blogs.uef.fi\/ueflibrarypostgrad\/5-module-assessment-of-research-impact-and-bibliometrics\/university-rankings\/#primaryimage"},"image":{"@id":"https:\/\/blogs.uef.fi\/ueflibrarypostgrad\/5-module-assessment-of-research-impact-and-bibliometrics\/university-rankings\/#primaryimage"},"thumbnailUrl":"https:\/\/blogs.uef.fi\/ueflibrarypostgrad\/wp-content\/uploads\/sites\/33\/2017\/05\/arwu_criteria.png","datePublished":"2017-05-26T07:04:29+00:00","dateModified":"2024-01-31T07:40:54+00:00","breadcrumb":{"@id":"https:\/\/blogs.uef.fi\/ueflibrarypostgrad\/5-module-assessment-of-research-impact-and-bibliometrics\/university-rankings\/#breadcrumb"},"inLanguage":"en-US","potentialAction":[{"@type":"ReadAction","target":["https:\/\/blogs.uef.fi\/ueflibrarypostgrad\/5-module-assessment-of-research-impact-and-bibliometrics\/university-rankings\/"]}]},{"@type":"ImageObject","inLanguage":"en-US","@id":"https:\/\/blogs.uef.fi\/ueflibrarypostgrad\/5-module-assessment-of-research-impact-and-bibliometrics\/university-rankings\/#primaryimage","url":"https:\/\/blogs.uef.fi\/ueflibrarypostgrad\/wp-content\/uploads\/sites\/33\/2017\/05\/arwu_criteria.png","contentUrl":"https:\/\/blogs.uef.fi\/ueflibrarypostgrad\/wp-content\/uploads\/sites\/33\/2017\/05\/arwu_criteria.png","width":756,"height":315},{"@type":"BreadcrumbList","@id":"https:\/\/blogs.uef.fi\/ueflibrarypostgrad\/5-module-assessment-of-research-impact-and-bibliometrics\/university-rankings\/#breadcrumb","itemListElement":[{"@type":"ListItem","position":1,"name":"Home","item":"https:\/\/blogs.uef.fi\/ueflibrarypostgrad\/"},{"@type":"ListItem","position":2,"name":"5. Module: Assessment of research impact and bibliometrics","item":"https:\/\/blogs.uef.fi\/ueflibrarypostgrad\/5-module-assessment-of-research-impact-and-bibliometrics\/"},{"@type":"ListItem","position":3,"name":"University rankings"}]},{"@type":"WebSite","@id":"https:\/\/blogs.uef.fi\/ueflibrarypostgrad\/#website","url":"https:\/\/blogs.uef.fi\/ueflibrarypostgrad\/","name":"Research Information Retrieval and Management","description":"","potentialAction":[{"@type":"SearchAction","target":{"@type":"EntryPoint","urlTemplate":"https:\/\/blogs.uef.fi\/ueflibrarypostgrad\/?s={search_term_string}"},"query-input":{"@type":"PropertyValueSpecification","valueRequired":true,"valueName":"search_term_string"}}],"inLanguage":"en-US"}]}},"_links":{"self":[{"href":"https:\/\/blogs.uef.fi\/ueflibrarypostgrad\/wp-json\/wp\/v2\/pages\/397","targetHints":{"allow":["GET"]}}],"collection":[{"href":"https:\/\/blogs.uef.fi\/ueflibrarypostgrad\/wp-json\/wp\/v2\/pages"}],"about":[{"href":"https:\/\/blogs.uef.fi\/ueflibrarypostgrad\/wp-json\/wp\/v2\/types\/page"}],"author":[{"embeddable":true,"href":"https:\/\/blogs.uef.fi\/ueflibrarypostgrad\/wp-json\/wp\/v2\/users\/127"}],"replies":[{"embeddable":true,"href":"https:\/\/blogs.uef.fi\/ueflibrarypostgrad\/wp-json\/wp\/v2\/comments?post=397"}],"version-history":[{"count":1,"href":"https:\/\/blogs.uef.fi\/ueflibrarypostgrad\/wp-json\/wp\/v2\/pages\/397\/revisions"}],"predecessor-version":[{"id":14063,"href":"https:\/\/blogs.uef.fi\/ueflibrarypostgrad\/wp-json\/wp\/v2\/pages\/397\/revisions\/14063"}],"up":[{"embeddable":true,"href":"https:\/\/blogs.uef.fi\/ueflibrarypostgrad\/wp-json\/wp\/v2\/pages\/123"}],"wp:attachment":[{"href":"https:\/\/blogs.uef.fi\/ueflibrarypostgrad\/wp-json\/wp\/v2\/media?parent=397"}],"curies":[{"name":"wp","href":"https:\/\/api.w.org\/{rel}","templated":true}]}}