{"id":2473,"date":"2013-10-04T11:25:15","date_gmt":"2013-10-04T11:25:15","guid":{"rendered":"http:\/\/ueflibrary.wordpress.com\/?page_id=1"},"modified":"2025-09-17T08:32:54","modified_gmt":"2025-09-17T06:32:54","slug":"tietoablogista","status":"publish","type":"page","link":"https:\/\/blogs.uef.fi\/ueflibrary\/tietoablogista\/","title":{"rendered":"Tietoa t\u00e4st\u00e4 blogista | About this blog"},"content":{"rendered":"\n<p>UEF Library -blogissa <a href=\"http:\/\/uef.fi\/fi\/kirjasto\" rel=\"noopener\">It\u00e4-Suomen yliopiston kirjaston<\/a> henkil\u00f6kunta kertoo ajankohtaisia asioita kirjaston tietoaineistoista, palveluista ja tapahtumista sek\u00e4 raportoi konferensseista. Blogissa julkaistaan my\u00f6s kirjaston vuosikertomukset vuodesta 2021.<\/p>\n\n\n\n<p>Tervetuloa kommentoimaan ja keskustelemaan!<\/p>\n\n\n\n<ul class=\"wp-block-list\">\n<li>Vastaava p\u00e4\u00e4toimittaja: kirjaston johtaja <a href=\"https:\/\/uefconnect.uef.fi\/irene.ylonen\/\" target=\"_blank\" rel=\"noreferrer noopener\">Irene Yl\u00f6nen<\/a> <\/li>\n\n\n\n<li>Toimittajat: erityistietoasiantuntija <a href=\"https:\/\/uefconnect.uef.fi\/henkilo\/tuulevi.ovaska\/\" target=\"_blank\" rel=\"noopener\">Tuulevi Ovaska<\/a> &amp; tietoasiantuntija <a data-wplink-edit=\"true\" href=\"https:\/\/uefconnect.uef.fi\/henkilo\/mikko.merilainen\/\" rel=\"noopener\">Mikko Meril\u00e4inen<\/a><\/li>\n\n\n\n<li>Varatoimittaja: tietopalveluneuvoja <a data-wplink-edit=\"true\" href=\"https:\/\/uefconnect.uef.fi\/henkilo\/piia.pietarinen\/\">Piia Pietarinen<\/a><\/li>\n<\/ul>\n\n\n\n<p>UEF Library is a blog of the <a href=\"https:\/\/www.uef.fi\/en\/library\" rel=\"noopener\">University of Eastern Finland Library<\/a>. The library staff writes about current library issues and events, and reports about conferences and webinars. Since year 2021, our annual reports are also published in this blog.<\/p>\n\n\n\n<p>You are welcome to comment and discuss!<\/p>\n\n\n\n<ul class=\"wp-block-list\">\n<li>Editor in Chief: Library Director <a href=\"https:\/\/uefconnect.uef.fi\/en\/irene.ylonen\/\" target=\"_blank\" rel=\"noreferrer noopener\">Irene Yl\u00f6nen<\/a><\/li>\n\n\n\n<li>Editors: Senior information specialist <a href=\"https:\/\/uefconnect.uef.fi\/en\/person\/tuulevi.ovaska\/\" target=\"_blank\" rel=\"noreferrer noopener\">Tuulevi Ovaska<\/a> &amp; information specialist <a href=\"https:\/\/uefconnect.uef.fi\/en\/person\/mikko.merilainen\/\" target=\"_blank\" rel=\"noreferrer noopener\">Mikko Meril\u00e4inen<\/a><\/li>\n\n\n\n<li>Vice-editor: Information services advisor <a href=\"https:\/\/uefconnect.uef.fi\/henkilo\/piia.pietarinen\/\" target=\"_blank\" rel=\"noreferrer noopener\">Piia Pietarinen<\/a><\/li>\n<\/ul>\n\n\n\n<p>Hyv\u00e4ll\u00e4 tieteell\u00e4 on v\u00e4litt\u00e4j\u00e4ns\u00e4 | Smart library for smart science<\/p>\n","protected":false},"excerpt":{"rendered":"<p>UEF Library -blogissa It\u00e4-Suomen yliopiston kirjaston henkil\u00f6kunta kertoo ajankohtaisia asioita kirjaston tietoaineistoista, palveluista ja tapahtumista sek\u00e4 raportoi konferensseista. Blogissa julkaistaan my\u00f6s kirjaston vuosikertomukset vuodesta 2021. Tervetuloa kommentoimaan ja keskustelemaan! UEF Library is a blog of the University of Eastern Finland Library. The library staff writes about current library issues and events, and reports about conferences [&hellip;]<\/p>\n","protected":false},"author":72,"featured_media":0,"parent":0,"menu_order":0,"comment_status":"open","ping_status":"open","template":"","meta":{"_acf_changed":false,"footnotes":""},"class_list":["post-2473","page","type-page","status-publish","hentry"],"acf":[],"yoast_head":"<!-- This site is optimized with the Yoast SEO plugin v27.1.1 - https:\/\/yoast.com\/product\/yoast-seo-wordpress\/ -->\n<title>Tietoa t\u00e4st\u00e4 blogista | About this blog | UEF Library<\/title>\n<meta name=\"robots\" content=\"index, follow, max-snippet:-1, max-image-preview:large, max-video-preview:-1\" \/>\n<link rel=\"canonical\" href=\"https:\/\/blogs.uef.fi\/ueflibrary\/tietoablogista\/\" \/>\n<meta property=\"og:locale\" content=\"fi_FI\" \/>\n<meta property=\"og:type\" content=\"article\" \/>\n<meta property=\"og:title\" content=\"Tietoa t\u00e4st\u00e4 blogista | About this blog | UEF Library\" \/>\n<meta property=\"og:description\" content=\"UEF Library -blogissa It\u00e4-Suomen yliopiston kirjaston henkil\u00f6kunta kertoo ajankohtaisia asioita kirjaston tietoaineistoista, palveluista ja tapahtumista sek\u00e4 raportoi konferensseista. Blogissa julkaistaan my\u00f6s kirjaston vuosikertomukset vuodesta 2021. Tervetuloa kommentoimaan ja keskustelemaan! UEF Library is a blog of the University of Eastern Finland Library. The library staff writes about current library issues and events, and reports about conferences [&hellip;]\" \/>\n<meta property=\"og:url\" content=\"https:\/\/blogs.uef.fi\/ueflibrary\/tietoablogista\/\" \/>\n<meta property=\"og:site_name\" content=\"UEF Library\" \/>\n<meta property=\"article:publisher\" content=\"https:\/\/www.facebook.com\/ueflibrary\" \/>\n<meta property=\"article:modified_time\" content=\"2025-09-17T06:32:54+00:00\" \/>\n<meta name=\"twitter:card\" content=\"summary_large_image\" \/>\n<meta name=\"twitter:site\" content=\"@ueflibrary\" \/>\n<meta name=\"twitter:label1\" content=\"Arvioitu lukuaika\" \/>\n\t<meta name=\"twitter:data1\" content=\"1 minuutti\" \/>\n<script type=\"application\/ld+json\" class=\"yoast-schema-graph\">{\"@context\":\"https:\/\/schema.org\",\"@graph\":[{\"@type\":\"WebPage\",\"@id\":\"https:\/\/blogs.uef.fi\/ueflibrary\/tietoablogista\/\",\"url\":\"https:\/\/blogs.uef.fi\/ueflibrary\/tietoablogista\/\",\"name\":\"Tietoa t\u00e4st\u00e4 blogista | About this blog | UEF Library\",\"isPartOf\":{\"@id\":\"https:\/\/blogs.uef.fi\/ueflibrary\/#website\"},\"datePublished\":\"2013-10-04T11:25:15+00:00\",\"dateModified\":\"2025-09-17T06:32:54+00:00\",\"inLanguage\":\"fi\",\"potentialAction\":[{\"@type\":\"ReadAction\",\"target\":[\"https:\/\/blogs.uef.fi\/ueflibrary\/tietoablogista\/\"]}]},{\"@type\":\"WebSite\",\"@id\":\"https:\/\/blogs.uef.fi\/ueflibrary\/#website\",\"url\":\"https:\/\/blogs.uef.fi\/ueflibrary\/\",\"name\":\"UEF Library\",\"description\":\"Open science for open minds\",\"publisher\":{\"@id\":\"https:\/\/blogs.uef.fi\/ueflibrary\/#organization\"},\"potentialAction\":[{\"@type\":\"SearchAction\",\"target\":{\"@type\":\"EntryPoint\",\"urlTemplate\":\"https:\/\/blogs.uef.fi\/ueflibrary\/?s={search_term_string}\"},\"query-input\":{\"@type\":\"PropertyValueSpecification\",\"valueRequired\":true,\"valueName\":\"search_term_string\"}}],\"inLanguage\":\"fi\"},{\"@type\":\"Organization\",\"@id\":\"https:\/\/blogs.uef.fi\/ueflibrary\/#organization\",\"name\":\"UEF Library\",\"url\":\"https:\/\/blogs.uef.fi\/ueflibrary\/\",\"logo\":{\"@type\":\"ImageObject\",\"inLanguage\":\"fi\",\"@id\":\"https:\/\/blogs.uef.fi\/ueflibrary\/#\/schema\/logo\/image\/\",\"url\":\"https:\/\/blogs.uef.fi\/ueflibrary\/wp-content\/uploads\/sites\/18\/2018\/04\/Logo-kirjasto.png\",\"contentUrl\":\"https:\/\/blogs.uef.fi\/ueflibrary\/wp-content\/uploads\/sites\/18\/2018\/04\/Logo-kirjasto.png\",\"width\":300,\"height\":300,\"caption\":\"UEF Library\"},\"image\":{\"@id\":\"https:\/\/blogs.uef.fi\/ueflibrary\/#\/schema\/logo\/image\/\"},\"sameAs\":[\"https:\/\/www.facebook.com\/ueflibrary\",\"https:\/\/x.com\/ueflibrary\",\"https:\/\/www.instagram.com\/ueflibrary\/\",\"https:\/\/www.youtube.com\/user\/UEFLibrary\"]}]}<\/script>\n<!-- \/ Yoast SEO plugin. -->","yoast_head_json":{"title":"Tietoa t\u00e4st\u00e4 blogista | About this blog | UEF Library","robots":{"index":"index","follow":"follow","max-snippet":"max-snippet:-1","max-image-preview":"max-image-preview:large","max-video-preview":"max-video-preview:-1"},"canonical":"https:\/\/blogs.uef.fi\/ueflibrary\/tietoablogista\/","og_locale":"fi_FI","og_type":"article","og_title":"Tietoa t\u00e4st\u00e4 blogista | About this blog | UEF Library","og_description":"UEF Library -blogissa It\u00e4-Suomen yliopiston kirjaston henkil\u00f6kunta kertoo ajankohtaisia asioita kirjaston tietoaineistoista, palveluista ja tapahtumista sek\u00e4 raportoi konferensseista. Blogissa julkaistaan my\u00f6s kirjaston vuosikertomukset vuodesta 2021. Tervetuloa kommentoimaan ja keskustelemaan! UEF Library is a blog of the University of Eastern Finland Library. The library staff writes about current library issues and events, and reports about conferences [&hellip;]","og_url":"https:\/\/blogs.uef.fi\/ueflibrary\/tietoablogista\/","og_site_name":"UEF Library","article_publisher":"https:\/\/www.facebook.com\/ueflibrary","article_modified_time":"2025-09-17T06:32:54+00:00","twitter_card":"summary_large_image","twitter_site":"@ueflibrary","twitter_misc":{"Arvioitu lukuaika":"1 minuutti"},"schema":{"@context":"https:\/\/schema.org","@graph":[{"@type":"WebPage","@id":"https:\/\/blogs.uef.fi\/ueflibrary\/tietoablogista\/","url":"https:\/\/blogs.uef.fi\/ueflibrary\/tietoablogista\/","name":"Tietoa t\u00e4st\u00e4 blogista | About this blog | UEF Library","isPartOf":{"@id":"https:\/\/blogs.uef.fi\/ueflibrary\/#website"},"datePublished":"2013-10-04T11:25:15+00:00","dateModified":"2025-09-17T06:32:54+00:00","inLanguage":"fi","potentialAction":[{"@type":"ReadAction","target":["https:\/\/blogs.uef.fi\/ueflibrary\/tietoablogista\/"]}]},{"@type":"WebSite","@id":"https:\/\/blogs.uef.fi\/ueflibrary\/#website","url":"https:\/\/blogs.uef.fi\/ueflibrary\/","name":"UEF Library","description":"Open science for open minds","publisher":{"@id":"https:\/\/blogs.uef.fi\/ueflibrary\/#organization"},"potentialAction":[{"@type":"SearchAction","target":{"@type":"EntryPoint","urlTemplate":"https:\/\/blogs.uef.fi\/ueflibrary\/?s={search_term_string}"},"query-input":{"@type":"PropertyValueSpecification","valueRequired":true,"valueName":"search_term_string"}}],"inLanguage":"fi"},{"@type":"Organization","@id":"https:\/\/blogs.uef.fi\/ueflibrary\/#organization","name":"UEF Library","url":"https:\/\/blogs.uef.fi\/ueflibrary\/","logo":{"@type":"ImageObject","inLanguage":"fi","@id":"https:\/\/blogs.uef.fi\/ueflibrary\/#\/schema\/logo\/image\/","url":"https:\/\/blogs.uef.fi\/ueflibrary\/wp-content\/uploads\/sites\/18\/2018\/04\/Logo-kirjasto.png","contentUrl":"https:\/\/blogs.uef.fi\/ueflibrary\/wp-content\/uploads\/sites\/18\/2018\/04\/Logo-kirjasto.png","width":300,"height":300,"caption":"UEF Library"},"image":{"@id":"https:\/\/blogs.uef.fi\/ueflibrary\/#\/schema\/logo\/image\/"},"sameAs":["https:\/\/www.facebook.com\/ueflibrary","https:\/\/x.com\/ueflibrary","https:\/\/www.instagram.com\/ueflibrary\/","https:\/\/www.youtube.com\/user\/UEFLibrary"]}]}},"_links":{"self":[{"href":"https:\/\/blogs.uef.fi\/ueflibrary\/wp-json\/wp\/v2\/pages\/2473","targetHints":{"allow":["GET"]}}],"collection":[{"href":"https:\/\/blogs.uef.fi\/ueflibrary\/wp-json\/wp\/v2\/pages"}],"about":[{"href":"https:\/\/blogs.uef.fi\/ueflibrary\/wp-json\/wp\/v2\/types\/page"}],"author":[{"embeddable":true,"href":"https:\/\/blogs.uef.fi\/ueflibrary\/wp-json\/wp\/v2\/users\/72"}],"replies":[{"embeddable":true,"href":"https:\/\/blogs.uef.fi\/ueflibrary\/wp-json\/wp\/v2\/comments?post=2473"}],"version-history":[{"count":1,"href":"https:\/\/blogs.uef.fi\/ueflibrary\/wp-json\/wp\/v2\/pages\/2473\/revisions"}],"predecessor-version":[{"id":24101,"href":"https:\/\/blogs.uef.fi\/ueflibrary\/wp-json\/wp\/v2\/pages\/2473\/revisions\/24101"}],"wp:attachment":[{"href":"https:\/\/blogs.uef.fi\/ueflibrary\/wp-json\/wp\/v2\/media?parent=2473"}],"curies":[{"name":"wp","href":"https:\/\/api.w.org\/{rel}","templated":true}]}}