{"id":4818,"date":"2020-08-24T08:55:35","date_gmt":"2020-08-24T05:55:35","guid":{"rendered":"https:\/\/blogs.uef.fi\/ueflibrary-fmp\/?page_id=4818"},"modified":"2025-08-21T07:18:18","modified_gmt":"2025-08-21T04:18:18","slug":"4818-2","status":"publish","type":"page","link":"https:\/\/blogs.uef.fi\/ueflibrary-fmp\/","title":{"rendered":"Course info"},"content":{"rendered":"\n<p>This is open study material for <strong>Find, manage and publish <\/strong>course. University of Eastern Finland (UEF) Library provides this course for UEF doctoral students as a part of UEF Doctoral School studies. You can access the site&#8217;s menu from the icon in the upper right corner.<\/p>\n\n\n\n<h2 class=\"wp-block-heading\">The course and its material consists of five modules:<\/h2>\n\n\n\n<ol class=\"wp-block-list\">\n<li><strong><a href=\"https:\/\/blogs.uef.fi\/ueflibrary-fmp\/1-module-the-basics-of-information-retrieval\/\">The basics of information retrieval<\/a><\/strong><\/li>\n\n\n\n<li><strong><a href=\"https:\/\/blogs.uef.fi\/ueflibrary-fmp\/2-module-discipline-specific-information-retrieval\/\">Discipline-specific information retrieval<\/a><\/strong><\/li>\n\n\n\n<li><strong><a href=\"https:\/\/blogs.uef.fi\/ueflibrary-fmp\/3-module-reference-management\/\">Reference management<\/a><\/strong><\/li>\n\n\n\n<li><strong><a href=\"https:\/\/blogs.uef.fi\/ueflibrary-fmp\/4-module-publishing-and-research-visibility\/\">Publishing at UEF<\/a><\/strong><\/li>\n\n\n\n<li><strong><a href=\"https:\/\/blogs.uef.fi\/ueflibrary-fmp\/5-module-assessment-of-research-impact-and-bibliometrics\/\">Assessment of research impact and bibliometrics<\/a><\/strong><\/li>\n<\/ol>\n\n\n\n<p>In order to to get the credits (2 cp) you have to register to this course in <a href=\"https:\/\/opiskelija.peppi.uef.fi\/\" target=\"_blank\" rel=\"noreferrer noopener\">Peppi<\/a> (UEF doctoral students) and pass <strong>four modules<\/strong>. The course can be completed between 1 September 2025 to 7 June 2026.<\/p>\n\n\n\n<ul class=\"wp-block-list\">\n<li>All modules<strong> <\/strong>are 100 % self-studying (online).<\/li>\n\n\n\n<li>You will find more detailed information from the <a href=\"https:\/\/elearn.uef.fi\/course\/view.php?id=10804\" target=\"_blank\" rel=\"noreferrer noopener\">UEF Moodle<\/a>.<\/li>\n<\/ul>\n\n\n\n<p>See <a href=\"https:\/\/blogs.uef.fi\/ueflibrary-fmp\/contacts\/\" rel=\"noopener noreferrer\">Contact Page<\/a> for contacting the teachers.<\/p>\n\n\n\n<p><a href=\"http:\/\/creativecommons.org\/licenses\/by\/4.0\/\" rel=\"license\"><img decoding=\"async\" src=\"https:\/\/i.creativecommons.org\/l\/by\/4.0\/80x15.png\" alt=\"Creative Commons -lisenssi\"><\/a><br>Licensed under <a href=\"http:\/\/creativecommons.org\/licenses\/by\/4.0\/\" rel=\"license\">Creative Commons By 4.0 international license<\/a>.<\/p>\n\n\n\n<p>Produced by: <a href=\"https:\/\/www.uef.fi\/en\/library\">University of Eastern Finland Library<\/a><\/p>\n\n\n\n<p>This study material is based on: <a href=\"https:\/\/blogs.uef.fi\/ueflibrarypostgrad\/\">Research information retrieval and management<\/a>. Produced\/updated by: Aho, Marja; Hartikainen, Kaisa; Holopainen, Riitta: Hyv\u00e4rinen, Jussi; Karhap\u00e4\u00e4, Anne; Kauppinen, Merja; Kuittinen, Marja; Laitinen, Heikki; Lindi, Virpi; Ovaska, Tuulevi; Parikka, Laura; Putous, Maarit; Rissanen, Tuula; Rosti, Tomi; Salmi, Kirsi; Toivanen, Tapani; V\u00e4h\u00e4kangas, Kirsi; University of Eastern Finland Library<\/p>\n\n\n\n<p>Updated 8\/2025 JN<\/p>\n\n\n\n<p class=\"has-text-align-right\"><a href=\"https:\/\/blogs.uef.fi\/ueflibrary-fmp\/1-module-the-basics-of-information-retrieval\/\">Next page: Module 1 &gt;<\/a><\/p>\n","protected":false},"excerpt":{"rendered":"<p>This is open study material for Find, manage and publish course. University of Eastern Finland (UEF) Library provides this course for UEF doctoral students as a part of UEF Doctoral School studies. You can access the site&#8217;s menu from the icon in the upper right corner. The course and its material consists of five modules: [&hellip;]<\/p>\n","protected":false},"author":131,"featured_media":0,"parent":0,"menu_order":0,"comment_status":"closed","ping_status":"closed","template":"","meta":{"_acf_changed":false,"footnotes":""},"class_list":["post-4818","page","type-page","status-publish","hentry"],"acf":[],"yoast_head":"<!-- This site is optimized with the Yoast SEO plugin v27.3 - https:\/\/yoast.com\/product\/yoast-seo-wordpress\/ -->\n<title>Course info - Find, manage and publish: Information Skills for Researchers<\/title>\n<meta name=\"robots\" content=\"index, follow, max-snippet:-1, max-image-preview:large, max-video-preview:-1\" \/>\n<link rel=\"canonical\" href=\"https:\/\/blogs.uef.fi\/ueflibrary-fmp\/\" \/>\n<meta property=\"og:locale\" content=\"en_US\" \/>\n<meta property=\"og:type\" content=\"article\" \/>\n<meta property=\"og:title\" content=\"Course info - Find, manage and publish: Information Skills for Researchers\" \/>\n<meta property=\"og:description\" content=\"This is open study material for Find, manage and publish course. University of Eastern Finland (UEF) Library provides this course for UEF doctoral students as a part of UEF Doctoral School studies. You can access the site&#8217;s menu from the icon in the upper right corner. The course and its material consists of five modules: [&hellip;]\" \/>\n<meta property=\"og:url\" content=\"https:\/\/blogs.uef.fi\/ueflibrary-fmp\/\" \/>\n<meta property=\"og:site_name\" content=\"Find, manage and publish: Information Skills for Researchers\" \/>\n<meta property=\"article:modified_time\" content=\"2025-08-21T04:18:18+00:00\" \/>\n<meta property=\"og:image\" content=\"https:\/\/i.creativecommons.org\/l\/by\/4.0\/80x15.png\" \/>\n<meta name=\"twitter:card\" content=\"summary_large_image\" \/>\n<meta name=\"twitter:label1\" content=\"Est. reading time\" \/>\n\t<meta name=\"twitter:data1\" content=\"2 minutes\" \/>\n<script type=\"application\/ld+json\" class=\"yoast-schema-graph\">{\"@context\":\"https:\\\/\\\/schema.org\",\"@graph\":[{\"@type\":\"WebPage\",\"@id\":\"https:\\\/\\\/blogs.uef.fi\\\/ueflibrary-fmp\\\/\",\"url\":\"https:\\\/\\\/blogs.uef.fi\\\/ueflibrary-fmp\\\/\",\"name\":\"Course info - Find, manage and publish: Information Skills for Researchers\",\"isPartOf\":{\"@id\":\"https:\\\/\\\/blogs.uef.fi\\\/ueflibrary-fmp\\\/#website\"},\"primaryImageOfPage\":{\"@id\":\"https:\\\/\\\/blogs.uef.fi\\\/ueflibrary-fmp\\\/#primaryimage\"},\"image\":{\"@id\":\"https:\\\/\\\/blogs.uef.fi\\\/ueflibrary-fmp\\\/#primaryimage\"},\"thumbnailUrl\":\"https:\\\/\\\/i.creativecommons.org\\\/l\\\/by\\\/4.0\\\/80x15.png\",\"datePublished\":\"2020-08-24T05:55:35+00:00\",\"dateModified\":\"2025-08-21T04:18:18+00:00\",\"breadcrumb\":{\"@id\":\"https:\\\/\\\/blogs.uef.fi\\\/ueflibrary-fmp\\\/#breadcrumb\"},\"inLanguage\":\"en-US\",\"potentialAction\":[{\"@type\":\"ReadAction\",\"target\":[\"https:\\\/\\\/blogs.uef.fi\\\/ueflibrary-fmp\\\/\"]}]},{\"@type\":\"ImageObject\",\"inLanguage\":\"en-US\",\"@id\":\"https:\\\/\\\/blogs.uef.fi\\\/ueflibrary-fmp\\\/#primaryimage\",\"url\":\"https:\\\/\\\/i.creativecommons.org\\\/l\\\/by\\\/4.0\\\/80x15.png\",\"contentUrl\":\"https:\\\/\\\/i.creativecommons.org\\\/l\\\/by\\\/4.0\\\/80x15.png\"},{\"@type\":\"BreadcrumbList\",\"@id\":\"https:\\\/\\\/blogs.uef.fi\\\/ueflibrary-fmp\\\/#breadcrumb\",\"itemListElement\":[{\"@type\":\"ListItem\",\"position\":1,\"name\":\"Home\",\"item\":\"https:\\\/\\\/blogs.uef.fi\\\/ueflibrary-fmp\\\/\"},{\"@type\":\"ListItem\",\"position\":2,\"name\":\"Course info\"}]},{\"@type\":\"WebSite\",\"@id\":\"https:\\\/\\\/blogs.uef.fi\\\/ueflibrary-fmp\\\/#website\",\"url\":\"https:\\\/\\\/blogs.uef.fi\\\/ueflibrary-fmp\\\/\",\"name\":\"Find, manage and publish: Information Skills for Researchers\",\"description\":\"\",\"potentialAction\":[{\"@type\":\"SearchAction\",\"target\":{\"@type\":\"EntryPoint\",\"urlTemplate\":\"https:\\\/\\\/blogs.uef.fi\\\/ueflibrary-fmp\\\/?s={search_term_string}\"},\"query-input\":{\"@type\":\"PropertyValueSpecification\",\"valueRequired\":true,\"valueName\":\"search_term_string\"}}],\"inLanguage\":\"en-US\"}]}<\/script>\n<!-- \/ Yoast SEO plugin. -->","yoast_head_json":{"title":"Course info - Find, manage and publish: Information Skills for Researchers","robots":{"index":"index","follow":"follow","max-snippet":"max-snippet:-1","max-image-preview":"max-image-preview:large","max-video-preview":"max-video-preview:-1"},"canonical":"https:\/\/blogs.uef.fi\/ueflibrary-fmp\/","og_locale":"en_US","og_type":"article","og_title":"Course info - Find, manage and publish: Information Skills for Researchers","og_description":"This is open study material for Find, manage and publish course. University of Eastern Finland (UEF) Library provides this course for UEF doctoral students as a part of UEF Doctoral School studies. You can access the site&#8217;s menu from the icon in the upper right corner. The course and its material consists of five modules: [&hellip;]","og_url":"https:\/\/blogs.uef.fi\/ueflibrary-fmp\/","og_site_name":"Find, manage and publish: Information Skills for Researchers","article_modified_time":"2025-08-21T04:18:18+00:00","og_image":[{"url":"https:\/\/i.creativecommons.org\/l\/by\/4.0\/80x15.png","type":"","width":"","height":""}],"twitter_card":"summary_large_image","twitter_misc":{"Est. reading time":"2 minutes"},"schema":{"@context":"https:\/\/schema.org","@graph":[{"@type":"WebPage","@id":"https:\/\/blogs.uef.fi\/ueflibrary-fmp\/","url":"https:\/\/blogs.uef.fi\/ueflibrary-fmp\/","name":"Course info - Find, manage and publish: Information Skills for Researchers","isPartOf":{"@id":"https:\/\/blogs.uef.fi\/ueflibrary-fmp\/#website"},"primaryImageOfPage":{"@id":"https:\/\/blogs.uef.fi\/ueflibrary-fmp\/#primaryimage"},"image":{"@id":"https:\/\/blogs.uef.fi\/ueflibrary-fmp\/#primaryimage"},"thumbnailUrl":"https:\/\/i.creativecommons.org\/l\/by\/4.0\/80x15.png","datePublished":"2020-08-24T05:55:35+00:00","dateModified":"2025-08-21T04:18:18+00:00","breadcrumb":{"@id":"https:\/\/blogs.uef.fi\/ueflibrary-fmp\/#breadcrumb"},"inLanguage":"en-US","potentialAction":[{"@type":"ReadAction","target":["https:\/\/blogs.uef.fi\/ueflibrary-fmp\/"]}]},{"@type":"ImageObject","inLanguage":"en-US","@id":"https:\/\/blogs.uef.fi\/ueflibrary-fmp\/#primaryimage","url":"https:\/\/i.creativecommons.org\/l\/by\/4.0\/80x15.png","contentUrl":"https:\/\/i.creativecommons.org\/l\/by\/4.0\/80x15.png"},{"@type":"BreadcrumbList","@id":"https:\/\/blogs.uef.fi\/ueflibrary-fmp\/#breadcrumb","itemListElement":[{"@type":"ListItem","position":1,"name":"Home","item":"https:\/\/blogs.uef.fi\/ueflibrary-fmp\/"},{"@type":"ListItem","position":2,"name":"Course info"}]},{"@type":"WebSite","@id":"https:\/\/blogs.uef.fi\/ueflibrary-fmp\/#website","url":"https:\/\/blogs.uef.fi\/ueflibrary-fmp\/","name":"Find, manage and publish: Information Skills for Researchers","description":"","potentialAction":[{"@type":"SearchAction","target":{"@type":"EntryPoint","urlTemplate":"https:\/\/blogs.uef.fi\/ueflibrary-fmp\/?s={search_term_string}"},"query-input":{"@type":"PropertyValueSpecification","valueRequired":true,"valueName":"search_term_string"}}],"inLanguage":"en-US"}]}},"_links":{"self":[{"href":"https:\/\/blogs.uef.fi\/ueflibrary-fmp\/wp-json\/wp\/v2\/pages\/4818","targetHints":{"allow":["GET"]}}],"collection":[{"href":"https:\/\/blogs.uef.fi\/ueflibrary-fmp\/wp-json\/wp\/v2\/pages"}],"about":[{"href":"https:\/\/blogs.uef.fi\/ueflibrary-fmp\/wp-json\/wp\/v2\/types\/page"}],"author":[{"embeddable":true,"href":"https:\/\/blogs.uef.fi\/ueflibrary-fmp\/wp-json\/wp\/v2\/users\/131"}],"replies":[{"embeddable":true,"href":"https:\/\/blogs.uef.fi\/ueflibrary-fmp\/wp-json\/wp\/v2\/comments?post=4818"}],"version-history":[{"count":2,"href":"https:\/\/blogs.uef.fi\/ueflibrary-fmp\/wp-json\/wp\/v2\/pages\/4818\/revisions"}],"predecessor-version":[{"id":15129,"href":"https:\/\/blogs.uef.fi\/ueflibrary-fmp\/wp-json\/wp\/v2\/pages\/4818\/revisions\/15129"}],"wp:attachment":[{"href":"https:\/\/blogs.uef.fi\/ueflibrary-fmp\/wp-json\/wp\/v2\/media?parent=4818"}],"curies":[{"name":"wp","href":"https:\/\/api.w.org\/{rel}","templated":true}]}}