{"id":13,"date":"2014-09-02T10:02:51","date_gmt":"2014-09-02T07:02:51","guid":{"rendered":"https:\/\/blogs.uef.fi\/ueflahettilaat\/?page_id=13"},"modified":"2025-09-17T13:23:09","modified_gmt":"2025-09-17T10:23:09","slug":"tutustu-uef-lahettilaisiin","status":"publish","type":"page","link":"https:\/\/blogs.uef.fi\/ueflahettilaat\/tutustu-uef-lahettilaisiin\/","title":{"rendered":"Tutustu UEF-l\u00e4hettil\u00e4isiin"},"content":{"rendered":"\n<figure class=\"wp-block-image size-full\"><img loading=\"lazy\" decoding=\"async\" width=\"2560\" height=\"1707\" src=\"https:\/\/blogs.uef.fi\/ueflahettilaat\/wp-content\/uploads\/sites\/7\/2025\/09\/Lahettilaat_ryhmakuva_2025-4-scaled.jpg\" alt=\"UEF-l\u00e4hettil\u00e4\u00e4t Carelia-rakennuksen portaikossa ryhm\u00e4kuvassa\" class=\"wp-image-6934\" srcset=\"https:\/\/blogs.uef.fi\/ueflahettilaat\/wp-content\/uploads\/sites\/7\/2025\/09\/Lahettilaat_ryhmakuva_2025-4-scaled.jpg 2560w, https:\/\/blogs.uef.fi\/ueflahettilaat\/wp-content\/uploads\/sites\/7\/2025\/09\/Lahettilaat_ryhmakuva_2025-4-768x512.jpg 768w, https:\/\/blogs.uef.fi\/ueflahettilaat\/wp-content\/uploads\/sites\/7\/2025\/09\/Lahettilaat_ryhmakuva_2025-4-1536x1024.jpg 1536w, https:\/\/blogs.uef.fi\/ueflahettilaat\/wp-content\/uploads\/sites\/7\/2025\/09\/Lahettilaat_ryhmakuva_2025-4-2048x1365.jpg 2048w\" sizes=\"auto, (max-width: 2560px) 100vw, 2560px\" \/><\/figure>\n\n\n\n<p><a href=\"https:\/\/haeyliopistoon.fi\/uef-lahettilaat\/\" target=\"_blank\" rel=\"noopener noreferrer\">UEF-l\u00e4hettil\u00e4\u00e4t<\/a> ovat It\u00e4-Suomen yliopiston opiskelijoita, jotka haluavat tehd\u00e4 tunnetuksi yliopistonsa monipuolista koulutustarjontaa ja kertoa opiskelijan arjesta. UEF-l\u00e4hettil\u00e4\u00e4t jalkautuvat kouluille, koulutusalan messuille ja eri tapahtumiin.<\/p>\n\n\n\n<p>Haluaisitko sin\u00e4 tavata UEF-l\u00e4hettil\u00e4\u00e4n? Kutsukaa l\u00e4hettil\u00e4s pit\u00e4m\u00e4\u00e4n et\u00e4-esittely\u00e4 tai vierailemaan koululle! Tiedusteluja kouluvierailuista ottaa vastaan opiskelijarekrytointip\u00e4\u00e4llikk\u00f6 Kirsi Kaljunen, kirsi.kaljunen(at)uef.fi.<\/p>\n\n\n\n<p>Seuraa UEF-l\u00e4hettil\u00e4it\u00e4 my\u00f6s<a href=\"https:\/\/www.facebook.com\/UEFlahettilaat\"> <\/a><a href=\"https:\/\/www.instagram.com\/ueflahettilas\/?hl=fi\">Instagramissa<\/a> @ueflahettilas sek\u00e4 <a href=\"https:\/\/www.tiktok.com\/@universityofeasternfin?lang=en&amp;is_copy_url=1&amp;is_from_webapp=v1\">TikTokissa<\/a> @universityofeasternfin. Snapchatissa kannattaa laittaa seurantaan It\u00e4-Suomen yliopisto @uniuef, l\u00f6yd\u00e4t l\u00e4hettil\u00e4\u00e4t my\u00f6s sielt\u00e4.<\/p>\n\n\n\n<p>UEF-sis\u00e4ll\u00f6ntuottajamme tekee kiinnostavia juttuja opiskelusta <a href=\"https:\/\/soundcloud.com\/uniuef\/sets\/lainahaalareissa\">Lainahaalareissa -podcastiin<\/a> sek\u00e4\u00a0 <a href=\"https:\/\/www.youtube.com\/channel\/UCei6TZGtqHKDq9MkWQJ-hQw\">Youtube-kanavalle<\/a>.<\/p>\n\n\n\n<p><\/p>\n","protected":false},"excerpt":{"rendered":"<p>UEF-l\u00e4hettil\u00e4\u00e4t ovat It\u00e4-Suomen yliopiston opiskelijoita, jotka haluavat tehd\u00e4 tunnetuksi yliopistonsa monipuolista koulutustarjontaa ja kertoa opiskelijan arjesta. UEF-l\u00e4hettil\u00e4\u00e4t jalkautuvat kouluille, koulutusalan messuille ja eri tapahtumiin. Haluaisitko sin\u00e4 tavata UEF-l\u00e4hettil\u00e4\u00e4n? Kutsukaa l\u00e4hettil\u00e4s pit\u00e4m\u00e4\u00e4n et\u00e4-esittely\u00e4 tai vierailemaan koululle! Tiedusteluja kouluvierailuista ottaa vastaan opiskelijarekrytointip\u00e4\u00e4llikk\u00f6 Kirsi Kaljunen, kirsi.kaljunen(at)uef.fi. Seuraa UEF-l\u00e4hettil\u00e4it\u00e4 my\u00f6s Instagramissa @ueflahettilas sek\u00e4 TikTokissa @universityofeasternfin. Snapchatissa kannattaa laittaa seurantaan [&hellip;]<\/p>\n","protected":false},"author":5,"featured_media":6934,"parent":0,"menu_order":0,"comment_status":"closed","ping_status":"closed","template":"","meta":{"_acf_changed":false,"footnotes":""},"class_list":["post-13","page","type-page","status-publish","has-post-thumbnail","hentry"],"acf":[],"yoast_head":"<!-- This site is optimized with the Yoast SEO plugin v27.3 - https:\/\/yoast.com\/product\/yoast-seo-wordpress\/ -->\n<title>Tutustu UEF-l\u00e4hettil\u00e4isiin - UEF-l\u00e4hettil\u00e4\u00e4t<\/title>\n<meta name=\"description\" content=\"L\u00e4hde mukaan opiskelijael\u00e4m\u00e4\u00e4n yhdess\u00e4 UEF-l\u00e4hettil\u00e4idemme kanssa! Millaista on opiskella It\u00e4-Suomen yliopistossa - l\u00e4hettil\u00e4\u00e4mme tiet\u00e4v\u00e4t!\" \/>\n<meta name=\"robots\" content=\"index, follow, max-snippet:-1, max-image-preview:large, max-video-preview:-1\" \/>\n<link rel=\"canonical\" href=\"https:\/\/blogs.uef.fi\/ueflahettilaat\/tutustu-uef-lahettilaisiin\/\" \/>\n<meta property=\"og:locale\" content=\"fi_FI\" \/>\n<meta property=\"og:type\" content=\"article\" \/>\n<meta property=\"og:title\" content=\"Tutustu UEF-l\u00e4hettil\u00e4isiin - UEF-l\u00e4hettil\u00e4\u00e4t\" \/>\n<meta property=\"og:description\" content=\"L\u00e4hde mukaan opiskelijael\u00e4m\u00e4\u00e4n yhdess\u00e4 UEF-l\u00e4hettil\u00e4idemme kanssa! Millaista on opiskella It\u00e4-Suomen yliopistossa - l\u00e4hettil\u00e4\u00e4mme tiet\u00e4v\u00e4t!\" \/>\n<meta property=\"og:url\" content=\"https:\/\/blogs.uef.fi\/ueflahettilaat\/tutustu-uef-lahettilaisiin\/\" \/>\n<meta property=\"og:site_name\" content=\"UEF-l\u00e4hettil\u00e4\u00e4t\" \/>\n<meta property=\"article:modified_time\" content=\"2025-09-17T10:23:09+00:00\" \/>\n<meta property=\"og:image\" content=\"https:\/\/blogs.uef.fi\/ueflahettilaat\/wp-content\/uploads\/sites\/7\/2025\/09\/Lahettilaat_ryhmakuva_2025-4-scaled.jpg\" \/>\n\t<meta property=\"og:image:width\" content=\"2560\" \/>\n\t<meta property=\"og:image:height\" content=\"1707\" \/>\n\t<meta property=\"og:image:type\" content=\"image\/jpeg\" \/>\n<meta name=\"twitter:card\" content=\"summary_large_image\" \/>\n<meta name=\"twitter:label1\" content=\"Arvioitu lukuaika\" \/>\n\t<meta name=\"twitter:data1\" content=\"1 minuutti\" \/>\n<script type=\"application\/ld+json\" class=\"yoast-schema-graph\">{\"@context\":\"https:\\\/\\\/schema.org\",\"@graph\":[{\"@type\":\"WebPage\",\"@id\":\"https:\\\/\\\/blogs.uef.fi\\\/ueflahettilaat\\\/tutustu-uef-lahettilaisiin\\\/\",\"url\":\"https:\\\/\\\/blogs.uef.fi\\\/ueflahettilaat\\\/tutustu-uef-lahettilaisiin\\\/\",\"name\":\"Tutustu UEF-l\u00e4hettil\u00e4isiin - UEF-l\u00e4hettil\u00e4\u00e4t\",\"isPartOf\":{\"@id\":\"https:\\\/\\\/blogs.uef.fi\\\/ueflahettilaat\\\/#website\"},\"primaryImageOfPage\":{\"@id\":\"https:\\\/\\\/blogs.uef.fi\\\/ueflahettilaat\\\/tutustu-uef-lahettilaisiin\\\/#primaryimage\"},\"image\":{\"@id\":\"https:\\\/\\\/blogs.uef.fi\\\/ueflahettilaat\\\/tutustu-uef-lahettilaisiin\\\/#primaryimage\"},\"thumbnailUrl\":\"https:\\\/\\\/blogs.uef.fi\\\/ueflahettilaat\\\/wp-content\\\/uploads\\\/sites\\\/7\\\/2025\\\/09\\\/Lahettilaat_ryhmakuva_2025-4-scaled.jpg\",\"datePublished\":\"2014-09-02T07:02:51+00:00\",\"dateModified\":\"2025-09-17T10:23:09+00:00\",\"description\":\"L\u00e4hde mukaan opiskelijael\u00e4m\u00e4\u00e4n yhdess\u00e4 UEF-l\u00e4hettil\u00e4idemme kanssa! Millaista on opiskella It\u00e4-Suomen yliopistossa - l\u00e4hettil\u00e4\u00e4mme tiet\u00e4v\u00e4t!\",\"breadcrumb\":{\"@id\":\"https:\\\/\\\/blogs.uef.fi\\\/ueflahettilaat\\\/tutustu-uef-lahettilaisiin\\\/#breadcrumb\"},\"inLanguage\":\"fi\",\"potentialAction\":[{\"@type\":\"ReadAction\",\"target\":[\"https:\\\/\\\/blogs.uef.fi\\\/ueflahettilaat\\\/tutustu-uef-lahettilaisiin\\\/\"]}]},{\"@type\":\"ImageObject\",\"inLanguage\":\"fi\",\"@id\":\"https:\\\/\\\/blogs.uef.fi\\\/ueflahettilaat\\\/tutustu-uef-lahettilaisiin\\\/#primaryimage\",\"url\":\"https:\\\/\\\/blogs.uef.fi\\\/ueflahettilaat\\\/wp-content\\\/uploads\\\/sites\\\/7\\\/2025\\\/09\\\/Lahettilaat_ryhmakuva_2025-4-scaled.jpg\",\"contentUrl\":\"https:\\\/\\\/blogs.uef.fi\\\/ueflahettilaat\\\/wp-content\\\/uploads\\\/sites\\\/7\\\/2025\\\/09\\\/Lahettilaat_ryhmakuva_2025-4-scaled.jpg\",\"width\":2560,\"height\":1707,\"caption\":\"UEF-l\u00e4hettil\u00e4\u00e4t Carelia-rakennuksen portaikossa ryhm\u00e4kuvassa\"},{\"@type\":\"BreadcrumbList\",\"@id\":\"https:\\\/\\\/blogs.uef.fi\\\/ueflahettilaat\\\/tutustu-uef-lahettilaisiin\\\/#breadcrumb\",\"itemListElement\":[{\"@type\":\"ListItem\",\"position\":1,\"name\":\"Home\",\"item\":\"https:\\\/\\\/blogs.uef.fi\\\/ueflahettilaat\\\/\"},{\"@type\":\"ListItem\",\"position\":2,\"name\":\"Tutustu UEF-l\u00e4hettil\u00e4isiin\"}]},{\"@type\":\"WebSite\",\"@id\":\"https:\\\/\\\/blogs.uef.fi\\\/ueflahettilaat\\\/#website\",\"url\":\"https:\\\/\\\/blogs.uef.fi\\\/ueflahettilaat\\\/\",\"name\":\"UEF-l\u00e4hettil\u00e4\u00e4t\",\"description\":\"\",\"potentialAction\":[{\"@type\":\"SearchAction\",\"target\":{\"@type\":\"EntryPoint\",\"urlTemplate\":\"https:\\\/\\\/blogs.uef.fi\\\/ueflahettilaat\\\/?s={search_term_string}\"},\"query-input\":{\"@type\":\"PropertyValueSpecification\",\"valueRequired\":true,\"valueName\":\"search_term_string\"}}],\"inLanguage\":\"fi\"}]}<\/script>\n<!-- \/ Yoast SEO plugin. -->","yoast_head_json":{"title":"Tutustu UEF-l\u00e4hettil\u00e4isiin - UEF-l\u00e4hettil\u00e4\u00e4t","description":"L\u00e4hde mukaan opiskelijael\u00e4m\u00e4\u00e4n yhdess\u00e4 UEF-l\u00e4hettil\u00e4idemme kanssa! Millaista on opiskella It\u00e4-Suomen yliopistossa - l\u00e4hettil\u00e4\u00e4mme tiet\u00e4v\u00e4t!","robots":{"index":"index","follow":"follow","max-snippet":"max-snippet:-1","max-image-preview":"max-image-preview:large","max-video-preview":"max-video-preview:-1"},"canonical":"https:\/\/blogs.uef.fi\/ueflahettilaat\/tutustu-uef-lahettilaisiin\/","og_locale":"fi_FI","og_type":"article","og_title":"Tutustu UEF-l\u00e4hettil\u00e4isiin - UEF-l\u00e4hettil\u00e4\u00e4t","og_description":"L\u00e4hde mukaan opiskelijael\u00e4m\u00e4\u00e4n yhdess\u00e4 UEF-l\u00e4hettil\u00e4idemme kanssa! Millaista on opiskella It\u00e4-Suomen yliopistossa - l\u00e4hettil\u00e4\u00e4mme tiet\u00e4v\u00e4t!","og_url":"https:\/\/blogs.uef.fi\/ueflahettilaat\/tutustu-uef-lahettilaisiin\/","og_site_name":"UEF-l\u00e4hettil\u00e4\u00e4t","article_modified_time":"2025-09-17T10:23:09+00:00","og_image":[{"width":2560,"height":1707,"url":"https:\/\/blogs.uef.fi\/ueflahettilaat\/wp-content\/uploads\/sites\/7\/2025\/09\/Lahettilaat_ryhmakuva_2025-4-scaled.jpg","type":"image\/jpeg"}],"twitter_card":"summary_large_image","twitter_misc":{"Arvioitu lukuaika":"1 minuutti"},"schema":{"@context":"https:\/\/schema.org","@graph":[{"@type":"WebPage","@id":"https:\/\/blogs.uef.fi\/ueflahettilaat\/tutustu-uef-lahettilaisiin\/","url":"https:\/\/blogs.uef.fi\/ueflahettilaat\/tutustu-uef-lahettilaisiin\/","name":"Tutustu UEF-l\u00e4hettil\u00e4isiin - UEF-l\u00e4hettil\u00e4\u00e4t","isPartOf":{"@id":"https:\/\/blogs.uef.fi\/ueflahettilaat\/#website"},"primaryImageOfPage":{"@id":"https:\/\/blogs.uef.fi\/ueflahettilaat\/tutustu-uef-lahettilaisiin\/#primaryimage"},"image":{"@id":"https:\/\/blogs.uef.fi\/ueflahettilaat\/tutustu-uef-lahettilaisiin\/#primaryimage"},"thumbnailUrl":"https:\/\/blogs.uef.fi\/ueflahettilaat\/wp-content\/uploads\/sites\/7\/2025\/09\/Lahettilaat_ryhmakuva_2025-4-scaled.jpg","datePublished":"2014-09-02T07:02:51+00:00","dateModified":"2025-09-17T10:23:09+00:00","description":"L\u00e4hde mukaan opiskelijael\u00e4m\u00e4\u00e4n yhdess\u00e4 UEF-l\u00e4hettil\u00e4idemme kanssa! Millaista on opiskella It\u00e4-Suomen yliopistossa - l\u00e4hettil\u00e4\u00e4mme tiet\u00e4v\u00e4t!","breadcrumb":{"@id":"https:\/\/blogs.uef.fi\/ueflahettilaat\/tutustu-uef-lahettilaisiin\/#breadcrumb"},"inLanguage":"fi","potentialAction":[{"@type":"ReadAction","target":["https:\/\/blogs.uef.fi\/ueflahettilaat\/tutustu-uef-lahettilaisiin\/"]}]},{"@type":"ImageObject","inLanguage":"fi","@id":"https:\/\/blogs.uef.fi\/ueflahettilaat\/tutustu-uef-lahettilaisiin\/#primaryimage","url":"https:\/\/blogs.uef.fi\/ueflahettilaat\/wp-content\/uploads\/sites\/7\/2025\/09\/Lahettilaat_ryhmakuva_2025-4-scaled.jpg","contentUrl":"https:\/\/blogs.uef.fi\/ueflahettilaat\/wp-content\/uploads\/sites\/7\/2025\/09\/Lahettilaat_ryhmakuva_2025-4-scaled.jpg","width":2560,"height":1707,"caption":"UEF-l\u00e4hettil\u00e4\u00e4t Carelia-rakennuksen portaikossa ryhm\u00e4kuvassa"},{"@type":"BreadcrumbList","@id":"https:\/\/blogs.uef.fi\/ueflahettilaat\/tutustu-uef-lahettilaisiin\/#breadcrumb","itemListElement":[{"@type":"ListItem","position":1,"name":"Home","item":"https:\/\/blogs.uef.fi\/ueflahettilaat\/"},{"@type":"ListItem","position":2,"name":"Tutustu UEF-l\u00e4hettil\u00e4isiin"}]},{"@type":"WebSite","@id":"https:\/\/blogs.uef.fi\/ueflahettilaat\/#website","url":"https:\/\/blogs.uef.fi\/ueflahettilaat\/","name":"UEF-l\u00e4hettil\u00e4\u00e4t","description":"","potentialAction":[{"@type":"SearchAction","target":{"@type":"EntryPoint","urlTemplate":"https:\/\/blogs.uef.fi\/ueflahettilaat\/?s={search_term_string}"},"query-input":{"@type":"PropertyValueSpecification","valueRequired":true,"valueName":"search_term_string"}}],"inLanguage":"fi"}]}},"_links":{"self":[{"href":"https:\/\/blogs.uef.fi\/ueflahettilaat\/wp-json\/wp\/v2\/pages\/13","targetHints":{"allow":["GET"]}}],"collection":[{"href":"https:\/\/blogs.uef.fi\/ueflahettilaat\/wp-json\/wp\/v2\/pages"}],"about":[{"href":"https:\/\/blogs.uef.fi\/ueflahettilaat\/wp-json\/wp\/v2\/types\/page"}],"author":[{"embeddable":true,"href":"https:\/\/blogs.uef.fi\/ueflahettilaat\/wp-json\/wp\/v2\/users\/5"}],"replies":[{"embeddable":true,"href":"https:\/\/blogs.uef.fi\/ueflahettilaat\/wp-json\/wp\/v2\/comments?post=13"}],"version-history":[{"count":1,"href":"https:\/\/blogs.uef.fi\/ueflahettilaat\/wp-json\/wp\/v2\/pages\/13\/revisions"}],"predecessor-version":[{"id":6938,"href":"https:\/\/blogs.uef.fi\/ueflahettilaat\/wp-json\/wp\/v2\/pages\/13\/revisions\/6938"}],"wp:featuredmedia":[{"embeddable":true,"href":"https:\/\/blogs.uef.fi\/ueflahettilaat\/wp-json\/wp\/v2\/media\/6934"}],"wp:attachment":[{"href":"https:\/\/blogs.uef.fi\/ueflahettilaat\/wp-json\/wp\/v2\/media?parent=13"}],"curies":[{"name":"wp","href":"https:\/\/api.w.org\/{rel}","templated":true}]}}