{"id":7,"date":"2020-02-05T12:54:37","date_gmt":"2020-02-05T12:54:37","guid":{"rendered":"https:\/\/blogs.uef.fi\/uef-erikoislaakari\/?page_id=7"},"modified":"2023-12-08T10:20:33","modified_gmt":"2023-12-08T10:20:33","slug":"firstpage","status":"publish","type":"page","link":"https:\/\/blogs.uef.fi\/uef-erikoislaakari\/firstpage\/","title":{"rendered":"Tietoa blogista"},"content":{"rendered":"\n<h2 class=\"wp-block-heading\">Erikoisl\u00e4\u00e4k\u00e4ri &#8211; ja erikoishammasl\u00e4\u00e4k\u00e4rikoulutus uudistuu!<\/h2>\n\n\n\n<p>T\u00e4ss\u00e4 blogissa k\u00e4sitell\u00e4\u00e4n uudistuvaan erikoisl\u00e4\u00e4k\u00e4ri &#8211; ja erikoishammasl\u00e4\u00e4k\u00e4rikoulutukseen liittyvi\u00e4 asioita ja osa-alueita helposti pureskeltavassa muodossa ja eri toimijoiden n\u00e4k\u00f6kulmasta.<\/p>\n\n\n\n<p>1.2.20 voimaan tulleen asetuksen hengess\u00e4 toteutettava uudistus on lajissaan suurin ponnistus erikoistumisen alalla vuosikymmeniin, kenties koskaan. Kyseess\u00e4 on todellinen &#8221;koulutuskulttuurivallankumous&#8221;! Olkaa kuulolla ja auttakaa osaltanne tekem\u00e4\u00e4n It\u00e4-Suomen Yliopiston ja ymp\u00e4r\u00f6iv\u00e4n ty\u00f6paikkaverkoston koulutuksesta sit\u00e4 maan huippua seuraavien vuosien aikana.<\/p>\n\n\n\n<p>Bloggaaja on pitk\u00e4nlinjan erikoisl\u00e4\u00e4k\u00e4rikoulutuksen puolestapuhuja, aiempi j\u00e4rjest\u00f6aktivisti ja edelleen k\u00e4det savessa uusia erikoistuvia kouluttava&nbsp;<span style=\"float: none;background-color: #ffffff;color: #333333;cursor: text;font-family: 'Libre Franklin','Helvetica Neue',helvetica,arial,sans-serif;font-size: 16px;font-style: normal;font-variant: normal;font-weight: 400;letter-spacing: normal;text-align: left;text-decoration: none;text-indent: 0px\">kuopiolainen neurologian erikoisl\u00e4\u00e4k\u00e4ri ja apulaisylil\u00e4\u00e4k\u00e4ri LT Anne-Mari Kantanen, jonka ty\u00f6ajasta kuluu jatkossa 50% <\/span>erikoisl\u00e4\u00e4k\u00e4ri &#8211; ja erikoishammasl\u00e4\u00e4k\u00e4rikoulutuksen koordinaattorin hommissa UEF &#8211; ja KYS erityisvastuualueella.<\/p>\n","protected":false},"excerpt":{"rendered":"<p>Erikoisl\u00e4\u00e4k\u00e4ri &#8211; ja erikoishammasl\u00e4\u00e4k\u00e4rikoulutus uudistuu! T\u00e4ss\u00e4 blogissa k\u00e4sitell\u00e4\u00e4n uudistuvaan erikoisl\u00e4\u00e4k\u00e4ri &#8211; ja erikoishammasl\u00e4\u00e4k\u00e4rikoulutukseen liittyvi\u00e4 asioita ja osa-alueita helposti pureskeltavassa muodossa ja eri toimijoiden n\u00e4k\u00f6kulmasta. 1.2.20 voimaan tulleen asetuksen hengess\u00e4 toteutettava uudistus on lajissaan suurin ponnistus erikoistumisen alalla vuosikymmeniin, kenties koskaan. Kyseess\u00e4 on todellinen &#8221;koulutuskulttuurivallankumous&#8221;! Olkaa kuulolla ja auttakaa osaltanne tekem\u00e4\u00e4n It\u00e4-Suomen Yliopiston ja ymp\u00e4r\u00f6iv\u00e4n ty\u00f6paikkaverkoston [&hellip;]<\/p>\n","protected":false},"author":1,"featured_media":0,"parent":0,"menu_order":0,"comment_status":"closed","ping_status":"closed","template":"","meta":{"_acf_changed":false,"footnotes":""},"class_list":["post-7","page","type-page","status-publish","hentry"],"acf":[],"yoast_head":"<!-- This site is optimized with the Yoast SEO plugin v27.1.1 - https:\/\/yoast.com\/product\/yoast-seo-wordpress\/ -->\n<title>Tietoa blogista - UEF-erikoisl\u00e4\u00e4k\u00e4ri<\/title>\n<meta name=\"description\" content=\"T\u00e4ss\u00e4 blogissa k\u00e4sitell\u00e4\u00e4n uudistuvaan erikoisl\u00e4\u00e4k\u00e4ri - ja erikoishammasl\u00e4\u00e4k\u00e4rikoulutukseen liittyvi\u00e4 asioita ja osa-alueita helposti pureskeltavassa muodossa ja eri toimijoiden n\u00e4k\u00f6kulmasta.\" \/>\n<meta name=\"robots\" content=\"index, follow, max-snippet:-1, max-image-preview:large, max-video-preview:-1\" \/>\n<link rel=\"canonical\" href=\"https:\/\/blogs.uef.fi\/uef-erikoislaakari\/firstpage\/\" \/>\n<meta property=\"og:locale\" content=\"fi_FI\" \/>\n<meta property=\"og:type\" content=\"article\" \/>\n<meta property=\"og:title\" content=\"Tietoa blogista - UEF-erikoisl\u00e4\u00e4k\u00e4ri\" \/>\n<meta property=\"og:description\" content=\"T\u00e4ss\u00e4 blogissa k\u00e4sitell\u00e4\u00e4n uudistuvaan erikoisl\u00e4\u00e4k\u00e4ri - ja erikoishammasl\u00e4\u00e4k\u00e4rikoulutukseen liittyvi\u00e4 asioita ja osa-alueita helposti pureskeltavassa muodossa ja eri toimijoiden n\u00e4k\u00f6kulmasta.\" \/>\n<meta property=\"og:url\" content=\"https:\/\/blogs.uef.fi\/uef-erikoislaakari\/firstpage\/\" \/>\n<meta property=\"og:site_name\" content=\"UEF-erikoisl\u00e4\u00e4k\u00e4ri\" \/>\n<meta property=\"article:modified_time\" content=\"2023-12-08T10:20:33+00:00\" \/>\n<meta name=\"twitter:card\" content=\"summary_large_image\" \/>\n<meta name=\"twitter:label1\" content=\"Arvioitu lukuaika\" \/>\n\t<meta name=\"twitter:data1\" content=\"1 minuutti\" \/>\n<script type=\"application\/ld+json\" class=\"yoast-schema-graph\">{\"@context\":\"https:\/\/schema.org\",\"@graph\":[{\"@type\":\"WebPage\",\"@id\":\"https:\/\/blogs.uef.fi\/uef-erikoislaakari\/firstpage\/\",\"url\":\"https:\/\/blogs.uef.fi\/uef-erikoislaakari\/firstpage\/\",\"name\":\"Tietoa blogista - UEF-erikoisl\u00e4\u00e4k\u00e4ri\",\"isPartOf\":{\"@id\":\"https:\/\/blogs.uef.fi\/uef-erikoislaakari\/#website\"},\"datePublished\":\"2020-02-05T12:54:37+00:00\",\"dateModified\":\"2023-12-08T10:20:33+00:00\",\"description\":\"T\u00e4ss\u00e4 blogissa k\u00e4sitell\u00e4\u00e4n uudistuvaan erikoisl\u00e4\u00e4k\u00e4ri - ja erikoishammasl\u00e4\u00e4k\u00e4rikoulutukseen liittyvi\u00e4 asioita ja osa-alueita helposti pureskeltavassa muodossa ja eri toimijoiden n\u00e4k\u00f6kulmasta.\",\"breadcrumb\":{\"@id\":\"https:\/\/blogs.uef.fi\/uef-erikoislaakari\/firstpage\/#breadcrumb\"},\"inLanguage\":\"fi\",\"potentialAction\":[{\"@type\":\"ReadAction\",\"target\":[\"https:\/\/blogs.uef.fi\/uef-erikoislaakari\/firstpage\/\"]}]},{\"@type\":\"BreadcrumbList\",\"@id\":\"https:\/\/blogs.uef.fi\/uef-erikoislaakari\/firstpage\/#breadcrumb\",\"itemListElement\":[{\"@type\":\"ListItem\",\"position\":1,\"name\":\"Home\",\"item\":\"https:\/\/blogs.uef.fi\/uef-erikoislaakari\/\"},{\"@type\":\"ListItem\",\"position\":2,\"name\":\"Tietoa blogista\"}]},{\"@type\":\"WebSite\",\"@id\":\"https:\/\/blogs.uef.fi\/uef-erikoislaakari\/#website\",\"url\":\"https:\/\/blogs.uef.fi\/uef-erikoislaakari\/\",\"name\":\"UEF-erikoisl\u00e4\u00e4k\u00e4ri\",\"description\":\"\",\"potentialAction\":[{\"@type\":\"SearchAction\",\"target\":{\"@type\":\"EntryPoint\",\"urlTemplate\":\"https:\/\/blogs.uef.fi\/uef-erikoislaakari\/?s={search_term_string}\"},\"query-input\":{\"@type\":\"PropertyValueSpecification\",\"valueRequired\":true,\"valueName\":\"search_term_string\"}}],\"inLanguage\":\"fi\"}]}<\/script>\n<!-- \/ Yoast SEO plugin. -->","yoast_head_json":{"title":"Tietoa blogista - UEF-erikoisl\u00e4\u00e4k\u00e4ri","description":"T\u00e4ss\u00e4 blogissa k\u00e4sitell\u00e4\u00e4n uudistuvaan erikoisl\u00e4\u00e4k\u00e4ri - ja erikoishammasl\u00e4\u00e4k\u00e4rikoulutukseen liittyvi\u00e4 asioita ja osa-alueita helposti pureskeltavassa muodossa ja eri toimijoiden n\u00e4k\u00f6kulmasta.","robots":{"index":"index","follow":"follow","max-snippet":"max-snippet:-1","max-image-preview":"max-image-preview:large","max-video-preview":"max-video-preview:-1"},"canonical":"https:\/\/blogs.uef.fi\/uef-erikoislaakari\/firstpage\/","og_locale":"fi_FI","og_type":"article","og_title":"Tietoa blogista - UEF-erikoisl\u00e4\u00e4k\u00e4ri","og_description":"T\u00e4ss\u00e4 blogissa k\u00e4sitell\u00e4\u00e4n uudistuvaan erikoisl\u00e4\u00e4k\u00e4ri - ja erikoishammasl\u00e4\u00e4k\u00e4rikoulutukseen liittyvi\u00e4 asioita ja osa-alueita helposti pureskeltavassa muodossa ja eri toimijoiden n\u00e4k\u00f6kulmasta.","og_url":"https:\/\/blogs.uef.fi\/uef-erikoislaakari\/firstpage\/","og_site_name":"UEF-erikoisl\u00e4\u00e4k\u00e4ri","article_modified_time":"2023-12-08T10:20:33+00:00","twitter_card":"summary_large_image","twitter_misc":{"Arvioitu lukuaika":"1 minuutti"},"schema":{"@context":"https:\/\/schema.org","@graph":[{"@type":"WebPage","@id":"https:\/\/blogs.uef.fi\/uef-erikoislaakari\/firstpage\/","url":"https:\/\/blogs.uef.fi\/uef-erikoislaakari\/firstpage\/","name":"Tietoa blogista - UEF-erikoisl\u00e4\u00e4k\u00e4ri","isPartOf":{"@id":"https:\/\/blogs.uef.fi\/uef-erikoislaakari\/#website"},"datePublished":"2020-02-05T12:54:37+00:00","dateModified":"2023-12-08T10:20:33+00:00","description":"T\u00e4ss\u00e4 blogissa k\u00e4sitell\u00e4\u00e4n uudistuvaan erikoisl\u00e4\u00e4k\u00e4ri - ja erikoishammasl\u00e4\u00e4k\u00e4rikoulutukseen liittyvi\u00e4 asioita ja osa-alueita helposti pureskeltavassa muodossa ja eri toimijoiden n\u00e4k\u00f6kulmasta.","breadcrumb":{"@id":"https:\/\/blogs.uef.fi\/uef-erikoislaakari\/firstpage\/#breadcrumb"},"inLanguage":"fi","potentialAction":[{"@type":"ReadAction","target":["https:\/\/blogs.uef.fi\/uef-erikoislaakari\/firstpage\/"]}]},{"@type":"BreadcrumbList","@id":"https:\/\/blogs.uef.fi\/uef-erikoislaakari\/firstpage\/#breadcrumb","itemListElement":[{"@type":"ListItem","position":1,"name":"Home","item":"https:\/\/blogs.uef.fi\/uef-erikoislaakari\/"},{"@type":"ListItem","position":2,"name":"Tietoa blogista"}]},{"@type":"WebSite","@id":"https:\/\/blogs.uef.fi\/uef-erikoislaakari\/#website","url":"https:\/\/blogs.uef.fi\/uef-erikoislaakari\/","name":"UEF-erikoisl\u00e4\u00e4k\u00e4ri","description":"","potentialAction":[{"@type":"SearchAction","target":{"@type":"EntryPoint","urlTemplate":"https:\/\/blogs.uef.fi\/uef-erikoislaakari\/?s={search_term_string}"},"query-input":{"@type":"PropertyValueSpecification","valueRequired":true,"valueName":"search_term_string"}}],"inLanguage":"fi"}]}},"_links":{"self":[{"href":"https:\/\/blogs.uef.fi\/uef-erikoislaakari\/wp-json\/wp\/v2\/pages\/7","targetHints":{"allow":["GET"]}}],"collection":[{"href":"https:\/\/blogs.uef.fi\/uef-erikoislaakari\/wp-json\/wp\/v2\/pages"}],"about":[{"href":"https:\/\/blogs.uef.fi\/uef-erikoislaakari\/wp-json\/wp\/v2\/types\/page"}],"author":[{"embeddable":true,"href":"https:\/\/blogs.uef.fi\/uef-erikoislaakari\/wp-json\/wp\/v2\/users\/1"}],"replies":[{"embeddable":true,"href":"https:\/\/blogs.uef.fi\/uef-erikoislaakari\/wp-json\/wp\/v2\/comments?post=7"}],"version-history":[{"count":2,"href":"https:\/\/blogs.uef.fi\/uef-erikoislaakari\/wp-json\/wp\/v2\/pages\/7\/revisions"}],"predecessor-version":[{"id":504,"href":"https:\/\/blogs.uef.fi\/uef-erikoislaakari\/wp-json\/wp\/v2\/pages\/7\/revisions\/504"}],"wp:attachment":[{"href":"https:\/\/blogs.uef.fi\/uef-erikoislaakari\/wp-json\/wp\/v2\/media?parent=7"}],"curies":[{"name":"wp","href":"https:\/\/api.w.org\/{rel}","templated":true}]}}