{"id":573,"date":"2020-04-02T13:12:55","date_gmt":"2020-04-02T10:12:55","guid":{"rendered":"https:\/\/blogs.uef.fi\/tuvet-materiaalipankki\/?page_id=573"},"modified":"2020-04-02T13:14:30","modified_gmt":"2020-04-02T10:14:30","slug":"sivustojen-turvallisuus","status":"publish","type":"page","link":"https:\/\/blogs.uef.fi\/tuvet-materiaalipankki\/sivustojen-turvallisuus\/","title":{"rendered":"Sivustojen turvallisuus"},"content":{"rendered":"<h1><strong>Sivustojen turvallisuus<\/strong><\/h1>\n<p>Mik\u00e4li sivustolla <strong>ei<\/strong> ole osoiteriviss\u00e4\u00e4n HTTPS-muotoa, useimmat verkkoselaimet m\u00e4\u00e4rittelev\u00e4t sen automaattisesti <em>Ei turvalliseksi<\/em>. T\u00e4m\u00e4 tarkoittaa, ett\u00e4 sivusto ei k\u00e4yt\u00e4 yksityist\u00e4 yhteytt\u00e4 eli se ei ole SSL-suojattu. Joku voi n\u00e4hd\u00e4 tai muuttaa t\u00e4m\u00e4n sivuston kautta l\u00e4hetettyj\u00e4 tietoja. Vaikka sivusto ei olisi SSL-suojattu, se ei v\u00e4ltt\u00e4m\u00e4tt\u00e4 ole haitallinen tai huijaussivusto.<\/p>\n<p><strong>\u00c4l\u00e4 kuitenkaan anna sivustoille mit\u00e4\u00e4n henkil\u00f6kohtaisia tietojasi.\u00a0<\/strong><\/p>\n<p>Sivusto on SSL-suojattu, mik\u00e4li osoiterivilt\u00e4 l\u00f6ytyy HTTP<strong>S<\/strong>. Esimerkiksi https:\/\/www.tuvet.fi.<\/p>\n<h2><strong>Mit\u00e4 SSL-suojaus tarkoittaa?<\/strong><\/h2>\n<p>Kun siirryt sivustolle, jonka osoiterivill\u00e4 on HTTPS (eli yhteyden SSL-suojaus), verkkosivuston palvelin todistaa varmenteen avulla verkkosivuston identiteetin selaimille (esim. Chrome). Yhteys selaimen ja verkkosivun palvelimen v\u00e4lill\u00e4 on t\u00e4ll\u00f6in salattu.<\/p>\n<p>Huom. SSL-suojaus ei v\u00e4ltt\u00e4m\u00e4tt\u00e4 tee sivustosta turvallista. Vaikka tietoliikenne on salattua, ei mik\u00e4\u00e4n est\u00e4 rikollisia perustamasta https-sivuja ihmisten huijaamiseksi. <strong>Arvioithan aina kriittisesti sivuston luotettavuutta erityisesti, jos annat sivustolle henkil\u00f6kohtaisia tietojasi (esim. verkkokaupat).\u00a0<\/strong><\/p>\n","protected":false},"excerpt":{"rendered":"<p>Sivustojen turvallisuus Mik\u00e4li sivustolla ei ole osoiteriviss\u00e4\u00e4n HTTPS-muotoa, useimmat verkkoselaimet m\u00e4\u00e4rittelev\u00e4t sen automaattisesti Ei turvalliseksi. T\u00e4m\u00e4 tarkoittaa, ett\u00e4 sivusto ei k\u00e4yt\u00e4 yksityist\u00e4 yhteytt\u00e4 eli se ei ole SSL-suojattu. Joku voi n\u00e4hd\u00e4 tai muuttaa t\u00e4m\u00e4n sivuston kautta l\u00e4hetettyj\u00e4 tietoja. Vaikka sivusto ei olisi SSL-suojattu, se ei v\u00e4ltt\u00e4m\u00e4tt\u00e4 ole haitallinen tai huijaussivusto. \u00c4l\u00e4 kuitenkaan anna sivustoille mit\u00e4\u00e4n [&hellip;]<\/p>\n","protected":false},"author":263,"featured_media":0,"parent":0,"menu_order":0,"comment_status":"closed","ping_status":"closed","template":"","meta":{"_acf_changed":false,"footnotes":""},"class_list":["post-573","page","type-page","status-publish","hentry"],"acf":[],"yoast_head":"<!-- This site is optimized with the Yoast SEO plugin v27.1.1 - https:\/\/yoast.com\/product\/yoast-seo-wordpress\/ -->\n<title>Sivustojen turvallisuus - TUVET-MATERIAALIPANKKI<\/title>\n<meta name=\"robots\" content=\"index, follow, max-snippet:-1, max-image-preview:large, max-video-preview:-1\" \/>\n<link rel=\"canonical\" href=\"https:\/\/blogs.uef.fi\/tuvet-materiaalipankki\/sivustojen-turvallisuus\/\" \/>\n<meta property=\"og:locale\" content=\"fi_FI\" \/>\n<meta property=\"og:type\" content=\"article\" \/>\n<meta property=\"og:title\" content=\"Sivustojen turvallisuus - TUVET-MATERIAALIPANKKI\" \/>\n<meta property=\"og:description\" content=\"Sivustojen turvallisuus Mik\u00e4li sivustolla ei ole osoiteriviss\u00e4\u00e4n HTTPS-muotoa, useimmat verkkoselaimet m\u00e4\u00e4rittelev\u00e4t sen automaattisesti Ei turvalliseksi. T\u00e4m\u00e4 tarkoittaa, ett\u00e4 sivusto ei k\u00e4yt\u00e4 yksityist\u00e4 yhteytt\u00e4 eli se ei ole SSL-suojattu. Joku voi n\u00e4hd\u00e4 tai muuttaa t\u00e4m\u00e4n sivuston kautta l\u00e4hetettyj\u00e4 tietoja. Vaikka sivusto ei olisi SSL-suojattu, se ei v\u00e4ltt\u00e4m\u00e4tt\u00e4 ole haitallinen tai huijaussivusto. \u00c4l\u00e4 kuitenkaan anna sivustoille mit\u00e4\u00e4n [&hellip;]\" \/>\n<meta property=\"og:url\" content=\"https:\/\/blogs.uef.fi\/tuvet-materiaalipankki\/sivustojen-turvallisuus\/\" \/>\n<meta property=\"og:site_name\" content=\"TUVET-MATERIAALIPANKKI\" \/>\n<meta property=\"article:modified_time\" content=\"2020-04-02T10:14:30+00:00\" \/>\n<meta name=\"twitter:card\" content=\"summary_large_image\" \/>\n<meta name=\"twitter:label1\" content=\"Arvioitu lukuaika\" \/>\n\t<meta name=\"twitter:data1\" content=\"1 minuutti\" \/>\n<script type=\"application\/ld+json\" class=\"yoast-schema-graph\">{\"@context\":\"https:\/\/schema.org\",\"@graph\":[{\"@type\":\"WebPage\",\"@id\":\"https:\/\/blogs.uef.fi\/tuvet-materiaalipankki\/sivustojen-turvallisuus\/\",\"url\":\"https:\/\/blogs.uef.fi\/tuvet-materiaalipankki\/sivustojen-turvallisuus\/\",\"name\":\"Sivustojen turvallisuus - TUVET-MATERIAALIPANKKI\",\"isPartOf\":{\"@id\":\"https:\/\/blogs.uef.fi\/tuvet-materiaalipankki\/#website\"},\"datePublished\":\"2020-04-02T10:12:55+00:00\",\"dateModified\":\"2020-04-02T10:14:30+00:00\",\"breadcrumb\":{\"@id\":\"https:\/\/blogs.uef.fi\/tuvet-materiaalipankki\/sivustojen-turvallisuus\/#breadcrumb\"},\"inLanguage\":\"fi\",\"potentialAction\":[{\"@type\":\"ReadAction\",\"target\":[\"https:\/\/blogs.uef.fi\/tuvet-materiaalipankki\/sivustojen-turvallisuus\/\"]}]},{\"@type\":\"BreadcrumbList\",\"@id\":\"https:\/\/blogs.uef.fi\/tuvet-materiaalipankki\/sivustojen-turvallisuus\/#breadcrumb\",\"itemListElement\":[{\"@type\":\"ListItem\",\"position\":1,\"name\":\"Home\",\"item\":\"https:\/\/blogs.uef.fi\/tuvet-materiaalipankki\/\"},{\"@type\":\"ListItem\",\"position\":2,\"name\":\"Sivustojen turvallisuus\"}]},{\"@type\":\"WebSite\",\"@id\":\"https:\/\/blogs.uef.fi\/tuvet-materiaalipankki\/#website\",\"url\":\"https:\/\/blogs.uef.fi\/tuvet-materiaalipankki\/\",\"name\":\"TUVET-MATERIAALIPANKKI\",\"description\":\"\",\"potentialAction\":[{\"@type\":\"SearchAction\",\"target\":{\"@type\":\"EntryPoint\",\"urlTemplate\":\"https:\/\/blogs.uef.fi\/tuvet-materiaalipankki\/?s={search_term_string}\"},\"query-input\":{\"@type\":\"PropertyValueSpecification\",\"valueRequired\":true,\"valueName\":\"search_term_string\"}}],\"inLanguage\":\"fi\"}]}<\/script>\n<!-- \/ Yoast SEO plugin. -->","yoast_head_json":{"title":"Sivustojen turvallisuus - TUVET-MATERIAALIPANKKI","robots":{"index":"index","follow":"follow","max-snippet":"max-snippet:-1","max-image-preview":"max-image-preview:large","max-video-preview":"max-video-preview:-1"},"canonical":"https:\/\/blogs.uef.fi\/tuvet-materiaalipankki\/sivustojen-turvallisuus\/","og_locale":"fi_FI","og_type":"article","og_title":"Sivustojen turvallisuus - TUVET-MATERIAALIPANKKI","og_description":"Sivustojen turvallisuus Mik\u00e4li sivustolla ei ole osoiteriviss\u00e4\u00e4n HTTPS-muotoa, useimmat verkkoselaimet m\u00e4\u00e4rittelev\u00e4t sen automaattisesti Ei turvalliseksi. T\u00e4m\u00e4 tarkoittaa, ett\u00e4 sivusto ei k\u00e4yt\u00e4 yksityist\u00e4 yhteytt\u00e4 eli se ei ole SSL-suojattu. Joku voi n\u00e4hd\u00e4 tai muuttaa t\u00e4m\u00e4n sivuston kautta l\u00e4hetettyj\u00e4 tietoja. Vaikka sivusto ei olisi SSL-suojattu, se ei v\u00e4ltt\u00e4m\u00e4tt\u00e4 ole haitallinen tai huijaussivusto. \u00c4l\u00e4 kuitenkaan anna sivustoille mit\u00e4\u00e4n [&hellip;]","og_url":"https:\/\/blogs.uef.fi\/tuvet-materiaalipankki\/sivustojen-turvallisuus\/","og_site_name":"TUVET-MATERIAALIPANKKI","article_modified_time":"2020-04-02T10:14:30+00:00","twitter_card":"summary_large_image","twitter_misc":{"Arvioitu lukuaika":"1 minuutti"},"schema":{"@context":"https:\/\/schema.org","@graph":[{"@type":"WebPage","@id":"https:\/\/blogs.uef.fi\/tuvet-materiaalipankki\/sivustojen-turvallisuus\/","url":"https:\/\/blogs.uef.fi\/tuvet-materiaalipankki\/sivustojen-turvallisuus\/","name":"Sivustojen turvallisuus - TUVET-MATERIAALIPANKKI","isPartOf":{"@id":"https:\/\/blogs.uef.fi\/tuvet-materiaalipankki\/#website"},"datePublished":"2020-04-02T10:12:55+00:00","dateModified":"2020-04-02T10:14:30+00:00","breadcrumb":{"@id":"https:\/\/blogs.uef.fi\/tuvet-materiaalipankki\/sivustojen-turvallisuus\/#breadcrumb"},"inLanguage":"fi","potentialAction":[{"@type":"ReadAction","target":["https:\/\/blogs.uef.fi\/tuvet-materiaalipankki\/sivustojen-turvallisuus\/"]}]},{"@type":"BreadcrumbList","@id":"https:\/\/blogs.uef.fi\/tuvet-materiaalipankki\/sivustojen-turvallisuus\/#breadcrumb","itemListElement":[{"@type":"ListItem","position":1,"name":"Home","item":"https:\/\/blogs.uef.fi\/tuvet-materiaalipankki\/"},{"@type":"ListItem","position":2,"name":"Sivustojen turvallisuus"}]},{"@type":"WebSite","@id":"https:\/\/blogs.uef.fi\/tuvet-materiaalipankki\/#website","url":"https:\/\/blogs.uef.fi\/tuvet-materiaalipankki\/","name":"TUVET-MATERIAALIPANKKI","description":"","potentialAction":[{"@type":"SearchAction","target":{"@type":"EntryPoint","urlTemplate":"https:\/\/blogs.uef.fi\/tuvet-materiaalipankki\/?s={search_term_string}"},"query-input":{"@type":"PropertyValueSpecification","valueRequired":true,"valueName":"search_term_string"}}],"inLanguage":"fi"}]}},"_links":{"self":[{"href":"https:\/\/blogs.uef.fi\/tuvet-materiaalipankki\/wp-json\/wp\/v2\/pages\/573","targetHints":{"allow":["GET"]}}],"collection":[{"href":"https:\/\/blogs.uef.fi\/tuvet-materiaalipankki\/wp-json\/wp\/v2\/pages"}],"about":[{"href":"https:\/\/blogs.uef.fi\/tuvet-materiaalipankki\/wp-json\/wp\/v2\/types\/page"}],"author":[{"embeddable":true,"href":"https:\/\/blogs.uef.fi\/tuvet-materiaalipankki\/wp-json\/wp\/v2\/users\/263"}],"replies":[{"embeddable":true,"href":"https:\/\/blogs.uef.fi\/tuvet-materiaalipankki\/wp-json\/wp\/v2\/comments?post=573"}],"version-history":[{"count":2,"href":"https:\/\/blogs.uef.fi\/tuvet-materiaalipankki\/wp-json\/wp\/v2\/pages\/573\/revisions"}],"predecessor-version":[{"id":582,"href":"https:\/\/blogs.uef.fi\/tuvet-materiaalipankki\/wp-json\/wp\/v2\/pages\/573\/revisions\/582"}],"wp:attachment":[{"href":"https:\/\/blogs.uef.fi\/tuvet-materiaalipankki\/wp-json\/wp\/v2\/media?parent=573"}],"curies":[{"name":"wp","href":"https:\/\/api.w.org\/{rel}","templated":true}]}}