{"id":39,"date":"2019-08-19T11:47:40","date_gmt":"2019-08-19T08:47:40","guid":{"rendered":"https:\/\/blogs.uef.fi\/tuvet-materiaalipankki\/?page_id=39"},"modified":"2024-02-22T14:33:23","modified_gmt":"2024-02-22T12:33:23","slug":"psyykkiset-pulmat","status":"publish","type":"page","link":"https:\/\/blogs.uef.fi\/tuvet-materiaalipankki\/psyykkiset-pulmat\/","title":{"rendered":"Psyykkiset pulmat"},"content":{"rendered":"\n<h2 class=\"wp-block-heading\"><strong>Materiaalit:<\/strong><\/h2>\n\n\n\n<ul class=\"wp-block-list\">\n<li><strong><a href=\"http:\/\/www.asemanlapset.fi\/fi\/toimintamuotomme\/friends\">Friends.<\/a><\/strong>&nbsp;Friends on lasten,&nbsp;nuorten ja vanhempien mielen hyvinvointia edist\u00e4v\u00e4&nbsp;sek\u00e4 ahdistusta ja masennusta ennaltaehk\u00e4isev\u00e4 ohjelma. Aseman Lapset Ry.&nbsp;<em>(Lis\u00e4tty 10\/2019)<\/em><\/li>\n\n\n\n<li><a href=\"http:\/\/ihmeellisetvuodet.fi\/\"><strong>Ihmeelliset vuodet -menetelm\u00e4.<\/strong>&nbsp;<\/a>Menetelm\u00e4n avulla edistet\u00e4\u00e4n my\u00f6nteisi\u00e4 kasvatusmenetelmi\u00e4 kouluissa, p\u00e4iv\u00e4kodeissa ja kodeissa, autetaan vanhempia ja ammattikasvattajia k\u00e4sittelem\u00e4\u00e4n lasten k\u00e4yt\u00f6sh\u00e4iri\u00f6it\u00e4 sek\u00e4 parannetaan vanhemman \/ammattikasvattajan ja lasten v\u00e4list\u00e4 vuorovaikutusta. Suomen Mielenterveysseura.&nbsp;<em>(Lis\u00e4tty 10\/2019)<\/em><\/li>\n\n\n\n<li><strong><a href=\"http:\/\/www.suomenart.com\/mika-art-on\/\">Aggression Replacement Training\u00ae (ART).<\/a><\/strong> Menetelm\u00e4, jonka avulla voidaan opettaa ep\u00e4sosiaalisesti (aggressiivisesti tai vet\u00e4ytyv\u00e4sti) k\u00e4ytt\u00e4ytyville nuorille tai nuorille aikuisille valmiuksia rakentavaan vuorovaikutukseen.&nbsp;\u00a9 2019 Suomen ART ry.&nbsp;<em>(Lis\u00e4tty 10\/2019)<\/em><\/li>\n\n\n\n<li><strong><a href=\"http:\/\/setlementti-fi-bin.directo.fi\/@Bin\/f811d1989e92ae2e3a757c6d07ff2838\/1570269758\/application\/pdf\/1018809\/Voimaneidot,%20opas%20tytt%C3%B6jen%20oman%20voiman%20haltuunoton%20ja%20aggression%20hallinnan%20tukemiseen.pdf\">Voimaneidot.<\/a><\/strong>&nbsp;Opas tytt\u00f6jen oman voiman haltuunoton ja aggression hallinnan tukemiseen. Mari Lankinen, 2011.&nbsp;<em>(Lis\u00e4tty 10\/2019)<\/em><\/li>\n\n\n\n<li><strong><a href=\"https:\/\/tunneetsivat3.oph.oodles.fi\/\">Tunne-etsiv\u00e4t<\/a><\/strong>. Peli tunnetaitojen harjoitteluun 6-12 vuotiaille.&nbsp;Tuotanto:&nbsp;<a href=\"http:\/\/www.oph.fi\/\" target=\"_blank\" rel=\"noopener noreferrer\">Opetushallitus<\/a>&nbsp;|&nbsp;<a href=\"http:\/\/www.oodles.fi\/\" target=\"_blank\" rel=\"noopener noreferrer\">Oodles Solutions Oy<\/a>&nbsp;<em>(Lis\u00e4tty 10\/2019)<\/em><\/li>\n\n\n\n<li><strong><a href=\"https:\/\/mieli.fi\/fi\/pelit\/mielen-saaret\">Mielen saaret<\/a>.<\/strong> Seikkailullinen opetuspeli kertaa mielen hyvinvointiin liittyvi\u00e4 asioita. Peli on suunnattuu ala- ja yl\u00e4kouluik\u00e4isille. Suomen Mielenterveys Ry, 2009.&nbsp;<em>(Lis\u00e4tty 11\/2019)<\/em><\/li>\n\n\n\n<li><a href=\"https:\/\/magisgame.com\/\"><strong>Magis &#8211; Maaginen seikkailupeli<\/strong>.<\/a> Hyvinvoinnin edist\u00e4miseen ja kiusaamisen ennaltaehk\u00e4isyyn.&nbsp;<em>(Lis\u00e4tty 12\/2019)<\/em><\/li>\n\n\n\n<li><strong><a href=\"http:\/\/bit.ly\/avikouluttaayoutube\">Lapsi ja trauma -videot<\/a>.<\/strong> AVI Kouluttaa. Videot on tuottanut Pohjois-Suomen aluehallintoviraston opetus- ja kulttuuritoimi. <em>(Lis\u00e4tty 2\/2020)<\/em><\/li>\n<\/ul>\n\n\n\n<h2 class=\"wp-block-heading\"><strong>Kirjallisuus:&nbsp;<\/strong><\/h2>\n\n\n\n<ul class=\"wp-block-list\">\n<li>Ojala, T. (2017).&nbsp;<strong><a href=\"https:\/\/jyx.jyu.fi\/bitstream\/handle\/123456789\/53185\/978-951-39-6952-3_vaitos_17032017.pdf?sequence=3&amp;isAllowed=y\">Kun perusopetuksen oppilaat oireilevat psyykkisesti: Opettajien kokemuksia<\/a><\/strong>. Jyv\u00e4skyl\u00e4: University of Jyv\u00e4skyl\u00e4.&nbsp;<em>(Lis\u00e4tty 10\/2019)<\/em><\/li>\n\n\n\n<li>Moilanen, I., Mattila, M., Loukusa, S. &amp; Kielinen, M. (2012). <strong><a href=\"https:\/\/www.duodecimlehti.fi\/duo10395\">Autisminkirjon h\u00e4iri\u00f6t lapsilla ja nuorilla.&nbsp;<\/a><\/strong>Duodecim : l\u00e4\u00e4ketieteellinen aikakauskirja, 128(14), pp. 1453-1462.&nbsp;<em>(Lis\u00e4tty 10\/2019)<\/em><\/li>\n\n\n\n<li>Aronen, E. (2016). <a href=\"https:\/\/www.duodecimlehti.fi\/duo13145\"><strong>Lasten h\u00e4iri\u00f6k\u00e4ytt\u00e4ytyminen<\/strong>.<\/a>&nbsp;Duodecim : l\u00e4\u00e4ketieteellinen aikakauskirja, 10, pp. 961-966.&nbsp;<em>(Lis\u00e4tty 10\/2019)<\/em><\/li>\n\n\n\n<li>M\u00e4kel\u00e4, J. &amp; Salo, S. (2011). <strong><a href=\"https:\/\/www.duodecimlehti.fi\/duo99358\">Theraplay: Vanhemman ja lapsen v\u00e4linen vuorovaikutushoito lasten mielenterveysongelmissa.<\/a>&nbsp;<\/strong>Duodecim : l\u00e4\u00e4ketieteellinen aikakauskirja, 127(4), pp. 327-334.&nbsp;<em>(Lis\u00e4tty 10\/2019)<\/em><\/li>\n\n\n\n<li>Ruutu, P. (2019). <strong><a href=\"https:\/\/helda.helsinki.fi\/handle\/10138\/305843\">Psykiatrisessa erikoissairaanhoidossa hoidettujen lasten ja nuorten koulunk\u00e4ynnin tukeminen perusopetuksessa ja sairaalaopetuksen koetut vaikutukset koulunk\u00e4yntiin<\/a><\/strong>. Helsinki: University of Helsinki.&nbsp;<em>(Lis\u00e4tty 11<\/em><em>\/2019)<\/em><\/li>\n\n\n\n<li>Puranen, T. (2016).&nbsp;<strong><a href=\"https:\/\/storage.googleapis.com\/tukiliitto-production\/2017\/09\/hyvalla_mielella.pdf\">Hyv\u00e4ll\u00e4 mielell\u00e4: Mielen hyvinvoinnin opas selkokielell\u00e4.<\/a> <\/strong>Tampere: Kehitysvammaisten Tukiliitto ry.&nbsp;<em>(Lis\u00e4tty 11\/2019)<\/em><\/li>\n\n\n\n<li>Pursiainen, J. (2018).<a href=\"http:\/\/epublications.uef.fi\/pub\/urn_isbn_978-952-61-2777-4\/urn_isbn_978-952-61-2777-4.pdf\">&nbsp;<strong>&#8221;Kumpi oli positiivine? Hyv\u00e4 vai huono?&#8221;: Vahvuusl\u00e4ht\u00f6isen ja oppilaan sosioemotionaalista kompetenssia tukevan mallin luominen kouluyhteis\u00f6\u00f6n.<\/strong><\/a> Joensuu: University of Eastern Finland.&nbsp;<em>(Lis\u00e4tty 11\/2019)<\/em><\/li>\n\n\n\n<li>Puustj\u00e4rvi, A. &amp; Luoma, I. (2019)<strong><a href=\"https:\/\/www.potilaanlaakarilehti.fi\/site\/assets\/files\/0\/53\/18\/755\/sll32019-114.pdf\"> \u201dMutta onko t\u00e4m\u00e4 lapsi koulukuntoinen?\u201d<\/a><\/strong><br>Koulunk\u00e4yntikyvyn arviointi ja tukeminen.&nbsp;L\u00e4\u00e4k\u00e4rilehti 3\/2019(74), pp. 114-120.&nbsp;<em>(Lis\u00e4tty 11\/2019)<\/em><\/li>\n\n\n\n<li>Kerola, K., Sipil\u00e4, A., Kallio, A., &amp; Kerola, K. (2017).&nbsp;<strong><i>Haastava k\u00e4ytt\u00e4ytyminen\u202f: muutoksen mahdollisuuksia&nbsp;<\/i>.<\/strong> Jyv\u00e4skyl\u00e4: Valteri-koulu. <a href=\"https:\/\/www.valteri.fi\/haastava-kayttaytyminen-kirja-tutustu-ja-tilaa\/\">Tilattavissa Valterin verkkopuodista<\/a>.&nbsp;<em>(Lis\u00e4tty 1\/2020)<\/em><\/li>\n<\/ul>\n\n\n\n<h2 class=\"wp-block-heading\">Verkkosivut:<\/h2>\n\n\n\n<ul class=\"wp-block-list\">\n<li><a href=\"https:\/\/www.mielenterveystalo.fi\/nuoret\/pages\/default.aspx\"><strong>Mielenterveystalo: Nuoret<\/strong>.<\/a>&nbsp;<em>(Lis\u00e4tty 10\/2019)<\/em><\/li>\n\n\n\n<li><strong><a href=\"https:\/\/www.mielenterveystalo.fi\/lapset\/pages\/default.aspx\">Mielenterveystalo: Lapset.<\/a>&nbsp;<\/strong><em>(Lis\u00e4tty 10\/2019)<\/em><\/li>\n\n\n\n<li><a href=\"https:\/\/mieli.fi\/fi\/kehitt%C3%A4mistoiminta\/lapset-ja-nuoret\"><strong>Suomen Mielenterveys ry: Lapset ja nuoret<\/strong>.&nbsp;<\/a><em>(Lis\u00e4tty 10\/2019)<\/em><\/li>\n\n\n\n<li><strong><a href=\"http:\/\/www.hyvaollakoulussa.fi\/?fbclid=IwAR2AEkovgD3sP48Upxp7MYhtFCP42W0nht5FTrPabulMbdL86tf-HMiWfXU\">Hyv\u00e4 olla koulussa -hanke.<\/a><\/strong>&nbsp;<em>(Lis\u00e4tty 10\/2019)<\/em><\/li>\n\n\n\n<li><strong><a href=\"https:\/\/erityisvoimia.fi\/\">Erityisvoimia<\/a>-sivusto.<\/strong>&nbsp;<em>(Lis\u00e4tty 1\/2020)<\/em><\/li>\n\n\n\n<li><strong><a href=\"https:\/\/sekasin247.fi\/\">Sekasin-tukichat<\/a>.<\/strong> Suomen Mielenterveys ry.&nbsp;<em>(Lis\u00e4tty 1\/2020)<\/em><\/li>\n<\/ul>\n\n\n\n<p>Sivustoa yll\u00e4pit\u00e4\u00e4&nbsp;<a href=\"http:\/\/tuvet.fi\/\">TUVET-hanke<\/a><\/p>\n\n\n\n<p>Sivustolle ker\u00e4tyt materiaalit ovat eri tekij\u00f6iden tuottamia. TUVET-hanke ei omista materiaaleja ellei niin ole erikseen merkitty.<\/p>\n","protected":false},"excerpt":{"rendered":"<p>Materiaalit: Kirjallisuus:&nbsp; Verkkosivut: Sivustoa yll\u00e4pit\u00e4\u00e4&nbsp;TUVET-hanke Sivustolle ker\u00e4tyt materiaalit ovat eri tekij\u00f6iden tuottamia. TUVET-hanke ei omista materiaaleja ellei niin ole erikseen merkitty.<\/p>\n","protected":false},"author":263,"featured_media":77,"parent":0,"menu_order":0,"comment_status":"closed","ping_status":"closed","template":"","meta":{"_acf_changed":false,"footnotes":""},"class_list":["post-39","page","type-page","status-publish","has-post-thumbnail","hentry"],"acf":[],"yoast_head":"<!-- This site is optimized with the Yoast SEO plugin v27.3 - https:\/\/yoast.com\/product\/yoast-seo-wordpress\/ -->\n<title>Psyykkiset pulmat - TUVET-MATERIAALIPANKKI<\/title>\n<meta name=\"robots\" content=\"index, follow, max-snippet:-1, max-image-preview:large, max-video-preview:-1\" \/>\n<link rel=\"canonical\" href=\"https:\/\/blogs.uef.fi\/tuvet-materiaalipankki\/psyykkiset-pulmat\/\" \/>\n<meta property=\"og:locale\" content=\"fi_FI\" \/>\n<meta property=\"og:type\" content=\"article\" \/>\n<meta property=\"og:title\" content=\"Psyykkiset pulmat - TUVET-MATERIAALIPANKKI\" \/>\n<meta property=\"og:description\" content=\"Materiaalit: Kirjallisuus:&nbsp; Verkkosivut: Sivustoa yll\u00e4pit\u00e4\u00e4&nbsp;TUVET-hanke Sivustolle ker\u00e4tyt materiaalit ovat eri tekij\u00f6iden tuottamia. TUVET-hanke ei omista materiaaleja ellei niin ole erikseen merkitty.\" \/>\n<meta property=\"og:url\" content=\"https:\/\/blogs.uef.fi\/tuvet-materiaalipankki\/psyykkiset-pulmat\/\" \/>\n<meta property=\"og:site_name\" content=\"TUVET-MATERIAALIPANKKI\" \/>\n<meta property=\"article:modified_time\" content=\"2024-02-22T12:33:23+00:00\" \/>\n<meta property=\"og:image\" content=\"https:\/\/blogs.uef.fi\/tuvet-materiaalipankki\/wp-content\/uploads\/sites\/107\/2019\/10\/Nettisivukuva.png\" \/>\n\t<meta property=\"og:image:width\" content=\"820\" \/>\n\t<meta property=\"og:image:height\" content=\"250\" \/>\n\t<meta property=\"og:image:type\" content=\"image\/png\" \/>\n<meta name=\"twitter:card\" content=\"summary_large_image\" \/>\n<meta name=\"twitter:label1\" content=\"Arvioitu lukuaika\" \/>\n\t<meta name=\"twitter:data1\" content=\"2 minuuttia\" \/>\n<script type=\"application\/ld+json\" class=\"yoast-schema-graph\">{\"@context\":\"https:\\\/\\\/schema.org\",\"@graph\":[{\"@type\":\"WebPage\",\"@id\":\"https:\\\/\\\/blogs.uef.fi\\\/tuvet-materiaalipankki\\\/psyykkiset-pulmat\\\/\",\"url\":\"https:\\\/\\\/blogs.uef.fi\\\/tuvet-materiaalipankki\\\/psyykkiset-pulmat\\\/\",\"name\":\"Psyykkiset pulmat - TUVET-MATERIAALIPANKKI\",\"isPartOf\":{\"@id\":\"https:\\\/\\\/blogs.uef.fi\\\/tuvet-materiaalipankki\\\/#website\"},\"primaryImageOfPage\":{\"@id\":\"https:\\\/\\\/blogs.uef.fi\\\/tuvet-materiaalipankki\\\/psyykkiset-pulmat\\\/#primaryimage\"},\"image\":{\"@id\":\"https:\\\/\\\/blogs.uef.fi\\\/tuvet-materiaalipankki\\\/psyykkiset-pulmat\\\/#primaryimage\"},\"thumbnailUrl\":\"https:\\\/\\\/blogs.uef.fi\\\/tuvet-materiaalipankki\\\/wp-content\\\/uploads\\\/sites\\\/107\\\/2019\\\/10\\\/Nettisivukuva.png\",\"datePublished\":\"2019-08-19T08:47:40+00:00\",\"dateModified\":\"2024-02-22T12:33:23+00:00\",\"breadcrumb\":{\"@id\":\"https:\\\/\\\/blogs.uef.fi\\\/tuvet-materiaalipankki\\\/psyykkiset-pulmat\\\/#breadcrumb\"},\"inLanguage\":\"fi\",\"potentialAction\":[{\"@type\":\"ReadAction\",\"target\":[\"https:\\\/\\\/blogs.uef.fi\\\/tuvet-materiaalipankki\\\/psyykkiset-pulmat\\\/\"]}]},{\"@type\":\"ImageObject\",\"inLanguage\":\"fi\",\"@id\":\"https:\\\/\\\/blogs.uef.fi\\\/tuvet-materiaalipankki\\\/psyykkiset-pulmat\\\/#primaryimage\",\"url\":\"https:\\\/\\\/blogs.uef.fi\\\/tuvet-materiaalipankki\\\/wp-content\\\/uploads\\\/sites\\\/107\\\/2019\\\/10\\\/Nettisivukuva.png\",\"contentUrl\":\"https:\\\/\\\/blogs.uef.fi\\\/tuvet-materiaalipankki\\\/wp-content\\\/uploads\\\/sites\\\/107\\\/2019\\\/10\\\/Nettisivukuva.png\",\"width\":820,\"height\":250,\"caption\":\"Aulatila, jossa biljardip\u00f6yt\u00e4 ja sohvia\"},{\"@type\":\"BreadcrumbList\",\"@id\":\"https:\\\/\\\/blogs.uef.fi\\\/tuvet-materiaalipankki\\\/psyykkiset-pulmat\\\/#breadcrumb\",\"itemListElement\":[{\"@type\":\"ListItem\",\"position\":1,\"name\":\"Home\",\"item\":\"https:\\\/\\\/blogs.uef.fi\\\/tuvet-materiaalipankki\\\/\"},{\"@type\":\"ListItem\",\"position\":2,\"name\":\"Psyykkiset pulmat\"}]},{\"@type\":\"WebSite\",\"@id\":\"https:\\\/\\\/blogs.uef.fi\\\/tuvet-materiaalipankki\\\/#website\",\"url\":\"https:\\\/\\\/blogs.uef.fi\\\/tuvet-materiaalipankki\\\/\",\"name\":\"TUVET-MATERIAALIPANKKI\",\"description\":\"\",\"potentialAction\":[{\"@type\":\"SearchAction\",\"target\":{\"@type\":\"EntryPoint\",\"urlTemplate\":\"https:\\\/\\\/blogs.uef.fi\\\/tuvet-materiaalipankki\\\/?s={search_term_string}\"},\"query-input\":{\"@type\":\"PropertyValueSpecification\",\"valueRequired\":true,\"valueName\":\"search_term_string\"}}],\"inLanguage\":\"fi\"}]}<\/script>\n<!-- \/ Yoast SEO plugin. -->","yoast_head_json":{"title":"Psyykkiset pulmat - TUVET-MATERIAALIPANKKI","robots":{"index":"index","follow":"follow","max-snippet":"max-snippet:-1","max-image-preview":"max-image-preview:large","max-video-preview":"max-video-preview:-1"},"canonical":"https:\/\/blogs.uef.fi\/tuvet-materiaalipankki\/psyykkiset-pulmat\/","og_locale":"fi_FI","og_type":"article","og_title":"Psyykkiset pulmat - TUVET-MATERIAALIPANKKI","og_description":"Materiaalit: Kirjallisuus:&nbsp; Verkkosivut: Sivustoa yll\u00e4pit\u00e4\u00e4&nbsp;TUVET-hanke Sivustolle ker\u00e4tyt materiaalit ovat eri tekij\u00f6iden tuottamia. TUVET-hanke ei omista materiaaleja ellei niin ole erikseen merkitty.","og_url":"https:\/\/blogs.uef.fi\/tuvet-materiaalipankki\/psyykkiset-pulmat\/","og_site_name":"TUVET-MATERIAALIPANKKI","article_modified_time":"2024-02-22T12:33:23+00:00","og_image":[{"width":820,"height":250,"url":"https:\/\/blogs.uef.fi\/tuvet-materiaalipankki\/wp-content\/uploads\/sites\/107\/2019\/10\/Nettisivukuva.png","type":"image\/png"}],"twitter_card":"summary_large_image","twitter_misc":{"Arvioitu lukuaika":"2 minuuttia"},"schema":{"@context":"https:\/\/schema.org","@graph":[{"@type":"WebPage","@id":"https:\/\/blogs.uef.fi\/tuvet-materiaalipankki\/psyykkiset-pulmat\/","url":"https:\/\/blogs.uef.fi\/tuvet-materiaalipankki\/psyykkiset-pulmat\/","name":"Psyykkiset pulmat - TUVET-MATERIAALIPANKKI","isPartOf":{"@id":"https:\/\/blogs.uef.fi\/tuvet-materiaalipankki\/#website"},"primaryImageOfPage":{"@id":"https:\/\/blogs.uef.fi\/tuvet-materiaalipankki\/psyykkiset-pulmat\/#primaryimage"},"image":{"@id":"https:\/\/blogs.uef.fi\/tuvet-materiaalipankki\/psyykkiset-pulmat\/#primaryimage"},"thumbnailUrl":"https:\/\/blogs.uef.fi\/tuvet-materiaalipankki\/wp-content\/uploads\/sites\/107\/2019\/10\/Nettisivukuva.png","datePublished":"2019-08-19T08:47:40+00:00","dateModified":"2024-02-22T12:33:23+00:00","breadcrumb":{"@id":"https:\/\/blogs.uef.fi\/tuvet-materiaalipankki\/psyykkiset-pulmat\/#breadcrumb"},"inLanguage":"fi","potentialAction":[{"@type":"ReadAction","target":["https:\/\/blogs.uef.fi\/tuvet-materiaalipankki\/psyykkiset-pulmat\/"]}]},{"@type":"ImageObject","inLanguage":"fi","@id":"https:\/\/blogs.uef.fi\/tuvet-materiaalipankki\/psyykkiset-pulmat\/#primaryimage","url":"https:\/\/blogs.uef.fi\/tuvet-materiaalipankki\/wp-content\/uploads\/sites\/107\/2019\/10\/Nettisivukuva.png","contentUrl":"https:\/\/blogs.uef.fi\/tuvet-materiaalipankki\/wp-content\/uploads\/sites\/107\/2019\/10\/Nettisivukuva.png","width":820,"height":250,"caption":"Aulatila, jossa biljardip\u00f6yt\u00e4 ja sohvia"},{"@type":"BreadcrumbList","@id":"https:\/\/blogs.uef.fi\/tuvet-materiaalipankki\/psyykkiset-pulmat\/#breadcrumb","itemListElement":[{"@type":"ListItem","position":1,"name":"Home","item":"https:\/\/blogs.uef.fi\/tuvet-materiaalipankki\/"},{"@type":"ListItem","position":2,"name":"Psyykkiset pulmat"}]},{"@type":"WebSite","@id":"https:\/\/blogs.uef.fi\/tuvet-materiaalipankki\/#website","url":"https:\/\/blogs.uef.fi\/tuvet-materiaalipankki\/","name":"TUVET-MATERIAALIPANKKI","description":"","potentialAction":[{"@type":"SearchAction","target":{"@type":"EntryPoint","urlTemplate":"https:\/\/blogs.uef.fi\/tuvet-materiaalipankki\/?s={search_term_string}"},"query-input":{"@type":"PropertyValueSpecification","valueRequired":true,"valueName":"search_term_string"}}],"inLanguage":"fi"}]}},"_links":{"self":[{"href":"https:\/\/blogs.uef.fi\/tuvet-materiaalipankki\/wp-json\/wp\/v2\/pages\/39","targetHints":{"allow":["GET"]}}],"collection":[{"href":"https:\/\/blogs.uef.fi\/tuvet-materiaalipankki\/wp-json\/wp\/v2\/pages"}],"about":[{"href":"https:\/\/blogs.uef.fi\/tuvet-materiaalipankki\/wp-json\/wp\/v2\/types\/page"}],"author":[{"embeddable":true,"href":"https:\/\/blogs.uef.fi\/tuvet-materiaalipankki\/wp-json\/wp\/v2\/users\/263"}],"replies":[{"embeddable":true,"href":"https:\/\/blogs.uef.fi\/tuvet-materiaalipankki\/wp-json\/wp\/v2\/comments?post=39"}],"version-history":[{"count":2,"href":"https:\/\/blogs.uef.fi\/tuvet-materiaalipankki\/wp-json\/wp\/v2\/pages\/39\/revisions"}],"predecessor-version":[{"id":1129,"href":"https:\/\/blogs.uef.fi\/tuvet-materiaalipankki\/wp-json\/wp\/v2\/pages\/39\/revisions\/1129"}],"wp:featuredmedia":[{"embeddable":true,"href":"https:\/\/blogs.uef.fi\/tuvet-materiaalipankki\/wp-json\/wp\/v2\/media\/77"}],"wp:attachment":[{"href":"https:\/\/blogs.uef.fi\/tuvet-materiaalipankki\/wp-json\/wp\/v2\/media?parent=39"}],"curies":[{"name":"wp","href":"https:\/\/api.w.org\/{rel}","templated":true}]}}