{"id":27,"date":"2019-08-19T11:47:10","date_gmt":"2019-08-19T08:47:10","guid":{"rendered":"https:\/\/blogs.uef.fi\/tuvet-materiaalipankki\/?page_id=27"},"modified":"2024-02-22T14:29:18","modified_gmt":"2024-02-22T12:29:18","slug":"tervetuloa","status":"publish","type":"page","link":"https:\/\/blogs.uef.fi\/tuvet-materiaalipankki\/","title":{"rendered":"Etusivu"},"content":{"rendered":"\n<h2 class=\"wp-block-heading\">Tervetuloa<\/h2>\n\n\n\n<p>T\u00e4lle sivustolle kootaan materiaali- ja linkkivinkkej\u00e4 <strong>vaativan erityisen tuen toimijoille<\/strong>. Sivustoa yll\u00e4pit\u00e4\u00e4 <a href=\"http:\/\/tuvet.fi\">TUVET-hanke<\/a> ja materiaalia hankitaan yhteisty\u00f6ss\u00e4 eri toimijoiden kanssa. Materiaalit ovat eri tekij\u00f6iden tuottamia eik\u00e4 TUVET-hanke omista niit\u00e4.<\/p>\n\n\n\n<p><strong>Tutustu my\u00f6s kansallisen vaativan erityisen tuen VIP-verkoston <a href=\"https:\/\/vip-verkosto.fi\/vip-tietoiskut\/\">tietoiskuihin<\/a>, <a href=\"https:\/\/vip-verkosto.fi\/tapahtumat\/\">koulutuksiin<\/a> ja <a href=\"https:\/\/vip-verkosto.fi\/teemaryhmat\/\">materiaaleihin<\/a> vaativasta erityisest\u00e4 tuesta.<\/strong><\/p>\n\n\n\n<p><em>\u201dVaativaa ja moniammatillista erityist\u00e4 tukea oppimiseensa ja kuntoutumiseensa tarvitsevat lapset ja nuoret, joilla on vakavia psyykkisi\u00e4 pulmia, moni- tai vaikeavammaisuutta, kehitysvammaisuutta tai autismikirjoa. <i>Lis\u00e4ksi ryhm\u00e4\u00e4n saattaa kuulua lapsia, joiden opetus j\u00e4rjestet\u00e4\u00e4n perusopetuslain 18 pyk\u00e4l\u00e4n mukaisesti.<\/i>\u201d<\/em><\/p>\n\n\n\n<p>Tutustu <a href=\"https:\/\/www.tuvet.fi\/vaativa-erityinen-tuki\/\">vaativan erityisen&nbsp;<\/a><a href=\"https:\/\/www.tuvet.fi\/vaativa-erityinen-tuki\/\">tuen k\u00e4sitteeseen<\/a> ja TUVET-hankkeeseen <a href=\"http:\/\/tuvet.fi\">nettisivuillamme<\/a>.<\/p>\n\n\n\n<figure class=\"wp-block-image aligncenter\"><img loading=\"lazy\" decoding=\"async\" width=\"1341\" height=\"164\" src=\"https:\/\/blogs.uef.fi\/tuvet-materiaalipankki\/wp-content\/uploads\/sites\/107\/2019\/10\/kaikkilogot.png\" alt=\"Logot: K\u00e4rkihanke, OKM, Helsingin yliopisto, It\u00e4-Suomen yliopisto, Jyv\u00e4skyl\u00e4n yliopisto, ja yhteisty\u00f6ss\u00e4 Valteri, VIP-verkosto\" class=\"wp-image-257\" srcset=\"https:\/\/blogs.uef.fi\/tuvet-materiaalipankki\/wp-content\/uploads\/sites\/107\/2019\/10\/kaikkilogot.png 1341w, https:\/\/blogs.uef.fi\/tuvet-materiaalipankki\/wp-content\/uploads\/sites\/107\/2019\/10\/kaikkilogot-300x37.png 300w, https:\/\/blogs.uef.fi\/tuvet-materiaalipankki\/wp-content\/uploads\/sites\/107\/2019\/10\/kaikkilogot-768x94.png 768w, https:\/\/blogs.uef.fi\/tuvet-materiaalipankki\/wp-content\/uploads\/sites\/107\/2019\/10\/kaikkilogot-1024x125.png 1024w, https:\/\/blogs.uef.fi\/tuvet-materiaalipankki\/wp-content\/uploads\/sites\/107\/2019\/10\/kaikkilogot-500x61.png 500w\" sizes=\"auto, (max-width: 1341px) 100vw, 1341px\" \/><\/figure>\n\n\n\n<p>Sivustoa yll\u00e4pit\u00e4\u00e4&nbsp;<a href=\"http:\/\/tuvet.fi\/\">TUVET-hanke<\/a><\/p>\n\n\n\n<p>Sivustolle ker\u00e4tyt materiaalit ovat eri tekij\u00f6iden tuottamia. TUVET-hanke ei omista materiaaleja ellei niin ole erikseen merkitty.<\/p>\n","protected":false},"excerpt":{"rendered":"<p>Tervetuloa T\u00e4lle sivustolle kootaan materiaali- ja linkkivinkkej\u00e4 vaativan erityisen tuen toimijoille. Sivustoa yll\u00e4pit\u00e4\u00e4 TUVET-hanke ja materiaalia hankitaan yhteisty\u00f6ss\u00e4 eri toimijoiden kanssa. Materiaalit ovat eri tekij\u00f6iden tuottamia eik\u00e4 TUVET-hanke omista niit\u00e4. Tutustu my\u00f6s kansallisen vaativan erityisen tuen VIP-verkoston tietoiskuihin, koulutuksiin ja materiaaleihin vaativasta erityisest\u00e4 tuesta. \u201dVaativaa ja moniammatillista erityist\u00e4 tukea oppimiseensa ja kuntoutumiseensa tarvitsevat lapset ja [&hellip;]<\/p>\n","protected":false},"author":263,"featured_media":0,"parent":0,"menu_order":0,"comment_status":"closed","ping_status":"closed","template":"","meta":{"_acf_changed":false,"footnotes":""},"class_list":["post-27","page","type-page","status-publish","hentry"],"acf":[],"yoast_head":"<!-- This site is optimized with the Yoast SEO plugin v27.3 - https:\/\/yoast.com\/product\/yoast-seo-wordpress\/ -->\n<title>Etusivu - TUVET-MATERIAALIPANKKI<\/title>\n<meta name=\"robots\" content=\"index, follow, max-snippet:-1, max-image-preview:large, max-video-preview:-1\" \/>\n<link rel=\"canonical\" href=\"https:\/\/blogs.uef.fi\/tuvet-materiaalipankki\/\" \/>\n<meta property=\"og:locale\" content=\"fi_FI\" \/>\n<meta property=\"og:type\" content=\"article\" \/>\n<meta property=\"og:title\" content=\"Etusivu - TUVET-MATERIAALIPANKKI\" \/>\n<meta property=\"og:description\" content=\"Tervetuloa T\u00e4lle sivustolle kootaan materiaali- ja linkkivinkkej\u00e4 vaativan erityisen tuen toimijoille. Sivustoa yll\u00e4pit\u00e4\u00e4 TUVET-hanke ja materiaalia hankitaan yhteisty\u00f6ss\u00e4 eri toimijoiden kanssa. Materiaalit ovat eri tekij\u00f6iden tuottamia eik\u00e4 TUVET-hanke omista niit\u00e4. Tutustu my\u00f6s kansallisen vaativan erityisen tuen VIP-verkoston tietoiskuihin, koulutuksiin ja materiaaleihin vaativasta erityisest\u00e4 tuesta. \u201dVaativaa ja moniammatillista erityist\u00e4 tukea oppimiseensa ja kuntoutumiseensa tarvitsevat lapset ja [&hellip;]\" \/>\n<meta property=\"og:url\" content=\"https:\/\/blogs.uef.fi\/tuvet-materiaalipankki\/\" \/>\n<meta property=\"og:site_name\" content=\"TUVET-MATERIAALIPANKKI\" \/>\n<meta property=\"article:modified_time\" content=\"2024-02-22T12:29:18+00:00\" \/>\n<meta property=\"og:image\" content=\"https:\/\/blogs.uef.fi\/tuvet-materiaalipankki\/wp-content\/uploads\/sites\/107\/2019\/10\/kaikkilogot.png\" \/>\n<meta name=\"twitter:card\" content=\"summary_large_image\" \/>\n<meta name=\"twitter:label1\" content=\"Arvioitu lukuaika\" \/>\n\t<meta name=\"twitter:data1\" content=\"1 minuutti\" \/>\n<script type=\"application\/ld+json\" class=\"yoast-schema-graph\">{\"@context\":\"https:\\\/\\\/schema.org\",\"@graph\":[{\"@type\":\"WebPage\",\"@id\":\"https:\\\/\\\/blogs.uef.fi\\\/tuvet-materiaalipankki\\\/\",\"url\":\"https:\\\/\\\/blogs.uef.fi\\\/tuvet-materiaalipankki\\\/\",\"name\":\"Etusivu - TUVET-MATERIAALIPANKKI\",\"isPartOf\":{\"@id\":\"https:\\\/\\\/blogs.uef.fi\\\/tuvet-materiaalipankki\\\/#website\"},\"primaryImageOfPage\":{\"@id\":\"https:\\\/\\\/blogs.uef.fi\\\/tuvet-materiaalipankki\\\/#primaryimage\"},\"image\":{\"@id\":\"https:\\\/\\\/blogs.uef.fi\\\/tuvet-materiaalipankki\\\/#primaryimage\"},\"thumbnailUrl\":\"https:\\\/\\\/blogs.uef.fi\\\/tuvet-materiaalipankki\\\/wp-content\\\/uploads\\\/sites\\\/107\\\/2019\\\/10\\\/kaikkilogot.png\",\"datePublished\":\"2019-08-19T08:47:10+00:00\",\"dateModified\":\"2024-02-22T12:29:18+00:00\",\"breadcrumb\":{\"@id\":\"https:\\\/\\\/blogs.uef.fi\\\/tuvet-materiaalipankki\\\/#breadcrumb\"},\"inLanguage\":\"fi\",\"potentialAction\":[{\"@type\":\"ReadAction\",\"target\":[\"https:\\\/\\\/blogs.uef.fi\\\/tuvet-materiaalipankki\\\/\"]}]},{\"@type\":\"ImageObject\",\"inLanguage\":\"fi\",\"@id\":\"https:\\\/\\\/blogs.uef.fi\\\/tuvet-materiaalipankki\\\/#primaryimage\",\"url\":\"https:\\\/\\\/blogs.uef.fi\\\/tuvet-materiaalipankki\\\/wp-content\\\/uploads\\\/sites\\\/107\\\/2019\\\/10\\\/kaikkilogot.png\",\"contentUrl\":\"https:\\\/\\\/blogs.uef.fi\\\/tuvet-materiaalipankki\\\/wp-content\\\/uploads\\\/sites\\\/107\\\/2019\\\/10\\\/kaikkilogot.png\",\"width\":1341,\"height\":164,\"caption\":\"Logot: K\u00e4rkihanke, OKM, Helsingin yliopisto, It\u00e4-Suomen yliopisto, Jyv\u00e4skyl\u00e4n yliopisto, ja yhteisty\u00f6ss\u00e4 Valteri, VIP-verkosto\"},{\"@type\":\"BreadcrumbList\",\"@id\":\"https:\\\/\\\/blogs.uef.fi\\\/tuvet-materiaalipankki\\\/#breadcrumb\",\"itemListElement\":[{\"@type\":\"ListItem\",\"position\":1,\"name\":\"Home\",\"item\":\"https:\\\/\\\/blogs.uef.fi\\\/tuvet-materiaalipankki\\\/\"},{\"@type\":\"ListItem\",\"position\":2,\"name\":\"Etusivu\"}]},{\"@type\":\"WebSite\",\"@id\":\"https:\\\/\\\/blogs.uef.fi\\\/tuvet-materiaalipankki\\\/#website\",\"url\":\"https:\\\/\\\/blogs.uef.fi\\\/tuvet-materiaalipankki\\\/\",\"name\":\"TUVET-MATERIAALIPANKKI\",\"description\":\"\",\"potentialAction\":[{\"@type\":\"SearchAction\",\"target\":{\"@type\":\"EntryPoint\",\"urlTemplate\":\"https:\\\/\\\/blogs.uef.fi\\\/tuvet-materiaalipankki\\\/?s={search_term_string}\"},\"query-input\":{\"@type\":\"PropertyValueSpecification\",\"valueRequired\":true,\"valueName\":\"search_term_string\"}}],\"inLanguage\":\"fi\"}]}<\/script>\n<!-- \/ Yoast SEO plugin. -->","yoast_head_json":{"title":"Etusivu - TUVET-MATERIAALIPANKKI","robots":{"index":"index","follow":"follow","max-snippet":"max-snippet:-1","max-image-preview":"max-image-preview:large","max-video-preview":"max-video-preview:-1"},"canonical":"https:\/\/blogs.uef.fi\/tuvet-materiaalipankki\/","og_locale":"fi_FI","og_type":"article","og_title":"Etusivu - TUVET-MATERIAALIPANKKI","og_description":"Tervetuloa T\u00e4lle sivustolle kootaan materiaali- ja linkkivinkkej\u00e4 vaativan erityisen tuen toimijoille. Sivustoa yll\u00e4pit\u00e4\u00e4 TUVET-hanke ja materiaalia hankitaan yhteisty\u00f6ss\u00e4 eri toimijoiden kanssa. Materiaalit ovat eri tekij\u00f6iden tuottamia eik\u00e4 TUVET-hanke omista niit\u00e4. Tutustu my\u00f6s kansallisen vaativan erityisen tuen VIP-verkoston tietoiskuihin, koulutuksiin ja materiaaleihin vaativasta erityisest\u00e4 tuesta. \u201dVaativaa ja moniammatillista erityist\u00e4 tukea oppimiseensa ja kuntoutumiseensa tarvitsevat lapset ja [&hellip;]","og_url":"https:\/\/blogs.uef.fi\/tuvet-materiaalipankki\/","og_site_name":"TUVET-MATERIAALIPANKKI","article_modified_time":"2024-02-22T12:29:18+00:00","og_image":[{"url":"https:\/\/blogs.uef.fi\/tuvet-materiaalipankki\/wp-content\/uploads\/sites\/107\/2019\/10\/kaikkilogot.png","type":"","width":"","height":""}],"twitter_card":"summary_large_image","twitter_misc":{"Arvioitu lukuaika":"1 minuutti"},"schema":{"@context":"https:\/\/schema.org","@graph":[{"@type":"WebPage","@id":"https:\/\/blogs.uef.fi\/tuvet-materiaalipankki\/","url":"https:\/\/blogs.uef.fi\/tuvet-materiaalipankki\/","name":"Etusivu - TUVET-MATERIAALIPANKKI","isPartOf":{"@id":"https:\/\/blogs.uef.fi\/tuvet-materiaalipankki\/#website"},"primaryImageOfPage":{"@id":"https:\/\/blogs.uef.fi\/tuvet-materiaalipankki\/#primaryimage"},"image":{"@id":"https:\/\/blogs.uef.fi\/tuvet-materiaalipankki\/#primaryimage"},"thumbnailUrl":"https:\/\/blogs.uef.fi\/tuvet-materiaalipankki\/wp-content\/uploads\/sites\/107\/2019\/10\/kaikkilogot.png","datePublished":"2019-08-19T08:47:10+00:00","dateModified":"2024-02-22T12:29:18+00:00","breadcrumb":{"@id":"https:\/\/blogs.uef.fi\/tuvet-materiaalipankki\/#breadcrumb"},"inLanguage":"fi","potentialAction":[{"@type":"ReadAction","target":["https:\/\/blogs.uef.fi\/tuvet-materiaalipankki\/"]}]},{"@type":"ImageObject","inLanguage":"fi","@id":"https:\/\/blogs.uef.fi\/tuvet-materiaalipankki\/#primaryimage","url":"https:\/\/blogs.uef.fi\/tuvet-materiaalipankki\/wp-content\/uploads\/sites\/107\/2019\/10\/kaikkilogot.png","contentUrl":"https:\/\/blogs.uef.fi\/tuvet-materiaalipankki\/wp-content\/uploads\/sites\/107\/2019\/10\/kaikkilogot.png","width":1341,"height":164,"caption":"Logot: K\u00e4rkihanke, OKM, Helsingin yliopisto, It\u00e4-Suomen yliopisto, Jyv\u00e4skyl\u00e4n yliopisto, ja yhteisty\u00f6ss\u00e4 Valteri, VIP-verkosto"},{"@type":"BreadcrumbList","@id":"https:\/\/blogs.uef.fi\/tuvet-materiaalipankki\/#breadcrumb","itemListElement":[{"@type":"ListItem","position":1,"name":"Home","item":"https:\/\/blogs.uef.fi\/tuvet-materiaalipankki\/"},{"@type":"ListItem","position":2,"name":"Etusivu"}]},{"@type":"WebSite","@id":"https:\/\/blogs.uef.fi\/tuvet-materiaalipankki\/#website","url":"https:\/\/blogs.uef.fi\/tuvet-materiaalipankki\/","name":"TUVET-MATERIAALIPANKKI","description":"","potentialAction":[{"@type":"SearchAction","target":{"@type":"EntryPoint","urlTemplate":"https:\/\/blogs.uef.fi\/tuvet-materiaalipankki\/?s={search_term_string}"},"query-input":{"@type":"PropertyValueSpecification","valueRequired":true,"valueName":"search_term_string"}}],"inLanguage":"fi"}]}},"_links":{"self":[{"href":"https:\/\/blogs.uef.fi\/tuvet-materiaalipankki\/wp-json\/wp\/v2\/pages\/27","targetHints":{"allow":["GET"]}}],"collection":[{"href":"https:\/\/blogs.uef.fi\/tuvet-materiaalipankki\/wp-json\/wp\/v2\/pages"}],"about":[{"href":"https:\/\/blogs.uef.fi\/tuvet-materiaalipankki\/wp-json\/wp\/v2\/types\/page"}],"author":[{"embeddable":true,"href":"https:\/\/blogs.uef.fi\/tuvet-materiaalipankki\/wp-json\/wp\/v2\/users\/263"}],"replies":[{"embeddable":true,"href":"https:\/\/blogs.uef.fi\/tuvet-materiaalipankki\/wp-json\/wp\/v2\/comments?post=27"}],"version-history":[{"count":2,"href":"https:\/\/blogs.uef.fi\/tuvet-materiaalipankki\/wp-json\/wp\/v2\/pages\/27\/revisions"}],"predecessor-version":[{"id":1111,"href":"https:\/\/blogs.uef.fi\/tuvet-materiaalipankki\/wp-json\/wp\/v2\/pages\/27\/revisions\/1111"}],"wp:attachment":[{"href":"https:\/\/blogs.uef.fi\/tuvet-materiaalipankki\/wp-json\/wp\/v2\/media?parent=27"}],"curies":[{"name":"wp","href":"https:\/\/api.w.org\/{rel}","templated":true}]}}