{"id":231,"date":"2019-10-09T10:09:13","date_gmt":"2019-10-09T07:09:13","guid":{"rendered":"https:\/\/blogs.uef.fi\/tuvet-materiaalipankki\/?page_id=231"},"modified":"2024-02-22T14:32:50","modified_gmt":"2024-02-22T12:32:50","slug":"moni-ja-vaikeavammaisuus","status":"publish","type":"page","link":"https:\/\/blogs.uef.fi\/tuvet-materiaalipankki\/moni-ja-vaikeavammaisuus\/","title":{"rendered":"Moni- ja vaikeavammaisuus"},"content":{"rendered":"\n<h2 class=\"wp-block-heading\"><strong>Materiaalit:<\/strong><\/h2>\n\n\n\n<ul class=\"wp-block-list\">\n<li><strong><a href=\"https:\/\/www.kvps.fi\/images\/tiedostot\/Julkaisut-Raportit\/Nain-mina-parjaan-nettiversio.pdf\">N\u00e4in min\u00e4 p\u00e4rj\u00e4\u00e4n!<\/a> <\/strong>on Kehitysvammaisten palvelus\u00e4\u00e4ti\u00f6n tuottama selkokielinen julkaisu avun ja tuen itsearviointiin. Opas sanoittaa ihmisille t\u00e4rkeit\u00e4 asioita, vahvuuksia, tarpeita, toiveita ja omaa k\u00e4sityst\u00e4 hyv\u00e4st\u00e4 el\u00e4m\u00e4st\u00e4. Kehitysvammaisten palvelus\u00e4\u00e4ti\u00f6, 2013.&nbsp;<em>(Lis\u00e4tty 10\/2019)<\/em><\/li>\n\n\n\n<li><strong><a href=\"https:\/\/www.kvps.fi\/images\/tiedostot\/Julkaisut-Raportit\/opas-paatoksentuki-hk-apu-2015.pdf\">Opas p\u00e4\u00e4t\u00f6ksenteon tuesta henkil\u00f6kohtaisessa avussa<\/a><\/strong>. Kynnys ry \u2013 Assistentti.info ja Kehitysvammaisten Palvelus\u00e4\u00e4ti\u00f6, 2015.&nbsp;<em>(Lis\u00e4tty 10\/2019)<\/em><\/li>\n\n\n\n<li><a href=\"https:\/\/www.kvps.fi\/images\/tiedostot\/Julkaisut-Raportit\/minun-suunnitelmani-2011.pdf\"><strong>Minun suunnitelmani.<\/strong>&nbsp;<\/a>Selkokielisen vihkon tarkoitus on auttaa kehitysvammaista tai muuten tukea tarvitsevaa ihmist\u00e4 suunnittelemaan omaa el\u00e4m\u00e4\u00e4ns\u00e4.&nbsp;Kehitysvammaisten Palvelus\u00e4\u00e4ti\u00f6 ja Kehitysvammaliitto, 2011.&nbsp;<em>(Lis\u00e4tty 10\/2019)<\/em><\/li>\n\n\n\n<li><strong><a href=\"https:\/\/lskl.e-julkaisu.com\/vammaisen-lapsen-nakemysten-selvittaminen\/\">Vammaisen lapsen n\u00e4kemysten selvitt\u00e4minen<\/a> <\/strong>&#8211;&nbsp;Opas sosiaali- ja terveydenhuollon ammattilaisille. Lastensuojelun Keskusliitto, 2016.&nbsp;<em>(Lis\u00e4tty 10\/2019)<\/em><\/li>\n\n\n\n<li><a href=\"https:\/\/papunet.net\/tietoa\/fileadmin\/muut\/Esitteet\/toimimalla_osallisuuteen_web.pdf\"><strong>Toimimalla osallisuuteen.<\/strong><\/a> Oppaan tarkoituksena on auttaa l\u00e4hihenkil\u00f6it\u00e4 aktivoimaan vaikeimmin kehitysvammaisten ihmisten toimintaa ja vuorovaikutusta. Opas sis\u00e4lt\u00e4\u00e4 tietoa kehitysvammaisuuden vaikutuksesta kykyyn ymm\u00e4rt\u00e4\u00e4 ja j\u00e4sent\u00e4\u00e4 ymp\u00e4r\u00f6iv\u00e4\u00e4 maailmaa. Oppaassa kerrotaan my\u00f6s osallisuuden ja aistikokemuksien merkityksest\u00e4 sek\u00e4 esitell\u00e4\u00e4n aisteja aktivoivia materiaaleja. Oppaan ideoita voidaan hy\u00f6dynt\u00e4\u00e4 p\u00e4ivitt\u00e4isess\u00e4 toiminnassa. Papunet \/ Maiju M\u00e4ki 2008.&nbsp;<em>(Lis\u00e4tty 10\/2019)<\/em><\/li>\n\n\n\n<li><strong><a href=\"https:\/\/papunet.net\/materiaalia\/kuvapankki\">Papunetin kuvapankki.<\/a>&nbsp;<\/strong>Kuvia saa k\u00e4ytt\u00e4\u00e4 vapaasti kaikkiin&nbsp;ep\u00e4kaupallisiin tarkoituksiin, kunhan kuvien alkuper\u00e4inen l\u00e4hde on mainittu. Kuvilla CC-lisenssi&nbsp;(Creative Commons). Papunet, 2019.&nbsp;<em>(Lis\u00e4tty 10\/2019)<\/em><\/li>\n\n\n\n<li><strong><a href=\"https:\/\/papunet.net\/materiaalia\/kuvaty%C3%B6kalu\">Papunetin kuvaty\u00f6kalu<\/a>.<\/strong>&nbsp; Papunetin kuvaty\u00f6kalu on ilmainen kuvapankki- ja ty\u00f6kaluohjelma, jolla voi tehd\u00e4 omiin tarpeisiin sopivia kuvallisia materiaaleja. Kuvaty\u00f6kalu toimii my\u00f6s tableteissa.&nbsp;Kuvilla CC-lisenssi&nbsp;(Creative Commons). Papunet, 2019.&nbsp;<em>(Lis\u00e4tty 10\/2019)<\/em><\/li>\n\n\n\n<li><strong><a href=\"https:\/\/papunet.net\/sites\/papunet.net\/files\/tietoa\/Oppaat\/viittomat_kommunikoinnissa_netti_2018.pdf\">Viittomat kommunikoinnissa.<\/a> <\/strong>Oppaaseen on koottu tietoa tukiviittomista ja esimerkkej\u00e4 niiden k\u00e4yt\u00f6st\u00e4 erilaisissa el\u00e4m\u00e4ntilanteissa. Oppaassa on my\u00f6s vinkkej\u00e4 tukiviittomien opetteluun. Tikoteekki, 2018.&nbsp;<em>(Lis\u00e4tty 10\/2019)<\/em><\/li>\n\n\n\n<li><a href=\"https:\/\/papunet.net\/sites\/papunet.net\/files\/materiaalia\/Julkaisut\/kuvat_kommunikoinnissa_2014.pdf\"><strong>Kuvat kommunikoinnissa<\/strong>.&nbsp;<\/a>Oppaassa kerrotaan, miten kuvia voidaan k\u00e4ytt\u00e4\u00e4 ilmaisun v\u00e4lineen\u00e4, ymm\u00e4rt\u00e4misen tukena, arjen j\u00e4sent\u00e4misess\u00e4 ja kommunikoinnin apuv\u00e4lineen\u00e4. Tikoteekki, 2014.&nbsp;<em>(Lis\u00e4tty 10\/2019)<\/em><\/li>\n\n\n\n<li><a href=\"https:\/\/papunet.net\/sites\/papunet.net\/files\/materiaalia\/vuorovaikutusmallit\/hyp_opas.pdf\"><strong>Huomioivan yhdess\u00e4olon malli HYP<\/strong><\/a> (alkup. Hanging Out Program HOP).&nbsp;Huomioiva yhdess\u00e4olo (HYP) on tapa olla vuorovaikutuksessa paljon tukea tarvitsevien ihmisten kanssa.&nbsp; Tikoteekki 2014. <em>(Lis\u00e4tty 11\/2019)<\/em><\/li>\n\n\n\n<li><strong><a href=\"https:\/\/eur03.safelinks.protection.outlook.com\/?url=http%3A%2F%2Fwww.pmldlink.org.uk%2Fwp-content%2Fuploads%2F2017%2F11%2FStandards-PMLD-h-web.pdf&amp;data=02%7C01%7C%7C2115169dd41c4696baad08d783a75dc5%7C87879f2e73044bf2baf263e7f83f3c34%7C0%7C1%7C637122627164788653&amp;sdata=MZCGqa2U80k1N2v2pgZQoo%2FoI0jm0bQRCDhCllDouNw%3D&amp;reserved=0\">Supporting people with profound and multiple disabilities. Core &amp; essential service standards.<\/a><\/strong> The Sensory Projects, 2017.&nbsp;<em>(Lis\u00e4tty 1\/2020)<\/em><\/li>\n<\/ul>\n\n\n\n<h2 class=\"wp-block-heading\"><strong>Kirjallisuus:&nbsp;<\/strong><\/h2>\n\n\n\n<ul class=\"wp-block-list\">\n<li>Pulli, T. (2010).<strong><a href=\"https:\/\/jyx.jyu.fi\/bitstream\/handle\/123456789\/23063\/9789513938406.pdf?sequence=1\"> Totta ja unta : draama puhe- ja kehitysvammaisten ihmisten yhteis\u00f6llisen\u00e4 kuntoutuksena ja kokemuksena.<\/a><\/strong> Jyv\u00e4skyl\u00e4 studies in education, psychology and social research. 385.&nbsp;<em>(Lis\u00e4tty 10\/2019)<\/em><\/li>\n\n\n\n<li>\u00c4ik\u00e4s, A. (2012).&nbsp;<strong><a href=\"http:\/\/epublications.uef.fi\/pub\/urn_isbn_978-952-61-0776-9\/urn_isbn_978-952-61-0776-9.pdf\">Toiselta asteelta eteenp\u00e4in: Narratiivinen tutkimus vaikeavammaisen nuoren aikuisen koulutuksesta ja ty\u00f6llistymisest\u00e4<\/a><\/strong>. Joensuu: University of Eastern Finland.&nbsp;<em>(Lis\u00e4tty 10\/2019)<\/em><\/li>\n\n\n\n<li>V\u00e4est\u00f6liitto, Korhonen, E. &amp; M\u00e4kinen, I. (2011).<strong>&nbsp;<\/strong><a href=\"http:\/\/vaestoliitto-fi-bin.directo.fi\/@Bin\/f9a89377e5aa1098d74c425d43616d12\/1571851494\/application\/pdf\/1191805\/IlmanEsteit%C3%A4-%20vammaisten%20seksuaalioikeudet%20ja%20kehitys.pdf\"><strong>Ilman esteit\u00e4: Vammaisten seksuaalioikeudet ja kehitys<\/strong>.<\/a> [Helsinki]: V\u00e4est\u00f6liitto.&nbsp;<em>(Lis\u00e4tty 10\/2019)<\/em><\/li>\n\n\n\n<li>Villberg, V. (2017).&nbsp;<strong><a href=\"http:\/\/www.taidoistatyopoluiksi.fi\/files\/1915\/0762\/7729\/Tuetun_tyollistamisen_erityistarpeet.pdf\">Tuetun ty\u00f6llistymisen erityistarpeet kehitysvammaisilla ty\u00f6nhakijoilla.<\/a><\/strong> [Espoo]: Rinnekoti-S\u00e4\u00e4ti\u00f6. (<em>Lis\u00e4tty 10\/2019)<\/em><\/li>\n\n\n\n<li>Vehkakoski, T. (2006).&nbsp;<strong><a href=\"https:\/\/jyx.jyu.fi\/bitstream\/handle\/123456789\/13305\/9513926990.pdf?secuence=1\">Leimattu lapsuus?: Vammaisuuden rakentuminen ammatti-ihmisten puheessa ja teksteiss\u00e4.<\/a> <\/strong>Jyv\u00e4skyl\u00e4: Jyv\u00e4skyl\u00e4n yliopisto.&nbsp;<em>(Lis\u00e4tty 11\/2019)<\/em><\/li>\n<\/ul>\n\n\n\n<h2 class=\"wp-block-heading\"><strong>Verkkosivut:<\/strong><\/h2>\n\n\n\n<ul class=\"wp-block-list\">\n<li><strong><a href=\"https:\/\/www.lskl.fi\/\">Lastensuojelun Keskusliitto<\/a>&nbsp;<\/strong><em>(Lis\u00e4tty 10\/2019)<\/em><\/li>\n\n\n\n<li><a href=\"https:\/\/www.jaatistietopankki.fi\/\"><strong>Jaatistietopankki.&nbsp;<\/strong><\/a>Vammaisperheyhdistys Jaatinen ry:n yll\u00e4pit\u00e4m\u00e4 vammaisten lasten ja nuorten asioiden tietopankki.&nbsp;<em>(Lis\u00e4tty 10\/2019)<\/em><\/li>\n\n\n\n<li><strong><a href=\"https:\/\/www.invalidiliitto.fi\/\">Invalidiliitto<\/a><\/strong>&nbsp;<em>(Lis\u00e4tty 10\/2019)<\/em><\/li>\n\n\n\n<li>Invalidiliiton listaus <strong><a href=\"https:\/\/www.invalidiliitto.fi\/kirjallisuutta-opinnaytetoita-ja-linkkeja\">vammaisista naisista kertovasta kirjallisuudesta ja opinn\u00e4ytet\u00f6ist\u00e4.&nbsp;<\/a><\/strong><em>(Lis\u00e4tty 10\/2019)<\/em><\/li>\n\n\n\n<li><strong><a href=\"http:\/\/www.datero.fi\/\">Datero.<\/a><\/strong> Datero jakaa tietoa&nbsp;erityispedagogisista tietokoneohjelmista&nbsp;ja sovelluksista,&nbsp;teknisist\u00e4 lukiapuv\u00e4lineist\u00e4&nbsp;ja&nbsp;erityispedagogisista menetelmist\u00e4.&nbsp;<em>(Lis\u00e4tty 10\/2019)<\/em><\/li>\n<\/ul>\n\n\n\n<p>Sivustoa yll\u00e4pit\u00e4\u00e4&nbsp;<a href=\"http:\/\/tuvet.fi\/\">TUVET-hanke<\/a><\/p>\n\n\n\n<p>Sivustolle ker\u00e4tyt materiaalit ovat eri tekij\u00f6iden tuottamia. TUVET-hanke ei omista materiaaleja ellei niin ole erikseen merkitty.<\/p>\n","protected":false},"excerpt":{"rendered":"<p>Materiaalit: Kirjallisuus:&nbsp; Verkkosivut: Sivustoa yll\u00e4pit\u00e4\u00e4&nbsp;TUVET-hanke Sivustolle ker\u00e4tyt materiaalit ovat eri tekij\u00f6iden tuottamia. TUVET-hanke ei omista materiaaleja ellei niin ole erikseen merkitty.<\/p>\n","protected":false},"author":263,"featured_media":279,"parent":0,"menu_order":0,"comment_status":"closed","ping_status":"closed","template":"","meta":{"_acf_changed":false,"footnotes":""},"class_list":["post-231","page","type-page","status-publish","has-post-thumbnail","hentry"],"acf":[],"yoast_head":"<!-- This site is optimized with the Yoast SEO plugin v27.3 - https:\/\/yoast.com\/product\/yoast-seo-wordpress\/ -->\n<title>Moni- ja vaikeavammaisuus - TUVET-MATERIAALIPANKKI<\/title>\n<meta name=\"robots\" content=\"index, follow, max-snippet:-1, max-image-preview:large, max-video-preview:-1\" \/>\n<link rel=\"canonical\" href=\"https:\/\/blogs.uef.fi\/tuvet-materiaalipankki\/moni-ja-vaikeavammaisuus\/\" \/>\n<meta property=\"og:locale\" content=\"fi_FI\" \/>\n<meta property=\"og:type\" content=\"article\" \/>\n<meta property=\"og:title\" content=\"Moni- ja vaikeavammaisuus - TUVET-MATERIAALIPANKKI\" \/>\n<meta property=\"og:description\" content=\"Materiaalit: Kirjallisuus:&nbsp; Verkkosivut: Sivustoa yll\u00e4pit\u00e4\u00e4&nbsp;TUVET-hanke Sivustolle ker\u00e4tyt materiaalit ovat eri tekij\u00f6iden tuottamia. TUVET-hanke ei omista materiaaleja ellei niin ole erikseen merkitty.\" \/>\n<meta property=\"og:url\" content=\"https:\/\/blogs.uef.fi\/tuvet-materiaalipankki\/moni-ja-vaikeavammaisuus\/\" \/>\n<meta property=\"og:site_name\" content=\"TUVET-MATERIAALIPANKKI\" \/>\n<meta property=\"article:modified_time\" content=\"2024-02-22T12:32:50+00:00\" \/>\n<meta property=\"og:image\" content=\"https:\/\/blogs.uef.fi\/tuvet-materiaalipankki\/wp-content\/uploads\/sites\/107\/2019\/10\/cascate-795x345_5689muokattu.jpg\" \/>\n\t<meta property=\"og:image:width\" content=\"688\" \/>\n\t<meta property=\"og:image:height\" content=\"271\" \/>\n\t<meta property=\"og:image:type\" content=\"image\/jpeg\" \/>\n<meta name=\"twitter:card\" content=\"summary_large_image\" \/>\n<meta name=\"twitter:label1\" content=\"Arvioitu lukuaika\" \/>\n\t<meta name=\"twitter:data1\" content=\"3 minuuttia\" \/>\n<script type=\"application\/ld+json\" class=\"yoast-schema-graph\">{\"@context\":\"https:\\\/\\\/schema.org\",\"@graph\":[{\"@type\":\"WebPage\",\"@id\":\"https:\\\/\\\/blogs.uef.fi\\\/tuvet-materiaalipankki\\\/moni-ja-vaikeavammaisuus\\\/\",\"url\":\"https:\\\/\\\/blogs.uef.fi\\\/tuvet-materiaalipankki\\\/moni-ja-vaikeavammaisuus\\\/\",\"name\":\"Moni- ja vaikeavammaisuus - TUVET-MATERIAALIPANKKI\",\"isPartOf\":{\"@id\":\"https:\\\/\\\/blogs.uef.fi\\\/tuvet-materiaalipankki\\\/#website\"},\"primaryImageOfPage\":{\"@id\":\"https:\\\/\\\/blogs.uef.fi\\\/tuvet-materiaalipankki\\\/moni-ja-vaikeavammaisuus\\\/#primaryimage\"},\"image\":{\"@id\":\"https:\\\/\\\/blogs.uef.fi\\\/tuvet-materiaalipankki\\\/moni-ja-vaikeavammaisuus\\\/#primaryimage\"},\"thumbnailUrl\":\"https:\\\/\\\/blogs.uef.fi\\\/tuvet-materiaalipankki\\\/wp-content\\\/uploads\\\/sites\\\/107\\\/2019\\\/10\\\/cascate-795x345_5689muokattu.jpg\",\"datePublished\":\"2019-10-09T07:09:13+00:00\",\"dateModified\":\"2024-02-22T12:32:50+00:00\",\"breadcrumb\":{\"@id\":\"https:\\\/\\\/blogs.uef.fi\\\/tuvet-materiaalipankki\\\/moni-ja-vaikeavammaisuus\\\/#breadcrumb\"},\"inLanguage\":\"fi\",\"potentialAction\":[{\"@type\":\"ReadAction\",\"target\":[\"https:\\\/\\\/blogs.uef.fi\\\/tuvet-materiaalipankki\\\/moni-ja-vaikeavammaisuus\\\/\"]}]},{\"@type\":\"ImageObject\",\"inLanguage\":\"fi\",\"@id\":\"https:\\\/\\\/blogs.uef.fi\\\/tuvet-materiaalipankki\\\/moni-ja-vaikeavammaisuus\\\/#primaryimage\",\"url\":\"https:\\\/\\\/blogs.uef.fi\\\/tuvet-materiaalipankki\\\/wp-content\\\/uploads\\\/sites\\\/107\\\/2019\\\/10\\\/cascate-795x345_5689muokattu.jpg\",\"contentUrl\":\"https:\\\/\\\/blogs.uef.fi\\\/tuvet-materiaalipankki\\\/wp-content\\\/uploads\\\/sites\\\/107\\\/2019\\\/10\\\/cascate-795x345_5689muokattu.jpg\",\"width\":688,\"height\":271,\"caption\":\"Tytt\u00f6 valitsee tietokoneelta AAC-kuvaa\"},{\"@type\":\"BreadcrumbList\",\"@id\":\"https:\\\/\\\/blogs.uef.fi\\\/tuvet-materiaalipankki\\\/moni-ja-vaikeavammaisuus\\\/#breadcrumb\",\"itemListElement\":[{\"@type\":\"ListItem\",\"position\":1,\"name\":\"Home\",\"item\":\"https:\\\/\\\/blogs.uef.fi\\\/tuvet-materiaalipankki\\\/\"},{\"@type\":\"ListItem\",\"position\":2,\"name\":\"Moni- ja vaikeavammaisuus\"}]},{\"@type\":\"WebSite\",\"@id\":\"https:\\\/\\\/blogs.uef.fi\\\/tuvet-materiaalipankki\\\/#website\",\"url\":\"https:\\\/\\\/blogs.uef.fi\\\/tuvet-materiaalipankki\\\/\",\"name\":\"TUVET-MATERIAALIPANKKI\",\"description\":\"\",\"potentialAction\":[{\"@type\":\"SearchAction\",\"target\":{\"@type\":\"EntryPoint\",\"urlTemplate\":\"https:\\\/\\\/blogs.uef.fi\\\/tuvet-materiaalipankki\\\/?s={search_term_string}\"},\"query-input\":{\"@type\":\"PropertyValueSpecification\",\"valueRequired\":true,\"valueName\":\"search_term_string\"}}],\"inLanguage\":\"fi\"}]}<\/script>\n<!-- \/ Yoast SEO plugin. -->","yoast_head_json":{"title":"Moni- ja vaikeavammaisuus - TUVET-MATERIAALIPANKKI","robots":{"index":"index","follow":"follow","max-snippet":"max-snippet:-1","max-image-preview":"max-image-preview:large","max-video-preview":"max-video-preview:-1"},"canonical":"https:\/\/blogs.uef.fi\/tuvet-materiaalipankki\/moni-ja-vaikeavammaisuus\/","og_locale":"fi_FI","og_type":"article","og_title":"Moni- ja vaikeavammaisuus - TUVET-MATERIAALIPANKKI","og_description":"Materiaalit: Kirjallisuus:&nbsp; Verkkosivut: Sivustoa yll\u00e4pit\u00e4\u00e4&nbsp;TUVET-hanke Sivustolle ker\u00e4tyt materiaalit ovat eri tekij\u00f6iden tuottamia. TUVET-hanke ei omista materiaaleja ellei niin ole erikseen merkitty.","og_url":"https:\/\/blogs.uef.fi\/tuvet-materiaalipankki\/moni-ja-vaikeavammaisuus\/","og_site_name":"TUVET-MATERIAALIPANKKI","article_modified_time":"2024-02-22T12:32:50+00:00","og_image":[{"width":688,"height":271,"url":"https:\/\/blogs.uef.fi\/tuvet-materiaalipankki\/wp-content\/uploads\/sites\/107\/2019\/10\/cascate-795x345_5689muokattu.jpg","type":"image\/jpeg"}],"twitter_card":"summary_large_image","twitter_misc":{"Arvioitu lukuaika":"3 minuuttia"},"schema":{"@context":"https:\/\/schema.org","@graph":[{"@type":"WebPage","@id":"https:\/\/blogs.uef.fi\/tuvet-materiaalipankki\/moni-ja-vaikeavammaisuus\/","url":"https:\/\/blogs.uef.fi\/tuvet-materiaalipankki\/moni-ja-vaikeavammaisuus\/","name":"Moni- ja vaikeavammaisuus - TUVET-MATERIAALIPANKKI","isPartOf":{"@id":"https:\/\/blogs.uef.fi\/tuvet-materiaalipankki\/#website"},"primaryImageOfPage":{"@id":"https:\/\/blogs.uef.fi\/tuvet-materiaalipankki\/moni-ja-vaikeavammaisuus\/#primaryimage"},"image":{"@id":"https:\/\/blogs.uef.fi\/tuvet-materiaalipankki\/moni-ja-vaikeavammaisuus\/#primaryimage"},"thumbnailUrl":"https:\/\/blogs.uef.fi\/tuvet-materiaalipankki\/wp-content\/uploads\/sites\/107\/2019\/10\/cascate-795x345_5689muokattu.jpg","datePublished":"2019-10-09T07:09:13+00:00","dateModified":"2024-02-22T12:32:50+00:00","breadcrumb":{"@id":"https:\/\/blogs.uef.fi\/tuvet-materiaalipankki\/moni-ja-vaikeavammaisuus\/#breadcrumb"},"inLanguage":"fi","potentialAction":[{"@type":"ReadAction","target":["https:\/\/blogs.uef.fi\/tuvet-materiaalipankki\/moni-ja-vaikeavammaisuus\/"]}]},{"@type":"ImageObject","inLanguage":"fi","@id":"https:\/\/blogs.uef.fi\/tuvet-materiaalipankki\/moni-ja-vaikeavammaisuus\/#primaryimage","url":"https:\/\/blogs.uef.fi\/tuvet-materiaalipankki\/wp-content\/uploads\/sites\/107\/2019\/10\/cascate-795x345_5689muokattu.jpg","contentUrl":"https:\/\/blogs.uef.fi\/tuvet-materiaalipankki\/wp-content\/uploads\/sites\/107\/2019\/10\/cascate-795x345_5689muokattu.jpg","width":688,"height":271,"caption":"Tytt\u00f6 valitsee tietokoneelta AAC-kuvaa"},{"@type":"BreadcrumbList","@id":"https:\/\/blogs.uef.fi\/tuvet-materiaalipankki\/moni-ja-vaikeavammaisuus\/#breadcrumb","itemListElement":[{"@type":"ListItem","position":1,"name":"Home","item":"https:\/\/blogs.uef.fi\/tuvet-materiaalipankki\/"},{"@type":"ListItem","position":2,"name":"Moni- ja vaikeavammaisuus"}]},{"@type":"WebSite","@id":"https:\/\/blogs.uef.fi\/tuvet-materiaalipankki\/#website","url":"https:\/\/blogs.uef.fi\/tuvet-materiaalipankki\/","name":"TUVET-MATERIAALIPANKKI","description":"","potentialAction":[{"@type":"SearchAction","target":{"@type":"EntryPoint","urlTemplate":"https:\/\/blogs.uef.fi\/tuvet-materiaalipankki\/?s={search_term_string}"},"query-input":{"@type":"PropertyValueSpecification","valueRequired":true,"valueName":"search_term_string"}}],"inLanguage":"fi"}]}},"_links":{"self":[{"href":"https:\/\/blogs.uef.fi\/tuvet-materiaalipankki\/wp-json\/wp\/v2\/pages\/231","targetHints":{"allow":["GET"]}}],"collection":[{"href":"https:\/\/blogs.uef.fi\/tuvet-materiaalipankki\/wp-json\/wp\/v2\/pages"}],"about":[{"href":"https:\/\/blogs.uef.fi\/tuvet-materiaalipankki\/wp-json\/wp\/v2\/types\/page"}],"author":[{"embeddable":true,"href":"https:\/\/blogs.uef.fi\/tuvet-materiaalipankki\/wp-json\/wp\/v2\/users\/263"}],"replies":[{"embeddable":true,"href":"https:\/\/blogs.uef.fi\/tuvet-materiaalipankki\/wp-json\/wp\/v2\/comments?post=231"}],"version-history":[{"count":2,"href":"https:\/\/blogs.uef.fi\/tuvet-materiaalipankki\/wp-json\/wp\/v2\/pages\/231\/revisions"}],"predecessor-version":[{"id":1126,"href":"https:\/\/blogs.uef.fi\/tuvet-materiaalipankki\/wp-json\/wp\/v2\/pages\/231\/revisions\/1126"}],"wp:featuredmedia":[{"embeddable":true,"href":"https:\/\/blogs.uef.fi\/tuvet-materiaalipankki\/wp-json\/wp\/v2\/media\/279"}],"wp:attachment":[{"href":"https:\/\/blogs.uef.fi\/tuvet-materiaalipankki\/wp-json\/wp\/v2\/media?parent=231"}],"curies":[{"name":"wp","href":"https:\/\/api.w.org\/{rel}","templated":true}]}}