{"id":161,"date":"2019-10-04T12:47:07","date_gmt":"2019-10-04T09:47:07","guid":{"rendered":"https:\/\/blogs.uef.fi\/tuvet-materiaalipankki\/?page_id=161"},"modified":"2020-04-02T12:09:41","modified_gmt":"2020-04-02T09:09:41","slug":"ehdota-sisaltoa","status":"publish","type":"page","link":"https:\/\/blogs.uef.fi\/tuvet-materiaalipankki\/ehdota-sisaltoa\/","title":{"rendered":"Ehdota sis\u00e4lt\u00f6\u00e4"},"content":{"rendered":"<p>Lomakkeella voit tehd\u00e4 vinkkauksen materiaalipankkiin. Voit my\u00f6s j\u00e4tt\u00e4\u00e4 pelkk\u00e4\u00e4n viesti-kentt\u00e4\u00e4n toiveesi materiaalipankin sis\u00e4ll\u00f6st\u00e4.<\/p>\n\n<div class=\"wpcf7 no-js\" id=\"wpcf7-f407-o1\" lang=\"fi\" dir=\"ltr\" data-wpcf7-id=\"407\">\n<div class=\"screen-reader-response\"><p role=\"status\" aria-live=\"polite\" aria-atomic=\"true\"><\/p> <ul><\/ul><\/div>\n<form action=\"\/tuvet-materiaalipankki\/wp-json\/wp\/v2\/pages\/161#wpcf7-f407-o1\" method=\"post\" class=\"wpcf7-form init\" aria-label=\"Yhteydenottolomake\" novalidate=\"novalidate\" data-status=\"init\">\n<fieldset class=\"hidden-fields-container\"><input type=\"hidden\" name=\"_wpcf7\" value=\"407\" \/><input type=\"hidden\" name=\"_wpcf7_version\" value=\"6.1.5\" \/><input type=\"hidden\" name=\"_wpcf7_locale\" value=\"fi\" \/><input type=\"hidden\" name=\"_wpcf7_unit_tag\" value=\"wpcf7-f407-o1\" \/><input type=\"hidden\" name=\"_wpcf7_container_post\" value=\"0\" \/><input type=\"hidden\" name=\"_wpcf7_posted_data_hash\" value=\"\" \/>\n<\/fieldset>\n<p><label> Nimi (pakollinen)<br \/>\n<span class=\"wpcf7-form-control-wrap\" data-name=\"your-name\"><input size=\"40\" maxlength=\"400\" class=\"wpcf7-form-control wpcf7-text wpcf7-validates-as-required\" aria-required=\"true\" aria-invalid=\"false\" value=\"\" type=\"text\" name=\"your-name\" \/><\/span> <\/label>\n<\/p>\n<p><label> S\u00e4hk\u00f6posti<br \/>\n<span class=\"wpcf7-form-control-wrap\" data-name=\"your-email\"><input size=\"40\" maxlength=\"400\" class=\"wpcf7-form-control wpcf7-email wpcf7-text wpcf7-validates-as-email\" aria-invalid=\"false\" value=\"\" type=\"email\" name=\"your-email\" \/><\/span> <\/label>\n<\/p>\n<p><label> Verkkosivu tai linkki materiaaliin<br \/>\n<span class=\"wpcf7-form-control-wrap\" data-name=\"your-subject\"><input size=\"40\" maxlength=\"400\" class=\"wpcf7-form-control wpcf7-text\" aria-invalid=\"false\" value=\"\" type=\"text\" name=\"your-subject\" \/><\/span> <\/label>\n<\/p>\n<p><label> Viesti<br \/>\n<span class=\"wpcf7-form-control-wrap\" data-name=\"your-message\"><textarea cols=\"40\" rows=\"10\" maxlength=\"2000\" class=\"wpcf7-form-control wpcf7-textarea\" aria-invalid=\"false\" name=\"your-message\"><\/textarea><\/span> <\/label>\n<\/p>\n<p><input class=\"wpcf7-form-control wpcf7-submit has-spinner\" type=\"submit\" value=\"L\u00e4het\u00e4\" \/>\n<\/p><p style=\"display: none !important;\" class=\"akismet-fields-container\" data-prefix=\"_wpcf7_ak_\"><label>&#916;<textarea name=\"_wpcf7_ak_hp_textarea\" cols=\"45\" rows=\"8\" maxlength=\"100\"><\/textarea><\/label><input type=\"hidden\" id=\"ak_js_1\" name=\"_wpcf7_ak_js\" value=\"243\"\/><script>document.getElementById( \"ak_js_1\" ).setAttribute( \"value\", ( new Date() ).getTime() );<\/script><\/p><div class=\"wpcf7-response-output\" aria-hidden=\"true\"><\/div>\n<\/form>\n<\/div>\n\n<p>Kiitos!<\/p>\n","protected":false},"excerpt":{"rendered":"<p>Lomakkeella voit tehd\u00e4 vinkkauksen materiaalipankkiin. Voit my\u00f6s j\u00e4tt\u00e4\u00e4 pelkk\u00e4\u00e4n viesti-kentt\u00e4\u00e4n toiveesi materiaalipankin sis\u00e4ll\u00f6st\u00e4. Kiitos!<\/p>\n","protected":false},"author":263,"featured_media":93,"parent":0,"menu_order":0,"comment_status":"closed","ping_status":"closed","template":"","meta":{"_acf_changed":false,"footnotes":""},"class_list":["post-161","page","type-page","status-publish","has-post-thumbnail","hentry"],"acf":[],"yoast_head":"<!-- This site is optimized with the Yoast SEO plugin v27.1.1 - https:\/\/yoast.com\/product\/yoast-seo-wordpress\/ -->\n<title>Ehdota sis\u00e4lt\u00f6\u00e4 - TUVET-MATERIAALIPANKKI<\/title>\n<meta name=\"robots\" content=\"index, follow, max-snippet:-1, max-image-preview:large, max-video-preview:-1\" \/>\n<link rel=\"canonical\" href=\"https:\/\/blogs.uef.fi\/tuvet-materiaalipankki\/ehdota-sisaltoa\/\" \/>\n<meta property=\"og:locale\" content=\"fi_FI\" \/>\n<meta property=\"og:type\" content=\"article\" \/>\n<meta property=\"og:title\" content=\"Ehdota sis\u00e4lt\u00f6\u00e4 - TUVET-MATERIAALIPANKKI\" \/>\n<meta property=\"og:description\" content=\"Lomakkeella voit tehd\u00e4 vinkkauksen materiaalipankkiin. Voit my\u00f6s j\u00e4tt\u00e4\u00e4 pelkk\u00e4\u00e4n viesti-kentt\u00e4\u00e4n toiveesi materiaalipankin sis\u00e4ll\u00f6st\u00e4. Kiitos!\" \/>\n<meta property=\"og:url\" content=\"https:\/\/blogs.uef.fi\/tuvet-materiaalipankki\/ehdota-sisaltoa\/\" \/>\n<meta property=\"og:site_name\" content=\"TUVET-MATERIAALIPANKKI\" \/>\n<meta property=\"article:modified_time\" content=\"2020-04-02T09:09:41+00:00\" \/>\n<meta property=\"og:image\" content=\"https:\/\/blogs.uef.fi\/tuvet-materiaalipankki\/wp-content\/uploads\/sites\/107\/2019\/10\/Nettisivukuva4.png\" \/>\n\t<meta property=\"og:image:width\" content=\"820\" \/>\n\t<meta property=\"og:image:height\" content=\"280\" \/>\n\t<meta property=\"og:image:type\" content=\"image\/png\" \/>\n<meta name=\"twitter:card\" content=\"summary_large_image\" \/>\n<script type=\"application\/ld+json\" class=\"yoast-schema-graph\">{\"@context\":\"https:\/\/schema.org\",\"@graph\":[{\"@type\":\"WebPage\",\"@id\":\"https:\/\/blogs.uef.fi\/tuvet-materiaalipankki\/ehdota-sisaltoa\/\",\"url\":\"https:\/\/blogs.uef.fi\/tuvet-materiaalipankki\/ehdota-sisaltoa\/\",\"name\":\"Ehdota sis\u00e4lt\u00f6\u00e4 - TUVET-MATERIAALIPANKKI\",\"isPartOf\":{\"@id\":\"https:\/\/blogs.uef.fi\/tuvet-materiaalipankki\/#website\"},\"primaryImageOfPage\":{\"@id\":\"https:\/\/blogs.uef.fi\/tuvet-materiaalipankki\/ehdota-sisaltoa\/#primaryimage\"},\"image\":{\"@id\":\"https:\/\/blogs.uef.fi\/tuvet-materiaalipankki\/ehdota-sisaltoa\/#primaryimage\"},\"thumbnailUrl\":\"https:\/\/blogs.uef.fi\/tuvet-materiaalipankki\/wp-content\/uploads\/sites\/107\/2019\/10\/Nettisivukuva4.png\",\"datePublished\":\"2019-10-04T09:47:07+00:00\",\"dateModified\":\"2020-04-02T09:09:41+00:00\",\"breadcrumb\":{\"@id\":\"https:\/\/blogs.uef.fi\/tuvet-materiaalipankki\/ehdota-sisaltoa\/#breadcrumb\"},\"inLanguage\":\"fi\",\"potentialAction\":[{\"@type\":\"ReadAction\",\"target\":[\"https:\/\/blogs.uef.fi\/tuvet-materiaalipankki\/ehdota-sisaltoa\/\"]}]},{\"@type\":\"ImageObject\",\"inLanguage\":\"fi\",\"@id\":\"https:\/\/blogs.uef.fi\/tuvet-materiaalipankki\/ehdota-sisaltoa\/#primaryimage\",\"url\":\"https:\/\/blogs.uef.fi\/tuvet-materiaalipankki\/wp-content\/uploads\/sites\/107\/2019\/10\/Nettisivukuva4.png\",\"contentUrl\":\"https:\/\/blogs.uef.fi\/tuvet-materiaalipankki\/wp-content\/uploads\/sites\/107\/2019\/10\/Nettisivukuva4.png\",\"width\":820,\"height\":280,\"caption\":\"Kuvassa oppilaita ty\u00f6skentelem\u00e4ss\u00e4 kouluteht\u00e4vien p\u00e4riss\u00e4, tilassa v\u00e4rikk\u00e4it\u00e4 istuimia ja vihre\u00e4t sein\u00e4t\"},{\"@type\":\"BreadcrumbList\",\"@id\":\"https:\/\/blogs.uef.fi\/tuvet-materiaalipankki\/ehdota-sisaltoa\/#breadcrumb\",\"itemListElement\":[{\"@type\":\"ListItem\",\"position\":1,\"name\":\"Home\",\"item\":\"https:\/\/blogs.uef.fi\/tuvet-materiaalipankki\/\"},{\"@type\":\"ListItem\",\"position\":2,\"name\":\"Ehdota sis\u00e4lt\u00f6\u00e4\"}]},{\"@type\":\"WebSite\",\"@id\":\"https:\/\/blogs.uef.fi\/tuvet-materiaalipankki\/#website\",\"url\":\"https:\/\/blogs.uef.fi\/tuvet-materiaalipankki\/\",\"name\":\"TUVET-MATERIAALIPANKKI\",\"description\":\"\",\"potentialAction\":[{\"@type\":\"SearchAction\",\"target\":{\"@type\":\"EntryPoint\",\"urlTemplate\":\"https:\/\/blogs.uef.fi\/tuvet-materiaalipankki\/?s={search_term_string}\"},\"query-input\":{\"@type\":\"PropertyValueSpecification\",\"valueRequired\":true,\"valueName\":\"search_term_string\"}}],\"inLanguage\":\"fi\"}]}<\/script>\n<!-- \/ Yoast SEO plugin. -->","yoast_head_json":{"title":"Ehdota sis\u00e4lt\u00f6\u00e4 - TUVET-MATERIAALIPANKKI","robots":{"index":"index","follow":"follow","max-snippet":"max-snippet:-1","max-image-preview":"max-image-preview:large","max-video-preview":"max-video-preview:-1"},"canonical":"https:\/\/blogs.uef.fi\/tuvet-materiaalipankki\/ehdota-sisaltoa\/","og_locale":"fi_FI","og_type":"article","og_title":"Ehdota sis\u00e4lt\u00f6\u00e4 - TUVET-MATERIAALIPANKKI","og_description":"Lomakkeella voit tehd\u00e4 vinkkauksen materiaalipankkiin. Voit my\u00f6s j\u00e4tt\u00e4\u00e4 pelkk\u00e4\u00e4n viesti-kentt\u00e4\u00e4n toiveesi materiaalipankin sis\u00e4ll\u00f6st\u00e4. Kiitos!","og_url":"https:\/\/blogs.uef.fi\/tuvet-materiaalipankki\/ehdota-sisaltoa\/","og_site_name":"TUVET-MATERIAALIPANKKI","article_modified_time":"2020-04-02T09:09:41+00:00","og_image":[{"width":820,"height":280,"url":"https:\/\/blogs.uef.fi\/tuvet-materiaalipankki\/wp-content\/uploads\/sites\/107\/2019\/10\/Nettisivukuva4.png","type":"image\/png"}],"twitter_card":"summary_large_image","schema":{"@context":"https:\/\/schema.org","@graph":[{"@type":"WebPage","@id":"https:\/\/blogs.uef.fi\/tuvet-materiaalipankki\/ehdota-sisaltoa\/","url":"https:\/\/blogs.uef.fi\/tuvet-materiaalipankki\/ehdota-sisaltoa\/","name":"Ehdota sis\u00e4lt\u00f6\u00e4 - TUVET-MATERIAALIPANKKI","isPartOf":{"@id":"https:\/\/blogs.uef.fi\/tuvet-materiaalipankki\/#website"},"primaryImageOfPage":{"@id":"https:\/\/blogs.uef.fi\/tuvet-materiaalipankki\/ehdota-sisaltoa\/#primaryimage"},"image":{"@id":"https:\/\/blogs.uef.fi\/tuvet-materiaalipankki\/ehdota-sisaltoa\/#primaryimage"},"thumbnailUrl":"https:\/\/blogs.uef.fi\/tuvet-materiaalipankki\/wp-content\/uploads\/sites\/107\/2019\/10\/Nettisivukuva4.png","datePublished":"2019-10-04T09:47:07+00:00","dateModified":"2020-04-02T09:09:41+00:00","breadcrumb":{"@id":"https:\/\/blogs.uef.fi\/tuvet-materiaalipankki\/ehdota-sisaltoa\/#breadcrumb"},"inLanguage":"fi","potentialAction":[{"@type":"ReadAction","target":["https:\/\/blogs.uef.fi\/tuvet-materiaalipankki\/ehdota-sisaltoa\/"]}]},{"@type":"ImageObject","inLanguage":"fi","@id":"https:\/\/blogs.uef.fi\/tuvet-materiaalipankki\/ehdota-sisaltoa\/#primaryimage","url":"https:\/\/blogs.uef.fi\/tuvet-materiaalipankki\/wp-content\/uploads\/sites\/107\/2019\/10\/Nettisivukuva4.png","contentUrl":"https:\/\/blogs.uef.fi\/tuvet-materiaalipankki\/wp-content\/uploads\/sites\/107\/2019\/10\/Nettisivukuva4.png","width":820,"height":280,"caption":"Kuvassa oppilaita ty\u00f6skentelem\u00e4ss\u00e4 kouluteht\u00e4vien p\u00e4riss\u00e4, tilassa v\u00e4rikk\u00e4it\u00e4 istuimia ja vihre\u00e4t sein\u00e4t"},{"@type":"BreadcrumbList","@id":"https:\/\/blogs.uef.fi\/tuvet-materiaalipankki\/ehdota-sisaltoa\/#breadcrumb","itemListElement":[{"@type":"ListItem","position":1,"name":"Home","item":"https:\/\/blogs.uef.fi\/tuvet-materiaalipankki\/"},{"@type":"ListItem","position":2,"name":"Ehdota sis\u00e4lt\u00f6\u00e4"}]},{"@type":"WebSite","@id":"https:\/\/blogs.uef.fi\/tuvet-materiaalipankki\/#website","url":"https:\/\/blogs.uef.fi\/tuvet-materiaalipankki\/","name":"TUVET-MATERIAALIPANKKI","description":"","potentialAction":[{"@type":"SearchAction","target":{"@type":"EntryPoint","urlTemplate":"https:\/\/blogs.uef.fi\/tuvet-materiaalipankki\/?s={search_term_string}"},"query-input":{"@type":"PropertyValueSpecification","valueRequired":true,"valueName":"search_term_string"}}],"inLanguage":"fi"}]}},"_links":{"self":[{"href":"https:\/\/blogs.uef.fi\/tuvet-materiaalipankki\/wp-json\/wp\/v2\/pages\/161","targetHints":{"allow":["GET"]}}],"collection":[{"href":"https:\/\/blogs.uef.fi\/tuvet-materiaalipankki\/wp-json\/wp\/v2\/pages"}],"about":[{"href":"https:\/\/blogs.uef.fi\/tuvet-materiaalipankki\/wp-json\/wp\/v2\/types\/page"}],"author":[{"embeddable":true,"href":"https:\/\/blogs.uef.fi\/tuvet-materiaalipankki\/wp-json\/wp\/v2\/users\/263"}],"replies":[{"embeddable":true,"href":"https:\/\/blogs.uef.fi\/tuvet-materiaalipankki\/wp-json\/wp\/v2\/comments?post=161"}],"version-history":[{"count":3,"href":"https:\/\/blogs.uef.fi\/tuvet-materiaalipankki\/wp-json\/wp\/v2\/pages\/161\/revisions"}],"predecessor-version":[{"id":519,"href":"https:\/\/blogs.uef.fi\/tuvet-materiaalipankki\/wp-json\/wp\/v2\/pages\/161\/revisions\/519"}],"wp:featuredmedia":[{"embeddable":true,"href":"https:\/\/blogs.uef.fi\/tuvet-materiaalipankki\/wp-json\/wp\/v2\/media\/93"}],"wp:attachment":[{"href":"https:\/\/blogs.uef.fi\/tuvet-materiaalipankki\/wp-json\/wp\/v2\/media?parent=161"}],"curies":[{"name":"wp","href":"https:\/\/api.w.org\/{rel}","templated":true}]}}