{"id":757,"date":"2017-12-07T08:05:58","date_gmt":"2017-12-07T08:05:58","guid":{"rendered":"https:\/\/ueflibrarysoc.wordpress.com\/?page_id=685"},"modified":"2023-08-23T09:57:40","modified_gmt":"2023-08-23T06:57:40","slug":"avoimet-julkaisut","status":"publish","type":"page","link":"https:\/\/blogs.uef.fi\/tiedonhaku-yhteiskuntatiede\/avoimet-julkaisut\/","title":{"rendered":"Avoimet julkaisut"},"content":{"rendered":"\n<p>Tieteelliset artikkelit julkaistaan t\u00e4t\u00e4 tarkoitusta varten perustetuissa lehdiss\u00e4, joita hallitsevat muutamat suuret kaupalliset kustantajat. Tieteelliset lehdet ovat maksullisia ja niihin on p\u00e4\u00e4sy vain esimerkiksi yliopiston henkil\u00f6kunnalla ja opiskelijoilla. <strong>Suuri osa tieteellisest\u00e4 tiedosta on siis maksumuurin takana, t\u00e4ll\u00e4 hetkell\u00e4.<\/strong> T\u00e4m\u00e4 vaikeuttaa merkitt\u00e4v\u00e4sti tieteellisen tiedon hy\u00f6dynt\u00e4mist\u00e4 esim. yrityksiss\u00e4.<br>On nurinkurista, ett\u00e4 tutkija luovuttaa artikkelinsa julkaistavaksi lehteen ilman mit\u00e4\u00e4n korvausta ja yliopisto ostaa samaisen lehden tutkijoidensa k\u00e4ytt\u00f6\u00f6n, usein huomattavan kalliilla hinnalla. Lehden toimittaminen ja yll\u00e4pito ei toki ole ilmaista, mutta arvostettujen lehtien asema omalla alallaan saa aikaan sen, ett\u00e4 ne on \u201dpakko\u201d hankkia \u2013 kustantaja voi siis hinnoitella voittomarginaalinsa kuten haluaa. T\u00e4m\u00e4n kustantajien ylivallan murtamiseksi on viime vuosina noussut <strong>uusia julkaisemisen tapoja, jotka takaavat tutkimusjulkaisujen avoimen saannin paitsi yliopistoille, my\u00f6s kaikille muille k\u00e4ytt\u00e4jille.<\/strong><\/p>\n\n\n\n<h2 class=\"wp-block-heading\">Open access: avoin julkaiseminen<\/h2>\n\n\n\n<p><strong>OA-lehdet ovat lukijoille t\u00e4ysin avoimia<\/strong>. Kustannukset katetaan artikkelin julkaisumaksuilla. T\u00e4m\u00e4 ei kuitenkaan tarkoita, ett\u00e4 rahalla saisi mink\u00e4 tahansa artikkelin julkaistua. <strong>Monissa OA-lehdiss\u00e4 on normaali vertaisarviointik\u00e4yt\u00e4nt\u00f6 ja ne ovat tieteellisesti korkeatasoisia.<\/strong><br>Joissakin maksullisissa lehdiss\u00e4 on mahdollista julkaista yksitt\u00e4isi\u00e4 artikkeleita avoimesti.<\/p>\n\n\n\n<h2 class=\"wp-block-heading\">Rinnakkaistallentaminen<\/h2>\n\n\n\n<p>Maksumuurin takana oleva artikkeli on mahdollista <strong>tallentaa julkaisuarkistoon<\/strong>, josta se on vapaasti luettavissa, mahdollisesti hieman viiveell\u00e4 alkuper\u00e4iseen julkaisuun verraten. UEFin julkaisuarkisto on nimelt\u00e4\u00e4n <a href=\"https:\/\/erepo.uef.fi\/?locale-attribute=fi\" target=\"_blank\" rel=\"noopener\">UEF eRepository<\/a>.<\/p>\n\n\n\n<h2 class=\"wp-block-heading\">Vertaisjakelu<\/h2>\n\n\n\n<p>Tutkija voi laittaa omia artikkeleitaan n\u00e4kyville omille kotisivuilleen tai esimerkiksi akateemisten verkostoitumispalvelujen, kuten ResearchGate, kautta.<\/p>\n\n\n\n<p>Avoin julkaiseminen on osa laajempaa <strong>TIETEEN AVOIMUUTTA<\/strong>.<br>Lue lis\u00e4\u00e4 t\u00e4\u00e4lt\u00e4:<\/p>\n\n\n\n<p><a href=\"http:\/\/www.uef.fi\/web\/open-uef\/home\" target=\"_blank\" rel=\"noopener\">Open UEF<\/a><\/p>\n\n\n\n<p><a href=\"https:\/\/avointiede.fi\/fi\">Avoin tiede<\/a><\/p>\n\n\n\n<h4 class=\"wp-block-heading\">Opiskelijana voit osaltasi edist\u00e4\u00e4 tieteen avoimuutta julkaisemalla oman gradusi avoimesti!<\/h4>\n","protected":false},"excerpt":{"rendered":"<p>Tieteelliset artikkelit julkaistaan t\u00e4t\u00e4 tarkoitusta varten perustetuissa lehdiss\u00e4, joita hallitsevat muutamat suuret kaupalliset kustantajat. Tieteelliset lehdet ovat maksullisia ja niihin on p\u00e4\u00e4sy vain esimerkiksi yliopiston henkil\u00f6kunnalla ja opiskelijoilla. Suuri osa tieteellisest\u00e4 tiedosta on siis maksumuurin takana, t\u00e4ll\u00e4 hetkell\u00e4. T\u00e4m\u00e4 vaikeuttaa merkitt\u00e4v\u00e4sti tieteellisen tiedon hy\u00f6dynt\u00e4mist\u00e4 esim. yrityksiss\u00e4.On nurinkurista, ett\u00e4 tutkija luovuttaa artikkelinsa julkaistavaksi lehteen ilman mit\u00e4\u00e4n [&hellip;]<\/p>\n","protected":false},"author":127,"featured_media":0,"parent":0,"menu_order":0,"comment_status":"closed","ping_status":"closed","template":"","meta":{"_acf_changed":false,"footnotes":""},"class_list":["post-757","page","type-page","status-publish","hentry"],"acf":[],"yoast_head":"<!-- This site is optimized with the Yoast SEO plugin v27.1.1 - https:\/\/yoast.com\/product\/yoast-seo-wordpress\/ -->\n<title>Avoimet julkaisut - Yhteiskuntatieteen tiedonhaku \/ UEF kirjasto<\/title>\n<meta name=\"robots\" content=\"index, follow, max-snippet:-1, max-image-preview:large, max-video-preview:-1\" \/>\n<link rel=\"canonical\" href=\"https:\/\/blogs.uef.fi\/tiedonhaku-yhteiskuntatiede\/avoimet-julkaisut\/\" \/>\n<meta property=\"og:locale\" content=\"fi_FI\" \/>\n<meta property=\"og:type\" content=\"article\" \/>\n<meta property=\"og:title\" content=\"Avoimet julkaisut - Yhteiskuntatieteen tiedonhaku \/ UEF kirjasto\" \/>\n<meta property=\"og:description\" content=\"Tieteelliset artikkelit julkaistaan t\u00e4t\u00e4 tarkoitusta varten perustetuissa lehdiss\u00e4, joita hallitsevat muutamat suuret kaupalliset kustantajat. Tieteelliset lehdet ovat maksullisia ja niihin on p\u00e4\u00e4sy vain esimerkiksi yliopiston henkil\u00f6kunnalla ja opiskelijoilla. Suuri osa tieteellisest\u00e4 tiedosta on siis maksumuurin takana, t\u00e4ll\u00e4 hetkell\u00e4. T\u00e4m\u00e4 vaikeuttaa merkitt\u00e4v\u00e4sti tieteellisen tiedon hy\u00f6dynt\u00e4mist\u00e4 esim. yrityksiss\u00e4.On nurinkurista, ett\u00e4 tutkija luovuttaa artikkelinsa julkaistavaksi lehteen ilman mit\u00e4\u00e4n [&hellip;]\" \/>\n<meta property=\"og:url\" content=\"https:\/\/blogs.uef.fi\/tiedonhaku-yhteiskuntatiede\/avoimet-julkaisut\/\" \/>\n<meta property=\"og:site_name\" content=\"Yhteiskuntatieteen tiedonhaku \/ UEF kirjasto\" \/>\n<meta property=\"article:modified_time\" content=\"2023-08-23T06:57:40+00:00\" \/>\n<meta name=\"twitter:card\" content=\"summary_large_image\" \/>\n<meta name=\"twitter:label1\" content=\"Arvioitu lukuaika\" \/>\n\t<meta name=\"twitter:data1\" content=\"2 minuuttia\" \/>\n<script type=\"application\/ld+json\" class=\"yoast-schema-graph\">{\"@context\":\"https:\/\/schema.org\",\"@graph\":[{\"@type\":\"WebPage\",\"@id\":\"https:\/\/blogs.uef.fi\/tiedonhaku-yhteiskuntatiede\/avoimet-julkaisut\/\",\"url\":\"https:\/\/blogs.uef.fi\/tiedonhaku-yhteiskuntatiede\/avoimet-julkaisut\/\",\"name\":\"Avoimet julkaisut - Yhteiskuntatieteen tiedonhaku \/ UEF kirjasto\",\"isPartOf\":{\"@id\":\"https:\/\/blogs.uef.fi\/tiedonhaku-yhteiskuntatiede\/#website\"},\"datePublished\":\"2017-12-07T08:05:58+00:00\",\"dateModified\":\"2023-08-23T06:57:40+00:00\",\"breadcrumb\":{\"@id\":\"https:\/\/blogs.uef.fi\/tiedonhaku-yhteiskuntatiede\/avoimet-julkaisut\/#breadcrumb\"},\"inLanguage\":\"fi\",\"potentialAction\":[{\"@type\":\"ReadAction\",\"target\":[\"https:\/\/blogs.uef.fi\/tiedonhaku-yhteiskuntatiede\/avoimet-julkaisut\/\"]}]},{\"@type\":\"BreadcrumbList\",\"@id\":\"https:\/\/blogs.uef.fi\/tiedonhaku-yhteiskuntatiede\/avoimet-julkaisut\/#breadcrumb\",\"itemListElement\":[{\"@type\":\"ListItem\",\"position\":1,\"name\":\"Home\",\"item\":\"https:\/\/blogs.uef.fi\/tiedonhaku-yhteiskuntatiede\/\"},{\"@type\":\"ListItem\",\"position\":2,\"name\":\"Avoimet julkaisut\"}]},{\"@type\":\"WebSite\",\"@id\":\"https:\/\/blogs.uef.fi\/tiedonhaku-yhteiskuntatiede\/#website\",\"url\":\"https:\/\/blogs.uef.fi\/tiedonhaku-yhteiskuntatiede\/\",\"name\":\"Yhteiskuntatieteen tiedonhaku \/ UEF kirjasto\",\"description\":\"\",\"potentialAction\":[{\"@type\":\"SearchAction\",\"target\":{\"@type\":\"EntryPoint\",\"urlTemplate\":\"https:\/\/blogs.uef.fi\/tiedonhaku-yhteiskuntatiede\/?s={search_term_string}\"},\"query-input\":{\"@type\":\"PropertyValueSpecification\",\"valueRequired\":true,\"valueName\":\"search_term_string\"}}],\"inLanguage\":\"fi\"}]}<\/script>\n<!-- \/ Yoast SEO plugin. -->","yoast_head_json":{"title":"Avoimet julkaisut - Yhteiskuntatieteen tiedonhaku \/ UEF kirjasto","robots":{"index":"index","follow":"follow","max-snippet":"max-snippet:-1","max-image-preview":"max-image-preview:large","max-video-preview":"max-video-preview:-1"},"canonical":"https:\/\/blogs.uef.fi\/tiedonhaku-yhteiskuntatiede\/avoimet-julkaisut\/","og_locale":"fi_FI","og_type":"article","og_title":"Avoimet julkaisut - Yhteiskuntatieteen tiedonhaku \/ UEF kirjasto","og_description":"Tieteelliset artikkelit julkaistaan t\u00e4t\u00e4 tarkoitusta varten perustetuissa lehdiss\u00e4, joita hallitsevat muutamat suuret kaupalliset kustantajat. Tieteelliset lehdet ovat maksullisia ja niihin on p\u00e4\u00e4sy vain esimerkiksi yliopiston henkil\u00f6kunnalla ja opiskelijoilla. Suuri osa tieteellisest\u00e4 tiedosta on siis maksumuurin takana, t\u00e4ll\u00e4 hetkell\u00e4. T\u00e4m\u00e4 vaikeuttaa merkitt\u00e4v\u00e4sti tieteellisen tiedon hy\u00f6dynt\u00e4mist\u00e4 esim. yrityksiss\u00e4.On nurinkurista, ett\u00e4 tutkija luovuttaa artikkelinsa julkaistavaksi lehteen ilman mit\u00e4\u00e4n [&hellip;]","og_url":"https:\/\/blogs.uef.fi\/tiedonhaku-yhteiskuntatiede\/avoimet-julkaisut\/","og_site_name":"Yhteiskuntatieteen tiedonhaku \/ UEF kirjasto","article_modified_time":"2023-08-23T06:57:40+00:00","twitter_card":"summary_large_image","twitter_misc":{"Arvioitu lukuaika":"2 minuuttia"},"schema":{"@context":"https:\/\/schema.org","@graph":[{"@type":"WebPage","@id":"https:\/\/blogs.uef.fi\/tiedonhaku-yhteiskuntatiede\/avoimet-julkaisut\/","url":"https:\/\/blogs.uef.fi\/tiedonhaku-yhteiskuntatiede\/avoimet-julkaisut\/","name":"Avoimet julkaisut - Yhteiskuntatieteen tiedonhaku \/ UEF kirjasto","isPartOf":{"@id":"https:\/\/blogs.uef.fi\/tiedonhaku-yhteiskuntatiede\/#website"},"datePublished":"2017-12-07T08:05:58+00:00","dateModified":"2023-08-23T06:57:40+00:00","breadcrumb":{"@id":"https:\/\/blogs.uef.fi\/tiedonhaku-yhteiskuntatiede\/avoimet-julkaisut\/#breadcrumb"},"inLanguage":"fi","potentialAction":[{"@type":"ReadAction","target":["https:\/\/blogs.uef.fi\/tiedonhaku-yhteiskuntatiede\/avoimet-julkaisut\/"]}]},{"@type":"BreadcrumbList","@id":"https:\/\/blogs.uef.fi\/tiedonhaku-yhteiskuntatiede\/avoimet-julkaisut\/#breadcrumb","itemListElement":[{"@type":"ListItem","position":1,"name":"Home","item":"https:\/\/blogs.uef.fi\/tiedonhaku-yhteiskuntatiede\/"},{"@type":"ListItem","position":2,"name":"Avoimet julkaisut"}]},{"@type":"WebSite","@id":"https:\/\/blogs.uef.fi\/tiedonhaku-yhteiskuntatiede\/#website","url":"https:\/\/blogs.uef.fi\/tiedonhaku-yhteiskuntatiede\/","name":"Yhteiskuntatieteen tiedonhaku \/ UEF kirjasto","description":"","potentialAction":[{"@type":"SearchAction","target":{"@type":"EntryPoint","urlTemplate":"https:\/\/blogs.uef.fi\/tiedonhaku-yhteiskuntatiede\/?s={search_term_string}"},"query-input":{"@type":"PropertyValueSpecification","valueRequired":true,"valueName":"search_term_string"}}],"inLanguage":"fi"}]}},"_links":{"self":[{"href":"https:\/\/blogs.uef.fi\/tiedonhaku-yhteiskuntatiede\/wp-json\/wp\/v2\/pages\/757","targetHints":{"allow":["GET"]}}],"collection":[{"href":"https:\/\/blogs.uef.fi\/tiedonhaku-yhteiskuntatiede\/wp-json\/wp\/v2\/pages"}],"about":[{"href":"https:\/\/blogs.uef.fi\/tiedonhaku-yhteiskuntatiede\/wp-json\/wp\/v2\/types\/page"}],"author":[{"embeddable":true,"href":"https:\/\/blogs.uef.fi\/tiedonhaku-yhteiskuntatiede\/wp-json\/wp\/v2\/users\/127"}],"replies":[{"embeddable":true,"href":"https:\/\/blogs.uef.fi\/tiedonhaku-yhteiskuntatiede\/wp-json\/wp\/v2\/comments?post=757"}],"version-history":[{"count":2,"href":"https:\/\/blogs.uef.fi\/tiedonhaku-yhteiskuntatiede\/wp-json\/wp\/v2\/pages\/757\/revisions"}],"predecessor-version":[{"id":1877,"href":"https:\/\/blogs.uef.fi\/tiedonhaku-yhteiskuntatiede\/wp-json\/wp\/v2\/pages\/757\/revisions\/1877"}],"wp:attachment":[{"href":"https:\/\/blogs.uef.fi\/tiedonhaku-yhteiskuntatiede\/wp-json\/wp\/v2\/media?parent=757"}],"curies":[{"name":"wp","href":"https:\/\/api.w.org\/{rel}","templated":true}]}}