{"id":755,"date":"2017-12-07T08:00:27","date_gmt":"2017-12-07T08:00:27","guid":{"rendered":"https:\/\/ueflibrarysoc.wordpress.com\/?page_id=683"},"modified":"2024-02-19T16:42:20","modified_gmt":"2024-02-19T14:42:20","slug":"vapaa-paasy-aineistoihin","status":"publish","type":"page","link":"https:\/\/blogs.uef.fi\/tiedonhaku-yhteiskuntatiede\/vapaa-paasy-aineistoihin\/","title":{"rendered":"Vapaa p\u00e4\u00e4sy aineistoihin"},"content":{"rendered":"\n<p>Suomalaisessa tiede- ja tutkimusmaailmassa on periaatteena, ett\u00e4 <strong>julkisin varoin rahoitettu tutkimus pit\u00e4isi olla kaikkien hy\u00f6dynnett\u00e4viss\u00e4 avoimesti<\/strong>. Ks. <a href=\"http:\/\/minedu.fi\/artikkeli\/-\/asset_publisher\/tiedejulkaisun-tekijanoikeudenhaltijalle-aina-oikeus-ei-kaupalliseen-rinnakkaistallentamiseen\" target=\"_blank\" rel=\"noopener\">OKM:n tiedote 13.6.2017<\/a>. T\u00e4m\u00e4 koskee uusinta tutkimustietoa, vanhempaa materiaalia on saatavilla vaihtelevasti, maksumuurien takana tai vain painettuina kirjastoista.<\/p>\n\n\n\n<p><strong>Kansainv\u00e4lisesti katsottuna<\/strong> suurin osa tieteellisist\u00e4 artikkeleista ja muista julkaisuista on edelleen vain tilaajien k\u00e4yt\u00f6ss\u00e4. Tilanne kuitenkin muuttuu koko ajan avoimempaan suuntaan.<\/p>\n\n\n\n<p>Tieteen avoimuus hy\u00f6dytt\u00e4\u00e4 ty\u00f6ntekij\u00f6it\u00e4 erityisesti sellaisissa organisaatiossa ja yrityksiss\u00e4, joissa ei ole mahdollisuutta hankkia kalliita tiedejulkaisuja k\u00e4ytt\u00f6\u00f6n. Ks. lis\u00e4\u00e4 <a href=\"https:\/\/blogs.uef.fi\/tiedonhaku-yhteiskuntatiede\/avoimet-julkaisut\/\" target=\"_blank\" rel=\"noopener\">Avoimet julkaisut<\/a>.<\/p>\n\n\n\n<p>Avoimia julkaisuja voit hakea helposti <strong>Googlella,<\/strong> kun tied\u00e4t julkaisun nimen. Tietoa ja julkaisuja jaetaan paljon <strong>verkkoyhteis\u00f6palveluissa<\/strong>, esim. ResearchGate ja Academia.edu, joissa verkostoitumalla saat helposti tietoa uusista julkaisuista.<\/p>\n\n\n\n<p><strong>Aiheenmukaiseen tiedonhakuun<\/strong> on tarjolla monia vapaasti k\u00e4ytett\u00e4vi\u00e4 resursseja. Aineistoissa on jonkin verran linkkej\u00e4 vapaisiin kokoteksteihin. Osa aineistoista sis\u00e4lt\u00e4\u00e4 vain viitetietoja. Itse artikkelin voi siis joutua ostamaan, jos sit\u00e4 ei nimell\u00e4 hakien (Google) l\u00f6ydy vapaasti verkosta.<\/p>\n\n\n\n<p><strong>Kansainv\u00e4liset tiedonl\u00e4hteet:<\/strong><\/p>\n\n\n\n<ul class=\"wp-block-list\">\n<li><a href=\"https:\/\/www.base-search.net\/\" target=\"_blank\" rel=\"noopener\">BASE<\/a> (Bielefeld Academic Search Engine)<\/li>\n\n\n\n<li><a href=\"https:\/\/core.ac.uk\/\" target=\"_blank\" rel=\"noopener\">CORE<\/a> (Collection of Open access Research papers)<\/li>\n\n\n\n<li><a href=\"https:\/\/scholar.google.fi\/\" target=\"_blank\" rel=\"noopener\">Google Scholar<\/a><\/li>\n<\/ul>\n\n\n\n<p><strong>Kotimaiset tiedonl\u00e4hteet:<\/strong><\/p>\n\n\n\n<ul class=\"wp-block-list\">\n<li><a href=\"http:\/\/juuli.fi\/\" target=\"_blank\" rel=\"noopener\">Juuli <\/a>(kotimaisten tutkimusorganisaatioiden julkaisutietoja v. 2011 l\u00e4htien, my\u00f6s artikkelit)<\/li>\n\n\n\n<li><a href=\"https:\/\/journal.fi\/\" target=\"_blank\" rel=\"noopener\">journal.fi<\/a> (kotimaisia tiedelehti\u00e4 verkossa)<\/li>\n\n\n\n<li><a href=\"http:\/\/finna.fi\" target=\"_blank\" rel=\"noopener\">Finna.fi <\/a>(kansallinen tietovaranto, kirjat &amp; kotimaiset artikkelit)<\/li>\n<\/ul>\n\n\n\n<p><a href=\"https:\/\/www.uef.fi\/fi\/web\/kirjasto\/oatiedonhaku\" target=\"_blank\" rel=\"noopener\">Avoimen tiedon hakuoppaasta<\/a> l\u00f6yd\u00e4t lis\u00e4\u00e4 vinkkej\u00e4 avointen julkaisujen j\u00e4ljitt\u00e4miseen.<\/p>\n","protected":false},"excerpt":{"rendered":"<p>Suomalaisessa tiede- ja tutkimusmaailmassa on periaatteena, ett\u00e4 julkisin varoin rahoitettu tutkimus pit\u00e4isi olla kaikkien hy\u00f6dynnett\u00e4viss\u00e4 avoimesti. Ks. OKM:n tiedote 13.6.2017. T\u00e4m\u00e4 koskee uusinta tutkimustietoa, vanhempaa materiaalia on saatavilla vaihtelevasti, maksumuurien takana tai vain painettuina kirjastoista. Kansainv\u00e4lisesti katsottuna suurin osa tieteellisist\u00e4 artikkeleista ja muista julkaisuista on edelleen vain tilaajien k\u00e4yt\u00f6ss\u00e4. Tilanne kuitenkin muuttuu koko ajan avoimempaan [&hellip;]<\/p>\n","protected":false},"author":127,"featured_media":0,"parent":0,"menu_order":0,"comment_status":"closed","ping_status":"closed","template":"","meta":{"_acf_changed":false,"footnotes":""},"class_list":["post-755","page","type-page","status-publish","hentry"],"acf":[],"yoast_head":"<!-- This site is optimized with the Yoast SEO plugin v27.1.1 - https:\/\/yoast.com\/product\/yoast-seo-wordpress\/ -->\n<title>Vapaa p\u00e4\u00e4sy aineistoihin - Yhteiskuntatieteen tiedonhaku \/ UEF kirjasto<\/title>\n<meta name=\"robots\" content=\"index, follow, max-snippet:-1, max-image-preview:large, max-video-preview:-1\" \/>\n<link rel=\"canonical\" href=\"https:\/\/blogs.uef.fi\/tiedonhaku-yhteiskuntatiede\/vapaa-paasy-aineistoihin\/\" \/>\n<meta property=\"og:locale\" content=\"fi_FI\" \/>\n<meta property=\"og:type\" content=\"article\" \/>\n<meta property=\"og:title\" content=\"Vapaa p\u00e4\u00e4sy aineistoihin - Yhteiskuntatieteen tiedonhaku \/ UEF kirjasto\" \/>\n<meta property=\"og:description\" content=\"Suomalaisessa tiede- ja tutkimusmaailmassa on periaatteena, ett\u00e4 julkisin varoin rahoitettu tutkimus pit\u00e4isi olla kaikkien hy\u00f6dynnett\u00e4viss\u00e4 avoimesti. Ks. OKM:n tiedote 13.6.2017. T\u00e4m\u00e4 koskee uusinta tutkimustietoa, vanhempaa materiaalia on saatavilla vaihtelevasti, maksumuurien takana tai vain painettuina kirjastoista. Kansainv\u00e4lisesti katsottuna suurin osa tieteellisist\u00e4 artikkeleista ja muista julkaisuista on edelleen vain tilaajien k\u00e4yt\u00f6ss\u00e4. Tilanne kuitenkin muuttuu koko ajan avoimempaan [&hellip;]\" \/>\n<meta property=\"og:url\" content=\"https:\/\/blogs.uef.fi\/tiedonhaku-yhteiskuntatiede\/vapaa-paasy-aineistoihin\/\" \/>\n<meta property=\"og:site_name\" content=\"Yhteiskuntatieteen tiedonhaku \/ UEF kirjasto\" \/>\n<meta property=\"article:modified_time\" content=\"2024-02-19T14:42:20+00:00\" \/>\n<meta name=\"twitter:card\" content=\"summary_large_image\" \/>\n<meta name=\"twitter:label1\" content=\"Arvioitu lukuaika\" \/>\n\t<meta name=\"twitter:data1\" content=\"2 minuuttia\" \/>\n<script type=\"application\/ld+json\" class=\"yoast-schema-graph\">{\"@context\":\"https:\/\/schema.org\",\"@graph\":[{\"@type\":\"WebPage\",\"@id\":\"https:\/\/blogs.uef.fi\/tiedonhaku-yhteiskuntatiede\/vapaa-paasy-aineistoihin\/\",\"url\":\"https:\/\/blogs.uef.fi\/tiedonhaku-yhteiskuntatiede\/vapaa-paasy-aineistoihin\/\",\"name\":\"Vapaa p\u00e4\u00e4sy aineistoihin - Yhteiskuntatieteen tiedonhaku \/ UEF kirjasto\",\"isPartOf\":{\"@id\":\"https:\/\/blogs.uef.fi\/tiedonhaku-yhteiskuntatiede\/#website\"},\"datePublished\":\"2017-12-07T08:00:27+00:00\",\"dateModified\":\"2024-02-19T14:42:20+00:00\",\"breadcrumb\":{\"@id\":\"https:\/\/blogs.uef.fi\/tiedonhaku-yhteiskuntatiede\/vapaa-paasy-aineistoihin\/#breadcrumb\"},\"inLanguage\":\"fi\",\"potentialAction\":[{\"@type\":\"ReadAction\",\"target\":[\"https:\/\/blogs.uef.fi\/tiedonhaku-yhteiskuntatiede\/vapaa-paasy-aineistoihin\/\"]}]},{\"@type\":\"BreadcrumbList\",\"@id\":\"https:\/\/blogs.uef.fi\/tiedonhaku-yhteiskuntatiede\/vapaa-paasy-aineistoihin\/#breadcrumb\",\"itemListElement\":[{\"@type\":\"ListItem\",\"position\":1,\"name\":\"Home\",\"item\":\"https:\/\/blogs.uef.fi\/tiedonhaku-yhteiskuntatiede\/\"},{\"@type\":\"ListItem\",\"position\":2,\"name\":\"Vapaa p\u00e4\u00e4sy aineistoihin\"}]},{\"@type\":\"WebSite\",\"@id\":\"https:\/\/blogs.uef.fi\/tiedonhaku-yhteiskuntatiede\/#website\",\"url\":\"https:\/\/blogs.uef.fi\/tiedonhaku-yhteiskuntatiede\/\",\"name\":\"Yhteiskuntatieteen tiedonhaku \/ UEF kirjasto\",\"description\":\"\",\"potentialAction\":[{\"@type\":\"SearchAction\",\"target\":{\"@type\":\"EntryPoint\",\"urlTemplate\":\"https:\/\/blogs.uef.fi\/tiedonhaku-yhteiskuntatiede\/?s={search_term_string}\"},\"query-input\":{\"@type\":\"PropertyValueSpecification\",\"valueRequired\":true,\"valueName\":\"search_term_string\"}}],\"inLanguage\":\"fi\"}]}<\/script>\n<!-- \/ Yoast SEO plugin. -->","yoast_head_json":{"title":"Vapaa p\u00e4\u00e4sy aineistoihin - Yhteiskuntatieteen tiedonhaku \/ UEF kirjasto","robots":{"index":"index","follow":"follow","max-snippet":"max-snippet:-1","max-image-preview":"max-image-preview:large","max-video-preview":"max-video-preview:-1"},"canonical":"https:\/\/blogs.uef.fi\/tiedonhaku-yhteiskuntatiede\/vapaa-paasy-aineistoihin\/","og_locale":"fi_FI","og_type":"article","og_title":"Vapaa p\u00e4\u00e4sy aineistoihin - Yhteiskuntatieteen tiedonhaku \/ UEF kirjasto","og_description":"Suomalaisessa tiede- ja tutkimusmaailmassa on periaatteena, ett\u00e4 julkisin varoin rahoitettu tutkimus pit\u00e4isi olla kaikkien hy\u00f6dynnett\u00e4viss\u00e4 avoimesti. Ks. OKM:n tiedote 13.6.2017. T\u00e4m\u00e4 koskee uusinta tutkimustietoa, vanhempaa materiaalia on saatavilla vaihtelevasti, maksumuurien takana tai vain painettuina kirjastoista. Kansainv\u00e4lisesti katsottuna suurin osa tieteellisist\u00e4 artikkeleista ja muista julkaisuista on edelleen vain tilaajien k\u00e4yt\u00f6ss\u00e4. Tilanne kuitenkin muuttuu koko ajan avoimempaan [&hellip;]","og_url":"https:\/\/blogs.uef.fi\/tiedonhaku-yhteiskuntatiede\/vapaa-paasy-aineistoihin\/","og_site_name":"Yhteiskuntatieteen tiedonhaku \/ UEF kirjasto","article_modified_time":"2024-02-19T14:42:20+00:00","twitter_card":"summary_large_image","twitter_misc":{"Arvioitu lukuaika":"2 minuuttia"},"schema":{"@context":"https:\/\/schema.org","@graph":[{"@type":"WebPage","@id":"https:\/\/blogs.uef.fi\/tiedonhaku-yhteiskuntatiede\/vapaa-paasy-aineistoihin\/","url":"https:\/\/blogs.uef.fi\/tiedonhaku-yhteiskuntatiede\/vapaa-paasy-aineistoihin\/","name":"Vapaa p\u00e4\u00e4sy aineistoihin - Yhteiskuntatieteen tiedonhaku \/ UEF kirjasto","isPartOf":{"@id":"https:\/\/blogs.uef.fi\/tiedonhaku-yhteiskuntatiede\/#website"},"datePublished":"2017-12-07T08:00:27+00:00","dateModified":"2024-02-19T14:42:20+00:00","breadcrumb":{"@id":"https:\/\/blogs.uef.fi\/tiedonhaku-yhteiskuntatiede\/vapaa-paasy-aineistoihin\/#breadcrumb"},"inLanguage":"fi","potentialAction":[{"@type":"ReadAction","target":["https:\/\/blogs.uef.fi\/tiedonhaku-yhteiskuntatiede\/vapaa-paasy-aineistoihin\/"]}]},{"@type":"BreadcrumbList","@id":"https:\/\/blogs.uef.fi\/tiedonhaku-yhteiskuntatiede\/vapaa-paasy-aineistoihin\/#breadcrumb","itemListElement":[{"@type":"ListItem","position":1,"name":"Home","item":"https:\/\/blogs.uef.fi\/tiedonhaku-yhteiskuntatiede\/"},{"@type":"ListItem","position":2,"name":"Vapaa p\u00e4\u00e4sy aineistoihin"}]},{"@type":"WebSite","@id":"https:\/\/blogs.uef.fi\/tiedonhaku-yhteiskuntatiede\/#website","url":"https:\/\/blogs.uef.fi\/tiedonhaku-yhteiskuntatiede\/","name":"Yhteiskuntatieteen tiedonhaku \/ UEF kirjasto","description":"","potentialAction":[{"@type":"SearchAction","target":{"@type":"EntryPoint","urlTemplate":"https:\/\/blogs.uef.fi\/tiedonhaku-yhteiskuntatiede\/?s={search_term_string}"},"query-input":{"@type":"PropertyValueSpecification","valueRequired":true,"valueName":"search_term_string"}}],"inLanguage":"fi"}]}},"_links":{"self":[{"href":"https:\/\/blogs.uef.fi\/tiedonhaku-yhteiskuntatiede\/wp-json\/wp\/v2\/pages\/755","targetHints":{"allow":["GET"]}}],"collection":[{"href":"https:\/\/blogs.uef.fi\/tiedonhaku-yhteiskuntatiede\/wp-json\/wp\/v2\/pages"}],"about":[{"href":"https:\/\/blogs.uef.fi\/tiedonhaku-yhteiskuntatiede\/wp-json\/wp\/v2\/types\/page"}],"author":[{"embeddable":true,"href":"https:\/\/blogs.uef.fi\/tiedonhaku-yhteiskuntatiede\/wp-json\/wp\/v2\/users\/127"}],"replies":[{"embeddable":true,"href":"https:\/\/blogs.uef.fi\/tiedonhaku-yhteiskuntatiede\/wp-json\/wp\/v2\/comments?post=755"}],"version-history":[{"count":2,"href":"https:\/\/blogs.uef.fi\/tiedonhaku-yhteiskuntatiede\/wp-json\/wp\/v2\/pages\/755\/revisions"}],"predecessor-version":[{"id":2143,"href":"https:\/\/blogs.uef.fi\/tiedonhaku-yhteiskuntatiede\/wp-json\/wp\/v2\/pages\/755\/revisions\/2143"}],"wp:attachment":[{"href":"https:\/\/blogs.uef.fi\/tiedonhaku-yhteiskuntatiede\/wp-json\/wp\/v2\/media?parent=755"}],"curies":[{"name":"wp","href":"https:\/\/api.w.org\/{rel}","templated":true}]}}