{"id":72,"date":"2015-11-26T06:51:03","date_gmt":"2015-11-26T06:51:03","guid":{"rendered":"https:\/\/ueflibrarysoc.wordpress.com\/?page_id=72"},"modified":"2023-08-23T09:54:11","modified_gmt":"2023-08-23T06:54:11","slug":"julkaisutyypit","status":"publish","type":"page","link":"https:\/\/blogs.uef.fi\/tiedonhaku-yhteiskuntatiede\/julkaisutyypit\/","title":{"rendered":"Julkaisutyypit"},"content":{"rendered":"\n<p><strong>Yleisin tapa julkaista tutkimustietoja on<\/strong> <strong>artikkeli tieteellisess\u00e4 lehdess\u00e4<\/strong>. <strong>My\u00f6s<\/strong> <strong>kirjat, sarjat ja konferenssijulkaisut<\/strong> <strong>ovat keskeisi\u00e4 julkaisukanavia.<\/strong><\/p>\n\n\n\n<figure class=\"wp-block-image alignright is-resized\"><img loading=\"lazy\" decoding=\"async\" src=\"https:\/\/blogs.uef.fi\/tiedonhaku-yhteiskuntatiede\/wp-content\/uploads\/sites\/57\/2015\/11\/lehtisps.jpg\" alt=\"lehtiSP&amp;S\" class=\"wp-image-497\" width=\"180\" height=\"274\" \/><figcaption class=\"wp-element-caption\">Lehti on painettuna kirjastossa vuosilta 2002-2009 ja verkossa saatavilla edelleen.<\/figcaption><\/figure>\n\n\n\n<h3 class=\"wp-block-heading\">ARTIKKELIT -raportoivat uusista tutkimustuloksista<\/h3>\n\n\n\n<p><strong>Tieteellisen lehden<\/strong> <em><strong>(journal)<\/strong><\/em> sis\u00e4lt\u00f6 jakautuu yksitt\u00e4isiin artikkeleihin. Artikkeleita on kahta p\u00e4\u00e4tyyppi\u00e4: alkuper\u00e4isartikkeleita ja katsaus- eli review-artikkeleita.<\/p>\n\n\n\n<p>Varsinaisten<strong> tutkimusartikkelien<\/strong> lis\u00e4ksi tieteelliset lehdet voivat sis\u00e4lt\u00e4\u00e4 my\u00f6s erilaisia <strong>katsauksia, uutisia, kirjeit\u00e4 ja keskustelua.<\/strong><\/p>\n\n\n\n<p>Lehdet<strong> ilmestyv\u00e4t s\u00e4\u00e4nn\u00f6llisesti,<\/strong> vuodessa \/ vuosikerrassa on tavallisesti tietty m\u00e4\u00e4r\u00e4 numeroita.<\/p>\n\n\n\n<p>Alkuper\u00e4isartikkeli<br><strong>Alkuper\u00e4isartikkeli <em>(original\/research paper\/article)<\/em><\/strong> on lyhyehk\u00f6, keskim\u00e4\u00e4rin 7-20 sivun mittainen esitys jostain kyseisen lehden tieteenalaan liittyv\u00e4st\u00e4 selke\u00e4sti rajatusta ongelmasta. Alkuper\u00e4isartikkeli sis\u00e4lt\u00e4\u00e4 joko t\u00e4ysin uusia tutkimustuloksia tai vanhojen tulosten uutta tulkintaa.<\/p>\n\n\n\n<p>Katsausartikkelit<br>Pelk\u00e4st\u00e4\u00e4n alkuper\u00e4isartikkeleita lukemalla on hankalaa saada yleisk\u00e4sityst\u00e4&nbsp; laajemmista aiheista ja tiet\u00e4myksen tasosta tieteenalalla. T\u00e4ss\u00e4 ongelmassa auttavat <strong>katsausartikkelit<\/strong> <em><strong>(review articles)<\/strong>.<\/em> Niit\u00e4 laativat tieteenalojen kokeneet asiantuntijat. Katsausartikkelia varten k\u00e4yd\u00e4\u00e4n l\u00e4pi kaikki t\u00e4rkeimm\u00e4t kyseiseen aiheeseen liittyv\u00e4t alkuper\u00e4isartikkelit. Niiss\u00e4 esitetyt tulokset kootaan sitten yhteen katsausartikkeliksi. Katsaukset ovat yleens\u00e4 pitki\u00e4, kymmenien sivujen mittaisia, ja niiss\u00e4 on kattavat l\u00e4hdeluettelot. Katsausartikkeleita julkaistaan sek\u00e4 tavanomaisissa tieteellisiss\u00e4 lehdiss\u00e4 ett\u00e4 erityisiss\u00e4 katsaussarjoissa. <a href=\"http:\/\/www.annualreviews.org\/journal\/soc\" target=\"_blank\" rel=\"noreferrer noopener\">Annual Reviews<\/a> on yksi tunnetuimmista katsaussarjoista.<\/p>\n\n\n\n<p>Muita artikkelityyppej\u00e4 mm.:<br><strong>tiedonanto<\/strong> <strong>(<em>research note<\/em>)<\/strong> esim. ennakkotietoja tutkimuksesta, <strong>kirje p\u00e4\u00e4toimittajalle<\/strong> <strong>(<em>letter to the editor<\/em>)<\/strong> nostetaan jokin asia esille, <strong>keskustelu<\/strong> <strong>(<em>brief communication, discussion<\/em>)<\/strong> kommentti julkaistuun artikkeliin ja vastaus.<\/p>\n\n\n\n<p>Arkikieless\u00e4 tieteellisi\u00e4 lehti\u00e4 kutsutaan usein sarjoiksi, mik\u00e4 voi aiheuttaa sekaannuksia (ks. alla sarjajulkaisuista). Jotkut tutkijat puhuvat my\u00f6s \u2019journaaleista\u2019.<\/p>\n\n\n\n<p>Ammattilehdet<br><strong>Ammattilehdet<\/strong> auttavat pysym\u00e4\u00e4n selvill\u00e4 ty\u00f6ss\u00e4 ajankohtaisista asioista. Janus on Sosiaalipoliittisen yhdistyksen ja Sosiaality\u00f6n tutkimuksen seuran julkaisema tieteellinen aikakauslehti.<\/p>\n\n\n\n<p><\/p>\n\n\n\n<h3 class=\"wp-block-heading\">KIRJAT &#8211; kertovat aiheestaan laajasti<\/h3>\n\n\n\n<figure class=\"wp-block-image size-full\"><img loading=\"lazy\" decoding=\"async\" width=\"180\" height=\"268\" src=\"https:\/\/blogs.uef.fi\/tiedonhaku-yhteiskuntatiede\/wp-content\/uploads\/sites\/57\/2023\/08\/image-2.png\" alt=\"\" class=\"wp-image-1848\" \/><figcaption class=\"wp-element-caption\">T\u00e4t\u00e4 kirjaa saa vain painettuna kirjastosta.<\/figcaption><\/figure>\n\n\n\n<p>Kirja eli <strong>monografia<\/strong> kirjoitetaan yleens\u00e4 siin\u00e4 vaiheessa, kun <strong>tiet\u00e4mys aiheesta on yleisesti hyv\u00e4ksytty\u00e4 ja vakiintunutta<\/strong>. Kirjan julkaiseminen vie aikaa, ja kirjatiedoilta yleens\u00e4 my\u00f6s odotetaan tietty\u00e4 pysyvyytt\u00e4.<\/p>\n\n\n\n<p>Yliopistollinen <strong>opiskelu<\/strong> useimmilla aloilla perustuu viel\u00e4 nyky\u00e4\u00e4n suuressa m\u00e4\u00e4rin kirjojen lukemiseen ja niiden tietosis\u00e4ll\u00f6n omaksumiseen.<\/p>\n\n\n\n<p>Sen mukaan, miten tietosis\u00e4lt\u00f6 on tuotettu, kirjat voidaan jakaa tekij\u00e4n tai tekij\u00f6iden itsens\u00e4 kirjoittamiin (authored) ja toimitettuihin (edited). Toimitetut kirjat ovat usein <strong>kokoomateoksia,<\/strong> joissa on useita itsen\u00e4isi\u00e4 eri tekij\u00f6iden kirjoittamia lukuja. Toimittaja on sitten koonnut n\u00e4m\u00e4 luvut kokonaisuudeksi yhden otsikon alle.<\/p>\n\n\n\n<p>Kirja voi olla <strong>vertaisarvioitu<\/strong> tai se voi olla k\u00e4yt\u00e4nn\u00f6n <strong>ammattikirjallisuutta <\/strong>tai <strong>yleist\u00e4 tietokirjallisuutta.<\/strong><\/p>\n\n\n\n<p><strong>Hakuteoksista<\/strong> on hyv\u00e4 etsi\u00e4 yksitt\u00e4isi\u00e4 perustietoja, m\u00e4\u00e4ritelmi\u00e4 ym.<\/p>\n\n\n\n<p>Kirjoja on sek\u00e4 painettuna, ett\u00e4 yh\u00e4 useammin e-kirjoina. Katso <a href=\"https:\/\/blogs.uef.fi\/ueflibrary\/e-kasikirjoja-yhteiskunta-kayttaytymis-ja-kauppatieteisiin\/\">blogia<\/a>.<\/p>\n\n\n\n<figure class=\"wp-block-image size-full is-resized\"><img loading=\"lazy\" decoding=\"async\" src=\"https:\/\/blogs.uef.fi\/tiedonhaku-yhteiskuntatiede\/wp-content\/uploads\/sites\/57\/2023\/08\/image-3.png\" alt=\"\" class=\"wp-image-1865\" width=\"180\" height=\"274\" \/><figcaption class=\"wp-element-caption\">Sarja Sosiaali- ja terveysministeri\u00f6n <br>selvityksi\u00e4 ilmestyi <br>sek\u00e4 painettuna ett\u00e4 verkossa.<\/figcaption><\/figure>\n\n\n\n<p><\/p>\n\n\n\n<h2 class=\"wp-block-heading\">SARJAT -kertovat tietyss\u00e4 organisaatiossa tehdyst\u00e4 tutkimuksesta<\/h2>\n\n\n\n<p>Julkaisusarjat ovat <strong>erityisesti tutkimuslaitosten ja muiden julkisorganisaatioiden<\/strong> tavallinen v\u00e4yl\u00e4 ty\u00f6n tulosten julkistamiseen ja siten <strong>t\u00e4rkeit\u00e4 tiedonl\u00e4hteit\u00e4<\/strong>.<\/p>\n\n\n\n<p>Esimerkiksi v\u00e4it\u00f6skirjat julkaistaan Suomessa yliopistojen sarjoissa l\u00e4hes poikkeuksetta.<\/p>\n\n\n\n<p>Sarja ilmestyy <strong>tietyll\u00e4 nimell\u00e4 ja toistuvina osina<\/strong> kuten lehtikin.<br>Sarjat ja lehdet ovatkin yhteiselt\u00e4 nimelt\u00e4\u00e4n <strong>kausijulkaisut.<\/strong><\/p>\n\n\n\n<p>Sarjan osat eiv\u00e4t kuitenkaan v\u00e4ltt\u00e4m\u00e4tt\u00e4 ilmesty yht\u00e4 s\u00e4\u00e4nn\u00f6llisin v\u00e4lein kuin lehtien numerot. Yleens\u00e4 eri osilla on omat teemansa tai aiheensa kirjan tapaan.<\/p>\n\n\n\n<p>Kaikkein \u201dtieteellisimm\u00e4t\u201d uudet tulokset julkaistaan nykyisin mieluiten artikkelina vertaisarvioiduissa lehdiss\u00e4, mutta sarjajulkaisujen kautta v\u00e4litet\u00e4\u00e4n edelleenkin runsaasti <strong>raportti-, selvitys- ja casetyyppist\u00e4 tutkimustietoa.<\/strong> Sarjajulkaisu ei useinkaan ole vertaisarvioitu, mutta silti k\u00e4ytt\u00f6kelpoinen l\u00e4hde.<\/p>\n\n\n\n<p>Viime vuosina paljon sarjajulkaisuja on siirtynyt vain <strong>verkossa julkaistaviksi<\/strong>, mik\u00e4 on heikent\u00e4nyt niiden l\u00f6ytyvyytt\u00e4 esim. kirjastotietokannoista. Sarjoja l\u00f6yt\u00e4\u00e4 paremmin eri organisaatioiden omista verkkojulkaisuj\u00e4rjestelmist\u00e4. Hakukoneiden tuloksiin voi my\u00f6s tarttua sarjajulkaisuja.<\/p>\n\n\n\n<figure class=\"wp-block-image size-full is-resized\"><img loading=\"lazy\" decoding=\"async\" src=\"https:\/\/blogs.uef.fi\/tiedonhaku-yhteiskuntatiede\/wp-content\/uploads\/sites\/57\/2023\/08\/image-4.png\" alt=\"\" class=\"wp-image-1868\" width=\"180\" height=\"274\" \/><figcaption class=\"wp-element-caption\">Sis\u00e4lt\u00e4\u00e4 lyhyit\u00e4 tiivistelmi\u00e4 <br>esitelmist\u00e4 ja postereista.<\/figcaption><\/figure>\n\n\n\n<h2 class=\"wp-block-heading\">KOKOUSJULKAISUT eli konferenssijulkaisut ovat nopea tapa julkaista uusia asioita<\/h2>\n\n\n\n<p><strong>Uusia<\/strong> <strong>tutkimustuloksia<\/strong> esitell\u00e4\u00e4n aluksi tieteellisiss\u00e4 kokouksissa. Kokouksessa pidetyt esitelm\u00e4t tai niiden lyhennelm\u00e4t kootaan yleens\u00e4 kokousjulkaisun muotoon. T\u00e4m\u00e4 pyrit\u00e4\u00e4n tekem\u00e4\u00e4n mahdollisimman lyhyell\u00e4 viiveell\u00e4, usein jopa ennen kokouksen alkua.<\/p>\n\n\n\n<p>Kansainv\u00e4listen kokousten julkaisut tunnistaa usein siit\u00e4, ett\u00e4 niiden nimess\u00e4 esiintyy sana \u201cproceedings.\u201d<\/p>\n\n\n\n<p><strong>MUITA AINEISTOTYYPPEJ\u00c4<\/strong>: patentit, standardit, tilastot, kartta-aineistot, av-aineistot, data.<\/p>\n\n\n<div>\u00a0<\/div>\n<div>\u00a0<\/div>\n<div>\n<p>\u00a0<\/p>\n<\/div>\n<div>\u00a0<\/div>\n\n\n<p><\/p>\n","protected":false},"excerpt":{"rendered":"<p>Yleisin tapa julkaista tutkimustietoja on artikkeli tieteellisess\u00e4 lehdess\u00e4. My\u00f6s kirjat, sarjat ja konferenssijulkaisut ovat keskeisi\u00e4 julkaisukanavia. ARTIKKELIT -raportoivat uusista tutkimustuloksista Tieteellisen lehden (journal) sis\u00e4lt\u00f6 jakautuu yksitt\u00e4isiin artikkeleihin. Artikkeleita on kahta p\u00e4\u00e4tyyppi\u00e4: alkuper\u00e4isartikkeleita ja katsaus- eli review-artikkeleita. Varsinaisten tutkimusartikkelien lis\u00e4ksi tieteelliset lehdet voivat sis\u00e4lt\u00e4\u00e4 my\u00f6s erilaisia katsauksia, uutisia, kirjeit\u00e4 ja keskustelua. Lehdet ilmestyv\u00e4t s\u00e4\u00e4nn\u00f6llisesti, vuodessa \/ [&hellip;]<\/p>\n","protected":false},"author":127,"featured_media":0,"parent":0,"menu_order":0,"comment_status":"closed","ping_status":"closed","template":"","meta":{"_acf_changed":false,"footnotes":""},"class_list":["post-72","page","type-page","status-publish","hentry"],"acf":[],"yoast_head":"<!-- This site is optimized with the Yoast SEO plugin v27.3 - https:\/\/yoast.com\/product\/yoast-seo-wordpress\/ -->\n<title>Julkaisutyypit - Yhteiskuntatieteen tiedonhaku \/ UEF kirjasto<\/title>\n<meta name=\"robots\" content=\"index, follow, max-snippet:-1, max-image-preview:large, max-video-preview:-1\" \/>\n<link rel=\"canonical\" href=\"https:\/\/blogs.uef.fi\/tiedonhaku-yhteiskuntatiede\/julkaisutyypit\/\" \/>\n<meta property=\"og:locale\" content=\"fi_FI\" \/>\n<meta property=\"og:type\" content=\"article\" \/>\n<meta property=\"og:title\" content=\"Julkaisutyypit - Yhteiskuntatieteen tiedonhaku \/ UEF kirjasto\" \/>\n<meta property=\"og:description\" content=\"Yleisin tapa julkaista tutkimustietoja on artikkeli tieteellisess\u00e4 lehdess\u00e4. My\u00f6s kirjat, sarjat ja konferenssijulkaisut ovat keskeisi\u00e4 julkaisukanavia. ARTIKKELIT -raportoivat uusista tutkimustuloksista Tieteellisen lehden (journal) sis\u00e4lt\u00f6 jakautuu yksitt\u00e4isiin artikkeleihin. Artikkeleita on kahta p\u00e4\u00e4tyyppi\u00e4: alkuper\u00e4isartikkeleita ja katsaus- eli review-artikkeleita. Varsinaisten tutkimusartikkelien lis\u00e4ksi tieteelliset lehdet voivat sis\u00e4lt\u00e4\u00e4 my\u00f6s erilaisia katsauksia, uutisia, kirjeit\u00e4 ja keskustelua. Lehdet ilmestyv\u00e4t s\u00e4\u00e4nn\u00f6llisesti, vuodessa \/ [&hellip;]\" \/>\n<meta property=\"og:url\" content=\"https:\/\/blogs.uef.fi\/tiedonhaku-yhteiskuntatiede\/julkaisutyypit\/\" \/>\n<meta property=\"og:site_name\" content=\"Yhteiskuntatieteen tiedonhaku \/ UEF kirjasto\" \/>\n<meta property=\"article:modified_time\" content=\"2023-08-23T06:54:11+00:00\" \/>\n<meta property=\"og:image\" content=\"https:\/\/blogs.uef.fi\/tiedonhaku-yhteiskuntatiede\/wp-content\/uploads\/sites\/57\/2015\/11\/lehtisps.jpg\" \/>\n<meta name=\"twitter:card\" content=\"summary_large_image\" \/>\n<meta name=\"twitter:label1\" content=\"Arvioitu lukuaika\" \/>\n\t<meta name=\"twitter:data1\" content=\"5 minuuttia\" \/>\n<script type=\"application\/ld+json\" class=\"yoast-schema-graph\">{\"@context\":\"https:\\\/\\\/schema.org\",\"@graph\":[{\"@type\":\"WebPage\",\"@id\":\"https:\\\/\\\/blogs.uef.fi\\\/tiedonhaku-yhteiskuntatiede\\\/julkaisutyypit\\\/\",\"url\":\"https:\\\/\\\/blogs.uef.fi\\\/tiedonhaku-yhteiskuntatiede\\\/julkaisutyypit\\\/\",\"name\":\"Julkaisutyypit - Yhteiskuntatieteen tiedonhaku \\\/ UEF kirjasto\",\"isPartOf\":{\"@id\":\"https:\\\/\\\/blogs.uef.fi\\\/tiedonhaku-yhteiskuntatiede\\\/#website\"},\"primaryImageOfPage\":{\"@id\":\"https:\\\/\\\/blogs.uef.fi\\\/tiedonhaku-yhteiskuntatiede\\\/julkaisutyypit\\\/#primaryimage\"},\"image\":{\"@id\":\"https:\\\/\\\/blogs.uef.fi\\\/tiedonhaku-yhteiskuntatiede\\\/julkaisutyypit\\\/#primaryimage\"},\"thumbnailUrl\":\"https:\\\/\\\/blogs.uef.fi\\\/tiedonhaku-yhteiskuntatiede\\\/wp-content\\\/uploads\\\/sites\\\/57\\\/2015\\\/11\\\/lehtisps.jpg\",\"datePublished\":\"2015-11-26T06:51:03+00:00\",\"dateModified\":\"2023-08-23T06:54:11+00:00\",\"breadcrumb\":{\"@id\":\"https:\\\/\\\/blogs.uef.fi\\\/tiedonhaku-yhteiskuntatiede\\\/julkaisutyypit\\\/#breadcrumb\"},\"inLanguage\":\"fi\",\"potentialAction\":[{\"@type\":\"ReadAction\",\"target\":[\"https:\\\/\\\/blogs.uef.fi\\\/tiedonhaku-yhteiskuntatiede\\\/julkaisutyypit\\\/\"]}]},{\"@type\":\"ImageObject\",\"inLanguage\":\"fi\",\"@id\":\"https:\\\/\\\/blogs.uef.fi\\\/tiedonhaku-yhteiskuntatiede\\\/julkaisutyypit\\\/#primaryimage\",\"url\":\"https:\\\/\\\/blogs.uef.fi\\\/tiedonhaku-yhteiskuntatiede\\\/wp-content\\\/uploads\\\/sites\\\/57\\\/2015\\\/11\\\/lehtisps.jpg\",\"contentUrl\":\"https:\\\/\\\/blogs.uef.fi\\\/tiedonhaku-yhteiskuntatiede\\\/wp-content\\\/uploads\\\/sites\\\/57\\\/2015\\\/11\\\/lehtisps.jpg\",\"width\":180,\"height\":258,\"caption\":\"Lehti on painettuna kirjastossa vuosilta 2002-2009 ja verkossa saatavilla edelleen.\"},{\"@type\":\"BreadcrumbList\",\"@id\":\"https:\\\/\\\/blogs.uef.fi\\\/tiedonhaku-yhteiskuntatiede\\\/julkaisutyypit\\\/#breadcrumb\",\"itemListElement\":[{\"@type\":\"ListItem\",\"position\":1,\"name\":\"Home\",\"item\":\"https:\\\/\\\/blogs.uef.fi\\\/tiedonhaku-yhteiskuntatiede\\\/\"},{\"@type\":\"ListItem\",\"position\":2,\"name\":\"Julkaisutyypit\"}]},{\"@type\":\"WebSite\",\"@id\":\"https:\\\/\\\/blogs.uef.fi\\\/tiedonhaku-yhteiskuntatiede\\\/#website\",\"url\":\"https:\\\/\\\/blogs.uef.fi\\\/tiedonhaku-yhteiskuntatiede\\\/\",\"name\":\"Yhteiskuntatieteen tiedonhaku \\\/ UEF kirjasto\",\"description\":\"\",\"potentialAction\":[{\"@type\":\"SearchAction\",\"target\":{\"@type\":\"EntryPoint\",\"urlTemplate\":\"https:\\\/\\\/blogs.uef.fi\\\/tiedonhaku-yhteiskuntatiede\\\/?s={search_term_string}\"},\"query-input\":{\"@type\":\"PropertyValueSpecification\",\"valueRequired\":true,\"valueName\":\"search_term_string\"}}],\"inLanguage\":\"fi\"}]}<\/script>\n<!-- \/ Yoast SEO plugin. -->","yoast_head_json":{"title":"Julkaisutyypit - Yhteiskuntatieteen tiedonhaku \/ UEF kirjasto","robots":{"index":"index","follow":"follow","max-snippet":"max-snippet:-1","max-image-preview":"max-image-preview:large","max-video-preview":"max-video-preview:-1"},"canonical":"https:\/\/blogs.uef.fi\/tiedonhaku-yhteiskuntatiede\/julkaisutyypit\/","og_locale":"fi_FI","og_type":"article","og_title":"Julkaisutyypit - Yhteiskuntatieteen tiedonhaku \/ UEF kirjasto","og_description":"Yleisin tapa julkaista tutkimustietoja on artikkeli tieteellisess\u00e4 lehdess\u00e4. My\u00f6s kirjat, sarjat ja konferenssijulkaisut ovat keskeisi\u00e4 julkaisukanavia. ARTIKKELIT -raportoivat uusista tutkimustuloksista Tieteellisen lehden (journal) sis\u00e4lt\u00f6 jakautuu yksitt\u00e4isiin artikkeleihin. Artikkeleita on kahta p\u00e4\u00e4tyyppi\u00e4: alkuper\u00e4isartikkeleita ja katsaus- eli review-artikkeleita. Varsinaisten tutkimusartikkelien lis\u00e4ksi tieteelliset lehdet voivat sis\u00e4lt\u00e4\u00e4 my\u00f6s erilaisia katsauksia, uutisia, kirjeit\u00e4 ja keskustelua. Lehdet ilmestyv\u00e4t s\u00e4\u00e4nn\u00f6llisesti, vuodessa \/ [&hellip;]","og_url":"https:\/\/blogs.uef.fi\/tiedonhaku-yhteiskuntatiede\/julkaisutyypit\/","og_site_name":"Yhteiskuntatieteen tiedonhaku \/ UEF kirjasto","article_modified_time":"2023-08-23T06:54:11+00:00","og_image":[{"url":"https:\/\/blogs.uef.fi\/tiedonhaku-yhteiskuntatiede\/wp-content\/uploads\/sites\/57\/2015\/11\/lehtisps.jpg","type":"","width":"","height":""}],"twitter_card":"summary_large_image","twitter_misc":{"Arvioitu lukuaika":"5 minuuttia"},"schema":{"@context":"https:\/\/schema.org","@graph":[{"@type":"WebPage","@id":"https:\/\/blogs.uef.fi\/tiedonhaku-yhteiskuntatiede\/julkaisutyypit\/","url":"https:\/\/blogs.uef.fi\/tiedonhaku-yhteiskuntatiede\/julkaisutyypit\/","name":"Julkaisutyypit - Yhteiskuntatieteen tiedonhaku \/ UEF kirjasto","isPartOf":{"@id":"https:\/\/blogs.uef.fi\/tiedonhaku-yhteiskuntatiede\/#website"},"primaryImageOfPage":{"@id":"https:\/\/blogs.uef.fi\/tiedonhaku-yhteiskuntatiede\/julkaisutyypit\/#primaryimage"},"image":{"@id":"https:\/\/blogs.uef.fi\/tiedonhaku-yhteiskuntatiede\/julkaisutyypit\/#primaryimage"},"thumbnailUrl":"https:\/\/blogs.uef.fi\/tiedonhaku-yhteiskuntatiede\/wp-content\/uploads\/sites\/57\/2015\/11\/lehtisps.jpg","datePublished":"2015-11-26T06:51:03+00:00","dateModified":"2023-08-23T06:54:11+00:00","breadcrumb":{"@id":"https:\/\/blogs.uef.fi\/tiedonhaku-yhteiskuntatiede\/julkaisutyypit\/#breadcrumb"},"inLanguage":"fi","potentialAction":[{"@type":"ReadAction","target":["https:\/\/blogs.uef.fi\/tiedonhaku-yhteiskuntatiede\/julkaisutyypit\/"]}]},{"@type":"ImageObject","inLanguage":"fi","@id":"https:\/\/blogs.uef.fi\/tiedonhaku-yhteiskuntatiede\/julkaisutyypit\/#primaryimage","url":"https:\/\/blogs.uef.fi\/tiedonhaku-yhteiskuntatiede\/wp-content\/uploads\/sites\/57\/2015\/11\/lehtisps.jpg","contentUrl":"https:\/\/blogs.uef.fi\/tiedonhaku-yhteiskuntatiede\/wp-content\/uploads\/sites\/57\/2015\/11\/lehtisps.jpg","width":180,"height":258,"caption":"Lehti on painettuna kirjastossa vuosilta 2002-2009 ja verkossa saatavilla edelleen."},{"@type":"BreadcrumbList","@id":"https:\/\/blogs.uef.fi\/tiedonhaku-yhteiskuntatiede\/julkaisutyypit\/#breadcrumb","itemListElement":[{"@type":"ListItem","position":1,"name":"Home","item":"https:\/\/blogs.uef.fi\/tiedonhaku-yhteiskuntatiede\/"},{"@type":"ListItem","position":2,"name":"Julkaisutyypit"}]},{"@type":"WebSite","@id":"https:\/\/blogs.uef.fi\/tiedonhaku-yhteiskuntatiede\/#website","url":"https:\/\/blogs.uef.fi\/tiedonhaku-yhteiskuntatiede\/","name":"Yhteiskuntatieteen tiedonhaku \/ UEF kirjasto","description":"","potentialAction":[{"@type":"SearchAction","target":{"@type":"EntryPoint","urlTemplate":"https:\/\/blogs.uef.fi\/tiedonhaku-yhteiskuntatiede\/?s={search_term_string}"},"query-input":{"@type":"PropertyValueSpecification","valueRequired":true,"valueName":"search_term_string"}}],"inLanguage":"fi"}]}},"_links":{"self":[{"href":"https:\/\/blogs.uef.fi\/tiedonhaku-yhteiskuntatiede\/wp-json\/wp\/v2\/pages\/72","targetHints":{"allow":["GET"]}}],"collection":[{"href":"https:\/\/blogs.uef.fi\/tiedonhaku-yhteiskuntatiede\/wp-json\/wp\/v2\/pages"}],"about":[{"href":"https:\/\/blogs.uef.fi\/tiedonhaku-yhteiskuntatiede\/wp-json\/wp\/v2\/types\/page"}],"author":[{"embeddable":true,"href":"https:\/\/blogs.uef.fi\/tiedonhaku-yhteiskuntatiede\/wp-json\/wp\/v2\/users\/127"}],"replies":[{"embeddable":true,"href":"https:\/\/blogs.uef.fi\/tiedonhaku-yhteiskuntatiede\/wp-json\/wp\/v2\/comments?post=72"}],"version-history":[{"count":2,"href":"https:\/\/blogs.uef.fi\/tiedonhaku-yhteiskuntatiede\/wp-json\/wp\/v2\/pages\/72\/revisions"}],"predecessor-version":[{"id":1874,"href":"https:\/\/blogs.uef.fi\/tiedonhaku-yhteiskuntatiede\/wp-json\/wp\/v2\/pages\/72\/revisions\/1874"}],"wp:attachment":[{"href":"https:\/\/blogs.uef.fi\/tiedonhaku-yhteiskuntatiede\/wp-json\/wp\/v2\/media?parent=72"}],"curies":[{"name":"wp","href":"https:\/\/api.w.org\/{rel}","templated":true}]}}