{"id":634,"date":"2017-12-04T12:45:49","date_gmt":"2017-12-04T12:45:49","guid":{"rendered":"https:\/\/ueflibrarysoc.wordpress.com\/?page_id=634"},"modified":"2023-08-17T15:07:48","modified_gmt":"2023-08-17T12:07:48","slug":"tieteenalakohtaiset-erot","status":"publish","type":"page","link":"https:\/\/blogs.uef.fi\/tiedonhaku-yhteiskuntatiede\/tieteenalakohtaiset-erot\/","title":{"rendered":"Tieteenalakohtaiset erot"},"content":{"rendered":"\n<p>Eri tieteenaloilla on omat perinteens\u00e4 tavassa julkaista tutkimusty\u00f6n tulokset.<\/p>\n\n\n\n<p><strong>Luonnon- ja l\u00e4\u00e4ketieteet<\/strong> edustavat kaikista aloista yht\u00e4 \u00e4\u00e4rip\u00e4\u00e4t\u00e4, jossa tutkimukset pyrit\u00e4\u00e4n julkaisemaan lehtiartikkeleina ja kansainv\u00e4lisesti. Kansainv\u00e4linen julkaiseminen on luontevaa, koska aiheetkin ovat universaaleja.<\/p>\n\n\n\n<p><strong>Humanistisilla tieteenaloilla<\/strong> taas perinteiset kirjat \u2013 mit\u00e4 paksumpi sen parempi- sek\u00e4 kotimainen julkaisukanava ovat tavallisempia.<\/p>\n\n\n\n<p><strong>Yhteiskuntatieteet<\/strong> ovat edellisten v\u00e4lilt\u00e4. Yhteiskuntatieteiss\u00e4 julkaisumuodot ja -kielet vaihtelevat kohdeyleis\u00f6n mukaan. Julkaiseminen ja sit\u00e4 kautta yhteiskunnallinen vaikuttaminen ja tiedonlevitys laajalle on merkitt\u00e4v\u00e4 osa toimintaa.<\/p>\n\n\n\n<p>Yhteiskuntatieteiss\u00e4 on t\u00e4rke\u00e4t\u00e4 my\u00f6s julkinen keskustelu, jota k\u00e4yd\u00e4\u00e4n perinteisesti vaikkapa lehtien v\u00e4lityksell\u00e4. Internetin lukuisat keskustelupalstat, blogit ym. eiv\u00e4t ole samalla tavoin dokumentoitua, virallista tietoa, mutta toki niiss\u00e4kin on aste-eroja.<\/p>\n\n\n\n<h2 class=\"wp-block-heading\">Erot tieteenaloilla tasoittuvat<\/h2>\n\n\n\n<p>Kaikkiaan tieteenalojen erot ovat jossakin m\u00e4\u00e4rin v\u00e4hentyneet viime vuosina \u2013 artikkelityyppinen julkaiseminen on kasvussa kaikilla tieteenaloilla.<\/p>\n\n\n\n<p>Samoin siirtyminen kansallisista kielist\u00e4 <strong>englannin kielee<\/strong>n on ollut merkitt\u00e4v\u00e4\u00e4.<\/p>\n\n\n\n<p>Yhteiskuntatieteiden osalta t\u00e4m\u00e4 tapahtuu ennen kaikkea aiheissa, joissa tutkimuskohteena ovat yleiset yhteiskunnan toimitaan liittyv\u00e4t aiheet, ei niink\u00e4\u00e4n tietty yhteiskunta tai alue.<\/p>\n\n\n\n<h2 class=\"wp-block-heading\">Kuinka paljon maailmalla julkaistaan?<\/h2>\n\n\n\n<p>Maailmassa julkaistiin vuonna 2020 <strong>l\u00e4hes kolme miljoona tieteellist\u00e4 artikkelia<\/strong> joko lehdiss\u00e4 tai konferenssijulkaisuissa. Julkaisujen m\u00e4\u00e4r\u00e4 on kasvanut l\u00e4hes 52 % kymmeness\u00e4 vuodessa (20210-2020). Kasvu on nopeinta kehittyviss\u00e4 maissa.<\/p>\n\n\n\n<p class=\"has-text-align-right\"><em>L\u00e4hde:<br>National Science Board (2021). Science and engineering indicators. Publications Output: U.S. Trends and International Comparisons. <a href=\"https:\/\/ncses.nsf.gov\/pubs\/nsb20214\/publication-output-by-country-region-or-economy-and-scientific-field\" target=\"_blank\" rel=\"noreferrer noopener\">Publication Output by Country, Region, or Economy and Scientific Field<\/a>.<br>T\u00e4m\u00e4 aineisto perustuu Scopus-tietokantaan ja siten siin\u00e4 korostuu englanninkielinen tutkimu<\/em><\/p>\n\n\n\n<p>Tieteellisen tutkimuksen ja julkaisemisen m\u00e4\u00e4r\u00e4 on luonnollisesti yhteydess\u00e4 taloudellisiin resursseihin, eik\u00e4 suoraan v\u00e4est\u00f6m\u00e4\u00e4r\u00e4\u00e4n tai maantieteeseen. Aukaise sivusto worldmapper.org n\u00e4hd\u00e4ksesi alkuper\u00e4isen kuvan, joka havainnollistaa eri maiden osuutta tieteellisess\u00e4 julkaisemisessa.<\/p>\n\n\n\n<p class=\"has-text-align-left\">Vuonna 2016 Kiina ohitti ensi kertaa Yhdysvallat julkaisujen m\u00e4\u00e4r\u00e4ss\u00e4. Muita suuria julkaisumaita ovat Intia, Saksa ja Iso-Britannia. N\u00e4m\u00e4 viisi maata kattavat jo puolet kaikista julkaisuista. Suomen osuus julkaisuista on alle yhden prosentin.<\/p>\n\n\n\n<figure class=\"wp-block-image\"><img decoding=\"async\" src=\"https:\/\/blogs.uef.fi\/tiedonhaku-metsatiede\/wp-content\/uploads\/sites\/47\/2018\/05\/kartta-1024x510.png\" alt=\"Maailmankartta, jossa maiden koko on suhteutettu tieteellisten julkaisujen m\u00e4\u00e4r\u00e4\u00e4n. Esimerkiksi Eurooppa on selv\u00e4sti maantieteellist\u00e4 kokoaan isompi.\" class=\"wp-image-713\" \/><\/figure>\n\n\n\n<p>Avaa alkuper\u00e4inen kuva: <a href=\"https:\/\/worldmapper.org\/maps\/science-paperspublished-2016\/?sf_action=get_data&amp;sf_data=results&amp;_sft_product_cat=science\" target=\"_blank\" rel=\"noreferrer noopener\">Science Papers Published 2016 <\/a>(worldmapper.org) CC BY-NC-SA 4.0<\/p>\n\n\n\n<h2 class=\"wp-block-heading\">&nbsp;<\/h2>\n","protected":false},"excerpt":{"rendered":"<p>Eri tieteenaloilla on omat perinteens\u00e4 tavassa julkaista tutkimusty\u00f6n tulokset. Luonnon- ja l\u00e4\u00e4ketieteet edustavat kaikista aloista yht\u00e4 \u00e4\u00e4rip\u00e4\u00e4t\u00e4, jossa tutkimukset pyrit\u00e4\u00e4n julkaisemaan lehtiartikkeleina ja kansainv\u00e4lisesti. Kansainv\u00e4linen julkaiseminen on luontevaa, koska aiheetkin ovat universaaleja. Humanistisilla tieteenaloilla taas perinteiset kirjat \u2013 mit\u00e4 paksumpi sen parempi- sek\u00e4 kotimainen julkaisukanava ovat tavallisempia. Yhteiskuntatieteet ovat edellisten v\u00e4lilt\u00e4. Yhteiskuntatieteiss\u00e4 julkaisumuodot ja -kielet [&hellip;]<\/p>\n","protected":false},"author":127,"featured_media":0,"parent":0,"menu_order":0,"comment_status":"closed","ping_status":"closed","template":"","meta":{"_acf_changed":false,"footnotes":""},"class_list":["post-634","page","type-page","status-publish","hentry"],"acf":[],"yoast_head":"<!-- This site is optimized with the Yoast SEO plugin v27.1.1 - https:\/\/yoast.com\/product\/yoast-seo-wordpress\/ -->\n<title>Tieteenalakohtaiset erot - Yhteiskuntatieteen tiedonhaku \/ UEF kirjasto<\/title>\n<meta name=\"robots\" content=\"index, follow, max-snippet:-1, max-image-preview:large, max-video-preview:-1\" \/>\n<link rel=\"canonical\" href=\"https:\/\/blogs.uef.fi\/tiedonhaku-yhteiskuntatiede\/tieteenalakohtaiset-erot\/\" \/>\n<meta property=\"og:locale\" content=\"fi_FI\" \/>\n<meta property=\"og:type\" content=\"article\" \/>\n<meta property=\"og:title\" content=\"Tieteenalakohtaiset erot - Yhteiskuntatieteen tiedonhaku \/ UEF kirjasto\" \/>\n<meta property=\"og:description\" content=\"Eri tieteenaloilla on omat perinteens\u00e4 tavassa julkaista tutkimusty\u00f6n tulokset. Luonnon- ja l\u00e4\u00e4ketieteet edustavat kaikista aloista yht\u00e4 \u00e4\u00e4rip\u00e4\u00e4t\u00e4, jossa tutkimukset pyrit\u00e4\u00e4n julkaisemaan lehtiartikkeleina ja kansainv\u00e4lisesti. Kansainv\u00e4linen julkaiseminen on luontevaa, koska aiheetkin ovat universaaleja. Humanistisilla tieteenaloilla taas perinteiset kirjat \u2013 mit\u00e4 paksumpi sen parempi- sek\u00e4 kotimainen julkaisukanava ovat tavallisempia. Yhteiskuntatieteet ovat edellisten v\u00e4lilt\u00e4. Yhteiskuntatieteiss\u00e4 julkaisumuodot ja -kielet [&hellip;]\" \/>\n<meta property=\"og:url\" content=\"https:\/\/blogs.uef.fi\/tiedonhaku-yhteiskuntatiede\/tieteenalakohtaiset-erot\/\" \/>\n<meta property=\"og:site_name\" content=\"Yhteiskuntatieteen tiedonhaku \/ UEF kirjasto\" \/>\n<meta property=\"article:modified_time\" content=\"2023-08-17T12:07:48+00:00\" \/>\n<meta property=\"og:image\" content=\"https:\/\/blogs.uef.fi\/tiedonhaku-metsatiede\/wp-content\/uploads\/sites\/47\/2018\/05\/kartta-1024x510.png\" \/>\n<meta name=\"twitter:card\" content=\"summary_large_image\" \/>\n<meta name=\"twitter:label1\" content=\"Arvioitu lukuaika\" \/>\n\t<meta name=\"twitter:data1\" content=\"2 minuuttia\" \/>\n<script type=\"application\/ld+json\" class=\"yoast-schema-graph\">{\"@context\":\"https:\/\/schema.org\",\"@graph\":[{\"@type\":\"WebPage\",\"@id\":\"https:\/\/blogs.uef.fi\/tiedonhaku-yhteiskuntatiede\/tieteenalakohtaiset-erot\/\",\"url\":\"https:\/\/blogs.uef.fi\/tiedonhaku-yhteiskuntatiede\/tieteenalakohtaiset-erot\/\",\"name\":\"Tieteenalakohtaiset erot - Yhteiskuntatieteen tiedonhaku \/ UEF kirjasto\",\"isPartOf\":{\"@id\":\"https:\/\/blogs.uef.fi\/tiedonhaku-yhteiskuntatiede\/#website\"},\"primaryImageOfPage\":{\"@id\":\"https:\/\/blogs.uef.fi\/tiedonhaku-yhteiskuntatiede\/tieteenalakohtaiset-erot\/#primaryimage\"},\"image\":{\"@id\":\"https:\/\/blogs.uef.fi\/tiedonhaku-yhteiskuntatiede\/tieteenalakohtaiset-erot\/#primaryimage\"},\"thumbnailUrl\":\"https:\/\/blogs.uef.fi\/tiedonhaku-metsatiede\/wp-content\/uploads\/sites\/47\/2018\/05\/kartta-1024x510.png\",\"datePublished\":\"2017-12-04T12:45:49+00:00\",\"dateModified\":\"2023-08-17T12:07:48+00:00\",\"breadcrumb\":{\"@id\":\"https:\/\/blogs.uef.fi\/tiedonhaku-yhteiskuntatiede\/tieteenalakohtaiset-erot\/#breadcrumb\"},\"inLanguage\":\"fi\",\"potentialAction\":[{\"@type\":\"ReadAction\",\"target\":[\"https:\/\/blogs.uef.fi\/tiedonhaku-yhteiskuntatiede\/tieteenalakohtaiset-erot\/\"]}]},{\"@type\":\"ImageObject\",\"inLanguage\":\"fi\",\"@id\":\"https:\/\/blogs.uef.fi\/tiedonhaku-yhteiskuntatiede\/tieteenalakohtaiset-erot\/#primaryimage\",\"url\":\"https:\/\/blogs.uef.fi\/tiedonhaku-metsatiede\/wp-content\/uploads\/sites\/47\/2018\/05\/kartta-1024x510.png\",\"contentUrl\":\"https:\/\/blogs.uef.fi\/tiedonhaku-metsatiede\/wp-content\/uploads\/sites\/47\/2018\/05\/kartta-1024x510.png\"},{\"@type\":\"BreadcrumbList\",\"@id\":\"https:\/\/blogs.uef.fi\/tiedonhaku-yhteiskuntatiede\/tieteenalakohtaiset-erot\/#breadcrumb\",\"itemListElement\":[{\"@type\":\"ListItem\",\"position\":1,\"name\":\"Home\",\"item\":\"https:\/\/blogs.uef.fi\/tiedonhaku-yhteiskuntatiede\/\"},{\"@type\":\"ListItem\",\"position\":2,\"name\":\"Tieteenalakohtaiset erot\"}]},{\"@type\":\"WebSite\",\"@id\":\"https:\/\/blogs.uef.fi\/tiedonhaku-yhteiskuntatiede\/#website\",\"url\":\"https:\/\/blogs.uef.fi\/tiedonhaku-yhteiskuntatiede\/\",\"name\":\"Yhteiskuntatieteen tiedonhaku \/ UEF kirjasto\",\"description\":\"\",\"potentialAction\":[{\"@type\":\"SearchAction\",\"target\":{\"@type\":\"EntryPoint\",\"urlTemplate\":\"https:\/\/blogs.uef.fi\/tiedonhaku-yhteiskuntatiede\/?s={search_term_string}\"},\"query-input\":{\"@type\":\"PropertyValueSpecification\",\"valueRequired\":true,\"valueName\":\"search_term_string\"}}],\"inLanguage\":\"fi\"}]}<\/script>\n<!-- \/ Yoast SEO plugin. -->","yoast_head_json":{"title":"Tieteenalakohtaiset erot - Yhteiskuntatieteen tiedonhaku \/ UEF kirjasto","robots":{"index":"index","follow":"follow","max-snippet":"max-snippet:-1","max-image-preview":"max-image-preview:large","max-video-preview":"max-video-preview:-1"},"canonical":"https:\/\/blogs.uef.fi\/tiedonhaku-yhteiskuntatiede\/tieteenalakohtaiset-erot\/","og_locale":"fi_FI","og_type":"article","og_title":"Tieteenalakohtaiset erot - Yhteiskuntatieteen tiedonhaku \/ UEF kirjasto","og_description":"Eri tieteenaloilla on omat perinteens\u00e4 tavassa julkaista tutkimusty\u00f6n tulokset. Luonnon- ja l\u00e4\u00e4ketieteet edustavat kaikista aloista yht\u00e4 \u00e4\u00e4rip\u00e4\u00e4t\u00e4, jossa tutkimukset pyrit\u00e4\u00e4n julkaisemaan lehtiartikkeleina ja kansainv\u00e4lisesti. Kansainv\u00e4linen julkaiseminen on luontevaa, koska aiheetkin ovat universaaleja. Humanistisilla tieteenaloilla taas perinteiset kirjat \u2013 mit\u00e4 paksumpi sen parempi- sek\u00e4 kotimainen julkaisukanava ovat tavallisempia. Yhteiskuntatieteet ovat edellisten v\u00e4lilt\u00e4. Yhteiskuntatieteiss\u00e4 julkaisumuodot ja -kielet [&hellip;]","og_url":"https:\/\/blogs.uef.fi\/tiedonhaku-yhteiskuntatiede\/tieteenalakohtaiset-erot\/","og_site_name":"Yhteiskuntatieteen tiedonhaku \/ UEF kirjasto","article_modified_time":"2023-08-17T12:07:48+00:00","og_image":[{"url":"https:\/\/blogs.uef.fi\/tiedonhaku-metsatiede\/wp-content\/uploads\/sites\/47\/2018\/05\/kartta-1024x510.png","type":"","width":"","height":""}],"twitter_card":"summary_large_image","twitter_misc":{"Arvioitu lukuaika":"2 minuuttia"},"schema":{"@context":"https:\/\/schema.org","@graph":[{"@type":"WebPage","@id":"https:\/\/blogs.uef.fi\/tiedonhaku-yhteiskuntatiede\/tieteenalakohtaiset-erot\/","url":"https:\/\/blogs.uef.fi\/tiedonhaku-yhteiskuntatiede\/tieteenalakohtaiset-erot\/","name":"Tieteenalakohtaiset erot - Yhteiskuntatieteen tiedonhaku \/ UEF kirjasto","isPartOf":{"@id":"https:\/\/blogs.uef.fi\/tiedonhaku-yhteiskuntatiede\/#website"},"primaryImageOfPage":{"@id":"https:\/\/blogs.uef.fi\/tiedonhaku-yhteiskuntatiede\/tieteenalakohtaiset-erot\/#primaryimage"},"image":{"@id":"https:\/\/blogs.uef.fi\/tiedonhaku-yhteiskuntatiede\/tieteenalakohtaiset-erot\/#primaryimage"},"thumbnailUrl":"https:\/\/blogs.uef.fi\/tiedonhaku-metsatiede\/wp-content\/uploads\/sites\/47\/2018\/05\/kartta-1024x510.png","datePublished":"2017-12-04T12:45:49+00:00","dateModified":"2023-08-17T12:07:48+00:00","breadcrumb":{"@id":"https:\/\/blogs.uef.fi\/tiedonhaku-yhteiskuntatiede\/tieteenalakohtaiset-erot\/#breadcrumb"},"inLanguage":"fi","potentialAction":[{"@type":"ReadAction","target":["https:\/\/blogs.uef.fi\/tiedonhaku-yhteiskuntatiede\/tieteenalakohtaiset-erot\/"]}]},{"@type":"ImageObject","inLanguage":"fi","@id":"https:\/\/blogs.uef.fi\/tiedonhaku-yhteiskuntatiede\/tieteenalakohtaiset-erot\/#primaryimage","url":"https:\/\/blogs.uef.fi\/tiedonhaku-metsatiede\/wp-content\/uploads\/sites\/47\/2018\/05\/kartta-1024x510.png","contentUrl":"https:\/\/blogs.uef.fi\/tiedonhaku-metsatiede\/wp-content\/uploads\/sites\/47\/2018\/05\/kartta-1024x510.png"},{"@type":"BreadcrumbList","@id":"https:\/\/blogs.uef.fi\/tiedonhaku-yhteiskuntatiede\/tieteenalakohtaiset-erot\/#breadcrumb","itemListElement":[{"@type":"ListItem","position":1,"name":"Home","item":"https:\/\/blogs.uef.fi\/tiedonhaku-yhteiskuntatiede\/"},{"@type":"ListItem","position":2,"name":"Tieteenalakohtaiset erot"}]},{"@type":"WebSite","@id":"https:\/\/blogs.uef.fi\/tiedonhaku-yhteiskuntatiede\/#website","url":"https:\/\/blogs.uef.fi\/tiedonhaku-yhteiskuntatiede\/","name":"Yhteiskuntatieteen tiedonhaku \/ UEF kirjasto","description":"","potentialAction":[{"@type":"SearchAction","target":{"@type":"EntryPoint","urlTemplate":"https:\/\/blogs.uef.fi\/tiedonhaku-yhteiskuntatiede\/?s={search_term_string}"},"query-input":{"@type":"PropertyValueSpecification","valueRequired":true,"valueName":"search_term_string"}}],"inLanguage":"fi"}]}},"_links":{"self":[{"href":"https:\/\/blogs.uef.fi\/tiedonhaku-yhteiskuntatiede\/wp-json\/wp\/v2\/pages\/634","targetHints":{"allow":["GET"]}}],"collection":[{"href":"https:\/\/blogs.uef.fi\/tiedonhaku-yhteiskuntatiede\/wp-json\/wp\/v2\/pages"}],"about":[{"href":"https:\/\/blogs.uef.fi\/tiedonhaku-yhteiskuntatiede\/wp-json\/wp\/v2\/types\/page"}],"author":[{"embeddable":true,"href":"https:\/\/blogs.uef.fi\/tiedonhaku-yhteiskuntatiede\/wp-json\/wp\/v2\/users\/127"}],"replies":[{"embeddable":true,"href":"https:\/\/blogs.uef.fi\/tiedonhaku-yhteiskuntatiede\/wp-json\/wp\/v2\/comments?post=634"}],"version-history":[{"count":1,"href":"https:\/\/blogs.uef.fi\/tiedonhaku-yhteiskuntatiede\/wp-json\/wp\/v2\/pages\/634\/revisions"}],"predecessor-version":[{"id":1836,"href":"https:\/\/blogs.uef.fi\/tiedonhaku-yhteiskuntatiede\/wp-json\/wp\/v2\/pages\/634\/revisions\/1836"}],"wp:attachment":[{"href":"https:\/\/blogs.uef.fi\/tiedonhaku-yhteiskuntatiede\/wp-json\/wp\/v2\/media?parent=634"}],"curies":[{"name":"wp","href":"https:\/\/api.w.org\/{rel}","templated":true}]}}