{"id":463,"date":"2015-11-26T13:28:08","date_gmt":"2015-11-26T13:28:08","guid":{"rendered":"https:\/\/ueflibrarysoc.wordpress.com\/?page_id=463"},"modified":"2024-02-19T15:38:54","modified_gmt":"2024-02-19T13:38:54","slug":"kotimaiset-lehdet","status":"publish","type":"page","link":"https:\/\/blogs.uef.fi\/tiedonhaku-yhteiskuntatiede\/kotimaiset-lehdet\/","title":{"rendered":"Artikkelihaku kotimaisista lehdist\u00e4"},"content":{"rendered":"\n<p><strong>Kotimaisissa lehdiss\u00e4<\/strong> julkaistuja artikkeleita voit hakea <strong>kansallisen Finnan<\/strong> kautta: <a href=\"http:\/\/finna.fi\" target=\"_blank\" rel=\"noreferrer noopener\">Finna.fi<\/a>. Finnassa voit rajata haun pelk\u00e4st\u00e4\u00e4n artikkeleihin.<\/p>\n\n\n\n<p>Finnan sis\u00e4lt\u00e4m\u00e4t artikkelit ovat per\u00e4isin nk. Arto-tietokannasta. Artoa voi k\u00e4ytt\u00e4\u00e4 my\u00f6s suoraan <a href=\"https:\/\/kansalliskirjasto.finna.fi\/Search\/Advanced?hiddenFilters%5B0%5D=%23%3A%22%28building%3A1%2FNLF%2Farto%2F%29%22\" target=\"_blank\" rel=\"noreferrer noopener\">kansalliskirjaston Finnan<\/a> kautta.<\/p>\n\n\n\n<p><strong>T\u00e4rke\u00e4\u00e4: Suomea koskevaa ja\/tai suomalaisten tutkijoiden tekem\u00e4\u00e4 tutkimusta julkaistaan my\u00f6s kansainv\u00e4lisiss\u00e4 lehdiss\u00e4.<\/strong> Siksi haku vain kotimaisista aineistoista ei useinkaan riit\u00e4.<\/p>\n\n\n\n<p><strong>Verkossa luettavia<\/strong> kotimaisia tiedelehti\u00e4 on koottu <a href=\"http:\/\/journal.fi\/\" target=\"_blank\" rel=\"noreferrer noopener\"><strong>Journal.fi<\/strong><\/a> -palveluun.Sivustolla on noin 140 suomalaista tieteellist\u00e4 lehte\u00e4 ja vuosikirjaa. Esimerkkej\u00e4 lehdist\u00e4:<\/p>\n\n\n\n<p><\/p>\n\n\n\n<p>Aikuiskasvatus<br>Finnish Yearbook of Population Research<br>Hallinnon tutkimus<br>Janus<br>Politiikka<br>Trace: Finnish Journal for Human-Animal Studies<\/p>\n\n\n\n<p><\/p>\n\n\n\n<p><strong>ALUEELLISIA TIETOKANTOJA<\/strong><\/p>\n\n\n\n<p>Sis\u00e4lt\u00e4v\u00e4t tietty\u00e4 aluetta koskevia aineistoja monelta kantilta, my\u00f6s tietoja sanomalehdist\u00e4, lehtiartikkeleista ja kirjoista. Aluetietokantoja yll\u00e4pit\u00e4v\u00e4t maakuntakirjastot. Kaikilla maakunnilla ei ole omaa aluetietokantaa. Alueellisia aineistoja l\u00f6ytyy luonnollisesti my\u00f6s <a href=\"http:\/\/finna.fi\" target=\"_blank\" rel=\"noreferrer noopener\">Finna.fi-<\/a>palvelusta<\/p>\n\n\n\n<p><strong><a href=\"http:\/\/www.esaimaalehtiartikkelit.fi\/\" target=\"_blank\" rel=\"noreferrer noopener\">Etel\u00e4-Saimaa<\/a><\/strong><br><strong><a href=\"http:\/\/kymenlaakso.prettybit.fi\/kmk\/search_fi.htm\" target=\"_blank\" rel=\"noreferrer noopener\">Kymenlaakso-tietokanta<\/a><\/strong><br><strong><a href=\"http:\/\/kakonen.jns.fi\/\" target=\"_blank\" rel=\"noreferrer noopener\">K\u00e4k\u00f6nen<\/a> (Pohjois-Karjala + Laatokan Karjala)<\/strong><br><strong><a href=\"http:\/\/www.porstuakirjastot.fi\/\" target=\"_blank\" rel=\"noreferrer noopener\">Porstua<\/a> (Pohjanmaa)<\/strong><\/p>\n\n\n\n<p><strong>SANOMALEHDET<\/strong><\/p>\n\n\n\n<p>Sanomalehtien artikkeleita ei k\u00e4ytet\u00e4 tutkimuksen l\u00e4hdekirjallisuutena kuin poikkeustapauksessa. Tutkimuksen kohteena sanomalehtikirjoittelu sen sijaan voi olla, esimerkiksi: <em>Lastensuojelun juridisoituminen : tutkimus lakimuutosta koskevasta lehtikirjoittelusta \/ Maria Porko (pro gardu 2011).<\/em><\/p>\n\n\n\n<p><strong>Kotimaisia lehti\u00e4<\/strong> tavoittaa erilaisten palvelujen kautta lehden i\u00e4st\u00e4 riippuen:<\/p>\n\n\n\n<ul class=\"wp-block-list\">\n<li>sanomalehdet 2 uusinta vuotta: <a href=\"https:\/\/www.epress.fi\/\" target=\"_blank\" rel=\"noreferrer noopener\">ePress-tietokanta<\/a> (k\u00e4yt\u00f6ss\u00e4 UEF-Primossa)(ei et\u00e4k\u00e4ytt\u00f6\u00e4)<\/li>\n\n\n\n<li>sanoma- ja aikakauslehdet v. 1930 alkaen digitaalisina: vapaakappalety\u00f6asemat kampuskirjastoissa\n<ul class=\"wp-block-list\">\n<li>Tutkain-projekti: <a href=\"https:\/\/digi.kansalliskirjasto.fi\/etusivu\" target=\"_blank\" rel=\"noreferrer noopener\">1930-2018 lehtiaineistot tutkimusk\u00e4ytt\u00f6\u00f6n Haka-kirjautumisella<\/a><\/li>\n<\/ul>\n<\/li>\n\n\n\n<li>sanoma- ja aikakauslehdet 1771-1929: <a href=\"https:\/\/digi.kansalliskirjasto.fi\/collections\" target=\"_blank\" rel=\"noreferrer noopener\">kansalliskirjaston digitoimat vapaat aineistot<\/a><\/li>\n\n\n\n<li>Helsingin Sanomien tekstiarkisto :<strong> s<\/strong>is\u00e4lt\u00e4\u00e4 viitetietoja Hesarin artikkeleista kokotekstein\u00e4 vuodesta 1990 l\u00e4htien. Ei p\u00e4\u00e4sy\u00e4 artikkeleiden kokoteksteihin.<\/li>\n<\/ul>\n\n\n\n<p>Sanomalehtien <strong>verkkosivuilla<\/strong> voi olla omia arkistoja joko vapaasti k\u00e4ytett\u00e4viss\u00e4 tai vain tilaajien k\u00e4ytt\u00f6\u00f6n.<\/p>\n\n\n\n<p>Sanomalehti\u00e4 s\u00e4ilytet\u00e4\u00e4n <strong>kirjastoissa mikrofilmein\u00e4<\/strong>. Joensuun kampuskirjastossa ovat mm. seuraavat mikrofilmatut lehdet:<\/p>\n\n\n\n<p>Helsingin sanomat 1904-<br>Karjalainen 1918-<br>Karjalan maa 1918-<br>Pohjois-Karjala 1899-1989<br>Uusi Pohjois-Karjala 1990-1995<br>Suomen sosialidemokraatti 1918-1988<br>Demari 1988-<br>Suomenmaa 1965-<br>Uusi Suomi 1919-1991<\/p>\n\n\n\n<p><strong>Pressreader<\/strong> (k\u00e4yt\u00f6ss\u00e4 UEF-Primossa)<\/p>\n\n\n\n<p>Pressreader (ent. PressDisplay) sis\u00e4lt\u00e4\u00e4 yli 5000 aikakaus- ja sanomalehte\u00e4 100 eri maasta yli 60 eri kielell\u00e4. Suomalaisiakin lehti\u00e4 on, mutta t\u00e4rkeimm\u00e4t lehdet puuttuvat. Lehdet ovat luettavissa 60-90 p\u00e4iv\u00e4n ajan niiden ilmestymisest\u00e4 l\u00e4htien. Tietokannassa on yksinkertainen hakutoiminto.<\/p>\n","protected":false},"excerpt":{"rendered":"<p>Kotimaisissa lehdiss\u00e4 julkaistuja artikkeleita voit hakea kansallisen Finnan kautta: Finna.fi. Finnassa voit rajata haun pelk\u00e4st\u00e4\u00e4n artikkeleihin. Finnan sis\u00e4lt\u00e4m\u00e4t artikkelit ovat per\u00e4isin nk. Arto-tietokannasta. Artoa voi k\u00e4ytt\u00e4\u00e4 my\u00f6s suoraan kansalliskirjaston Finnan kautta. T\u00e4rke\u00e4\u00e4: Suomea koskevaa ja\/tai suomalaisten tutkijoiden tekem\u00e4\u00e4 tutkimusta julkaistaan my\u00f6s kansainv\u00e4lisiss\u00e4 lehdiss\u00e4. Siksi haku vain kotimaisista aineistoista ei useinkaan riit\u00e4. Verkossa luettavia kotimaisia tiedelehti\u00e4 [&hellip;]<\/p>\n","protected":false},"author":127,"featured_media":0,"parent":0,"menu_order":0,"comment_status":"closed","ping_status":"closed","template":"","meta":{"_acf_changed":false,"footnotes":""},"class_list":["post-463","page","type-page","status-publish","hentry"],"acf":[],"yoast_head":"<!-- This site is optimized with the Yoast SEO plugin v27.3 - https:\/\/yoast.com\/product\/yoast-seo-wordpress\/ -->\n<title>Artikkelihaku kotimaisista lehdist\u00e4 - Yhteiskuntatieteen tiedonhaku \/ UEF kirjasto<\/title>\n<meta name=\"robots\" content=\"index, follow, max-snippet:-1, max-image-preview:large, max-video-preview:-1\" \/>\n<link rel=\"canonical\" href=\"https:\/\/blogs.uef.fi\/tiedonhaku-yhteiskuntatiede\/kotimaiset-lehdet\/\" \/>\n<meta property=\"og:locale\" content=\"fi_FI\" \/>\n<meta property=\"og:type\" content=\"article\" \/>\n<meta property=\"og:title\" content=\"Artikkelihaku kotimaisista lehdist\u00e4 - Yhteiskuntatieteen tiedonhaku \/ UEF kirjasto\" \/>\n<meta property=\"og:description\" content=\"Kotimaisissa lehdiss\u00e4 julkaistuja artikkeleita voit hakea kansallisen Finnan kautta: Finna.fi. Finnassa voit rajata haun pelk\u00e4st\u00e4\u00e4n artikkeleihin. Finnan sis\u00e4lt\u00e4m\u00e4t artikkelit ovat per\u00e4isin nk. Arto-tietokannasta. Artoa voi k\u00e4ytt\u00e4\u00e4 my\u00f6s suoraan kansalliskirjaston Finnan kautta. T\u00e4rke\u00e4\u00e4: Suomea koskevaa ja\/tai suomalaisten tutkijoiden tekem\u00e4\u00e4 tutkimusta julkaistaan my\u00f6s kansainv\u00e4lisiss\u00e4 lehdiss\u00e4. Siksi haku vain kotimaisista aineistoista ei useinkaan riit\u00e4. Verkossa luettavia kotimaisia tiedelehti\u00e4 [&hellip;]\" \/>\n<meta property=\"og:url\" content=\"https:\/\/blogs.uef.fi\/tiedonhaku-yhteiskuntatiede\/kotimaiset-lehdet\/\" \/>\n<meta property=\"og:site_name\" content=\"Yhteiskuntatieteen tiedonhaku \/ UEF kirjasto\" \/>\n<meta property=\"article:modified_time\" content=\"2024-02-19T13:38:54+00:00\" \/>\n<meta name=\"twitter:card\" content=\"summary_large_image\" \/>\n<meta name=\"twitter:label1\" content=\"Arvioitu lukuaika\" \/>\n\t<meta name=\"twitter:data1\" content=\"2 minuuttia\" \/>\n<script type=\"application\/ld+json\" class=\"yoast-schema-graph\">{\"@context\":\"https:\\\/\\\/schema.org\",\"@graph\":[{\"@type\":\"WebPage\",\"@id\":\"https:\\\/\\\/blogs.uef.fi\\\/tiedonhaku-yhteiskuntatiede\\\/kotimaiset-lehdet\\\/\",\"url\":\"https:\\\/\\\/blogs.uef.fi\\\/tiedonhaku-yhteiskuntatiede\\\/kotimaiset-lehdet\\\/\",\"name\":\"Artikkelihaku kotimaisista lehdist\u00e4 - Yhteiskuntatieteen tiedonhaku \\\/ UEF kirjasto\",\"isPartOf\":{\"@id\":\"https:\\\/\\\/blogs.uef.fi\\\/tiedonhaku-yhteiskuntatiede\\\/#website\"},\"datePublished\":\"2015-11-26T13:28:08+00:00\",\"dateModified\":\"2024-02-19T13:38:54+00:00\",\"breadcrumb\":{\"@id\":\"https:\\\/\\\/blogs.uef.fi\\\/tiedonhaku-yhteiskuntatiede\\\/kotimaiset-lehdet\\\/#breadcrumb\"},\"inLanguage\":\"fi\",\"potentialAction\":[{\"@type\":\"ReadAction\",\"target\":[\"https:\\\/\\\/blogs.uef.fi\\\/tiedonhaku-yhteiskuntatiede\\\/kotimaiset-lehdet\\\/\"]}]},{\"@type\":\"BreadcrumbList\",\"@id\":\"https:\\\/\\\/blogs.uef.fi\\\/tiedonhaku-yhteiskuntatiede\\\/kotimaiset-lehdet\\\/#breadcrumb\",\"itemListElement\":[{\"@type\":\"ListItem\",\"position\":1,\"name\":\"Home\",\"item\":\"https:\\\/\\\/blogs.uef.fi\\\/tiedonhaku-yhteiskuntatiede\\\/\"},{\"@type\":\"ListItem\",\"position\":2,\"name\":\"Artikkelihaku kotimaisista lehdist\u00e4\"}]},{\"@type\":\"WebSite\",\"@id\":\"https:\\\/\\\/blogs.uef.fi\\\/tiedonhaku-yhteiskuntatiede\\\/#website\",\"url\":\"https:\\\/\\\/blogs.uef.fi\\\/tiedonhaku-yhteiskuntatiede\\\/\",\"name\":\"Yhteiskuntatieteen tiedonhaku \\\/ UEF kirjasto\",\"description\":\"\",\"potentialAction\":[{\"@type\":\"SearchAction\",\"target\":{\"@type\":\"EntryPoint\",\"urlTemplate\":\"https:\\\/\\\/blogs.uef.fi\\\/tiedonhaku-yhteiskuntatiede\\\/?s={search_term_string}\"},\"query-input\":{\"@type\":\"PropertyValueSpecification\",\"valueRequired\":true,\"valueName\":\"search_term_string\"}}],\"inLanguage\":\"fi\"}]}<\/script>\n<!-- \/ Yoast SEO plugin. -->","yoast_head_json":{"title":"Artikkelihaku kotimaisista lehdist\u00e4 - Yhteiskuntatieteen tiedonhaku \/ UEF kirjasto","robots":{"index":"index","follow":"follow","max-snippet":"max-snippet:-1","max-image-preview":"max-image-preview:large","max-video-preview":"max-video-preview:-1"},"canonical":"https:\/\/blogs.uef.fi\/tiedonhaku-yhteiskuntatiede\/kotimaiset-lehdet\/","og_locale":"fi_FI","og_type":"article","og_title":"Artikkelihaku kotimaisista lehdist\u00e4 - Yhteiskuntatieteen tiedonhaku \/ UEF kirjasto","og_description":"Kotimaisissa lehdiss\u00e4 julkaistuja artikkeleita voit hakea kansallisen Finnan kautta: Finna.fi. Finnassa voit rajata haun pelk\u00e4st\u00e4\u00e4n artikkeleihin. Finnan sis\u00e4lt\u00e4m\u00e4t artikkelit ovat per\u00e4isin nk. Arto-tietokannasta. Artoa voi k\u00e4ytt\u00e4\u00e4 my\u00f6s suoraan kansalliskirjaston Finnan kautta. T\u00e4rke\u00e4\u00e4: Suomea koskevaa ja\/tai suomalaisten tutkijoiden tekem\u00e4\u00e4 tutkimusta julkaistaan my\u00f6s kansainv\u00e4lisiss\u00e4 lehdiss\u00e4. Siksi haku vain kotimaisista aineistoista ei useinkaan riit\u00e4. Verkossa luettavia kotimaisia tiedelehti\u00e4 [&hellip;]","og_url":"https:\/\/blogs.uef.fi\/tiedonhaku-yhteiskuntatiede\/kotimaiset-lehdet\/","og_site_name":"Yhteiskuntatieteen tiedonhaku \/ UEF kirjasto","article_modified_time":"2024-02-19T13:38:54+00:00","twitter_card":"summary_large_image","twitter_misc":{"Arvioitu lukuaika":"2 minuuttia"},"schema":{"@context":"https:\/\/schema.org","@graph":[{"@type":"WebPage","@id":"https:\/\/blogs.uef.fi\/tiedonhaku-yhteiskuntatiede\/kotimaiset-lehdet\/","url":"https:\/\/blogs.uef.fi\/tiedonhaku-yhteiskuntatiede\/kotimaiset-lehdet\/","name":"Artikkelihaku kotimaisista lehdist\u00e4 - Yhteiskuntatieteen tiedonhaku \/ UEF kirjasto","isPartOf":{"@id":"https:\/\/blogs.uef.fi\/tiedonhaku-yhteiskuntatiede\/#website"},"datePublished":"2015-11-26T13:28:08+00:00","dateModified":"2024-02-19T13:38:54+00:00","breadcrumb":{"@id":"https:\/\/blogs.uef.fi\/tiedonhaku-yhteiskuntatiede\/kotimaiset-lehdet\/#breadcrumb"},"inLanguage":"fi","potentialAction":[{"@type":"ReadAction","target":["https:\/\/blogs.uef.fi\/tiedonhaku-yhteiskuntatiede\/kotimaiset-lehdet\/"]}]},{"@type":"BreadcrumbList","@id":"https:\/\/blogs.uef.fi\/tiedonhaku-yhteiskuntatiede\/kotimaiset-lehdet\/#breadcrumb","itemListElement":[{"@type":"ListItem","position":1,"name":"Home","item":"https:\/\/blogs.uef.fi\/tiedonhaku-yhteiskuntatiede\/"},{"@type":"ListItem","position":2,"name":"Artikkelihaku kotimaisista lehdist\u00e4"}]},{"@type":"WebSite","@id":"https:\/\/blogs.uef.fi\/tiedonhaku-yhteiskuntatiede\/#website","url":"https:\/\/blogs.uef.fi\/tiedonhaku-yhteiskuntatiede\/","name":"Yhteiskuntatieteen tiedonhaku \/ UEF kirjasto","description":"","potentialAction":[{"@type":"SearchAction","target":{"@type":"EntryPoint","urlTemplate":"https:\/\/blogs.uef.fi\/tiedonhaku-yhteiskuntatiede\/?s={search_term_string}"},"query-input":{"@type":"PropertyValueSpecification","valueRequired":true,"valueName":"search_term_string"}}],"inLanguage":"fi"}]}},"_links":{"self":[{"href":"https:\/\/blogs.uef.fi\/tiedonhaku-yhteiskuntatiede\/wp-json\/wp\/v2\/pages\/463","targetHints":{"allow":["GET"]}}],"collection":[{"href":"https:\/\/blogs.uef.fi\/tiedonhaku-yhteiskuntatiede\/wp-json\/wp\/v2\/pages"}],"about":[{"href":"https:\/\/blogs.uef.fi\/tiedonhaku-yhteiskuntatiede\/wp-json\/wp\/v2\/types\/page"}],"author":[{"embeddable":true,"href":"https:\/\/blogs.uef.fi\/tiedonhaku-yhteiskuntatiede\/wp-json\/wp\/v2\/users\/127"}],"replies":[{"embeddable":true,"href":"https:\/\/blogs.uef.fi\/tiedonhaku-yhteiskuntatiede\/wp-json\/wp\/v2\/comments?post=463"}],"version-history":[{"count":1,"href":"https:\/\/blogs.uef.fi\/tiedonhaku-yhteiskuntatiede\/wp-json\/wp\/v2\/pages\/463\/revisions"}],"predecessor-version":[{"id":2074,"href":"https:\/\/blogs.uef.fi\/tiedonhaku-yhteiskuntatiede\/wp-json\/wp\/v2\/pages\/463\/revisions\/2074"}],"wp:attachment":[{"href":"https:\/\/blogs.uef.fi\/tiedonhaku-yhteiskuntatiede\/wp-json\/wp\/v2\/media?parent=463"}],"curies":[{"name":"wp","href":"https:\/\/api.w.org\/{rel}","templated":true}]}}