{"id":443,"date":"2015-11-26T13:15:00","date_gmt":"2015-11-26T13:15:00","guid":{"rendered":"https:\/\/ueflibrarysoc.wordpress.com\/?page_id=443"},"modified":"2024-01-19T13:43:56","modified_gmt":"2024-01-19T11:43:56","slug":"yhteiskuntatieteiden-tiedonlahteita","status":"publish","type":"page","link":"https:\/\/blogs.uef.fi\/tiedonhaku-yhteiskuntatiede\/yhteiskuntatieteiden-tiedonlahteita\/","title":{"rendered":"Yhteiskuntatieteiden tiedonl\u00e4hteit\u00e4"},"content":{"rendered":"\n<p>Kun puhutaan hakupalveluista, jotka ovat erikoistuneet <strong>v\u00e4litt\u00e4m\u00e4\u00e4n tietoa tieteellisist\u00e4 julkaisuista,<\/strong> puhutaan yleisimmin <strong>kirjallisuustietokannoista<\/strong> kuin hakukoneista. Tietokantaan on tallennettu joko tieto julkaisun olemassaolosta (<strong>viite<\/strong>tietokanta) tai itse julkaisu (<strong>kokoteksti<\/strong>tietokanta).<\/p>\n\n\n\n<p><strong>Hakuohjeita<\/strong> n\u00e4ihin tietokantoihin on kurssin seuraavissa luvuissa, Artikkelien haku jne.<\/p>\n\n\n\n<h2 class=\"wp-block-heading\"><strong>YHTEISKUNTATIETEIDEN TIETOKANNAT<\/strong><\/h2>\n\n\n\n<p><a href=\"https:\/\/www3.uef.fi\/fi\/web\/kirjasto\/tiedonhaku-ja-tiedonhaun-opetus\/alakohtaiset-tiedonhaun-palvelut\">Tietoaineistot tieteenaloittain<\/a> -sivustolle on listattu tieteenalojen keskeisempi\u00e4 tietokantoja ja verkossa olevia avoimia julkaisuarkistoja.<\/p>\n\n\n\n<p>Yhteiskuntatiteet: <a href=\"https:\/\/www3.uef.fi\/fi\/web\/kirjasto\/tiedonhaku-ja-tiedonhaun-opetus\/alakohtaiset-tiedonhaun-palvelut\">sosiaalitieteet, sosiologia ja yhteiskuntapolitiikka<\/a>.<\/p>\n\n\n\n<p><strong>Kotimaiset tietokannat kansallinen Finna<\/strong> sek\u00e4 sen sis\u00e4lt\u00e4m\u00e4<strong> Arto-artikkelitietokanta <\/strong>ovat keskeisi\u00e4.<\/p>\n\n\n\n<p>Kansainv\u00e4lisist\u00e4 aineistoista laajimmin on tietoja monialaisessa <strong>Scopus-<\/strong>viitetietokannassa. Sosiologialla on &#8221;oma&#8221; tietokantansa, <strong>Sociological Abstracts<\/strong>. Sosiaality\u00f6n tietokantoja ovat\u00a0 <strong>SocIndex ja Social Science Premium Collection<\/strong>.Lopulta aineiston k\u00e4ytt\u00f6kelpoisuuden ratkaisee kuitenkin kulloinenkin k\u00e4ytt\u00f6tarkoitus.<\/p>\n\n\n\n<p>T\u00e4m\u00e4n sivun linkit viev\u00e4t useimmiten UEF Primo -hakupalveluun, josta saa lis\u00e4tietoa tietokannasta sek\u00e4 linkin tietokannan omaan k\u00e4ytt\u00f6liittym\u00e4\u00e4n. Et\u00e4yhteyteen kirjautuminen avautuu automaattisesti, jos UEF-Primossa tietokannan linkki\u00e4 klikataan kampusverkon ulkopuolelta.<\/p>\n\n\n\n<h2 class=\"wp-block-heading\"><strong>KANSAINV\u00c4LISET LEHTIARTIKKELIT<\/strong><\/h2>\n\n\n\n<p><strong>VIITETIETOKANNAT ovat kattavimpia tiedonl\u00e4hteit\u00e4 olemassa olevaan tutkimuskirjallisuuteen, erityisesti artikkeleihin.<\/strong><\/p>\n\n\n\n<p>Ne sis\u00e4lt\u00e4v\u00e4t tietoa siit\u00e4, mit\u00e4 ylip\u00e4\u00e4ns\u00e4 maailmalla on julkaistu. Tiedot ovat kattavat eri maita ja kustantajia. Itse artikkeleita ne eiv\u00e4t v\u00e4ltt\u00e4m\u00e4tt\u00e4 sis\u00e4ll\u00e4. Monissa tietueissa on kuitenkin jo tarjolla linkki kokotekstiin (full-text).<\/p>\n\n\n\n<p>Viitteit\u00e4 haetaan usein artikkelin otsikon, asiasanojen ja tiivistelmien perusteella.<\/p>\n\n\n\n<p>Viitetietokantoja:<\/p>\n\n\n\n<ul class=\"wp-block-list\">\n<li><a href=\"https:\/\/primo.uef.fi\/permalink\/358FIN_UOEF\/1jnohnf\/alma9911700183705966\" target=\"_blank\" rel=\"noreferrer noopener\">Scopus<\/a> (monitieteinen)<\/li>\n\n\n\n<li><a href=\"https:\/\/primo.uef.fi\/permalink\/358FIN_UOEF\/1jnohnf\/alma9911699123705966\" target=\"_blank\" rel=\"noreferrer noopener\">Web of Science<\/a> (monitieteinen)<\/li>\n\n\n\n<li><a href=\"https:\/\/primo.uef.fi\/permalink\/358FIN_UOEF\/1jnohnf\/alma9913905403705966\" target=\"_blank\" rel=\"noreferrer noopener\">Social Science Premium Collection<\/a> (ProQuest) (sis\u00e4lt\u00e4\u00e4 useita tietokantoja, mm. kaksi alla olevaa abstracts-tietokantaa)<\/li>\n\n\n\n<li><a href=\"https:\/\/primo.uef.fi\/permalink\/358FIN_UOEF\/1jnohnf\/alma9911698713705966\" target=\"_blank\" rel=\"noreferrer noopener\">Sociological Abstracts<\/a> (osa ProQuestia)<\/li>\n\n\n\n<li><a href=\"https:\/\/primo.uef.fi\/permalink\/358FIN_UOEF\/1jnohnf\/alma9911698703705966\" target=\"_blank\" rel=\"noreferrer noopener\">Social Services Abstracts<\/a> (osa ProQuestia)<\/li>\n<\/ul>\n\n\n\n<p><strong>KOKOTEKSTITIETOKANNAT sis\u00e4lt\u00e4v\u00e4t yleens\u00e4 vain yhden kustantajan lehti\u00e4.<\/strong><\/p>\n\n\n\n<p>Artikkelit ovat tietokannassa kokonaisuudessaan luettavissa ja hakua voi tehd\u00e4 my\u00f6s artikkelin kokotekstin sis\u00e4lt\u00e4.<\/p>\n\n\n\n<p><a href=\"https:\/\/primo.uef.fi\/permalink\/358FIN_UOEF\/1jnohnf\/alma9911699263705966\" target=\"_blank\" rel=\"noreferrer noopener\">SocIndex with fulltext<\/a> (tietoja monilta eri kustantajilta)<\/p>\n\n\n\n<p><strong>Yksitt\u00e4isten kustantajien lehtitietokantoja:<\/strong><\/p>\n\n\n\n<ul class=\"wp-block-list\">\n<li><a href=\"https:\/\/primo.uef.fi\/permalink\/358FIN_UOEF\/1jnohnf\/alma9911699603705966\" target=\"_blank\" rel=\"noreferrer noopener\">ScienceDirect<\/a> (Elsevier)<\/li>\n\n\n\n<li><a href=\"https:\/\/primo.uef.fi\/permalink\/358FIN_UOEF\/1jnohnf\/alma9911699563705966\" target=\"_blank\" rel=\"noreferrer noopener\">SpringerLink<\/a><\/li>\n\n\n\n<li><a href=\"https:\/\/primo.uef.fi\/permalink\/358FIN_UOEF\/1jnohnf\/alma9911700613705966\" target=\"_blank\" rel=\"noreferrer noopener\">Taylor&amp;Francis Online<\/a><\/li>\n\n\n\n<li><a href=\"https:\/\/primo.uef.fi\/permalink\/358FIN_UOEF\/1jnohnf\/alma9911699573705966\" target=\"_blank\" rel=\"noreferrer noopener\">Wiley Online Library<\/a><\/li>\n<\/ul>\n\n\n\n<p><strong>Kokotekstiartikkeleita usealta kustantajalta, ei uusimpia vuosia yleens\u00e4:<\/strong><\/p>\n\n\n\n<p><a href=\"https:\/\/primo.uef.fi\/permalink\/358FIN_UOEF\/1jnohnf\/alma9911697933705966\" target=\"_blank\" rel=\"noreferrer noopener\">Academic Search Premier<\/a> (Ebscohost)<\/p>\n\n\n\n<p>Vinkki: voit hakea t\u00e4st\u00e4 yhdess\u00e4 SocIndexin kanssa:<\/p>\n\n\n\n<figure class=\"wp-block-image size-full is-resized\"><img loading=\"lazy\" decoding=\"async\" width=\"634\" height=\"149\" src=\"https:\/\/blogs.uef.fi\/tiedonhaku-yhteiskuntatiede\/wp-content\/uploads\/sites\/57\/2024\/01\/image-12.png\" alt=\"\" class=\"wp-image-2033\" style=\"width:810px;height:auto\" srcset=\"https:\/\/blogs.uef.fi\/tiedonhaku-yhteiskuntatiede\/wp-content\/uploads\/sites\/57\/2024\/01\/image-12.png 634w, https:\/\/blogs.uef.fi\/tiedonhaku-yhteiskuntatiede\/wp-content\/uploads\/sites\/57\/2024\/01\/image-12-300x71.png 300w\" sizes=\"auto, (max-width: 634px) 100vw, 634px\" \/><\/figure>\n\n\n\n<figure class=\"wp-block-image size-full is-resized\"><img loading=\"lazy\" decoding=\"async\" width=\"585\" height=\"367\" src=\"https:\/\/blogs.uef.fi\/tiedonhaku-yhteiskuntatiede\/wp-content\/uploads\/sites\/57\/2024\/01\/image-13.png\" alt=\"\" class=\"wp-image-2036\" style=\"width:810px;height:auto\" srcset=\"https:\/\/blogs.uef.fi\/tiedonhaku-yhteiskuntatiede\/wp-content\/uploads\/sites\/57\/2024\/01\/image-13.png 585w, https:\/\/blogs.uef.fi\/tiedonhaku-yhteiskuntatiede\/wp-content\/uploads\/sites\/57\/2024\/01\/image-13-300x188.png 300w\" sizes=\"auto, (max-width: 585px) 100vw, 585px\" \/><\/figure>\n\n\n\n<h2 class=\"wp-block-heading\"><strong>KOTIMAISET LEHTIARTIKKELIT<\/strong><\/h2>\n\n\n\n<p><a href=\"https:\/\/tiedejatutkimus.fi\/fi\/\">Tiedejatutkimus.fi<\/a>\u00a0tietoja suomalaisten tutkimusorganisaatioiden julkaisuista (ent. Juuli)<\/p>\n\n\n\n<p><a href=\"https:\/\/journal.fi\/\">Journal.fi<\/a>\u00a0: suomalaiset tiedelehdet verkossa, Tieteellisten seurain valtuuskunta (TSV)<\/p>\n\n\n\n<p>Arto-artikkeliviitetietokanta:<\/p>\n\n\n\n<ul class=\"wp-block-list\">\n<li>Kansallinen <a href=\"http:\/\/finna.fi\" target=\"_blank\" rel=\"noreferrer noopener\">Finna<\/a> (haku Artosta rajaamalla hakutulos lehtiartikkeleihin)<\/li>\n\n\n\n<li><a href=\"https:\/\/kansalliskirjasto.finna.fi\/Search\/Advanced?hiddenFilters%5B0%5D=%23%3A%22%28building%3A1%2FNLF%2Farto%2F%29%22\" target=\"_blank\" rel=\"noreferrer noopener\">Arton k\u00e4ytt\u00f6liittym\u00e4<\/a> kansalliskirjaston kautta (tarkennettu haku)<\/li>\n\n\n\n<li>Ks. lis\u00e4\u00e4 luvusta <a href=\"https:\/\/ueflibrarysoc.wordpress.com\/kotimaiset-lehdet\/\">Kotimaiset lehdet<\/a><\/li>\n<\/ul>\n\n\n\n<h2 class=\"wp-block-heading\"><strong>KIRJAT<\/strong><\/h2>\n\n\n\n<ul class=\"wp-block-list\">\n<li><a href=\"https:\/\/primo.uef.fi\" target=\"_blank\" rel=\"noreferrer noopener\">UEF-Primo<\/a>, kirjaston kokoelmat<\/li>\n\n\n\n<li>Kansallinen <a href=\"http:\/\/finna.fi\" target=\"_blank\" rel=\"noreferrer noopener\">Finna<\/a><\/li>\n\n\n\n<li><a href=\"https:\/\/primo.uef.fi\/permalink\/358FIN_UOEF\/1jnohnf\/alma9911697663705966\" target=\"_blank\" rel=\"noreferrer noopener\">Ebook Central<\/a> ProQuest (entinen Ebrary) (e-kirjoja)<\/li>\n\n\n\n<li><a href=\"https:\/\/primo.uef.fi\/permalink\/358FIN_UOEF\/1jnohnf\/alma9911701123705966\" target=\"_blank\" rel=\"noreferrer noopener\">E-book collection<\/a> Ebsco (e-kirjoja)<\/li>\n<\/ul>\n\n\n\n<h2 class=\"wp-block-heading\"><strong>V\u00c4IT\u00d6SKIRJAT JA OPINN\u00c4YTTEET<\/strong><\/h2>\n\n\n\n<ul class=\"wp-block-list\">\n<li>Kansallinen <a href=\"http:\/\/finna.fi\" target=\"_blank\" rel=\"noreferrer noopener\">Finna <\/a>(yliopistojen ja ammattikorkeakoulujen opinn\u00e4ytteit\u00e4)<\/li>\n\n\n\n<li><a href=\"https:\/\/blogs.helsinki.fi\/openaire2020\/kotimaiset-julkaisuarkistot\/\">kotimaisia julkaisuarkistoja<\/a> (yliopistojen ja tutkimuslaitosten julkaisuja, siis my\u00f6s muita kuin opinn\u00e4ytteit\u00e4)<\/li>\n<\/ul>\n\n\n","protected":false},"excerpt":{"rendered":"<p>Kun puhutaan hakupalveluista, jotka ovat erikoistuneet v\u00e4litt\u00e4m\u00e4\u00e4n tietoa tieteellisist\u00e4 julkaisuista, puhutaan yleisimmin kirjallisuustietokannoista kuin hakukoneista. Tietokantaan on tallennettu joko tieto julkaisun olemassaolosta (viitetietokanta) tai itse julkaisu (kokotekstitietokanta). Hakuohjeita n\u00e4ihin tietokantoihin on kurssin seuraavissa luvuissa, Artikkelien haku jne. YHTEISKUNTATIETEIDEN TIETOKANNAT Tietoaineistot tieteenaloittain -sivustolle on listattu tieteenalojen keskeisempi\u00e4 tietokantoja ja verkossa olevia avoimia julkaisuarkistoja. Yhteiskuntatiteet: sosiaalitieteet, sosiologia [&hellip;]<\/p>\n","protected":false},"author":127,"featured_media":0,"parent":0,"menu_order":0,"comment_status":"closed","ping_status":"closed","template":"","meta":{"_acf_changed":false,"footnotes":""},"class_list":["post-443","page","type-page","status-publish","hentry"],"acf":[],"yoast_head":"<!-- This site is optimized with the Yoast SEO plugin v27.1.1 - https:\/\/yoast.com\/product\/yoast-seo-wordpress\/ -->\n<title>Yhteiskuntatieteiden tiedonl\u00e4hteit\u00e4 - Yhteiskuntatieteen tiedonhaku \/ UEF kirjasto<\/title>\n<meta name=\"robots\" content=\"index, follow, max-snippet:-1, max-image-preview:large, max-video-preview:-1\" \/>\n<link rel=\"canonical\" href=\"https:\/\/blogs.uef.fi\/tiedonhaku-yhteiskuntatiede\/yhteiskuntatieteiden-tiedonlahteita\/\" \/>\n<meta property=\"og:locale\" content=\"fi_FI\" \/>\n<meta property=\"og:type\" content=\"article\" \/>\n<meta property=\"og:title\" content=\"Yhteiskuntatieteiden tiedonl\u00e4hteit\u00e4 - Yhteiskuntatieteen tiedonhaku \/ UEF kirjasto\" \/>\n<meta property=\"og:description\" content=\"Kun puhutaan hakupalveluista, jotka ovat erikoistuneet v\u00e4litt\u00e4m\u00e4\u00e4n tietoa tieteellisist\u00e4 julkaisuista, puhutaan yleisimmin kirjallisuustietokannoista kuin hakukoneista. Tietokantaan on tallennettu joko tieto julkaisun olemassaolosta (viitetietokanta) tai itse julkaisu (kokotekstitietokanta). Hakuohjeita n\u00e4ihin tietokantoihin on kurssin seuraavissa luvuissa, Artikkelien haku jne. YHTEISKUNTATIETEIDEN TIETOKANNAT Tietoaineistot tieteenaloittain -sivustolle on listattu tieteenalojen keskeisempi\u00e4 tietokantoja ja verkossa olevia avoimia julkaisuarkistoja. Yhteiskuntatiteet: sosiaalitieteet, sosiologia [&hellip;]\" \/>\n<meta property=\"og:url\" content=\"https:\/\/blogs.uef.fi\/tiedonhaku-yhteiskuntatiede\/yhteiskuntatieteiden-tiedonlahteita\/\" \/>\n<meta property=\"og:site_name\" content=\"Yhteiskuntatieteen tiedonhaku \/ UEF kirjasto\" \/>\n<meta property=\"article:modified_time\" content=\"2024-01-19T11:43:56+00:00\" \/>\n<meta property=\"og:image\" content=\"https:\/\/blogs.uef.fi\/tiedonhaku-yhteiskuntatiede\/wp-content\/uploads\/sites\/57\/2024\/01\/image-12.png\" \/>\n<meta name=\"twitter:card\" content=\"summary_large_image\" \/>\n<meta name=\"twitter:label1\" content=\"Arvioitu lukuaika\" \/>\n\t<meta name=\"twitter:data1\" content=\"3 minuuttia\" \/>\n<script type=\"application\/ld+json\" class=\"yoast-schema-graph\">{\"@context\":\"https:\/\/schema.org\",\"@graph\":[{\"@type\":\"WebPage\",\"@id\":\"https:\/\/blogs.uef.fi\/tiedonhaku-yhteiskuntatiede\/yhteiskuntatieteiden-tiedonlahteita\/\",\"url\":\"https:\/\/blogs.uef.fi\/tiedonhaku-yhteiskuntatiede\/yhteiskuntatieteiden-tiedonlahteita\/\",\"name\":\"Yhteiskuntatieteiden tiedonl\u00e4hteit\u00e4 - Yhteiskuntatieteen tiedonhaku \/ UEF kirjasto\",\"isPartOf\":{\"@id\":\"https:\/\/blogs.uef.fi\/tiedonhaku-yhteiskuntatiede\/#website\"},\"primaryImageOfPage\":{\"@id\":\"https:\/\/blogs.uef.fi\/tiedonhaku-yhteiskuntatiede\/yhteiskuntatieteiden-tiedonlahteita\/#primaryimage\"},\"image\":{\"@id\":\"https:\/\/blogs.uef.fi\/tiedonhaku-yhteiskuntatiede\/yhteiskuntatieteiden-tiedonlahteita\/#primaryimage\"},\"thumbnailUrl\":\"https:\/\/blogs.uef.fi\/tiedonhaku-yhteiskuntatiede\/wp-content\/uploads\/sites\/57\/2024\/01\/image-12.png\",\"datePublished\":\"2015-11-26T13:15:00+00:00\",\"dateModified\":\"2024-01-19T11:43:56+00:00\",\"breadcrumb\":{\"@id\":\"https:\/\/blogs.uef.fi\/tiedonhaku-yhteiskuntatiede\/yhteiskuntatieteiden-tiedonlahteita\/#breadcrumb\"},\"inLanguage\":\"fi\",\"potentialAction\":[{\"@type\":\"ReadAction\",\"target\":[\"https:\/\/blogs.uef.fi\/tiedonhaku-yhteiskuntatiede\/yhteiskuntatieteiden-tiedonlahteita\/\"]}]},{\"@type\":\"ImageObject\",\"inLanguage\":\"fi\",\"@id\":\"https:\/\/blogs.uef.fi\/tiedonhaku-yhteiskuntatiede\/yhteiskuntatieteiden-tiedonlahteita\/#primaryimage\",\"url\":\"https:\/\/blogs.uef.fi\/tiedonhaku-yhteiskuntatiede\/wp-content\/uploads\/sites\/57\/2024\/01\/image-12.png\",\"contentUrl\":\"https:\/\/blogs.uef.fi\/tiedonhaku-yhteiskuntatiede\/wp-content\/uploads\/sites\/57\/2024\/01\/image-12.png\",\"width\":634,\"height\":149},{\"@type\":\"BreadcrumbList\",\"@id\":\"https:\/\/blogs.uef.fi\/tiedonhaku-yhteiskuntatiede\/yhteiskuntatieteiden-tiedonlahteita\/#breadcrumb\",\"itemListElement\":[{\"@type\":\"ListItem\",\"position\":1,\"name\":\"Home\",\"item\":\"https:\/\/blogs.uef.fi\/tiedonhaku-yhteiskuntatiede\/\"},{\"@type\":\"ListItem\",\"position\":2,\"name\":\"Yhteiskuntatieteiden tiedonl\u00e4hteit\u00e4\"}]},{\"@type\":\"WebSite\",\"@id\":\"https:\/\/blogs.uef.fi\/tiedonhaku-yhteiskuntatiede\/#website\",\"url\":\"https:\/\/blogs.uef.fi\/tiedonhaku-yhteiskuntatiede\/\",\"name\":\"Yhteiskuntatieteen tiedonhaku \/ UEF kirjasto\",\"description\":\"\",\"potentialAction\":[{\"@type\":\"SearchAction\",\"target\":{\"@type\":\"EntryPoint\",\"urlTemplate\":\"https:\/\/blogs.uef.fi\/tiedonhaku-yhteiskuntatiede\/?s={search_term_string}\"},\"query-input\":{\"@type\":\"PropertyValueSpecification\",\"valueRequired\":true,\"valueName\":\"search_term_string\"}}],\"inLanguage\":\"fi\"}]}<\/script>\n<!-- \/ Yoast SEO plugin. -->","yoast_head_json":{"title":"Yhteiskuntatieteiden tiedonl\u00e4hteit\u00e4 - Yhteiskuntatieteen tiedonhaku \/ UEF kirjasto","robots":{"index":"index","follow":"follow","max-snippet":"max-snippet:-1","max-image-preview":"max-image-preview:large","max-video-preview":"max-video-preview:-1"},"canonical":"https:\/\/blogs.uef.fi\/tiedonhaku-yhteiskuntatiede\/yhteiskuntatieteiden-tiedonlahteita\/","og_locale":"fi_FI","og_type":"article","og_title":"Yhteiskuntatieteiden tiedonl\u00e4hteit\u00e4 - Yhteiskuntatieteen tiedonhaku \/ UEF kirjasto","og_description":"Kun puhutaan hakupalveluista, jotka ovat erikoistuneet v\u00e4litt\u00e4m\u00e4\u00e4n tietoa tieteellisist\u00e4 julkaisuista, puhutaan yleisimmin kirjallisuustietokannoista kuin hakukoneista. Tietokantaan on tallennettu joko tieto julkaisun olemassaolosta (viitetietokanta) tai itse julkaisu (kokotekstitietokanta). Hakuohjeita n\u00e4ihin tietokantoihin on kurssin seuraavissa luvuissa, Artikkelien haku jne. YHTEISKUNTATIETEIDEN TIETOKANNAT Tietoaineistot tieteenaloittain -sivustolle on listattu tieteenalojen keskeisempi\u00e4 tietokantoja ja verkossa olevia avoimia julkaisuarkistoja. Yhteiskuntatiteet: sosiaalitieteet, sosiologia [&hellip;]","og_url":"https:\/\/blogs.uef.fi\/tiedonhaku-yhteiskuntatiede\/yhteiskuntatieteiden-tiedonlahteita\/","og_site_name":"Yhteiskuntatieteen tiedonhaku \/ UEF kirjasto","article_modified_time":"2024-01-19T11:43:56+00:00","og_image":[{"url":"https:\/\/blogs.uef.fi\/tiedonhaku-yhteiskuntatiede\/wp-content\/uploads\/sites\/57\/2024\/01\/image-12.png","type":"","width":"","height":""}],"twitter_card":"summary_large_image","twitter_misc":{"Arvioitu lukuaika":"3 minuuttia"},"schema":{"@context":"https:\/\/schema.org","@graph":[{"@type":"WebPage","@id":"https:\/\/blogs.uef.fi\/tiedonhaku-yhteiskuntatiede\/yhteiskuntatieteiden-tiedonlahteita\/","url":"https:\/\/blogs.uef.fi\/tiedonhaku-yhteiskuntatiede\/yhteiskuntatieteiden-tiedonlahteita\/","name":"Yhteiskuntatieteiden tiedonl\u00e4hteit\u00e4 - Yhteiskuntatieteen tiedonhaku \/ UEF kirjasto","isPartOf":{"@id":"https:\/\/blogs.uef.fi\/tiedonhaku-yhteiskuntatiede\/#website"},"primaryImageOfPage":{"@id":"https:\/\/blogs.uef.fi\/tiedonhaku-yhteiskuntatiede\/yhteiskuntatieteiden-tiedonlahteita\/#primaryimage"},"image":{"@id":"https:\/\/blogs.uef.fi\/tiedonhaku-yhteiskuntatiede\/yhteiskuntatieteiden-tiedonlahteita\/#primaryimage"},"thumbnailUrl":"https:\/\/blogs.uef.fi\/tiedonhaku-yhteiskuntatiede\/wp-content\/uploads\/sites\/57\/2024\/01\/image-12.png","datePublished":"2015-11-26T13:15:00+00:00","dateModified":"2024-01-19T11:43:56+00:00","breadcrumb":{"@id":"https:\/\/blogs.uef.fi\/tiedonhaku-yhteiskuntatiede\/yhteiskuntatieteiden-tiedonlahteita\/#breadcrumb"},"inLanguage":"fi","potentialAction":[{"@type":"ReadAction","target":["https:\/\/blogs.uef.fi\/tiedonhaku-yhteiskuntatiede\/yhteiskuntatieteiden-tiedonlahteita\/"]}]},{"@type":"ImageObject","inLanguage":"fi","@id":"https:\/\/blogs.uef.fi\/tiedonhaku-yhteiskuntatiede\/yhteiskuntatieteiden-tiedonlahteita\/#primaryimage","url":"https:\/\/blogs.uef.fi\/tiedonhaku-yhteiskuntatiede\/wp-content\/uploads\/sites\/57\/2024\/01\/image-12.png","contentUrl":"https:\/\/blogs.uef.fi\/tiedonhaku-yhteiskuntatiede\/wp-content\/uploads\/sites\/57\/2024\/01\/image-12.png","width":634,"height":149},{"@type":"BreadcrumbList","@id":"https:\/\/blogs.uef.fi\/tiedonhaku-yhteiskuntatiede\/yhteiskuntatieteiden-tiedonlahteita\/#breadcrumb","itemListElement":[{"@type":"ListItem","position":1,"name":"Home","item":"https:\/\/blogs.uef.fi\/tiedonhaku-yhteiskuntatiede\/"},{"@type":"ListItem","position":2,"name":"Yhteiskuntatieteiden tiedonl\u00e4hteit\u00e4"}]},{"@type":"WebSite","@id":"https:\/\/blogs.uef.fi\/tiedonhaku-yhteiskuntatiede\/#website","url":"https:\/\/blogs.uef.fi\/tiedonhaku-yhteiskuntatiede\/","name":"Yhteiskuntatieteen tiedonhaku \/ UEF kirjasto","description":"","potentialAction":[{"@type":"SearchAction","target":{"@type":"EntryPoint","urlTemplate":"https:\/\/blogs.uef.fi\/tiedonhaku-yhteiskuntatiede\/?s={search_term_string}"},"query-input":{"@type":"PropertyValueSpecification","valueRequired":true,"valueName":"search_term_string"}}],"inLanguage":"fi"}]}},"_links":{"self":[{"href":"https:\/\/blogs.uef.fi\/tiedonhaku-yhteiskuntatiede\/wp-json\/wp\/v2\/pages\/443","targetHints":{"allow":["GET"]}}],"collection":[{"href":"https:\/\/blogs.uef.fi\/tiedonhaku-yhteiskuntatiede\/wp-json\/wp\/v2\/pages"}],"about":[{"href":"https:\/\/blogs.uef.fi\/tiedonhaku-yhteiskuntatiede\/wp-json\/wp\/v2\/types\/page"}],"author":[{"embeddable":true,"href":"https:\/\/blogs.uef.fi\/tiedonhaku-yhteiskuntatiede\/wp-json\/wp\/v2\/users\/127"}],"replies":[{"embeddable":true,"href":"https:\/\/blogs.uef.fi\/tiedonhaku-yhteiskuntatiede\/wp-json\/wp\/v2\/comments?post=443"}],"version-history":[{"count":2,"href":"https:\/\/blogs.uef.fi\/tiedonhaku-yhteiskuntatiede\/wp-json\/wp\/v2\/pages\/443\/revisions"}],"predecessor-version":[{"id":2045,"href":"https:\/\/blogs.uef.fi\/tiedonhaku-yhteiskuntatiede\/wp-json\/wp\/v2\/pages\/443\/revisions\/2045"}],"wp:attachment":[{"href":"https:\/\/blogs.uef.fi\/tiedonhaku-yhteiskuntatiede\/wp-json\/wp\/v2\/media?parent=443"}],"curies":[{"name":"wp","href":"https:\/\/api.w.org\/{rel}","templated":true}]}}