{"id":427,"date":"2015-11-26T13:00:40","date_gmt":"2015-11-26T13:00:40","guid":{"rendered":"https:\/\/ueflibrarysoc.wordpress.com\/?page_id=427"},"modified":"2024-02-19T16:41:45","modified_gmt":"2024-02-19T14:41:45","slug":"tallentaminen-refworksiin","status":"publish","type":"page","link":"https:\/\/blogs.uef.fi\/tiedonhaku-yhteiskuntatiede\/tallentaminen-refworksiin\/","title":{"rendered":"Tallentaminen Mendeleyhin, Zoteroon"},"content":{"rendered":"\n<h2 class=\"wp-block-heading\"><\/h2>\n\n\n\n<p><strong>Tietokannoissa on mahdollista tallentaa kulloinkin tehdyt haut ja niiden tulokset.<\/strong> T\u00e4m\u00e4 voi vaatia oman k\u00e4ytt\u00e4j\u00e4tunnuksen luomista. Hakuja ja tuloksia voi my\u00f6s tulostaa ja l\u00e4hett\u00e4\u00e4 s\u00e4hk\u00f6postilla itselleen tai muille.<\/p>\n\n\n\n<p>Kun tekee hakuja useissa eri tietokannoissa, on k\u00e4tev\u00e4\u00e4 koota halutut tietueet yhteen paikkaan k\u00e4ytt\u00f6\u00e4 odottamaan. <strong>Viitteidenhallintaohjelmat Mendeley, Zotero <\/strong>&nbsp;ovat t\u00e4llaisia tallennusalustoja, vastaava palvelu on my\u00f6s esim. <strong>EndNote.<\/strong> Ohjelmaan siirret\u00e4\u00e4n varsinaisesti vain viitteen tiedot, mutta SFX-linkin avulla p\u00e4\u00e4see my\u00f6s lukemaan kokotekstej\u00e4.<\/p>\n\n\n\n<p>Useimmissa tietokannoissa on <strong>suora linkki<\/strong> Mendeley, Zotero-siirtoon. Jos n\u00e4in ei ole, voidaan k\u00e4ytt\u00e4\u00e4 tallennusta BibTex-muotoon <strong>tiedostoksi.<\/strong> Tiedosto voidaan sitten tuoda viitteidenhallintaohjelmiin (Mendeley, Zotero). Useimmiten l\u00e4hdet\u00e4\u00e4n liikkeelle Export-linkin kautta.<\/p>\n\n\n\n<figure class=\"wp-block-image size-large is-resized\"><img loading=\"lazy\" decoding=\"async\" width=\"1024\" height=\"490\" src=\"https:\/\/blogs.uef.fi\/tiedonhaku-yhteiskuntatiede\/wp-content\/uploads\/sites\/57\/2024\/02\/image-5-1024x490.png\" alt=\"\" class=\"wp-image-2128\" style=\"width:810px;height:auto\" srcset=\"https:\/\/blogs.uef.fi\/tiedonhaku-yhteiskuntatiede\/wp-content\/uploads\/sites\/57\/2024\/02\/image-5-1024x490.png 1024w, https:\/\/blogs.uef.fi\/tiedonhaku-yhteiskuntatiede\/wp-content\/uploads\/sites\/57\/2024\/02\/image-5-300x144.png 300w, https:\/\/blogs.uef.fi\/tiedonhaku-yhteiskuntatiede\/wp-content\/uploads\/sites\/57\/2024\/02\/image-5-768x367.png 768w, https:\/\/blogs.uef.fi\/tiedonhaku-yhteiskuntatiede\/wp-content\/uploads\/sites\/57\/2024\/02\/image-5.png 1139w\" sizes=\"auto, (max-width: 1024px) 100vw, 1024px\" \/><\/figure>\n\n\n\n<p>Mendeleyhin ja Zoteroon luodaan itselle <strong>oma k\u00e4ytt\u00e4j\u00e4tunnus<\/strong>. T\u00e4m\u00e4n j\u00e4lkeen on mahdollista siirt\u00e4\u00e4 sinne tietueita aina kun tekee hakuja, tietokannasta riippumatta. My\u00f6s \u201dsuoraan\u201d netist\u00e4 haettua aineistoa voidaan siirt\u00e4\u00e4 viitteidenhallintaohjelmiin, mutta tietojen siirtyminen oikein ei ole yht\u00e4 varmaa kuin tietokantasiirroissa. Mendeleyn tai Zoteron avulla voi my\u00f6s tarkistaa, onko kyseinen tietue jo ennest\u00e4\u00e4n tallennettuna omiin viitteisiin.<\/p>\n\n\n\n<p>Paitsi s\u00e4il\u00f6\u00e4 hakujen tuloksia, Zoteron ja Mendeleyn<strong>&nbsp;avulla voidaan my\u00f6s tehd\u00e4 valmiita l\u00e4hdeluetteloita<\/strong>. L\u00e4hdeluettelon muoto voidaan valita valmiista malleista tai tehd\u00e4 itse. L\u00e4hdeluettelon voi siirt\u00e4\u00e4 tekstink\u00e4sittelyohjelmaan.<\/p>\n\n\n\n<p>Viel\u00e4 pidemm\u00e4lle voidaan menn\u00e4, sill\u00e4 tallennettuja viitteit\u00e4 lis\u00e4\u00e4t tekstiin ja l\u00e4hdeluetteloon esimerkiksi Zotero-viittauslis\u00e4kkeell\u00e4. Se toimii Word-ohjelman ty\u00f6p\u00f6yt\u00e4versiossa sek\u00e4 LibreOffice- ja Google Docs -ohjelmissa. Lis\u00e4ke asentuu yleens\u00e4 automaattisesti, kun k\u00e4ynnist\u00e4t Zotero-ty\u00f6p\u00f6yt\u00e4ohjelman ensimm\u00e4isen kerran. Saatavilla on noin 10000 valmista viittaustyyli\u00e4, joita voit my\u00f6s muokata itse tarvittaessa. Tyylit on tehty CSL-kielell\u00e4. Se on XML:\u00e4\u00e4n perustuva avoin standardi viittaustyylin sis\u00e4iselle rakenteelle. CSL-kielisi\u00e4 tyylej\u00e4 k\u00e4ytet\u00e4\u00e4n my\u00f6s esimerkiksi Mendeley-ohjelmassa.<\/p>\n\n\n\n<p>Lis\u00e4tietoja ja ohjeita ym. <a href=\"https:\/\/www.uef.fi\/fi\/kirjasto\/lahdeviitteet#paragraph-13100\">viitteidenhallintaohjelmista Mendeley ja Zotero<\/a>.<\/p>\n\n\n\n<p><\/p>\n","protected":false},"excerpt":{"rendered":"<p>Tietokannoissa on mahdollista tallentaa kulloinkin tehdyt haut ja niiden tulokset. T\u00e4m\u00e4 voi vaatia oman k\u00e4ytt\u00e4j\u00e4tunnuksen luomista. Hakuja ja tuloksia voi my\u00f6s tulostaa ja l\u00e4hett\u00e4\u00e4 s\u00e4hk\u00f6postilla itselleen tai muille. Kun tekee hakuja useissa eri tietokannoissa, on k\u00e4tev\u00e4\u00e4 koota halutut tietueet yhteen paikkaan k\u00e4ytt\u00f6\u00e4 odottamaan. Viitteidenhallintaohjelmat Mendeley, Zotero &nbsp;ovat t\u00e4llaisia tallennusalustoja, vastaava palvelu on my\u00f6s esim. EndNote. [&hellip;]<\/p>\n","protected":false},"author":127,"featured_media":0,"parent":0,"menu_order":0,"comment_status":"closed","ping_status":"closed","template":"","meta":{"_acf_changed":false,"footnotes":""},"class_list":["post-427","page","type-page","status-publish","hentry"],"acf":[],"yoast_head":"<!-- This site is optimized with the Yoast SEO plugin v27.1.1 - https:\/\/yoast.com\/product\/yoast-seo-wordpress\/ -->\n<title>Tallentaminen Mendeleyhin, Zoteroon - Yhteiskuntatieteen tiedonhaku \/ UEF kirjasto<\/title>\n<meta name=\"robots\" content=\"index, follow, max-snippet:-1, max-image-preview:large, max-video-preview:-1\" \/>\n<link rel=\"canonical\" href=\"https:\/\/blogs.uef.fi\/tiedonhaku-yhteiskuntatiede\/tallentaminen-refworksiin\/\" \/>\n<meta property=\"og:locale\" content=\"fi_FI\" \/>\n<meta property=\"og:type\" content=\"article\" \/>\n<meta property=\"og:title\" content=\"Tallentaminen Mendeleyhin, Zoteroon - Yhteiskuntatieteen tiedonhaku \/ UEF kirjasto\" \/>\n<meta property=\"og:description\" content=\"Tietokannoissa on mahdollista tallentaa kulloinkin tehdyt haut ja niiden tulokset. T\u00e4m\u00e4 voi vaatia oman k\u00e4ytt\u00e4j\u00e4tunnuksen luomista. Hakuja ja tuloksia voi my\u00f6s tulostaa ja l\u00e4hett\u00e4\u00e4 s\u00e4hk\u00f6postilla itselleen tai muille. Kun tekee hakuja useissa eri tietokannoissa, on k\u00e4tev\u00e4\u00e4 koota halutut tietueet yhteen paikkaan k\u00e4ytt\u00f6\u00e4 odottamaan. Viitteidenhallintaohjelmat Mendeley, Zotero &nbsp;ovat t\u00e4llaisia tallennusalustoja, vastaava palvelu on my\u00f6s esim. EndNote. [&hellip;]\" \/>\n<meta property=\"og:url\" content=\"https:\/\/blogs.uef.fi\/tiedonhaku-yhteiskuntatiede\/tallentaminen-refworksiin\/\" \/>\n<meta property=\"og:site_name\" content=\"Yhteiskuntatieteen tiedonhaku \/ UEF kirjasto\" \/>\n<meta property=\"article:modified_time\" content=\"2024-02-19T14:41:45+00:00\" \/>\n<meta property=\"og:image\" content=\"https:\/\/blogs.uef.fi\/tiedonhaku-yhteiskuntatiede\/wp-content\/uploads\/sites\/57\/2024\/02\/image-5-1024x490.png\" \/>\n<meta name=\"twitter:card\" content=\"summary_large_image\" \/>\n<meta name=\"twitter:label1\" content=\"Arvioitu lukuaika\" \/>\n\t<meta name=\"twitter:data1\" content=\"2 minuuttia\" \/>\n<script type=\"application\/ld+json\" class=\"yoast-schema-graph\">{\"@context\":\"https:\/\/schema.org\",\"@graph\":[{\"@type\":\"WebPage\",\"@id\":\"https:\/\/blogs.uef.fi\/tiedonhaku-yhteiskuntatiede\/tallentaminen-refworksiin\/\",\"url\":\"https:\/\/blogs.uef.fi\/tiedonhaku-yhteiskuntatiede\/tallentaminen-refworksiin\/\",\"name\":\"Tallentaminen Mendeleyhin, Zoteroon - Yhteiskuntatieteen tiedonhaku \/ UEF kirjasto\",\"isPartOf\":{\"@id\":\"https:\/\/blogs.uef.fi\/tiedonhaku-yhteiskuntatiede\/#website\"},\"primaryImageOfPage\":{\"@id\":\"https:\/\/blogs.uef.fi\/tiedonhaku-yhteiskuntatiede\/tallentaminen-refworksiin\/#primaryimage\"},\"image\":{\"@id\":\"https:\/\/blogs.uef.fi\/tiedonhaku-yhteiskuntatiede\/tallentaminen-refworksiin\/#primaryimage\"},\"thumbnailUrl\":\"https:\/\/blogs.uef.fi\/tiedonhaku-yhteiskuntatiede\/wp-content\/uploads\/sites\/57\/2024\/02\/image-5-1024x490.png\",\"datePublished\":\"2015-11-26T13:00:40+00:00\",\"dateModified\":\"2024-02-19T14:41:45+00:00\",\"breadcrumb\":{\"@id\":\"https:\/\/blogs.uef.fi\/tiedonhaku-yhteiskuntatiede\/tallentaminen-refworksiin\/#breadcrumb\"},\"inLanguage\":\"fi\",\"potentialAction\":[{\"@type\":\"ReadAction\",\"target\":[\"https:\/\/blogs.uef.fi\/tiedonhaku-yhteiskuntatiede\/tallentaminen-refworksiin\/\"]}]},{\"@type\":\"ImageObject\",\"inLanguage\":\"fi\",\"@id\":\"https:\/\/blogs.uef.fi\/tiedonhaku-yhteiskuntatiede\/tallentaminen-refworksiin\/#primaryimage\",\"url\":\"https:\/\/blogs.uef.fi\/tiedonhaku-yhteiskuntatiede\/wp-content\/uploads\/sites\/57\/2024\/02\/image-5.png\",\"contentUrl\":\"https:\/\/blogs.uef.fi\/tiedonhaku-yhteiskuntatiede\/wp-content\/uploads\/sites\/57\/2024\/02\/image-5.png\",\"width\":1139,\"height\":545},{\"@type\":\"BreadcrumbList\",\"@id\":\"https:\/\/blogs.uef.fi\/tiedonhaku-yhteiskuntatiede\/tallentaminen-refworksiin\/#breadcrumb\",\"itemListElement\":[{\"@type\":\"ListItem\",\"position\":1,\"name\":\"Home\",\"item\":\"https:\/\/blogs.uef.fi\/tiedonhaku-yhteiskuntatiede\/\"},{\"@type\":\"ListItem\",\"position\":2,\"name\":\"Tallentaminen Mendeleyhin, Zoteroon\"}]},{\"@type\":\"WebSite\",\"@id\":\"https:\/\/blogs.uef.fi\/tiedonhaku-yhteiskuntatiede\/#website\",\"url\":\"https:\/\/blogs.uef.fi\/tiedonhaku-yhteiskuntatiede\/\",\"name\":\"Yhteiskuntatieteen tiedonhaku \/ UEF kirjasto\",\"description\":\"\",\"potentialAction\":[{\"@type\":\"SearchAction\",\"target\":{\"@type\":\"EntryPoint\",\"urlTemplate\":\"https:\/\/blogs.uef.fi\/tiedonhaku-yhteiskuntatiede\/?s={search_term_string}\"},\"query-input\":{\"@type\":\"PropertyValueSpecification\",\"valueRequired\":true,\"valueName\":\"search_term_string\"}}],\"inLanguage\":\"fi\"}]}<\/script>\n<!-- \/ Yoast SEO plugin. -->","yoast_head_json":{"title":"Tallentaminen Mendeleyhin, Zoteroon - Yhteiskuntatieteen tiedonhaku \/ UEF kirjasto","robots":{"index":"index","follow":"follow","max-snippet":"max-snippet:-1","max-image-preview":"max-image-preview:large","max-video-preview":"max-video-preview:-1"},"canonical":"https:\/\/blogs.uef.fi\/tiedonhaku-yhteiskuntatiede\/tallentaminen-refworksiin\/","og_locale":"fi_FI","og_type":"article","og_title":"Tallentaminen Mendeleyhin, Zoteroon - Yhteiskuntatieteen tiedonhaku \/ UEF kirjasto","og_description":"Tietokannoissa on mahdollista tallentaa kulloinkin tehdyt haut ja niiden tulokset. T\u00e4m\u00e4 voi vaatia oman k\u00e4ytt\u00e4j\u00e4tunnuksen luomista. Hakuja ja tuloksia voi my\u00f6s tulostaa ja l\u00e4hett\u00e4\u00e4 s\u00e4hk\u00f6postilla itselleen tai muille. Kun tekee hakuja useissa eri tietokannoissa, on k\u00e4tev\u00e4\u00e4 koota halutut tietueet yhteen paikkaan k\u00e4ytt\u00f6\u00e4 odottamaan. Viitteidenhallintaohjelmat Mendeley, Zotero &nbsp;ovat t\u00e4llaisia tallennusalustoja, vastaava palvelu on my\u00f6s esim. EndNote. [&hellip;]","og_url":"https:\/\/blogs.uef.fi\/tiedonhaku-yhteiskuntatiede\/tallentaminen-refworksiin\/","og_site_name":"Yhteiskuntatieteen tiedonhaku \/ UEF kirjasto","article_modified_time":"2024-02-19T14:41:45+00:00","og_image":[{"url":"https:\/\/blogs.uef.fi\/tiedonhaku-yhteiskuntatiede\/wp-content\/uploads\/sites\/57\/2024\/02\/image-5-1024x490.png","type":"","width":"","height":""}],"twitter_card":"summary_large_image","twitter_misc":{"Arvioitu lukuaika":"2 minuuttia"},"schema":{"@context":"https:\/\/schema.org","@graph":[{"@type":"WebPage","@id":"https:\/\/blogs.uef.fi\/tiedonhaku-yhteiskuntatiede\/tallentaminen-refworksiin\/","url":"https:\/\/blogs.uef.fi\/tiedonhaku-yhteiskuntatiede\/tallentaminen-refworksiin\/","name":"Tallentaminen Mendeleyhin, Zoteroon - Yhteiskuntatieteen tiedonhaku \/ UEF kirjasto","isPartOf":{"@id":"https:\/\/blogs.uef.fi\/tiedonhaku-yhteiskuntatiede\/#website"},"primaryImageOfPage":{"@id":"https:\/\/blogs.uef.fi\/tiedonhaku-yhteiskuntatiede\/tallentaminen-refworksiin\/#primaryimage"},"image":{"@id":"https:\/\/blogs.uef.fi\/tiedonhaku-yhteiskuntatiede\/tallentaminen-refworksiin\/#primaryimage"},"thumbnailUrl":"https:\/\/blogs.uef.fi\/tiedonhaku-yhteiskuntatiede\/wp-content\/uploads\/sites\/57\/2024\/02\/image-5-1024x490.png","datePublished":"2015-11-26T13:00:40+00:00","dateModified":"2024-02-19T14:41:45+00:00","breadcrumb":{"@id":"https:\/\/blogs.uef.fi\/tiedonhaku-yhteiskuntatiede\/tallentaminen-refworksiin\/#breadcrumb"},"inLanguage":"fi","potentialAction":[{"@type":"ReadAction","target":["https:\/\/blogs.uef.fi\/tiedonhaku-yhteiskuntatiede\/tallentaminen-refworksiin\/"]}]},{"@type":"ImageObject","inLanguage":"fi","@id":"https:\/\/blogs.uef.fi\/tiedonhaku-yhteiskuntatiede\/tallentaminen-refworksiin\/#primaryimage","url":"https:\/\/blogs.uef.fi\/tiedonhaku-yhteiskuntatiede\/wp-content\/uploads\/sites\/57\/2024\/02\/image-5.png","contentUrl":"https:\/\/blogs.uef.fi\/tiedonhaku-yhteiskuntatiede\/wp-content\/uploads\/sites\/57\/2024\/02\/image-5.png","width":1139,"height":545},{"@type":"BreadcrumbList","@id":"https:\/\/blogs.uef.fi\/tiedonhaku-yhteiskuntatiede\/tallentaminen-refworksiin\/#breadcrumb","itemListElement":[{"@type":"ListItem","position":1,"name":"Home","item":"https:\/\/blogs.uef.fi\/tiedonhaku-yhteiskuntatiede\/"},{"@type":"ListItem","position":2,"name":"Tallentaminen Mendeleyhin, Zoteroon"}]},{"@type":"WebSite","@id":"https:\/\/blogs.uef.fi\/tiedonhaku-yhteiskuntatiede\/#website","url":"https:\/\/blogs.uef.fi\/tiedonhaku-yhteiskuntatiede\/","name":"Yhteiskuntatieteen tiedonhaku \/ UEF kirjasto","description":"","potentialAction":[{"@type":"SearchAction","target":{"@type":"EntryPoint","urlTemplate":"https:\/\/blogs.uef.fi\/tiedonhaku-yhteiskuntatiede\/?s={search_term_string}"},"query-input":{"@type":"PropertyValueSpecification","valueRequired":true,"valueName":"search_term_string"}}],"inLanguage":"fi"}]}},"_links":{"self":[{"href":"https:\/\/blogs.uef.fi\/tiedonhaku-yhteiskuntatiede\/wp-json\/wp\/v2\/pages\/427","targetHints":{"allow":["GET"]}}],"collection":[{"href":"https:\/\/blogs.uef.fi\/tiedonhaku-yhteiskuntatiede\/wp-json\/wp\/v2\/pages"}],"about":[{"href":"https:\/\/blogs.uef.fi\/tiedonhaku-yhteiskuntatiede\/wp-json\/wp\/v2\/types\/page"}],"author":[{"embeddable":true,"href":"https:\/\/blogs.uef.fi\/tiedonhaku-yhteiskuntatiede\/wp-json\/wp\/v2\/users\/127"}],"replies":[{"embeddable":true,"href":"https:\/\/blogs.uef.fi\/tiedonhaku-yhteiskuntatiede\/wp-json\/wp\/v2\/comments?post=427"}],"version-history":[{"count":2,"href":"https:\/\/blogs.uef.fi\/tiedonhaku-yhteiskuntatiede\/wp-json\/wp\/v2\/pages\/427\/revisions"}],"predecessor-version":[{"id":2140,"href":"https:\/\/blogs.uef.fi\/tiedonhaku-yhteiskuntatiede\/wp-json\/wp\/v2\/pages\/427\/revisions\/2140"}],"wp:attachment":[{"href":"https:\/\/blogs.uef.fi\/tiedonhaku-yhteiskuntatiede\/wp-json\/wp\/v2\/media?parent=427"}],"curies":[{"name":"wp","href":"https:\/\/api.w.org\/{rel}","templated":true}]}}