{"id":422,"date":"2015-11-26T12:59:34","date_gmt":"2015-11-26T12:59:34","guid":{"rendered":"https:\/\/ueflibrarysoc.wordpress.com\/?page_id=422"},"modified":"2024-02-19T17:02:21","modified_gmt":"2024-02-19T15:02:21","slug":"saatavuus","status":"publish","type":"page","link":"https:\/\/blogs.uef.fi\/tiedonhaku-yhteiskuntatiede\/saatavuus\/","title":{"rendered":"Saatavuus"},"content":{"rendered":"\n<h2 class=\"wp-block-heading\">VERKKOLEHTIIN JA -KIRJOIHIN on monta tiet\u00e4:<\/h2>\n\n\n\n<ul class=\"wp-block-list\">\n<li>linkki tietueessa kokotekstiin (FullText) joko PDF- tai HTML, tai lukuohjelmaan (e-kirjat)<\/li>\n\n\n\n<li>linkki lehden tietoihin, esimerkiksi \u2019View at publisher\u2019<\/li>\n\n\n\n<li>kuvake <img loading=\"lazy\" decoding=\"async\" width=\"54\" height=\"20\" src=\"https:\/\/blogs.uef.fi\/tiedonhaku-yhteiskuntatiede\/wp-content\/uploads\/sites\/57\/2020\/01\/findit.png\" alt=\"\">  <strong>&#8217;Find it&#8217;,<\/strong> jota klikkamalla selvi\u00e4\u00e4, onko lehdest\u00e4 saatavana elektroninen tai painettu versio UEF kirjastossa.<\/li>\n\n\n\n<li>DOI (Digital Object Identifier) linkki tietueessa<\/li>\n<\/ul>\n\n\n\n<p><strong>DOI<\/strong> on verkossa olevan dokumentin (artikkeli, kuva, video jne.) pysyv\u00e4 tunnistenumero.DOI viittaa tiettyyn dokumenttiin sen verkko-osoitteesta riippumatta, ts. sivuston osoite voi muuttua, mutta DOI:n avulla itse dokumentti l\u00f6ytyy aina.<\/p>\n\n\n\n<p>DOI-tunnisteen voi liitt\u00e4\u00e4 julkaisun l\u00e4hdeluetteloon verkko-osoitteen sijasta.<\/p>\n\n\n\n<p><strong>Jos n\u00e4it\u00e4 ei ole:<\/strong><\/p>\n\n\n\n<ul class=\"wp-block-list\">\n<li><strong>e-lehti\u00e4<\/strong> voi hakea UEF-Primosta lehden nimen mukaan<\/li>\n\n\n\n<li><strong>konferenssijulkaisuja<\/strong> yms. haetaan Googlella tai UEF-Primosta (kaikki aineistot)<\/li>\n\n\n\n<li><strong>artikkelin<\/strong> nimell\u00e4 (tai DOI-tunnuksella) voi hakea Googlesta, samoin raportit ym. suoraan omalla nimell\u00e4\u00e4n<\/li>\n\n\n\n<li><strong>e-kirjat<\/strong> UEF-Primosta(kirjaston kokoelmat) kirjan nimell\u00e4<\/li>\n<\/ul>\n\n\n\n<p><strong>Kaikista artikkeleista ja kirjoista ei ole saatavilla verkkoversiota<\/strong>. Tietokannoissa on paljon nk. viitetietoja ilman kokoteksti\u00e4. T\u00e4ll\u00f6in pit\u00e4\u00e4 etsi\u00e4 painettua julkaisua.<\/p>\n\n\n\n<p>HUOM! Vaikka verkkoversio olisikin olemassa, se v\u00e4ltt\u00e4m\u00e4tt\u00e4 ei tarkoita, ett\u00e4 se olisi saatavilla juuri omassa organisaatiossa.<\/p>\n\n\n\n<h2 class=\"wp-block-heading\">PAINETTUJA JULKAISUJA haetaan kirjastotietokannoista<\/h2>\n\n\n\n<ul class=\"wp-block-list\">\n<li><strong>julkaisun nimell\u00e4<\/strong>, jos kyseess\u00e4 on kirja tai raportti tms.<\/li>\n\n\n\n<li><strong>lehden nimell\u00e4<\/strong>, jos kyseess\u00e4 on lehtiartikkeli<\/li>\n\n\n\n<li><strong>kokoomateoksen nimell\u00e4<\/strong>, jos kyseess\u00e4 on artikkeli kirjassa<\/li>\n<\/ul>\n\n\n\n<p>Onko julkaisu saatavana vai lainassa? Pit\u00e4\u00e4k\u00f6 j\u00e4tt\u00e4\u00e4 varaus?<br>Tarkista tarvittaessa muut l\u00e4hiseutusi kirjastot: <strong>ammattikorkeakoulu ja kaupunginkirjasto.<\/strong><\/p>\n\n\n\n<p>Muita mahdollisuuksia ovat lainaus Varastokirjastosta, tilaus Vapaakappalekokoelmasta sek\u00e4 kaukolainaus toisesta kirjastosta:<\/p>\n\n\n\n<h3 class=\"wp-block-heading\">VAPAAKAPPALEET: kotimainen kirjallisuus ulottuville<\/h3>\n\n\n\n<p>It\u00e4-Suomen yliopiston kirjastolla on k\u00e4yt\u00f6ss\u00e4\u00e4n <strong>kaikki Suomessa julkaistava kirjallisuus<\/strong> ns. vapaakappalelain perusteella.<br>Oikeus on ollut Joensuun yliopiston kirjastolla vuodesta 1981 l\u00e4htien.<br>Suuri osa t\u00e4st\u00e4 aineistosta ei kuulu kirjaston lainattaviin kokoelmiin, mutta on asiakkaiden <strong>saatavilla lukusalik\u00e4ytt\u00f6\u00f6n.\u00a0<\/strong>Tiedot n\u00e4ist\u00e4 julkaisuista n\u00e4kyv\u00e4t UEF-Primossa (koskee tietokirjallisuutta vuodesta 2008 l\u00e4htien). Vapaakappaleet tilataan <a href=\"https:\/\/link.webropolsurveys.com\/Participation\/Public\/3861b4da-068a-4d2e-a5a8-8c9079677d76?displayId=Fin2040119&amp;surveyLocale=fi\">lomakkeella<\/a>. Palvelu on maksuton.<\/p>\n\n\n\n<p>Eri yliopistojen <strong>gradut<\/strong> eiv\u00e4t kuulu vapaakappalelain piiriin, joten niit\u00e4 ei kirjastosta l\u00f6ydy.<\/p>\n\n\n\n<h2 class=\"wp-block-heading\">VERKOSSA olevat vapaakappaleaineistot:<\/h2>\n\n\n\n<p>Suomalaiseen verkkoarkistoon on haravoitu <strong>Internetist\u00e4 suomalaista aineistoa vuodesta 2006 alkaen<\/strong>.<br>Digitoidut <strong>aikakauslehdet ja sanomalehdet<\/strong> vuodesta 1930 alkaen (vanhemmat ovat vapaasti k\u00e4ytett\u00e4viss\u00e4).<br><strong>Radio- ja tv-arkisto<\/strong>, l\u00e4hetyt ohjelmat 2009 alkaen.<\/p>\n\n\n\n<p>N\u00e4it\u00e4 aineistoja voi k\u00e4ytt\u00e4\u00e4 ainoastaan <strong>kampuskirjastossa olevalla erityisell\u00e4 ty\u00f6asemalla.<\/strong> Aineistojen sis\u00e4lt\u00f6\u00e4 voi lukea, kuunnella ja katsella. Sis\u00e4ll\u00f6st\u00e4 ei voi valmistaa digitaalista kopiota. Aineistoa voi my\u00f6s kuvata suoraan n\u00e4ytt\u00f6ruudulta ja \u00e4\u00e4nitt\u00e4\u00e4 kaiuttimien kautta.<\/p>\n\n\n\n<p>Verkkosivuja ja digitoituja lehti\u00e4 voi tulostaa. Tulostaminen on maksullista.<\/p>\n\n\n\n<p>Ty\u00f6asemassa ei ole Internet-yhteytt\u00e4. Tiedostoja ei voi tallentaa omalle tallennusv\u00e4lineelle tai l\u00e4hett\u00e4\u00e4 s\u00e4hk\u00f6postitse.<\/p>\n\n\n\n<h2 class=\"wp-block-heading\">TILAUS VARASTOKIRJASTOSTA<\/h2>\n\n\n\n<p>Varastokirjasto on oma erillinen kirjastonsa, joka palvelee toisia kirjastoja ja suoraan asiakkaitakin l\u00e4hett\u00e4m\u00e4ll\u00e4 aineistoja kaukolainaksi. Kirjaston nimi johtuu siit\u00e4, ett\u00e4 kirjastot siirt\u00e4v\u00e4t sinne ylim\u00e4\u00e4r\u00e4isi\u00e4 tai v\u00e4h\u00e4n k\u00e4ytettyj\u00e4 aineistojaan varastoitavaksi. Varastokirjastosta l\u00f6ytyy jonkin verran my\u00f6s aivan uutta aineistoa.<\/p>\n\n\n\n<p>Voit itse tarkistaa aineistojen saatavuuden Varastokirjastosta:<a href=\"https:\/\/vaari.finna.fi\/\" target=\"_blank\" rel=\"noreferrer noopener\"> Vaari-tietokanta<\/a><\/p>\n\n\n\n<p><strong>Tilaaminen Varastokirjastosta on edullista. <\/strong>Tilaukset tehd\u00e4\u00e4n kaukopalvelun kautta:<\/p>\n\n\n\n<h2 class=\"wp-block-heading\">KAUKOLAINAUS : toisten kirjastojen aineistot omaan kirjastoon<\/h2>\n\n\n\n<p>Jos haluttua aineistoa ei l\u00f6ydy kirjastosta, voi harkita kaukolainan tilausta.<br>Kaukolainauksessa kirjan voi saada lainaksi, lehtiartikkeleista saa yleens\u00e4 kopion.<br><strong>Palvelu on maksullista.<\/strong><\/p>\n\n\n\n<p>Kaukolainojen tilaus hoidetaan kirjaston kaukopalvelun kautta.<br>Siell\u00e4 selvitet\u00e4\u00e4n my\u00f6s, mist\u00e4 julkaisu olisi nopeimmin ja edullisimmin saatavissa.<br>Kaukolaina voidaan tilata tarvittaessa my\u00f6s ulkomailta, jolloin se maksaa enemm\u00e4n \u2013 mieti siis edelt\u00e4 k\u00e4sin, paljonko olet valmis maksamaan (tarkista kirjaston palveluhinnasto).<br><a href=\"https:\/\/forms.office.com\/Pages\/ResponsePage.aspx?id=Lp-HhwRz8ku68mPn-D88NMfwFGq1KFhMuf7WE9FPhWhURFo1REFIMTdKTjQ0TUZRMFI1S1NRN1dDWS4u\">Kaukopalvelupyynn\u00f6n<\/a> voi tehd\u00e4 verkossa.<\/p>\n\n\n\n<h2 class=\"wp-block-heading\">Piraattisivustot<\/h2>\n\n\n\n<p>On olemassa sivustoja, jotka luvattomasti tallentavat maksullisia artikkeleita laajoiksi \u201dtietokannoiksi\u201d. Toiset pit\u00e4v\u00e4t n\u00e4it\u00e4 sivustoja sankareina, toiset roistoina. Tekij\u00e4noikeuksia ne joka tapauksessa loukkaavat.<\/p>\n\n\n\n<p><\/p>\n\n\n<h3>\u00a0<\/h3>\n<p>\u00a0<\/p>","protected":false},"excerpt":{"rendered":"<p>VERKKOLEHTIIN JA -KIRJOIHIN on monta tiet\u00e4: DOI on verkossa olevan dokumentin (artikkeli, kuva, video jne.) pysyv\u00e4 tunnistenumero.DOI viittaa tiettyyn dokumenttiin sen verkko-osoitteesta riippumatta, ts. sivuston osoite voi muuttua, mutta DOI:n avulla itse dokumentti l\u00f6ytyy aina. DOI-tunnisteen voi liitt\u00e4\u00e4 julkaisun l\u00e4hdeluetteloon verkko-osoitteen sijasta. Jos n\u00e4it\u00e4 ei ole: Kaikista artikkeleista ja kirjoista ei ole saatavilla verkkoversiota. Tietokannoissa [&hellip;]<\/p>\n","protected":false},"author":127,"featured_media":0,"parent":0,"menu_order":0,"comment_status":"closed","ping_status":"closed","template":"","meta":{"_acf_changed":false,"footnotes":""},"class_list":["post-422","page","type-page","status-publish","hentry"],"acf":[],"yoast_head":"<!-- This site is optimized with the Yoast SEO plugin v27.3 - https:\/\/yoast.com\/product\/yoast-seo-wordpress\/ -->\n<title>Saatavuus - Yhteiskuntatieteen tiedonhaku \/ UEF kirjasto<\/title>\n<meta name=\"robots\" content=\"index, follow, max-snippet:-1, max-image-preview:large, max-video-preview:-1\" \/>\n<link rel=\"canonical\" href=\"https:\/\/blogs.uef.fi\/tiedonhaku-yhteiskuntatiede\/saatavuus\/\" \/>\n<meta property=\"og:locale\" content=\"fi_FI\" \/>\n<meta property=\"og:type\" content=\"article\" \/>\n<meta property=\"og:title\" content=\"Saatavuus - Yhteiskuntatieteen tiedonhaku \/ UEF kirjasto\" \/>\n<meta property=\"og:description\" content=\"VERKKOLEHTIIN JA -KIRJOIHIN on monta tiet\u00e4: DOI on verkossa olevan dokumentin (artikkeli, kuva, video jne.) pysyv\u00e4 tunnistenumero.DOI viittaa tiettyyn dokumenttiin sen verkko-osoitteesta riippumatta, ts. sivuston osoite voi muuttua, mutta DOI:n avulla itse dokumentti l\u00f6ytyy aina. DOI-tunnisteen voi liitt\u00e4\u00e4 julkaisun l\u00e4hdeluetteloon verkko-osoitteen sijasta. Jos n\u00e4it\u00e4 ei ole: Kaikista artikkeleista ja kirjoista ei ole saatavilla verkkoversiota. Tietokannoissa [&hellip;]\" \/>\n<meta property=\"og:url\" content=\"https:\/\/blogs.uef.fi\/tiedonhaku-yhteiskuntatiede\/saatavuus\/\" \/>\n<meta property=\"og:site_name\" content=\"Yhteiskuntatieteen tiedonhaku \/ UEF kirjasto\" \/>\n<meta property=\"article:modified_time\" content=\"2024-02-19T15:02:21+00:00\" \/>\n<meta property=\"og:image\" content=\"https:\/\/blogs.uef.fi\/tiedonhaku-yhteiskuntatiede\/wp-content\/uploads\/sites\/57\/2020\/01\/findit.png\" \/>\n<meta name=\"twitter:card\" content=\"summary_large_image\" \/>\n<meta name=\"twitter:label1\" content=\"Arvioitu lukuaika\" \/>\n\t<meta name=\"twitter:data1\" content=\"4 minuuttia\" \/>\n<script type=\"application\/ld+json\" class=\"yoast-schema-graph\">{\"@context\":\"https:\\\/\\\/schema.org\",\"@graph\":[{\"@type\":\"WebPage\",\"@id\":\"https:\\\/\\\/blogs.uef.fi\\\/tiedonhaku-yhteiskuntatiede\\\/saatavuus\\\/\",\"url\":\"https:\\\/\\\/blogs.uef.fi\\\/tiedonhaku-yhteiskuntatiede\\\/saatavuus\\\/\",\"name\":\"Saatavuus - Yhteiskuntatieteen tiedonhaku \\\/ UEF kirjasto\",\"isPartOf\":{\"@id\":\"https:\\\/\\\/blogs.uef.fi\\\/tiedonhaku-yhteiskuntatiede\\\/#website\"},\"primaryImageOfPage\":{\"@id\":\"https:\\\/\\\/blogs.uef.fi\\\/tiedonhaku-yhteiskuntatiede\\\/saatavuus\\\/#primaryimage\"},\"image\":{\"@id\":\"https:\\\/\\\/blogs.uef.fi\\\/tiedonhaku-yhteiskuntatiede\\\/saatavuus\\\/#primaryimage\"},\"thumbnailUrl\":\"https:\\\/\\\/blogs.uef.fi\\\/tiedonhaku-yhteiskuntatiede\\\/wp-content\\\/uploads\\\/sites\\\/57\\\/2020\\\/01\\\/findit.png\",\"datePublished\":\"2015-11-26T12:59:34+00:00\",\"dateModified\":\"2024-02-19T15:02:21+00:00\",\"breadcrumb\":{\"@id\":\"https:\\\/\\\/blogs.uef.fi\\\/tiedonhaku-yhteiskuntatiede\\\/saatavuus\\\/#breadcrumb\"},\"inLanguage\":\"fi\",\"potentialAction\":[{\"@type\":\"ReadAction\",\"target\":[\"https:\\\/\\\/blogs.uef.fi\\\/tiedonhaku-yhteiskuntatiede\\\/saatavuus\\\/\"]}]},{\"@type\":\"ImageObject\",\"inLanguage\":\"fi\",\"@id\":\"https:\\\/\\\/blogs.uef.fi\\\/tiedonhaku-yhteiskuntatiede\\\/saatavuus\\\/#primaryimage\",\"url\":\"https:\\\/\\\/blogs.uef.fi\\\/tiedonhaku-yhteiskuntatiede\\\/wp-content\\\/uploads\\\/sites\\\/57\\\/2020\\\/01\\\/findit.png\",\"contentUrl\":\"https:\\\/\\\/blogs.uef.fi\\\/tiedonhaku-yhteiskuntatiede\\\/wp-content\\\/uploads\\\/sites\\\/57\\\/2020\\\/01\\\/findit.png\",\"width\":54,\"height\":20},{\"@type\":\"BreadcrumbList\",\"@id\":\"https:\\\/\\\/blogs.uef.fi\\\/tiedonhaku-yhteiskuntatiede\\\/saatavuus\\\/#breadcrumb\",\"itemListElement\":[{\"@type\":\"ListItem\",\"position\":1,\"name\":\"Home\",\"item\":\"https:\\\/\\\/blogs.uef.fi\\\/tiedonhaku-yhteiskuntatiede\\\/\"},{\"@type\":\"ListItem\",\"position\":2,\"name\":\"Saatavuus\"}]},{\"@type\":\"WebSite\",\"@id\":\"https:\\\/\\\/blogs.uef.fi\\\/tiedonhaku-yhteiskuntatiede\\\/#website\",\"url\":\"https:\\\/\\\/blogs.uef.fi\\\/tiedonhaku-yhteiskuntatiede\\\/\",\"name\":\"Yhteiskuntatieteen tiedonhaku \\\/ UEF kirjasto\",\"description\":\"\",\"potentialAction\":[{\"@type\":\"SearchAction\",\"target\":{\"@type\":\"EntryPoint\",\"urlTemplate\":\"https:\\\/\\\/blogs.uef.fi\\\/tiedonhaku-yhteiskuntatiede\\\/?s={search_term_string}\"},\"query-input\":{\"@type\":\"PropertyValueSpecification\",\"valueRequired\":true,\"valueName\":\"search_term_string\"}}],\"inLanguage\":\"fi\"}]}<\/script>\n<!-- \/ Yoast SEO plugin. -->","yoast_head_json":{"title":"Saatavuus - Yhteiskuntatieteen tiedonhaku \/ UEF kirjasto","robots":{"index":"index","follow":"follow","max-snippet":"max-snippet:-1","max-image-preview":"max-image-preview:large","max-video-preview":"max-video-preview:-1"},"canonical":"https:\/\/blogs.uef.fi\/tiedonhaku-yhteiskuntatiede\/saatavuus\/","og_locale":"fi_FI","og_type":"article","og_title":"Saatavuus - Yhteiskuntatieteen tiedonhaku \/ UEF kirjasto","og_description":"VERKKOLEHTIIN JA -KIRJOIHIN on monta tiet\u00e4: DOI on verkossa olevan dokumentin (artikkeli, kuva, video jne.) pysyv\u00e4 tunnistenumero.DOI viittaa tiettyyn dokumenttiin sen verkko-osoitteesta riippumatta, ts. sivuston osoite voi muuttua, mutta DOI:n avulla itse dokumentti l\u00f6ytyy aina. DOI-tunnisteen voi liitt\u00e4\u00e4 julkaisun l\u00e4hdeluetteloon verkko-osoitteen sijasta. Jos n\u00e4it\u00e4 ei ole: Kaikista artikkeleista ja kirjoista ei ole saatavilla verkkoversiota. Tietokannoissa [&hellip;]","og_url":"https:\/\/blogs.uef.fi\/tiedonhaku-yhteiskuntatiede\/saatavuus\/","og_site_name":"Yhteiskuntatieteen tiedonhaku \/ UEF kirjasto","article_modified_time":"2024-02-19T15:02:21+00:00","og_image":[{"url":"https:\/\/blogs.uef.fi\/tiedonhaku-yhteiskuntatiede\/wp-content\/uploads\/sites\/57\/2020\/01\/findit.png","type":"","width":"","height":""}],"twitter_card":"summary_large_image","twitter_misc":{"Arvioitu lukuaika":"4 minuuttia"},"schema":{"@context":"https:\/\/schema.org","@graph":[{"@type":"WebPage","@id":"https:\/\/blogs.uef.fi\/tiedonhaku-yhteiskuntatiede\/saatavuus\/","url":"https:\/\/blogs.uef.fi\/tiedonhaku-yhteiskuntatiede\/saatavuus\/","name":"Saatavuus - Yhteiskuntatieteen tiedonhaku \/ UEF kirjasto","isPartOf":{"@id":"https:\/\/blogs.uef.fi\/tiedonhaku-yhteiskuntatiede\/#website"},"primaryImageOfPage":{"@id":"https:\/\/blogs.uef.fi\/tiedonhaku-yhteiskuntatiede\/saatavuus\/#primaryimage"},"image":{"@id":"https:\/\/blogs.uef.fi\/tiedonhaku-yhteiskuntatiede\/saatavuus\/#primaryimage"},"thumbnailUrl":"https:\/\/blogs.uef.fi\/tiedonhaku-yhteiskuntatiede\/wp-content\/uploads\/sites\/57\/2020\/01\/findit.png","datePublished":"2015-11-26T12:59:34+00:00","dateModified":"2024-02-19T15:02:21+00:00","breadcrumb":{"@id":"https:\/\/blogs.uef.fi\/tiedonhaku-yhteiskuntatiede\/saatavuus\/#breadcrumb"},"inLanguage":"fi","potentialAction":[{"@type":"ReadAction","target":["https:\/\/blogs.uef.fi\/tiedonhaku-yhteiskuntatiede\/saatavuus\/"]}]},{"@type":"ImageObject","inLanguage":"fi","@id":"https:\/\/blogs.uef.fi\/tiedonhaku-yhteiskuntatiede\/saatavuus\/#primaryimage","url":"https:\/\/blogs.uef.fi\/tiedonhaku-yhteiskuntatiede\/wp-content\/uploads\/sites\/57\/2020\/01\/findit.png","contentUrl":"https:\/\/blogs.uef.fi\/tiedonhaku-yhteiskuntatiede\/wp-content\/uploads\/sites\/57\/2020\/01\/findit.png","width":54,"height":20},{"@type":"BreadcrumbList","@id":"https:\/\/blogs.uef.fi\/tiedonhaku-yhteiskuntatiede\/saatavuus\/#breadcrumb","itemListElement":[{"@type":"ListItem","position":1,"name":"Home","item":"https:\/\/blogs.uef.fi\/tiedonhaku-yhteiskuntatiede\/"},{"@type":"ListItem","position":2,"name":"Saatavuus"}]},{"@type":"WebSite","@id":"https:\/\/blogs.uef.fi\/tiedonhaku-yhteiskuntatiede\/#website","url":"https:\/\/blogs.uef.fi\/tiedonhaku-yhteiskuntatiede\/","name":"Yhteiskuntatieteen tiedonhaku \/ UEF kirjasto","description":"","potentialAction":[{"@type":"SearchAction","target":{"@type":"EntryPoint","urlTemplate":"https:\/\/blogs.uef.fi\/tiedonhaku-yhteiskuntatiede\/?s={search_term_string}"},"query-input":{"@type":"PropertyValueSpecification","valueRequired":true,"valueName":"search_term_string"}}],"inLanguage":"fi"}]}},"_links":{"self":[{"href":"https:\/\/blogs.uef.fi\/tiedonhaku-yhteiskuntatiede\/wp-json\/wp\/v2\/pages\/422","targetHints":{"allow":["GET"]}}],"collection":[{"href":"https:\/\/blogs.uef.fi\/tiedonhaku-yhteiskuntatiede\/wp-json\/wp\/v2\/pages"}],"about":[{"href":"https:\/\/blogs.uef.fi\/tiedonhaku-yhteiskuntatiede\/wp-json\/wp\/v2\/types\/page"}],"author":[{"embeddable":true,"href":"https:\/\/blogs.uef.fi\/tiedonhaku-yhteiskuntatiede\/wp-json\/wp\/v2\/users\/127"}],"replies":[{"embeddable":true,"href":"https:\/\/blogs.uef.fi\/tiedonhaku-yhteiskuntatiede\/wp-json\/wp\/v2\/comments?post=422"}],"version-history":[{"count":2,"href":"https:\/\/blogs.uef.fi\/tiedonhaku-yhteiskuntatiede\/wp-json\/wp\/v2\/pages\/422\/revisions"}],"predecessor-version":[{"id":2146,"href":"https:\/\/blogs.uef.fi\/tiedonhaku-yhteiskuntatiede\/wp-json\/wp\/v2\/pages\/422\/revisions\/2146"}],"wp:attachment":[{"href":"https:\/\/blogs.uef.fi\/tiedonhaku-yhteiskuntatiede\/wp-json\/wp\/v2\/media?parent=422"}],"curies":[{"name":"wp","href":"https:\/\/api.w.org\/{rel}","templated":true}]}}