{"id":403,"date":"2015-11-26T12:50:57","date_gmt":"2015-11-26T12:50:57","guid":{"rendered":"https:\/\/ueflibrarysoc.wordpress.com\/?page_id=403"},"modified":"2015-11-26T12:50:57","modified_gmt":"2015-11-26T12:50:57","slug":"vinkkeja-google-hakuihin","status":"publish","type":"page","link":"https:\/\/blogs.uef.fi\/tiedonhaku-yhteiskuntatiede\/vinkkeja-google-hakuihin\/","title":{"rendered":"Vinkkej\u00e4 Google-hakuihin"},"content":{"rendered":"<p><strong>Hakulogiikka <\/strong>Google-hakujen takana on osittain samaa kuin kirjallisuustietokannoissa. T\u00e4m\u00e4 voi h\u00e4m\u00e4t\u00e4 luulemaan, ett\u00e4 tietokannoissa kannattaisi hakea samalla tavalla kuin Googlessa. N\u00e4in ei kuitenkaan ole: <strong>tietokannat ovat t\u00e4sm\u00e4llisi\u00e4, Google-haut sumeita.<\/strong><\/p>\n<ul>\n<li><strong>Lainausmerkit <\/strong>toimivat fraasin merkkin\u00e4 Googlessakin.<\/li>\n<li><strong>NOT-operaattori<\/strong> on Googlessa k\u00e4tev\u00e4 toteuttaa miinus-merkin avulla. N\u00e4in voit sulkea tuloksesta pois ep\u00e4toivottuja tuloksia, keskustelupalstoja tai blogeja:<\/li>\n<\/ul>\n<p style=\"padding-left:60px;\"><em>turvapaikanhakijat -keskustelu<\/em><\/p>\n<p><strong> Mit\u00e4<\/strong> <strong>enemm\u00e4n hakusanoja<\/strong> k\u00e4yt\u00e4t, sen t\u00e4sm\u00e4llisemp\u00e4\u00e4n tulokseen voit p\u00e4\u00e4ty\u00e4. T\u00e4st\u00e4 on apua varsinkin silloin, kun hakusanat ovat laaja-alaisia ja monimerkityksisi\u00e4.<\/p>\n<p><strong>Tarkista sanojen<\/strong> <strong>kirjoitusmuoto<\/strong>, esim. kirjoitetaanko sanat yhteen vai erikseen. Google tunnistaa jonkin verran sanojen taivutusmuotoja, mutta silti sanamuodoilla on vaikutusta hakutulokseen.<\/p>\n<p><strong>Sanaj\u00e4rjestys<\/strong> vaikuttaa lopputulokseen. Kokeile kirjoittaa sanat eri j\u00e4rjestykseen.<\/p>\n<p><strong>T\u00e4rke\u00e4n sanan<\/strong> voi kirjoittaa hakuun useamman kerran, niin sen merkitys korostuu.<br \/>\n<strong>Ammattilaisten k\u00e4ytt\u00e4m\u00e4t ja<\/strong> <strong>tieteelliset termit<\/strong> rajaavat tuloksesta pois ep\u00e4relevanttia ainesta.<\/p>\n<p>Googlessakin on <strong>Tarkennettu haku,<\/strong> t\u00e4m\u00e4 n\u00e4kym\u00e4 on Scholarista:<\/p>\n<p><img loading=\"lazy\" decoding=\"async\" class=\"alignnone size-full wp-image-159\" src=\"https:\/\/ueflibraryfor.files.wordpress.com\/2015\/11\/gtarkennettu.png?w=584\" alt=\"Gtarkennettu\" width=\"538\" height=\"396\" \/><\/p>\n<p>Tarjolla on tietokannoista tutut toiminnot: operaattorit, fraasihaku, kentt\u00e4kohdistus, rajaukset. Ne eiv\u00e4t kuitenkaan v\u00e4ltt\u00e4m\u00e4tt\u00e4 toimi ihan samalla tarkkuudella kuin tietokannoissa.<\/p>\n","protected":false},"excerpt":{"rendered":"<p>Hakulogiikka Google-hakujen takana on osittain samaa kuin kirjallisuustietokannoissa. T\u00e4m\u00e4 voi h\u00e4m\u00e4t\u00e4 luulemaan, ett\u00e4 tietokannoissa kannattaisi hakea samalla tavalla kuin Googlessa. N\u00e4in ei kuitenkaan ole: tietokannat ovat t\u00e4sm\u00e4llisi\u00e4, Google-haut sumeita. Lainausmerkit toimivat fraasin merkkin\u00e4 Googlessakin. NOT-operaattori on Googlessa k\u00e4tev\u00e4 toteuttaa miinus-merkin avulla. N\u00e4in voit sulkea tuloksesta pois ep\u00e4toivottuja tuloksia, keskustelupalstoja tai blogeja: turvapaikanhakijat -keskustelu Mit\u00e4 enemm\u00e4n [&hellip;]<\/p>\n","protected":false},"author":0,"featured_media":0,"parent":0,"menu_order":0,"comment_status":"closed","ping_status":"closed","template":"","meta":{"_acf_changed":false,"footnotes":""},"class_list":["post-403","page","type-page","status-publish","hentry"],"acf":[],"yoast_head":"<!-- This site is optimized with the Yoast SEO plugin v27.3 - https:\/\/yoast.com\/product\/yoast-seo-wordpress\/ -->\n<title>Vinkkej\u00e4 Google-hakuihin - Yhteiskuntatieteen tiedonhaku \/ UEF kirjasto<\/title>\n<meta name=\"robots\" content=\"index, follow, max-snippet:-1, max-image-preview:large, max-video-preview:-1\" \/>\n<link rel=\"canonical\" href=\"https:\/\/blogs.uef.fi\/tiedonhaku-yhteiskuntatiede\/vinkkeja-google-hakuihin\/\" \/>\n<meta property=\"og:locale\" content=\"fi_FI\" \/>\n<meta property=\"og:type\" content=\"article\" \/>\n<meta property=\"og:title\" content=\"Vinkkej\u00e4 Google-hakuihin - Yhteiskuntatieteen tiedonhaku \/ UEF kirjasto\" \/>\n<meta property=\"og:description\" content=\"Hakulogiikka Google-hakujen takana on osittain samaa kuin kirjallisuustietokannoissa. T\u00e4m\u00e4 voi h\u00e4m\u00e4t\u00e4 luulemaan, ett\u00e4 tietokannoissa kannattaisi hakea samalla tavalla kuin Googlessa. N\u00e4in ei kuitenkaan ole: tietokannat ovat t\u00e4sm\u00e4llisi\u00e4, Google-haut sumeita. Lainausmerkit toimivat fraasin merkkin\u00e4 Googlessakin. NOT-operaattori on Googlessa k\u00e4tev\u00e4 toteuttaa miinus-merkin avulla. N\u00e4in voit sulkea tuloksesta pois ep\u00e4toivottuja tuloksia, keskustelupalstoja tai blogeja: turvapaikanhakijat -keskustelu Mit\u00e4 enemm\u00e4n [&hellip;]\" \/>\n<meta property=\"og:url\" content=\"https:\/\/blogs.uef.fi\/tiedonhaku-yhteiskuntatiede\/vinkkeja-google-hakuihin\/\" \/>\n<meta property=\"og:site_name\" content=\"Yhteiskuntatieteen tiedonhaku \/ UEF kirjasto\" \/>\n<meta property=\"og:image\" content=\"https:\/\/ueflibraryfor.files.wordpress.com\/2015\/11\/gtarkennettu.png?w=584\" \/>\n<meta name=\"twitter:card\" content=\"summary_large_image\" \/>\n<meta name=\"twitter:label1\" content=\"Arvioitu lukuaika\" \/>\n\t<meta name=\"twitter:data1\" content=\"1 minuutti\" \/>\n<script type=\"application\/ld+json\" class=\"yoast-schema-graph\">{\"@context\":\"https:\\\/\\\/schema.org\",\"@graph\":[{\"@type\":\"WebPage\",\"@id\":\"https:\\\/\\\/blogs.uef.fi\\\/tiedonhaku-yhteiskuntatiede\\\/vinkkeja-google-hakuihin\\\/\",\"url\":\"https:\\\/\\\/blogs.uef.fi\\\/tiedonhaku-yhteiskuntatiede\\\/vinkkeja-google-hakuihin\\\/\",\"name\":\"Vinkkej\u00e4 Google-hakuihin - Yhteiskuntatieteen tiedonhaku \\\/ UEF kirjasto\",\"isPartOf\":{\"@id\":\"https:\\\/\\\/blogs.uef.fi\\\/tiedonhaku-yhteiskuntatiede\\\/#website\"},\"primaryImageOfPage\":{\"@id\":\"https:\\\/\\\/blogs.uef.fi\\\/tiedonhaku-yhteiskuntatiede\\\/vinkkeja-google-hakuihin\\\/#primaryimage\"},\"image\":{\"@id\":\"https:\\\/\\\/blogs.uef.fi\\\/tiedonhaku-yhteiskuntatiede\\\/vinkkeja-google-hakuihin\\\/#primaryimage\"},\"thumbnailUrl\":\"https:\\\/\\\/ueflibraryfor.files.wordpress.com\\\/2015\\\/11\\\/gtarkennettu.png?w=584\",\"datePublished\":\"2015-11-26T12:50:57+00:00\",\"breadcrumb\":{\"@id\":\"https:\\\/\\\/blogs.uef.fi\\\/tiedonhaku-yhteiskuntatiede\\\/vinkkeja-google-hakuihin\\\/#breadcrumb\"},\"inLanguage\":\"fi\",\"potentialAction\":[{\"@type\":\"ReadAction\",\"target\":[\"https:\\\/\\\/blogs.uef.fi\\\/tiedonhaku-yhteiskuntatiede\\\/vinkkeja-google-hakuihin\\\/\"]}]},{\"@type\":\"ImageObject\",\"inLanguage\":\"fi\",\"@id\":\"https:\\\/\\\/blogs.uef.fi\\\/tiedonhaku-yhteiskuntatiede\\\/vinkkeja-google-hakuihin\\\/#primaryimage\",\"url\":\"https:\\\/\\\/ueflibraryfor.files.wordpress.com\\\/2015\\\/11\\\/gtarkennettu.png?w=584\",\"contentUrl\":\"https:\\\/\\\/ueflibraryfor.files.wordpress.com\\\/2015\\\/11\\\/gtarkennettu.png?w=584\"},{\"@type\":\"BreadcrumbList\",\"@id\":\"https:\\\/\\\/blogs.uef.fi\\\/tiedonhaku-yhteiskuntatiede\\\/vinkkeja-google-hakuihin\\\/#breadcrumb\",\"itemListElement\":[{\"@type\":\"ListItem\",\"position\":1,\"name\":\"Home\",\"item\":\"https:\\\/\\\/blogs.uef.fi\\\/tiedonhaku-yhteiskuntatiede\\\/\"},{\"@type\":\"ListItem\",\"position\":2,\"name\":\"Vinkkej\u00e4 Google-hakuihin\"}]},{\"@type\":\"WebSite\",\"@id\":\"https:\\\/\\\/blogs.uef.fi\\\/tiedonhaku-yhteiskuntatiede\\\/#website\",\"url\":\"https:\\\/\\\/blogs.uef.fi\\\/tiedonhaku-yhteiskuntatiede\\\/\",\"name\":\"Yhteiskuntatieteen tiedonhaku \\\/ UEF kirjasto\",\"description\":\"\",\"potentialAction\":[{\"@type\":\"SearchAction\",\"target\":{\"@type\":\"EntryPoint\",\"urlTemplate\":\"https:\\\/\\\/blogs.uef.fi\\\/tiedonhaku-yhteiskuntatiede\\\/?s={search_term_string}\"},\"query-input\":{\"@type\":\"PropertyValueSpecification\",\"valueRequired\":true,\"valueName\":\"search_term_string\"}}],\"inLanguage\":\"fi\"}]}<\/script>\n<!-- \/ Yoast SEO plugin. -->","yoast_head_json":{"title":"Vinkkej\u00e4 Google-hakuihin - Yhteiskuntatieteen tiedonhaku \/ UEF kirjasto","robots":{"index":"index","follow":"follow","max-snippet":"max-snippet:-1","max-image-preview":"max-image-preview:large","max-video-preview":"max-video-preview:-1"},"canonical":"https:\/\/blogs.uef.fi\/tiedonhaku-yhteiskuntatiede\/vinkkeja-google-hakuihin\/","og_locale":"fi_FI","og_type":"article","og_title":"Vinkkej\u00e4 Google-hakuihin - Yhteiskuntatieteen tiedonhaku \/ UEF kirjasto","og_description":"Hakulogiikka Google-hakujen takana on osittain samaa kuin kirjallisuustietokannoissa. T\u00e4m\u00e4 voi h\u00e4m\u00e4t\u00e4 luulemaan, ett\u00e4 tietokannoissa kannattaisi hakea samalla tavalla kuin Googlessa. N\u00e4in ei kuitenkaan ole: tietokannat ovat t\u00e4sm\u00e4llisi\u00e4, Google-haut sumeita. Lainausmerkit toimivat fraasin merkkin\u00e4 Googlessakin. NOT-operaattori on Googlessa k\u00e4tev\u00e4 toteuttaa miinus-merkin avulla. N\u00e4in voit sulkea tuloksesta pois ep\u00e4toivottuja tuloksia, keskustelupalstoja tai blogeja: turvapaikanhakijat -keskustelu Mit\u00e4 enemm\u00e4n [&hellip;]","og_url":"https:\/\/blogs.uef.fi\/tiedonhaku-yhteiskuntatiede\/vinkkeja-google-hakuihin\/","og_site_name":"Yhteiskuntatieteen tiedonhaku \/ UEF kirjasto","og_image":[{"url":"https:\/\/ueflibraryfor.files.wordpress.com\/2015\/11\/gtarkennettu.png?w=584","type":"","width":"","height":""}],"twitter_card":"summary_large_image","twitter_misc":{"Arvioitu lukuaika":"1 minuutti"},"schema":{"@context":"https:\/\/schema.org","@graph":[{"@type":"WebPage","@id":"https:\/\/blogs.uef.fi\/tiedonhaku-yhteiskuntatiede\/vinkkeja-google-hakuihin\/","url":"https:\/\/blogs.uef.fi\/tiedonhaku-yhteiskuntatiede\/vinkkeja-google-hakuihin\/","name":"Vinkkej\u00e4 Google-hakuihin - Yhteiskuntatieteen tiedonhaku \/ UEF kirjasto","isPartOf":{"@id":"https:\/\/blogs.uef.fi\/tiedonhaku-yhteiskuntatiede\/#website"},"primaryImageOfPage":{"@id":"https:\/\/blogs.uef.fi\/tiedonhaku-yhteiskuntatiede\/vinkkeja-google-hakuihin\/#primaryimage"},"image":{"@id":"https:\/\/blogs.uef.fi\/tiedonhaku-yhteiskuntatiede\/vinkkeja-google-hakuihin\/#primaryimage"},"thumbnailUrl":"https:\/\/ueflibraryfor.files.wordpress.com\/2015\/11\/gtarkennettu.png?w=584","datePublished":"2015-11-26T12:50:57+00:00","breadcrumb":{"@id":"https:\/\/blogs.uef.fi\/tiedonhaku-yhteiskuntatiede\/vinkkeja-google-hakuihin\/#breadcrumb"},"inLanguage":"fi","potentialAction":[{"@type":"ReadAction","target":["https:\/\/blogs.uef.fi\/tiedonhaku-yhteiskuntatiede\/vinkkeja-google-hakuihin\/"]}]},{"@type":"ImageObject","inLanguage":"fi","@id":"https:\/\/blogs.uef.fi\/tiedonhaku-yhteiskuntatiede\/vinkkeja-google-hakuihin\/#primaryimage","url":"https:\/\/ueflibraryfor.files.wordpress.com\/2015\/11\/gtarkennettu.png?w=584","contentUrl":"https:\/\/ueflibraryfor.files.wordpress.com\/2015\/11\/gtarkennettu.png?w=584"},{"@type":"BreadcrumbList","@id":"https:\/\/blogs.uef.fi\/tiedonhaku-yhteiskuntatiede\/vinkkeja-google-hakuihin\/#breadcrumb","itemListElement":[{"@type":"ListItem","position":1,"name":"Home","item":"https:\/\/blogs.uef.fi\/tiedonhaku-yhteiskuntatiede\/"},{"@type":"ListItem","position":2,"name":"Vinkkej\u00e4 Google-hakuihin"}]},{"@type":"WebSite","@id":"https:\/\/blogs.uef.fi\/tiedonhaku-yhteiskuntatiede\/#website","url":"https:\/\/blogs.uef.fi\/tiedonhaku-yhteiskuntatiede\/","name":"Yhteiskuntatieteen tiedonhaku \/ UEF kirjasto","description":"","potentialAction":[{"@type":"SearchAction","target":{"@type":"EntryPoint","urlTemplate":"https:\/\/blogs.uef.fi\/tiedonhaku-yhteiskuntatiede\/?s={search_term_string}"},"query-input":{"@type":"PropertyValueSpecification","valueRequired":true,"valueName":"search_term_string"}}],"inLanguage":"fi"}]}},"_links":{"self":[{"href":"https:\/\/blogs.uef.fi\/tiedonhaku-yhteiskuntatiede\/wp-json\/wp\/v2\/pages\/403","targetHints":{"allow":["GET"]}}],"collection":[{"href":"https:\/\/blogs.uef.fi\/tiedonhaku-yhteiskuntatiede\/wp-json\/wp\/v2\/pages"}],"about":[{"href":"https:\/\/blogs.uef.fi\/tiedonhaku-yhteiskuntatiede\/wp-json\/wp\/v2\/types\/page"}],"replies":[{"embeddable":true,"href":"https:\/\/blogs.uef.fi\/tiedonhaku-yhteiskuntatiede\/wp-json\/wp\/v2\/comments?post=403"}],"version-history":[{"count":0,"href":"https:\/\/blogs.uef.fi\/tiedonhaku-yhteiskuntatiede\/wp-json\/wp\/v2\/pages\/403\/revisions"}],"wp:attachment":[{"href":"https:\/\/blogs.uef.fi\/tiedonhaku-yhteiskuntatiede\/wp-json\/wp\/v2\/media?parent=403"}],"curies":[{"name":"wp","href":"https:\/\/api.w.org\/{rel}","templated":true}]}}