{"id":401,"date":"2015-11-26T12:49:02","date_gmt":"2015-11-26T12:49:02","guid":{"rendered":"https:\/\/ueflibrarysoc.wordpress.com\/?page_id=401"},"modified":"2020-08-05T12:44:39","modified_gmt":"2020-08-05T09:44:39","slug":"mihin-google-riittaa","status":"publish","type":"page","link":"https:\/\/blogs.uef.fi\/tiedonhaku-yhteiskuntatiede\/mihin-google-riittaa\/","title":{"rendered":"Mihin Google riitt\u00e4\u00e4?"},"content":{"rendered":"<p>Internet ja sen hakukoneet, kuten Google, ovat parantaneet tiedon ja julkaisujen saatavuutta huimasti. My\u00f6s ongelmat ovat tiedossa: tiedon laatu ja taso vaihtelevat, roskaa on paljon. Tiedon suuri m\u00e4\u00e4r\u00e4 ja monimuotoisuus hankaloittavat olennaisen tiedon l\u00f6ytymist\u00e4.<br \/>\nErityisesti pit\u00e4\u00e4 huomata, ett\u00e4 <strong>hakutulos on satunnainen ja vaihtelee ajasta ja paikasta toiseen<\/strong>, eik\u00e4 paras l\u00e4hde v\u00e4ltt\u00e4m\u00e4tt\u00e4 ole ensimm\u00e4isill\u00e4 sivuilla. Sivujen v\u00e4listen linkitysten, klikkausten ja k\u00e4ytt\u00e4j\u00e4profiloinnin merkitys on yleisesti tiedossa. Itse sivujen sis\u00e4lt\u00f6ihin, teksteihin liittyvi\u00e4 seikkoja ovat mm:<\/p>\n<ul>\n<li>Pitk\u00e4t tekstit l\u00f6ytyv\u00e4t todenn\u00e4k\u00f6isemmin kuin lyhyet.<\/li>\n<li>P\u00e4ivitetyt sivut l\u00f6ytyv\u00e4t paremmin kuin staattiset.<\/li>\n<li>Hakusanojen sijainti tekstin alussa nostaa sijoitusta tuloslistauksessa.<\/li>\n<li>Hakusanojen keskin\u00e4inen sijainti ja yleisyys tekstiss\u00e4 vaikuttavat<\/li>\n<\/ul>\n<p>Kaikkiaan Google k\u00e4ytt\u00e4\u00e4 yli 200 erilaista \u2018signaalia\u2019 tulosten lajitteluun. Googlen uusin ominaisuus on koneoppiva teko\u00e4ly (BrainRank), joka perustuu massiiviseen hakuk\u00e4ytt\u00e4ytymisdataan ja sen analysointiin, jolloin hakukone v\u00e4hemm\u00e4n riippuvainen siit\u00e4, mit\u00e4 yksitt\u00e4iseen hakuun kulloinkin kirjoittaa \u2013 hakukone ik\u00e4\u00e4n kuin tekee \u201cparemman\u201d haun k\u00e4ytt\u00e4j\u00e4n puolesta, vaikka k\u00e4ytt\u00e4j\u00e4 ei itse sit\u00e4 huomaa.<\/p>\n<p>Muista lis\u00e4ksi:<\/p>\n<ul>\n<li>Kaikki tieto ei ole Internetiss\u00e4. Tietoa julkaistaan edelleen my\u00f6s <strong>painettuna<\/strong>.<\/li>\n<li>Kaikki tieto ei ole <strong>maksutta<\/strong> Internetiss\u00e4. Yliopiston opiskelijana kuitenkin p\u00e4\u00e4set kirjaston hankkimiin elektronisiin l\u00e4hteisiin (e-kirjoihin, e-lehtiin ja tietokantoihin) my\u00f6s kotikoneella.<\/li>\n<li>Kaikki tieto ei l\u00f6ydy hakukoneilla. Esimerkiksi tieteenalakohtaisten <strong>tietokantojen<\/strong> sis\u00e4lt\u00e4m\u00e4\u00e4n tietoon hakukone ei ulotu.<\/li>\n<\/ul>\n<p>Googlella l\u00f6yt\u00e4\u00e4 n\u00e4pp\u00e4r\u00e4sti vastauksia <strong>yksitt\u00e4isiin kysymyksiin ja faktoihin<\/strong>: kuka oli <a href=\"https:\/\/fi.wikipedia.org\/wiki\/Fifan_vuoden_pelaaja\" target=\"_blank\" rel=\"noopener noreferrer\">maailman paras jalkapalloilija vuonna 2008<\/a>? Mik\u00e4 <a href=\"http:\/\/ekoodit.fi\/E322\/lesitiini\/\" target=\"_blank\" rel=\"noopener noreferrer\">lis\u00e4aine on E322<\/a>?<\/p>\n<p><strong>Laajemmat ja monimutkaisemmat kysymykset<\/strong> ovat hankalampia haettavia. Tutkimuksen tueksi tarvitaan usein my\u00f6s l\u00e4hteit\u00e4, jotka eiv\u00e4t ole l\u00f6ydett\u00e4viss\u00e4 netist\u00e4 hakukoneilla.<\/p>\n<p><span style=\"color: #993300\"><strong>GOOGLE SCHOLAR<\/strong><\/span><\/p>\n<p>Googlen <strong>tieteelliseen tietoon erikoistunut hakukone<\/strong> p\u00e4\u00e4see osittain samoille l\u00e4hteille kuin kirjallisuustietokannatkin. Esim. isojen kustantajien tieteelliset lehdet ovat Scholar-haun piiriss\u00e4. <strong>L\u00f6ydetyn artikkelin aukaiseminen<\/strong> ei kuitenkaan onnistu, ettet ole kampusverkon koneella tai kirjautuneena UEF-Primoon.<\/p>\n<p><img loading=\"lazy\" decoding=\"async\" class=\"alignnone size-full wp-image-554\" src=\"https:\/\/blogs.uef.fi\/tiedonhaku-yhteiskuntatiede\/wp-content\/uploads\/sites\/57\/2016\/11\/gscholar.jpg\" alt=\"gscholar\" width=\"1047\" height=\"586\" srcset=\"https:\/\/blogs.uef.fi\/tiedonhaku-yhteiskuntatiede\/wp-content\/uploads\/sites\/57\/2016\/11\/gscholar.jpg 1047w, https:\/\/blogs.uef.fi\/tiedonhaku-yhteiskuntatiede\/wp-content\/uploads\/sites\/57\/2016\/11\/gscholar-300x168.jpg 300w, https:\/\/blogs.uef.fi\/tiedonhaku-yhteiskuntatiede\/wp-content\/uploads\/sites\/57\/2016\/11\/gscholar-768x430.jpg 768w, https:\/\/blogs.uef.fi\/tiedonhaku-yhteiskuntatiede\/wp-content\/uploads\/sites\/57\/2016\/11\/gscholar-1024x573.jpg 1024w\" sizes=\"auto, (max-width: 1047px) 100vw, 1047px\" \/><\/p>\n<p>Scholarin hakutoiminnot ovat googlemaiset, haun muokkaamisen mahdollisuudet ovat rajalliset ja tuloksen selailu pidemm\u00e4lle melko ik\u00e4v\u00e4\u00e4.<\/p>\n<p>Kaikki Scholarin tavoittama aineisto <strong>ei ole oikeasti tieteellist\u00e4<\/strong>, joten tulosten kanssa pit\u00e4\u00e4 olla kriittinen.<\/p>\n<p><span style=\"color: #993300\"><strong>GOOGLE BOOKS<\/strong><\/span><\/p>\n<p>Google kirjahakukone on n\u00e4pp\u00e4r\u00e4 apuv\u00e4line, kun halutaan hakea tietoa <strong>kirjojen sis\u00e4lt\u00e4, kokotekstist\u00e4<\/strong>. Tekij\u00e4noikeussyist\u00e4 kirjoja ei kuitenkaan voi lukea Google Booksissa kokonaan. L\u00f6ydetyn kirjan voi kuitenkin <strong>j\u00e4ljitt\u00e4\u00e4 kirjastosta,<\/strong> painettuna tai e-versiona.<\/p>\n","protected":false},"excerpt":{"rendered":"<p>Internet ja sen hakukoneet, kuten Google, ovat parantaneet tiedon ja julkaisujen saatavuutta huimasti. My\u00f6s ongelmat ovat tiedossa: tiedon laatu ja taso vaihtelevat, roskaa on paljon. Tiedon suuri m\u00e4\u00e4r\u00e4 ja monimuotoisuus hankaloittavat olennaisen tiedon l\u00f6ytymist\u00e4. Erityisesti pit\u00e4\u00e4 huomata, ett\u00e4 hakutulos on satunnainen ja vaihtelee ajasta ja paikasta toiseen, eik\u00e4 paras l\u00e4hde v\u00e4ltt\u00e4m\u00e4tt\u00e4 ole ensimm\u00e4isill\u00e4 sivuilla. Sivujen [&hellip;]<\/p>\n","protected":false},"author":127,"featured_media":0,"parent":0,"menu_order":0,"comment_status":"closed","ping_status":"closed","template":"","meta":{"_acf_changed":false,"footnotes":""},"class_list":["post-401","page","type-page","status-publish","hentry"],"acf":[],"yoast_head":"<!-- This site is optimized with the Yoast SEO plugin v27.1.1 - https:\/\/yoast.com\/product\/yoast-seo-wordpress\/ -->\n<title>Mihin Google riitt\u00e4\u00e4? - Yhteiskuntatieteen tiedonhaku \/ UEF kirjasto<\/title>\n<meta name=\"robots\" content=\"index, follow, max-snippet:-1, max-image-preview:large, max-video-preview:-1\" \/>\n<link rel=\"canonical\" href=\"https:\/\/blogs.uef.fi\/tiedonhaku-yhteiskuntatiede\/mihin-google-riittaa\/\" \/>\n<meta property=\"og:locale\" content=\"fi_FI\" \/>\n<meta property=\"og:type\" content=\"article\" \/>\n<meta property=\"og:title\" content=\"Mihin Google riitt\u00e4\u00e4? - Yhteiskuntatieteen tiedonhaku \/ UEF kirjasto\" \/>\n<meta property=\"og:description\" content=\"Internet ja sen hakukoneet, kuten Google, ovat parantaneet tiedon ja julkaisujen saatavuutta huimasti. My\u00f6s ongelmat ovat tiedossa: tiedon laatu ja taso vaihtelevat, roskaa on paljon. Tiedon suuri m\u00e4\u00e4r\u00e4 ja monimuotoisuus hankaloittavat olennaisen tiedon l\u00f6ytymist\u00e4. Erityisesti pit\u00e4\u00e4 huomata, ett\u00e4 hakutulos on satunnainen ja vaihtelee ajasta ja paikasta toiseen, eik\u00e4 paras l\u00e4hde v\u00e4ltt\u00e4m\u00e4tt\u00e4 ole ensimm\u00e4isill\u00e4 sivuilla. Sivujen [&hellip;]\" \/>\n<meta property=\"og:url\" content=\"https:\/\/blogs.uef.fi\/tiedonhaku-yhteiskuntatiede\/mihin-google-riittaa\/\" \/>\n<meta property=\"og:site_name\" content=\"Yhteiskuntatieteen tiedonhaku \/ UEF kirjasto\" \/>\n<meta property=\"article:modified_time\" content=\"2020-08-05T09:44:39+00:00\" \/>\n<meta property=\"og:image\" content=\"https:\/\/blogs.uef.fi\/tiedonhaku-yhteiskuntatiede\/wp-content\/uploads\/sites\/57\/2016\/11\/gscholar.jpg\" \/>\n<meta name=\"twitter:card\" content=\"summary_large_image\" \/>\n<meta name=\"twitter:label1\" content=\"Arvioitu lukuaika\" \/>\n\t<meta name=\"twitter:data1\" content=\"2 minuuttia\" \/>\n<script type=\"application\/ld+json\" class=\"yoast-schema-graph\">{\"@context\":\"https:\/\/schema.org\",\"@graph\":[{\"@type\":\"WebPage\",\"@id\":\"https:\/\/blogs.uef.fi\/tiedonhaku-yhteiskuntatiede\/mihin-google-riittaa\/\",\"url\":\"https:\/\/blogs.uef.fi\/tiedonhaku-yhteiskuntatiede\/mihin-google-riittaa\/\",\"name\":\"Mihin Google riitt\u00e4\u00e4? - Yhteiskuntatieteen tiedonhaku \/ UEF kirjasto\",\"isPartOf\":{\"@id\":\"https:\/\/blogs.uef.fi\/tiedonhaku-yhteiskuntatiede\/#website\"},\"primaryImageOfPage\":{\"@id\":\"https:\/\/blogs.uef.fi\/tiedonhaku-yhteiskuntatiede\/mihin-google-riittaa\/#primaryimage\"},\"image\":{\"@id\":\"https:\/\/blogs.uef.fi\/tiedonhaku-yhteiskuntatiede\/mihin-google-riittaa\/#primaryimage\"},\"thumbnailUrl\":\"https:\/\/blogs.uef.fi\/tiedonhaku-yhteiskuntatiede\/wp-content\/uploads\/sites\/57\/2016\/11\/gscholar.jpg\",\"datePublished\":\"2015-11-26T12:49:02+00:00\",\"dateModified\":\"2020-08-05T09:44:39+00:00\",\"breadcrumb\":{\"@id\":\"https:\/\/blogs.uef.fi\/tiedonhaku-yhteiskuntatiede\/mihin-google-riittaa\/#breadcrumb\"},\"inLanguage\":\"fi\",\"potentialAction\":[{\"@type\":\"ReadAction\",\"target\":[\"https:\/\/blogs.uef.fi\/tiedonhaku-yhteiskuntatiede\/mihin-google-riittaa\/\"]}]},{\"@type\":\"ImageObject\",\"inLanguage\":\"fi\",\"@id\":\"https:\/\/blogs.uef.fi\/tiedonhaku-yhteiskuntatiede\/mihin-google-riittaa\/#primaryimage\",\"url\":\"https:\/\/blogs.uef.fi\/tiedonhaku-yhteiskuntatiede\/wp-content\/uploads\/sites\/57\/2016\/11\/gscholar.jpg\",\"contentUrl\":\"https:\/\/blogs.uef.fi\/tiedonhaku-yhteiskuntatiede\/wp-content\/uploads\/sites\/57\/2016\/11\/gscholar.jpg\",\"width\":1047,\"height\":586},{\"@type\":\"BreadcrumbList\",\"@id\":\"https:\/\/blogs.uef.fi\/tiedonhaku-yhteiskuntatiede\/mihin-google-riittaa\/#breadcrumb\",\"itemListElement\":[{\"@type\":\"ListItem\",\"position\":1,\"name\":\"Home\",\"item\":\"https:\/\/blogs.uef.fi\/tiedonhaku-yhteiskuntatiede\/\"},{\"@type\":\"ListItem\",\"position\":2,\"name\":\"Mihin Google riitt\u00e4\u00e4?\"}]},{\"@type\":\"WebSite\",\"@id\":\"https:\/\/blogs.uef.fi\/tiedonhaku-yhteiskuntatiede\/#website\",\"url\":\"https:\/\/blogs.uef.fi\/tiedonhaku-yhteiskuntatiede\/\",\"name\":\"Yhteiskuntatieteen tiedonhaku \/ UEF kirjasto\",\"description\":\"\",\"potentialAction\":[{\"@type\":\"SearchAction\",\"target\":{\"@type\":\"EntryPoint\",\"urlTemplate\":\"https:\/\/blogs.uef.fi\/tiedonhaku-yhteiskuntatiede\/?s={search_term_string}\"},\"query-input\":{\"@type\":\"PropertyValueSpecification\",\"valueRequired\":true,\"valueName\":\"search_term_string\"}}],\"inLanguage\":\"fi\"}]}<\/script>\n<!-- \/ Yoast SEO plugin. -->","yoast_head_json":{"title":"Mihin Google riitt\u00e4\u00e4? - Yhteiskuntatieteen tiedonhaku \/ UEF kirjasto","robots":{"index":"index","follow":"follow","max-snippet":"max-snippet:-1","max-image-preview":"max-image-preview:large","max-video-preview":"max-video-preview:-1"},"canonical":"https:\/\/blogs.uef.fi\/tiedonhaku-yhteiskuntatiede\/mihin-google-riittaa\/","og_locale":"fi_FI","og_type":"article","og_title":"Mihin Google riitt\u00e4\u00e4? - Yhteiskuntatieteen tiedonhaku \/ UEF kirjasto","og_description":"Internet ja sen hakukoneet, kuten Google, ovat parantaneet tiedon ja julkaisujen saatavuutta huimasti. My\u00f6s ongelmat ovat tiedossa: tiedon laatu ja taso vaihtelevat, roskaa on paljon. Tiedon suuri m\u00e4\u00e4r\u00e4 ja monimuotoisuus hankaloittavat olennaisen tiedon l\u00f6ytymist\u00e4. Erityisesti pit\u00e4\u00e4 huomata, ett\u00e4 hakutulos on satunnainen ja vaihtelee ajasta ja paikasta toiseen, eik\u00e4 paras l\u00e4hde v\u00e4ltt\u00e4m\u00e4tt\u00e4 ole ensimm\u00e4isill\u00e4 sivuilla. Sivujen [&hellip;]","og_url":"https:\/\/blogs.uef.fi\/tiedonhaku-yhteiskuntatiede\/mihin-google-riittaa\/","og_site_name":"Yhteiskuntatieteen tiedonhaku \/ UEF kirjasto","article_modified_time":"2020-08-05T09:44:39+00:00","og_image":[{"url":"https:\/\/blogs.uef.fi\/tiedonhaku-yhteiskuntatiede\/wp-content\/uploads\/sites\/57\/2016\/11\/gscholar.jpg","type":"","width":"","height":""}],"twitter_card":"summary_large_image","twitter_misc":{"Arvioitu lukuaika":"2 minuuttia"},"schema":{"@context":"https:\/\/schema.org","@graph":[{"@type":"WebPage","@id":"https:\/\/blogs.uef.fi\/tiedonhaku-yhteiskuntatiede\/mihin-google-riittaa\/","url":"https:\/\/blogs.uef.fi\/tiedonhaku-yhteiskuntatiede\/mihin-google-riittaa\/","name":"Mihin Google riitt\u00e4\u00e4? - Yhteiskuntatieteen tiedonhaku \/ UEF kirjasto","isPartOf":{"@id":"https:\/\/blogs.uef.fi\/tiedonhaku-yhteiskuntatiede\/#website"},"primaryImageOfPage":{"@id":"https:\/\/blogs.uef.fi\/tiedonhaku-yhteiskuntatiede\/mihin-google-riittaa\/#primaryimage"},"image":{"@id":"https:\/\/blogs.uef.fi\/tiedonhaku-yhteiskuntatiede\/mihin-google-riittaa\/#primaryimage"},"thumbnailUrl":"https:\/\/blogs.uef.fi\/tiedonhaku-yhteiskuntatiede\/wp-content\/uploads\/sites\/57\/2016\/11\/gscholar.jpg","datePublished":"2015-11-26T12:49:02+00:00","dateModified":"2020-08-05T09:44:39+00:00","breadcrumb":{"@id":"https:\/\/blogs.uef.fi\/tiedonhaku-yhteiskuntatiede\/mihin-google-riittaa\/#breadcrumb"},"inLanguage":"fi","potentialAction":[{"@type":"ReadAction","target":["https:\/\/blogs.uef.fi\/tiedonhaku-yhteiskuntatiede\/mihin-google-riittaa\/"]}]},{"@type":"ImageObject","inLanguage":"fi","@id":"https:\/\/blogs.uef.fi\/tiedonhaku-yhteiskuntatiede\/mihin-google-riittaa\/#primaryimage","url":"https:\/\/blogs.uef.fi\/tiedonhaku-yhteiskuntatiede\/wp-content\/uploads\/sites\/57\/2016\/11\/gscholar.jpg","contentUrl":"https:\/\/blogs.uef.fi\/tiedonhaku-yhteiskuntatiede\/wp-content\/uploads\/sites\/57\/2016\/11\/gscholar.jpg","width":1047,"height":586},{"@type":"BreadcrumbList","@id":"https:\/\/blogs.uef.fi\/tiedonhaku-yhteiskuntatiede\/mihin-google-riittaa\/#breadcrumb","itemListElement":[{"@type":"ListItem","position":1,"name":"Home","item":"https:\/\/blogs.uef.fi\/tiedonhaku-yhteiskuntatiede\/"},{"@type":"ListItem","position":2,"name":"Mihin Google riitt\u00e4\u00e4?"}]},{"@type":"WebSite","@id":"https:\/\/blogs.uef.fi\/tiedonhaku-yhteiskuntatiede\/#website","url":"https:\/\/blogs.uef.fi\/tiedonhaku-yhteiskuntatiede\/","name":"Yhteiskuntatieteen tiedonhaku \/ UEF kirjasto","description":"","potentialAction":[{"@type":"SearchAction","target":{"@type":"EntryPoint","urlTemplate":"https:\/\/blogs.uef.fi\/tiedonhaku-yhteiskuntatiede\/?s={search_term_string}"},"query-input":{"@type":"PropertyValueSpecification","valueRequired":true,"valueName":"search_term_string"}}],"inLanguage":"fi"}]}},"_links":{"self":[{"href":"https:\/\/blogs.uef.fi\/tiedonhaku-yhteiskuntatiede\/wp-json\/wp\/v2\/pages\/401","targetHints":{"allow":["GET"]}}],"collection":[{"href":"https:\/\/blogs.uef.fi\/tiedonhaku-yhteiskuntatiede\/wp-json\/wp\/v2\/pages"}],"about":[{"href":"https:\/\/blogs.uef.fi\/tiedonhaku-yhteiskuntatiede\/wp-json\/wp\/v2\/types\/page"}],"author":[{"embeddable":true,"href":"https:\/\/blogs.uef.fi\/tiedonhaku-yhteiskuntatiede\/wp-json\/wp\/v2\/users\/127"}],"replies":[{"embeddable":true,"href":"https:\/\/blogs.uef.fi\/tiedonhaku-yhteiskuntatiede\/wp-json\/wp\/v2\/comments?post=401"}],"version-history":[{"count":2,"href":"https:\/\/blogs.uef.fi\/tiedonhaku-yhteiskuntatiede\/wp-json\/wp\/v2\/pages\/401\/revisions"}],"predecessor-version":[{"id":1220,"href":"https:\/\/blogs.uef.fi\/tiedonhaku-yhteiskuntatiede\/wp-json\/wp\/v2\/pages\/401\/revisions\/1220"}],"wp:attachment":[{"href":"https:\/\/blogs.uef.fi\/tiedonhaku-yhteiskuntatiede\/wp-json\/wp\/v2\/media?parent=401"}],"curies":[{"name":"wp","href":"https:\/\/api.w.org\/{rel}","templated":true}]}}