{"id":346,"date":"2015-11-26T12:30:01","date_gmt":"2015-11-26T12:30:01","guid":{"rendered":"https:\/\/ueflibrarysoc.wordpress.com\/?page_id=346"},"modified":"2015-11-26T12:30:01","modified_gmt":"2015-11-26T12:30:01","slug":"pikavinkki","status":"publish","type":"page","link":"https:\/\/blogs.uef.fi\/tiedonhaku-yhteiskuntatiede\/pikavinkki\/","title":{"rendered":"Pikavinkki"},"content":{"rendered":"<p><span style=\"color:#993300;\"><strong>PIENELL\u00c4 VAIVALLA LIS\u00c4\u00c4 TULOKSIA<\/strong><\/span><\/p>\n<p>Monesti haussa k\u00e4ytet\u00e4\u00e4n kaavamaisesti vain yht\u00e4 tai kahta sanaa. Hakulauseella ja \u2013tavalla on kuitenkin suuri merkitys lopputulokseen.<\/p>\n<p>Katso erilaisia hakuja Joskusta:<\/p>\n<div id=\"attachment_349\" style=\"width: 658px\" class=\"wp-caption alignnone\"><img loading=\"lazy\" decoding=\"async\" aria-describedby=\"caption-attachment-349\" class=\"alignnone size-full wp-image-349\" src=\"https:\/\/blogs.uef.fi\/tiedonhaku-yhteiskuntatiede\/wp-content\/uploads\/sites\/57\/2015\/11\/kasvu1a.jpg\" alt=\"kasvu1a\" width=\"648\" height=\"72\" srcset=\"https:\/\/blogs.uef.fi\/tiedonhaku-yhteiskuntatiede\/wp-content\/uploads\/sites\/57\/2015\/11\/kasvu1a.jpg 648w, https:\/\/blogs.uef.fi\/tiedonhaku-yhteiskuntatiede\/wp-content\/uploads\/sites\/57\/2015\/11\/kasvu1a-300x33.jpg 300w\" sizes=\"auto, (max-width: 648px) 100vw, 648px\" \/><p id=\"caption-attachment-349\" class=\"wp-caption-text\">Kirjat, joiden nimi alkaa sanalla.<\/p><\/div>\n<div id=\"attachment_350\" style=\"width: 161px\" class=\"wp-caption aligncenter\"><img loading=\"lazy\" decoding=\"async\" aria-describedby=\"caption-attachment-350\" class=\"alignnone size-full wp-image-350\" src=\"https:\/\/blogs.uef.fi\/tiedonhaku-yhteiskuntatiede\/wp-content\/uploads\/sites\/57\/2015\/11\/kasvu1b.jpg\" alt=\"kasvu1b\" width=\"151\" height=\"214\" \/><p id=\"caption-attachment-350\" class=\"wp-caption-text\">Tulos: t\u00e4m\u00e4 ja 2 muuta kirjaa<\/p><\/div>\n<div id=\"attachment_351\" style=\"width: 658px\" class=\"wp-caption alignnone\"><img loading=\"lazy\" decoding=\"async\" aria-describedby=\"caption-attachment-351\" class=\"alignnone size-full wp-image-351\" src=\"https:\/\/blogs.uef.fi\/tiedonhaku-yhteiskuntatiede\/wp-content\/uploads\/sites\/57\/2015\/11\/kasvu2a.jpg\" alt=\"kasvu2a\" width=\"648\" height=\"71\" srcset=\"https:\/\/blogs.uef.fi\/tiedonhaku-yhteiskuntatiede\/wp-content\/uploads\/sites\/57\/2015\/11\/kasvu2a.jpg 648w, https:\/\/blogs.uef.fi\/tiedonhaku-yhteiskuntatiede\/wp-content\/uploads\/sites\/57\/2015\/11\/kasvu2a-300x33.jpg 300w\" sizes=\"auto, (max-width: 648px) 100vw, 648px\" \/><p id=\"caption-attachment-351\" class=\"wp-caption-text\">Sana l\u00f6ytyy mist\u00e4 tahansa tietueessa (sanahaku).<\/p><\/div>\n<div id=\"attachment_352\" style=\"width: 155px\" class=\"wp-caption aligncenter\"><img loading=\"lazy\" decoding=\"async\" aria-describedby=\"caption-attachment-352\" class=\"alignnone size-full wp-image-352\" src=\"https:\/\/blogs.uef.fi\/tiedonhaku-yhteiskuntatiede\/wp-content\/uploads\/sites\/57\/2015\/11\/kasvu2b.jpg\" alt=\"kasvu2b\" width=\"145\" height=\"212\" \/><p id=\"caption-attachment-352\" class=\"wp-caption-text\">Tulos: t\u00e4m\u00e4 ja 34 muuta kirjaa (my\u00f6s edellisell\u00e4 haulla l\u00f6ydetyt kirjat sis\u00e4ltyv\u00e4t t\u00e4h\u00e4n tulokseen).<\/p><\/div>\n<div id=\"attachment_353\" style=\"width: 655px\" class=\"wp-caption alignnone\"><img loading=\"lazy\" decoding=\"async\" aria-describedby=\"caption-attachment-353\" class=\"alignnone size-full wp-image-353\" src=\"https:\/\/blogs.uef.fi\/tiedonhaku-yhteiskuntatiede\/wp-content\/uploads\/sites\/57\/2015\/11\/kasvu3a.jpg\" alt=\"kasvu3a\" width=\"645\" height=\"165\" srcset=\"https:\/\/blogs.uef.fi\/tiedonhaku-yhteiskuntatiede\/wp-content\/uploads\/sites\/57\/2015\/11\/kasvu3a.jpg 645w, https:\/\/blogs.uef.fi\/tiedonhaku-yhteiskuntatiede\/wp-content\/uploads\/sites\/57\/2015\/11\/kasvu3a-300x77.jpg 300w\" sizes=\"auto, (max-width: 645px) 100vw, 645px\" \/><p id=\"caption-attachment-353\" class=\"wp-caption-text\">Lis\u00e4\u00e4t\u00e4\u00e4n vaihtoehdoksi englanninkielinen termi tarkennetussa haussa.<\/p><\/div>\n<div id=\"attachment_354\" style=\"width: 155px\" class=\"wp-caption aligncenter\"><img loading=\"lazy\" decoding=\"async\" aria-describedby=\"caption-attachment-354\" class=\"alignnone size-full wp-image-354\" src=\"https:\/\/blogs.uef.fi\/tiedonhaku-yhteiskuntatiede\/wp-content\/uploads\/sites\/57\/2015\/11\/kasvu3b.jpg\" alt=\"kasvu3b\" width=\"145\" height=\"178\" \/><p id=\"caption-attachment-354\" class=\"wp-caption-text\">Tulos: t\u00e4m\u00e4 ja 73 muuta kirjaa (my\u00f6s edellisell\u00e4 haulla l\u00f6ydetyt kirjat sis\u00e4ltyv\u00e4t t\u00e4h\u00e4n tulokseen).<\/p><\/div>\n<div id=\"attachment_355\" style=\"width: 655px\" class=\"wp-caption alignnone\"><img loading=\"lazy\" decoding=\"async\" aria-describedby=\"caption-attachment-355\" class=\"alignnone size-full wp-image-355\" src=\"https:\/\/blogs.uef.fi\/tiedonhaku-yhteiskuntatiede\/wp-content\/uploads\/sites\/57\/2015\/11\/kasvu4a.jpg\" alt=\"kasvu4a\" width=\"645\" height=\"141\" srcset=\"https:\/\/blogs.uef.fi\/tiedonhaku-yhteiskuntatiede\/wp-content\/uploads\/sites\/57\/2015\/11\/kasvu4a.jpg 645w, https:\/\/blogs.uef.fi\/tiedonhaku-yhteiskuntatiede\/wp-content\/uploads\/sites\/57\/2015\/11\/kasvu4a-300x66.jpg 300w\" sizes=\"auto, (max-width: 645px) 100vw, 645px\" \/><p id=\"caption-attachment-355\" class=\"wp-caption-text\">K\u00e4ytet\u00e4\u00e4n sanankatkaisua ja tarkennetaan aihetta v\u00e4h\u00e4n.<\/p><\/div>\n<div id=\"attachment_357\" style=\"width: 183px\" class=\"wp-caption aligncenter\"><img loading=\"lazy\" decoding=\"async\" aria-describedby=\"caption-attachment-357\" class=\"alignnone size-full wp-image-357\" src=\"https:\/\/blogs.uef.fi\/tiedonhaku-yhteiskuntatiede\/wp-content\/uploads\/sites\/57\/2015\/11\/kasvu4c.jpg\" alt=\"kasvu4c\" width=\"173\" height=\"221\" \/><p id=\"caption-attachment-357\" class=\"wp-caption-text\">Tulos: t\u00e4m\u00e4 ja 229 muuta kirjaa (my\u00f6s edellisell\u00e4 haulla l\u00f6ydetyt kirjat sis\u00e4ltyv\u00e4t t\u00e4h\u00e4n tulokseen).<\/p><\/div>\n","protected":false},"excerpt":{"rendered":"<p>PIENELL\u00c4 VAIVALLA LIS\u00c4\u00c4 TULOKSIA Monesti haussa k\u00e4ytet\u00e4\u00e4n kaavamaisesti vain yht\u00e4 tai kahta sanaa. Hakulauseella ja \u2013tavalla on kuitenkin suuri merkitys lopputulokseen. Katso erilaisia hakuja Joskusta:<\/p>\n","protected":false},"author":0,"featured_media":0,"parent":0,"menu_order":0,"comment_status":"closed","ping_status":"closed","template":"","meta":{"_acf_changed":false,"footnotes":""},"class_list":["post-346","page","type-page","status-publish","hentry"],"acf":[],"yoast_head":"<!-- This site is optimized with the Yoast SEO plugin v27.1.1 - https:\/\/yoast.com\/product\/yoast-seo-wordpress\/ -->\n<title>Pikavinkki - Yhteiskuntatieteen tiedonhaku \/ UEF kirjasto<\/title>\n<meta name=\"robots\" content=\"index, follow, max-snippet:-1, max-image-preview:large, max-video-preview:-1\" \/>\n<link rel=\"canonical\" href=\"https:\/\/blogs.uef.fi\/tiedonhaku-yhteiskuntatiede\/pikavinkki\/\" \/>\n<meta property=\"og:locale\" content=\"fi_FI\" \/>\n<meta property=\"og:type\" content=\"article\" \/>\n<meta property=\"og:title\" content=\"Pikavinkki - Yhteiskuntatieteen tiedonhaku \/ UEF kirjasto\" \/>\n<meta property=\"og:description\" content=\"PIENELL\u00c4 VAIVALLA LIS\u00c4\u00c4 TULOKSIA Monesti haussa k\u00e4ytet\u00e4\u00e4n kaavamaisesti vain yht\u00e4 tai kahta sanaa. Hakulauseella ja \u2013tavalla on kuitenkin suuri merkitys lopputulokseen. Katso erilaisia hakuja Joskusta:\" \/>\n<meta property=\"og:url\" content=\"https:\/\/blogs.uef.fi\/tiedonhaku-yhteiskuntatiede\/pikavinkki\/\" \/>\n<meta property=\"og:site_name\" content=\"Yhteiskuntatieteen tiedonhaku \/ UEF kirjasto\" \/>\n<meta property=\"og:image\" content=\"https:\/\/blogs.uef.fi\/tiedonhaku-yhteiskuntatiede\/wp-content\/uploads\/sites\/57\/2015\/11\/kasvu1a.jpg\" \/>\n<meta name=\"twitter:card\" content=\"summary_large_image\" \/>\n<meta name=\"twitter:label1\" content=\"Arvioitu lukuaika\" \/>\n\t<meta name=\"twitter:data1\" content=\"1 minuutti\" \/>\n<script type=\"application\/ld+json\" class=\"yoast-schema-graph\">{\"@context\":\"https:\/\/schema.org\",\"@graph\":[{\"@type\":\"WebPage\",\"@id\":\"https:\/\/blogs.uef.fi\/tiedonhaku-yhteiskuntatiede\/pikavinkki\/\",\"url\":\"https:\/\/blogs.uef.fi\/tiedonhaku-yhteiskuntatiede\/pikavinkki\/\",\"name\":\"Pikavinkki - Yhteiskuntatieteen tiedonhaku \/ UEF kirjasto\",\"isPartOf\":{\"@id\":\"https:\/\/blogs.uef.fi\/tiedonhaku-yhteiskuntatiede\/#website\"},\"primaryImageOfPage\":{\"@id\":\"https:\/\/blogs.uef.fi\/tiedonhaku-yhteiskuntatiede\/pikavinkki\/#primaryimage\"},\"image\":{\"@id\":\"https:\/\/blogs.uef.fi\/tiedonhaku-yhteiskuntatiede\/pikavinkki\/#primaryimage\"},\"thumbnailUrl\":\"https:\/\/blogs.uef.fi\/tiedonhaku-yhteiskuntatiede\/wp-content\/uploads\/sites\/57\/2015\/11\/kasvu1a.jpg\",\"datePublished\":\"2015-11-26T12:30:01+00:00\",\"breadcrumb\":{\"@id\":\"https:\/\/blogs.uef.fi\/tiedonhaku-yhteiskuntatiede\/pikavinkki\/#breadcrumb\"},\"inLanguage\":\"fi\",\"potentialAction\":[{\"@type\":\"ReadAction\",\"target\":[\"https:\/\/blogs.uef.fi\/tiedonhaku-yhteiskuntatiede\/pikavinkki\/\"]}]},{\"@type\":\"ImageObject\",\"inLanguage\":\"fi\",\"@id\":\"https:\/\/blogs.uef.fi\/tiedonhaku-yhteiskuntatiede\/pikavinkki\/#primaryimage\",\"url\":\"https:\/\/blogs.uef.fi\/tiedonhaku-yhteiskuntatiede\/wp-content\/uploads\/sites\/57\/2015\/11\/kasvu1a.jpg\",\"contentUrl\":\"https:\/\/blogs.uef.fi\/tiedonhaku-yhteiskuntatiede\/wp-content\/uploads\/sites\/57\/2015\/11\/kasvu1a.jpg\",\"width\":648,\"height\":72},{\"@type\":\"BreadcrumbList\",\"@id\":\"https:\/\/blogs.uef.fi\/tiedonhaku-yhteiskuntatiede\/pikavinkki\/#breadcrumb\",\"itemListElement\":[{\"@type\":\"ListItem\",\"position\":1,\"name\":\"Home\",\"item\":\"https:\/\/blogs.uef.fi\/tiedonhaku-yhteiskuntatiede\/\"},{\"@type\":\"ListItem\",\"position\":2,\"name\":\"Pikavinkki\"}]},{\"@type\":\"WebSite\",\"@id\":\"https:\/\/blogs.uef.fi\/tiedonhaku-yhteiskuntatiede\/#website\",\"url\":\"https:\/\/blogs.uef.fi\/tiedonhaku-yhteiskuntatiede\/\",\"name\":\"Yhteiskuntatieteen tiedonhaku \/ UEF kirjasto\",\"description\":\"\",\"potentialAction\":[{\"@type\":\"SearchAction\",\"target\":{\"@type\":\"EntryPoint\",\"urlTemplate\":\"https:\/\/blogs.uef.fi\/tiedonhaku-yhteiskuntatiede\/?s={search_term_string}\"},\"query-input\":{\"@type\":\"PropertyValueSpecification\",\"valueRequired\":true,\"valueName\":\"search_term_string\"}}],\"inLanguage\":\"fi\"}]}<\/script>\n<!-- \/ Yoast SEO plugin. -->","yoast_head_json":{"title":"Pikavinkki - Yhteiskuntatieteen tiedonhaku \/ UEF kirjasto","robots":{"index":"index","follow":"follow","max-snippet":"max-snippet:-1","max-image-preview":"max-image-preview:large","max-video-preview":"max-video-preview:-1"},"canonical":"https:\/\/blogs.uef.fi\/tiedonhaku-yhteiskuntatiede\/pikavinkki\/","og_locale":"fi_FI","og_type":"article","og_title":"Pikavinkki - Yhteiskuntatieteen tiedonhaku \/ UEF kirjasto","og_description":"PIENELL\u00c4 VAIVALLA LIS\u00c4\u00c4 TULOKSIA Monesti haussa k\u00e4ytet\u00e4\u00e4n kaavamaisesti vain yht\u00e4 tai kahta sanaa. Hakulauseella ja \u2013tavalla on kuitenkin suuri merkitys lopputulokseen. Katso erilaisia hakuja Joskusta:","og_url":"https:\/\/blogs.uef.fi\/tiedonhaku-yhteiskuntatiede\/pikavinkki\/","og_site_name":"Yhteiskuntatieteen tiedonhaku \/ UEF kirjasto","og_image":[{"url":"https:\/\/blogs.uef.fi\/tiedonhaku-yhteiskuntatiede\/wp-content\/uploads\/sites\/57\/2015\/11\/kasvu1a.jpg","type":"","width":"","height":""}],"twitter_card":"summary_large_image","twitter_misc":{"Arvioitu lukuaika":"1 minuutti"},"schema":{"@context":"https:\/\/schema.org","@graph":[{"@type":"WebPage","@id":"https:\/\/blogs.uef.fi\/tiedonhaku-yhteiskuntatiede\/pikavinkki\/","url":"https:\/\/blogs.uef.fi\/tiedonhaku-yhteiskuntatiede\/pikavinkki\/","name":"Pikavinkki - Yhteiskuntatieteen tiedonhaku \/ UEF kirjasto","isPartOf":{"@id":"https:\/\/blogs.uef.fi\/tiedonhaku-yhteiskuntatiede\/#website"},"primaryImageOfPage":{"@id":"https:\/\/blogs.uef.fi\/tiedonhaku-yhteiskuntatiede\/pikavinkki\/#primaryimage"},"image":{"@id":"https:\/\/blogs.uef.fi\/tiedonhaku-yhteiskuntatiede\/pikavinkki\/#primaryimage"},"thumbnailUrl":"https:\/\/blogs.uef.fi\/tiedonhaku-yhteiskuntatiede\/wp-content\/uploads\/sites\/57\/2015\/11\/kasvu1a.jpg","datePublished":"2015-11-26T12:30:01+00:00","breadcrumb":{"@id":"https:\/\/blogs.uef.fi\/tiedonhaku-yhteiskuntatiede\/pikavinkki\/#breadcrumb"},"inLanguage":"fi","potentialAction":[{"@type":"ReadAction","target":["https:\/\/blogs.uef.fi\/tiedonhaku-yhteiskuntatiede\/pikavinkki\/"]}]},{"@type":"ImageObject","inLanguage":"fi","@id":"https:\/\/blogs.uef.fi\/tiedonhaku-yhteiskuntatiede\/pikavinkki\/#primaryimage","url":"https:\/\/blogs.uef.fi\/tiedonhaku-yhteiskuntatiede\/wp-content\/uploads\/sites\/57\/2015\/11\/kasvu1a.jpg","contentUrl":"https:\/\/blogs.uef.fi\/tiedonhaku-yhteiskuntatiede\/wp-content\/uploads\/sites\/57\/2015\/11\/kasvu1a.jpg","width":648,"height":72},{"@type":"BreadcrumbList","@id":"https:\/\/blogs.uef.fi\/tiedonhaku-yhteiskuntatiede\/pikavinkki\/#breadcrumb","itemListElement":[{"@type":"ListItem","position":1,"name":"Home","item":"https:\/\/blogs.uef.fi\/tiedonhaku-yhteiskuntatiede\/"},{"@type":"ListItem","position":2,"name":"Pikavinkki"}]},{"@type":"WebSite","@id":"https:\/\/blogs.uef.fi\/tiedonhaku-yhteiskuntatiede\/#website","url":"https:\/\/blogs.uef.fi\/tiedonhaku-yhteiskuntatiede\/","name":"Yhteiskuntatieteen tiedonhaku \/ UEF kirjasto","description":"","potentialAction":[{"@type":"SearchAction","target":{"@type":"EntryPoint","urlTemplate":"https:\/\/blogs.uef.fi\/tiedonhaku-yhteiskuntatiede\/?s={search_term_string}"},"query-input":{"@type":"PropertyValueSpecification","valueRequired":true,"valueName":"search_term_string"}}],"inLanguage":"fi"}]}},"_links":{"self":[{"href":"https:\/\/blogs.uef.fi\/tiedonhaku-yhteiskuntatiede\/wp-json\/wp\/v2\/pages\/346","targetHints":{"allow":["GET"]}}],"collection":[{"href":"https:\/\/blogs.uef.fi\/tiedonhaku-yhteiskuntatiede\/wp-json\/wp\/v2\/pages"}],"about":[{"href":"https:\/\/blogs.uef.fi\/tiedonhaku-yhteiskuntatiede\/wp-json\/wp\/v2\/types\/page"}],"replies":[{"embeddable":true,"href":"https:\/\/blogs.uef.fi\/tiedonhaku-yhteiskuntatiede\/wp-json\/wp\/v2\/comments?post=346"}],"version-history":[{"count":0,"href":"https:\/\/blogs.uef.fi\/tiedonhaku-yhteiskuntatiede\/wp-json\/wp\/v2\/pages\/346\/revisions"}],"wp:attachment":[{"href":"https:\/\/blogs.uef.fi\/tiedonhaku-yhteiskuntatiede\/wp-json\/wp\/v2\/media?parent=346"}],"curies":[{"name":"wp","href":"https:\/\/api.w.org\/{rel}","templated":true}]}}