{"id":316,"date":"2015-11-26T12:11:59","date_gmt":"2015-11-26T12:11:59","guid":{"rendered":"https:\/\/ueflibrarysoc.wordpress.com\/?page_id=316"},"modified":"2024-01-19T12:02:34","modified_gmt":"2024-01-19T10:02:34","slug":"tarkempia-tuloksia","status":"publish","type":"page","link":"https:\/\/blogs.uef.fi\/tiedonhaku-yhteiskuntatiede\/tarkempia-tuloksia\/","title":{"rendered":"Tarkempia tuloksia"},"content":{"rendered":"\n<p><span style=\"color: #993300\"><strong>KUN SAAT LIIAN PALJON JA\/TAI EP\u00c4TARKKOJA TULOKSIA<\/strong><\/span><\/p>\n\n\n\n<ul class=\"wp-block-list\">\n<li>rajaa hakua <strong>asiasanakentt\u00e4\u00e4n<\/strong>, mik\u00e4li mahdollista (sanaston sanalla). Ks. asiasanahausta<\/li>\n\n\n\n<li>rajaa hakua <strong>otsikko-kentt\u00e4\u00e4n<\/strong><\/li>\n\n\n\n<li>mieti, ovatko hakusanasi liian yleisi\u00e4<\/li>\n\n\n\n<li>kokeile suppeampia, aihettasi t\u00e4sm\u00e4llisemmin kuvaavia hakusanoja<\/li>\n<\/ul>\n\n\n\n<p><em>sosiaaliturva -&gt; toimeentuloturva -&gt; perusp\u00e4iv\u00e4raha<\/em><em><br><\/em><\/p>\n\n\n\n<ul class=\"wp-block-list\">\n<li>poista monimerkityksiset <strong>yleistermit<\/strong><\/li>\n<\/ul>\n\n\n\n<p>katkaistu sana <em>arki*<\/em> viittaa liian moneen asiaan<br><em>(esim. arkiel\u00e4m\u00e4, arkikieli, arkihuoli, arkistointi)<\/em><\/p>\n\n\n\n<ul class=\"wp-block-list\">\n<li>lis\u00e4\u00e4 hakuun <strong>rajoittavia sanoja<\/strong> (AND:lla; AND-kytkettyj\u00e4 voi olla vaikka kuinka paljon)<\/li>\n<\/ul>\n\n\n\n<p><em>yhteiskuntavastuu -&gt;yhteiskuntavastuu AND yritykset -&gt;<br><\/em><\/p>\n\n\n\n<p><em>yhteiskuntavastuu AND yritykset AND arvot<\/em><\/p>\n\n\n\n<ul class=\"wp-block-list\">\n<li>joskus on hy\u00f6dyllist\u00e4 k\u00e4ytt\u00e4\u00e4 rajaavana termin\u00e4 <strong>hyvin laajaa<\/strong>, koko aihealuetta raajaavaa termi\u00e4:<\/li>\n<\/ul>\n\n\n\n<p><em>ymp\u00e4rist\u00f6nsuojelu -&gt; ymp\u00e4rist\u00f6nsuojelu AND yhteiskun*<\/em><\/p>\n\n\n\n<p>(t\u00e4ss\u00e4 siis <em>yhteiskun<\/em>ta ja <em>yhteiskun<\/em>nallinen eri taivutusmuotoineen ja johdannaisineen)<\/p>\n\n\n\n<ul class=\"wp-block-list\">\n<li>k\u00e4yt\u00e4 <strong>fraasia<\/strong> and-operaation sijaan<\/li>\n<\/ul>\n\n\n\n<p><em>urban AND communities -&gt; \u201durban communities\u201d<\/em><\/p>\n\n\n\n<ul class=\"wp-block-list\">\n<li><strong>v\u00e4henn\u00e4<\/strong> synonyymej\u00e4 ja rinnakkaistermej\u00e4 (Mutta \u00e4l\u00e4 muuta ORia ANDiksi, sill\u00e4 silloin hakulogiikka muuttuu virheelliseksi)<\/li>\n<\/ul>\n\n\n\n<p><em>mielikuvat OR k\u00e4sitykset OR asenteet -&gt; mielikuvat OR k\u00e4sitykset<br><\/em><\/p>\n\n\n\n<ul class=\"wp-block-list\">\n<li>kokeile sulkea joitakin sanoja hakutuloksen ulkopuollelle <strong>NOT-operaattorilla<\/strong><\/li>\n<\/ul>\n\n\n\n<p><em>kulttuurisosiologia NOT gradu<br><\/em><\/p>\n\n\n\n<ul class=\"wp-block-list\">\n<li>rajaa hakua esim.<strong> julkaisuvuodella, -kielell\u00e4 tai -tyypill\u00e4<\/strong> (esim. peer review\/scholarly-lehtiin)<\/li>\n<\/ul>\n","protected":false},"excerpt":{"rendered":"<p>KUN SAAT LIIAN PALJON JA\/TAI EP\u00c4TARKKOJA TULOKSIA sosiaaliturva -&gt; toimeentuloturva -&gt; perusp\u00e4iv\u00e4raha katkaistu sana arki* viittaa liian moneen asiaan(esim. arkiel\u00e4m\u00e4, arkikieli, arkihuoli, arkistointi) yhteiskuntavastuu -&gt;yhteiskuntavastuu AND yritykset -&gt; yhteiskuntavastuu AND yritykset AND arvot ymp\u00e4rist\u00f6nsuojelu -&gt; ymp\u00e4rist\u00f6nsuojelu AND yhteiskun* (t\u00e4ss\u00e4 siis yhteiskunta ja yhteiskunnallinen eri taivutusmuotoineen ja johdannaisineen) urban AND communities -&gt; \u201durban communities\u201d mielikuvat OR [&hellip;]<\/p>\n","protected":false},"author":293,"featured_media":0,"parent":0,"menu_order":0,"comment_status":"closed","ping_status":"closed","template":"","meta":{"_acf_changed":false,"footnotes":""},"class_list":["post-316","page","type-page","status-publish","hentry"],"acf":[],"yoast_head":"<!-- This site is optimized with the Yoast SEO plugin v27.3 - https:\/\/yoast.com\/product\/yoast-seo-wordpress\/ -->\n<title>Tarkempia tuloksia - Yhteiskuntatieteen tiedonhaku \/ UEF kirjasto<\/title>\n<meta name=\"robots\" content=\"index, follow, max-snippet:-1, max-image-preview:large, max-video-preview:-1\" \/>\n<link rel=\"canonical\" href=\"https:\/\/blogs.uef.fi\/tiedonhaku-yhteiskuntatiede\/tarkempia-tuloksia\/\" \/>\n<meta property=\"og:locale\" content=\"fi_FI\" \/>\n<meta property=\"og:type\" content=\"article\" \/>\n<meta property=\"og:title\" content=\"Tarkempia tuloksia - Yhteiskuntatieteen tiedonhaku \/ UEF kirjasto\" \/>\n<meta property=\"og:description\" content=\"KUN SAAT LIIAN PALJON JA\/TAI EP\u00c4TARKKOJA TULOKSIA sosiaaliturva -&gt; toimeentuloturva -&gt; perusp\u00e4iv\u00e4raha katkaistu sana arki* viittaa liian moneen asiaan(esim. arkiel\u00e4m\u00e4, arkikieli, arkihuoli, arkistointi) yhteiskuntavastuu -&gt;yhteiskuntavastuu AND yritykset -&gt; yhteiskuntavastuu AND yritykset AND arvot ymp\u00e4rist\u00f6nsuojelu -&gt; ymp\u00e4rist\u00f6nsuojelu AND yhteiskun* (t\u00e4ss\u00e4 siis yhteiskunta ja yhteiskunnallinen eri taivutusmuotoineen ja johdannaisineen) urban AND communities -&gt; \u201durban communities\u201d mielikuvat OR [&hellip;]\" \/>\n<meta property=\"og:url\" content=\"https:\/\/blogs.uef.fi\/tiedonhaku-yhteiskuntatiede\/tarkempia-tuloksia\/\" \/>\n<meta property=\"og:site_name\" content=\"Yhteiskuntatieteen tiedonhaku \/ UEF kirjasto\" \/>\n<meta property=\"article:modified_time\" content=\"2024-01-19T10:02:34+00:00\" \/>\n<meta name=\"twitter:card\" content=\"summary_large_image\" \/>\n<meta name=\"twitter:label1\" content=\"Arvioitu lukuaika\" \/>\n\t<meta name=\"twitter:data1\" content=\"1 minuutti\" \/>\n<script type=\"application\/ld+json\" class=\"yoast-schema-graph\">{\"@context\":\"https:\\\/\\\/schema.org\",\"@graph\":[{\"@type\":\"WebPage\",\"@id\":\"https:\\\/\\\/blogs.uef.fi\\\/tiedonhaku-yhteiskuntatiede\\\/tarkempia-tuloksia\\\/\",\"url\":\"https:\\\/\\\/blogs.uef.fi\\\/tiedonhaku-yhteiskuntatiede\\\/tarkempia-tuloksia\\\/\",\"name\":\"Tarkempia tuloksia - Yhteiskuntatieteen tiedonhaku \\\/ UEF kirjasto\",\"isPartOf\":{\"@id\":\"https:\\\/\\\/blogs.uef.fi\\\/tiedonhaku-yhteiskuntatiede\\\/#website\"},\"datePublished\":\"2015-11-26T12:11:59+00:00\",\"dateModified\":\"2024-01-19T10:02:34+00:00\",\"breadcrumb\":{\"@id\":\"https:\\\/\\\/blogs.uef.fi\\\/tiedonhaku-yhteiskuntatiede\\\/tarkempia-tuloksia\\\/#breadcrumb\"},\"inLanguage\":\"fi\",\"potentialAction\":[{\"@type\":\"ReadAction\",\"target\":[\"https:\\\/\\\/blogs.uef.fi\\\/tiedonhaku-yhteiskuntatiede\\\/tarkempia-tuloksia\\\/\"]}]},{\"@type\":\"BreadcrumbList\",\"@id\":\"https:\\\/\\\/blogs.uef.fi\\\/tiedonhaku-yhteiskuntatiede\\\/tarkempia-tuloksia\\\/#breadcrumb\",\"itemListElement\":[{\"@type\":\"ListItem\",\"position\":1,\"name\":\"Home\",\"item\":\"https:\\\/\\\/blogs.uef.fi\\\/tiedonhaku-yhteiskuntatiede\\\/\"},{\"@type\":\"ListItem\",\"position\":2,\"name\":\"Tarkempia tuloksia\"}]},{\"@type\":\"WebSite\",\"@id\":\"https:\\\/\\\/blogs.uef.fi\\\/tiedonhaku-yhteiskuntatiede\\\/#website\",\"url\":\"https:\\\/\\\/blogs.uef.fi\\\/tiedonhaku-yhteiskuntatiede\\\/\",\"name\":\"Yhteiskuntatieteen tiedonhaku \\\/ UEF kirjasto\",\"description\":\"\",\"potentialAction\":[{\"@type\":\"SearchAction\",\"target\":{\"@type\":\"EntryPoint\",\"urlTemplate\":\"https:\\\/\\\/blogs.uef.fi\\\/tiedonhaku-yhteiskuntatiede\\\/?s={search_term_string}\"},\"query-input\":{\"@type\":\"PropertyValueSpecification\",\"valueRequired\":true,\"valueName\":\"search_term_string\"}}],\"inLanguage\":\"fi\"}]}<\/script>\n<!-- \/ Yoast SEO plugin. -->","yoast_head_json":{"title":"Tarkempia tuloksia - Yhteiskuntatieteen tiedonhaku \/ UEF kirjasto","robots":{"index":"index","follow":"follow","max-snippet":"max-snippet:-1","max-image-preview":"max-image-preview:large","max-video-preview":"max-video-preview:-1"},"canonical":"https:\/\/blogs.uef.fi\/tiedonhaku-yhteiskuntatiede\/tarkempia-tuloksia\/","og_locale":"fi_FI","og_type":"article","og_title":"Tarkempia tuloksia - Yhteiskuntatieteen tiedonhaku \/ UEF kirjasto","og_description":"KUN SAAT LIIAN PALJON JA\/TAI EP\u00c4TARKKOJA TULOKSIA sosiaaliturva -&gt; toimeentuloturva -&gt; perusp\u00e4iv\u00e4raha katkaistu sana arki* viittaa liian moneen asiaan(esim. arkiel\u00e4m\u00e4, arkikieli, arkihuoli, arkistointi) yhteiskuntavastuu -&gt;yhteiskuntavastuu AND yritykset -&gt; yhteiskuntavastuu AND yritykset AND arvot ymp\u00e4rist\u00f6nsuojelu -&gt; ymp\u00e4rist\u00f6nsuojelu AND yhteiskun* (t\u00e4ss\u00e4 siis yhteiskunta ja yhteiskunnallinen eri taivutusmuotoineen ja johdannaisineen) urban AND communities -&gt; \u201durban communities\u201d mielikuvat OR [&hellip;]","og_url":"https:\/\/blogs.uef.fi\/tiedonhaku-yhteiskuntatiede\/tarkempia-tuloksia\/","og_site_name":"Yhteiskuntatieteen tiedonhaku \/ UEF kirjasto","article_modified_time":"2024-01-19T10:02:34+00:00","twitter_card":"summary_large_image","twitter_misc":{"Arvioitu lukuaika":"1 minuutti"},"schema":{"@context":"https:\/\/schema.org","@graph":[{"@type":"WebPage","@id":"https:\/\/blogs.uef.fi\/tiedonhaku-yhteiskuntatiede\/tarkempia-tuloksia\/","url":"https:\/\/blogs.uef.fi\/tiedonhaku-yhteiskuntatiede\/tarkempia-tuloksia\/","name":"Tarkempia tuloksia - Yhteiskuntatieteen tiedonhaku \/ UEF kirjasto","isPartOf":{"@id":"https:\/\/blogs.uef.fi\/tiedonhaku-yhteiskuntatiede\/#website"},"datePublished":"2015-11-26T12:11:59+00:00","dateModified":"2024-01-19T10:02:34+00:00","breadcrumb":{"@id":"https:\/\/blogs.uef.fi\/tiedonhaku-yhteiskuntatiede\/tarkempia-tuloksia\/#breadcrumb"},"inLanguage":"fi","potentialAction":[{"@type":"ReadAction","target":["https:\/\/blogs.uef.fi\/tiedonhaku-yhteiskuntatiede\/tarkempia-tuloksia\/"]}]},{"@type":"BreadcrumbList","@id":"https:\/\/blogs.uef.fi\/tiedonhaku-yhteiskuntatiede\/tarkempia-tuloksia\/#breadcrumb","itemListElement":[{"@type":"ListItem","position":1,"name":"Home","item":"https:\/\/blogs.uef.fi\/tiedonhaku-yhteiskuntatiede\/"},{"@type":"ListItem","position":2,"name":"Tarkempia tuloksia"}]},{"@type":"WebSite","@id":"https:\/\/blogs.uef.fi\/tiedonhaku-yhteiskuntatiede\/#website","url":"https:\/\/blogs.uef.fi\/tiedonhaku-yhteiskuntatiede\/","name":"Yhteiskuntatieteen tiedonhaku \/ UEF kirjasto","description":"","potentialAction":[{"@type":"SearchAction","target":{"@type":"EntryPoint","urlTemplate":"https:\/\/blogs.uef.fi\/tiedonhaku-yhteiskuntatiede\/?s={search_term_string}"},"query-input":{"@type":"PropertyValueSpecification","valueRequired":true,"valueName":"search_term_string"}}],"inLanguage":"fi"}]}},"_links":{"self":[{"href":"https:\/\/blogs.uef.fi\/tiedonhaku-yhteiskuntatiede\/wp-json\/wp\/v2\/pages\/316","targetHints":{"allow":["GET"]}}],"collection":[{"href":"https:\/\/blogs.uef.fi\/tiedonhaku-yhteiskuntatiede\/wp-json\/wp\/v2\/pages"}],"about":[{"href":"https:\/\/blogs.uef.fi\/tiedonhaku-yhteiskuntatiede\/wp-json\/wp\/v2\/types\/page"}],"author":[{"embeddable":true,"href":"https:\/\/blogs.uef.fi\/tiedonhaku-yhteiskuntatiede\/wp-json\/wp\/v2\/users\/293"}],"replies":[{"embeddable":true,"href":"https:\/\/blogs.uef.fi\/tiedonhaku-yhteiskuntatiede\/wp-json\/wp\/v2\/comments?post=316"}],"version-history":[{"count":1,"href":"https:\/\/blogs.uef.fi\/tiedonhaku-yhteiskuntatiede\/wp-json\/wp\/v2\/pages\/316\/revisions"}],"predecessor-version":[{"id":2020,"href":"https:\/\/blogs.uef.fi\/tiedonhaku-yhteiskuntatiede\/wp-json\/wp\/v2\/pages\/316\/revisions\/2020"}],"wp:attachment":[{"href":"https:\/\/blogs.uef.fi\/tiedonhaku-yhteiskuntatiede\/wp-json\/wp\/v2\/media?parent=316"}],"curies":[{"name":"wp","href":"https:\/\/api.w.org\/{rel}","templated":true}]}}