{"id":301,"date":"2015-11-26T12:02:24","date_gmt":"2015-11-26T12:02:24","guid":{"rendered":"https:\/\/ueflibrarysoc.wordpress.com\/?page_id=301"},"modified":"2019-01-23T08:15:27","modified_gmt":"2019-01-23T06:15:27","slug":"yhteiskuntatieteellinen-tietoarkisto","status":"publish","type":"page","link":"https:\/\/blogs.uef.fi\/tiedonhaku-yhteiskuntatiede\/yhteiskuntatieteellinen-tietoarkisto\/","title":{"rendered":"Tietoarkisto"},"content":{"rendered":"<p><strong>Tietoarkisto <\/strong>arkistoi ja v\u00e4litt\u00e4\u00e4 koti- ja ulkomaisia s\u00e4hk\u00f6isi\u00e4 <strong>tutkimusaineistoja<\/strong> tutkimukseen, opetukseen ja opiskeluun.<br \/>\nTutkimusaineistoja ovat esim. erilaiset <strong>kyselytutkimukset, niiden tiedonkeruulomakkeet ja saadut vastaukset.<\/strong><\/p>\n<p>Tutkija tai opiskelija voi saada k\u00e4ytt\u00f6\u00f6ns\u00e4 <strong>valmiin aineiston, &#8221;datan&#8221;,<\/strong> t\u00e4t\u00e4 kautta. Lue lis\u00e4\u00e4 <a href=\"https:\/\/www.fsd.uta.fi\/fi\/ajankohtaista\/tiedotteet\/521\/\" target=\"_blank\" rel=\"noopener\">tiedotteesta.<\/a><\/p>\n<p>Tutkimusaineistoista voi poimia k\u00e4ytt\u00f6\u00f6ns\u00e4 <strong>faktatietoja<\/strong> tai hankkia aineistot oman tutkimuksensa raakadataksi. Sivuilla on my\u00f6s tietoja julkaisuista, joissa aineistoja on hy\u00f6dynnetty.<\/p>\n<p>Tietoarkiston sivuilla on my\u00f6s mm. suomenkielinen <strong>opetuspaketti tutkimusmenetelmist\u00e4<\/strong> (Menetelm\u00e4opetuksen tietovaranto MOTV).<\/p>\n<p>Haku aineistoista tapahtuu Aila-palveluportaalista:<\/p>\n<p><img loading=\"lazy\" decoding=\"async\" class=\"alignnone size-full wp-image-671\" src=\"https:\/\/blogs.uef.fi\/tiedonhaku-yhteiskuntatiede\/wp-content\/uploads\/sites\/57\/2017\/12\/ailahaku.png\" alt=\"ailahaku\" width=\"1000\" height=\"718\" srcset=\"https:\/\/blogs.uef.fi\/tiedonhaku-yhteiskuntatiede\/wp-content\/uploads\/sites\/57\/2017\/12\/ailahaku.png 1000w, https:\/\/blogs.uef.fi\/tiedonhaku-yhteiskuntatiede\/wp-content\/uploads\/sites\/57\/2017\/12\/ailahaku-300x215.png 300w, https:\/\/blogs.uef.fi\/tiedonhaku-yhteiskuntatiede\/wp-content\/uploads\/sites\/57\/2017\/12\/ailahaku-768x551.png 768w\" sizes=\"auto, (max-width: 1000px) 100vw, 1000px\" \/><\/p>\n<p>Lis\u00e4ksi aineistoja voi mm. selata aiheeen mukaan:<\/p>\n<p><img loading=\"lazy\" decoding=\"async\" class=\"alignnone size-full wp-image-672\" src=\"https:\/\/blogs.uef.fi\/tiedonhaku-yhteiskuntatiede\/wp-content\/uploads\/sites\/57\/2017\/12\/ailaselaa.png\" alt=\"ailaselaa\" width=\"994\" height=\"606\" srcset=\"https:\/\/blogs.uef.fi\/tiedonhaku-yhteiskuntatiede\/wp-content\/uploads\/sites\/57\/2017\/12\/ailaselaa.png 994w, https:\/\/blogs.uef.fi\/tiedonhaku-yhteiskuntatiede\/wp-content\/uploads\/sites\/57\/2017\/12\/ailaselaa-300x183.png 300w, https:\/\/blogs.uef.fi\/tiedonhaku-yhteiskuntatiede\/wp-content\/uploads\/sites\/57\/2017\/12\/ailaselaa-768x468.png 768w\" sizes=\"auto, (max-width: 994px) 100vw, 994px\" \/><\/p>\n<p>Ailan kautta avattu aineisto n\u00e4ytt\u00e4\u00e4 t\u00e4lt\u00e4:<\/p>\n<p><img loading=\"lazy\" decoding=\"async\" class=\"alignnone size-full wp-image-299\" src=\"https:\/\/blogs.uef.fi\/tiedonhaku-yhteiskuntatiede\/wp-content\/uploads\/sites\/57\/2015\/11\/ykpaila2.png\" alt=\"YKPaila2\" width=\"824\" height=\"596\" srcset=\"https:\/\/blogs.uef.fi\/tiedonhaku-yhteiskuntatiede\/wp-content\/uploads\/sites\/57\/2015\/11\/ykpaila2.png 824w, https:\/\/blogs.uef.fi\/tiedonhaku-yhteiskuntatiede\/wp-content\/uploads\/sites\/57\/2015\/11\/ykpaila2-300x217.png 300w, https:\/\/blogs.uef.fi\/tiedonhaku-yhteiskuntatiede\/wp-content\/uploads\/sites\/57\/2015\/11\/ykpaila2-768x555.png 768w\" sizes=\"auto, (max-width: 824px) 100vw, 824px\" \/><\/p>\n","protected":false},"excerpt":{"rendered":"<p>Tietoarkisto arkistoi ja v\u00e4litt\u00e4\u00e4 koti- ja ulkomaisia s\u00e4hk\u00f6isi\u00e4 tutkimusaineistoja tutkimukseen, opetukseen ja opiskeluun. Tutkimusaineistoja ovat esim. erilaiset kyselytutkimukset, niiden tiedonkeruulomakkeet ja saadut vastaukset. Tutkija tai opiskelija voi saada k\u00e4ytt\u00f6\u00f6ns\u00e4 valmiin aineiston, &#8221;datan&#8221;, t\u00e4t\u00e4 kautta. Lue lis\u00e4\u00e4 tiedotteesta. Tutkimusaineistoista voi poimia k\u00e4ytt\u00f6\u00f6ns\u00e4 faktatietoja tai hankkia aineistot oman tutkimuksensa raakadataksi. Sivuilla on my\u00f6s tietoja julkaisuista, joissa aineistoja [&hellip;]<\/p>\n","protected":false},"author":127,"featured_media":0,"parent":0,"menu_order":0,"comment_status":"closed","ping_status":"closed","template":"","meta":{"_acf_changed":false,"footnotes":""},"class_list":["post-301","page","type-page","status-publish","hentry"],"acf":[],"yoast_head":"<!-- This site is optimized with the Yoast SEO plugin v27.3 - https:\/\/yoast.com\/product\/yoast-seo-wordpress\/ -->\n<title>Tietoarkisto - Yhteiskuntatieteen tiedonhaku \/ UEF kirjasto<\/title>\n<meta name=\"robots\" content=\"index, follow, max-snippet:-1, max-image-preview:large, max-video-preview:-1\" \/>\n<link rel=\"canonical\" href=\"https:\/\/blogs.uef.fi\/tiedonhaku-yhteiskuntatiede\/yhteiskuntatieteellinen-tietoarkisto\/\" \/>\n<meta property=\"og:locale\" content=\"fi_FI\" \/>\n<meta property=\"og:type\" content=\"article\" \/>\n<meta property=\"og:title\" content=\"Tietoarkisto - Yhteiskuntatieteen tiedonhaku \/ UEF kirjasto\" \/>\n<meta property=\"og:description\" content=\"Tietoarkisto arkistoi ja v\u00e4litt\u00e4\u00e4 koti- ja ulkomaisia s\u00e4hk\u00f6isi\u00e4 tutkimusaineistoja tutkimukseen, opetukseen ja opiskeluun. Tutkimusaineistoja ovat esim. erilaiset kyselytutkimukset, niiden tiedonkeruulomakkeet ja saadut vastaukset. Tutkija tai opiskelija voi saada k\u00e4ytt\u00f6\u00f6ns\u00e4 valmiin aineiston, &#8221;datan&#8221;, t\u00e4t\u00e4 kautta. Lue lis\u00e4\u00e4 tiedotteesta. Tutkimusaineistoista voi poimia k\u00e4ytt\u00f6\u00f6ns\u00e4 faktatietoja tai hankkia aineistot oman tutkimuksensa raakadataksi. Sivuilla on my\u00f6s tietoja julkaisuista, joissa aineistoja [&hellip;]\" \/>\n<meta property=\"og:url\" content=\"https:\/\/blogs.uef.fi\/tiedonhaku-yhteiskuntatiede\/yhteiskuntatieteellinen-tietoarkisto\/\" \/>\n<meta property=\"og:site_name\" content=\"Yhteiskuntatieteen tiedonhaku \/ UEF kirjasto\" \/>\n<meta property=\"article:modified_time\" content=\"2019-01-23T06:15:27+00:00\" \/>\n<meta property=\"og:image\" content=\"https:\/\/blogs.uef.fi\/tiedonhaku-yhteiskuntatiede\/wp-content\/uploads\/sites\/57\/2017\/12\/ailahaku.png\" \/>\n<meta name=\"twitter:card\" content=\"summary_large_image\" \/>\n<meta name=\"twitter:label1\" content=\"Arvioitu lukuaika\" \/>\n\t<meta name=\"twitter:data1\" content=\"1 minuutti\" \/>\n<script type=\"application\/ld+json\" class=\"yoast-schema-graph\">{\"@context\":\"https:\\\/\\\/schema.org\",\"@graph\":[{\"@type\":\"WebPage\",\"@id\":\"https:\\\/\\\/blogs.uef.fi\\\/tiedonhaku-yhteiskuntatiede\\\/yhteiskuntatieteellinen-tietoarkisto\\\/\",\"url\":\"https:\\\/\\\/blogs.uef.fi\\\/tiedonhaku-yhteiskuntatiede\\\/yhteiskuntatieteellinen-tietoarkisto\\\/\",\"name\":\"Tietoarkisto - Yhteiskuntatieteen tiedonhaku \\\/ UEF kirjasto\",\"isPartOf\":{\"@id\":\"https:\\\/\\\/blogs.uef.fi\\\/tiedonhaku-yhteiskuntatiede\\\/#website\"},\"primaryImageOfPage\":{\"@id\":\"https:\\\/\\\/blogs.uef.fi\\\/tiedonhaku-yhteiskuntatiede\\\/yhteiskuntatieteellinen-tietoarkisto\\\/#primaryimage\"},\"image\":{\"@id\":\"https:\\\/\\\/blogs.uef.fi\\\/tiedonhaku-yhteiskuntatiede\\\/yhteiskuntatieteellinen-tietoarkisto\\\/#primaryimage\"},\"thumbnailUrl\":\"https:\\\/\\\/blogs.uef.fi\\\/tiedonhaku-yhteiskuntatiede\\\/wp-content\\\/uploads\\\/sites\\\/57\\\/2017\\\/12\\\/ailahaku.png\",\"datePublished\":\"2015-11-26T12:02:24+00:00\",\"dateModified\":\"2019-01-23T06:15:27+00:00\",\"breadcrumb\":{\"@id\":\"https:\\\/\\\/blogs.uef.fi\\\/tiedonhaku-yhteiskuntatiede\\\/yhteiskuntatieteellinen-tietoarkisto\\\/#breadcrumb\"},\"inLanguage\":\"fi\",\"potentialAction\":[{\"@type\":\"ReadAction\",\"target\":[\"https:\\\/\\\/blogs.uef.fi\\\/tiedonhaku-yhteiskuntatiede\\\/yhteiskuntatieteellinen-tietoarkisto\\\/\"]}]},{\"@type\":\"ImageObject\",\"inLanguage\":\"fi\",\"@id\":\"https:\\\/\\\/blogs.uef.fi\\\/tiedonhaku-yhteiskuntatiede\\\/yhteiskuntatieteellinen-tietoarkisto\\\/#primaryimage\",\"url\":\"https:\\\/\\\/blogs.uef.fi\\\/tiedonhaku-yhteiskuntatiede\\\/wp-content\\\/uploads\\\/sites\\\/57\\\/2017\\\/12\\\/ailahaku.png\",\"contentUrl\":\"https:\\\/\\\/blogs.uef.fi\\\/tiedonhaku-yhteiskuntatiede\\\/wp-content\\\/uploads\\\/sites\\\/57\\\/2017\\\/12\\\/ailahaku.png\",\"width\":1000,\"height\":718},{\"@type\":\"BreadcrumbList\",\"@id\":\"https:\\\/\\\/blogs.uef.fi\\\/tiedonhaku-yhteiskuntatiede\\\/yhteiskuntatieteellinen-tietoarkisto\\\/#breadcrumb\",\"itemListElement\":[{\"@type\":\"ListItem\",\"position\":1,\"name\":\"Home\",\"item\":\"https:\\\/\\\/blogs.uef.fi\\\/tiedonhaku-yhteiskuntatiede\\\/\"},{\"@type\":\"ListItem\",\"position\":2,\"name\":\"Tietoarkisto\"}]},{\"@type\":\"WebSite\",\"@id\":\"https:\\\/\\\/blogs.uef.fi\\\/tiedonhaku-yhteiskuntatiede\\\/#website\",\"url\":\"https:\\\/\\\/blogs.uef.fi\\\/tiedonhaku-yhteiskuntatiede\\\/\",\"name\":\"Yhteiskuntatieteen tiedonhaku \\\/ UEF kirjasto\",\"description\":\"\",\"potentialAction\":[{\"@type\":\"SearchAction\",\"target\":{\"@type\":\"EntryPoint\",\"urlTemplate\":\"https:\\\/\\\/blogs.uef.fi\\\/tiedonhaku-yhteiskuntatiede\\\/?s={search_term_string}\"},\"query-input\":{\"@type\":\"PropertyValueSpecification\",\"valueRequired\":true,\"valueName\":\"search_term_string\"}}],\"inLanguage\":\"fi\"}]}<\/script>\n<!-- \/ Yoast SEO plugin. -->","yoast_head_json":{"title":"Tietoarkisto - Yhteiskuntatieteen tiedonhaku \/ UEF kirjasto","robots":{"index":"index","follow":"follow","max-snippet":"max-snippet:-1","max-image-preview":"max-image-preview:large","max-video-preview":"max-video-preview:-1"},"canonical":"https:\/\/blogs.uef.fi\/tiedonhaku-yhteiskuntatiede\/yhteiskuntatieteellinen-tietoarkisto\/","og_locale":"fi_FI","og_type":"article","og_title":"Tietoarkisto - Yhteiskuntatieteen tiedonhaku \/ UEF kirjasto","og_description":"Tietoarkisto arkistoi ja v\u00e4litt\u00e4\u00e4 koti- ja ulkomaisia s\u00e4hk\u00f6isi\u00e4 tutkimusaineistoja tutkimukseen, opetukseen ja opiskeluun. Tutkimusaineistoja ovat esim. erilaiset kyselytutkimukset, niiden tiedonkeruulomakkeet ja saadut vastaukset. Tutkija tai opiskelija voi saada k\u00e4ytt\u00f6\u00f6ns\u00e4 valmiin aineiston, &#8221;datan&#8221;, t\u00e4t\u00e4 kautta. Lue lis\u00e4\u00e4 tiedotteesta. Tutkimusaineistoista voi poimia k\u00e4ytt\u00f6\u00f6ns\u00e4 faktatietoja tai hankkia aineistot oman tutkimuksensa raakadataksi. Sivuilla on my\u00f6s tietoja julkaisuista, joissa aineistoja [&hellip;]","og_url":"https:\/\/blogs.uef.fi\/tiedonhaku-yhteiskuntatiede\/yhteiskuntatieteellinen-tietoarkisto\/","og_site_name":"Yhteiskuntatieteen tiedonhaku \/ UEF kirjasto","article_modified_time":"2019-01-23T06:15:27+00:00","og_image":[{"url":"https:\/\/blogs.uef.fi\/tiedonhaku-yhteiskuntatiede\/wp-content\/uploads\/sites\/57\/2017\/12\/ailahaku.png","type":"","width":"","height":""}],"twitter_card":"summary_large_image","twitter_misc":{"Arvioitu lukuaika":"1 minuutti"},"schema":{"@context":"https:\/\/schema.org","@graph":[{"@type":"WebPage","@id":"https:\/\/blogs.uef.fi\/tiedonhaku-yhteiskuntatiede\/yhteiskuntatieteellinen-tietoarkisto\/","url":"https:\/\/blogs.uef.fi\/tiedonhaku-yhteiskuntatiede\/yhteiskuntatieteellinen-tietoarkisto\/","name":"Tietoarkisto - Yhteiskuntatieteen tiedonhaku \/ UEF kirjasto","isPartOf":{"@id":"https:\/\/blogs.uef.fi\/tiedonhaku-yhteiskuntatiede\/#website"},"primaryImageOfPage":{"@id":"https:\/\/blogs.uef.fi\/tiedonhaku-yhteiskuntatiede\/yhteiskuntatieteellinen-tietoarkisto\/#primaryimage"},"image":{"@id":"https:\/\/blogs.uef.fi\/tiedonhaku-yhteiskuntatiede\/yhteiskuntatieteellinen-tietoarkisto\/#primaryimage"},"thumbnailUrl":"https:\/\/blogs.uef.fi\/tiedonhaku-yhteiskuntatiede\/wp-content\/uploads\/sites\/57\/2017\/12\/ailahaku.png","datePublished":"2015-11-26T12:02:24+00:00","dateModified":"2019-01-23T06:15:27+00:00","breadcrumb":{"@id":"https:\/\/blogs.uef.fi\/tiedonhaku-yhteiskuntatiede\/yhteiskuntatieteellinen-tietoarkisto\/#breadcrumb"},"inLanguage":"fi","potentialAction":[{"@type":"ReadAction","target":["https:\/\/blogs.uef.fi\/tiedonhaku-yhteiskuntatiede\/yhteiskuntatieteellinen-tietoarkisto\/"]}]},{"@type":"ImageObject","inLanguage":"fi","@id":"https:\/\/blogs.uef.fi\/tiedonhaku-yhteiskuntatiede\/yhteiskuntatieteellinen-tietoarkisto\/#primaryimage","url":"https:\/\/blogs.uef.fi\/tiedonhaku-yhteiskuntatiede\/wp-content\/uploads\/sites\/57\/2017\/12\/ailahaku.png","contentUrl":"https:\/\/blogs.uef.fi\/tiedonhaku-yhteiskuntatiede\/wp-content\/uploads\/sites\/57\/2017\/12\/ailahaku.png","width":1000,"height":718},{"@type":"BreadcrumbList","@id":"https:\/\/blogs.uef.fi\/tiedonhaku-yhteiskuntatiede\/yhteiskuntatieteellinen-tietoarkisto\/#breadcrumb","itemListElement":[{"@type":"ListItem","position":1,"name":"Home","item":"https:\/\/blogs.uef.fi\/tiedonhaku-yhteiskuntatiede\/"},{"@type":"ListItem","position":2,"name":"Tietoarkisto"}]},{"@type":"WebSite","@id":"https:\/\/blogs.uef.fi\/tiedonhaku-yhteiskuntatiede\/#website","url":"https:\/\/blogs.uef.fi\/tiedonhaku-yhteiskuntatiede\/","name":"Yhteiskuntatieteen tiedonhaku \/ UEF kirjasto","description":"","potentialAction":[{"@type":"SearchAction","target":{"@type":"EntryPoint","urlTemplate":"https:\/\/blogs.uef.fi\/tiedonhaku-yhteiskuntatiede\/?s={search_term_string}"},"query-input":{"@type":"PropertyValueSpecification","valueRequired":true,"valueName":"search_term_string"}}],"inLanguage":"fi"}]}},"_links":{"self":[{"href":"https:\/\/blogs.uef.fi\/tiedonhaku-yhteiskuntatiede\/wp-json\/wp\/v2\/pages\/301","targetHints":{"allow":["GET"]}}],"collection":[{"href":"https:\/\/blogs.uef.fi\/tiedonhaku-yhteiskuntatiede\/wp-json\/wp\/v2\/pages"}],"about":[{"href":"https:\/\/blogs.uef.fi\/tiedonhaku-yhteiskuntatiede\/wp-json\/wp\/v2\/types\/page"}],"author":[{"embeddable":true,"href":"https:\/\/blogs.uef.fi\/tiedonhaku-yhteiskuntatiede\/wp-json\/wp\/v2\/users\/127"}],"replies":[{"embeddable":true,"href":"https:\/\/blogs.uef.fi\/tiedonhaku-yhteiskuntatiede\/wp-json\/wp\/v2\/comments?post=301"}],"version-history":[{"count":2,"href":"https:\/\/blogs.uef.fi\/tiedonhaku-yhteiskuntatiede\/wp-json\/wp\/v2\/pages\/301\/revisions"}],"predecessor-version":[{"id":1001,"href":"https:\/\/blogs.uef.fi\/tiedonhaku-yhteiskuntatiede\/wp-json\/wp\/v2\/pages\/301\/revisions\/1001"}],"wp:attachment":[{"href":"https:\/\/blogs.uef.fi\/tiedonhaku-yhteiskuntatiede\/wp-json\/wp\/v2\/media?parent=301"}],"curies":[{"name":"wp","href":"https:\/\/api.w.org\/{rel}","templated":true}]}}