{"id":29,"date":"2015-11-19T10:00:47","date_gmt":"2015-11-19T10:00:47","guid":{"rendered":"https:\/\/ueflibrarysoc.wordpress.com\/?page_id=29"},"modified":"2023-08-17T15:05:54","modified_gmt":"2023-08-17T12:05:54","slug":"tieteelliset-julkaisut","status":"publish","type":"page","link":"https:\/\/blogs.uef.fi\/tiedonhaku-yhteiskuntatiede\/tieteelliset-julkaisut\/","title":{"rendered":"Tieteellinen julkaiseminen"},"content":{"rendered":"\n<figure class=\"wp-block-image alignright\"><img loading=\"lazy\" decoding=\"async\" width=\"385\" height=\"622\" src=\"https:\/\/blogs.uef.fi\/tiedonhaku-yhteiskuntatiede\/wp-content\/uploads\/sites\/57\/2015\/11\/aika.png?w=186\" alt=\"aika\" class=\"wp-image-30\" srcset=\"https:\/\/blogs.uef.fi\/tiedonhaku-yhteiskuntatiede\/wp-content\/uploads\/sites\/57\/2015\/11\/aika.png 385w, https:\/\/blogs.uef.fi\/tiedonhaku-yhteiskuntatiede\/wp-content\/uploads\/sites\/57\/2015\/11\/aika-186x300.png 186w\" sizes=\"auto, (max-width: 385px) 100vw, 385px\" \/><\/figure>\n\n\n\n<p>Tieteellinen tutkimus ja asiantuntijaty\u00f6 tuottavat valtaisan m\u00e4\u00e4r\u00e4n perusteltua, luotettavaa <strong>tutkimustietoa.<\/strong> Erilaisin koej\u00e4rjestelyin, kuten mittaamalla tai haastattelemalla saadaan dataa. Data jalostuu tutkimustiedoksi, kun l\u00f6yd\u00f6ksi\u00e4 selitet\u00e4\u00e4n kattavasti, kriittisesti ja j\u00e4rjestelm\u00e4llisesti aikaisempiin tutkimuksiin peilaten.<\/p>\n\n\n\n<p>Tutkimustieto jaetaan julkisuuteen eri reittej\u00e4 pitkin ja erilaisissa muodoissa. Siksi sit\u00e4 on my\u00f6s <strong>haettava useista eri l\u00e4hteist\u00e4.<\/strong><br>Julkaisuista t\u00e4rkeimpi\u00e4 ovat artikkelit ja kirjat. N\u00e4it\u00e4kin on erityyppisi\u00e4.<\/p>\n\n\n\n<p>Tieteellisen julkaisemisen ydin on <strong>uuden tiedon tuottaminen sek\u00e4 sen arvioiminen<\/strong> tiedeyhteis\u00f6ss\u00e4. Julkaisemalla tutkijat meritoituvat (p\u00e4tev\u00f6ityv\u00e4t ja ansioituvat).<\/p>\n\n\n\n<p>Julkaisun tieteellisyyden takeena pidet\u00e4\u00e4n yleisesti julkaistavaksi aiottujen k\u00e4sikirjoitusten <strong>vertaisarviointia<\/strong> (englanniksi <strong>refereed<\/strong> tai <strong>peer reviewed<\/strong>). T\u00e4st\u00e4 lis\u00e4\u00e4 seuraavassa luvussa.<br>Julkaisu on tieteellinen, kun tutkimus on tehty k\u00e4ytt\u00e4en <strong>hyv\u00e4ksyttyj\u00e4 tieteellisi\u00e4 menetelmi\u00e4<\/strong>, ja siit\u00e4 on <strong>raportoitu<\/strong> tieteenalalla vallitsevan tavan mukaisesti. T\u00e4m\u00e4n vuoksi <strong>k\u00e4sikirjoitus arvioidaan<\/strong> ennen julkaisua.<br>Lis\u00e4ksi <strong>julkaisukanavan<\/strong> tulee olla tieteellisille julkaisuille tarkoitettu ja muiden tutkijoiden saavutettavissa.<\/p>\n\n\n\n<h3 class=\"wp-block-heading\"><span style=\"color: #000000\">MUUTKIN JULKAISUT VOIVAT OLLA K\u00c4YTT\u00d6KELPOISIA L\u00c4HDEAINEISTOJA<\/span><\/h3>\n\n\n\n<p>Useilla aloilla julkaistaan paljon my\u00f6s alan ammattilaisille, yrityksille ja viranomaisille.<br>Tutkimuslaitokset, ministeri\u00f6t, kunnat sek\u00e4 erilaiset j\u00e4rjest\u00f6t, seurat ja liitot julkaisevat <strong>selvitys- tai raportti<\/strong>tyyppist\u00e4 kirjallisuutta ja my\u00f6s <strong>ammattilehdiss\u00e4<\/strong> julkaistaan artikkeleita.<br>T\u00e4rkeint\u00e4 on itse <strong>tekstin sis\u00e4lt\u00f6<\/strong>: kuinka luotettavasti ja yksiselitteisesti kohteena oleva asia pystyt\u00e4\u00e4n kuvaamaan, todentamaan ja perustelemaan.<br>Julkaisu voi yht\u00e4 hyvin olla <strong>painettu tai elektroninen<\/strong>, muoto ei m\u00e4\u00e4r\u00e4\u00e4 t\u00e4rkeytt\u00e4.<\/p>\n\n\n\n<h3 class=\"wp-block-heading\"><span style=\"color: #000000\">TIETEELLISELL\u00c4 JULKAISULLA ON TIETTY RAKENNE<\/span><\/h3>\n\n\n\n<p>Tieteellisell\u00e4 kirjallisella esityksell\u00e4 on <strong>vakiintunut muoto<\/strong>, jota noudatetaan tieteellisiin lehtiin kirjoitettaessa. Yksityiskohtien osalta kullakin lehdell\u00e4 on omat tarkat kirjoitusohjeensa, jonka mukaisesti siihen tarjottavan artikkeli on laadittava. Kirjoitusohjeet l\u00f6ytyv\u00e4t kunkin lehden sivulta.<\/p>\n\n\n\n<p>Esimerkiksi tieteellinen artikkeli sis\u00e4lt\u00e4\u00e4 yleens\u00e4 seuraavat osat:<\/p>\n\n\n\n<ul class=\"wp-block-list\">\n<li>Otsikko (Title)<\/li>\n\n\n\n<li>Tekij\u00f6iden nimet ja osoitteet (Authors)<\/li>\n\n\n\n<li>Tiivistelm\u00e4 (Abstract)<\/li>\n\n\n\n<li>Johdanto (Introduction)<\/li>\n\n\n\n<li>Menetelm\u00e4t (Methods)<\/li>\n\n\n\n<li>Tulokset (Results)<\/li>\n\n\n\n<li>Tulosten pohdinta (Discussion)<\/li>\n\n\n\n<li>L\u00e4hdeluettelo (References)<\/li>\n<\/ul>\n","protected":false},"excerpt":{"rendered":"<p>Tieteellinen tutkimus ja asiantuntijaty\u00f6 tuottavat valtaisan m\u00e4\u00e4r\u00e4n perusteltua, luotettavaa tutkimustietoa. Erilaisin koej\u00e4rjestelyin, kuten mittaamalla tai haastattelemalla saadaan dataa. Data jalostuu tutkimustiedoksi, kun l\u00f6yd\u00f6ksi\u00e4 selitet\u00e4\u00e4n kattavasti, kriittisesti ja j\u00e4rjestelm\u00e4llisesti aikaisempiin tutkimuksiin peilaten. Tutkimustieto jaetaan julkisuuteen eri reittej\u00e4 pitkin ja erilaisissa muodoissa. Siksi sit\u00e4 on my\u00f6s haettava useista eri l\u00e4hteist\u00e4.Julkaisuista t\u00e4rkeimpi\u00e4 ovat artikkelit ja kirjat. N\u00e4it\u00e4kin on [&hellip;]<\/p>\n","protected":false},"author":127,"featured_media":0,"parent":0,"menu_order":0,"comment_status":"closed","ping_status":"closed","template":"","meta":{"_acf_changed":false,"footnotes":""},"class_list":["post-29","page","type-page","status-publish","hentry"],"acf":[],"yoast_head":"<!-- This site is optimized with the Yoast SEO plugin v27.1.1 - https:\/\/yoast.com\/product\/yoast-seo-wordpress\/ -->\n<title>Tieteellinen julkaiseminen - Yhteiskuntatieteen tiedonhaku \/ UEF kirjasto<\/title>\n<meta name=\"robots\" content=\"index, follow, max-snippet:-1, max-image-preview:large, max-video-preview:-1\" \/>\n<link rel=\"canonical\" href=\"https:\/\/blogs.uef.fi\/tiedonhaku-yhteiskuntatiede\/tieteelliset-julkaisut\/\" \/>\n<meta property=\"og:locale\" content=\"fi_FI\" \/>\n<meta property=\"og:type\" content=\"article\" \/>\n<meta property=\"og:title\" content=\"Tieteellinen julkaiseminen - Yhteiskuntatieteen tiedonhaku \/ UEF kirjasto\" \/>\n<meta property=\"og:description\" content=\"Tieteellinen tutkimus ja asiantuntijaty\u00f6 tuottavat valtaisan m\u00e4\u00e4r\u00e4n perusteltua, luotettavaa tutkimustietoa. Erilaisin koej\u00e4rjestelyin, kuten mittaamalla tai haastattelemalla saadaan dataa. Data jalostuu tutkimustiedoksi, kun l\u00f6yd\u00f6ksi\u00e4 selitet\u00e4\u00e4n kattavasti, kriittisesti ja j\u00e4rjestelm\u00e4llisesti aikaisempiin tutkimuksiin peilaten. Tutkimustieto jaetaan julkisuuteen eri reittej\u00e4 pitkin ja erilaisissa muodoissa. Siksi sit\u00e4 on my\u00f6s haettava useista eri l\u00e4hteist\u00e4.Julkaisuista t\u00e4rkeimpi\u00e4 ovat artikkelit ja kirjat. N\u00e4it\u00e4kin on [&hellip;]\" \/>\n<meta property=\"og:url\" content=\"https:\/\/blogs.uef.fi\/tiedonhaku-yhteiskuntatiede\/tieteelliset-julkaisut\/\" \/>\n<meta property=\"og:site_name\" content=\"Yhteiskuntatieteen tiedonhaku \/ UEF kirjasto\" \/>\n<meta property=\"article:modified_time\" content=\"2023-08-17T12:05:54+00:00\" \/>\n<meta property=\"og:image\" content=\"https:\/\/blogs.uef.fi\/tiedonhaku-yhteiskuntatiede\/wp-content\/uploads\/sites\/57\/2015\/11\/aika.png?w=186\" \/>\n<meta name=\"twitter:card\" content=\"summary_large_image\" \/>\n<meta name=\"twitter:label1\" content=\"Arvioitu lukuaika\" \/>\n\t<meta name=\"twitter:data1\" content=\"2 minuuttia\" \/>\n<script type=\"application\/ld+json\" class=\"yoast-schema-graph\">{\"@context\":\"https:\/\/schema.org\",\"@graph\":[{\"@type\":\"WebPage\",\"@id\":\"https:\/\/blogs.uef.fi\/tiedonhaku-yhteiskuntatiede\/tieteelliset-julkaisut\/\",\"url\":\"https:\/\/blogs.uef.fi\/tiedonhaku-yhteiskuntatiede\/tieteelliset-julkaisut\/\",\"name\":\"Tieteellinen julkaiseminen - Yhteiskuntatieteen tiedonhaku \/ UEF kirjasto\",\"isPartOf\":{\"@id\":\"https:\/\/blogs.uef.fi\/tiedonhaku-yhteiskuntatiede\/#website\"},\"primaryImageOfPage\":{\"@id\":\"https:\/\/blogs.uef.fi\/tiedonhaku-yhteiskuntatiede\/tieteelliset-julkaisut\/#primaryimage\"},\"image\":{\"@id\":\"https:\/\/blogs.uef.fi\/tiedonhaku-yhteiskuntatiede\/tieteelliset-julkaisut\/#primaryimage\"},\"thumbnailUrl\":\"https:\/\/blogs.uef.fi\/tiedonhaku-yhteiskuntatiede\/wp-content\/uploads\/sites\/57\/2015\/11\/aika.png?w=186\",\"datePublished\":\"2015-11-19T10:00:47+00:00\",\"dateModified\":\"2023-08-17T12:05:54+00:00\",\"breadcrumb\":{\"@id\":\"https:\/\/blogs.uef.fi\/tiedonhaku-yhteiskuntatiede\/tieteelliset-julkaisut\/#breadcrumb\"},\"inLanguage\":\"fi\",\"potentialAction\":[{\"@type\":\"ReadAction\",\"target\":[\"https:\/\/blogs.uef.fi\/tiedonhaku-yhteiskuntatiede\/tieteelliset-julkaisut\/\"]}]},{\"@type\":\"ImageObject\",\"inLanguage\":\"fi\",\"@id\":\"https:\/\/blogs.uef.fi\/tiedonhaku-yhteiskuntatiede\/tieteelliset-julkaisut\/#primaryimage\",\"url\":\"https:\/\/blogs.uef.fi\/tiedonhaku-yhteiskuntatiede\/wp-content\/uploads\/sites\/57\/2015\/11\/aika.png\",\"contentUrl\":\"https:\/\/blogs.uef.fi\/tiedonhaku-yhteiskuntatiede\/wp-content\/uploads\/sites\/57\/2015\/11\/aika.png\",\"width\":385,\"height\":622},{\"@type\":\"BreadcrumbList\",\"@id\":\"https:\/\/blogs.uef.fi\/tiedonhaku-yhteiskuntatiede\/tieteelliset-julkaisut\/#breadcrumb\",\"itemListElement\":[{\"@type\":\"ListItem\",\"position\":1,\"name\":\"Home\",\"item\":\"https:\/\/blogs.uef.fi\/tiedonhaku-yhteiskuntatiede\/\"},{\"@type\":\"ListItem\",\"position\":2,\"name\":\"Tieteellinen julkaiseminen\"}]},{\"@type\":\"WebSite\",\"@id\":\"https:\/\/blogs.uef.fi\/tiedonhaku-yhteiskuntatiede\/#website\",\"url\":\"https:\/\/blogs.uef.fi\/tiedonhaku-yhteiskuntatiede\/\",\"name\":\"Yhteiskuntatieteen tiedonhaku \/ UEF kirjasto\",\"description\":\"\",\"potentialAction\":[{\"@type\":\"SearchAction\",\"target\":{\"@type\":\"EntryPoint\",\"urlTemplate\":\"https:\/\/blogs.uef.fi\/tiedonhaku-yhteiskuntatiede\/?s={search_term_string}\"},\"query-input\":{\"@type\":\"PropertyValueSpecification\",\"valueRequired\":true,\"valueName\":\"search_term_string\"}}],\"inLanguage\":\"fi\"}]}<\/script>\n<!-- \/ Yoast SEO plugin. -->","yoast_head_json":{"title":"Tieteellinen julkaiseminen - Yhteiskuntatieteen tiedonhaku \/ UEF kirjasto","robots":{"index":"index","follow":"follow","max-snippet":"max-snippet:-1","max-image-preview":"max-image-preview:large","max-video-preview":"max-video-preview:-1"},"canonical":"https:\/\/blogs.uef.fi\/tiedonhaku-yhteiskuntatiede\/tieteelliset-julkaisut\/","og_locale":"fi_FI","og_type":"article","og_title":"Tieteellinen julkaiseminen - Yhteiskuntatieteen tiedonhaku \/ UEF kirjasto","og_description":"Tieteellinen tutkimus ja asiantuntijaty\u00f6 tuottavat valtaisan m\u00e4\u00e4r\u00e4n perusteltua, luotettavaa tutkimustietoa. Erilaisin koej\u00e4rjestelyin, kuten mittaamalla tai haastattelemalla saadaan dataa. Data jalostuu tutkimustiedoksi, kun l\u00f6yd\u00f6ksi\u00e4 selitet\u00e4\u00e4n kattavasti, kriittisesti ja j\u00e4rjestelm\u00e4llisesti aikaisempiin tutkimuksiin peilaten. Tutkimustieto jaetaan julkisuuteen eri reittej\u00e4 pitkin ja erilaisissa muodoissa. Siksi sit\u00e4 on my\u00f6s haettava useista eri l\u00e4hteist\u00e4.Julkaisuista t\u00e4rkeimpi\u00e4 ovat artikkelit ja kirjat. N\u00e4it\u00e4kin on [&hellip;]","og_url":"https:\/\/blogs.uef.fi\/tiedonhaku-yhteiskuntatiede\/tieteelliset-julkaisut\/","og_site_name":"Yhteiskuntatieteen tiedonhaku \/ UEF kirjasto","article_modified_time":"2023-08-17T12:05:54+00:00","og_image":[{"url":"https:\/\/blogs.uef.fi\/tiedonhaku-yhteiskuntatiede\/wp-content\/uploads\/sites\/57\/2015\/11\/aika.png?w=186","type":"","width":"","height":""}],"twitter_card":"summary_large_image","twitter_misc":{"Arvioitu lukuaika":"2 minuuttia"},"schema":{"@context":"https:\/\/schema.org","@graph":[{"@type":"WebPage","@id":"https:\/\/blogs.uef.fi\/tiedonhaku-yhteiskuntatiede\/tieteelliset-julkaisut\/","url":"https:\/\/blogs.uef.fi\/tiedonhaku-yhteiskuntatiede\/tieteelliset-julkaisut\/","name":"Tieteellinen julkaiseminen - Yhteiskuntatieteen tiedonhaku \/ UEF kirjasto","isPartOf":{"@id":"https:\/\/blogs.uef.fi\/tiedonhaku-yhteiskuntatiede\/#website"},"primaryImageOfPage":{"@id":"https:\/\/blogs.uef.fi\/tiedonhaku-yhteiskuntatiede\/tieteelliset-julkaisut\/#primaryimage"},"image":{"@id":"https:\/\/blogs.uef.fi\/tiedonhaku-yhteiskuntatiede\/tieteelliset-julkaisut\/#primaryimage"},"thumbnailUrl":"https:\/\/blogs.uef.fi\/tiedonhaku-yhteiskuntatiede\/wp-content\/uploads\/sites\/57\/2015\/11\/aika.png?w=186","datePublished":"2015-11-19T10:00:47+00:00","dateModified":"2023-08-17T12:05:54+00:00","breadcrumb":{"@id":"https:\/\/blogs.uef.fi\/tiedonhaku-yhteiskuntatiede\/tieteelliset-julkaisut\/#breadcrumb"},"inLanguage":"fi","potentialAction":[{"@type":"ReadAction","target":["https:\/\/blogs.uef.fi\/tiedonhaku-yhteiskuntatiede\/tieteelliset-julkaisut\/"]}]},{"@type":"ImageObject","inLanguage":"fi","@id":"https:\/\/blogs.uef.fi\/tiedonhaku-yhteiskuntatiede\/tieteelliset-julkaisut\/#primaryimage","url":"https:\/\/blogs.uef.fi\/tiedonhaku-yhteiskuntatiede\/wp-content\/uploads\/sites\/57\/2015\/11\/aika.png","contentUrl":"https:\/\/blogs.uef.fi\/tiedonhaku-yhteiskuntatiede\/wp-content\/uploads\/sites\/57\/2015\/11\/aika.png","width":385,"height":622},{"@type":"BreadcrumbList","@id":"https:\/\/blogs.uef.fi\/tiedonhaku-yhteiskuntatiede\/tieteelliset-julkaisut\/#breadcrumb","itemListElement":[{"@type":"ListItem","position":1,"name":"Home","item":"https:\/\/blogs.uef.fi\/tiedonhaku-yhteiskuntatiede\/"},{"@type":"ListItem","position":2,"name":"Tieteellinen julkaiseminen"}]},{"@type":"WebSite","@id":"https:\/\/blogs.uef.fi\/tiedonhaku-yhteiskuntatiede\/#website","url":"https:\/\/blogs.uef.fi\/tiedonhaku-yhteiskuntatiede\/","name":"Yhteiskuntatieteen tiedonhaku \/ UEF kirjasto","description":"","potentialAction":[{"@type":"SearchAction","target":{"@type":"EntryPoint","urlTemplate":"https:\/\/blogs.uef.fi\/tiedonhaku-yhteiskuntatiede\/?s={search_term_string}"},"query-input":{"@type":"PropertyValueSpecification","valueRequired":true,"valueName":"search_term_string"}}],"inLanguage":"fi"}]}},"_links":{"self":[{"href":"https:\/\/blogs.uef.fi\/tiedonhaku-yhteiskuntatiede\/wp-json\/wp\/v2\/pages\/29","targetHints":{"allow":["GET"]}}],"collection":[{"href":"https:\/\/blogs.uef.fi\/tiedonhaku-yhteiskuntatiede\/wp-json\/wp\/v2\/pages"}],"about":[{"href":"https:\/\/blogs.uef.fi\/tiedonhaku-yhteiskuntatiede\/wp-json\/wp\/v2\/types\/page"}],"author":[{"embeddable":true,"href":"https:\/\/blogs.uef.fi\/tiedonhaku-yhteiskuntatiede\/wp-json\/wp\/v2\/users\/127"}],"replies":[{"embeddable":true,"href":"https:\/\/blogs.uef.fi\/tiedonhaku-yhteiskuntatiede\/wp-json\/wp\/v2\/comments?post=29"}],"version-history":[{"count":1,"href":"https:\/\/blogs.uef.fi\/tiedonhaku-yhteiskuntatiede\/wp-json\/wp\/v2\/pages\/29\/revisions"}],"predecessor-version":[{"id":1829,"href":"https:\/\/blogs.uef.fi\/tiedonhaku-yhteiskuntatiede\/wp-json\/wp\/v2\/pages\/29\/revisions\/1829"}],"wp:attachment":[{"href":"https:\/\/blogs.uef.fi\/tiedonhaku-yhteiskuntatiede\/wp-json\/wp\/v2\/media?parent=29"}],"curies":[{"name":"wp","href":"https:\/\/api.w.org\/{rel}","templated":true}]}}