{"id":286,"date":"2015-11-26T09:09:12","date_gmt":"2015-11-26T09:09:12","guid":{"rendered":"https:\/\/ueflibrarysoc.wordpress.com\/?page_id=286"},"modified":"2024-02-19T16:16:24","modified_gmt":"2024-02-19T14:16:24","slug":"lainsaadannon-ja-virallistiedon-hakeminen","status":"publish","type":"page","link":"https:\/\/blogs.uef.fi\/tiedonhaku-yhteiskuntatiede\/lainsaadannon-ja-virallistiedon-hakeminen\/","title":{"rendered":"Lains\u00e4\u00e4d\u00e4nn\u00f6n ja virallistiedon hakeminen"},"content":{"rendered":"\n<p>Eduskunnan ja valtioneuvoston s\u00e4\u00e4t\u00e4m\u00e4t ja tuottamat lait, asetukset, erilaiset mietinn\u00f6t, esitykset ja p\u00e4\u00e4t\u00f6kset ovat melko hyvin saatavilla verkosta.Kuitenkin vanhempaa aineistoa on usein vain painettuna.<\/p>\n\n\n\n<h2 class=\"wp-block-heading\">Tietokantoja:<\/h2>\n\n\n\n<p><a href=\"http:\/\/finlex.fi\" target=\"_blank\" rel=\"noopener noreferrer\">FINLEX<\/a><br>Suomen s\u00e4\u00e4d\u00f6skokoelma (lait, asetukset), hallituksen esitykset, ylempien oikeusasteiden ennakkop\u00e4\u00e4t\u00f6kset ja ratkaisuja, valtiosopimukset, ty\u00f6ehtosopimukset sek\u00e4 viranomaisp\u00e4\u00e4t\u00f6ksi\u00e4. FINLEX on julkinen ja kaikille avoin.<\/p>\n\n\n\n<p><a href=\"https:\/\/primo.uef.fi\/permalink\/358FIN_UOEF\/1jnohnf\/alma9911698823705966\" target=\"_blank\" rel=\"noopener\">EDILEX<\/a><br>Lains\u00e4\u00e4d\u00e4nn\u00f6n tietopalvelu, joka kokoaa kaiken Suomessa julkaistun lakitiedon yhteen osoitteeseen. P\u00e4\u00e4llekk\u00e4ist\u00e4 aineistoa Finlexin kanssa, mutta sis\u00e4lt\u00e4\u00e4 lis\u00e4ksi valiokuntamietint\u00f6j\u00e4, Valtioneuvoston vikko -julkaisun sek\u00e4 asiantuntijoiden artikkeleita ja oikeudellisia lehti\u00e4 (Lakimies, Defensor Legis) sek\u00e4 Lakikielen sanakirjan.<\/p>\n\n\n\n<p><a href=\"http:\/\/eur-lex.europa.eu\/homepage.html\" target=\"_blank\" rel=\"noopener noreferrer\">EUR-Lex<\/a><br>Tietoa Euroopan unionin lains\u00e4\u00e4d\u00e4nn\u00f6st\u00e4, sen k\u00e4sittelyvaiheista sek\u00e4 kansallisesta t\u00e4yt\u00e4nt\u00f6\u00f6npanosta. My\u00f6s muita julkisia asiakirjojaa, mm. Euroopan unionin virallisen lehden L- ja C-sarjat. EUR-Lex on julkinen ja kaikille avoin.<\/p>\n\n\n\n<h3 class=\"wp-block-heading\">Valtiop\u00e4iv\u00e4asiakirjat<\/h3>\n\n\n\n<p>Valtiop\u00e4iv\u00e4asiakirjoihin sis\u00e4ltyy mm.<br>&#8211; hallituksen esitykset, valmisteilla olevat lait<br>&#8211; valiokuntien mietinn\u00f6t ja lausunnot<br>Valtiop\u00e4iv\u00e4asiakirjat sijaitsevat Joensuun kampuskirjaston 1. kerroksen Avola-varastossa. Ne on julkaistu my\u00f6s <a href=\"https:\/\/www.eduskunta.fi\/FI\/search\/Sivut\/vaskiresults.aspx\" target=\"_blank\" rel=\"noopener noreferrer\">s\u00e4hk\u00f6isen\u00e4<\/a> vuodesta 1980 alkaen.<\/p>\n\n\n\n<h3 class=\"wp-block-heading\">Lains\u00e4\u00e4d\u00e4nt\u00f6<\/h3>\n\n\n\n<p><strong>Asetukset ja lait<\/strong> sek\u00e4 ne valtioneuvoston p\u00e4\u00e4t\u00f6kset, jotka koskevat lakien ja asetusten toimeenpanoa tai joilla muuten on \u201dyleinen kuulutuksen tai tiedonannon luonne\u201d (m\u00e4\u00e4ritell\u00e4\u00e4n tapauskohtaisesti), julkaistaan<br><a href=\"https:\/\/primo.uef.fi\/permalink\/358FIN_UOEF\/sp0qa1\/alma9914522793705966\" target=\"_blank\" rel=\"noopener\"><strong>Suomen s\u00e4\u00e4d\u00f6skokoelmassa<\/strong><\/a> (aik. <a href=\"https:\/\/primo.uef.fi\/permalink\/358FIN_UOEF\/sp0qa1\/alma992164773705966\" target=\"_blank\" rel=\"noopener\"><strong>Suomen asetuskokoelma<\/strong><\/a>)<br>\u2022 painettuna kirjastossa v. 1860 l\u00e4htien, vanhemmat 1538-1859 ep\u00e4t\u00e4ydellisin\u00e4, sijainti P L 34.0<br>\u2022 elektronisena Finlex- ja Edilex-palveluista (kattavimmin 1990-luvulta l\u00e4htien)<\/p>\n\n\n\n<p><strong>Voimassa oleva lains\u00e4\u00e4d\u00e4nt\u00f6<\/strong> on koottu <strong><a href=\"https:\/\/primo.uef.fi\/permalink\/358FIN_UOEF\/sp0qa1\/alma9911700823705966\" target=\"_blank\" rel=\"noopener\">Suomen Laki<\/a> -verkkopalveluun<\/strong>.<\/p>\n\n\n\n<h3 class=\"wp-block-heading\">Komiteanmietinn\u00f6t<\/h3>\n\n\n\n<p>Komiteanmietint\u00f6j\u00e4 voi hakea UEF-Primosta mietinn\u00f6n nimell\u00e4, ts. ei ole v\u00e4ltt\u00e4m\u00e4t\u00f6nt\u00e4 tiet\u00e4\u00e4 mietinn\u00f6n numeroa. Toisinp\u00e4inkin voi hakea, sill\u00e4 hakuun k\u00e4yv\u00e4t hakusanoiksi my\u00f6s numerot, eli:<\/p>\n\n\n\n<figure class=\"wp-block-image aligncenter\"><img loading=\"lazy\" decoding=\"async\" width=\"791\" height=\"401\" src=\"https:\/\/blogs.uef.fi\/tiedonhaku-yhteiskuntatiede\/wp-content\/uploads\/sites\/57\/2020\/01\/upkomiteanmiet.png\" alt=\"\" class=\"wp-image-1143\" srcset=\"https:\/\/blogs.uef.fi\/tiedonhaku-yhteiskuntatiede\/wp-content\/uploads\/sites\/57\/2020\/01\/upkomiteanmiet.png 791w, https:\/\/blogs.uef.fi\/tiedonhaku-yhteiskuntatiede\/wp-content\/uploads\/sites\/57\/2020\/01\/upkomiteanmiet-300x152.png 300w, https:\/\/blogs.uef.fi\/tiedonhaku-yhteiskuntatiede\/wp-content\/uploads\/sites\/57\/2020\/01\/upkomiteanmiet-768x389.png 768w, https:\/\/blogs.uef.fi\/tiedonhaku-yhteiskuntatiede\/wp-content\/uploads\/sites\/57\/2020\/01\/upkomiteanmiet-750x380.png 750w\" sizes=\"auto, (max-width: 791px) 100vw, 791px\" \/><\/figure>\n\n\n\n<p>Sijainti kirjastossa on P 08s, 1. kerroksen Avola-varasto.<\/p>\n","protected":false},"excerpt":{"rendered":"<p>Eduskunnan ja valtioneuvoston s\u00e4\u00e4t\u00e4m\u00e4t ja tuottamat lait, asetukset, erilaiset mietinn\u00f6t, esitykset ja p\u00e4\u00e4t\u00f6kset ovat melko hyvin saatavilla verkosta.Kuitenkin vanhempaa aineistoa on usein vain painettuna. Tietokantoja: FINLEXSuomen s\u00e4\u00e4d\u00f6skokoelma (lait, asetukset), hallituksen esitykset, ylempien oikeusasteiden ennakkop\u00e4\u00e4t\u00f6kset ja ratkaisuja, valtiosopimukset, ty\u00f6ehtosopimukset sek\u00e4 viranomaisp\u00e4\u00e4t\u00f6ksi\u00e4. FINLEX on julkinen ja kaikille avoin. EDILEXLains\u00e4\u00e4d\u00e4nn\u00f6n tietopalvelu, joka kokoaa kaiken Suomessa julkaistun lakitiedon yhteen [&hellip;]<\/p>\n","protected":false},"author":127,"featured_media":0,"parent":0,"menu_order":0,"comment_status":"closed","ping_status":"closed","template":"","meta":{"_acf_changed":false,"footnotes":""},"class_list":["post-286","page","type-page","status-publish","hentry"],"acf":[],"yoast_head":"<!-- This site is optimized with the Yoast SEO plugin v27.1.1 - https:\/\/yoast.com\/product\/yoast-seo-wordpress\/ -->\n<title>Lains\u00e4\u00e4d\u00e4nn\u00f6n ja virallistiedon hakeminen - Yhteiskuntatieteen tiedonhaku \/ UEF kirjasto<\/title>\n<meta name=\"robots\" content=\"index, follow, max-snippet:-1, max-image-preview:large, max-video-preview:-1\" \/>\n<link rel=\"canonical\" href=\"https:\/\/blogs.uef.fi\/tiedonhaku-yhteiskuntatiede\/lainsaadannon-ja-virallistiedon-hakeminen\/\" \/>\n<meta property=\"og:locale\" content=\"fi_FI\" \/>\n<meta property=\"og:type\" content=\"article\" \/>\n<meta property=\"og:title\" content=\"Lains\u00e4\u00e4d\u00e4nn\u00f6n ja virallistiedon hakeminen - Yhteiskuntatieteen tiedonhaku \/ UEF kirjasto\" \/>\n<meta property=\"og:description\" content=\"Eduskunnan ja valtioneuvoston s\u00e4\u00e4t\u00e4m\u00e4t ja tuottamat lait, asetukset, erilaiset mietinn\u00f6t, esitykset ja p\u00e4\u00e4t\u00f6kset ovat melko hyvin saatavilla verkosta.Kuitenkin vanhempaa aineistoa on usein vain painettuna. Tietokantoja: FINLEXSuomen s\u00e4\u00e4d\u00f6skokoelma (lait, asetukset), hallituksen esitykset, ylempien oikeusasteiden ennakkop\u00e4\u00e4t\u00f6kset ja ratkaisuja, valtiosopimukset, ty\u00f6ehtosopimukset sek\u00e4 viranomaisp\u00e4\u00e4t\u00f6ksi\u00e4. FINLEX on julkinen ja kaikille avoin. EDILEXLains\u00e4\u00e4d\u00e4nn\u00f6n tietopalvelu, joka kokoaa kaiken Suomessa julkaistun lakitiedon yhteen [&hellip;]\" \/>\n<meta property=\"og:url\" content=\"https:\/\/blogs.uef.fi\/tiedonhaku-yhteiskuntatiede\/lainsaadannon-ja-virallistiedon-hakeminen\/\" \/>\n<meta property=\"og:site_name\" content=\"Yhteiskuntatieteen tiedonhaku \/ UEF kirjasto\" \/>\n<meta property=\"article:modified_time\" content=\"2024-02-19T14:16:24+00:00\" \/>\n<meta property=\"og:image\" content=\"https:\/\/blogs.uef.fi\/tiedonhaku-yhteiskuntatiede\/wp-content\/uploads\/sites\/57\/2020\/01\/upkomiteanmiet.png\" \/>\n<meta name=\"twitter:card\" content=\"summary_large_image\" \/>\n<meta name=\"twitter:label1\" content=\"Arvioitu lukuaika\" \/>\n\t<meta name=\"twitter:data1\" content=\"2 minuuttia\" \/>\n<script type=\"application\/ld+json\" class=\"yoast-schema-graph\">{\"@context\":\"https:\/\/schema.org\",\"@graph\":[{\"@type\":\"WebPage\",\"@id\":\"https:\/\/blogs.uef.fi\/tiedonhaku-yhteiskuntatiede\/lainsaadannon-ja-virallistiedon-hakeminen\/\",\"url\":\"https:\/\/blogs.uef.fi\/tiedonhaku-yhteiskuntatiede\/lainsaadannon-ja-virallistiedon-hakeminen\/\",\"name\":\"Lains\u00e4\u00e4d\u00e4nn\u00f6n ja virallistiedon hakeminen - Yhteiskuntatieteen tiedonhaku \/ UEF kirjasto\",\"isPartOf\":{\"@id\":\"https:\/\/blogs.uef.fi\/tiedonhaku-yhteiskuntatiede\/#website\"},\"primaryImageOfPage\":{\"@id\":\"https:\/\/blogs.uef.fi\/tiedonhaku-yhteiskuntatiede\/lainsaadannon-ja-virallistiedon-hakeminen\/#primaryimage\"},\"image\":{\"@id\":\"https:\/\/blogs.uef.fi\/tiedonhaku-yhteiskuntatiede\/lainsaadannon-ja-virallistiedon-hakeminen\/#primaryimage\"},\"thumbnailUrl\":\"https:\/\/blogs.uef.fi\/tiedonhaku-yhteiskuntatiede\/wp-content\/uploads\/sites\/57\/2020\/01\/upkomiteanmiet.png\",\"datePublished\":\"2015-11-26T09:09:12+00:00\",\"dateModified\":\"2024-02-19T14:16:24+00:00\",\"breadcrumb\":{\"@id\":\"https:\/\/blogs.uef.fi\/tiedonhaku-yhteiskuntatiede\/lainsaadannon-ja-virallistiedon-hakeminen\/#breadcrumb\"},\"inLanguage\":\"fi\",\"potentialAction\":[{\"@type\":\"ReadAction\",\"target\":[\"https:\/\/blogs.uef.fi\/tiedonhaku-yhteiskuntatiede\/lainsaadannon-ja-virallistiedon-hakeminen\/\"]}]},{\"@type\":\"ImageObject\",\"inLanguage\":\"fi\",\"@id\":\"https:\/\/blogs.uef.fi\/tiedonhaku-yhteiskuntatiede\/lainsaadannon-ja-virallistiedon-hakeminen\/#primaryimage\",\"url\":\"https:\/\/blogs.uef.fi\/tiedonhaku-yhteiskuntatiede\/wp-content\/uploads\/sites\/57\/2020\/01\/upkomiteanmiet.png\",\"contentUrl\":\"https:\/\/blogs.uef.fi\/tiedonhaku-yhteiskuntatiede\/wp-content\/uploads\/sites\/57\/2020\/01\/upkomiteanmiet.png\",\"width\":791,\"height\":401},{\"@type\":\"BreadcrumbList\",\"@id\":\"https:\/\/blogs.uef.fi\/tiedonhaku-yhteiskuntatiede\/lainsaadannon-ja-virallistiedon-hakeminen\/#breadcrumb\",\"itemListElement\":[{\"@type\":\"ListItem\",\"position\":1,\"name\":\"Home\",\"item\":\"https:\/\/blogs.uef.fi\/tiedonhaku-yhteiskuntatiede\/\"},{\"@type\":\"ListItem\",\"position\":2,\"name\":\"Lains\u00e4\u00e4d\u00e4nn\u00f6n ja virallistiedon hakeminen\"}]},{\"@type\":\"WebSite\",\"@id\":\"https:\/\/blogs.uef.fi\/tiedonhaku-yhteiskuntatiede\/#website\",\"url\":\"https:\/\/blogs.uef.fi\/tiedonhaku-yhteiskuntatiede\/\",\"name\":\"Yhteiskuntatieteen tiedonhaku \/ UEF kirjasto\",\"description\":\"\",\"potentialAction\":[{\"@type\":\"SearchAction\",\"target\":{\"@type\":\"EntryPoint\",\"urlTemplate\":\"https:\/\/blogs.uef.fi\/tiedonhaku-yhteiskuntatiede\/?s={search_term_string}\"},\"query-input\":{\"@type\":\"PropertyValueSpecification\",\"valueRequired\":true,\"valueName\":\"search_term_string\"}}],\"inLanguage\":\"fi\"}]}<\/script>\n<!-- \/ Yoast SEO plugin. -->","yoast_head_json":{"title":"Lains\u00e4\u00e4d\u00e4nn\u00f6n ja virallistiedon hakeminen - Yhteiskuntatieteen tiedonhaku \/ UEF kirjasto","robots":{"index":"index","follow":"follow","max-snippet":"max-snippet:-1","max-image-preview":"max-image-preview:large","max-video-preview":"max-video-preview:-1"},"canonical":"https:\/\/blogs.uef.fi\/tiedonhaku-yhteiskuntatiede\/lainsaadannon-ja-virallistiedon-hakeminen\/","og_locale":"fi_FI","og_type":"article","og_title":"Lains\u00e4\u00e4d\u00e4nn\u00f6n ja virallistiedon hakeminen - Yhteiskuntatieteen tiedonhaku \/ UEF kirjasto","og_description":"Eduskunnan ja valtioneuvoston s\u00e4\u00e4t\u00e4m\u00e4t ja tuottamat lait, asetukset, erilaiset mietinn\u00f6t, esitykset ja p\u00e4\u00e4t\u00f6kset ovat melko hyvin saatavilla verkosta.Kuitenkin vanhempaa aineistoa on usein vain painettuna. Tietokantoja: FINLEXSuomen s\u00e4\u00e4d\u00f6skokoelma (lait, asetukset), hallituksen esitykset, ylempien oikeusasteiden ennakkop\u00e4\u00e4t\u00f6kset ja ratkaisuja, valtiosopimukset, ty\u00f6ehtosopimukset sek\u00e4 viranomaisp\u00e4\u00e4t\u00f6ksi\u00e4. FINLEX on julkinen ja kaikille avoin. EDILEXLains\u00e4\u00e4d\u00e4nn\u00f6n tietopalvelu, joka kokoaa kaiken Suomessa julkaistun lakitiedon yhteen [&hellip;]","og_url":"https:\/\/blogs.uef.fi\/tiedonhaku-yhteiskuntatiede\/lainsaadannon-ja-virallistiedon-hakeminen\/","og_site_name":"Yhteiskuntatieteen tiedonhaku \/ UEF kirjasto","article_modified_time":"2024-02-19T14:16:24+00:00","og_image":[{"url":"https:\/\/blogs.uef.fi\/tiedonhaku-yhteiskuntatiede\/wp-content\/uploads\/sites\/57\/2020\/01\/upkomiteanmiet.png","type":"","width":"","height":""}],"twitter_card":"summary_large_image","twitter_misc":{"Arvioitu lukuaika":"2 minuuttia"},"schema":{"@context":"https:\/\/schema.org","@graph":[{"@type":"WebPage","@id":"https:\/\/blogs.uef.fi\/tiedonhaku-yhteiskuntatiede\/lainsaadannon-ja-virallistiedon-hakeminen\/","url":"https:\/\/blogs.uef.fi\/tiedonhaku-yhteiskuntatiede\/lainsaadannon-ja-virallistiedon-hakeminen\/","name":"Lains\u00e4\u00e4d\u00e4nn\u00f6n ja virallistiedon hakeminen - Yhteiskuntatieteen tiedonhaku \/ UEF kirjasto","isPartOf":{"@id":"https:\/\/blogs.uef.fi\/tiedonhaku-yhteiskuntatiede\/#website"},"primaryImageOfPage":{"@id":"https:\/\/blogs.uef.fi\/tiedonhaku-yhteiskuntatiede\/lainsaadannon-ja-virallistiedon-hakeminen\/#primaryimage"},"image":{"@id":"https:\/\/blogs.uef.fi\/tiedonhaku-yhteiskuntatiede\/lainsaadannon-ja-virallistiedon-hakeminen\/#primaryimage"},"thumbnailUrl":"https:\/\/blogs.uef.fi\/tiedonhaku-yhteiskuntatiede\/wp-content\/uploads\/sites\/57\/2020\/01\/upkomiteanmiet.png","datePublished":"2015-11-26T09:09:12+00:00","dateModified":"2024-02-19T14:16:24+00:00","breadcrumb":{"@id":"https:\/\/blogs.uef.fi\/tiedonhaku-yhteiskuntatiede\/lainsaadannon-ja-virallistiedon-hakeminen\/#breadcrumb"},"inLanguage":"fi","potentialAction":[{"@type":"ReadAction","target":["https:\/\/blogs.uef.fi\/tiedonhaku-yhteiskuntatiede\/lainsaadannon-ja-virallistiedon-hakeminen\/"]}]},{"@type":"ImageObject","inLanguage":"fi","@id":"https:\/\/blogs.uef.fi\/tiedonhaku-yhteiskuntatiede\/lainsaadannon-ja-virallistiedon-hakeminen\/#primaryimage","url":"https:\/\/blogs.uef.fi\/tiedonhaku-yhteiskuntatiede\/wp-content\/uploads\/sites\/57\/2020\/01\/upkomiteanmiet.png","contentUrl":"https:\/\/blogs.uef.fi\/tiedonhaku-yhteiskuntatiede\/wp-content\/uploads\/sites\/57\/2020\/01\/upkomiteanmiet.png","width":791,"height":401},{"@type":"BreadcrumbList","@id":"https:\/\/blogs.uef.fi\/tiedonhaku-yhteiskuntatiede\/lainsaadannon-ja-virallistiedon-hakeminen\/#breadcrumb","itemListElement":[{"@type":"ListItem","position":1,"name":"Home","item":"https:\/\/blogs.uef.fi\/tiedonhaku-yhteiskuntatiede\/"},{"@type":"ListItem","position":2,"name":"Lains\u00e4\u00e4d\u00e4nn\u00f6n ja virallistiedon hakeminen"}]},{"@type":"WebSite","@id":"https:\/\/blogs.uef.fi\/tiedonhaku-yhteiskuntatiede\/#website","url":"https:\/\/blogs.uef.fi\/tiedonhaku-yhteiskuntatiede\/","name":"Yhteiskuntatieteen tiedonhaku \/ UEF kirjasto","description":"","potentialAction":[{"@type":"SearchAction","target":{"@type":"EntryPoint","urlTemplate":"https:\/\/blogs.uef.fi\/tiedonhaku-yhteiskuntatiede\/?s={search_term_string}"},"query-input":{"@type":"PropertyValueSpecification","valueRequired":true,"valueName":"search_term_string"}}],"inLanguage":"fi"}]}},"_links":{"self":[{"href":"https:\/\/blogs.uef.fi\/tiedonhaku-yhteiskuntatiede\/wp-json\/wp\/v2\/pages\/286","targetHints":{"allow":["GET"]}}],"collection":[{"href":"https:\/\/blogs.uef.fi\/tiedonhaku-yhteiskuntatiede\/wp-json\/wp\/v2\/pages"}],"about":[{"href":"https:\/\/blogs.uef.fi\/tiedonhaku-yhteiskuntatiede\/wp-json\/wp\/v2\/types\/page"}],"author":[{"embeddable":true,"href":"https:\/\/blogs.uef.fi\/tiedonhaku-yhteiskuntatiede\/wp-json\/wp\/v2\/users\/127"}],"replies":[{"embeddable":true,"href":"https:\/\/blogs.uef.fi\/tiedonhaku-yhteiskuntatiede\/wp-json\/wp\/v2\/comments?post=286"}],"version-history":[{"count":2,"href":"https:\/\/blogs.uef.fi\/tiedonhaku-yhteiskuntatiede\/wp-json\/wp\/v2\/pages\/286\/revisions"}],"predecessor-version":[{"id":2098,"href":"https:\/\/blogs.uef.fi\/tiedonhaku-yhteiskuntatiede\/wp-json\/wp\/v2\/pages\/286\/revisions\/2098"}],"wp:attachment":[{"href":"https:\/\/blogs.uef.fi\/tiedonhaku-yhteiskuntatiede\/wp-json\/wp\/v2\/media?parent=286"}],"curies":[{"name":"wp","href":"https:\/\/api.w.org\/{rel}","templated":true}]}}