{"id":282,"date":"2015-11-26T09:02:02","date_gmt":"2015-11-26T09:02:02","guid":{"rendered":"https:\/\/ueflibrarysoc.wordpress.com\/?page_id=282"},"modified":"2024-02-19T16:15:49","modified_gmt":"2024-02-19T14:15:49","slug":"tilastotietojen-hakeminen","status":"publish","type":"page","link":"https:\/\/blogs.uef.fi\/tiedonhaku-yhteiskuntatiede\/tilastotietojen-hakeminen\/","title":{"rendered":"Tilastotietojen hakeminen"},"content":{"rendered":"\n<h2 class=\"wp-block-heading\">TILASTOTIETOKANTOJA<\/h2>\n\n\n\n<p>Tilastotietokannoissa ei ole valmiita tilastotaulukoita, vaan tilasto kootaan istunnon aikana itse valitsemalla halutut muuttujat.Tilastokeskuksen kokoama ja yll\u00e4pit\u00e4m\u00e4 <strong><a href=\"https:\/\/www.stat.fi\/tup\/statfin\/index.html\" target=\"_blank\" rel=\"noreferrer noopener\">StatFin<\/a>\u2013<\/strong> on maksuton Suomea koskevien tilastotietojen tietokanta, josta saa tilastotietoja taulukkomuodossa.<\/p>\n\n\n\n<p>Tilastokeskuksesta voi my\u00f6s tilata mit\u00e4 moninaisempia aiheenmukaisia tilastoja.Monilla julkisorganisaatiolla\/virastoilla on omia, vapaasti k\u00e4ytett\u00e4vi\u00e4 verkkotilastotietokantoja. T\u00e4llainen on mm. THL:n <strong><a href=\"https:\/\/www.sotkanet.fi\/sotkanet\/fi\/index\" target=\"_blank\" rel=\"noreferrer noopener\">Sotkanet<\/a>.<\/strong><\/p>\n\n\n\n<h2 class=\"wp-block-heading\">PAINETUT TILASTOT<\/h2>\n\n\n\n<p>Kattavin tilastollinen sarja on nimelt\u00e4\u00e4n <strong>Suomen virallinen tilasto (SVT).<\/strong><\/p>\n\n\n\n<p>SVT l\u00f6ytyy painettuna Joensuun kampuskirjaston 1. kerroksesta Avola-varastosta, p\u00e4\u00e4osin paikkamerkist\u00e4 P L 31s, eli se on lukusaliaineistoa. SVT on jaoteltu pienempiin osiin aiheittain. Vuoteen 1987 saakka jaottelu oli melko selke\u00e4 ja aihealueilla oli oma numeronsa. Tilastot ovat kirjaston <strong>hyllyss\u00e4 numeroj\u00e4rjestyksess\u00e4<\/strong>, esimerkiksi numero 2 on Varallisuustilastoa, nro 3 Maatalous, nro 6 V\u00e4est\u00f6 ja nro 18 Teollisuus, rakentaminen ja asuntotuotanto.<\/p>\n\n\n\n<p>Vuodesta <strong>1988<\/strong> aihealueita on tullut lis\u00e4\u00e4 ja entisi\u00e4kin on nimetty uusiksi. Hyllyyn P L 31s tilastot on sijoitettu <strong>aakkosj\u00e4rjestyksess\u00e4<\/strong>. Aakkostussana hyvin monien kohdalla on Tilastokeskus, ja vasta toissijaisena aakkostussana tulee itse tilaston aihe, esim. Asuminen, Tulot ja kulutus, V\u00e4est\u00f6 jne.<\/p>\n\n\n\n<p>Tilastoja on toki muitakin kuin SVT:oon kuuluvat julkaisut. Niit\u00e4 on paitsi em. hyllyiss\u00e4 my\u00f6s muualla kirjastossa aihealueiden mukaan. Esimerkiksi eri organisaatioiden ja laitosten vuosikertomuksista ja vuosikirjoista l\u00f6ytyy ko. laitosta ja toimialaa koskevia tilastoja.<\/p>\n\n\n\n<p>Suomen virallista tilastoa ei pid\u00e4 sotkea julkaisuun, jonka nimi on <strong>Suomen tilastollinen vuosikirja.<\/strong> T\u00e4h\u00e4n kirjaan on yksiin kansiin koottu keskeisi\u00e4 Suomea koskevia tunnuslukuja.<\/p>\n\n\n\n<p><a href=\"https:\/\/www.doria.fi\/handle\/10024\/67152\" target=\"_blank\" rel=\"noreferrer noopener\">Tilastollisesta vuosikirjasta<\/a> on k\u00e4yt\u00f6ss\u00e4 my\u00f6s verkkoversio.<\/p>\n\n\n\n<h2 class=\"wp-block-heading\">TILASTOJA VERKOSSA<\/h2>\n\n\n\n<p>Internetist\u00e4 l\u00f6ytyy tilastotietoa runsaasti.<br>Kannattaa kuitenkin olla tarkkana tilastotietojen tuoreuden suhteen: ovatko ne uusinta tietoa?<br>Verkkotilastoista on my\u00f6s selvitett\u00e4v\u00e4 tiedon tuottaja: onko sivuston yll\u00e4pit\u00e4j\u00e4 itse tuottanut tilastot, vai onko se lainattu muualta?<br>Kenell\u00e4 on tekij\u00e4noikeus tilastoon?<\/p>\n\n\n\n<h2 class=\"wp-block-heading\">KANSAINV\u00c4LISET TILASTOT<\/h2>\n\n\n\n<p><a href=\"http:\/\/www.stat.fi\/tup\/kvportaali\/index.html\" target=\"_blank\" rel=\"noreferrer noopener\">Tietoja kansainv\u00e4lisist\u00e4 tilastoista (Tilastokeskus)<\/a><\/p>\n\n\n\n<p><\/p>\n","protected":false},"excerpt":{"rendered":"<p>TILASTOTIETOKANTOJA Tilastotietokannoissa ei ole valmiita tilastotaulukoita, vaan tilasto kootaan istunnon aikana itse valitsemalla halutut muuttujat.Tilastokeskuksen kokoama ja yll\u00e4pit\u00e4m\u00e4 StatFin\u2013 on maksuton Suomea koskevien tilastotietojen tietokanta, josta saa tilastotietoja taulukkomuodossa. Tilastokeskuksesta voi my\u00f6s tilata mit\u00e4 moninaisempia aiheenmukaisia tilastoja.Monilla julkisorganisaatiolla\/virastoilla on omia, vapaasti k\u00e4ytett\u00e4vi\u00e4 verkkotilastotietokantoja. T\u00e4llainen on mm. THL:n Sotkanet. PAINETUT TILASTOT Kattavin tilastollinen sarja on nimelt\u00e4\u00e4n [&hellip;]<\/p>\n","protected":false},"author":127,"featured_media":0,"parent":0,"menu_order":0,"comment_status":"closed","ping_status":"closed","template":"","meta":{"_acf_changed":false,"footnotes":""},"class_list":["post-282","page","type-page","status-publish","hentry"],"acf":[],"yoast_head":"<!-- This site is optimized with the Yoast SEO plugin v27.1.1 - https:\/\/yoast.com\/product\/yoast-seo-wordpress\/ -->\n<title>Tilastotietojen hakeminen - Yhteiskuntatieteen tiedonhaku \/ UEF kirjasto<\/title>\n<meta name=\"robots\" content=\"index, follow, max-snippet:-1, max-image-preview:large, max-video-preview:-1\" \/>\n<link rel=\"canonical\" href=\"https:\/\/blogs.uef.fi\/tiedonhaku-yhteiskuntatiede\/tilastotietojen-hakeminen\/\" \/>\n<meta property=\"og:locale\" content=\"fi_FI\" \/>\n<meta property=\"og:type\" content=\"article\" \/>\n<meta property=\"og:title\" content=\"Tilastotietojen hakeminen - Yhteiskuntatieteen tiedonhaku \/ UEF kirjasto\" \/>\n<meta property=\"og:description\" content=\"TILASTOTIETOKANTOJA Tilastotietokannoissa ei ole valmiita tilastotaulukoita, vaan tilasto kootaan istunnon aikana itse valitsemalla halutut muuttujat.Tilastokeskuksen kokoama ja yll\u00e4pit\u00e4m\u00e4 StatFin\u2013 on maksuton Suomea koskevien tilastotietojen tietokanta, josta saa tilastotietoja taulukkomuodossa. Tilastokeskuksesta voi my\u00f6s tilata mit\u00e4 moninaisempia aiheenmukaisia tilastoja.Monilla julkisorganisaatiolla\/virastoilla on omia, vapaasti k\u00e4ytett\u00e4vi\u00e4 verkkotilastotietokantoja. T\u00e4llainen on mm. THL:n Sotkanet. PAINETUT TILASTOT Kattavin tilastollinen sarja on nimelt\u00e4\u00e4n [&hellip;]\" \/>\n<meta property=\"og:url\" content=\"https:\/\/blogs.uef.fi\/tiedonhaku-yhteiskuntatiede\/tilastotietojen-hakeminen\/\" \/>\n<meta property=\"og:site_name\" content=\"Yhteiskuntatieteen tiedonhaku \/ UEF kirjasto\" \/>\n<meta property=\"article:modified_time\" content=\"2024-02-19T14:15:49+00:00\" \/>\n<meta name=\"twitter:card\" content=\"summary_large_image\" \/>\n<meta name=\"twitter:label1\" content=\"Arvioitu lukuaika\" \/>\n\t<meta name=\"twitter:data1\" content=\"2 minuuttia\" \/>\n<script type=\"application\/ld+json\" class=\"yoast-schema-graph\">{\"@context\":\"https:\/\/schema.org\",\"@graph\":[{\"@type\":\"WebPage\",\"@id\":\"https:\/\/blogs.uef.fi\/tiedonhaku-yhteiskuntatiede\/tilastotietojen-hakeminen\/\",\"url\":\"https:\/\/blogs.uef.fi\/tiedonhaku-yhteiskuntatiede\/tilastotietojen-hakeminen\/\",\"name\":\"Tilastotietojen hakeminen - Yhteiskuntatieteen tiedonhaku \/ UEF kirjasto\",\"isPartOf\":{\"@id\":\"https:\/\/blogs.uef.fi\/tiedonhaku-yhteiskuntatiede\/#website\"},\"datePublished\":\"2015-11-26T09:02:02+00:00\",\"dateModified\":\"2024-02-19T14:15:49+00:00\",\"breadcrumb\":{\"@id\":\"https:\/\/blogs.uef.fi\/tiedonhaku-yhteiskuntatiede\/tilastotietojen-hakeminen\/#breadcrumb\"},\"inLanguage\":\"fi\",\"potentialAction\":[{\"@type\":\"ReadAction\",\"target\":[\"https:\/\/blogs.uef.fi\/tiedonhaku-yhteiskuntatiede\/tilastotietojen-hakeminen\/\"]}]},{\"@type\":\"BreadcrumbList\",\"@id\":\"https:\/\/blogs.uef.fi\/tiedonhaku-yhteiskuntatiede\/tilastotietojen-hakeminen\/#breadcrumb\",\"itemListElement\":[{\"@type\":\"ListItem\",\"position\":1,\"name\":\"Home\",\"item\":\"https:\/\/blogs.uef.fi\/tiedonhaku-yhteiskuntatiede\/\"},{\"@type\":\"ListItem\",\"position\":2,\"name\":\"Tilastotietojen hakeminen\"}]},{\"@type\":\"WebSite\",\"@id\":\"https:\/\/blogs.uef.fi\/tiedonhaku-yhteiskuntatiede\/#website\",\"url\":\"https:\/\/blogs.uef.fi\/tiedonhaku-yhteiskuntatiede\/\",\"name\":\"Yhteiskuntatieteen tiedonhaku \/ UEF kirjasto\",\"description\":\"\",\"potentialAction\":[{\"@type\":\"SearchAction\",\"target\":{\"@type\":\"EntryPoint\",\"urlTemplate\":\"https:\/\/blogs.uef.fi\/tiedonhaku-yhteiskuntatiede\/?s={search_term_string}\"},\"query-input\":{\"@type\":\"PropertyValueSpecification\",\"valueRequired\":true,\"valueName\":\"search_term_string\"}}],\"inLanguage\":\"fi\"}]}<\/script>\n<!-- \/ Yoast SEO plugin. -->","yoast_head_json":{"title":"Tilastotietojen hakeminen - Yhteiskuntatieteen tiedonhaku \/ UEF kirjasto","robots":{"index":"index","follow":"follow","max-snippet":"max-snippet:-1","max-image-preview":"max-image-preview:large","max-video-preview":"max-video-preview:-1"},"canonical":"https:\/\/blogs.uef.fi\/tiedonhaku-yhteiskuntatiede\/tilastotietojen-hakeminen\/","og_locale":"fi_FI","og_type":"article","og_title":"Tilastotietojen hakeminen - Yhteiskuntatieteen tiedonhaku \/ UEF kirjasto","og_description":"TILASTOTIETOKANTOJA Tilastotietokannoissa ei ole valmiita tilastotaulukoita, vaan tilasto kootaan istunnon aikana itse valitsemalla halutut muuttujat.Tilastokeskuksen kokoama ja yll\u00e4pit\u00e4m\u00e4 StatFin\u2013 on maksuton Suomea koskevien tilastotietojen tietokanta, josta saa tilastotietoja taulukkomuodossa. Tilastokeskuksesta voi my\u00f6s tilata mit\u00e4 moninaisempia aiheenmukaisia tilastoja.Monilla julkisorganisaatiolla\/virastoilla on omia, vapaasti k\u00e4ytett\u00e4vi\u00e4 verkkotilastotietokantoja. T\u00e4llainen on mm. THL:n Sotkanet. PAINETUT TILASTOT Kattavin tilastollinen sarja on nimelt\u00e4\u00e4n [&hellip;]","og_url":"https:\/\/blogs.uef.fi\/tiedonhaku-yhteiskuntatiede\/tilastotietojen-hakeminen\/","og_site_name":"Yhteiskuntatieteen tiedonhaku \/ UEF kirjasto","article_modified_time":"2024-02-19T14:15:49+00:00","twitter_card":"summary_large_image","twitter_misc":{"Arvioitu lukuaika":"2 minuuttia"},"schema":{"@context":"https:\/\/schema.org","@graph":[{"@type":"WebPage","@id":"https:\/\/blogs.uef.fi\/tiedonhaku-yhteiskuntatiede\/tilastotietojen-hakeminen\/","url":"https:\/\/blogs.uef.fi\/tiedonhaku-yhteiskuntatiede\/tilastotietojen-hakeminen\/","name":"Tilastotietojen hakeminen - Yhteiskuntatieteen tiedonhaku \/ UEF kirjasto","isPartOf":{"@id":"https:\/\/blogs.uef.fi\/tiedonhaku-yhteiskuntatiede\/#website"},"datePublished":"2015-11-26T09:02:02+00:00","dateModified":"2024-02-19T14:15:49+00:00","breadcrumb":{"@id":"https:\/\/blogs.uef.fi\/tiedonhaku-yhteiskuntatiede\/tilastotietojen-hakeminen\/#breadcrumb"},"inLanguage":"fi","potentialAction":[{"@type":"ReadAction","target":["https:\/\/blogs.uef.fi\/tiedonhaku-yhteiskuntatiede\/tilastotietojen-hakeminen\/"]}]},{"@type":"BreadcrumbList","@id":"https:\/\/blogs.uef.fi\/tiedonhaku-yhteiskuntatiede\/tilastotietojen-hakeminen\/#breadcrumb","itemListElement":[{"@type":"ListItem","position":1,"name":"Home","item":"https:\/\/blogs.uef.fi\/tiedonhaku-yhteiskuntatiede\/"},{"@type":"ListItem","position":2,"name":"Tilastotietojen hakeminen"}]},{"@type":"WebSite","@id":"https:\/\/blogs.uef.fi\/tiedonhaku-yhteiskuntatiede\/#website","url":"https:\/\/blogs.uef.fi\/tiedonhaku-yhteiskuntatiede\/","name":"Yhteiskuntatieteen tiedonhaku \/ UEF kirjasto","description":"","potentialAction":[{"@type":"SearchAction","target":{"@type":"EntryPoint","urlTemplate":"https:\/\/blogs.uef.fi\/tiedonhaku-yhteiskuntatiede\/?s={search_term_string}"},"query-input":{"@type":"PropertyValueSpecification","valueRequired":true,"valueName":"search_term_string"}}],"inLanguage":"fi"}]}},"_links":{"self":[{"href":"https:\/\/blogs.uef.fi\/tiedonhaku-yhteiskuntatiede\/wp-json\/wp\/v2\/pages\/282","targetHints":{"allow":["GET"]}}],"collection":[{"href":"https:\/\/blogs.uef.fi\/tiedonhaku-yhteiskuntatiede\/wp-json\/wp\/v2\/pages"}],"about":[{"href":"https:\/\/blogs.uef.fi\/tiedonhaku-yhteiskuntatiede\/wp-json\/wp\/v2\/types\/page"}],"author":[{"embeddable":true,"href":"https:\/\/blogs.uef.fi\/tiedonhaku-yhteiskuntatiede\/wp-json\/wp\/v2\/users\/127"}],"replies":[{"embeddable":true,"href":"https:\/\/blogs.uef.fi\/tiedonhaku-yhteiskuntatiede\/wp-json\/wp\/v2\/comments?post=282"}],"version-history":[{"count":1,"href":"https:\/\/blogs.uef.fi\/tiedonhaku-yhteiskuntatiede\/wp-json\/wp\/v2\/pages\/282\/revisions"}],"predecessor-version":[{"id":2095,"href":"https:\/\/blogs.uef.fi\/tiedonhaku-yhteiskuntatiede\/wp-json\/wp\/v2\/pages\/282\/revisions\/2095"}],"wp:attachment":[{"href":"https:\/\/blogs.uef.fi\/tiedonhaku-yhteiskuntatiede\/wp-json\/wp\/v2\/media?parent=282"}],"curies":[{"name":"wp","href":"https:\/\/api.w.org\/{rel}","templated":true}]}}