{"id":274,"date":"2015-11-26T08:59:48","date_gmt":"2015-11-26T08:59:48","guid":{"rendered":"https:\/\/ueflibrarysoc.wordpress.com\/?page_id=274"},"modified":"2024-02-19T16:09:07","modified_gmt":"2024-02-19T14:09:07","slug":"vaitoskirjojen-ja-gradujen-hakeminen","status":"publish","type":"page","link":"https:\/\/blogs.uef.fi\/tiedonhaku-yhteiskuntatiede\/vaitoskirjojen-ja-gradujen-hakeminen\/","title":{"rendered":"V\u00e4it\u00f6skirjojen ja gradujen hakeminen"},"content":{"rendered":"\n<h3 class=\"wp-block-heading\">V\u00e4it\u00f6skirjat<\/h3>\n\n\n\n<p><strong>V\u00e4it\u00f6skirjaa<\/strong> pidet\u00e4\u00e4n ensimm\u00e4isen\u00e4 tutkijan itsen\u00e4isen\u00e4 tutkimuksena ja <strong>lisensiaattity\u00f6t\u00e4<\/strong> ensimm\u00e4isen\u00e4 siteerauksen kest\u00e4v\u00e4n\u00e4 tutkimuksena.<br>Nykyisin lisensiaattit\u00f6it\u00e4 julkaistaan melko v\u00e4h\u00e4n, yleens\u00e4 tehd\u00e4\u00e4n suoraan v\u00e4it\u00f6skirja.<\/p>\n\n\n\n<p>Monet v\u00e4it\u00f6skirjat ovat nyky\u00e4\u00e4n ns. <strong>nippuv\u00e4it\u00f6skirjoja<\/strong>, joiden keskeisen sis\u00e4ll\u00f6n v\u00e4ittelij\u00e4 on jo julkaissut tieteellisiss\u00e4 lehdiss\u00e4 artikkeleina. V\u00e4it\u00f6skirja sis\u00e4lt\u00e4\u00e4 t\u00e4ll\u00f6in englanninkielisen <strong>tiivistelm\u00e4osan ja artikkelit.<\/strong><br>Aiemmin v\u00e4it\u00f6skirja oli yksi yhten\u00e4inen julkaisu.<\/p>\n\n\n\n<p>V\u00e4it\u00f6skirja julkaistaan usein ko. <strong>yliopiston omassa julkaisusarjassa<\/strong>. Muitakin vaihtoehtoja on: jos v\u00e4ittelij\u00e4 ty\u00f6skentelee jonkin muun julkisorganisaation palveluksessa, v\u00e4it\u00f6skirja voidaan julkaista t\u00e4m\u00e4n <strong>organisaation sarjassa<\/strong>. V\u00e4it\u00f6skirja on mahdollista julkaista my\u00f6s <strong>kaupallisen kustantajan<\/strong> kautta.<\/p>\n\n\n\n<h3 class=\"wp-block-heading\">Gradut<\/h3>\n\n\n\n<p><strong>Pro gradu \u2013tutkielmat<\/strong> ovat opiskelijoiden harjoitust\u00f6it\u00e4, joten niit\u00e4 ei k\u00e4ytet\u00e4 tieteellisen ty\u00f6n l\u00e4htein\u00e4 kuin poikkeustapauksissa. Tarkista suhtautuminen ainelaitokseltasi, opettajalta\/ohjaajalta.<br>Kuitenkin hyv\u00e4tasoisten pro gradu -t\u00f6iden l\u00e4hdeluetteloista voi olla hy\u00f6ty\u00e4 ja voit katsoa graduista mallia muotoseikkoihin.<\/p>\n\n\n\n<p><strong>Kotimaisia opinn\u00e4ytteit\u00e4<\/strong>, v\u00e4it\u00f6skirjat, lisensiaatinty\u00f6t, gradut ja ammattikorkeakoulujen lopputy\u00f6t, voi hakea helposti kansallisesta <a href=\"http:\/\/finna.fi\" target=\"_blank\" rel=\"noopener\">Finnasta<\/a>.<\/p>\n\n\n\n<h3 class=\"wp-block-heading\">Julkaisuarkisto<\/h3>\n\n\n\n<p><strong>UEF:in v\u00e4it\u00f6skirjat ja gradut (vuodesta 2012) julkaistaan <a href=\"http:\/\/epublications.uef.fi\/index.php\" target=\"_blank\" rel=\"noopener\">UEF Electronic publications <\/a>\u2013julkaisuarkistossa<\/strong>. Julkaisuja voi hakea aiheen mukaan.<\/p>\n\n\n\n<p><a href=\"http:\/\/epublications.uef.fi\/organisaatio\/yhteiskuntatieteiden_ja_kauppatieteiden_tiedekunta\/yhteiskuntatieteiden_laitos\/\" target=\"_blank\" rel=\"noopener\">Yhteiskuntapolitiikan ja sosiologian graduja<\/a><\/p>\n\n\n\n<h3 class=\"wp-block-heading\">HAKEMINEN UEF-PRIMOSTA<\/h3>\n\n\n\n<p><strong>Tiedot vanhemmista opinn\u00e4ytet\u00f6ist\u00e4 l\u00f6ytyv\u00e4t yliopistokirjastojen kokoelmatietokannoista.<\/strong> UEF-Primossa haku onnistuu helposti rajauksen avulla. Tee ensin haku jollakin (yleisen tason) hakusanalla, esim. sosiologia, yhteiskuntapolitiikka tms., ja rajaa hakutulos:<\/p>\n\n\n\n<figure class=\"wp-block-image aligncenter\"><img loading=\"lazy\" decoding=\"async\" width=\"1426\" height=\"816\" src=\"https:\/\/blogs.uef.fi\/tiedonhaku-yhteiskuntatiede\/wp-content\/uploads\/sites\/57\/2020\/01\/SYupvaitoskirja.png\" alt=\"\" class=\"wp-image-1119\" srcset=\"https:\/\/blogs.uef.fi\/tiedonhaku-yhteiskuntatiede\/wp-content\/uploads\/sites\/57\/2020\/01\/SYupvaitoskirja.png 1426w, https:\/\/blogs.uef.fi\/tiedonhaku-yhteiskuntatiede\/wp-content\/uploads\/sites\/57\/2020\/01\/SYupvaitoskirja-300x172.png 300w, https:\/\/blogs.uef.fi\/tiedonhaku-yhteiskuntatiede\/wp-content\/uploads\/sites\/57\/2020\/01\/SYupvaitoskirja-768x439.png 768w, https:\/\/blogs.uef.fi\/tiedonhaku-yhteiskuntatiede\/wp-content\/uploads\/sites\/57\/2020\/01\/SYupvaitoskirja-1024x586.png 1024w, https:\/\/blogs.uef.fi\/tiedonhaku-yhteiskuntatiede\/wp-content\/uploads\/sites\/57\/2020\/01\/SYupvaitoskirja-664x380.png 664w\" sizes=\"auto, (max-width: 1426px) 100vw, 1426px\" \/><\/figure>\n","protected":false},"excerpt":{"rendered":"<p>V\u00e4it\u00f6skirjat V\u00e4it\u00f6skirjaa pidet\u00e4\u00e4n ensimm\u00e4isen\u00e4 tutkijan itsen\u00e4isen\u00e4 tutkimuksena ja lisensiaattity\u00f6t\u00e4 ensimm\u00e4isen\u00e4 siteerauksen kest\u00e4v\u00e4n\u00e4 tutkimuksena.Nykyisin lisensiaattit\u00f6it\u00e4 julkaistaan melko v\u00e4h\u00e4n, yleens\u00e4 tehd\u00e4\u00e4n suoraan v\u00e4it\u00f6skirja. Monet v\u00e4it\u00f6skirjat ovat nyky\u00e4\u00e4n ns. nippuv\u00e4it\u00f6skirjoja, joiden keskeisen sis\u00e4ll\u00f6n v\u00e4ittelij\u00e4 on jo julkaissut tieteellisiss\u00e4 lehdiss\u00e4 artikkeleina. V\u00e4it\u00f6skirja sis\u00e4lt\u00e4\u00e4 t\u00e4ll\u00f6in englanninkielisen tiivistelm\u00e4osan ja artikkelit.Aiemmin v\u00e4it\u00f6skirja oli yksi yhten\u00e4inen julkaisu. V\u00e4it\u00f6skirja julkaistaan usein ko. yliopiston omassa [&hellip;]<\/p>\n","protected":false},"author":127,"featured_media":0,"parent":0,"menu_order":0,"comment_status":"closed","ping_status":"closed","template":"","meta":{"_acf_changed":false,"footnotes":""},"class_list":["post-274","page","type-page","status-publish","hentry"],"acf":[],"yoast_head":"<!-- This site is optimized with the Yoast SEO plugin v27.3 - https:\/\/yoast.com\/product\/yoast-seo-wordpress\/ -->\n<title>V\u00e4it\u00f6skirjojen ja gradujen hakeminen - Yhteiskuntatieteen tiedonhaku \/ UEF kirjasto<\/title>\n<meta name=\"robots\" content=\"index, follow, max-snippet:-1, max-image-preview:large, max-video-preview:-1\" \/>\n<link rel=\"canonical\" href=\"https:\/\/blogs.uef.fi\/tiedonhaku-yhteiskuntatiede\/vaitoskirjojen-ja-gradujen-hakeminen\/\" \/>\n<meta property=\"og:locale\" content=\"fi_FI\" \/>\n<meta property=\"og:type\" content=\"article\" \/>\n<meta property=\"og:title\" content=\"V\u00e4it\u00f6skirjojen ja gradujen hakeminen - Yhteiskuntatieteen tiedonhaku \/ UEF kirjasto\" \/>\n<meta property=\"og:description\" content=\"V\u00e4it\u00f6skirjat V\u00e4it\u00f6skirjaa pidet\u00e4\u00e4n ensimm\u00e4isen\u00e4 tutkijan itsen\u00e4isen\u00e4 tutkimuksena ja lisensiaattity\u00f6t\u00e4 ensimm\u00e4isen\u00e4 siteerauksen kest\u00e4v\u00e4n\u00e4 tutkimuksena.Nykyisin lisensiaattit\u00f6it\u00e4 julkaistaan melko v\u00e4h\u00e4n, yleens\u00e4 tehd\u00e4\u00e4n suoraan v\u00e4it\u00f6skirja. Monet v\u00e4it\u00f6skirjat ovat nyky\u00e4\u00e4n ns. nippuv\u00e4it\u00f6skirjoja, joiden keskeisen sis\u00e4ll\u00f6n v\u00e4ittelij\u00e4 on jo julkaissut tieteellisiss\u00e4 lehdiss\u00e4 artikkeleina. V\u00e4it\u00f6skirja sis\u00e4lt\u00e4\u00e4 t\u00e4ll\u00f6in englanninkielisen tiivistelm\u00e4osan ja artikkelit.Aiemmin v\u00e4it\u00f6skirja oli yksi yhten\u00e4inen julkaisu. V\u00e4it\u00f6skirja julkaistaan usein ko. yliopiston omassa [&hellip;]\" \/>\n<meta property=\"og:url\" content=\"https:\/\/blogs.uef.fi\/tiedonhaku-yhteiskuntatiede\/vaitoskirjojen-ja-gradujen-hakeminen\/\" \/>\n<meta property=\"og:site_name\" content=\"Yhteiskuntatieteen tiedonhaku \/ UEF kirjasto\" \/>\n<meta property=\"article:modified_time\" content=\"2024-02-19T14:09:07+00:00\" \/>\n<meta property=\"og:image\" content=\"https:\/\/blogs.uef.fi\/tiedonhaku-yhteiskuntatiede\/wp-content\/uploads\/sites\/57\/2020\/01\/SYupvaitoskirja.png\" \/>\n<meta name=\"twitter:card\" content=\"summary_large_image\" \/>\n<meta name=\"twitter:label1\" content=\"Arvioitu lukuaika\" \/>\n\t<meta name=\"twitter:data1\" content=\"2 minuuttia\" \/>\n<script type=\"application\/ld+json\" class=\"yoast-schema-graph\">{\"@context\":\"https:\\\/\\\/schema.org\",\"@graph\":[{\"@type\":\"WebPage\",\"@id\":\"https:\\\/\\\/blogs.uef.fi\\\/tiedonhaku-yhteiskuntatiede\\\/vaitoskirjojen-ja-gradujen-hakeminen\\\/\",\"url\":\"https:\\\/\\\/blogs.uef.fi\\\/tiedonhaku-yhteiskuntatiede\\\/vaitoskirjojen-ja-gradujen-hakeminen\\\/\",\"name\":\"V\u00e4it\u00f6skirjojen ja gradujen hakeminen - Yhteiskuntatieteen tiedonhaku \\\/ UEF kirjasto\",\"isPartOf\":{\"@id\":\"https:\\\/\\\/blogs.uef.fi\\\/tiedonhaku-yhteiskuntatiede\\\/#website\"},\"primaryImageOfPage\":{\"@id\":\"https:\\\/\\\/blogs.uef.fi\\\/tiedonhaku-yhteiskuntatiede\\\/vaitoskirjojen-ja-gradujen-hakeminen\\\/#primaryimage\"},\"image\":{\"@id\":\"https:\\\/\\\/blogs.uef.fi\\\/tiedonhaku-yhteiskuntatiede\\\/vaitoskirjojen-ja-gradujen-hakeminen\\\/#primaryimage\"},\"thumbnailUrl\":\"https:\\\/\\\/blogs.uef.fi\\\/tiedonhaku-yhteiskuntatiede\\\/wp-content\\\/uploads\\\/sites\\\/57\\\/2020\\\/01\\\/SYupvaitoskirja.png\",\"datePublished\":\"2015-11-26T08:59:48+00:00\",\"dateModified\":\"2024-02-19T14:09:07+00:00\",\"breadcrumb\":{\"@id\":\"https:\\\/\\\/blogs.uef.fi\\\/tiedonhaku-yhteiskuntatiede\\\/vaitoskirjojen-ja-gradujen-hakeminen\\\/#breadcrumb\"},\"inLanguage\":\"fi\",\"potentialAction\":[{\"@type\":\"ReadAction\",\"target\":[\"https:\\\/\\\/blogs.uef.fi\\\/tiedonhaku-yhteiskuntatiede\\\/vaitoskirjojen-ja-gradujen-hakeminen\\\/\"]}]},{\"@type\":\"ImageObject\",\"inLanguage\":\"fi\",\"@id\":\"https:\\\/\\\/blogs.uef.fi\\\/tiedonhaku-yhteiskuntatiede\\\/vaitoskirjojen-ja-gradujen-hakeminen\\\/#primaryimage\",\"url\":\"https:\\\/\\\/blogs.uef.fi\\\/tiedonhaku-yhteiskuntatiede\\\/wp-content\\\/uploads\\\/sites\\\/57\\\/2020\\\/01\\\/SYupvaitoskirja.png\",\"contentUrl\":\"https:\\\/\\\/blogs.uef.fi\\\/tiedonhaku-yhteiskuntatiede\\\/wp-content\\\/uploads\\\/sites\\\/57\\\/2020\\\/01\\\/SYupvaitoskirja.png\",\"width\":1426,\"height\":816},{\"@type\":\"BreadcrumbList\",\"@id\":\"https:\\\/\\\/blogs.uef.fi\\\/tiedonhaku-yhteiskuntatiede\\\/vaitoskirjojen-ja-gradujen-hakeminen\\\/#breadcrumb\",\"itemListElement\":[{\"@type\":\"ListItem\",\"position\":1,\"name\":\"Home\",\"item\":\"https:\\\/\\\/blogs.uef.fi\\\/tiedonhaku-yhteiskuntatiede\\\/\"},{\"@type\":\"ListItem\",\"position\":2,\"name\":\"V\u00e4it\u00f6skirjojen ja gradujen hakeminen\"}]},{\"@type\":\"WebSite\",\"@id\":\"https:\\\/\\\/blogs.uef.fi\\\/tiedonhaku-yhteiskuntatiede\\\/#website\",\"url\":\"https:\\\/\\\/blogs.uef.fi\\\/tiedonhaku-yhteiskuntatiede\\\/\",\"name\":\"Yhteiskuntatieteen tiedonhaku \\\/ UEF kirjasto\",\"description\":\"\",\"potentialAction\":[{\"@type\":\"SearchAction\",\"target\":{\"@type\":\"EntryPoint\",\"urlTemplate\":\"https:\\\/\\\/blogs.uef.fi\\\/tiedonhaku-yhteiskuntatiede\\\/?s={search_term_string}\"},\"query-input\":{\"@type\":\"PropertyValueSpecification\",\"valueRequired\":true,\"valueName\":\"search_term_string\"}}],\"inLanguage\":\"fi\"}]}<\/script>\n<!-- \/ Yoast SEO plugin. -->","yoast_head_json":{"title":"V\u00e4it\u00f6skirjojen ja gradujen hakeminen - Yhteiskuntatieteen tiedonhaku \/ UEF kirjasto","robots":{"index":"index","follow":"follow","max-snippet":"max-snippet:-1","max-image-preview":"max-image-preview:large","max-video-preview":"max-video-preview:-1"},"canonical":"https:\/\/blogs.uef.fi\/tiedonhaku-yhteiskuntatiede\/vaitoskirjojen-ja-gradujen-hakeminen\/","og_locale":"fi_FI","og_type":"article","og_title":"V\u00e4it\u00f6skirjojen ja gradujen hakeminen - Yhteiskuntatieteen tiedonhaku \/ UEF kirjasto","og_description":"V\u00e4it\u00f6skirjat V\u00e4it\u00f6skirjaa pidet\u00e4\u00e4n ensimm\u00e4isen\u00e4 tutkijan itsen\u00e4isen\u00e4 tutkimuksena ja lisensiaattity\u00f6t\u00e4 ensimm\u00e4isen\u00e4 siteerauksen kest\u00e4v\u00e4n\u00e4 tutkimuksena.Nykyisin lisensiaattit\u00f6it\u00e4 julkaistaan melko v\u00e4h\u00e4n, yleens\u00e4 tehd\u00e4\u00e4n suoraan v\u00e4it\u00f6skirja. Monet v\u00e4it\u00f6skirjat ovat nyky\u00e4\u00e4n ns. nippuv\u00e4it\u00f6skirjoja, joiden keskeisen sis\u00e4ll\u00f6n v\u00e4ittelij\u00e4 on jo julkaissut tieteellisiss\u00e4 lehdiss\u00e4 artikkeleina. V\u00e4it\u00f6skirja sis\u00e4lt\u00e4\u00e4 t\u00e4ll\u00f6in englanninkielisen tiivistelm\u00e4osan ja artikkelit.Aiemmin v\u00e4it\u00f6skirja oli yksi yhten\u00e4inen julkaisu. V\u00e4it\u00f6skirja julkaistaan usein ko. yliopiston omassa [&hellip;]","og_url":"https:\/\/blogs.uef.fi\/tiedonhaku-yhteiskuntatiede\/vaitoskirjojen-ja-gradujen-hakeminen\/","og_site_name":"Yhteiskuntatieteen tiedonhaku \/ UEF kirjasto","article_modified_time":"2024-02-19T14:09:07+00:00","og_image":[{"url":"https:\/\/blogs.uef.fi\/tiedonhaku-yhteiskuntatiede\/wp-content\/uploads\/sites\/57\/2020\/01\/SYupvaitoskirja.png","type":"","width":"","height":""}],"twitter_card":"summary_large_image","twitter_misc":{"Arvioitu lukuaika":"2 minuuttia"},"schema":{"@context":"https:\/\/schema.org","@graph":[{"@type":"WebPage","@id":"https:\/\/blogs.uef.fi\/tiedonhaku-yhteiskuntatiede\/vaitoskirjojen-ja-gradujen-hakeminen\/","url":"https:\/\/blogs.uef.fi\/tiedonhaku-yhteiskuntatiede\/vaitoskirjojen-ja-gradujen-hakeminen\/","name":"V\u00e4it\u00f6skirjojen ja gradujen hakeminen - Yhteiskuntatieteen tiedonhaku \/ UEF kirjasto","isPartOf":{"@id":"https:\/\/blogs.uef.fi\/tiedonhaku-yhteiskuntatiede\/#website"},"primaryImageOfPage":{"@id":"https:\/\/blogs.uef.fi\/tiedonhaku-yhteiskuntatiede\/vaitoskirjojen-ja-gradujen-hakeminen\/#primaryimage"},"image":{"@id":"https:\/\/blogs.uef.fi\/tiedonhaku-yhteiskuntatiede\/vaitoskirjojen-ja-gradujen-hakeminen\/#primaryimage"},"thumbnailUrl":"https:\/\/blogs.uef.fi\/tiedonhaku-yhteiskuntatiede\/wp-content\/uploads\/sites\/57\/2020\/01\/SYupvaitoskirja.png","datePublished":"2015-11-26T08:59:48+00:00","dateModified":"2024-02-19T14:09:07+00:00","breadcrumb":{"@id":"https:\/\/blogs.uef.fi\/tiedonhaku-yhteiskuntatiede\/vaitoskirjojen-ja-gradujen-hakeminen\/#breadcrumb"},"inLanguage":"fi","potentialAction":[{"@type":"ReadAction","target":["https:\/\/blogs.uef.fi\/tiedonhaku-yhteiskuntatiede\/vaitoskirjojen-ja-gradujen-hakeminen\/"]}]},{"@type":"ImageObject","inLanguage":"fi","@id":"https:\/\/blogs.uef.fi\/tiedonhaku-yhteiskuntatiede\/vaitoskirjojen-ja-gradujen-hakeminen\/#primaryimage","url":"https:\/\/blogs.uef.fi\/tiedonhaku-yhteiskuntatiede\/wp-content\/uploads\/sites\/57\/2020\/01\/SYupvaitoskirja.png","contentUrl":"https:\/\/blogs.uef.fi\/tiedonhaku-yhteiskuntatiede\/wp-content\/uploads\/sites\/57\/2020\/01\/SYupvaitoskirja.png","width":1426,"height":816},{"@type":"BreadcrumbList","@id":"https:\/\/blogs.uef.fi\/tiedonhaku-yhteiskuntatiede\/vaitoskirjojen-ja-gradujen-hakeminen\/#breadcrumb","itemListElement":[{"@type":"ListItem","position":1,"name":"Home","item":"https:\/\/blogs.uef.fi\/tiedonhaku-yhteiskuntatiede\/"},{"@type":"ListItem","position":2,"name":"V\u00e4it\u00f6skirjojen ja gradujen hakeminen"}]},{"@type":"WebSite","@id":"https:\/\/blogs.uef.fi\/tiedonhaku-yhteiskuntatiede\/#website","url":"https:\/\/blogs.uef.fi\/tiedonhaku-yhteiskuntatiede\/","name":"Yhteiskuntatieteen tiedonhaku \/ UEF kirjasto","description":"","potentialAction":[{"@type":"SearchAction","target":{"@type":"EntryPoint","urlTemplate":"https:\/\/blogs.uef.fi\/tiedonhaku-yhteiskuntatiede\/?s={search_term_string}"},"query-input":{"@type":"PropertyValueSpecification","valueRequired":true,"valueName":"search_term_string"}}],"inLanguage":"fi"}]}},"_links":{"self":[{"href":"https:\/\/blogs.uef.fi\/tiedonhaku-yhteiskuntatiede\/wp-json\/wp\/v2\/pages\/274","targetHints":{"allow":["GET"]}}],"collection":[{"href":"https:\/\/blogs.uef.fi\/tiedonhaku-yhteiskuntatiede\/wp-json\/wp\/v2\/pages"}],"about":[{"href":"https:\/\/blogs.uef.fi\/tiedonhaku-yhteiskuntatiede\/wp-json\/wp\/v2\/types\/page"}],"author":[{"embeddable":true,"href":"https:\/\/blogs.uef.fi\/tiedonhaku-yhteiskuntatiede\/wp-json\/wp\/v2\/users\/127"}],"replies":[{"embeddable":true,"href":"https:\/\/blogs.uef.fi\/tiedonhaku-yhteiskuntatiede\/wp-json\/wp\/v2\/comments?post=274"}],"version-history":[{"count":2,"href":"https:\/\/blogs.uef.fi\/tiedonhaku-yhteiskuntatiede\/wp-json\/wp\/v2\/pages\/274\/revisions"}],"predecessor-version":[{"id":2089,"href":"https:\/\/blogs.uef.fi\/tiedonhaku-yhteiskuntatiede\/wp-json\/wp\/v2\/pages\/274\/revisions\/2089"}],"wp:attachment":[{"href":"https:\/\/blogs.uef.fi\/tiedonhaku-yhteiskuntatiede\/wp-json\/wp\/v2\/media?parent=274"}],"curies":[{"name":"wp","href":"https:\/\/api.w.org\/{rel}","templated":true}]}}