{"id":272,"date":"2015-11-26T08:55:55","date_gmt":"2015-11-26T08:55:55","guid":{"rendered":"https:\/\/ueflibrarysoc.wordpress.com\/?page_id=272"},"modified":"2024-02-19T16:07:13","modified_gmt":"2024-02-19T14:07:13","slug":"sarjojen-ja-kokousjulkaisujen-hakeminen","status":"publish","type":"page","link":"https:\/\/blogs.uef.fi\/tiedonhaku-yhteiskuntatiede\/sarjojen-ja-kokousjulkaisujen-hakeminen\/","title":{"rendered":"Sarjojen ja kokousjulkaisujen hakeminen"},"content":{"rendered":"\n<h2 class=\"wp-block-heading\">Sarjajulkaisut<\/h2>\n\n\n\n<p>Tieteelliset sarjat ovat tutkimuslaitosten, yliopistojen, tieteellisten seurojen yms. oma v\u00e4yl\u00e4 tutkimustulosten julkaisemiseen. \u201cTieteellisimm\u00e4t\u201d uudet tulokset julkaistaan nykysin mieluiten artikkelina vertaisarvioiduissa lehdiss\u00e4, mutta sarjajulkaisujen kautta v\u00e4litet\u00e4\u00e4n edelleenkin runsaasti <strong>raportti-, selvitys- ja casetyyppist\u00e4 tutkimustietoa.<\/strong> Sarjajulkaisu ei useinkaan ole vertaisarvioitu, mutta silti k\u00e4ytt\u00f6kelpoinen l\u00e4hde.<\/p>\n\n\n\n<p>Peruslinja nyky\u00e4\u00e4n on, ett\u00e4 julkaisut ovat <strong>vapaasti verkossa luettavissa.<\/strong> Verkkojulkaiseminen yleistyi kuitenkin vaihtelevasti 2000-luvulla, eik\u00e4 vanhempia aineistoja ole tuotu takautuvasti verkkoon. <strong>Vanhemmat aineistot l\u00f6ytyv\u00e4t painettuina kirjastoista.<\/strong><\/p>\n\n\n\n<figure class=\"wp-block-image size-large\"><img loading=\"lazy\" decoding=\"async\" width=\"1024\" height=\"631\" src=\"https:\/\/blogs.uef.fi\/tiedonhaku-yhteiskuntatiede\/wp-content\/uploads\/sites\/57\/2024\/02\/image-1024x631.png\" alt=\"\" class=\"wp-image-2080\" srcset=\"https:\/\/blogs.uef.fi\/tiedonhaku-yhteiskuntatiede\/wp-content\/uploads\/sites\/57\/2024\/02\/image-1024x631.png 1024w, https:\/\/blogs.uef.fi\/tiedonhaku-yhteiskuntatiede\/wp-content\/uploads\/sites\/57\/2024\/02\/image-300x185.png 300w, https:\/\/blogs.uef.fi\/tiedonhaku-yhteiskuntatiede\/wp-content\/uploads\/sites\/57\/2024\/02\/image-768x473.png 768w, https:\/\/blogs.uef.fi\/tiedonhaku-yhteiskuntatiede\/wp-content\/uploads\/sites\/57\/2024\/02\/image.png 1143w\" sizes=\"auto, (max-width: 1024px) 100vw, 1024px\" \/><\/figure>\n\n\n\n<p>T\u00e4m\u00e4 vuonna 2017 julkaistu THL:n Raportti -sarjan julkaisu on saatavilla sek\u00e4 verkosta ett\u00e4 lainattavissa kirjastosta.<\/p>\n\n\n\n<p><strong>Uudemmat sarjajulkaisut ovat siten usein l\u00f6ydett\u00e4viss\u00e4 yleisill\u00e4 hakukoneilla.<\/strong><\/p>\n\n\n\n<p>Muista silti, ett\u00e4 esim. Google k\u00e4ytt\u00e4\u00e4 <strong>tulosten j\u00e4rjest\u00e4miseen<\/strong> paitsi itse tekstiss\u00e4 esiintyvi\u00e4 sanoja, my\u00f6s viittauksia sivujen kesken ja sivujen k\u00e4ytt\u00f6astetta (=kuinka usein linkki\u00e4 on klikattu).<\/p>\n\n\n\n<p>Jos kyseess\u00e4 on suhteellisen v\u00e4h\u00e4n k\u00e4ytetty julkaisu, voi k\u00e4yd\u00e4 niin, ett\u00e4 hakutuloslajittelu ei nosta hyv\u00e4\u00e4k\u00e4\u00e4n aineistoa niin korkealle kuin sis\u00e4ll\u00f6n perusteella kuuluisi. Kannattaa siis selailla tuloslistaa pidemm\u00e4lle.<\/p>\n\n\n\n<p>Julkaisujen selaaminen suoraan haluamansa <strong>organisaation kotisivuilta<\/strong> on k\u00e4tev\u00e4\u00e4, jos haluaa v\u00e4ltt\u00e4\u00e4 hakukoneiden tuoman sekalaisen aineston.<\/p>\n\n\n\n<h2 class=\"wp-block-heading\">HAKEMINEN KIRJASTON TIETOKANNASTA<\/h2>\n\n\n\n<p><strong>Erityisesti v\u00e4h\u00e4n vanhempia sarjoja kannattaa hakea UEF-Primosta<\/strong>. K\u00e4yt\u00e4 hakuna oletushakua (haku kirjaston kokoelmista). Voit kirjoittaa hakuun sarjan nimen tai yksitt\u00e4isen osan nimen.<\/p>\n\n\n\n<p>Uusiakin sarjajulkaisuja kirjastoissa on edelleen painettuna, mutta ei yht\u00e4 kattavasti kuin aiemmin. Vain ja ainoastaan verkossa julkaistua aineistoa, jota ovat mm. erilaiset raportit ym. selvitykset, ei yleens\u00e4 tallenneta kirjaston tietokantaan.<\/p>\n\n\n\n<p>Sarjajulkaisusta tallennetaan kirjastotietokantaan kuhunkin tietueeseen sek\u00e4 <strong>sarjan nimi ett\u00e4 yksitt\u00e4isen osan nimi,<\/strong> joten molemmilla voi hakea. Huomaa, ett\u00e4 sarjaa ja sen osia osia <strong>k\u00e4sitell\u00e4\u00e4n kuten kirjoja,<\/strong> ei lehti\u00e4.<\/p>\n\n\n\n<figure class=\"wp-block-image size-full is-resized\"><img loading=\"lazy\" decoding=\"async\" width=\"839\" height=\"572\" src=\"https:\/\/blogs.uef.fi\/tiedonhaku-yhteiskuntatiede\/wp-content\/uploads\/sites\/57\/2024\/02\/image-1.png\" alt=\"\" class=\"wp-image-2083\" style=\"width:810px;height:auto\" srcset=\"https:\/\/blogs.uef.fi\/tiedonhaku-yhteiskuntatiede\/wp-content\/uploads\/sites\/57\/2024\/02\/image-1.png 839w, https:\/\/blogs.uef.fi\/tiedonhaku-yhteiskuntatiede\/wp-content\/uploads\/sites\/57\/2024\/02\/image-1-300x205.png 300w, https:\/\/blogs.uef.fi\/tiedonhaku-yhteiskuntatiede\/wp-content\/uploads\/sites\/57\/2024\/02\/image-1-768x524.png 768w\" sizes=\"auto, (max-width: 839px) 100vw, 839px\" \/><\/figure>\n\n\n\n<p>Osa sarjoista on kirjastossa sijoitettu yhten\u00e4isin\u00e4 sarjoina ns. <strong>sarjahyllyihin, <\/strong>kuten P301<strong>s.<\/strong>(Joensuun kampuskirjasto). Sarja aakkostetaan sarjan nimen mukaan ja sarjan sis\u00e4ll\u00e4 numeroj\u00e4rjestykseen. Osa sarjojen osista taas on <strong>hajautettu<\/strong> aiheen mukaan eri hyllyihin.<\/p>\n\n\n\n<h2 class=\"wp-block-heading\">KOKOUSJULKAISUT (<em>konferenssit, proceedings<\/em>)<\/h2>\n\n\n\n<p>Kokousjulkaisutkin ovat usein<strong> sarjoja;<\/strong> tietty konferenssi j\u00e4rjestet\u00e4\u00e4n vuosittain tai muutaman vuoden v\u00e4lein. Konferenssijulkaisut sis\u00e4lt\u00e4v\u00e4t <strong>lyhyit\u00e4 artikkeleita:<\/strong> tiivistelmi\u00e4 pidetyist\u00e4 <strong>esitelmist\u00e4 sek\u00e4 postereista.<\/strong> Julkaisu voi olla painettu tai elektroninen.<\/p>\n\n\n\n<p>Kokousjulkaisuja haetaan kuten sarjajulkaisujakin: <strong>hakukoneilla netist\u00e4, konferenssien kotisivuilta sek\u00e4 kirjasto- ja kirjallisuustietokannoista<\/strong>.<\/p>\n\n\n<h3>\u00a0<\/h3>\n<p>\u00a0<\/p>","protected":false},"excerpt":{"rendered":"<p>Sarjajulkaisut Tieteelliset sarjat ovat tutkimuslaitosten, yliopistojen, tieteellisten seurojen yms. oma v\u00e4yl\u00e4 tutkimustulosten julkaisemiseen. \u201cTieteellisimm\u00e4t\u201d uudet tulokset julkaistaan nykysin mieluiten artikkelina vertaisarvioiduissa lehdiss\u00e4, mutta sarjajulkaisujen kautta v\u00e4litet\u00e4\u00e4n edelleenkin runsaasti raportti-, selvitys- ja casetyyppist\u00e4 tutkimustietoa. Sarjajulkaisu ei useinkaan ole vertaisarvioitu, mutta silti k\u00e4ytt\u00f6kelpoinen l\u00e4hde. Peruslinja nyky\u00e4\u00e4n on, ett\u00e4 julkaisut ovat vapaasti verkossa luettavissa. Verkkojulkaiseminen yleistyi kuitenkin vaihtelevasti [&hellip;]<\/p>\n","protected":false},"author":127,"featured_media":0,"parent":0,"menu_order":0,"comment_status":"closed","ping_status":"closed","template":"","meta":{"_acf_changed":false,"footnotes":""},"class_list":["post-272","page","type-page","status-publish","hentry"],"acf":[],"yoast_head":"<!-- This site is optimized with the Yoast SEO plugin v27.3 - https:\/\/yoast.com\/product\/yoast-seo-wordpress\/ -->\n<title>Sarjojen ja kokousjulkaisujen hakeminen - Yhteiskuntatieteen tiedonhaku \/ UEF kirjasto<\/title>\n<meta name=\"robots\" content=\"index, follow, max-snippet:-1, max-image-preview:large, max-video-preview:-1\" \/>\n<link rel=\"canonical\" href=\"https:\/\/blogs.uef.fi\/tiedonhaku-yhteiskuntatiede\/sarjojen-ja-kokousjulkaisujen-hakeminen\/\" \/>\n<meta property=\"og:locale\" content=\"fi_FI\" \/>\n<meta property=\"og:type\" content=\"article\" \/>\n<meta property=\"og:title\" content=\"Sarjojen ja kokousjulkaisujen hakeminen - Yhteiskuntatieteen tiedonhaku \/ UEF kirjasto\" \/>\n<meta property=\"og:description\" content=\"Sarjajulkaisut Tieteelliset sarjat ovat tutkimuslaitosten, yliopistojen, tieteellisten seurojen yms. oma v\u00e4yl\u00e4 tutkimustulosten julkaisemiseen. \u201cTieteellisimm\u00e4t\u201d uudet tulokset julkaistaan nykysin mieluiten artikkelina vertaisarvioiduissa lehdiss\u00e4, mutta sarjajulkaisujen kautta v\u00e4litet\u00e4\u00e4n edelleenkin runsaasti raportti-, selvitys- ja casetyyppist\u00e4 tutkimustietoa. Sarjajulkaisu ei useinkaan ole vertaisarvioitu, mutta silti k\u00e4ytt\u00f6kelpoinen l\u00e4hde. Peruslinja nyky\u00e4\u00e4n on, ett\u00e4 julkaisut ovat vapaasti verkossa luettavissa. Verkkojulkaiseminen yleistyi kuitenkin vaihtelevasti [&hellip;]\" \/>\n<meta property=\"og:url\" content=\"https:\/\/blogs.uef.fi\/tiedonhaku-yhteiskuntatiede\/sarjojen-ja-kokousjulkaisujen-hakeminen\/\" \/>\n<meta property=\"og:site_name\" content=\"Yhteiskuntatieteen tiedonhaku \/ UEF kirjasto\" \/>\n<meta property=\"article:modified_time\" content=\"2024-02-19T14:07:13+00:00\" \/>\n<meta property=\"og:image\" content=\"https:\/\/blogs.uef.fi\/tiedonhaku-yhteiskuntatiede\/wp-content\/uploads\/sites\/57\/2024\/02\/image-1024x631.png\" \/>\n<meta name=\"twitter:card\" content=\"summary_large_image\" \/>\n<meta name=\"twitter:label1\" content=\"Arvioitu lukuaika\" \/>\n\t<meta name=\"twitter:data1\" content=\"3 minuuttia\" \/>\n<script type=\"application\/ld+json\" class=\"yoast-schema-graph\">{\"@context\":\"https:\\\/\\\/schema.org\",\"@graph\":[{\"@type\":\"WebPage\",\"@id\":\"https:\\\/\\\/blogs.uef.fi\\\/tiedonhaku-yhteiskuntatiede\\\/sarjojen-ja-kokousjulkaisujen-hakeminen\\\/\",\"url\":\"https:\\\/\\\/blogs.uef.fi\\\/tiedonhaku-yhteiskuntatiede\\\/sarjojen-ja-kokousjulkaisujen-hakeminen\\\/\",\"name\":\"Sarjojen ja kokousjulkaisujen hakeminen - Yhteiskuntatieteen tiedonhaku \\\/ UEF kirjasto\",\"isPartOf\":{\"@id\":\"https:\\\/\\\/blogs.uef.fi\\\/tiedonhaku-yhteiskuntatiede\\\/#website\"},\"primaryImageOfPage\":{\"@id\":\"https:\\\/\\\/blogs.uef.fi\\\/tiedonhaku-yhteiskuntatiede\\\/sarjojen-ja-kokousjulkaisujen-hakeminen\\\/#primaryimage\"},\"image\":{\"@id\":\"https:\\\/\\\/blogs.uef.fi\\\/tiedonhaku-yhteiskuntatiede\\\/sarjojen-ja-kokousjulkaisujen-hakeminen\\\/#primaryimage\"},\"thumbnailUrl\":\"https:\\\/\\\/blogs.uef.fi\\\/tiedonhaku-yhteiskuntatiede\\\/wp-content\\\/uploads\\\/sites\\\/57\\\/2024\\\/02\\\/image-1024x631.png\",\"datePublished\":\"2015-11-26T08:55:55+00:00\",\"dateModified\":\"2024-02-19T14:07:13+00:00\",\"breadcrumb\":{\"@id\":\"https:\\\/\\\/blogs.uef.fi\\\/tiedonhaku-yhteiskuntatiede\\\/sarjojen-ja-kokousjulkaisujen-hakeminen\\\/#breadcrumb\"},\"inLanguage\":\"fi\",\"potentialAction\":[{\"@type\":\"ReadAction\",\"target\":[\"https:\\\/\\\/blogs.uef.fi\\\/tiedonhaku-yhteiskuntatiede\\\/sarjojen-ja-kokousjulkaisujen-hakeminen\\\/\"]}]},{\"@type\":\"ImageObject\",\"inLanguage\":\"fi\",\"@id\":\"https:\\\/\\\/blogs.uef.fi\\\/tiedonhaku-yhteiskuntatiede\\\/sarjojen-ja-kokousjulkaisujen-hakeminen\\\/#primaryimage\",\"url\":\"https:\\\/\\\/blogs.uef.fi\\\/tiedonhaku-yhteiskuntatiede\\\/wp-content\\\/uploads\\\/sites\\\/57\\\/2024\\\/02\\\/image.png\",\"contentUrl\":\"https:\\\/\\\/blogs.uef.fi\\\/tiedonhaku-yhteiskuntatiede\\\/wp-content\\\/uploads\\\/sites\\\/57\\\/2024\\\/02\\\/image.png\",\"width\":1143,\"height\":704},{\"@type\":\"BreadcrumbList\",\"@id\":\"https:\\\/\\\/blogs.uef.fi\\\/tiedonhaku-yhteiskuntatiede\\\/sarjojen-ja-kokousjulkaisujen-hakeminen\\\/#breadcrumb\",\"itemListElement\":[{\"@type\":\"ListItem\",\"position\":1,\"name\":\"Home\",\"item\":\"https:\\\/\\\/blogs.uef.fi\\\/tiedonhaku-yhteiskuntatiede\\\/\"},{\"@type\":\"ListItem\",\"position\":2,\"name\":\"Sarjojen ja kokousjulkaisujen hakeminen\"}]},{\"@type\":\"WebSite\",\"@id\":\"https:\\\/\\\/blogs.uef.fi\\\/tiedonhaku-yhteiskuntatiede\\\/#website\",\"url\":\"https:\\\/\\\/blogs.uef.fi\\\/tiedonhaku-yhteiskuntatiede\\\/\",\"name\":\"Yhteiskuntatieteen tiedonhaku \\\/ UEF kirjasto\",\"description\":\"\",\"potentialAction\":[{\"@type\":\"SearchAction\",\"target\":{\"@type\":\"EntryPoint\",\"urlTemplate\":\"https:\\\/\\\/blogs.uef.fi\\\/tiedonhaku-yhteiskuntatiede\\\/?s={search_term_string}\"},\"query-input\":{\"@type\":\"PropertyValueSpecification\",\"valueRequired\":true,\"valueName\":\"search_term_string\"}}],\"inLanguage\":\"fi\"}]}<\/script>\n<!-- \/ Yoast SEO plugin. -->","yoast_head_json":{"title":"Sarjojen ja kokousjulkaisujen hakeminen - Yhteiskuntatieteen tiedonhaku \/ UEF kirjasto","robots":{"index":"index","follow":"follow","max-snippet":"max-snippet:-1","max-image-preview":"max-image-preview:large","max-video-preview":"max-video-preview:-1"},"canonical":"https:\/\/blogs.uef.fi\/tiedonhaku-yhteiskuntatiede\/sarjojen-ja-kokousjulkaisujen-hakeminen\/","og_locale":"fi_FI","og_type":"article","og_title":"Sarjojen ja kokousjulkaisujen hakeminen - Yhteiskuntatieteen tiedonhaku \/ UEF kirjasto","og_description":"Sarjajulkaisut Tieteelliset sarjat ovat tutkimuslaitosten, yliopistojen, tieteellisten seurojen yms. oma v\u00e4yl\u00e4 tutkimustulosten julkaisemiseen. \u201cTieteellisimm\u00e4t\u201d uudet tulokset julkaistaan nykysin mieluiten artikkelina vertaisarvioiduissa lehdiss\u00e4, mutta sarjajulkaisujen kautta v\u00e4litet\u00e4\u00e4n edelleenkin runsaasti raportti-, selvitys- ja casetyyppist\u00e4 tutkimustietoa. Sarjajulkaisu ei useinkaan ole vertaisarvioitu, mutta silti k\u00e4ytt\u00f6kelpoinen l\u00e4hde. Peruslinja nyky\u00e4\u00e4n on, ett\u00e4 julkaisut ovat vapaasti verkossa luettavissa. Verkkojulkaiseminen yleistyi kuitenkin vaihtelevasti [&hellip;]","og_url":"https:\/\/blogs.uef.fi\/tiedonhaku-yhteiskuntatiede\/sarjojen-ja-kokousjulkaisujen-hakeminen\/","og_site_name":"Yhteiskuntatieteen tiedonhaku \/ UEF kirjasto","article_modified_time":"2024-02-19T14:07:13+00:00","og_image":[{"url":"https:\/\/blogs.uef.fi\/tiedonhaku-yhteiskuntatiede\/wp-content\/uploads\/sites\/57\/2024\/02\/image-1024x631.png","type":"","width":"","height":""}],"twitter_card":"summary_large_image","twitter_misc":{"Arvioitu lukuaika":"3 minuuttia"},"schema":{"@context":"https:\/\/schema.org","@graph":[{"@type":"WebPage","@id":"https:\/\/blogs.uef.fi\/tiedonhaku-yhteiskuntatiede\/sarjojen-ja-kokousjulkaisujen-hakeminen\/","url":"https:\/\/blogs.uef.fi\/tiedonhaku-yhteiskuntatiede\/sarjojen-ja-kokousjulkaisujen-hakeminen\/","name":"Sarjojen ja kokousjulkaisujen hakeminen - Yhteiskuntatieteen tiedonhaku \/ UEF kirjasto","isPartOf":{"@id":"https:\/\/blogs.uef.fi\/tiedonhaku-yhteiskuntatiede\/#website"},"primaryImageOfPage":{"@id":"https:\/\/blogs.uef.fi\/tiedonhaku-yhteiskuntatiede\/sarjojen-ja-kokousjulkaisujen-hakeminen\/#primaryimage"},"image":{"@id":"https:\/\/blogs.uef.fi\/tiedonhaku-yhteiskuntatiede\/sarjojen-ja-kokousjulkaisujen-hakeminen\/#primaryimage"},"thumbnailUrl":"https:\/\/blogs.uef.fi\/tiedonhaku-yhteiskuntatiede\/wp-content\/uploads\/sites\/57\/2024\/02\/image-1024x631.png","datePublished":"2015-11-26T08:55:55+00:00","dateModified":"2024-02-19T14:07:13+00:00","breadcrumb":{"@id":"https:\/\/blogs.uef.fi\/tiedonhaku-yhteiskuntatiede\/sarjojen-ja-kokousjulkaisujen-hakeminen\/#breadcrumb"},"inLanguage":"fi","potentialAction":[{"@type":"ReadAction","target":["https:\/\/blogs.uef.fi\/tiedonhaku-yhteiskuntatiede\/sarjojen-ja-kokousjulkaisujen-hakeminen\/"]}]},{"@type":"ImageObject","inLanguage":"fi","@id":"https:\/\/blogs.uef.fi\/tiedonhaku-yhteiskuntatiede\/sarjojen-ja-kokousjulkaisujen-hakeminen\/#primaryimage","url":"https:\/\/blogs.uef.fi\/tiedonhaku-yhteiskuntatiede\/wp-content\/uploads\/sites\/57\/2024\/02\/image.png","contentUrl":"https:\/\/blogs.uef.fi\/tiedonhaku-yhteiskuntatiede\/wp-content\/uploads\/sites\/57\/2024\/02\/image.png","width":1143,"height":704},{"@type":"BreadcrumbList","@id":"https:\/\/blogs.uef.fi\/tiedonhaku-yhteiskuntatiede\/sarjojen-ja-kokousjulkaisujen-hakeminen\/#breadcrumb","itemListElement":[{"@type":"ListItem","position":1,"name":"Home","item":"https:\/\/blogs.uef.fi\/tiedonhaku-yhteiskuntatiede\/"},{"@type":"ListItem","position":2,"name":"Sarjojen ja kokousjulkaisujen hakeminen"}]},{"@type":"WebSite","@id":"https:\/\/blogs.uef.fi\/tiedonhaku-yhteiskuntatiede\/#website","url":"https:\/\/blogs.uef.fi\/tiedonhaku-yhteiskuntatiede\/","name":"Yhteiskuntatieteen tiedonhaku \/ UEF kirjasto","description":"","potentialAction":[{"@type":"SearchAction","target":{"@type":"EntryPoint","urlTemplate":"https:\/\/blogs.uef.fi\/tiedonhaku-yhteiskuntatiede\/?s={search_term_string}"},"query-input":{"@type":"PropertyValueSpecification","valueRequired":true,"valueName":"search_term_string"}}],"inLanguage":"fi"}]}},"_links":{"self":[{"href":"https:\/\/blogs.uef.fi\/tiedonhaku-yhteiskuntatiede\/wp-json\/wp\/v2\/pages\/272","targetHints":{"allow":["GET"]}}],"collection":[{"href":"https:\/\/blogs.uef.fi\/tiedonhaku-yhteiskuntatiede\/wp-json\/wp\/v2\/pages"}],"about":[{"href":"https:\/\/blogs.uef.fi\/tiedonhaku-yhteiskuntatiede\/wp-json\/wp\/v2\/types\/page"}],"author":[{"embeddable":true,"href":"https:\/\/blogs.uef.fi\/tiedonhaku-yhteiskuntatiede\/wp-json\/wp\/v2\/users\/127"}],"replies":[{"embeddable":true,"href":"https:\/\/blogs.uef.fi\/tiedonhaku-yhteiskuntatiede\/wp-json\/wp\/v2\/comments?post=272"}],"version-history":[{"count":1,"href":"https:\/\/blogs.uef.fi\/tiedonhaku-yhteiskuntatiede\/wp-json\/wp\/v2\/pages\/272\/revisions"}],"predecessor-version":[{"id":2086,"href":"https:\/\/blogs.uef.fi\/tiedonhaku-yhteiskuntatiede\/wp-json\/wp\/v2\/pages\/272\/revisions\/2086"}],"wp:attachment":[{"href":"https:\/\/blogs.uef.fi\/tiedonhaku-yhteiskuntatiede\/wp-json\/wp\/v2\/media?parent=272"}],"curies":[{"name":"wp","href":"https:\/\/api.w.org\/{rel}","templated":true}]}}