{"id":255,"date":"2015-11-26T08:48:34","date_gmt":"2015-11-26T08:48:34","guid":{"rendered":"https:\/\/ueflibrarysoc.wordpress.com\/?page_id=255"},"modified":"2024-01-19T13:54:09","modified_gmt":"2024-01-19T11:54:09","slug":"kirjojen-hakeminen","status":"publish","type":"page","link":"https:\/\/blogs.uef.fi\/tiedonhaku-yhteiskuntatiede\/kirjojen-hakeminen\/","title":{"rendered":"Kirjojen hakeminen"},"content":{"rendered":"\n<h2 class=\"wp-block-heading\"><\/h2>\n\n\n\n<p>Kirjat ovat hy\u00f6dyllisi\u00e4 l\u00e4hteit\u00e4, kun halutaan <strong>kokonaiskuva<\/strong> jostakin aiheesta, perustietoja ja -k\u00e4sitteit\u00e4, historiaa.<\/p>\n\n\n\n<h3 class=\"wp-block-heading\">K\u00e4yt\u00e4 kirjastotietokantoja<\/h3>\n\n\n\n<p>Kirjoja l\u00f6yt\u00e4\u00e4 helpoiten <strong>kirjastojen kokoelmatietokannoista<\/strong>. Jokaisella kirjastolla on ainakin toistaiseksi oma kokoelmatietokantansa, joista l\u00f6ytyy tietoja <strong>kirjojen lis\u00e4ksi my\u00f6s<\/strong>:<\/p>\n\n\n\n<ul class=\"wp-block-list\">\n<li><strong>julkaisusarjoissa<\/strong> ilmestyneist\u00e4 tutkimusraporteista ja selvityksist\u00e4 yms. (ei koske vain verkossa julkaistuja aineistoja)<\/li>\n\n\n\n<li><strong>v\u00e4it\u00f6skirjoista<\/strong> ja muista <strong>opinn\u00e4ytet\u00f6ist\u00e4<\/strong><\/li>\n<\/ul>\n\n\n\n<p>UEFin kirjaston tietokanta on upotettu <strong>UEF-Primoon: Haku kirjaston kokoelmista.<\/strong> UEF-Primossa n\u00e4kyy edell\u00e4mainittujen lis\u00e4ksi tiedot<\/p>\n\n\n\n<ul class=\"wp-block-list\">\n<li>lehdist\u00e4<\/li>\n\n\n\n<li>vapaakappaleista<\/li>\n<\/ul>\n\n\n\n<p>Lue lis\u00e4\u00e4 erityyppisten aineistojen j\u00e4ljitt\u00e4misest\u00e4 ja k\u00e4sillesaamisesta luvusta <a href=\"https:\/\/ueflibrarysoc.wordpress.com\/saatavuus\/\" target=\"_blank\" rel=\"noopener noreferrer\">Saatavuus<\/a>.<\/p>\n\n\n\n<h3 class=\"wp-block-heading\">HAKULAUSEET KIRJASTOTIETOKANNOISSA<strong><br><\/strong><\/h3>\n\n\n\n<p>Tavallisessa kirjastotietokannassa kannattaa k\u00e4ytt\u00e4\u00e4 <strong>niukasti AND-operaatioita<\/strong> \u2013 poikkeuksiakin toki on.<br>Sen sijaan on hyv\u00e4 muistaa <strong>vaihtoehtoiset hakusanat ja OR-operaattori.<\/strong><\/p>\n\n\n\n<h4 class=\"wp-block-heading\">KIRJOJA KANNATTAA USEIN HAKEA MY\u00d6S OMAA AIHETTA LAAJEMMIN<\/h4>\n\n\n\n<p>Kirjassa voi olla kappale aiheestasi, mutta tietokantaan tallennettu sis\u00e4ll\u00f6nkuvailu ei kerro asiasta kovin tarkasti, eik\u00e4 tietokantoihin ole tallennettu sis\u00e4llysluetteloita l\u00e4hesk\u00e4\u00e4n kaikista kirjoista.<br>Kokoomateosten yksitt\u00e4isi\u00e4 artikkeleita ei aina tallenneta erikseen kirjastotietokantaan, joten niidenkin sis\u00e4ll\u00f6nkuvailu on usein melko yleisell\u00e4 tasolla eik\u00e4 tee oikeutta yksitt\u00e4isille artikkeleille.<\/p>\n\n\n\n<p>Siksi kannattaa kokeilla my\u00f6s aihealueen laajemmin kattavia termej\u00e4. <em>Esimerkki:<\/em><\/p>\n\n\n\n<figure class=\"wp-block-image aligncenter\"><img loading=\"lazy\" decoding=\"async\" width=\"651\" height=\"307\" src=\"https:\/\/blogs.uef.fi\/tiedonhaku-yhteiskuntatiede\/wp-content\/uploads\/sites\/57\/2018\/12\/SYvaljenna.png\" alt=\"\" class=\"wp-image-937\" srcset=\"https:\/\/blogs.uef.fi\/tiedonhaku-yhteiskuntatiede\/wp-content\/uploads\/sites\/57\/2018\/12\/SYvaljenna.png 651w, https:\/\/blogs.uef.fi\/tiedonhaku-yhteiskuntatiede\/wp-content\/uploads\/sites\/57\/2018\/12\/SYvaljenna-300x141.png 300w\" sizes=\"auto, (max-width: 651px) 100vw, 651px\" \/><\/figure>\n\n\n\n<h3 class=\"wp-block-heading\">&nbsp;<\/h3>\n\n\n\n<h3 class=\"wp-block-heading\">Vinkkej\u00e4 hakuun UEF-Finnassa:<\/h3>\n\n\n\n<ul class=\"wp-block-list\">\n<li>kaikki aineisto&nbsp;<strong>ei l\u00f6ydy suomenkielisill\u00e4<\/strong>&nbsp;hakusanoilla (vanhempi aineisto, e-kirjat, sis\u00e4llysluettelot)<\/li>\n\n\n\n<li>voit hyvin testata aluksi<strong>&nbsp;yksitt\u00e4isi\u00e4 selkeit\u00e4<\/strong>&nbsp;hakutermej\u00e4<\/li>\n\n\n\n<li>muista&nbsp;<strong>k\u00e4ytt\u00e4\u00e4 katkaisumerkki\u00e4<\/strong>&nbsp;taivutusmuotojen l\u00f6yt\u00e4miseksi<\/li>\n<\/ul>\n\n\n\n<h3 class=\"wp-block-heading\">Esimerkkej\u00e4:<strong><br><\/strong><\/h3>\n\n\n\n<h4 class=\"wp-block-heading\">PIKAHAKU parilla sanalla:<\/h4>\n\n\n\n<figure class=\"wp-block-image aligncenter\"><img loading=\"lazy\" decoding=\"async\" width=\"1554\" height=\"261\" src=\"https:\/\/blogs.uef.fi\/tiedonhaku-yhteiskuntatiede\/wp-content\/uploads\/sites\/57\/2020\/01\/GEOprimopika.png\" alt=\"\" class=\"wp-image-1059\" srcset=\"https:\/\/blogs.uef.fi\/tiedonhaku-yhteiskuntatiede\/wp-content\/uploads\/sites\/57\/2020\/01\/GEOprimopika.png 1554w, https:\/\/blogs.uef.fi\/tiedonhaku-yhteiskuntatiede\/wp-content\/uploads\/sites\/57\/2020\/01\/GEOprimopika-300x50.png 300w, https:\/\/blogs.uef.fi\/tiedonhaku-yhteiskuntatiede\/wp-content\/uploads\/sites\/57\/2020\/01\/GEOprimopika-768x129.png 768w, https:\/\/blogs.uef.fi\/tiedonhaku-yhteiskuntatiede\/wp-content\/uploads\/sites\/57\/2020\/01\/GEOprimopika-1024x172.png 1024w, https:\/\/blogs.uef.fi\/tiedonhaku-yhteiskuntatiede\/wp-content\/uploads\/sites\/57\/2020\/01\/GEOprimopika-1180x198.png 1180w\" sizes=\"auto, (max-width: 1554px) 100vw, 1554px\" \/><\/figure>\n\n\n\n<h4 class=\"wp-block-heading\">MONIPUOLISEMPI haku:<\/h4>\n\n\n\n<figure class=\"wp-block-image aligncenter\"><img loading=\"lazy\" decoding=\"async\" width=\"1656\" height=\"254\" src=\"https:\/\/blogs.uef.fi\/tiedonhaku-yhteiskuntatiede\/wp-content\/uploads\/sites\/57\/2020\/01\/GEOprimopidempi.png\" alt=\"\" class=\"wp-image-1061\" srcset=\"https:\/\/blogs.uef.fi\/tiedonhaku-yhteiskuntatiede\/wp-content\/uploads\/sites\/57\/2020\/01\/GEOprimopidempi.png 1656w, https:\/\/blogs.uef.fi\/tiedonhaku-yhteiskuntatiede\/wp-content\/uploads\/sites\/57\/2020\/01\/GEOprimopidempi-300x46.png 300w, https:\/\/blogs.uef.fi\/tiedonhaku-yhteiskuntatiede\/wp-content\/uploads\/sites\/57\/2020\/01\/GEOprimopidempi-768x118.png 768w, https:\/\/blogs.uef.fi\/tiedonhaku-yhteiskuntatiede\/wp-content\/uploads\/sites\/57\/2020\/01\/GEOprimopidempi-1024x157.png 1024w, https:\/\/blogs.uef.fi\/tiedonhaku-yhteiskuntatiede\/wp-content\/uploads\/sites\/57\/2020\/01\/GEOprimopidempi-1180x181.png 1180w\" sizes=\"auto, (max-width: 1656px) 100vw, 1656px\" \/><\/figure>\n\n\n\n<h4 class=\"wp-block-heading\">TARKENNETTU HAKU:<\/h4>\n\n\n\n<figure class=\"wp-block-image aligncenter\"><img loading=\"lazy\" decoding=\"async\" width=\"1630\" height=\"679\" src=\"https:\/\/blogs.uef.fi\/tiedonhaku-yhteiskuntatiede\/wp-content\/uploads\/sites\/57\/2020\/01\/GEOprimotarkennettu.png\" alt=\"\" class=\"wp-image-1063\" srcset=\"https:\/\/blogs.uef.fi\/tiedonhaku-yhteiskuntatiede\/wp-content\/uploads\/sites\/57\/2020\/01\/GEOprimotarkennettu.png 1630w, https:\/\/blogs.uef.fi\/tiedonhaku-yhteiskuntatiede\/wp-content\/uploads\/sites\/57\/2020\/01\/GEOprimotarkennettu-300x125.png 300w, https:\/\/blogs.uef.fi\/tiedonhaku-yhteiskuntatiede\/wp-content\/uploads\/sites\/57\/2020\/01\/GEOprimotarkennettu-768x320.png 768w, https:\/\/blogs.uef.fi\/tiedonhaku-yhteiskuntatiede\/wp-content\/uploads\/sites\/57\/2020\/01\/GEOprimotarkennettu-1024x427.png 1024w, https:\/\/blogs.uef.fi\/tiedonhaku-yhteiskuntatiede\/wp-content\/uploads\/sites\/57\/2020\/01\/GEOprimotarkennettu-912x380.png 912w\" sizes=\"auto, (max-width: 1630px) 100vw, 1630px\" \/><\/figure>\n\n\n\n<h4 class=\"wp-block-heading\">MY\u00d6S MUILLA KIELILL\u00c4 kannattaa hakea:<\/h4>\n\n\n\n<figure class=\"wp-block-image aligncenter\"><img loading=\"lazy\" decoding=\"async\" width=\"654\" height=\"330\" src=\"https:\/\/blogs.uef.fi\/tiedonhaku-yhteiskuntatiede\/wp-content\/uploads\/sites\/57\/2020\/01\/GEOprimotarkengl.png\" alt=\"\" class=\"wp-image-1065\" srcset=\"https:\/\/blogs.uef.fi\/tiedonhaku-yhteiskuntatiede\/wp-content\/uploads\/sites\/57\/2020\/01\/GEOprimotarkengl.png 654w, https:\/\/blogs.uef.fi\/tiedonhaku-yhteiskuntatiede\/wp-content\/uploads\/sites\/57\/2020\/01\/GEOprimotarkengl-300x151.png 300w\" sizes=\"auto, (max-width: 654px) 100vw, 654px\" \/><\/figure>\n\n\n\n<h3 class=\"wp-block-heading\">Kirjat suomalaisissa kirjastoissa<\/h3>\n\n\n\n<p><strong>Kansallinen Finna-palvelu<\/strong>, <a href=\"http:\/\/finna.fi\" target=\"_blank\" rel=\"noopener noreferrer\">finna.fi<\/a>, on koonnut yhteen tiedot kaikesta Suomessa julkaistusta kirjallisuudesta (ns. kansallisbibliografia), sek\u00e4 useimpien yliopistokirjastojen omat tietokannat. Sielt\u00e4 saa siis kattavan kuvan Suomessa tarjolla olevasta tieteellisest\u00e4 kirjallisuudesta. Lis\u00e4ksi palveluun on liitetty kotimaisia museoita ja arkistoja.<\/p>\n\n\n\n<figure class=\"wp-block-image aligncenter\"><img loading=\"lazy\" decoding=\"async\" width=\"976\" height=\"447\" src=\"https:\/\/blogs.uef.fi\/tiedonhaku-yhteiskuntatiede\/wp-content\/uploads\/sites\/57\/2018\/12\/METfinna.png\" alt=\"\" class=\"wp-image-925\" srcset=\"https:\/\/blogs.uef.fi\/tiedonhaku-yhteiskuntatiede\/wp-content\/uploads\/sites\/57\/2018\/12\/METfinna.png 976w, https:\/\/blogs.uef.fi\/tiedonhaku-yhteiskuntatiede\/wp-content\/uploads\/sites\/57\/2018\/12\/METfinna-300x137.png 300w, https:\/\/blogs.uef.fi\/tiedonhaku-yhteiskuntatiede\/wp-content\/uploads\/sites\/57\/2018\/12\/METfinna-768x352.png 768w, https:\/\/blogs.uef.fi\/tiedonhaku-yhteiskuntatiede\/wp-content\/uploads\/sites\/57\/2018\/12\/METfinna-830x380.png 830w\" sizes=\"auto, (max-width: 976px) 100vw, 976px\" \/><\/figure>\n\n\n\n<p>Finnasta n\u00e4kyy heti, miss\u00e4 kirjastoissa kirjaa on, my\u00f6s It\u00e4-Suomen yliopiston kirjat. Huom! Et voi varata kirjaa kansallisen Finnan kautta, vaikka ohjelma sit\u00e4 ehdottaakin!<\/p>\n\n\n\n<figure class=\"wp-block-image aligncenter\"><img loading=\"lazy\" decoding=\"async\" width=\"568\" height=\"316\" src=\"https:\/\/blogs.uef.fi\/tiedonhaku-yhteiskuntatiede\/wp-content\/uploads\/sites\/57\/2018\/12\/SYkirjafinnassa.png\" alt=\"\" class=\"wp-image-927\" srcset=\"https:\/\/blogs.uef.fi\/tiedonhaku-yhteiskuntatiede\/wp-content\/uploads\/sites\/57\/2018\/12\/SYkirjafinnassa.png 568w, https:\/\/blogs.uef.fi\/tiedonhaku-yhteiskuntatiede\/wp-content\/uploads\/sites\/57\/2018\/12\/SYkirjafinnassa-300x167.png 300w\" sizes=\"auto, (max-width: 568px) 100vw, 568px\" \/><\/figure>\n\n\n\n<h4 class=\"wp-block-heading\">OHJEITA FINNAAN:<\/h4>\n\n\n\n<ul class=\"wp-block-list\">\n<li><strong>operaattoreita<\/strong>&nbsp;AND, OR ja NOT voi k\u00e4ytt\u00e4\u00e4, mutta NE PIT\u00c4\u00c4&nbsp;<strong>KIRJOITTAA ISOLLA<\/strong><\/li>\n\n\n\n<li>oletusarvona&nbsp;<strong>sanojen v\u00e4lill\u00e4 on AND<\/strong>, jos mit\u00e4\u00e4n ei kirjoiteta<\/li>\n\n\n\n<li>fraasin merkkin\u00e4 ovat l<strong>ainausmerkit<\/strong>; fraasin sis\u00e4ll\u00e4 sanoja ei voi katkaista<\/li>\n\n\n\n<li><strong>katkaisumerkki on *<\/strong>, sanan voi katkaista lopusta ja keskelt\u00e4<\/li>\n\n\n\n<li>Finna tunnistaa suomen kielen\u00a0<strong>sanojen taivutusmuotoja<\/strong>\u00a0ja hakee automaattisesti yhdyssanojakin. Mutta:\n<ul class=\"wp-block-list\">\n<li>katkaistua sanaa se ei tunnista, joten&nbsp;<strong>katkaisumerkki\u00e4kin tarvitaan<\/strong><\/li>\n<\/ul>\n<\/li>\n\n\n\n<li><strong>englannin kielest\u00e4<\/strong>&nbsp;Finna hakeaa automaattisesti yksik\u00f6n\/monikon<\/li>\n\n\n\n<li>eri&nbsp;<strong>kirjoitusmuotoja<\/strong>&nbsp;se ei tunnista&nbsp;<em>(color\/colour<\/em>)<\/li>\n\n\n\n<li>mit\u00e4\u00e4n&nbsp;<strong>johdannaisia<\/strong>&nbsp;se ei tunnista (<em>algebra\/algebraic<\/em>)<\/li>\n\n\n\n<li><strong>kirjoitusvirheit\u00e4<\/strong>&nbsp;Finna ei osaa korjata<\/li>\n\n\n\n<li>haluttaessa hakea&nbsp;<strong>sanaa tarkasti, ilman<\/strong>&nbsp;yhdyssanoja ja taivutusmuotoja, k\u00e4ytet\u00e4\u00e4n lainausmerkkej\u00e4<\/li>\n\n\n\n<li>tietueissa voi n\u00e4ky\u00e4 ns.udk- luokituskoodeja, jotka ovat linkkej\u00e4: klikkaamalla voit l\u00f6yt\u00e4\u00e4 samankaltaisia julkaisuja<\/li>\n<\/ul>\n\n\n\n<h4 class=\"wp-block-heading\">YHDYSSANAT FINNASSA (SUOMEN KIELI)<\/h4>\n\n\n\n<ul class=\"wp-block-list\">\n<li>yhdyssana hakusanana hakee my\u00f6s sanan eri osat, siis:&nbsp;<strong>alkutila<\/strong>&nbsp;hakee paitsi yhdyssanan alkutila, my\u00f6s&nbsp;<strong>alku AND tila<\/strong>&nbsp;(taivutusmuotoineen)<\/li>\n\n\n\n<li>jos haluaa&nbsp;<em>vain<\/em>&nbsp;yhdyssanan, se onnistuu lainausmerkein&nbsp;<strong>\u201calkutila\u201d<\/strong>&nbsp;(ei taivutusmuotoja) tai katkaisumerkin avulla&nbsp;<strong>alkutil*<\/strong>&nbsp;(taivutusmuodot tulevat mukaan)<\/li>\n<\/ul>\n\n\n\n<h2 class=\"wp-block-heading\">E-kirjat<\/h2>\n\n\n\n<p>E-kirjojen tiedot on tallennettu UEF-Primoon ja l\u00f6yd\u00e4t niit\u00e4 sielt\u00e4 erityisesti jos k\u00e4yt\u00e4t englanninkielisi\u00e4 hakusanoja. Mutta jos haluat tehd\u00e4 hakua my\u00f6s kirjojen kokotekstist\u00e4, sinun pit\u00e4\u00e4 k\u00e4ytt\u00e4\u00e4 e-kirjatietokantojen omia k\u00e4ytt\u00f6liittymi\u00e4.<\/p>\n\n\n\n<p>Kokotekstihausta on hy\u00f6ty\u00e4 silloin, jos etsit kirjasta jotakin pienemp\u00e4\u00e4 yksityiskohtaa tai tietty\u00e4 yksitt\u00e4ist\u00e4 termi\u00e4, joka liittyy johonkin \u201dharvinaiseen\u201d, v\u00e4h\u00e4n k\u00e4siteltyyn asiaan.<\/p>\n\n\n\n<h3 class=\"wp-block-heading\">E-kirjatietokannat:<\/h3>\n\n\n\n<ul class=\"wp-block-list\">\n<li><a href=\"https:\/\/primo.uef.fi\/permalink\/358FIN_UOEF\/1jnohnf\/alma9911701123705966\" target=\"_blank\" rel=\"noopener noreferrer\">Ebsco eBook Collection<\/a><\/li>\n\n\n\n<li><a href=\"https:\/\/primo.uef.fi\/permalink\/358FIN_UOEF\/1jnohnf\/alma9911697663705966\" target=\"_blank\" rel=\"noopener noreferrer\">Ebook Central<\/a><\/li>\n<\/ul>\n\n\n\n<h2 class=\"wp-block-heading\">Google Books<\/h2>\n\n\n\n<p><a href=\"http:\/\/books.google.fi\/\" target=\"_blank\" rel=\"noopener noreferrer\">Google Books<\/a>&#8217;in avulla voit kohdistaa hakua kirjojen kokotekstiin, mik\u00e4 ei onnistu kirjastotietokannoissa. Google Booksissa on luettavissa osia kirjoista, mutta jos tarvitset koko kirjan, voit tarkistaa onko kirjastossa sit\u00e4 saatavilla.<\/p>\n","protected":false},"excerpt":{"rendered":"<p>Kirjat ovat hy\u00f6dyllisi\u00e4 l\u00e4hteit\u00e4, kun halutaan kokonaiskuva jostakin aiheesta, perustietoja ja -k\u00e4sitteit\u00e4, historiaa. K\u00e4yt\u00e4 kirjastotietokantoja Kirjoja l\u00f6yt\u00e4\u00e4 helpoiten kirjastojen kokoelmatietokannoista. Jokaisella kirjastolla on ainakin toistaiseksi oma kokoelmatietokantansa, joista l\u00f6ytyy tietoja kirjojen lis\u00e4ksi my\u00f6s: UEFin kirjaston tietokanta on upotettu UEF-Primoon: Haku kirjaston kokoelmista. UEF-Primossa n\u00e4kyy edell\u00e4mainittujen lis\u00e4ksi tiedot Lue lis\u00e4\u00e4 erityyppisten aineistojen j\u00e4ljitt\u00e4misest\u00e4 ja k\u00e4sillesaamisesta luvusta [&hellip;]<\/p>\n","protected":false},"author":127,"featured_media":0,"parent":0,"menu_order":0,"comment_status":"closed","ping_status":"closed","template":"","meta":{"_acf_changed":false,"footnotes":""},"class_list":["post-255","page","type-page","status-publish","hentry"],"acf":[],"yoast_head":"<!-- This site is optimized with the Yoast SEO plugin v27.1.1 - https:\/\/yoast.com\/product\/yoast-seo-wordpress\/ -->\n<title>Kirjojen hakeminen - Yhteiskuntatieteen tiedonhaku \/ UEF kirjasto<\/title>\n<meta name=\"robots\" content=\"index, follow, max-snippet:-1, max-image-preview:large, max-video-preview:-1\" \/>\n<link rel=\"canonical\" href=\"https:\/\/blogs.uef.fi\/tiedonhaku-yhteiskuntatiede\/kirjojen-hakeminen\/\" \/>\n<meta property=\"og:locale\" content=\"fi_FI\" \/>\n<meta property=\"og:type\" content=\"article\" \/>\n<meta property=\"og:title\" content=\"Kirjojen hakeminen - Yhteiskuntatieteen tiedonhaku \/ UEF kirjasto\" \/>\n<meta property=\"og:description\" content=\"Kirjat ovat hy\u00f6dyllisi\u00e4 l\u00e4hteit\u00e4, kun halutaan kokonaiskuva jostakin aiheesta, perustietoja ja -k\u00e4sitteit\u00e4, historiaa. K\u00e4yt\u00e4 kirjastotietokantoja Kirjoja l\u00f6yt\u00e4\u00e4 helpoiten kirjastojen kokoelmatietokannoista. Jokaisella kirjastolla on ainakin toistaiseksi oma kokoelmatietokantansa, joista l\u00f6ytyy tietoja kirjojen lis\u00e4ksi my\u00f6s: UEFin kirjaston tietokanta on upotettu UEF-Primoon: Haku kirjaston kokoelmista. UEF-Primossa n\u00e4kyy edell\u00e4mainittujen lis\u00e4ksi tiedot Lue lis\u00e4\u00e4 erityyppisten aineistojen j\u00e4ljitt\u00e4misest\u00e4 ja k\u00e4sillesaamisesta luvusta [&hellip;]\" \/>\n<meta property=\"og:url\" content=\"https:\/\/blogs.uef.fi\/tiedonhaku-yhteiskuntatiede\/kirjojen-hakeminen\/\" \/>\n<meta property=\"og:site_name\" content=\"Yhteiskuntatieteen tiedonhaku \/ UEF kirjasto\" \/>\n<meta property=\"article:modified_time\" content=\"2024-01-19T11:54:09+00:00\" \/>\n<meta property=\"og:image\" content=\"https:\/\/blogs.uef.fi\/tiedonhaku-yhteiskuntatiede\/wp-content\/uploads\/sites\/57\/2018\/12\/SYvaljenna.png\" \/>\n<meta name=\"twitter:card\" content=\"summary_large_image\" \/>\n<meta name=\"twitter:label1\" content=\"Arvioitu lukuaika\" \/>\n\t<meta name=\"twitter:data1\" content=\"5 minuuttia\" \/>\n<script type=\"application\/ld+json\" class=\"yoast-schema-graph\">{\"@context\":\"https:\/\/schema.org\",\"@graph\":[{\"@type\":\"WebPage\",\"@id\":\"https:\/\/blogs.uef.fi\/tiedonhaku-yhteiskuntatiede\/kirjojen-hakeminen\/\",\"url\":\"https:\/\/blogs.uef.fi\/tiedonhaku-yhteiskuntatiede\/kirjojen-hakeminen\/\",\"name\":\"Kirjojen hakeminen - Yhteiskuntatieteen tiedonhaku \/ UEF kirjasto\",\"isPartOf\":{\"@id\":\"https:\/\/blogs.uef.fi\/tiedonhaku-yhteiskuntatiede\/#website\"},\"primaryImageOfPage\":{\"@id\":\"https:\/\/blogs.uef.fi\/tiedonhaku-yhteiskuntatiede\/kirjojen-hakeminen\/#primaryimage\"},\"image\":{\"@id\":\"https:\/\/blogs.uef.fi\/tiedonhaku-yhteiskuntatiede\/kirjojen-hakeminen\/#primaryimage\"},\"thumbnailUrl\":\"https:\/\/blogs.uef.fi\/tiedonhaku-yhteiskuntatiede\/wp-content\/uploads\/sites\/57\/2018\/12\/SYvaljenna.png\",\"datePublished\":\"2015-11-26T08:48:34+00:00\",\"dateModified\":\"2024-01-19T11:54:09+00:00\",\"breadcrumb\":{\"@id\":\"https:\/\/blogs.uef.fi\/tiedonhaku-yhteiskuntatiede\/kirjojen-hakeminen\/#breadcrumb\"},\"inLanguage\":\"fi\",\"potentialAction\":[{\"@type\":\"ReadAction\",\"target\":[\"https:\/\/blogs.uef.fi\/tiedonhaku-yhteiskuntatiede\/kirjojen-hakeminen\/\"]}]},{\"@type\":\"ImageObject\",\"inLanguage\":\"fi\",\"@id\":\"https:\/\/blogs.uef.fi\/tiedonhaku-yhteiskuntatiede\/kirjojen-hakeminen\/#primaryimage\",\"url\":\"https:\/\/blogs.uef.fi\/tiedonhaku-yhteiskuntatiede\/wp-content\/uploads\/sites\/57\/2018\/12\/SYvaljenna.png\",\"contentUrl\":\"https:\/\/blogs.uef.fi\/tiedonhaku-yhteiskuntatiede\/wp-content\/uploads\/sites\/57\/2018\/12\/SYvaljenna.png\",\"width\":651,\"height\":307},{\"@type\":\"BreadcrumbList\",\"@id\":\"https:\/\/blogs.uef.fi\/tiedonhaku-yhteiskuntatiede\/kirjojen-hakeminen\/#breadcrumb\",\"itemListElement\":[{\"@type\":\"ListItem\",\"position\":1,\"name\":\"Home\",\"item\":\"https:\/\/blogs.uef.fi\/tiedonhaku-yhteiskuntatiede\/\"},{\"@type\":\"ListItem\",\"position\":2,\"name\":\"Kirjojen hakeminen\"}]},{\"@type\":\"WebSite\",\"@id\":\"https:\/\/blogs.uef.fi\/tiedonhaku-yhteiskuntatiede\/#website\",\"url\":\"https:\/\/blogs.uef.fi\/tiedonhaku-yhteiskuntatiede\/\",\"name\":\"Yhteiskuntatieteen tiedonhaku \/ UEF kirjasto\",\"description\":\"\",\"potentialAction\":[{\"@type\":\"SearchAction\",\"target\":{\"@type\":\"EntryPoint\",\"urlTemplate\":\"https:\/\/blogs.uef.fi\/tiedonhaku-yhteiskuntatiede\/?s={search_term_string}\"},\"query-input\":{\"@type\":\"PropertyValueSpecification\",\"valueRequired\":true,\"valueName\":\"search_term_string\"}}],\"inLanguage\":\"fi\"}]}<\/script>\n<!-- \/ Yoast SEO plugin. -->","yoast_head_json":{"title":"Kirjojen hakeminen - Yhteiskuntatieteen tiedonhaku \/ UEF kirjasto","robots":{"index":"index","follow":"follow","max-snippet":"max-snippet:-1","max-image-preview":"max-image-preview:large","max-video-preview":"max-video-preview:-1"},"canonical":"https:\/\/blogs.uef.fi\/tiedonhaku-yhteiskuntatiede\/kirjojen-hakeminen\/","og_locale":"fi_FI","og_type":"article","og_title":"Kirjojen hakeminen - Yhteiskuntatieteen tiedonhaku \/ UEF kirjasto","og_description":"Kirjat ovat hy\u00f6dyllisi\u00e4 l\u00e4hteit\u00e4, kun halutaan kokonaiskuva jostakin aiheesta, perustietoja ja -k\u00e4sitteit\u00e4, historiaa. K\u00e4yt\u00e4 kirjastotietokantoja Kirjoja l\u00f6yt\u00e4\u00e4 helpoiten kirjastojen kokoelmatietokannoista. Jokaisella kirjastolla on ainakin toistaiseksi oma kokoelmatietokantansa, joista l\u00f6ytyy tietoja kirjojen lis\u00e4ksi my\u00f6s: UEFin kirjaston tietokanta on upotettu UEF-Primoon: Haku kirjaston kokoelmista. UEF-Primossa n\u00e4kyy edell\u00e4mainittujen lis\u00e4ksi tiedot Lue lis\u00e4\u00e4 erityyppisten aineistojen j\u00e4ljitt\u00e4misest\u00e4 ja k\u00e4sillesaamisesta luvusta [&hellip;]","og_url":"https:\/\/blogs.uef.fi\/tiedonhaku-yhteiskuntatiede\/kirjojen-hakeminen\/","og_site_name":"Yhteiskuntatieteen tiedonhaku \/ UEF kirjasto","article_modified_time":"2024-01-19T11:54:09+00:00","og_image":[{"url":"https:\/\/blogs.uef.fi\/tiedonhaku-yhteiskuntatiede\/wp-content\/uploads\/sites\/57\/2018\/12\/SYvaljenna.png","type":"","width":"","height":""}],"twitter_card":"summary_large_image","twitter_misc":{"Arvioitu lukuaika":"5 minuuttia"},"schema":{"@context":"https:\/\/schema.org","@graph":[{"@type":"WebPage","@id":"https:\/\/blogs.uef.fi\/tiedonhaku-yhteiskuntatiede\/kirjojen-hakeminen\/","url":"https:\/\/blogs.uef.fi\/tiedonhaku-yhteiskuntatiede\/kirjojen-hakeminen\/","name":"Kirjojen hakeminen - Yhteiskuntatieteen tiedonhaku \/ UEF kirjasto","isPartOf":{"@id":"https:\/\/blogs.uef.fi\/tiedonhaku-yhteiskuntatiede\/#website"},"primaryImageOfPage":{"@id":"https:\/\/blogs.uef.fi\/tiedonhaku-yhteiskuntatiede\/kirjojen-hakeminen\/#primaryimage"},"image":{"@id":"https:\/\/blogs.uef.fi\/tiedonhaku-yhteiskuntatiede\/kirjojen-hakeminen\/#primaryimage"},"thumbnailUrl":"https:\/\/blogs.uef.fi\/tiedonhaku-yhteiskuntatiede\/wp-content\/uploads\/sites\/57\/2018\/12\/SYvaljenna.png","datePublished":"2015-11-26T08:48:34+00:00","dateModified":"2024-01-19T11:54:09+00:00","breadcrumb":{"@id":"https:\/\/blogs.uef.fi\/tiedonhaku-yhteiskuntatiede\/kirjojen-hakeminen\/#breadcrumb"},"inLanguage":"fi","potentialAction":[{"@type":"ReadAction","target":["https:\/\/blogs.uef.fi\/tiedonhaku-yhteiskuntatiede\/kirjojen-hakeminen\/"]}]},{"@type":"ImageObject","inLanguage":"fi","@id":"https:\/\/blogs.uef.fi\/tiedonhaku-yhteiskuntatiede\/kirjojen-hakeminen\/#primaryimage","url":"https:\/\/blogs.uef.fi\/tiedonhaku-yhteiskuntatiede\/wp-content\/uploads\/sites\/57\/2018\/12\/SYvaljenna.png","contentUrl":"https:\/\/blogs.uef.fi\/tiedonhaku-yhteiskuntatiede\/wp-content\/uploads\/sites\/57\/2018\/12\/SYvaljenna.png","width":651,"height":307},{"@type":"BreadcrumbList","@id":"https:\/\/blogs.uef.fi\/tiedonhaku-yhteiskuntatiede\/kirjojen-hakeminen\/#breadcrumb","itemListElement":[{"@type":"ListItem","position":1,"name":"Home","item":"https:\/\/blogs.uef.fi\/tiedonhaku-yhteiskuntatiede\/"},{"@type":"ListItem","position":2,"name":"Kirjojen hakeminen"}]},{"@type":"WebSite","@id":"https:\/\/blogs.uef.fi\/tiedonhaku-yhteiskuntatiede\/#website","url":"https:\/\/blogs.uef.fi\/tiedonhaku-yhteiskuntatiede\/","name":"Yhteiskuntatieteen tiedonhaku \/ UEF kirjasto","description":"","potentialAction":[{"@type":"SearchAction","target":{"@type":"EntryPoint","urlTemplate":"https:\/\/blogs.uef.fi\/tiedonhaku-yhteiskuntatiede\/?s={search_term_string}"},"query-input":{"@type":"PropertyValueSpecification","valueRequired":true,"valueName":"search_term_string"}}],"inLanguage":"fi"}]}},"_links":{"self":[{"href":"https:\/\/blogs.uef.fi\/tiedonhaku-yhteiskuntatiede\/wp-json\/wp\/v2\/pages\/255","targetHints":{"allow":["GET"]}}],"collection":[{"href":"https:\/\/blogs.uef.fi\/tiedonhaku-yhteiskuntatiede\/wp-json\/wp\/v2\/pages"}],"about":[{"href":"https:\/\/blogs.uef.fi\/tiedonhaku-yhteiskuntatiede\/wp-json\/wp\/v2\/types\/page"}],"author":[{"embeddable":true,"href":"https:\/\/blogs.uef.fi\/tiedonhaku-yhteiskuntatiede\/wp-json\/wp\/v2\/users\/127"}],"replies":[{"embeddable":true,"href":"https:\/\/blogs.uef.fi\/tiedonhaku-yhteiskuntatiede\/wp-json\/wp\/v2\/comments?post=255"}],"version-history":[{"count":1,"href":"https:\/\/blogs.uef.fi\/tiedonhaku-yhteiskuntatiede\/wp-json\/wp\/v2\/pages\/255\/revisions"}],"predecessor-version":[{"id":2048,"href":"https:\/\/blogs.uef.fi\/tiedonhaku-yhteiskuntatiede\/wp-json\/wp\/v2\/pages\/255\/revisions\/2048"}],"wp:attachment":[{"href":"https:\/\/blogs.uef.fi\/tiedonhaku-yhteiskuntatiede\/wp-json\/wp\/v2\/media?parent=255"}],"curies":[{"name":"wp","href":"https:\/\/api.w.org\/{rel}","templated":true}]}}