{"id":233,"date":"2015-11-26T08:44:14","date_gmt":"2015-11-26T08:44:14","guid":{"rendered":"https:\/\/ueflibrarysoc.wordpress.com\/?page_id=233"},"modified":"2024-02-19T15:15:44","modified_gmt":"2024-02-19T13:15:44","slug":"artikkelien-hakeminen","status":"publish","type":"page","link":"https:\/\/blogs.uef.fi\/tiedonhaku-yhteiskuntatiede\/artikkelien-hakeminen\/","title":{"rendered":"Artikkelien hakeminen kansainv\u00e4lisist\u00e4 lehdist\u00e4"},"content":{"rendered":"\n<p>Artikkelit ovat arvostettuja ja paljon k\u00e4ytettyj\u00e4 l\u00e4hteit\u00e4 yhteiskuntatieteiss\u00e4. Ne v\u00e4litt\u00e4v\u00e4t tietoa jostakin <strong>tarkoin rajatusta<\/strong> aiheesta, tuottavat <strong>uutta tietoa<\/strong> ja yleens\u00e4 olettavat, ett\u00e4 lukijalla on jo perustiedot aihepiirist\u00e4 hallussaan.<br>Laajoja katsauksia johonkin hyvin yleiseen aiheeseen, kuten \u2018<em>eriarvoistuminen<\/em>\u2018, l\u00f6ytyy harvemmin artikkeleista.<\/p>\n\n\n\n<p>T\u00e4m\u00e4n vuoksi artikkeleita hakiessa voi k\u00e4ytt\u00e4\u00e4 <strong>tarkkoja hakutermej\u00e4 ja useitakin AND-operaatioita.<\/strong> My\u00f6s <strong>fraasien<\/strong> k\u00e4ytt\u00f6\u00e4 AND-operaatioiden sijaan voi harkita. <strong>Vaihtoehtoiset ilmaisumuodot<\/strong> ovat kuitenkin my\u00f6s t\u00e4rkeit\u00e4. Haun tulosta voi rajata kohdistamalla hakua vain <strong>Title (otsikko) tai Keyword\/Subject (asiasanat)<\/strong> -kenttiin.<\/p>\n\n\n\n<p><span style=\"color: #800000\"><strong>Kansainv\u00e4lisiss\u00e4 tietokannoissa hakutekniikat ovat kesken\u00e4\u00e4n hyvin samankaltaisia:<\/strong><\/span><\/p>\n\n\n\n<ul class=\"wp-block-list\">\n<li>katkaisumerkki *, fraasi lainausmerkkeihin<\/li>\n\n\n\n<li>yksikk\u00f6muotoinen sana l\u00f6yt\u00e4\u00e4 my\u00f6s monikon ja p\u00e4invastoin; joskus my\u00f6s muita johdannaisia:<em> risk &#8211; risks<br><\/em><\/li>\n\n\n\n<li>ylesimm\u00e4t kirjoitusasun vaihtelut tunnistetaan automaattisesti: <em>color \u2013 colour<\/em><\/li>\n<\/ul>\n\n\n\n<p>Suuren samankaltaisuuden vuoksi on sit\u00e4kin t\u00e4rke\u00e4mp\u00e4\u00e4 olla selvill\u00e4 my\u00f6s pienist\u00e4 <strong>eroavaisuuksista:<\/strong><\/p>\n\n\n\n<ul class=\"wp-block-list\">\n<li>OR-operaatio toteutetaan ennen AND-operaatiota (Scopus)<\/li>\n\n\n\n<li>lainausmerkkien k\u00e4ytt\u00f6 kumoaa yksikk\u00f6-monikko -automatiikan (Web of Science, ProQuest, Ebsco)<\/li>\n<\/ul>\n\n\n\n<p>Esimerkki<strong> Web of Science <\/strong>-tietokannasta:<\/p>\n\n\n\n<figure class=\"wp-block-image\"><img loading=\"lazy\" decoding=\"async\" width=\"964\" height=\"378\" src=\"https:\/\/blogs.uef.fi\/tiedonhaku-yhteiskuntatiede\/wp-content\/uploads\/sites\/57\/2015\/11\/webos.png\" alt=\"WebOS\" class=\"wp-image-248\" srcset=\"https:\/\/blogs.uef.fi\/tiedonhaku-yhteiskuntatiede\/wp-content\/uploads\/sites\/57\/2015\/11\/webos.png 964w, https:\/\/blogs.uef.fi\/tiedonhaku-yhteiskuntatiede\/wp-content\/uploads\/sites\/57\/2015\/11\/webos-300x118.png 300w, https:\/\/blogs.uef.fi\/tiedonhaku-yhteiskuntatiede\/wp-content\/uploads\/sites\/57\/2015\/11\/webos-768x301.png 768w\" sizes=\"auto, (max-width: 964px) 100vw, 964px\" \/><\/figure>\n\n\n\n<p>Esimerkki <strong>ProQuest<\/strong> -tietokannasta. Hakuun on t\u00e4ss\u00e4 valittu ryhm\u00e4 &#8217;Social science premiun collection&#8217;, joka sis\u00e4lt\u00e4\u00e4 mm. &#8217;Sociologiocal abstracts&#8217; -tietokannan. <em>Change databases<\/em> -linkist\u00e4 voi haun vaihtaa kohdistumaan esim. kaikkiin tietokantoihin.<\/p>\n\n\n\n<figure class=\"wp-block-image\"><img loading=\"lazy\" decoding=\"async\" width=\"1213\" height=\"665\" src=\"https:\/\/blogs.uef.fi\/tiedonhaku-yhteiskuntatiede\/wp-content\/uploads\/sites\/57\/2017\/04\/pq.png\" alt=\"PQ\" class=\"wp-image-610\" srcset=\"https:\/\/blogs.uef.fi\/tiedonhaku-yhteiskuntatiede\/wp-content\/uploads\/sites\/57\/2017\/04\/pq.png 1213w, https:\/\/blogs.uef.fi\/tiedonhaku-yhteiskuntatiede\/wp-content\/uploads\/sites\/57\/2017\/04\/pq-300x164.png 300w, https:\/\/blogs.uef.fi\/tiedonhaku-yhteiskuntatiede\/wp-content\/uploads\/sites\/57\/2017\/04\/pq-768x421.png 768w, https:\/\/blogs.uef.fi\/tiedonhaku-yhteiskuntatiede\/wp-content\/uploads\/sites\/57\/2017\/04\/pq-1024x561.png 1024w\" sizes=\"auto, (max-width: 1213px) 100vw, 1213px\" \/><\/figure>\n\n\n\n<p>Esimerkki <strong>Scopuksesta<\/strong>:<\/p>\n\n\n\n<figure class=\"wp-block-image\"><img loading=\"lazy\" decoding=\"async\" width=\"1345\" height=\"485\" src=\"https:\/\/blogs.uef.fi\/tiedonhaku-yhteiskuntatiede\/wp-content\/uploads\/sites\/57\/2017\/01\/syscopus.jpg\" alt=\"syscopus\" class=\"wp-image-599\" srcset=\"https:\/\/blogs.uef.fi\/tiedonhaku-yhteiskuntatiede\/wp-content\/uploads\/sites\/57\/2017\/01\/syscopus.jpg 1345w, https:\/\/blogs.uef.fi\/tiedonhaku-yhteiskuntatiede\/wp-content\/uploads\/sites\/57\/2017\/01\/syscopus-300x108.jpg 300w, https:\/\/blogs.uef.fi\/tiedonhaku-yhteiskuntatiede\/wp-content\/uploads\/sites\/57\/2017\/01\/syscopus-768x277.jpg 768w, https:\/\/blogs.uef.fi\/tiedonhaku-yhteiskuntatiede\/wp-content\/uploads\/sites\/57\/2017\/01\/syscopus-1024x369.jpg 1024w\" sizes=\"auto, (max-width: 1345px) 100vw, 1345px\" \/><\/figure>\n\n\n\n<p>Esimerkki <strong>EBSCOhostista<\/strong>:<\/p>\n\n\n\n<figure class=\"wp-block-image\"><img loading=\"lazy\" decoding=\"async\" width=\"1072\" height=\"381\" src=\"https:\/\/blogs.uef.fi\/tiedonhaku-yhteiskuntatiede\/wp-content\/uploads\/sites\/57\/2017\/01\/syebsco.jpg\" alt=\"syebsco\" class=\"wp-image-597\" srcset=\"https:\/\/blogs.uef.fi\/tiedonhaku-yhteiskuntatiede\/wp-content\/uploads\/sites\/57\/2017\/01\/syebsco.jpg 1072w, https:\/\/blogs.uef.fi\/tiedonhaku-yhteiskuntatiede\/wp-content\/uploads\/sites\/57\/2017\/01\/syebsco-300x107.jpg 300w, https:\/\/blogs.uef.fi\/tiedonhaku-yhteiskuntatiede\/wp-content\/uploads\/sites\/57\/2017\/01\/syebsco-768x273.jpg 768w, https:\/\/blogs.uef.fi\/tiedonhaku-yhteiskuntatiede\/wp-content\/uploads\/sites\/57\/2017\/01\/syebsco-1024x364.jpg 1024w\" sizes=\"auto, (max-width: 1072px) 100vw, 1072px\" \/><\/figure>\n\n\n\n<p>Ebscon k\u00e4ytt\u00f6liittym\u00e4n kautta voi hakea useampaa tietokantaa yht\u00e4 aikaa. Hy\u00f6dyllisin n\u00e4ist\u00e4 on SocINDEX, josta artikkeleita kokonaisina. eBook Collection tuo hakuu kokonaisia kirjoja.<\/p>\n\n\n\n<figure class=\"wp-block-image aligncenter\"><img loading=\"lazy\" decoding=\"async\" width=\"1472\" height=\"839\" src=\"https:\/\/blogs.uef.fi\/tiedonhaku-yhteiskuntatiede\/wp-content\/uploads\/sites\/57\/2020\/01\/EbscoDatabases.png\" alt=\"\" class=\"wp-image-1159\" srcset=\"https:\/\/blogs.uef.fi\/tiedonhaku-yhteiskuntatiede\/wp-content\/uploads\/sites\/57\/2020\/01\/EbscoDatabases.png 1472w, https:\/\/blogs.uef.fi\/tiedonhaku-yhteiskuntatiede\/wp-content\/uploads\/sites\/57\/2020\/01\/EbscoDatabases-300x171.png 300w, https:\/\/blogs.uef.fi\/tiedonhaku-yhteiskuntatiede\/wp-content\/uploads\/sites\/57\/2020\/01\/EbscoDatabases-768x438.png 768w, https:\/\/blogs.uef.fi\/tiedonhaku-yhteiskuntatiede\/wp-content\/uploads\/sites\/57\/2020\/01\/EbscoDatabases-1024x584.png 1024w, https:\/\/blogs.uef.fi\/tiedonhaku-yhteiskuntatiede\/wp-content\/uploads\/sites\/57\/2020\/01\/EbscoDatabases-667x380.png 667w\" sizes=\"auto, (max-width: 1472px) 100vw, 1472px\" \/><\/figure>\n\n\n\n<p><strong>UEF-Primossa <\/strong>voi my\u00f6s hakea kansainv\u00e4lisi\u00e4 artikkeleita. Haun kohdistuksena pit\u00e4\u00e4 t\u00e4ll\u00f6in olla &#8217;Elektroniset aineistot&#8217;. Huom. hakuun voi valita my\u00f6s &#8217;Kansainv\u00e4liset artikkelit&#8217;, mutta Elektroniset aineistot on hieman kattavampi.<\/p>\n\n\n\n<figure class=\"wp-block-image aligncenter\"><img loading=\"lazy\" decoding=\"async\" width=\"956\" height=\"363\" src=\"https:\/\/blogs.uef.fi\/tiedonhaku-yhteiskuntatiede\/wp-content\/uploads\/sites\/57\/2020\/01\/UPeaineistot.png\" alt=\"\" class=\"wp-image-1165\" srcset=\"https:\/\/blogs.uef.fi\/tiedonhaku-yhteiskuntatiede\/wp-content\/uploads\/sites\/57\/2020\/01\/UPeaineistot.png 956w, https:\/\/blogs.uef.fi\/tiedonhaku-yhteiskuntatiede\/wp-content\/uploads\/sites\/57\/2020\/01\/UPeaineistot-300x114.png 300w, https:\/\/blogs.uef.fi\/tiedonhaku-yhteiskuntatiede\/wp-content\/uploads\/sites\/57\/2020\/01\/UPeaineistot-768x292.png 768w, https:\/\/blogs.uef.fi\/tiedonhaku-yhteiskuntatiede\/wp-content\/uploads\/sites\/57\/2020\/01\/UPeaineistot-820x312.png 820w\" sizes=\"auto, (max-width: 956px) 100vw, 956px\" \/><\/figure>\n\n\n\n<p>Tuloksena on etup\u00e4\u00e4ss\u00e4 artikkeleita, mutta my\u00f6s mm. kirjoja ja v\u00e4it\u00f6skirjoja. Hakuominaisuudet eiv\u00e4t ole yht\u00e4 monipuoliset kuin tietokantojen omissa k\u00e4ytt\u00f6liittymiss\u00e4.<\/p>\n","protected":false},"excerpt":{"rendered":"<p>Artikkelit ovat arvostettuja ja paljon k\u00e4ytettyj\u00e4 l\u00e4hteit\u00e4 yhteiskuntatieteiss\u00e4. Ne v\u00e4litt\u00e4v\u00e4t tietoa jostakin tarkoin rajatusta aiheesta, tuottavat uutta tietoa ja yleens\u00e4 olettavat, ett\u00e4 lukijalla on jo perustiedot aihepiirist\u00e4 hallussaan.Laajoja katsauksia johonkin hyvin yleiseen aiheeseen, kuten \u2018eriarvoistuminen\u2018, l\u00f6ytyy harvemmin artikkeleista. T\u00e4m\u00e4n vuoksi artikkeleita hakiessa voi k\u00e4ytt\u00e4\u00e4 tarkkoja hakutermej\u00e4 ja useitakin AND-operaatioita. My\u00f6s fraasien k\u00e4ytt\u00f6\u00e4 AND-operaatioiden sijaan voi [&hellip;]<\/p>\n","protected":false},"author":127,"featured_media":0,"parent":0,"menu_order":0,"comment_status":"closed","ping_status":"closed","template":"","meta":{"_acf_changed":false,"footnotes":""},"class_list":["post-233","page","type-page","status-publish","hentry"],"acf":[],"yoast_head":"<!-- This site is optimized with the Yoast SEO plugin v27.3 - https:\/\/yoast.com\/product\/yoast-seo-wordpress\/ -->\n<title>Artikkelien hakeminen kansainv\u00e4lisist\u00e4 lehdist\u00e4 - Yhteiskuntatieteen tiedonhaku \/ UEF kirjasto<\/title>\n<meta name=\"robots\" content=\"index, follow, max-snippet:-1, max-image-preview:large, max-video-preview:-1\" \/>\n<link rel=\"canonical\" href=\"https:\/\/blogs.uef.fi\/tiedonhaku-yhteiskuntatiede\/artikkelien-hakeminen\/\" \/>\n<meta property=\"og:locale\" content=\"fi_FI\" \/>\n<meta property=\"og:type\" content=\"article\" \/>\n<meta property=\"og:title\" content=\"Artikkelien hakeminen kansainv\u00e4lisist\u00e4 lehdist\u00e4 - Yhteiskuntatieteen tiedonhaku \/ UEF kirjasto\" \/>\n<meta property=\"og:description\" content=\"Artikkelit ovat arvostettuja ja paljon k\u00e4ytettyj\u00e4 l\u00e4hteit\u00e4 yhteiskuntatieteiss\u00e4. Ne v\u00e4litt\u00e4v\u00e4t tietoa jostakin tarkoin rajatusta aiheesta, tuottavat uutta tietoa ja yleens\u00e4 olettavat, ett\u00e4 lukijalla on jo perustiedot aihepiirist\u00e4 hallussaan.Laajoja katsauksia johonkin hyvin yleiseen aiheeseen, kuten \u2018eriarvoistuminen\u2018, l\u00f6ytyy harvemmin artikkeleista. T\u00e4m\u00e4n vuoksi artikkeleita hakiessa voi k\u00e4ytt\u00e4\u00e4 tarkkoja hakutermej\u00e4 ja useitakin AND-operaatioita. My\u00f6s fraasien k\u00e4ytt\u00f6\u00e4 AND-operaatioiden sijaan voi [&hellip;]\" \/>\n<meta property=\"og:url\" content=\"https:\/\/blogs.uef.fi\/tiedonhaku-yhteiskuntatiede\/artikkelien-hakeminen\/\" \/>\n<meta property=\"og:site_name\" content=\"Yhteiskuntatieteen tiedonhaku \/ UEF kirjasto\" \/>\n<meta property=\"article:modified_time\" content=\"2024-02-19T13:15:44+00:00\" \/>\n<meta property=\"og:image\" content=\"https:\/\/blogs.uef.fi\/tiedonhaku-yhteiskuntatiede\/wp-content\/uploads\/sites\/57\/2015\/11\/webos.png\" \/>\n<meta name=\"twitter:card\" content=\"summary_large_image\" \/>\n<meta name=\"twitter:label1\" content=\"Arvioitu lukuaika\" \/>\n\t<meta name=\"twitter:data1\" content=\"3 minuuttia\" \/>\n<script type=\"application\/ld+json\" class=\"yoast-schema-graph\">{\"@context\":\"https:\\\/\\\/schema.org\",\"@graph\":[{\"@type\":\"WebPage\",\"@id\":\"https:\\\/\\\/blogs.uef.fi\\\/tiedonhaku-yhteiskuntatiede\\\/artikkelien-hakeminen\\\/\",\"url\":\"https:\\\/\\\/blogs.uef.fi\\\/tiedonhaku-yhteiskuntatiede\\\/artikkelien-hakeminen\\\/\",\"name\":\"Artikkelien hakeminen kansainv\u00e4lisist\u00e4 lehdist\u00e4 - Yhteiskuntatieteen tiedonhaku \\\/ UEF kirjasto\",\"isPartOf\":{\"@id\":\"https:\\\/\\\/blogs.uef.fi\\\/tiedonhaku-yhteiskuntatiede\\\/#website\"},\"primaryImageOfPage\":{\"@id\":\"https:\\\/\\\/blogs.uef.fi\\\/tiedonhaku-yhteiskuntatiede\\\/artikkelien-hakeminen\\\/#primaryimage\"},\"image\":{\"@id\":\"https:\\\/\\\/blogs.uef.fi\\\/tiedonhaku-yhteiskuntatiede\\\/artikkelien-hakeminen\\\/#primaryimage\"},\"thumbnailUrl\":\"https:\\\/\\\/blogs.uef.fi\\\/tiedonhaku-yhteiskuntatiede\\\/wp-content\\\/uploads\\\/sites\\\/57\\\/2015\\\/11\\\/webos.png\",\"datePublished\":\"2015-11-26T08:44:14+00:00\",\"dateModified\":\"2024-02-19T13:15:44+00:00\",\"breadcrumb\":{\"@id\":\"https:\\\/\\\/blogs.uef.fi\\\/tiedonhaku-yhteiskuntatiede\\\/artikkelien-hakeminen\\\/#breadcrumb\"},\"inLanguage\":\"fi\",\"potentialAction\":[{\"@type\":\"ReadAction\",\"target\":[\"https:\\\/\\\/blogs.uef.fi\\\/tiedonhaku-yhteiskuntatiede\\\/artikkelien-hakeminen\\\/\"]}]},{\"@type\":\"ImageObject\",\"inLanguage\":\"fi\",\"@id\":\"https:\\\/\\\/blogs.uef.fi\\\/tiedonhaku-yhteiskuntatiede\\\/artikkelien-hakeminen\\\/#primaryimage\",\"url\":\"https:\\\/\\\/blogs.uef.fi\\\/tiedonhaku-yhteiskuntatiede\\\/wp-content\\\/uploads\\\/sites\\\/57\\\/2015\\\/11\\\/webos.png\",\"contentUrl\":\"https:\\\/\\\/blogs.uef.fi\\\/tiedonhaku-yhteiskuntatiede\\\/wp-content\\\/uploads\\\/sites\\\/57\\\/2015\\\/11\\\/webos.png\",\"width\":964,\"height\":378},{\"@type\":\"BreadcrumbList\",\"@id\":\"https:\\\/\\\/blogs.uef.fi\\\/tiedonhaku-yhteiskuntatiede\\\/artikkelien-hakeminen\\\/#breadcrumb\",\"itemListElement\":[{\"@type\":\"ListItem\",\"position\":1,\"name\":\"Home\",\"item\":\"https:\\\/\\\/blogs.uef.fi\\\/tiedonhaku-yhteiskuntatiede\\\/\"},{\"@type\":\"ListItem\",\"position\":2,\"name\":\"Artikkelien hakeminen kansainv\u00e4lisist\u00e4 lehdist\u00e4\"}]},{\"@type\":\"WebSite\",\"@id\":\"https:\\\/\\\/blogs.uef.fi\\\/tiedonhaku-yhteiskuntatiede\\\/#website\",\"url\":\"https:\\\/\\\/blogs.uef.fi\\\/tiedonhaku-yhteiskuntatiede\\\/\",\"name\":\"Yhteiskuntatieteen tiedonhaku \\\/ UEF kirjasto\",\"description\":\"\",\"potentialAction\":[{\"@type\":\"SearchAction\",\"target\":{\"@type\":\"EntryPoint\",\"urlTemplate\":\"https:\\\/\\\/blogs.uef.fi\\\/tiedonhaku-yhteiskuntatiede\\\/?s={search_term_string}\"},\"query-input\":{\"@type\":\"PropertyValueSpecification\",\"valueRequired\":true,\"valueName\":\"search_term_string\"}}],\"inLanguage\":\"fi\"}]}<\/script>\n<!-- \/ Yoast SEO plugin. -->","yoast_head_json":{"title":"Artikkelien hakeminen kansainv\u00e4lisist\u00e4 lehdist\u00e4 - Yhteiskuntatieteen tiedonhaku \/ UEF kirjasto","robots":{"index":"index","follow":"follow","max-snippet":"max-snippet:-1","max-image-preview":"max-image-preview:large","max-video-preview":"max-video-preview:-1"},"canonical":"https:\/\/blogs.uef.fi\/tiedonhaku-yhteiskuntatiede\/artikkelien-hakeminen\/","og_locale":"fi_FI","og_type":"article","og_title":"Artikkelien hakeminen kansainv\u00e4lisist\u00e4 lehdist\u00e4 - Yhteiskuntatieteen tiedonhaku \/ UEF kirjasto","og_description":"Artikkelit ovat arvostettuja ja paljon k\u00e4ytettyj\u00e4 l\u00e4hteit\u00e4 yhteiskuntatieteiss\u00e4. Ne v\u00e4litt\u00e4v\u00e4t tietoa jostakin tarkoin rajatusta aiheesta, tuottavat uutta tietoa ja yleens\u00e4 olettavat, ett\u00e4 lukijalla on jo perustiedot aihepiirist\u00e4 hallussaan.Laajoja katsauksia johonkin hyvin yleiseen aiheeseen, kuten \u2018eriarvoistuminen\u2018, l\u00f6ytyy harvemmin artikkeleista. T\u00e4m\u00e4n vuoksi artikkeleita hakiessa voi k\u00e4ytt\u00e4\u00e4 tarkkoja hakutermej\u00e4 ja useitakin AND-operaatioita. My\u00f6s fraasien k\u00e4ytt\u00f6\u00e4 AND-operaatioiden sijaan voi [&hellip;]","og_url":"https:\/\/blogs.uef.fi\/tiedonhaku-yhteiskuntatiede\/artikkelien-hakeminen\/","og_site_name":"Yhteiskuntatieteen tiedonhaku \/ UEF kirjasto","article_modified_time":"2024-02-19T13:15:44+00:00","og_image":[{"url":"https:\/\/blogs.uef.fi\/tiedonhaku-yhteiskuntatiede\/wp-content\/uploads\/sites\/57\/2015\/11\/webos.png","type":"","width":"","height":""}],"twitter_card":"summary_large_image","twitter_misc":{"Arvioitu lukuaika":"3 minuuttia"},"schema":{"@context":"https:\/\/schema.org","@graph":[{"@type":"WebPage","@id":"https:\/\/blogs.uef.fi\/tiedonhaku-yhteiskuntatiede\/artikkelien-hakeminen\/","url":"https:\/\/blogs.uef.fi\/tiedonhaku-yhteiskuntatiede\/artikkelien-hakeminen\/","name":"Artikkelien hakeminen kansainv\u00e4lisist\u00e4 lehdist\u00e4 - Yhteiskuntatieteen tiedonhaku \/ UEF kirjasto","isPartOf":{"@id":"https:\/\/blogs.uef.fi\/tiedonhaku-yhteiskuntatiede\/#website"},"primaryImageOfPage":{"@id":"https:\/\/blogs.uef.fi\/tiedonhaku-yhteiskuntatiede\/artikkelien-hakeminen\/#primaryimage"},"image":{"@id":"https:\/\/blogs.uef.fi\/tiedonhaku-yhteiskuntatiede\/artikkelien-hakeminen\/#primaryimage"},"thumbnailUrl":"https:\/\/blogs.uef.fi\/tiedonhaku-yhteiskuntatiede\/wp-content\/uploads\/sites\/57\/2015\/11\/webos.png","datePublished":"2015-11-26T08:44:14+00:00","dateModified":"2024-02-19T13:15:44+00:00","breadcrumb":{"@id":"https:\/\/blogs.uef.fi\/tiedonhaku-yhteiskuntatiede\/artikkelien-hakeminen\/#breadcrumb"},"inLanguage":"fi","potentialAction":[{"@type":"ReadAction","target":["https:\/\/blogs.uef.fi\/tiedonhaku-yhteiskuntatiede\/artikkelien-hakeminen\/"]}]},{"@type":"ImageObject","inLanguage":"fi","@id":"https:\/\/blogs.uef.fi\/tiedonhaku-yhteiskuntatiede\/artikkelien-hakeminen\/#primaryimage","url":"https:\/\/blogs.uef.fi\/tiedonhaku-yhteiskuntatiede\/wp-content\/uploads\/sites\/57\/2015\/11\/webos.png","contentUrl":"https:\/\/blogs.uef.fi\/tiedonhaku-yhteiskuntatiede\/wp-content\/uploads\/sites\/57\/2015\/11\/webos.png","width":964,"height":378},{"@type":"BreadcrumbList","@id":"https:\/\/blogs.uef.fi\/tiedonhaku-yhteiskuntatiede\/artikkelien-hakeminen\/#breadcrumb","itemListElement":[{"@type":"ListItem","position":1,"name":"Home","item":"https:\/\/blogs.uef.fi\/tiedonhaku-yhteiskuntatiede\/"},{"@type":"ListItem","position":2,"name":"Artikkelien hakeminen kansainv\u00e4lisist\u00e4 lehdist\u00e4"}]},{"@type":"WebSite","@id":"https:\/\/blogs.uef.fi\/tiedonhaku-yhteiskuntatiede\/#website","url":"https:\/\/blogs.uef.fi\/tiedonhaku-yhteiskuntatiede\/","name":"Yhteiskuntatieteen tiedonhaku \/ UEF kirjasto","description":"","potentialAction":[{"@type":"SearchAction","target":{"@type":"EntryPoint","urlTemplate":"https:\/\/blogs.uef.fi\/tiedonhaku-yhteiskuntatiede\/?s={search_term_string}"},"query-input":{"@type":"PropertyValueSpecification","valueRequired":true,"valueName":"search_term_string"}}],"inLanguage":"fi"}]}},"_links":{"self":[{"href":"https:\/\/blogs.uef.fi\/tiedonhaku-yhteiskuntatiede\/wp-json\/wp\/v2\/pages\/233","targetHints":{"allow":["GET"]}}],"collection":[{"href":"https:\/\/blogs.uef.fi\/tiedonhaku-yhteiskuntatiede\/wp-json\/wp\/v2\/pages"}],"about":[{"href":"https:\/\/blogs.uef.fi\/tiedonhaku-yhteiskuntatiede\/wp-json\/wp\/v2\/types\/page"}],"author":[{"embeddable":true,"href":"https:\/\/blogs.uef.fi\/tiedonhaku-yhteiskuntatiede\/wp-json\/wp\/v2\/users\/127"}],"replies":[{"embeddable":true,"href":"https:\/\/blogs.uef.fi\/tiedonhaku-yhteiskuntatiede\/wp-json\/wp\/v2\/comments?post=233"}],"version-history":[{"count":1,"href":"https:\/\/blogs.uef.fi\/tiedonhaku-yhteiskuntatiede\/wp-json\/wp\/v2\/pages\/233\/revisions"}],"predecessor-version":[{"id":2062,"href":"https:\/\/blogs.uef.fi\/tiedonhaku-yhteiskuntatiede\/wp-json\/wp\/v2\/pages\/233\/revisions\/2062"}],"wp:attachment":[{"href":"https:\/\/blogs.uef.fi\/tiedonhaku-yhteiskuntatiede\/wp-json\/wp\/v2\/media?parent=233"}],"curies":[{"name":"wp","href":"https:\/\/api.w.org\/{rel}","templated":true}]}}