{"id":220,"date":"2015-11-26T08:33:55","date_gmt":"2015-11-26T08:33:55","guid":{"rendered":"https:\/\/ueflibrarysoc.wordpress.com\/?page_id=220"},"modified":"2024-01-09T15:28:36","modified_gmt":"2024-01-09T13:28:36","slug":"kayttoliittymien-hakulogiikka","status":"publish","type":"page","link":"https:\/\/blogs.uef.fi\/tiedonhaku-yhteiskuntatiede\/kayttoliittymien-hakulogiikka\/","title":{"rendered":"K\u00e4ytt\u00f6liittymien hakulogiikka"},"content":{"rendered":"\n<p>K\u00e4ytt\u00f6liittymi\u00e4 eli hakulomakkeita on tietokannoissa useampia, ja niiden nimitykset ja toimintatavat ovat tietokantakohtaisia.<\/p>\n\n\n\n<p>Tutuin versio on <strong>pikahakuun<\/strong> viittaava \u201cyhden rivin\u201d hakulomake. Se muistuttaa ulkoisesti Google-hakua, mutta on kuitenkin erilainen! \u00c4l\u00e4 k\u00e4yt\u00e4 luonnollista kielt\u00e4, vaan yksitt\u00e4isi\u00e4 termej\u00e4, jotka yhdistet\u00e4\u00e4n operaattorein. Operaattorit ja sulut pit\u00e4\u00e4 kirjoittaa itse. Suluilla osoitetaan OR-operaatio tapahtuvaksi ensin, mik\u00e4 on t\u00e4rke\u00e4\u00e4 hakulogiikan kannalta. Muista my\u00f6s katkaisumerkki, jos se on tarpeen.<\/p>\n\n\n\n<figure class=\"wp-block-image size-full\"><img loading=\"lazy\" decoding=\"async\" width=\"741\" height=\"60\" src=\"https:\/\/blogs.uef.fi\/tiedonhaku-yhteiskuntatiede\/wp-content\/uploads\/sites\/57\/2024\/01\/image-3.png\" alt=\"\" class=\"wp-image-1973\" srcset=\"https:\/\/blogs.uef.fi\/tiedonhaku-yhteiskuntatiede\/wp-content\/uploads\/sites\/57\/2024\/01\/image-3.png 741w, https:\/\/blogs.uef.fi\/tiedonhaku-yhteiskuntatiede\/wp-content\/uploads\/sites\/57\/2024\/01\/image-3-300x24.png 300w\" sizes=\"auto, (max-width: 741px) 100vw, 741px\" \/><\/figure>\n\n\n\n<p>Useille <strong>ohjaaville hakulomakkeille<\/strong> on helpompi muodostaa loogisia hakuja, jos hakulause sis\u00e4lt\u00e4\u00e4 muitakin kuin AND-operaatioita. Operaattoreita ja hakukentti\u00e4 on helppo valita valmiista valikoista.<\/p>\n\n\n\n<figure class=\"wp-block-image size-full is-resized\"><img loading=\"lazy\" decoding=\"async\" width=\"734\" height=\"205\" src=\"https:\/\/blogs.uef.fi\/tiedonhaku-yhteiskuntatiede\/wp-content\/uploads\/sites\/57\/2024\/01\/image-4.png\" alt=\"\" class=\"wp-image-1976\" style=\"width:810px;height:auto\" srcset=\"https:\/\/blogs.uef.fi\/tiedonhaku-yhteiskuntatiede\/wp-content\/uploads\/sites\/57\/2024\/01\/image-4.png 734w, https:\/\/blogs.uef.fi\/tiedonhaku-yhteiskuntatiede\/wp-content\/uploads\/sites\/57\/2024\/01\/image-4-300x84.png 300w\" sizes=\"auto, (max-width: 734px) 100vw, 734px\" \/><\/figure>\n\n\n\n<p>Ohjaavillakin lomakkeilla voi sattua logiikkavirheit\u00e4. Varminta on kirjoittaa samaan k\u00e4sitteeseen viittaavat v<strong>aihtoehtoiset sanat (OR-operaatiot) aina samalle rivil<\/strong>le. Sanojen v\u00e4liin <strong>kirjoitetaan\u00a0 itse<\/strong> OR-operaattori.<\/p>\n\n\n\n<p>Rivien v\u00e4lill\u00e4 on oletuksena AND-operaattori &#8211; sit\u00e4 <strong>ei kannata vaihtaa<\/strong>, ellei ole aivan varma siit\u00e4 mit\u00e4 tekee. Joissakin tietokannoissa valintaa rivien v\u00e4lill\u00e4 ei ole, t\u00e4ll\u00f6in operaattori on aina AND.<\/p>\n\n\n\n<p><strong>Perusidea on kuitenkin aina sama palvelusta riippumatt<\/strong>a. Kukin k\u00e4site kirjoitetaan omalle rivilleen, OR-operaattori sijoitetaan saman k\u00e4sitteen eri vaihtoehtoisten ilmaisujen v\u00e4lille.<\/p>\n\n\n\n<figure class=\"wp-block-image size-full\"><img loading=\"lazy\" decoding=\"async\" width=\"722\" height=\"335\" src=\"https:\/\/blogs.uef.fi\/tiedonhaku-yhteiskuntatiede\/wp-content\/uploads\/sites\/57\/2024\/01\/image-5.png\" alt=\"\" class=\"wp-image-1979\" srcset=\"https:\/\/blogs.uef.fi\/tiedonhaku-yhteiskuntatiede\/wp-content\/uploads\/sites\/57\/2024\/01\/image-5.png 722w, https:\/\/blogs.uef.fi\/tiedonhaku-yhteiskuntatiede\/wp-content\/uploads\/sites\/57\/2024\/01\/image-5-300x139.png 300w\" sizes=\"auto, (max-width: 722px) 100vw, 722px\" \/><\/figure>\n\n\n<p>\u00a0<\/p>\n<p>\u00a0<\/p>\n<p>\u00a0<\/p>\n<p>\u00a0<\/p>\n<p>\u00a0<\/p>\n<p>\u00a0<\/p>\n<p>\u00a0<\/p>\n<p>\u00a0<\/p>\n<p>\u00a0<\/p>\n<p>\u00a0<\/p>\n<p>\u00a0<\/p>\n<p>\u00a0<\/p>\n<p>\u00a0<\/p>","protected":false},"excerpt":{"rendered":"<p>K\u00e4ytt\u00f6liittymi\u00e4 eli hakulomakkeita on tietokannoissa useampia, ja niiden nimitykset ja toimintatavat ovat tietokantakohtaisia. Tutuin versio on pikahakuun viittaava \u201cyhden rivin\u201d hakulomake. Se muistuttaa ulkoisesti Google-hakua, mutta on kuitenkin erilainen! \u00c4l\u00e4 k\u00e4yt\u00e4 luonnollista kielt\u00e4, vaan yksitt\u00e4isi\u00e4 termej\u00e4, jotka yhdistet\u00e4\u00e4n operaattorein. Operaattorit ja sulut pit\u00e4\u00e4 kirjoittaa itse. Suluilla osoitetaan OR-operaatio tapahtuvaksi ensin, mik\u00e4 on t\u00e4rke\u00e4\u00e4 hakulogiikan kannalta. [&hellip;]<\/p>\n","protected":false},"author":127,"featured_media":0,"parent":0,"menu_order":0,"comment_status":"closed","ping_status":"closed","template":"","meta":{"_acf_changed":false,"footnotes":""},"class_list":["post-220","page","type-page","status-publish","hentry"],"acf":[],"yoast_head":"<!-- This site is optimized with the Yoast SEO plugin v27.3 - https:\/\/yoast.com\/product\/yoast-seo-wordpress\/ -->\n<title>K\u00e4ytt\u00f6liittymien hakulogiikka - Yhteiskuntatieteen tiedonhaku \/ UEF kirjasto<\/title>\n<meta name=\"robots\" content=\"index, follow, max-snippet:-1, max-image-preview:large, max-video-preview:-1\" \/>\n<link rel=\"canonical\" href=\"https:\/\/blogs.uef.fi\/tiedonhaku-yhteiskuntatiede\/kayttoliittymien-hakulogiikka\/\" \/>\n<meta property=\"og:locale\" content=\"fi_FI\" \/>\n<meta property=\"og:type\" content=\"article\" \/>\n<meta property=\"og:title\" content=\"K\u00e4ytt\u00f6liittymien hakulogiikka - Yhteiskuntatieteen tiedonhaku \/ UEF kirjasto\" \/>\n<meta property=\"og:description\" content=\"K\u00e4ytt\u00f6liittymi\u00e4 eli hakulomakkeita on tietokannoissa useampia, ja niiden nimitykset ja toimintatavat ovat tietokantakohtaisia. Tutuin versio on pikahakuun viittaava \u201cyhden rivin\u201d hakulomake. Se muistuttaa ulkoisesti Google-hakua, mutta on kuitenkin erilainen! \u00c4l\u00e4 k\u00e4yt\u00e4 luonnollista kielt\u00e4, vaan yksitt\u00e4isi\u00e4 termej\u00e4, jotka yhdistet\u00e4\u00e4n operaattorein. Operaattorit ja sulut pit\u00e4\u00e4 kirjoittaa itse. Suluilla osoitetaan OR-operaatio tapahtuvaksi ensin, mik\u00e4 on t\u00e4rke\u00e4\u00e4 hakulogiikan kannalta. [&hellip;]\" \/>\n<meta property=\"og:url\" content=\"https:\/\/blogs.uef.fi\/tiedonhaku-yhteiskuntatiede\/kayttoliittymien-hakulogiikka\/\" \/>\n<meta property=\"og:site_name\" content=\"Yhteiskuntatieteen tiedonhaku \/ UEF kirjasto\" \/>\n<meta property=\"article:modified_time\" content=\"2024-01-09T13:28:36+00:00\" \/>\n<meta property=\"og:image\" content=\"https:\/\/blogs.uef.fi\/tiedonhaku-yhteiskuntatiede\/wp-content\/uploads\/sites\/57\/2024\/01\/image-3.png\" \/>\n<meta name=\"twitter:card\" content=\"summary_large_image\" \/>\n<meta name=\"twitter:label1\" content=\"Arvioitu lukuaika\" \/>\n\t<meta name=\"twitter:data1\" content=\"2 minuuttia\" \/>\n<script type=\"application\/ld+json\" class=\"yoast-schema-graph\">{\"@context\":\"https:\\\/\\\/schema.org\",\"@graph\":[{\"@type\":\"WebPage\",\"@id\":\"https:\\\/\\\/blogs.uef.fi\\\/tiedonhaku-yhteiskuntatiede\\\/kayttoliittymien-hakulogiikka\\\/\",\"url\":\"https:\\\/\\\/blogs.uef.fi\\\/tiedonhaku-yhteiskuntatiede\\\/kayttoliittymien-hakulogiikka\\\/\",\"name\":\"K\u00e4ytt\u00f6liittymien hakulogiikka - Yhteiskuntatieteen tiedonhaku \\\/ UEF kirjasto\",\"isPartOf\":{\"@id\":\"https:\\\/\\\/blogs.uef.fi\\\/tiedonhaku-yhteiskuntatiede\\\/#website\"},\"primaryImageOfPage\":{\"@id\":\"https:\\\/\\\/blogs.uef.fi\\\/tiedonhaku-yhteiskuntatiede\\\/kayttoliittymien-hakulogiikka\\\/#primaryimage\"},\"image\":{\"@id\":\"https:\\\/\\\/blogs.uef.fi\\\/tiedonhaku-yhteiskuntatiede\\\/kayttoliittymien-hakulogiikka\\\/#primaryimage\"},\"thumbnailUrl\":\"https:\\\/\\\/blogs.uef.fi\\\/tiedonhaku-yhteiskuntatiede\\\/wp-content\\\/uploads\\\/sites\\\/57\\\/2024\\\/01\\\/image-3.png\",\"datePublished\":\"2015-11-26T08:33:55+00:00\",\"dateModified\":\"2024-01-09T13:28:36+00:00\",\"breadcrumb\":{\"@id\":\"https:\\\/\\\/blogs.uef.fi\\\/tiedonhaku-yhteiskuntatiede\\\/kayttoliittymien-hakulogiikka\\\/#breadcrumb\"},\"inLanguage\":\"fi\",\"potentialAction\":[{\"@type\":\"ReadAction\",\"target\":[\"https:\\\/\\\/blogs.uef.fi\\\/tiedonhaku-yhteiskuntatiede\\\/kayttoliittymien-hakulogiikka\\\/\"]}]},{\"@type\":\"ImageObject\",\"inLanguage\":\"fi\",\"@id\":\"https:\\\/\\\/blogs.uef.fi\\\/tiedonhaku-yhteiskuntatiede\\\/kayttoliittymien-hakulogiikka\\\/#primaryimage\",\"url\":\"https:\\\/\\\/blogs.uef.fi\\\/tiedonhaku-yhteiskuntatiede\\\/wp-content\\\/uploads\\\/sites\\\/57\\\/2024\\\/01\\\/image-3.png\",\"contentUrl\":\"https:\\\/\\\/blogs.uef.fi\\\/tiedonhaku-yhteiskuntatiede\\\/wp-content\\\/uploads\\\/sites\\\/57\\\/2024\\\/01\\\/image-3.png\",\"width\":741,\"height\":60},{\"@type\":\"BreadcrumbList\",\"@id\":\"https:\\\/\\\/blogs.uef.fi\\\/tiedonhaku-yhteiskuntatiede\\\/kayttoliittymien-hakulogiikka\\\/#breadcrumb\",\"itemListElement\":[{\"@type\":\"ListItem\",\"position\":1,\"name\":\"Home\",\"item\":\"https:\\\/\\\/blogs.uef.fi\\\/tiedonhaku-yhteiskuntatiede\\\/\"},{\"@type\":\"ListItem\",\"position\":2,\"name\":\"K\u00e4ytt\u00f6liittymien hakulogiikka\"}]},{\"@type\":\"WebSite\",\"@id\":\"https:\\\/\\\/blogs.uef.fi\\\/tiedonhaku-yhteiskuntatiede\\\/#website\",\"url\":\"https:\\\/\\\/blogs.uef.fi\\\/tiedonhaku-yhteiskuntatiede\\\/\",\"name\":\"Yhteiskuntatieteen tiedonhaku \\\/ UEF kirjasto\",\"description\":\"\",\"potentialAction\":[{\"@type\":\"SearchAction\",\"target\":{\"@type\":\"EntryPoint\",\"urlTemplate\":\"https:\\\/\\\/blogs.uef.fi\\\/tiedonhaku-yhteiskuntatiede\\\/?s={search_term_string}\"},\"query-input\":{\"@type\":\"PropertyValueSpecification\",\"valueRequired\":true,\"valueName\":\"search_term_string\"}}],\"inLanguage\":\"fi\"}]}<\/script>\n<!-- \/ Yoast SEO plugin. -->","yoast_head_json":{"title":"K\u00e4ytt\u00f6liittymien hakulogiikka - Yhteiskuntatieteen tiedonhaku \/ UEF kirjasto","robots":{"index":"index","follow":"follow","max-snippet":"max-snippet:-1","max-image-preview":"max-image-preview:large","max-video-preview":"max-video-preview:-1"},"canonical":"https:\/\/blogs.uef.fi\/tiedonhaku-yhteiskuntatiede\/kayttoliittymien-hakulogiikka\/","og_locale":"fi_FI","og_type":"article","og_title":"K\u00e4ytt\u00f6liittymien hakulogiikka - Yhteiskuntatieteen tiedonhaku \/ UEF kirjasto","og_description":"K\u00e4ytt\u00f6liittymi\u00e4 eli hakulomakkeita on tietokannoissa useampia, ja niiden nimitykset ja toimintatavat ovat tietokantakohtaisia. Tutuin versio on pikahakuun viittaava \u201cyhden rivin\u201d hakulomake. Se muistuttaa ulkoisesti Google-hakua, mutta on kuitenkin erilainen! \u00c4l\u00e4 k\u00e4yt\u00e4 luonnollista kielt\u00e4, vaan yksitt\u00e4isi\u00e4 termej\u00e4, jotka yhdistet\u00e4\u00e4n operaattorein. Operaattorit ja sulut pit\u00e4\u00e4 kirjoittaa itse. Suluilla osoitetaan OR-operaatio tapahtuvaksi ensin, mik\u00e4 on t\u00e4rke\u00e4\u00e4 hakulogiikan kannalta. [&hellip;]","og_url":"https:\/\/blogs.uef.fi\/tiedonhaku-yhteiskuntatiede\/kayttoliittymien-hakulogiikka\/","og_site_name":"Yhteiskuntatieteen tiedonhaku \/ UEF kirjasto","article_modified_time":"2024-01-09T13:28:36+00:00","og_image":[{"url":"https:\/\/blogs.uef.fi\/tiedonhaku-yhteiskuntatiede\/wp-content\/uploads\/sites\/57\/2024\/01\/image-3.png","type":"","width":"","height":""}],"twitter_card":"summary_large_image","twitter_misc":{"Arvioitu lukuaika":"2 minuuttia"},"schema":{"@context":"https:\/\/schema.org","@graph":[{"@type":"WebPage","@id":"https:\/\/blogs.uef.fi\/tiedonhaku-yhteiskuntatiede\/kayttoliittymien-hakulogiikka\/","url":"https:\/\/blogs.uef.fi\/tiedonhaku-yhteiskuntatiede\/kayttoliittymien-hakulogiikka\/","name":"K\u00e4ytt\u00f6liittymien hakulogiikka - Yhteiskuntatieteen tiedonhaku \/ UEF kirjasto","isPartOf":{"@id":"https:\/\/blogs.uef.fi\/tiedonhaku-yhteiskuntatiede\/#website"},"primaryImageOfPage":{"@id":"https:\/\/blogs.uef.fi\/tiedonhaku-yhteiskuntatiede\/kayttoliittymien-hakulogiikka\/#primaryimage"},"image":{"@id":"https:\/\/blogs.uef.fi\/tiedonhaku-yhteiskuntatiede\/kayttoliittymien-hakulogiikka\/#primaryimage"},"thumbnailUrl":"https:\/\/blogs.uef.fi\/tiedonhaku-yhteiskuntatiede\/wp-content\/uploads\/sites\/57\/2024\/01\/image-3.png","datePublished":"2015-11-26T08:33:55+00:00","dateModified":"2024-01-09T13:28:36+00:00","breadcrumb":{"@id":"https:\/\/blogs.uef.fi\/tiedonhaku-yhteiskuntatiede\/kayttoliittymien-hakulogiikka\/#breadcrumb"},"inLanguage":"fi","potentialAction":[{"@type":"ReadAction","target":["https:\/\/blogs.uef.fi\/tiedonhaku-yhteiskuntatiede\/kayttoliittymien-hakulogiikka\/"]}]},{"@type":"ImageObject","inLanguage":"fi","@id":"https:\/\/blogs.uef.fi\/tiedonhaku-yhteiskuntatiede\/kayttoliittymien-hakulogiikka\/#primaryimage","url":"https:\/\/blogs.uef.fi\/tiedonhaku-yhteiskuntatiede\/wp-content\/uploads\/sites\/57\/2024\/01\/image-3.png","contentUrl":"https:\/\/blogs.uef.fi\/tiedonhaku-yhteiskuntatiede\/wp-content\/uploads\/sites\/57\/2024\/01\/image-3.png","width":741,"height":60},{"@type":"BreadcrumbList","@id":"https:\/\/blogs.uef.fi\/tiedonhaku-yhteiskuntatiede\/kayttoliittymien-hakulogiikka\/#breadcrumb","itemListElement":[{"@type":"ListItem","position":1,"name":"Home","item":"https:\/\/blogs.uef.fi\/tiedonhaku-yhteiskuntatiede\/"},{"@type":"ListItem","position":2,"name":"K\u00e4ytt\u00f6liittymien hakulogiikka"}]},{"@type":"WebSite","@id":"https:\/\/blogs.uef.fi\/tiedonhaku-yhteiskuntatiede\/#website","url":"https:\/\/blogs.uef.fi\/tiedonhaku-yhteiskuntatiede\/","name":"Yhteiskuntatieteen tiedonhaku \/ UEF kirjasto","description":"","potentialAction":[{"@type":"SearchAction","target":{"@type":"EntryPoint","urlTemplate":"https:\/\/blogs.uef.fi\/tiedonhaku-yhteiskuntatiede\/?s={search_term_string}"},"query-input":{"@type":"PropertyValueSpecification","valueRequired":true,"valueName":"search_term_string"}}],"inLanguage":"fi"}]}},"_links":{"self":[{"href":"https:\/\/blogs.uef.fi\/tiedonhaku-yhteiskuntatiede\/wp-json\/wp\/v2\/pages\/220","targetHints":{"allow":["GET"]}}],"collection":[{"href":"https:\/\/blogs.uef.fi\/tiedonhaku-yhteiskuntatiede\/wp-json\/wp\/v2\/pages"}],"about":[{"href":"https:\/\/blogs.uef.fi\/tiedonhaku-yhteiskuntatiede\/wp-json\/wp\/v2\/types\/page"}],"author":[{"embeddable":true,"href":"https:\/\/blogs.uef.fi\/tiedonhaku-yhteiskuntatiede\/wp-json\/wp\/v2\/users\/127"}],"replies":[{"embeddable":true,"href":"https:\/\/blogs.uef.fi\/tiedonhaku-yhteiskuntatiede\/wp-json\/wp\/v2\/comments?post=220"}],"version-history":[{"count":1,"href":"https:\/\/blogs.uef.fi\/tiedonhaku-yhteiskuntatiede\/wp-json\/wp\/v2\/pages\/220\/revisions"}],"predecessor-version":[{"id":1982,"href":"https:\/\/blogs.uef.fi\/tiedonhaku-yhteiskuntatiede\/wp-json\/wp\/v2\/pages\/220\/revisions\/1982"}],"wp:attachment":[{"href":"https:\/\/blogs.uef.fi\/tiedonhaku-yhteiskuntatiede\/wp-json\/wp\/v2\/media?parent=220"}],"curies":[{"name":"wp","href":"https:\/\/api.w.org\/{rel}","templated":true}]}}