{"id":175,"date":"2015-11-26T08:14:26","date_gmt":"2015-11-26T08:14:26","guid":{"rendered":"https:\/\/ueflibrarysoc.wordpress.com\/?page_id=175"},"modified":"2024-01-09T14:03:48","modified_gmt":"2024-01-09T12:03:48","slug":"asiasanastot","status":"publish","type":"page","link":"https:\/\/blogs.uef.fi\/tiedonhaku-yhteiskuntatiede\/asiasanastot\/","title":{"rendered":"Asiasanastot"},"content":{"rendered":"\n<h2 class=\"wp-block-heading\">ASIASANASTOT (thesaurus, subject headings) ovat<\/h2>\n\n\n\n<ul class=\"wp-block-list\">\n<li><strong>Luetteloita k\u00e4yt\u00f6ss\u00e4 olevista asiasanoista<\/strong><\/li>\n\n\n\n<li>Usein my\u00f6s<strong> m\u00e4\u00e4ritell\u00e4\u00e4n k\u00e4sitteit\u00e4<\/strong> ja kuvataan niiden v\u00e4lisi\u00e4 suhteita: assosiatiiviset k\u00e4sitteet (related), yl\u00e4k\u00e4sitteet (broader) ja alak\u00e4sitteet (narrower).<\/li>\n\n\n\n<li>Auttavat tiedontallentajia ja -hakijoita k\u00e4ytt\u00e4m\u00e4\u00e4n yhteist\u00e4 kielt\u00e4, jotta tieto l\u00f6ytyisi helpommin.<\/li>\n\n\n\n<li>Ideana on tiivist\u00e4\u00e4 mahdollisten termivaihtoehtojen ja synonyymien m\u00e4\u00e4r\u00e4 rajalliseksi. <strong>Sanastoon on valittu yksi termi k\u00e4ytett\u00e4v\u00e4ksi kaikista samaa asiaa tarkoittavista sanoista<\/strong>. Asiasana ei siis ole mik\u00e4 tahansa aihetta kuvaava sana.<\/li>\n<\/ul>\n\n\n\n<p><strong><a href=\"https:\/\/finto.fi\/yso\/fi\/\" target=\"_blank\" rel=\"noreferrer noopener\">Yleinen Suomalainen Ontologia<\/a> (YSO)<\/strong> on Suomessa k\u00e4ytett\u00e4v\u00e4 asiasanasto. YSO kattaa kaikkien tieteen- ja tiedonalojen keskeisimm\u00e4n terminologian.<\/p>\n\n\n\n<p>Termeille saa my\u00f6s englannin- ja ruotsinkielisen vastineen.<\/p>\n\n\n\n<figure class=\"wp-block-image\"><img loading=\"lazy\" decoding=\"async\" width=\"1277\" height=\"665\" src=\"https:\/\/blogs.uef.fi\/tiedonhaku-yhteiskuntatiede\/wp-content\/uploads\/sites\/57\/2019\/06\/SYyso.png\" alt=\"\" class=\"wp-image-1029\" srcset=\"https:\/\/blogs.uef.fi\/tiedonhaku-yhteiskuntatiede\/wp-content\/uploads\/sites\/57\/2019\/06\/SYyso.png 1277w, https:\/\/blogs.uef.fi\/tiedonhaku-yhteiskuntatiede\/wp-content\/uploads\/sites\/57\/2019\/06\/SYyso-300x156.png 300w, https:\/\/blogs.uef.fi\/tiedonhaku-yhteiskuntatiede\/wp-content\/uploads\/sites\/57\/2019\/06\/SYyso-768x400.png 768w, https:\/\/blogs.uef.fi\/tiedonhaku-yhteiskuntatiede\/wp-content\/uploads\/sites\/57\/2019\/06\/SYyso-1024x533.png 1024w, https:\/\/blogs.uef.fi\/tiedonhaku-yhteiskuntatiede\/wp-content\/uploads\/sites\/57\/2019\/06\/SYyso-730x380.png 730w\" sizes=\"auto, (max-width: 1277px) 100vw, 1277px\" \/><\/figure>\n\n\n\n<p>K\u00c4YTETT\u00c4V\u00c4 TERMI kertoo sanaston hyv\u00e4ksym\u00e4n asiasanan tietylle k\u00e4sitteelle. OHJAUSTERMIT kertovat, mik\u00e4 sanan sijasta asiasanaa k\u00e4ytet\u00e4\u00e4n. Ohjaustermi\u00e4 ei siis voi tallentaa asiasanaksi (aihe) eik\u00e4 k\u00e4ytt\u00e4\u00e4 asiasanahaussa, mutta sit\u00e4 voi hyvin k\u00e4ytt\u00e4\u00e4 vapaasanahaussa.<\/p>\n\n\n\n<p><strong>Sosiologiaan liittyvi\u00e4 sanoja<\/strong> n\u00e4kee klikkaamalla YSO:n etusivulla ensin linkki\u00e4 \u2019Ryhm\u00e4t\u2019 ja sitten kohtaa \u201c60 Sosiologia. Sosiaalipsykologia&#8221;. <strong>Yhteiskuntapolitiikan<\/strong> ryhm\u00e4 on numero 73.<br>YSAsta voi my\u00f6s hakea <strong>yksitt\u00e4isi\u00e4 sanoja.<\/strong><\/p>\n\n\n\n<p>Asiasanastot el\u00e4v\u00e4t jatkuvasti: tapa asiasanoittaa tietty asia on voinut muuttua vuosien kuluessa, esim.<\/p>\n\n\n\n<p><strong>\u2019etsiv\u00e4 nuorisoty\u00f6\u2019<\/strong> tuli asiasanaksi\u00a0 v. 2010;<br>sit\u00e4 ennen asiasanoitus saattoi olla esim.<br><strong>\u2019erityisnuorisoty\u00f6\u2019<\/strong><\/p>\n\n\n\n<h2 class=\"wp-block-heading\">Ent\u00e4 jos omalle aiheelle ei l\u00f6ydy sanastosta asiasanaa?<\/h2>\n\n\n\n<p>T\u00e4m\u00e4 on hyvin tavallista, varsinkin hyvin tarkkojen tai uusien termien kohdalla.<br>-&gt; <strong>Mill\u00e4 tahansa sanalla voi hakea sanahakuna\/vapaatekstihakuna.<\/strong><\/p>\n\n\n\n<p><strong>Asiasanoja voi k\u00e4ytt\u00e4\u00e4 hakutermein\u00e4 my\u00f6s vapaasanahaussa, mutta vapaat sanat eiv\u00e4t kelpaa asiasanahakuun.<\/strong><\/p>\n\n\n\n<p><strong>Eri tietokannoissa erilainen asiasanapolitiikka<\/strong>. Esimerkiksi <em>Sociological abstract<\/em>s -tietokannassa on oma sanasto. Sen sijaan<em> Web of Science<\/em> \u2013tietokannassa ei ole k\u00e4yt\u00f6ss\u00e4 mit\u00e4\u00e4n m\u00e4\u00e4ritelty\u00e4 sanastoa.<\/p>\n\n\n\n<h2 class=\"wp-block-heading\">Vinkki<\/h2>\n\n\n\n<p>Asiasanastoa voi k\u00e4ytt\u00e4\u00e4 apuna my\u00f6s hakusanojen ideointivaiheessa, vaikka tekisikin haut vapaasanahakuina. Sielt\u00e4 voi l\u00f6yty\u00e4 vihjeit\u00e4 hakusanoiksi sek\u00e4 k\u00e4\u00e4nn\u00f6ksi\u00e4 sanoista.<\/p>\n\n\n","protected":false},"excerpt":{"rendered":"<p>ASIASANASTOT (thesaurus, subject headings) ovat Yleinen Suomalainen Ontologia (YSO) on Suomessa k\u00e4ytett\u00e4v\u00e4 asiasanasto. YSO kattaa kaikkien tieteen- ja tiedonalojen keskeisimm\u00e4n terminologian. Termeille saa my\u00f6s englannin- ja ruotsinkielisen vastineen. K\u00c4YTETT\u00c4V\u00c4 TERMI kertoo sanaston hyv\u00e4ksym\u00e4n asiasanan tietylle k\u00e4sitteelle. OHJAUSTERMIT kertovat, mik\u00e4 sanan sijasta asiasanaa k\u00e4ytet\u00e4\u00e4n. Ohjaustermi\u00e4 ei siis voi tallentaa asiasanaksi (aihe) eik\u00e4 k\u00e4ytt\u00e4\u00e4 asiasanahaussa, mutta sit\u00e4 [&hellip;]<\/p>\n","protected":false},"author":127,"featured_media":0,"parent":0,"menu_order":0,"comment_status":"closed","ping_status":"closed","template":"","meta":{"_acf_changed":false,"footnotes":""},"class_list":["post-175","page","type-page","status-publish","hentry"],"acf":[],"yoast_head":"<!-- This site is optimized with the Yoast SEO plugin v27.1.1 - https:\/\/yoast.com\/product\/yoast-seo-wordpress\/ -->\n<title>Asiasanastot - Yhteiskuntatieteen tiedonhaku \/ UEF kirjasto<\/title>\n<meta name=\"robots\" content=\"index, follow, max-snippet:-1, max-image-preview:large, max-video-preview:-1\" \/>\n<link rel=\"canonical\" href=\"https:\/\/blogs.uef.fi\/tiedonhaku-yhteiskuntatiede\/asiasanastot\/\" \/>\n<meta property=\"og:locale\" content=\"fi_FI\" \/>\n<meta property=\"og:type\" content=\"article\" \/>\n<meta property=\"og:title\" content=\"Asiasanastot - Yhteiskuntatieteen tiedonhaku \/ UEF kirjasto\" \/>\n<meta property=\"og:description\" content=\"ASIASANASTOT (thesaurus, subject headings) ovat Yleinen Suomalainen Ontologia (YSO) on Suomessa k\u00e4ytett\u00e4v\u00e4 asiasanasto. YSO kattaa kaikkien tieteen- ja tiedonalojen keskeisimm\u00e4n terminologian. Termeille saa my\u00f6s englannin- ja ruotsinkielisen vastineen. K\u00c4YTETT\u00c4V\u00c4 TERMI kertoo sanaston hyv\u00e4ksym\u00e4n asiasanan tietylle k\u00e4sitteelle. OHJAUSTERMIT kertovat, mik\u00e4 sanan sijasta asiasanaa k\u00e4ytet\u00e4\u00e4n. Ohjaustermi\u00e4 ei siis voi tallentaa asiasanaksi (aihe) eik\u00e4 k\u00e4ytt\u00e4\u00e4 asiasanahaussa, mutta sit\u00e4 [&hellip;]\" \/>\n<meta property=\"og:url\" content=\"https:\/\/blogs.uef.fi\/tiedonhaku-yhteiskuntatiede\/asiasanastot\/\" \/>\n<meta property=\"og:site_name\" content=\"Yhteiskuntatieteen tiedonhaku \/ UEF kirjasto\" \/>\n<meta property=\"article:modified_time\" content=\"2024-01-09T12:03:48+00:00\" \/>\n<meta property=\"og:image\" content=\"https:\/\/blogs.uef.fi\/tiedonhaku-yhteiskuntatiede\/wp-content\/uploads\/sites\/57\/2019\/06\/SYyso.png\" \/>\n<meta name=\"twitter:card\" content=\"summary_large_image\" \/>\n<meta name=\"twitter:label1\" content=\"Arvioitu lukuaika\" \/>\n\t<meta name=\"twitter:data1\" content=\"2 minuuttia\" \/>\n<script type=\"application\/ld+json\" class=\"yoast-schema-graph\">{\"@context\":\"https:\/\/schema.org\",\"@graph\":[{\"@type\":\"WebPage\",\"@id\":\"https:\/\/blogs.uef.fi\/tiedonhaku-yhteiskuntatiede\/asiasanastot\/\",\"url\":\"https:\/\/blogs.uef.fi\/tiedonhaku-yhteiskuntatiede\/asiasanastot\/\",\"name\":\"Asiasanastot - Yhteiskuntatieteen tiedonhaku \/ UEF kirjasto\",\"isPartOf\":{\"@id\":\"https:\/\/blogs.uef.fi\/tiedonhaku-yhteiskuntatiede\/#website\"},\"primaryImageOfPage\":{\"@id\":\"https:\/\/blogs.uef.fi\/tiedonhaku-yhteiskuntatiede\/asiasanastot\/#primaryimage\"},\"image\":{\"@id\":\"https:\/\/blogs.uef.fi\/tiedonhaku-yhteiskuntatiede\/asiasanastot\/#primaryimage\"},\"thumbnailUrl\":\"https:\/\/blogs.uef.fi\/tiedonhaku-yhteiskuntatiede\/wp-content\/uploads\/sites\/57\/2019\/06\/SYyso.png\",\"datePublished\":\"2015-11-26T08:14:26+00:00\",\"dateModified\":\"2024-01-09T12:03:48+00:00\",\"breadcrumb\":{\"@id\":\"https:\/\/blogs.uef.fi\/tiedonhaku-yhteiskuntatiede\/asiasanastot\/#breadcrumb\"},\"inLanguage\":\"fi\",\"potentialAction\":[{\"@type\":\"ReadAction\",\"target\":[\"https:\/\/blogs.uef.fi\/tiedonhaku-yhteiskuntatiede\/asiasanastot\/\"]}]},{\"@type\":\"ImageObject\",\"inLanguage\":\"fi\",\"@id\":\"https:\/\/blogs.uef.fi\/tiedonhaku-yhteiskuntatiede\/asiasanastot\/#primaryimage\",\"url\":\"https:\/\/blogs.uef.fi\/tiedonhaku-yhteiskuntatiede\/wp-content\/uploads\/sites\/57\/2019\/06\/SYyso.png\",\"contentUrl\":\"https:\/\/blogs.uef.fi\/tiedonhaku-yhteiskuntatiede\/wp-content\/uploads\/sites\/57\/2019\/06\/SYyso.png\",\"width\":1277,\"height\":665,\"caption\":\"Haettu sanaa aluepolitiikka\"},{\"@type\":\"BreadcrumbList\",\"@id\":\"https:\/\/blogs.uef.fi\/tiedonhaku-yhteiskuntatiede\/asiasanastot\/#breadcrumb\",\"itemListElement\":[{\"@type\":\"ListItem\",\"position\":1,\"name\":\"Home\",\"item\":\"https:\/\/blogs.uef.fi\/tiedonhaku-yhteiskuntatiede\/\"},{\"@type\":\"ListItem\",\"position\":2,\"name\":\"Asiasanastot\"}]},{\"@type\":\"WebSite\",\"@id\":\"https:\/\/blogs.uef.fi\/tiedonhaku-yhteiskuntatiede\/#website\",\"url\":\"https:\/\/blogs.uef.fi\/tiedonhaku-yhteiskuntatiede\/\",\"name\":\"Yhteiskuntatieteen tiedonhaku \/ UEF kirjasto\",\"description\":\"\",\"potentialAction\":[{\"@type\":\"SearchAction\",\"target\":{\"@type\":\"EntryPoint\",\"urlTemplate\":\"https:\/\/blogs.uef.fi\/tiedonhaku-yhteiskuntatiede\/?s={search_term_string}\"},\"query-input\":{\"@type\":\"PropertyValueSpecification\",\"valueRequired\":true,\"valueName\":\"search_term_string\"}}],\"inLanguage\":\"fi\"}]}<\/script>\n<!-- \/ Yoast SEO plugin. -->","yoast_head_json":{"title":"Asiasanastot - Yhteiskuntatieteen tiedonhaku \/ UEF kirjasto","robots":{"index":"index","follow":"follow","max-snippet":"max-snippet:-1","max-image-preview":"max-image-preview:large","max-video-preview":"max-video-preview:-1"},"canonical":"https:\/\/blogs.uef.fi\/tiedonhaku-yhteiskuntatiede\/asiasanastot\/","og_locale":"fi_FI","og_type":"article","og_title":"Asiasanastot - Yhteiskuntatieteen tiedonhaku \/ UEF kirjasto","og_description":"ASIASANASTOT (thesaurus, subject headings) ovat Yleinen Suomalainen Ontologia (YSO) on Suomessa k\u00e4ytett\u00e4v\u00e4 asiasanasto. YSO kattaa kaikkien tieteen- ja tiedonalojen keskeisimm\u00e4n terminologian. Termeille saa my\u00f6s englannin- ja ruotsinkielisen vastineen. K\u00c4YTETT\u00c4V\u00c4 TERMI kertoo sanaston hyv\u00e4ksym\u00e4n asiasanan tietylle k\u00e4sitteelle. OHJAUSTERMIT kertovat, mik\u00e4 sanan sijasta asiasanaa k\u00e4ytet\u00e4\u00e4n. Ohjaustermi\u00e4 ei siis voi tallentaa asiasanaksi (aihe) eik\u00e4 k\u00e4ytt\u00e4\u00e4 asiasanahaussa, mutta sit\u00e4 [&hellip;]","og_url":"https:\/\/blogs.uef.fi\/tiedonhaku-yhteiskuntatiede\/asiasanastot\/","og_site_name":"Yhteiskuntatieteen tiedonhaku \/ UEF kirjasto","article_modified_time":"2024-01-09T12:03:48+00:00","og_image":[{"url":"https:\/\/blogs.uef.fi\/tiedonhaku-yhteiskuntatiede\/wp-content\/uploads\/sites\/57\/2019\/06\/SYyso.png","type":"","width":"","height":""}],"twitter_card":"summary_large_image","twitter_misc":{"Arvioitu lukuaika":"2 minuuttia"},"schema":{"@context":"https:\/\/schema.org","@graph":[{"@type":"WebPage","@id":"https:\/\/blogs.uef.fi\/tiedonhaku-yhteiskuntatiede\/asiasanastot\/","url":"https:\/\/blogs.uef.fi\/tiedonhaku-yhteiskuntatiede\/asiasanastot\/","name":"Asiasanastot - Yhteiskuntatieteen tiedonhaku \/ UEF kirjasto","isPartOf":{"@id":"https:\/\/blogs.uef.fi\/tiedonhaku-yhteiskuntatiede\/#website"},"primaryImageOfPage":{"@id":"https:\/\/blogs.uef.fi\/tiedonhaku-yhteiskuntatiede\/asiasanastot\/#primaryimage"},"image":{"@id":"https:\/\/blogs.uef.fi\/tiedonhaku-yhteiskuntatiede\/asiasanastot\/#primaryimage"},"thumbnailUrl":"https:\/\/blogs.uef.fi\/tiedonhaku-yhteiskuntatiede\/wp-content\/uploads\/sites\/57\/2019\/06\/SYyso.png","datePublished":"2015-11-26T08:14:26+00:00","dateModified":"2024-01-09T12:03:48+00:00","breadcrumb":{"@id":"https:\/\/blogs.uef.fi\/tiedonhaku-yhteiskuntatiede\/asiasanastot\/#breadcrumb"},"inLanguage":"fi","potentialAction":[{"@type":"ReadAction","target":["https:\/\/blogs.uef.fi\/tiedonhaku-yhteiskuntatiede\/asiasanastot\/"]}]},{"@type":"ImageObject","inLanguage":"fi","@id":"https:\/\/blogs.uef.fi\/tiedonhaku-yhteiskuntatiede\/asiasanastot\/#primaryimage","url":"https:\/\/blogs.uef.fi\/tiedonhaku-yhteiskuntatiede\/wp-content\/uploads\/sites\/57\/2019\/06\/SYyso.png","contentUrl":"https:\/\/blogs.uef.fi\/tiedonhaku-yhteiskuntatiede\/wp-content\/uploads\/sites\/57\/2019\/06\/SYyso.png","width":1277,"height":665,"caption":"Haettu sanaa aluepolitiikka"},{"@type":"BreadcrumbList","@id":"https:\/\/blogs.uef.fi\/tiedonhaku-yhteiskuntatiede\/asiasanastot\/#breadcrumb","itemListElement":[{"@type":"ListItem","position":1,"name":"Home","item":"https:\/\/blogs.uef.fi\/tiedonhaku-yhteiskuntatiede\/"},{"@type":"ListItem","position":2,"name":"Asiasanastot"}]},{"@type":"WebSite","@id":"https:\/\/blogs.uef.fi\/tiedonhaku-yhteiskuntatiede\/#website","url":"https:\/\/blogs.uef.fi\/tiedonhaku-yhteiskuntatiede\/","name":"Yhteiskuntatieteen tiedonhaku \/ UEF kirjasto","description":"","potentialAction":[{"@type":"SearchAction","target":{"@type":"EntryPoint","urlTemplate":"https:\/\/blogs.uef.fi\/tiedonhaku-yhteiskuntatiede\/?s={search_term_string}"},"query-input":{"@type":"PropertyValueSpecification","valueRequired":true,"valueName":"search_term_string"}}],"inLanguage":"fi"}]}},"_links":{"self":[{"href":"https:\/\/blogs.uef.fi\/tiedonhaku-yhteiskuntatiede\/wp-json\/wp\/v2\/pages\/175","targetHints":{"allow":["GET"]}}],"collection":[{"href":"https:\/\/blogs.uef.fi\/tiedonhaku-yhteiskuntatiede\/wp-json\/wp\/v2\/pages"}],"about":[{"href":"https:\/\/blogs.uef.fi\/tiedonhaku-yhteiskuntatiede\/wp-json\/wp\/v2\/types\/page"}],"author":[{"embeddable":true,"href":"https:\/\/blogs.uef.fi\/tiedonhaku-yhteiskuntatiede\/wp-json\/wp\/v2\/users\/127"}],"replies":[{"embeddable":true,"href":"https:\/\/blogs.uef.fi\/tiedonhaku-yhteiskuntatiede\/wp-json\/wp\/v2\/comments?post=175"}],"version-history":[{"count":1,"href":"https:\/\/blogs.uef.fi\/tiedonhaku-yhteiskuntatiede\/wp-json\/wp\/v2\/pages\/175\/revisions"}],"predecessor-version":[{"id":1937,"href":"https:\/\/blogs.uef.fi\/tiedonhaku-yhteiskuntatiede\/wp-json\/wp\/v2\/pages\/175\/revisions\/1937"}],"wp:attachment":[{"href":"https:\/\/blogs.uef.fi\/tiedonhaku-yhteiskuntatiede\/wp-json\/wp\/v2\/media?parent=175"}],"curies":[{"name":"wp","href":"https:\/\/api.w.org\/{rel}","templated":true}]}}