{"id":17,"date":"2015-11-19T08:38:54","date_gmt":"2015-11-19T08:38:54","guid":{"rendered":"https:\/\/ueflibrarysoc.wordpress.com\/?page_id=17"},"modified":"2025-06-09T16:24:38","modified_gmt":"2025-06-09T13:24:38","slug":"sosiologian-ja-yhteiskuntapolitiikan-tiedonhaku","status":"publish","type":"page","link":"https:\/\/blogs.uef.fi\/tiedonhaku-yhteiskuntatiede\/","title":{"rendered":"Yhteiskunta- ja sosiaalitieteiden (sosiologia, sosiaalipedagogiikka, sosiaalispykologia, sosiaality\u00f6 ja yhteiskuntapolitiikka) tiedonhaku"},"content":{"rendered":"\n<p><\/p>\n\n\n\n<p>T\u00e4m\u00e4 on avoin oppimateriaali kaikille, mutta tarkoitettu erityisesti sosiaalitieteiden opiskelijoile. Yhteiskunta- ja sosiaalitieteiden t\u00e4rkeimpi\u00e4 tietokantoja ja muita tiedonl\u00e4hteit\u00e4 l\u00f6yd\u00e4t It\u00e4-Suomen yliopiston kirjaston Yhteiskunta- ja sosiaalitieteet -sivulta.Tiedonhausta on laajemmin kerrottu kirjaston yleisess\u00e4 Tiedonhakijan oppaassa.<br><strong><a href=\"https:\/\/www.uef.fi\/fi\/kirjasto\/yhteiskunta-ja-sosiaalitieteiden-tiedonlahteet\">Yhteiskunta- ja sosiaalitieteiden tiedonl\u00e4hteet<\/a><br><a href=\"https:\/\/sites.uef.fi\/tiedonhaku-kirjasto\/\">Tiedonhakijan opas<\/a><\/strong><\/p>\n\n\n\n<p><\/p>\n\n\n\n<p><strong>Opintojakson Yhteiskuntatieteiden tiedonhaku (8020060)  (1 op) suorittaja: tarkemmat suoritusohjeet l\u00f6yd\u00e4t kurssin Elearn Moodle-ymp\u00e4rist\u00f6st\u00e4.<\/strong><\/p>\n\n\n\n<p>Navigoi oppimateriaalissa oikean yl\u00e4kulman hampurilasvalikoista.<\/p>\n\n\n\n<h3 class=\"wp-block-heading\"><\/h3>\n\n\n\n<p><\/p>\n\n\n\n<p><\/p>\n\n\n\n<p><\/p>\n\n\n\n<p><\/p>\n\n\n\n<p><\/p>\n\n\n\n<p><\/p>\n\n\n\n<p><\/p>\n\n\n\n<p><\/p>\n\n\n\n<p><\/p>\n\n\n\n<p><a href=\"https:\/\/creativecommons.org\/licenses\/by-nc\/4.0\/\">CC BY-NC 4.0<\/a>&nbsp;<br>Kurssin tekij\u00e4: <em>Laura Parikka<\/em>, tietoasiantuntija It\u00e4-Suomen yliopiston kirjasto<br>Kurssin opettajat 2025-2026: <em>Jaakko Nyr\u00f6nen<\/em> (vastuuopettaja) tietoasiantuntija, <em>Tuula Rissanen<\/em>, tietoasiantuntija It\u00e4-Suomen yliopiston kirjasto<br>Kurssin muokkaus &amp; p\u00e4ivitys : <em>Tuula Rissanen<\/em>, tietoasiantuntija It\u00e4-Suomen yliopiston kirjasto<br>Valokuva: <em>Katri Parikka<\/em>, piirroskuvat: <em>Riitta Holopainen<\/em><br>Kiitokset: kirjaston opetus- ja tietopalvelut<br>P\u00e4ivitetty viimeksi: 9.6.2025<\/p>\n\n\n\n<figure class=\"wp-block-image size-full\"><img loading=\"lazy\" decoding=\"async\" width=\"225\" height=\"210\" src=\"https:\/\/blogs.uef.fi\/tiedonhaku-yhteiskuntatiede\/wp-content\/uploads\/sites\/57\/2023\/08\/image-1.png\" alt=\"\" class=\"wp-image-1814\" \/><\/figure>\n\n\n\n<p><\/p>\n","protected":false},"excerpt":{"rendered":"<p>T\u00e4m\u00e4 on avoin oppimateriaali kaikille, mutta tarkoitettu erityisesti sosiaalitieteiden opiskelijoile. Yhteiskunta- ja sosiaalitieteiden t\u00e4rkeimpi\u00e4 tietokantoja ja muita tiedonl\u00e4hteit\u00e4 l\u00f6yd\u00e4t It\u00e4-Suomen yliopiston kirjaston Yhteiskunta- ja sosiaalitieteet -sivulta.Tiedonhausta on laajemmin kerrottu kirjaston yleisess\u00e4 Tiedonhakijan oppaassa.Yhteiskunta- ja sosiaalitieteiden tiedonl\u00e4hteetTiedonhakijan opas Opintojakson Yhteiskuntatieteiden tiedonhaku (8020060) (1 op) suorittaja: tarkemmat suoritusohjeet l\u00f6yd\u00e4t kurssin Elearn Moodle-ymp\u00e4rist\u00f6st\u00e4. Navigoi oppimateriaalissa oikean yl\u00e4kulman hampurilasvalikoista. [&hellip;]<\/p>\n","protected":false},"author":127,"featured_media":0,"parent":0,"menu_order":0,"comment_status":"closed","ping_status":"closed","template":"","meta":{"_acf_changed":false,"footnotes":""},"class_list":["post-17","page","type-page","status-publish","hentry"],"acf":[],"yoast_head":"<!-- This site is optimized with the Yoast SEO plugin v27.3 - https:\/\/yoast.com\/product\/yoast-seo-wordpress\/ -->\n<title>Yhteiskunta- ja sosiaalitieteiden (sosiologia, sosiaalipedagogiikka, sosiaalispykologia, sosiaality\u00f6 ja yhteiskuntapolitiikka) tiedonhaku - Yhteiskuntatieteen tiedonhaku \/ UEF kirjasto<\/title>\n<meta name=\"robots\" content=\"index, follow, max-snippet:-1, max-image-preview:large, max-video-preview:-1\" \/>\n<link rel=\"canonical\" href=\"https:\/\/blogs.uef.fi\/tiedonhaku-yhteiskuntatiede\/\" \/>\n<meta property=\"og:locale\" content=\"fi_FI\" \/>\n<meta property=\"og:type\" content=\"article\" \/>\n<meta property=\"og:title\" content=\"Yhteiskunta- ja sosiaalitieteiden (sosiologia, sosiaalipedagogiikka, sosiaalispykologia, sosiaality\u00f6 ja yhteiskuntapolitiikka) tiedonhaku - Yhteiskuntatieteen tiedonhaku \/ UEF kirjasto\" \/>\n<meta property=\"og:description\" content=\"T\u00e4m\u00e4 on avoin oppimateriaali kaikille, mutta tarkoitettu erityisesti sosiaalitieteiden opiskelijoile. Yhteiskunta- ja sosiaalitieteiden t\u00e4rkeimpi\u00e4 tietokantoja ja muita tiedonl\u00e4hteit\u00e4 l\u00f6yd\u00e4t It\u00e4-Suomen yliopiston kirjaston Yhteiskunta- ja sosiaalitieteet -sivulta.Tiedonhausta on laajemmin kerrottu kirjaston yleisess\u00e4 Tiedonhakijan oppaassa.Yhteiskunta- ja sosiaalitieteiden tiedonl\u00e4hteetTiedonhakijan opas Opintojakson Yhteiskuntatieteiden tiedonhaku (8020060) (1 op) suorittaja: tarkemmat suoritusohjeet l\u00f6yd\u00e4t kurssin Elearn Moodle-ymp\u00e4rist\u00f6st\u00e4. Navigoi oppimateriaalissa oikean yl\u00e4kulman hampurilasvalikoista. [&hellip;]\" \/>\n<meta property=\"og:url\" content=\"https:\/\/blogs.uef.fi\/tiedonhaku-yhteiskuntatiede\/\" \/>\n<meta property=\"og:site_name\" content=\"Yhteiskuntatieteen tiedonhaku \/ UEF kirjasto\" \/>\n<meta property=\"article:modified_time\" content=\"2025-06-09T13:24:38+00:00\" \/>\n<meta property=\"og:image\" content=\"https:\/\/blogs.uef.fi\/tiedonhaku-yhteiskuntatiede\/wp-content\/uploads\/sites\/57\/2023\/08\/image-1.png\" \/>\n\t<meta property=\"og:image:width\" content=\"225\" \/>\n\t<meta property=\"og:image:height\" content=\"210\" \/>\n\t<meta property=\"og:image:type\" content=\"image\/png\" \/>\n<meta name=\"twitter:card\" content=\"summary_large_image\" \/>\n<meta name=\"twitter:label1\" content=\"Arvioitu lukuaika\" \/>\n\t<meta name=\"twitter:data1\" content=\"1 minuutti\" \/>\n<script type=\"application\/ld+json\" class=\"yoast-schema-graph\">{\"@context\":\"https:\\\/\\\/schema.org\",\"@graph\":[{\"@type\":\"WebPage\",\"@id\":\"https:\\\/\\\/blogs.uef.fi\\\/tiedonhaku-yhteiskuntatiede\\\/\",\"url\":\"https:\\\/\\\/blogs.uef.fi\\\/tiedonhaku-yhteiskuntatiede\\\/\",\"name\":\"Yhteiskunta- ja sosiaalitieteiden (sosiologia, sosiaalipedagogiikka, sosiaalispykologia, sosiaality\u00f6 ja yhteiskuntapolitiikka) tiedonhaku - Yhteiskuntatieteen tiedonhaku \\\/ UEF kirjasto\",\"isPartOf\":{\"@id\":\"https:\\\/\\\/blogs.uef.fi\\\/tiedonhaku-yhteiskuntatiede\\\/#website\"},\"primaryImageOfPage\":{\"@id\":\"https:\\\/\\\/blogs.uef.fi\\\/tiedonhaku-yhteiskuntatiede\\\/#primaryimage\"},\"image\":{\"@id\":\"https:\\\/\\\/blogs.uef.fi\\\/tiedonhaku-yhteiskuntatiede\\\/#primaryimage\"},\"thumbnailUrl\":\"https:\\\/\\\/blogs.uef.fi\\\/tiedonhaku-yhteiskuntatiede\\\/wp-content\\\/uploads\\\/sites\\\/57\\\/2023\\\/08\\\/image-1.png\",\"datePublished\":\"2015-11-19T08:38:54+00:00\",\"dateModified\":\"2025-06-09T13:24:38+00:00\",\"breadcrumb\":{\"@id\":\"https:\\\/\\\/blogs.uef.fi\\\/tiedonhaku-yhteiskuntatiede\\\/#breadcrumb\"},\"inLanguage\":\"fi\",\"potentialAction\":[{\"@type\":\"ReadAction\",\"target\":[\"https:\\\/\\\/blogs.uef.fi\\\/tiedonhaku-yhteiskuntatiede\\\/\"]}]},{\"@type\":\"ImageObject\",\"inLanguage\":\"fi\",\"@id\":\"https:\\\/\\\/blogs.uef.fi\\\/tiedonhaku-yhteiskuntatiede\\\/#primaryimage\",\"url\":\"https:\\\/\\\/blogs.uef.fi\\\/tiedonhaku-yhteiskuntatiede\\\/wp-content\\\/uploads\\\/sites\\\/57\\\/2023\\\/08\\\/image-1.png\",\"contentUrl\":\"https:\\\/\\\/blogs.uef.fi\\\/tiedonhaku-yhteiskuntatiede\\\/wp-content\\\/uploads\\\/sites\\\/57\\\/2023\\\/08\\\/image-1.png\",\"width\":225,\"height\":210},{\"@type\":\"BreadcrumbList\",\"@id\":\"https:\\\/\\\/blogs.uef.fi\\\/tiedonhaku-yhteiskuntatiede\\\/#breadcrumb\",\"itemListElement\":[{\"@type\":\"ListItem\",\"position\":1,\"name\":\"Home\",\"item\":\"https:\\\/\\\/blogs.uef.fi\\\/tiedonhaku-yhteiskuntatiede\\\/\"},{\"@type\":\"ListItem\",\"position\":2,\"name\":\"Yhteiskunta- ja sosiaalitieteiden (sosiologia, sosiaalipedagogiikka, sosiaalispykologia, sosiaality\u00f6 ja yhteiskuntapolitiikka) tiedonhaku\"}]},{\"@type\":\"WebSite\",\"@id\":\"https:\\\/\\\/blogs.uef.fi\\\/tiedonhaku-yhteiskuntatiede\\\/#website\",\"url\":\"https:\\\/\\\/blogs.uef.fi\\\/tiedonhaku-yhteiskuntatiede\\\/\",\"name\":\"Yhteiskuntatieteen tiedonhaku \\\/ UEF kirjasto\",\"description\":\"\",\"potentialAction\":[{\"@type\":\"SearchAction\",\"target\":{\"@type\":\"EntryPoint\",\"urlTemplate\":\"https:\\\/\\\/blogs.uef.fi\\\/tiedonhaku-yhteiskuntatiede\\\/?s={search_term_string}\"},\"query-input\":{\"@type\":\"PropertyValueSpecification\",\"valueRequired\":true,\"valueName\":\"search_term_string\"}}],\"inLanguage\":\"fi\"}]}<\/script>\n<!-- \/ Yoast SEO plugin. -->","yoast_head_json":{"title":"Yhteiskunta- ja sosiaalitieteiden (sosiologia, sosiaalipedagogiikka, sosiaalispykologia, sosiaality\u00f6 ja yhteiskuntapolitiikka) tiedonhaku - Yhteiskuntatieteen tiedonhaku \/ UEF kirjasto","robots":{"index":"index","follow":"follow","max-snippet":"max-snippet:-1","max-image-preview":"max-image-preview:large","max-video-preview":"max-video-preview:-1"},"canonical":"https:\/\/blogs.uef.fi\/tiedonhaku-yhteiskuntatiede\/","og_locale":"fi_FI","og_type":"article","og_title":"Yhteiskunta- ja sosiaalitieteiden (sosiologia, sosiaalipedagogiikka, sosiaalispykologia, sosiaality\u00f6 ja yhteiskuntapolitiikka) tiedonhaku - Yhteiskuntatieteen tiedonhaku \/ UEF kirjasto","og_description":"T\u00e4m\u00e4 on avoin oppimateriaali kaikille, mutta tarkoitettu erityisesti sosiaalitieteiden opiskelijoile. Yhteiskunta- ja sosiaalitieteiden t\u00e4rkeimpi\u00e4 tietokantoja ja muita tiedonl\u00e4hteit\u00e4 l\u00f6yd\u00e4t It\u00e4-Suomen yliopiston kirjaston Yhteiskunta- ja sosiaalitieteet -sivulta.Tiedonhausta on laajemmin kerrottu kirjaston yleisess\u00e4 Tiedonhakijan oppaassa.Yhteiskunta- ja sosiaalitieteiden tiedonl\u00e4hteetTiedonhakijan opas Opintojakson Yhteiskuntatieteiden tiedonhaku (8020060) (1 op) suorittaja: tarkemmat suoritusohjeet l\u00f6yd\u00e4t kurssin Elearn Moodle-ymp\u00e4rist\u00f6st\u00e4. Navigoi oppimateriaalissa oikean yl\u00e4kulman hampurilasvalikoista. [&hellip;]","og_url":"https:\/\/blogs.uef.fi\/tiedonhaku-yhteiskuntatiede\/","og_site_name":"Yhteiskuntatieteen tiedonhaku \/ UEF kirjasto","article_modified_time":"2025-06-09T13:24:38+00:00","og_image":[{"width":225,"height":210,"url":"https:\/\/blogs.uef.fi\/tiedonhaku-yhteiskuntatiede\/wp-content\/uploads\/sites\/57\/2023\/08\/image-1.png","type":"image\/png"}],"twitter_card":"summary_large_image","twitter_misc":{"Arvioitu lukuaika":"1 minuutti"},"schema":{"@context":"https:\/\/schema.org","@graph":[{"@type":"WebPage","@id":"https:\/\/blogs.uef.fi\/tiedonhaku-yhteiskuntatiede\/","url":"https:\/\/blogs.uef.fi\/tiedonhaku-yhteiskuntatiede\/","name":"Yhteiskunta- ja sosiaalitieteiden (sosiologia, sosiaalipedagogiikka, sosiaalispykologia, sosiaality\u00f6 ja yhteiskuntapolitiikka) tiedonhaku - Yhteiskuntatieteen tiedonhaku \/ UEF kirjasto","isPartOf":{"@id":"https:\/\/blogs.uef.fi\/tiedonhaku-yhteiskuntatiede\/#website"},"primaryImageOfPage":{"@id":"https:\/\/blogs.uef.fi\/tiedonhaku-yhteiskuntatiede\/#primaryimage"},"image":{"@id":"https:\/\/blogs.uef.fi\/tiedonhaku-yhteiskuntatiede\/#primaryimage"},"thumbnailUrl":"https:\/\/blogs.uef.fi\/tiedonhaku-yhteiskuntatiede\/wp-content\/uploads\/sites\/57\/2023\/08\/image-1.png","datePublished":"2015-11-19T08:38:54+00:00","dateModified":"2025-06-09T13:24:38+00:00","breadcrumb":{"@id":"https:\/\/blogs.uef.fi\/tiedonhaku-yhteiskuntatiede\/#breadcrumb"},"inLanguage":"fi","potentialAction":[{"@type":"ReadAction","target":["https:\/\/blogs.uef.fi\/tiedonhaku-yhteiskuntatiede\/"]}]},{"@type":"ImageObject","inLanguage":"fi","@id":"https:\/\/blogs.uef.fi\/tiedonhaku-yhteiskuntatiede\/#primaryimage","url":"https:\/\/blogs.uef.fi\/tiedonhaku-yhteiskuntatiede\/wp-content\/uploads\/sites\/57\/2023\/08\/image-1.png","contentUrl":"https:\/\/blogs.uef.fi\/tiedonhaku-yhteiskuntatiede\/wp-content\/uploads\/sites\/57\/2023\/08\/image-1.png","width":225,"height":210},{"@type":"BreadcrumbList","@id":"https:\/\/blogs.uef.fi\/tiedonhaku-yhteiskuntatiede\/#breadcrumb","itemListElement":[{"@type":"ListItem","position":1,"name":"Home","item":"https:\/\/blogs.uef.fi\/tiedonhaku-yhteiskuntatiede\/"},{"@type":"ListItem","position":2,"name":"Yhteiskunta- ja sosiaalitieteiden (sosiologia, sosiaalipedagogiikka, sosiaalispykologia, sosiaality\u00f6 ja yhteiskuntapolitiikka) tiedonhaku"}]},{"@type":"WebSite","@id":"https:\/\/blogs.uef.fi\/tiedonhaku-yhteiskuntatiede\/#website","url":"https:\/\/blogs.uef.fi\/tiedonhaku-yhteiskuntatiede\/","name":"Yhteiskuntatieteen tiedonhaku \/ UEF kirjasto","description":"","potentialAction":[{"@type":"SearchAction","target":{"@type":"EntryPoint","urlTemplate":"https:\/\/blogs.uef.fi\/tiedonhaku-yhteiskuntatiede\/?s={search_term_string}"},"query-input":{"@type":"PropertyValueSpecification","valueRequired":true,"valueName":"search_term_string"}}],"inLanguage":"fi"}]}},"_links":{"self":[{"href":"https:\/\/blogs.uef.fi\/tiedonhaku-yhteiskuntatiede\/wp-json\/wp\/v2\/pages\/17","targetHints":{"allow":["GET"]}}],"collection":[{"href":"https:\/\/blogs.uef.fi\/tiedonhaku-yhteiskuntatiede\/wp-json\/wp\/v2\/pages"}],"about":[{"href":"https:\/\/blogs.uef.fi\/tiedonhaku-yhteiskuntatiede\/wp-json\/wp\/v2\/types\/page"}],"author":[{"embeddable":true,"href":"https:\/\/blogs.uef.fi\/tiedonhaku-yhteiskuntatiede\/wp-json\/wp\/v2\/users\/127"}],"replies":[{"embeddable":true,"href":"https:\/\/blogs.uef.fi\/tiedonhaku-yhteiskuntatiede\/wp-json\/wp\/v2\/comments?post=17"}],"version-history":[{"count":2,"href":"https:\/\/blogs.uef.fi\/tiedonhaku-yhteiskuntatiede\/wp-json\/wp\/v2\/pages\/17\/revisions"}],"predecessor-version":[{"id":2190,"href":"https:\/\/blogs.uef.fi\/tiedonhaku-yhteiskuntatiede\/wp-json\/wp\/v2\/pages\/17\/revisions\/2190"}],"wp:attachment":[{"href":"https:\/\/blogs.uef.fi\/tiedonhaku-yhteiskuntatiede\/wp-json\/wp\/v2\/media?parent=17"}],"curies":[{"name":"wp","href":"https:\/\/api.w.org\/{rel}","templated":true}]}}