{"id":156,"date":"2015-11-26T08:03:02","date_gmt":"2015-11-26T08:03:02","guid":{"rendered":"https:\/\/ueflibrarysoc.wordpress.com\/?page_id=156"},"modified":"2024-01-09T14:19:37","modified_gmt":"2024-01-09T12:19:37","slug":"asiasana-vs-sanahaku","status":"publish","type":"page","link":"https:\/\/blogs.uef.fi\/tiedonhaku-yhteiskuntatiede\/asiasana-vs-sanahaku\/","title":{"rendered":"Asiasana- vs. sanahaku"},"content":{"rendered":"\n<h2 class=\"wp-block-heading\">SANAHAKU (<em>vapaateksti, keyword, free text..<\/em>)<\/h2>\n\n\n\n<ul class=\"wp-block-list\">\n<li><strong>hakee sanaa kaikkialta<\/strong> julkaisujen tiedoista: tekij\u00e4n ja julkaisun nimest\u00e4, tiivistelm\u00e4st\u00e4, asiasanoista, kustantajan nimest\u00e4, sis\u00e4llysluettelosta jne.<\/li>\n<\/ul>\n\n\n\n<ul class=\"wp-block-list\">\n<li>on<strong> oletushakuna<\/strong> tietokannoissa yleens\u00e4<\/li>\n\n\n\n<li><strong>synonyymit<\/strong> pit\u00e4\u00e4 mietti\u00e4 ja hakea erikseen.<\/li>\n\n\n\n<li><strong>homonyymit<\/strong> tulevat mukaan \u2013 tietokone ei erota merkityksi\u00e4<\/li>\n\n\n\n<li><strong>mit\u00e4 tahansa<\/strong> luonnollisen kielen sanoja tai fraaseja voi k\u00e4ytt\u00e4\u00e4.<\/li>\n<\/ul>\n\n\n\n<p>Vapaasanahaku toimii hyvin silloin, kun haettava aihe on <strong>yksityiskohtainen ja tarkasti rajattu<\/strong>, tai kun k\u00e4sitteist\u00f6 ja sanasto kyseisell\u00e4 alalla on <strong>vakiintunutta<\/strong>.<\/p>\n\n\n\n<h2 class=\"wp-block-heading\">ASIASANAHAKU = AIHEHAKU (<em>SUBJECT TERMS\/HEADINGS, DESCRIPTORS<\/em>)<\/h2>\n\n\n\n<p>Tallennettaessa julkaisun tietoja tietokantoihin k\u00e4ytet\u00e4\u00e4n <strong>ennalta m\u00e4\u00e4r\u00e4ttyj\u00e4<\/strong> asiasanoja <strong>kuvailemaan niiden aihetta\/sis\u00e4lt\u00f6\u00e4<\/strong>, jotta tieto l\u00f6ytyisi paremmin.<br><strong>Asiasanahaku kohdistuu vain asiasanoihin<\/strong>, jotka on tallennettu erilliseen asiasanakentt\u00e4\u00e4n. UEF-Finnassa asiasanahaku on nimelt\u00e4\u00e4n <em><strong>Aihe asiasanoin<\/strong><\/em><\/p>\n\n\n\n<p><\/p>\n\n\n\n<ul class=\"wp-block-list\">\n<li>Useimmissa tietokannoissa asiasanahakuun p\u00e4\u00e4st\u00e4\u00e4n <strong>tarkennetun haun<\/strong> (advanced search) puolelta (ja siell\u00e4 yleens\u00e4 valitaan pudotusvalikosta hakukent\u00e4ksi esim. subject terms tai asiasana tai aihe)<\/li>\n\n\n\n<li>Hakusanoiksi pit\u00e4\u00e4 t\u00e4ll\u00f6in valita ao. tietokannan k\u00e4ytt\u00e4m\u00e4n <strong>asiasanaston tai tesauruksen<\/strong> termej\u00e4, asiasanoja.<\/li>\n\n\n\n<li>Eri tietokannat k\u00e4ytt\u00e4v\u00e4t eri sanastoja. Sama sana ei toimi eri tietokannoissa samalla tavalla.<\/li>\n\n\n\n<li>Jos rajaat hakusi kohdistumaan asiasanakentt\u00e4\u00e4n, et voi k\u00e4ytt\u00e4\u00e4 mit\u00e4 tahansa luonnollisen kielen sanaa (tai ainakaan et niill\u00e4 v\u00e4ltt\u00e4m\u00e4tt\u00e4 saa tulosta).<\/li>\n<\/ul>\n\n\n\n<figure class=\"wp-block-image size-large\"><img loading=\"lazy\" decoding=\"async\" width=\"1024\" height=\"689\" src=\"https:\/\/blogs.uef.fi\/tiedonhaku-yhteiskuntatiede\/wp-content\/uploads\/sites\/57\/2024\/01\/image-1024x689.png\" alt=\"\" class=\"wp-image-1943\" srcset=\"https:\/\/blogs.uef.fi\/tiedonhaku-yhteiskuntatiede\/wp-content\/uploads\/sites\/57\/2024\/01\/image-1024x689.png 1024w, https:\/\/blogs.uef.fi\/tiedonhaku-yhteiskuntatiede\/wp-content\/uploads\/sites\/57\/2024\/01\/image-300x202.png 300w, https:\/\/blogs.uef.fi\/tiedonhaku-yhteiskuntatiede\/wp-content\/uploads\/sites\/57\/2024\/01\/image-768x516.png 768w, https:\/\/blogs.uef.fi\/tiedonhaku-yhteiskuntatiede\/wp-content\/uploads\/sites\/57\/2024\/01\/image.png 1157w\" sizes=\"auto, (max-width: 1024px) 100vw, 1024px\" \/><\/figure>\n\n\n\n<p>Asiasanahaku toimii hyvin silloin, kun <strong>aihe on laaja-alainen tai hankalasti m\u00e4\u00e4ritelt\u00e4v\u00e4.<\/strong><\/p>\n\n\n\n<p>Jos k\u00e4ytet\u00e4\u00e4n <strong>samaa hakusanaa<\/strong> sek\u00e4 sanahaussa ett\u00e4 asiasanahaussa, <strong>sanahaku l\u00f6yt\u00e4\u00e4 enemm\u00e4n tuloksia<\/strong>, Katso esimerkki:<\/p>\n\n\n\n<p><em>haku asiasana- l. aihekent\u00e4st\u00e4: asumistuki, <strong>54<\/strong> tulosta<\/em> UEF-Primossa (15.1.2020)<\/p>\n\n\n\n<p><em>sanahaku: asumistuki*, <strong>59<\/strong> tulosta <\/em>UEF-Primossa (huomaa, ett\u00e4 my\u00f6s kaikki edellisell\u00e4 haulla l\u00f6ytyneet sis\u00e4ltyv\u00e4t t\u00e4h\u00e4n, lis\u00e4ksi on tullut jotain uutta)<\/p>\n\n\n\n<p>Paljon riippuu kuitenkin <strong>sanavalinnasta<\/strong>: asiasana voi hyvinkin antaa enemm\u00e4n tuloksia kuin jokin toinen, samaan asiaan liittyv\u00e4 muu hakusana.<\/p>\n\n\n\n<p>a<em>siasanahaku: opintotuki, <strong>76 <\/strong>tulosta<\/em> UEF-Primosta (15.1.2020)<br><em>sanahaku: opintoraha*, <strong>2<\/strong> tulosta<\/em> UEF-Primosta (15.1.2020)<\/p>\n\n\n\n<p>Rajaus asiasanaan \/ asiasanahaku <strong>kohdentaa hakua, parantaa usein relevanssia ja aiheen osuvuutta, mutta pienent\u00e4\u00e4 hakutulosta<\/strong>.<\/p>\n\n\n<hr \/>\n<h3>\u00a0<\/h3>\n<p>\u00a0<\/p>\n<p>\u00a0<\/p>\n<p>\u00a0<\/p>\n<p>\u00a0<\/p>\n<p>\u00a0<\/p>\n<p>\u00a0<\/p>\n<p>\u00a0<\/p>\n<p style=\"padding-left: 30px\">\u00a0<\/p>\n<p style=\"padding-left: 30px\">\u00a0<\/p>\n<p>\u00a0<\/p>\n<p style=\"padding-left: 60px\">\u00a0<\/p>\n<p>\u00a0<\/p>\n\n\n<p><\/p>\n\n\n\n<p><\/p>\n","protected":false},"excerpt":{"rendered":"<p>SANAHAKU (vapaateksti, keyword, free text..) Vapaasanahaku toimii hyvin silloin, kun haettava aihe on yksityiskohtainen ja tarkasti rajattu, tai kun k\u00e4sitteist\u00f6 ja sanasto kyseisell\u00e4 alalla on vakiintunutta. ASIASANAHAKU = AIHEHAKU (SUBJECT TERMS\/HEADINGS, DESCRIPTORS) Tallennettaessa julkaisun tietoja tietokantoihin k\u00e4ytet\u00e4\u00e4n ennalta m\u00e4\u00e4r\u00e4ttyj\u00e4 asiasanoja kuvailemaan niiden aihetta\/sis\u00e4lt\u00f6\u00e4, jotta tieto l\u00f6ytyisi paremmin.Asiasanahaku kohdistuu vain asiasanoihin, jotka on tallennettu erilliseen asiasanakentt\u00e4\u00e4n. [&hellip;]<\/p>\n","protected":false},"author":127,"featured_media":0,"parent":0,"menu_order":0,"comment_status":"closed","ping_status":"closed","template":"","meta":{"_acf_changed":false,"footnotes":""},"class_list":["post-156","page","type-page","status-publish","hentry"],"acf":[],"yoast_head":"<!-- This site is optimized with the Yoast SEO plugin v27.3 - https:\/\/yoast.com\/product\/yoast-seo-wordpress\/ -->\n<title>Asiasana- vs. sanahaku - Yhteiskuntatieteen tiedonhaku \/ UEF kirjasto<\/title>\n<meta name=\"robots\" content=\"index, follow, max-snippet:-1, max-image-preview:large, max-video-preview:-1\" \/>\n<link rel=\"canonical\" href=\"https:\/\/blogs.uef.fi\/tiedonhaku-yhteiskuntatiede\/asiasana-vs-sanahaku\/\" \/>\n<meta property=\"og:locale\" content=\"fi_FI\" \/>\n<meta property=\"og:type\" content=\"article\" \/>\n<meta property=\"og:title\" content=\"Asiasana- vs. sanahaku - Yhteiskuntatieteen tiedonhaku \/ UEF kirjasto\" \/>\n<meta property=\"og:description\" content=\"SANAHAKU (vapaateksti, keyword, free text..) Vapaasanahaku toimii hyvin silloin, kun haettava aihe on yksityiskohtainen ja tarkasti rajattu, tai kun k\u00e4sitteist\u00f6 ja sanasto kyseisell\u00e4 alalla on vakiintunutta. ASIASANAHAKU = AIHEHAKU (SUBJECT TERMS\/HEADINGS, DESCRIPTORS) Tallennettaessa julkaisun tietoja tietokantoihin k\u00e4ytet\u00e4\u00e4n ennalta m\u00e4\u00e4r\u00e4ttyj\u00e4 asiasanoja kuvailemaan niiden aihetta\/sis\u00e4lt\u00f6\u00e4, jotta tieto l\u00f6ytyisi paremmin.Asiasanahaku kohdistuu vain asiasanoihin, jotka on tallennettu erilliseen asiasanakentt\u00e4\u00e4n. [&hellip;]\" \/>\n<meta property=\"og:url\" content=\"https:\/\/blogs.uef.fi\/tiedonhaku-yhteiskuntatiede\/asiasana-vs-sanahaku\/\" \/>\n<meta property=\"og:site_name\" content=\"Yhteiskuntatieteen tiedonhaku \/ UEF kirjasto\" \/>\n<meta property=\"article:modified_time\" content=\"2024-01-09T12:19:37+00:00\" \/>\n<meta property=\"og:image\" content=\"https:\/\/blogs.uef.fi\/tiedonhaku-yhteiskuntatiede\/wp-content\/uploads\/sites\/57\/2024\/01\/image-1024x689.png\" \/>\n<meta name=\"twitter:card\" content=\"summary_large_image\" \/>\n<meta name=\"twitter:label1\" content=\"Arvioitu lukuaika\" \/>\n\t<meta name=\"twitter:data1\" content=\"2 minuuttia\" \/>\n<script type=\"application\/ld+json\" class=\"yoast-schema-graph\">{\"@context\":\"https:\\\/\\\/schema.org\",\"@graph\":[{\"@type\":\"WebPage\",\"@id\":\"https:\\\/\\\/blogs.uef.fi\\\/tiedonhaku-yhteiskuntatiede\\\/asiasana-vs-sanahaku\\\/\",\"url\":\"https:\\\/\\\/blogs.uef.fi\\\/tiedonhaku-yhteiskuntatiede\\\/asiasana-vs-sanahaku\\\/\",\"name\":\"Asiasana- vs. sanahaku - Yhteiskuntatieteen tiedonhaku \\\/ UEF kirjasto\",\"isPartOf\":{\"@id\":\"https:\\\/\\\/blogs.uef.fi\\\/tiedonhaku-yhteiskuntatiede\\\/#website\"},\"primaryImageOfPage\":{\"@id\":\"https:\\\/\\\/blogs.uef.fi\\\/tiedonhaku-yhteiskuntatiede\\\/asiasana-vs-sanahaku\\\/#primaryimage\"},\"image\":{\"@id\":\"https:\\\/\\\/blogs.uef.fi\\\/tiedonhaku-yhteiskuntatiede\\\/asiasana-vs-sanahaku\\\/#primaryimage\"},\"thumbnailUrl\":\"https:\\\/\\\/blogs.uef.fi\\\/tiedonhaku-yhteiskuntatiede\\\/wp-content\\\/uploads\\\/sites\\\/57\\\/2024\\\/01\\\/image-1024x689.png\",\"datePublished\":\"2015-11-26T08:03:02+00:00\",\"dateModified\":\"2024-01-09T12:19:37+00:00\",\"breadcrumb\":{\"@id\":\"https:\\\/\\\/blogs.uef.fi\\\/tiedonhaku-yhteiskuntatiede\\\/asiasana-vs-sanahaku\\\/#breadcrumb\"},\"inLanguage\":\"fi\",\"potentialAction\":[{\"@type\":\"ReadAction\",\"target\":[\"https:\\\/\\\/blogs.uef.fi\\\/tiedonhaku-yhteiskuntatiede\\\/asiasana-vs-sanahaku\\\/\"]}]},{\"@type\":\"ImageObject\",\"inLanguage\":\"fi\",\"@id\":\"https:\\\/\\\/blogs.uef.fi\\\/tiedonhaku-yhteiskuntatiede\\\/asiasana-vs-sanahaku\\\/#primaryimage\",\"url\":\"https:\\\/\\\/blogs.uef.fi\\\/tiedonhaku-yhteiskuntatiede\\\/wp-content\\\/uploads\\\/sites\\\/57\\\/2024\\\/01\\\/image.png\",\"contentUrl\":\"https:\\\/\\\/blogs.uef.fi\\\/tiedonhaku-yhteiskuntatiede\\\/wp-content\\\/uploads\\\/sites\\\/57\\\/2024\\\/01\\\/image.png\",\"width\":1157,\"height\":778},{\"@type\":\"BreadcrumbList\",\"@id\":\"https:\\\/\\\/blogs.uef.fi\\\/tiedonhaku-yhteiskuntatiede\\\/asiasana-vs-sanahaku\\\/#breadcrumb\",\"itemListElement\":[{\"@type\":\"ListItem\",\"position\":1,\"name\":\"Home\",\"item\":\"https:\\\/\\\/blogs.uef.fi\\\/tiedonhaku-yhteiskuntatiede\\\/\"},{\"@type\":\"ListItem\",\"position\":2,\"name\":\"Asiasana- vs. sanahaku\"}]},{\"@type\":\"WebSite\",\"@id\":\"https:\\\/\\\/blogs.uef.fi\\\/tiedonhaku-yhteiskuntatiede\\\/#website\",\"url\":\"https:\\\/\\\/blogs.uef.fi\\\/tiedonhaku-yhteiskuntatiede\\\/\",\"name\":\"Yhteiskuntatieteen tiedonhaku \\\/ UEF kirjasto\",\"description\":\"\",\"potentialAction\":[{\"@type\":\"SearchAction\",\"target\":{\"@type\":\"EntryPoint\",\"urlTemplate\":\"https:\\\/\\\/blogs.uef.fi\\\/tiedonhaku-yhteiskuntatiede\\\/?s={search_term_string}\"},\"query-input\":{\"@type\":\"PropertyValueSpecification\",\"valueRequired\":true,\"valueName\":\"search_term_string\"}}],\"inLanguage\":\"fi\"}]}<\/script>\n<!-- \/ Yoast SEO plugin. -->","yoast_head_json":{"title":"Asiasana- vs. sanahaku - Yhteiskuntatieteen tiedonhaku \/ UEF kirjasto","robots":{"index":"index","follow":"follow","max-snippet":"max-snippet:-1","max-image-preview":"max-image-preview:large","max-video-preview":"max-video-preview:-1"},"canonical":"https:\/\/blogs.uef.fi\/tiedonhaku-yhteiskuntatiede\/asiasana-vs-sanahaku\/","og_locale":"fi_FI","og_type":"article","og_title":"Asiasana- vs. sanahaku - Yhteiskuntatieteen tiedonhaku \/ UEF kirjasto","og_description":"SANAHAKU (vapaateksti, keyword, free text..) Vapaasanahaku toimii hyvin silloin, kun haettava aihe on yksityiskohtainen ja tarkasti rajattu, tai kun k\u00e4sitteist\u00f6 ja sanasto kyseisell\u00e4 alalla on vakiintunutta. ASIASANAHAKU = AIHEHAKU (SUBJECT TERMS\/HEADINGS, DESCRIPTORS) Tallennettaessa julkaisun tietoja tietokantoihin k\u00e4ytet\u00e4\u00e4n ennalta m\u00e4\u00e4r\u00e4ttyj\u00e4 asiasanoja kuvailemaan niiden aihetta\/sis\u00e4lt\u00f6\u00e4, jotta tieto l\u00f6ytyisi paremmin.Asiasanahaku kohdistuu vain asiasanoihin, jotka on tallennettu erilliseen asiasanakentt\u00e4\u00e4n. [&hellip;]","og_url":"https:\/\/blogs.uef.fi\/tiedonhaku-yhteiskuntatiede\/asiasana-vs-sanahaku\/","og_site_name":"Yhteiskuntatieteen tiedonhaku \/ UEF kirjasto","article_modified_time":"2024-01-09T12:19:37+00:00","og_image":[{"url":"https:\/\/blogs.uef.fi\/tiedonhaku-yhteiskuntatiede\/wp-content\/uploads\/sites\/57\/2024\/01\/image-1024x689.png","type":"","width":"","height":""}],"twitter_card":"summary_large_image","twitter_misc":{"Arvioitu lukuaika":"2 minuuttia"},"schema":{"@context":"https:\/\/schema.org","@graph":[{"@type":"WebPage","@id":"https:\/\/blogs.uef.fi\/tiedonhaku-yhteiskuntatiede\/asiasana-vs-sanahaku\/","url":"https:\/\/blogs.uef.fi\/tiedonhaku-yhteiskuntatiede\/asiasana-vs-sanahaku\/","name":"Asiasana- vs. sanahaku - Yhteiskuntatieteen tiedonhaku \/ UEF kirjasto","isPartOf":{"@id":"https:\/\/blogs.uef.fi\/tiedonhaku-yhteiskuntatiede\/#website"},"primaryImageOfPage":{"@id":"https:\/\/blogs.uef.fi\/tiedonhaku-yhteiskuntatiede\/asiasana-vs-sanahaku\/#primaryimage"},"image":{"@id":"https:\/\/blogs.uef.fi\/tiedonhaku-yhteiskuntatiede\/asiasana-vs-sanahaku\/#primaryimage"},"thumbnailUrl":"https:\/\/blogs.uef.fi\/tiedonhaku-yhteiskuntatiede\/wp-content\/uploads\/sites\/57\/2024\/01\/image-1024x689.png","datePublished":"2015-11-26T08:03:02+00:00","dateModified":"2024-01-09T12:19:37+00:00","breadcrumb":{"@id":"https:\/\/blogs.uef.fi\/tiedonhaku-yhteiskuntatiede\/asiasana-vs-sanahaku\/#breadcrumb"},"inLanguage":"fi","potentialAction":[{"@type":"ReadAction","target":["https:\/\/blogs.uef.fi\/tiedonhaku-yhteiskuntatiede\/asiasana-vs-sanahaku\/"]}]},{"@type":"ImageObject","inLanguage":"fi","@id":"https:\/\/blogs.uef.fi\/tiedonhaku-yhteiskuntatiede\/asiasana-vs-sanahaku\/#primaryimage","url":"https:\/\/blogs.uef.fi\/tiedonhaku-yhteiskuntatiede\/wp-content\/uploads\/sites\/57\/2024\/01\/image.png","contentUrl":"https:\/\/blogs.uef.fi\/tiedonhaku-yhteiskuntatiede\/wp-content\/uploads\/sites\/57\/2024\/01\/image.png","width":1157,"height":778},{"@type":"BreadcrumbList","@id":"https:\/\/blogs.uef.fi\/tiedonhaku-yhteiskuntatiede\/asiasana-vs-sanahaku\/#breadcrumb","itemListElement":[{"@type":"ListItem","position":1,"name":"Home","item":"https:\/\/blogs.uef.fi\/tiedonhaku-yhteiskuntatiede\/"},{"@type":"ListItem","position":2,"name":"Asiasana- vs. sanahaku"}]},{"@type":"WebSite","@id":"https:\/\/blogs.uef.fi\/tiedonhaku-yhteiskuntatiede\/#website","url":"https:\/\/blogs.uef.fi\/tiedonhaku-yhteiskuntatiede\/","name":"Yhteiskuntatieteen tiedonhaku \/ UEF kirjasto","description":"","potentialAction":[{"@type":"SearchAction","target":{"@type":"EntryPoint","urlTemplate":"https:\/\/blogs.uef.fi\/tiedonhaku-yhteiskuntatiede\/?s={search_term_string}"},"query-input":{"@type":"PropertyValueSpecification","valueRequired":true,"valueName":"search_term_string"}}],"inLanguage":"fi"}]}},"_links":{"self":[{"href":"https:\/\/blogs.uef.fi\/tiedonhaku-yhteiskuntatiede\/wp-json\/wp\/v2\/pages\/156","targetHints":{"allow":["GET"]}}],"collection":[{"href":"https:\/\/blogs.uef.fi\/tiedonhaku-yhteiskuntatiede\/wp-json\/wp\/v2\/pages"}],"about":[{"href":"https:\/\/blogs.uef.fi\/tiedonhaku-yhteiskuntatiede\/wp-json\/wp\/v2\/types\/page"}],"author":[{"embeddable":true,"href":"https:\/\/blogs.uef.fi\/tiedonhaku-yhteiskuntatiede\/wp-json\/wp\/v2\/users\/127"}],"replies":[{"embeddable":true,"href":"https:\/\/blogs.uef.fi\/tiedonhaku-yhteiskuntatiede\/wp-json\/wp\/v2\/comments?post=156"}],"version-history":[{"count":1,"href":"https:\/\/blogs.uef.fi\/tiedonhaku-yhteiskuntatiede\/wp-json\/wp\/v2\/pages\/156\/revisions"}],"predecessor-version":[{"id":1946,"href":"https:\/\/blogs.uef.fi\/tiedonhaku-yhteiskuntatiede\/wp-json\/wp\/v2\/pages\/156\/revisions\/1946"}],"wp:attachment":[{"href":"https:\/\/blogs.uef.fi\/tiedonhaku-yhteiskuntatiede\/wp-json\/wp\/v2\/media?parent=156"}],"curies":[{"name":"wp","href":"https:\/\/api.w.org\/{rel}","templated":true}]}}