{"id":149,"date":"2015-11-26T07:55:31","date_gmt":"2015-11-26T07:55:31","guid":{"rendered":"https:\/\/ueflibrarysoc.wordpress.com\/?page_id=149"},"modified":"2024-01-09T14:48:31","modified_gmt":"2024-01-09T12:48:31","slug":"sanankatkaisu","status":"publish","type":"page","link":"https:\/\/blogs.uef.fi\/tiedonhaku-yhteiskuntatiede\/sanankatkaisu\/","title":{"rendered":"Sanankatkaisu"},"content":{"rendered":"\n<p>Sanat taipuvat tai esiintyv\u00e4t yhdyssanojen alkuosina. Sanoista saa muokattua erilaisia johdannaisia. Esim.<\/p>\n\n\n\n<p><em>computer, computers, computerised, computerized, computation, computational \u2026<\/em><\/p>\n\n\n\n<h3 class=\"wp-block-heading\">Katkaisumerkki<\/h3>\n\n\n\n<p>Kun halutaan hakea erilaisia taivutusmuotoja, on se ilmaistava hakusanan muodossa.<br>T\u00e4m\u00e4 tapahtuu k\u00e4ytt\u00e4m\u00e4ll\u00e4 hakusanana <strong>sanan taipumatonta vartaloa, johon liitet\u00e4\u00e4n katkaisumerkki <em>(truncation mark<\/em><\/strong>).<\/p>\n\n\n\n<p>Yleisimmin sana voidaan katkaista ainakin lopusta, mutta joskus my\u00f6s alusta tai keskelt\u00e4.<\/p>\n\n\n\n<p><strong>Katkaisumerkkin\u00e4 k\u00e4ytet\u00e4\u00e4n asteriskia (t\u00e4htimerkki): *<br><\/strong><\/p>\n\n\n\n<p>Katkaistaan siis: <em>comput*<\/em><em><br><\/em><\/p>\n\n\n\n<figure class=\"wp-block-image alignright\"><img loading=\"lazy\" decoding=\"async\" width=\"110\" height=\"193\" src=\"https:\/\/blogs.uef.fi\/tiedonhaku-yhteiskuntatiede\/wp-content\/uploads\/sites\/57\/2015\/11\/katkaisu.png\" alt=\"katkaisu\" class=\"wp-image-152\" \/><\/figure>\n\n\n\n<p>Huom! Katkaisukohdan kanssa pit\u00e4\u00e4 olla tarkkana. Jos katkaisee liian aikaisin <em>(comp*)<\/em>, tulee <strong>v\u00e4\u00e4ri\u00e4 osumia<\/strong>. Jos liian my\u00f6h\u00e4\u00e4n (<em>computer*<\/em>), osa <strong>j\u00e4\u00e4 l\u00f6ytym\u00e4tt\u00e4<\/strong>.<br>Sananvartalo on hyv\u00e4 yleiss\u00e4\u00e4nt\u00f6, mutta ei pid\u00e4 paikkaansa aina, esim. jos vartalo on hyvin lyhyt.<\/p>\n\n\n\n<p><strong>UEF-Primossa sanankatkaisun k\u00e4ytt\u00e4minen on erityisen t\u00e4rke\u00e4\u00e4, koska se sis\u00e4lt\u00e4\u00e4 paljon suomen kielt\u00e4. <\/strong><\/p>\n\n\n\n<p><strong> Useimmat hakukoneet huomioivat sanojen taipumisen automaatisesti<\/strong>, my\u00f6s kansallinen Finna. T\u00e4m\u00e4 automatiikka tuottaa joskus yll\u00e4tt\u00e4vi\u00e4 tuloksia. Sanankatkaisulla on silti merkityst\u00e4 tiedonhaussa edelleenkin. Joissakin tilanteissa sill\u00e4 voi laajentaa tulosta, joissakin tilanteissa tarkentaa. <\/p>\n\n\n\n<h3 class=\"wp-block-heading\">KORVAUSMERKIT<\/h3>\n\n\n\n<p><strong>Korvausmerkkej\u00e4 (<em>wildcards<\/em>)<\/strong> tarvitaan useimmiten hakusanoissa, joiden kirjoitusasu vaihtelee, esim. brittil\u00e4inen englanti vs. amerikanenglanti: <em>organisation \u2013 organization<\/em>. Ongelmallisen merkin kohdalle hakusanaan voi sijoittaa korvausmerkin.<\/p>\n\n\n\n<p>Korvausmerkkej\u00e4 on kahdenlaisia:<br>1) merkki korvaa sanasta <strong>t\u00e4sm\u00e4lleen yhden merkin<\/strong><\/p>\n\n\n\n<p><em>organi_ation = organization tai organisation<br><\/em><\/p>\n\n\n\n<p>2) merkki korvaa sanasta <strong>yhden tai nolla merkki\u00e4<\/strong><\/p>\n\n\n\n<p><em>favo_rite = favorite tai favourite<\/em><\/p>\n\n\n\n<p><strong>Korvausmerkkien symbolit<\/strong> vaihtelevat tietokannasta toiseen, eik\u00e4 niit\u00e4 aivan kaikkialla ole edes k\u00e4yt\u00f6ss\u00e4.<\/p>\n\n\n\n<p>Useimmat kansainv\u00e4liset tietokannat ottavat t\u00e4llaiset <strong>kirjoitusmuotovariantit huomioon automaattisesti<\/strong>, eik\u00e4 korvausmerkki\u00e4 tarvita.<\/p>\n","protected":false},"excerpt":{"rendered":"<p>Sanat taipuvat tai esiintyv\u00e4t yhdyssanojen alkuosina. Sanoista saa muokattua erilaisia johdannaisia. Esim. computer, computers, computerised, computerized, computation, computational \u2026 Katkaisumerkki Kun halutaan hakea erilaisia taivutusmuotoja, on se ilmaistava hakusanan muodossa.T\u00e4m\u00e4 tapahtuu k\u00e4ytt\u00e4m\u00e4ll\u00e4 hakusanana sanan taipumatonta vartaloa, johon liitet\u00e4\u00e4n katkaisumerkki (truncation mark). Yleisimmin sana voidaan katkaista ainakin lopusta, mutta joskus my\u00f6s alusta tai keskelt\u00e4. Katkaisumerkkin\u00e4 k\u00e4ytet\u00e4\u00e4n [&hellip;]<\/p>\n","protected":false},"author":127,"featured_media":0,"parent":0,"menu_order":0,"comment_status":"closed","ping_status":"closed","template":"","meta":{"_acf_changed":false,"footnotes":""},"class_list":["post-149","page","type-page","status-publish","hentry"],"acf":[],"yoast_head":"<!-- This site is optimized with the Yoast SEO plugin v27.1.1 - https:\/\/yoast.com\/product\/yoast-seo-wordpress\/ -->\n<title>Sanankatkaisu - Yhteiskuntatieteen tiedonhaku \/ UEF kirjasto<\/title>\n<meta name=\"robots\" content=\"index, follow, max-snippet:-1, max-image-preview:large, max-video-preview:-1\" \/>\n<link rel=\"canonical\" href=\"https:\/\/blogs.uef.fi\/tiedonhaku-yhteiskuntatiede\/sanankatkaisu\/\" \/>\n<meta property=\"og:locale\" content=\"fi_FI\" \/>\n<meta property=\"og:type\" content=\"article\" \/>\n<meta property=\"og:title\" content=\"Sanankatkaisu - Yhteiskuntatieteen tiedonhaku \/ UEF kirjasto\" \/>\n<meta property=\"og:description\" content=\"Sanat taipuvat tai esiintyv\u00e4t yhdyssanojen alkuosina. Sanoista saa muokattua erilaisia johdannaisia. Esim. computer, computers, computerised, computerized, computation, computational \u2026 Katkaisumerkki Kun halutaan hakea erilaisia taivutusmuotoja, on se ilmaistava hakusanan muodossa.T\u00e4m\u00e4 tapahtuu k\u00e4ytt\u00e4m\u00e4ll\u00e4 hakusanana sanan taipumatonta vartaloa, johon liitet\u00e4\u00e4n katkaisumerkki (truncation mark). Yleisimmin sana voidaan katkaista ainakin lopusta, mutta joskus my\u00f6s alusta tai keskelt\u00e4. Katkaisumerkkin\u00e4 k\u00e4ytet\u00e4\u00e4n [&hellip;]\" \/>\n<meta property=\"og:url\" content=\"https:\/\/blogs.uef.fi\/tiedonhaku-yhteiskuntatiede\/sanankatkaisu\/\" \/>\n<meta property=\"og:site_name\" content=\"Yhteiskuntatieteen tiedonhaku \/ UEF kirjasto\" \/>\n<meta property=\"article:modified_time\" content=\"2024-01-09T12:48:31+00:00\" \/>\n<meta property=\"og:image\" content=\"https:\/\/blogs.uef.fi\/tiedonhaku-yhteiskuntatiede\/wp-content\/uploads\/sites\/57\/2015\/11\/katkaisu.png\" \/>\n<meta name=\"twitter:card\" content=\"summary_large_image\" \/>\n<meta name=\"twitter:label1\" content=\"Arvioitu lukuaika\" \/>\n\t<meta name=\"twitter:data1\" content=\"2 minuuttia\" \/>\n<script type=\"application\/ld+json\" class=\"yoast-schema-graph\">{\"@context\":\"https:\/\/schema.org\",\"@graph\":[{\"@type\":\"WebPage\",\"@id\":\"https:\/\/blogs.uef.fi\/tiedonhaku-yhteiskuntatiede\/sanankatkaisu\/\",\"url\":\"https:\/\/blogs.uef.fi\/tiedonhaku-yhteiskuntatiede\/sanankatkaisu\/\",\"name\":\"Sanankatkaisu - Yhteiskuntatieteen tiedonhaku \/ UEF kirjasto\",\"isPartOf\":{\"@id\":\"https:\/\/blogs.uef.fi\/tiedonhaku-yhteiskuntatiede\/#website\"},\"primaryImageOfPage\":{\"@id\":\"https:\/\/blogs.uef.fi\/tiedonhaku-yhteiskuntatiede\/sanankatkaisu\/#primaryimage\"},\"image\":{\"@id\":\"https:\/\/blogs.uef.fi\/tiedonhaku-yhteiskuntatiede\/sanankatkaisu\/#primaryimage\"},\"thumbnailUrl\":\"https:\/\/blogs.uef.fi\/tiedonhaku-yhteiskuntatiede\/wp-content\/uploads\/sites\/57\/2015\/11\/katkaisu.png\",\"datePublished\":\"2015-11-26T07:55:31+00:00\",\"dateModified\":\"2024-01-09T12:48:31+00:00\",\"breadcrumb\":{\"@id\":\"https:\/\/blogs.uef.fi\/tiedonhaku-yhteiskuntatiede\/sanankatkaisu\/#breadcrumb\"},\"inLanguage\":\"fi\",\"potentialAction\":[{\"@type\":\"ReadAction\",\"target\":[\"https:\/\/blogs.uef.fi\/tiedonhaku-yhteiskuntatiede\/sanankatkaisu\/\"]}]},{\"@type\":\"ImageObject\",\"inLanguage\":\"fi\",\"@id\":\"https:\/\/blogs.uef.fi\/tiedonhaku-yhteiskuntatiede\/sanankatkaisu\/#primaryimage\",\"url\":\"https:\/\/blogs.uef.fi\/tiedonhaku-yhteiskuntatiede\/wp-content\/uploads\/sites\/57\/2015\/11\/katkaisu.png\",\"contentUrl\":\"https:\/\/blogs.uef.fi\/tiedonhaku-yhteiskuntatiede\/wp-content\/uploads\/sites\/57\/2015\/11\/katkaisu.png\",\"width\":110,\"height\":193},{\"@type\":\"BreadcrumbList\",\"@id\":\"https:\/\/blogs.uef.fi\/tiedonhaku-yhteiskuntatiede\/sanankatkaisu\/#breadcrumb\",\"itemListElement\":[{\"@type\":\"ListItem\",\"position\":1,\"name\":\"Home\",\"item\":\"https:\/\/blogs.uef.fi\/tiedonhaku-yhteiskuntatiede\/\"},{\"@type\":\"ListItem\",\"position\":2,\"name\":\"Sanankatkaisu\"}]},{\"@type\":\"WebSite\",\"@id\":\"https:\/\/blogs.uef.fi\/tiedonhaku-yhteiskuntatiede\/#website\",\"url\":\"https:\/\/blogs.uef.fi\/tiedonhaku-yhteiskuntatiede\/\",\"name\":\"Yhteiskuntatieteen tiedonhaku \/ UEF kirjasto\",\"description\":\"\",\"potentialAction\":[{\"@type\":\"SearchAction\",\"target\":{\"@type\":\"EntryPoint\",\"urlTemplate\":\"https:\/\/blogs.uef.fi\/tiedonhaku-yhteiskuntatiede\/?s={search_term_string}\"},\"query-input\":{\"@type\":\"PropertyValueSpecification\",\"valueRequired\":true,\"valueName\":\"search_term_string\"}}],\"inLanguage\":\"fi\"}]}<\/script>\n<!-- \/ Yoast SEO plugin. -->","yoast_head_json":{"title":"Sanankatkaisu - Yhteiskuntatieteen tiedonhaku \/ UEF kirjasto","robots":{"index":"index","follow":"follow","max-snippet":"max-snippet:-1","max-image-preview":"max-image-preview:large","max-video-preview":"max-video-preview:-1"},"canonical":"https:\/\/blogs.uef.fi\/tiedonhaku-yhteiskuntatiede\/sanankatkaisu\/","og_locale":"fi_FI","og_type":"article","og_title":"Sanankatkaisu - Yhteiskuntatieteen tiedonhaku \/ UEF kirjasto","og_description":"Sanat taipuvat tai esiintyv\u00e4t yhdyssanojen alkuosina. Sanoista saa muokattua erilaisia johdannaisia. Esim. computer, computers, computerised, computerized, computation, computational \u2026 Katkaisumerkki Kun halutaan hakea erilaisia taivutusmuotoja, on se ilmaistava hakusanan muodossa.T\u00e4m\u00e4 tapahtuu k\u00e4ytt\u00e4m\u00e4ll\u00e4 hakusanana sanan taipumatonta vartaloa, johon liitet\u00e4\u00e4n katkaisumerkki (truncation mark). Yleisimmin sana voidaan katkaista ainakin lopusta, mutta joskus my\u00f6s alusta tai keskelt\u00e4. Katkaisumerkkin\u00e4 k\u00e4ytet\u00e4\u00e4n [&hellip;]","og_url":"https:\/\/blogs.uef.fi\/tiedonhaku-yhteiskuntatiede\/sanankatkaisu\/","og_site_name":"Yhteiskuntatieteen tiedonhaku \/ UEF kirjasto","article_modified_time":"2024-01-09T12:48:31+00:00","og_image":[{"url":"https:\/\/blogs.uef.fi\/tiedonhaku-yhteiskuntatiede\/wp-content\/uploads\/sites\/57\/2015\/11\/katkaisu.png","type":"","width":"","height":""}],"twitter_card":"summary_large_image","twitter_misc":{"Arvioitu lukuaika":"2 minuuttia"},"schema":{"@context":"https:\/\/schema.org","@graph":[{"@type":"WebPage","@id":"https:\/\/blogs.uef.fi\/tiedonhaku-yhteiskuntatiede\/sanankatkaisu\/","url":"https:\/\/blogs.uef.fi\/tiedonhaku-yhteiskuntatiede\/sanankatkaisu\/","name":"Sanankatkaisu - Yhteiskuntatieteen tiedonhaku \/ UEF kirjasto","isPartOf":{"@id":"https:\/\/blogs.uef.fi\/tiedonhaku-yhteiskuntatiede\/#website"},"primaryImageOfPage":{"@id":"https:\/\/blogs.uef.fi\/tiedonhaku-yhteiskuntatiede\/sanankatkaisu\/#primaryimage"},"image":{"@id":"https:\/\/blogs.uef.fi\/tiedonhaku-yhteiskuntatiede\/sanankatkaisu\/#primaryimage"},"thumbnailUrl":"https:\/\/blogs.uef.fi\/tiedonhaku-yhteiskuntatiede\/wp-content\/uploads\/sites\/57\/2015\/11\/katkaisu.png","datePublished":"2015-11-26T07:55:31+00:00","dateModified":"2024-01-09T12:48:31+00:00","breadcrumb":{"@id":"https:\/\/blogs.uef.fi\/tiedonhaku-yhteiskuntatiede\/sanankatkaisu\/#breadcrumb"},"inLanguage":"fi","potentialAction":[{"@type":"ReadAction","target":["https:\/\/blogs.uef.fi\/tiedonhaku-yhteiskuntatiede\/sanankatkaisu\/"]}]},{"@type":"ImageObject","inLanguage":"fi","@id":"https:\/\/blogs.uef.fi\/tiedonhaku-yhteiskuntatiede\/sanankatkaisu\/#primaryimage","url":"https:\/\/blogs.uef.fi\/tiedonhaku-yhteiskuntatiede\/wp-content\/uploads\/sites\/57\/2015\/11\/katkaisu.png","contentUrl":"https:\/\/blogs.uef.fi\/tiedonhaku-yhteiskuntatiede\/wp-content\/uploads\/sites\/57\/2015\/11\/katkaisu.png","width":110,"height":193},{"@type":"BreadcrumbList","@id":"https:\/\/blogs.uef.fi\/tiedonhaku-yhteiskuntatiede\/sanankatkaisu\/#breadcrumb","itemListElement":[{"@type":"ListItem","position":1,"name":"Home","item":"https:\/\/blogs.uef.fi\/tiedonhaku-yhteiskuntatiede\/"},{"@type":"ListItem","position":2,"name":"Sanankatkaisu"}]},{"@type":"WebSite","@id":"https:\/\/blogs.uef.fi\/tiedonhaku-yhteiskuntatiede\/#website","url":"https:\/\/blogs.uef.fi\/tiedonhaku-yhteiskuntatiede\/","name":"Yhteiskuntatieteen tiedonhaku \/ UEF kirjasto","description":"","potentialAction":[{"@type":"SearchAction","target":{"@type":"EntryPoint","urlTemplate":"https:\/\/blogs.uef.fi\/tiedonhaku-yhteiskuntatiede\/?s={search_term_string}"},"query-input":{"@type":"PropertyValueSpecification","valueRequired":true,"valueName":"search_term_string"}}],"inLanguage":"fi"}]}},"_links":{"self":[{"href":"https:\/\/blogs.uef.fi\/tiedonhaku-yhteiskuntatiede\/wp-json\/wp\/v2\/pages\/149","targetHints":{"allow":["GET"]}}],"collection":[{"href":"https:\/\/blogs.uef.fi\/tiedonhaku-yhteiskuntatiede\/wp-json\/wp\/v2\/pages"}],"about":[{"href":"https:\/\/blogs.uef.fi\/tiedonhaku-yhteiskuntatiede\/wp-json\/wp\/v2\/types\/page"}],"author":[{"embeddable":true,"href":"https:\/\/blogs.uef.fi\/tiedonhaku-yhteiskuntatiede\/wp-json\/wp\/v2\/users\/127"}],"replies":[{"embeddable":true,"href":"https:\/\/blogs.uef.fi\/tiedonhaku-yhteiskuntatiede\/wp-json\/wp\/v2\/comments?post=149"}],"version-history":[{"count":1,"href":"https:\/\/blogs.uef.fi\/tiedonhaku-yhteiskuntatiede\/wp-json\/wp\/v2\/pages\/149\/revisions"}],"predecessor-version":[{"id":1952,"href":"https:\/\/blogs.uef.fi\/tiedonhaku-yhteiskuntatiede\/wp-json\/wp\/v2\/pages\/149\/revisions\/1952"}],"wp:attachment":[{"href":"https:\/\/blogs.uef.fi\/tiedonhaku-yhteiskuntatiede\/wp-json\/wp\/v2\/media?parent=149"}],"curies":[{"name":"wp","href":"https:\/\/api.w.org\/{rel}","templated":true}]}}