{"id":1384,"date":"2021-08-26T10:15:52","date_gmt":"2021-08-26T07:15:52","guid":{"rendered":"https:\/\/blogs.uef.fi\/tiedonhaku-yhteiskuntatiede\/?page_id=1384"},"modified":"2025-03-10T11:10:52","modified_gmt":"2025-03-10T09:10:52","slug":"tallentaminen-covidence-systemaattiset-katsaukset","status":"publish","type":"page","link":"https:\/\/blogs.uef.fi\/tiedonhaku-yhteiskuntatiede\/tallentaminen-covidence-systemaattiset-katsaukset\/","title":{"rendered":"Tallentaminen Covidence (systemaattiset katsaukset)"},"content":{"rendered":"\n<p>It\u00e4-Suomen yliopiston (UEF) k\u00e4ytt\u00f6\u00f6n on hankittu Covidence, selainpohjainen ty\u00f6kalu systemaattisten katsausten tekemiseen. Covidenceen voi ladata viitteit\u00e4 tietokannoista ja ohjelma auttaa muun muassa viitteiden l\u00e4pik\u00e4ynniss\u00e4 ja tuplatarkastuksessa.<\/p>\n\n\n\n<p>K\u00e4ytt\u00f6oikeus Covidenceen on kaikilla It\u00e4-Suomen yliopiston opiskelijoilla ja henkil\u00f6kunnalla. K\u00e4ytt\u00e4j\u00e4tilin luomiseen tarvitaan UEF-s\u00e4hk\u00f6postiosoite.<\/p>\n\n\n\n<p><strong>Aloitus<\/strong>:<\/p>\n\n\n\n<ol class=\"wp-block-list\">\n<li>Luo<a href=\"https:\/\/app.covidence.org\/sign_in\/sso\">\u00a0tili Covidenceen<\/a>. Jatkossa t\u00e4m\u00e4 sivu toimii my\u00f6s kirjautumissivuna.<\/li>\n\n\n\n<li>T\u00e4yt\u00e4 lomakkeelle etunimesi ja s\u00e4hk\u00f6postiosoitteesi (osoitteen muoto: k\u00e4ytt\u00e4j\u00e4tunnus[at]student.uef.fi tai etunimi.sukunimi[at]uef.fi)<\/li>\n\n\n\n<li>Klikkaa &#8221;Sign in with SSO&#8221;<\/li>\n\n\n\n<li>Sy\u00f6t\u00e4 tietokenttiin etu- ja sukunimesi ja valitse pudotusvalikosta itse\u00e4si kuvaava rooli. Ohjelman k\u00e4ytt\u00f6ehdot ja tietosuojak\u00e4yt\u00e4nt\u00f6 on hyv\u00e4ksytt\u00e4v\u00e4, mutta s\u00e4hk\u00f6posti-ilmoituksia ei ole pakko ottaa vastaan. Lopuksi \u201dCreate account\u201d.<\/li>\n\n\n\n<li>Huom. Kun l\u00e4hdet ensimm\u00e4ist\u00e4 kertaa luomaan katsausta (\u201dStart a new review\u201d), valitse University of Eastern Finland (UEF), jotta saat maksullisen lisenssin oikeudet k\u00e4ytt\u00f6\u00f6si. T\u00e4m\u00e4 valinta mahdollistaa rajoittamattoman m\u00e4\u00e4r\u00e4n katsauksia ilman erillist\u00e4 veloitusta.\u00a0<\/li>\n\n\n\n<li>Katso yksityiskohtaisemmat ohjeet:\u00a0<a href=\"https:\/\/studentuef.sharepoint.com\/sites\/www-documents\/Jaetut%20asiakirjat\/Forms\/AllItems.aspx?id=%2Fsites%2Fwww%2Ddocuments%2FJaetut%20asiakirjat%2FUEFCovidence%5Fpikaopas%2Epdf&amp;parent=%2Fsites%2Fwww%2Ddocuments%2FJaetut%20asiakirjat&amp;p=true&amp;ct=1733302330512&amp;or=Teams%2DHL&amp;ga=1\">Covidence pikaopas<\/a>\u00a0(pdf)<\/li>\n\n\n\n<li><a href=\"https:\/\/primo.uef.fi\/permalink\/358FIN_UOEF\/10iob6c\/alma9914895930205966\">Covidence<\/a>\u00a0l\u00f6ytyy my\u00f6s UEF-Primosta.<\/li>\n<\/ol>\n\n\n\n<p>Ohjeistusta:<\/p>\n\n\n\n<p><a href=\"https:\/\/support.covidence.org\/help\">Covidence Help Center<\/a><br><a href=\"https:\/\/studentuef.sharepoint.com\/:b:\/s\/www-documents\/EXCfKw7D-m1PtRVkmNNlkIsBHSMBICoEyZ7XvIu9NJwT5w?e=otHHTO\">PubMed-, Scopus- ja Cinahl-viitteet Covidenceen<\/a>\u00a0(pdf)<br><a href=\"https:\/\/www.covidence.org\/resources\/\">Ladattavat oppaat\u00a0<\/a><br><a href=\"https:\/\/support.covidence.org\/help\/getting-started-with-covidence-new\">Getting started with Covidence -videot<\/a><\/p>\n\n\n\n<p><a href=\"https:\/\/support.covidence.org\/help\/are-you-a-new-covidence-user\">Webinaarisivulta<\/a>&nbsp;voit ilmoittautua seuraavaan koulutussessioon tai katsella tallenteita aiemmista webinaareista.<\/p>\n\n\n\n<p>UEF lisenssin alle tehdyt katsaukset n\u00e4kyv\u00e4t UEF kirjaston Covidence-tilin yll\u00e4pit\u00e4jille, mutta eiv\u00e4t muille organisaation sis\u00e4ll\u00e4.<\/p>\n\n\n\n<p>Lis\u00e4tietoja: tietopalvelu@uef.fi<\/p>\n\n\n\n<p><\/p>\n","protected":false},"excerpt":{"rendered":"<p>It\u00e4-Suomen yliopiston (UEF) k\u00e4ytt\u00f6\u00f6n on hankittu Covidence, selainpohjainen ty\u00f6kalu systemaattisten katsausten tekemiseen. Covidenceen voi ladata viitteit\u00e4 tietokannoista ja ohjelma auttaa muun muassa viitteiden l\u00e4pik\u00e4ynniss\u00e4 ja tuplatarkastuksessa. K\u00e4ytt\u00f6oikeus Covidenceen on kaikilla It\u00e4-Suomen yliopiston opiskelijoilla ja henkil\u00f6kunnalla. K\u00e4ytt\u00e4j\u00e4tilin luomiseen tarvitaan UEF-s\u00e4hk\u00f6postiosoite. Aloitus: Ohjeistusta: Covidence Help CenterPubMed-, Scopus- ja Cinahl-viitteet Covidenceen\u00a0(pdf)Ladattavat oppaat\u00a0Getting started with Covidence -videot Webinaarisivulta&nbsp;voit ilmoittautua [&hellip;]<\/p>\n","protected":false},"author":293,"featured_media":0,"parent":0,"menu_order":0,"comment_status":"closed","ping_status":"closed","template":"","meta":{"_acf_changed":false,"footnotes":""},"class_list":["post-1384","page","type-page","status-publish","hentry"],"acf":[],"yoast_head":"<!-- This site is optimized with the Yoast SEO plugin v27.1.1 - https:\/\/yoast.com\/product\/yoast-seo-wordpress\/ -->\n<title>Tallentaminen Covidence (systemaattiset katsaukset) - Yhteiskuntatieteen tiedonhaku \/ UEF kirjasto<\/title>\n<meta name=\"robots\" content=\"index, follow, max-snippet:-1, max-image-preview:large, max-video-preview:-1\" \/>\n<link rel=\"canonical\" href=\"https:\/\/blogs.uef.fi\/tiedonhaku-yhteiskuntatiede\/tallentaminen-covidence-systemaattiset-katsaukset\/\" \/>\n<meta property=\"og:locale\" content=\"fi_FI\" \/>\n<meta property=\"og:type\" content=\"article\" \/>\n<meta property=\"og:title\" content=\"Tallentaminen Covidence (systemaattiset katsaukset) - Yhteiskuntatieteen tiedonhaku \/ UEF kirjasto\" \/>\n<meta property=\"og:description\" content=\"It\u00e4-Suomen yliopiston (UEF) k\u00e4ytt\u00f6\u00f6n on hankittu Covidence, selainpohjainen ty\u00f6kalu systemaattisten katsausten tekemiseen. Covidenceen voi ladata viitteit\u00e4 tietokannoista ja ohjelma auttaa muun muassa viitteiden l\u00e4pik\u00e4ynniss\u00e4 ja tuplatarkastuksessa. K\u00e4ytt\u00f6oikeus Covidenceen on kaikilla It\u00e4-Suomen yliopiston opiskelijoilla ja henkil\u00f6kunnalla. K\u00e4ytt\u00e4j\u00e4tilin luomiseen tarvitaan UEF-s\u00e4hk\u00f6postiosoite. Aloitus: Ohjeistusta: Covidence Help CenterPubMed-, Scopus- ja Cinahl-viitteet Covidenceen\u00a0(pdf)Ladattavat oppaat\u00a0Getting started with Covidence -videot Webinaarisivulta&nbsp;voit ilmoittautua [&hellip;]\" \/>\n<meta property=\"og:url\" content=\"https:\/\/blogs.uef.fi\/tiedonhaku-yhteiskuntatiede\/tallentaminen-covidence-systemaattiset-katsaukset\/\" \/>\n<meta property=\"og:site_name\" content=\"Yhteiskuntatieteen tiedonhaku \/ UEF kirjasto\" \/>\n<meta property=\"article:modified_time\" content=\"2025-03-10T09:10:52+00:00\" \/>\n<meta name=\"twitter:card\" content=\"summary_large_image\" \/>\n<meta name=\"twitter:label1\" content=\"Arvioitu lukuaika\" \/>\n\t<meta name=\"twitter:data1\" content=\"2 minuuttia\" \/>\n<script type=\"application\/ld+json\" class=\"yoast-schema-graph\">{\"@context\":\"https:\/\/schema.org\",\"@graph\":[{\"@type\":\"WebPage\",\"@id\":\"https:\/\/blogs.uef.fi\/tiedonhaku-yhteiskuntatiede\/tallentaminen-covidence-systemaattiset-katsaukset\/\",\"url\":\"https:\/\/blogs.uef.fi\/tiedonhaku-yhteiskuntatiede\/tallentaminen-covidence-systemaattiset-katsaukset\/\",\"name\":\"Tallentaminen Covidence (systemaattiset katsaukset) - Yhteiskuntatieteen tiedonhaku \/ UEF kirjasto\",\"isPartOf\":{\"@id\":\"https:\/\/blogs.uef.fi\/tiedonhaku-yhteiskuntatiede\/#website\"},\"datePublished\":\"2021-08-26T07:15:52+00:00\",\"dateModified\":\"2025-03-10T09:10:52+00:00\",\"breadcrumb\":{\"@id\":\"https:\/\/blogs.uef.fi\/tiedonhaku-yhteiskuntatiede\/tallentaminen-covidence-systemaattiset-katsaukset\/#breadcrumb\"},\"inLanguage\":\"fi\",\"potentialAction\":[{\"@type\":\"ReadAction\",\"target\":[\"https:\/\/blogs.uef.fi\/tiedonhaku-yhteiskuntatiede\/tallentaminen-covidence-systemaattiset-katsaukset\/\"]}]},{\"@type\":\"BreadcrumbList\",\"@id\":\"https:\/\/blogs.uef.fi\/tiedonhaku-yhteiskuntatiede\/tallentaminen-covidence-systemaattiset-katsaukset\/#breadcrumb\",\"itemListElement\":[{\"@type\":\"ListItem\",\"position\":1,\"name\":\"Home\",\"item\":\"https:\/\/blogs.uef.fi\/tiedonhaku-yhteiskuntatiede\/\"},{\"@type\":\"ListItem\",\"position\":2,\"name\":\"Tallentaminen Covidence (systemaattiset katsaukset)\"}]},{\"@type\":\"WebSite\",\"@id\":\"https:\/\/blogs.uef.fi\/tiedonhaku-yhteiskuntatiede\/#website\",\"url\":\"https:\/\/blogs.uef.fi\/tiedonhaku-yhteiskuntatiede\/\",\"name\":\"Yhteiskuntatieteen tiedonhaku \/ UEF kirjasto\",\"description\":\"\",\"potentialAction\":[{\"@type\":\"SearchAction\",\"target\":{\"@type\":\"EntryPoint\",\"urlTemplate\":\"https:\/\/blogs.uef.fi\/tiedonhaku-yhteiskuntatiede\/?s={search_term_string}\"},\"query-input\":{\"@type\":\"PropertyValueSpecification\",\"valueRequired\":true,\"valueName\":\"search_term_string\"}}],\"inLanguage\":\"fi\"}]}<\/script>\n<!-- \/ Yoast SEO plugin. -->","yoast_head_json":{"title":"Tallentaminen Covidence (systemaattiset katsaukset) - Yhteiskuntatieteen tiedonhaku \/ UEF kirjasto","robots":{"index":"index","follow":"follow","max-snippet":"max-snippet:-1","max-image-preview":"max-image-preview:large","max-video-preview":"max-video-preview:-1"},"canonical":"https:\/\/blogs.uef.fi\/tiedonhaku-yhteiskuntatiede\/tallentaminen-covidence-systemaattiset-katsaukset\/","og_locale":"fi_FI","og_type":"article","og_title":"Tallentaminen Covidence (systemaattiset katsaukset) - Yhteiskuntatieteen tiedonhaku \/ UEF kirjasto","og_description":"It\u00e4-Suomen yliopiston (UEF) k\u00e4ytt\u00f6\u00f6n on hankittu Covidence, selainpohjainen ty\u00f6kalu systemaattisten katsausten tekemiseen. Covidenceen voi ladata viitteit\u00e4 tietokannoista ja ohjelma auttaa muun muassa viitteiden l\u00e4pik\u00e4ynniss\u00e4 ja tuplatarkastuksessa. K\u00e4ytt\u00f6oikeus Covidenceen on kaikilla It\u00e4-Suomen yliopiston opiskelijoilla ja henkil\u00f6kunnalla. K\u00e4ytt\u00e4j\u00e4tilin luomiseen tarvitaan UEF-s\u00e4hk\u00f6postiosoite. Aloitus: Ohjeistusta: Covidence Help CenterPubMed-, Scopus- ja Cinahl-viitteet Covidenceen\u00a0(pdf)Ladattavat oppaat\u00a0Getting started with Covidence -videot Webinaarisivulta&nbsp;voit ilmoittautua [&hellip;]","og_url":"https:\/\/blogs.uef.fi\/tiedonhaku-yhteiskuntatiede\/tallentaminen-covidence-systemaattiset-katsaukset\/","og_site_name":"Yhteiskuntatieteen tiedonhaku \/ UEF kirjasto","article_modified_time":"2025-03-10T09:10:52+00:00","twitter_card":"summary_large_image","twitter_misc":{"Arvioitu lukuaika":"2 minuuttia"},"schema":{"@context":"https:\/\/schema.org","@graph":[{"@type":"WebPage","@id":"https:\/\/blogs.uef.fi\/tiedonhaku-yhteiskuntatiede\/tallentaminen-covidence-systemaattiset-katsaukset\/","url":"https:\/\/blogs.uef.fi\/tiedonhaku-yhteiskuntatiede\/tallentaminen-covidence-systemaattiset-katsaukset\/","name":"Tallentaminen Covidence (systemaattiset katsaukset) - Yhteiskuntatieteen tiedonhaku \/ UEF kirjasto","isPartOf":{"@id":"https:\/\/blogs.uef.fi\/tiedonhaku-yhteiskuntatiede\/#website"},"datePublished":"2021-08-26T07:15:52+00:00","dateModified":"2025-03-10T09:10:52+00:00","breadcrumb":{"@id":"https:\/\/blogs.uef.fi\/tiedonhaku-yhteiskuntatiede\/tallentaminen-covidence-systemaattiset-katsaukset\/#breadcrumb"},"inLanguage":"fi","potentialAction":[{"@type":"ReadAction","target":["https:\/\/blogs.uef.fi\/tiedonhaku-yhteiskuntatiede\/tallentaminen-covidence-systemaattiset-katsaukset\/"]}]},{"@type":"BreadcrumbList","@id":"https:\/\/blogs.uef.fi\/tiedonhaku-yhteiskuntatiede\/tallentaminen-covidence-systemaattiset-katsaukset\/#breadcrumb","itemListElement":[{"@type":"ListItem","position":1,"name":"Home","item":"https:\/\/blogs.uef.fi\/tiedonhaku-yhteiskuntatiede\/"},{"@type":"ListItem","position":2,"name":"Tallentaminen Covidence (systemaattiset katsaukset)"}]},{"@type":"WebSite","@id":"https:\/\/blogs.uef.fi\/tiedonhaku-yhteiskuntatiede\/#website","url":"https:\/\/blogs.uef.fi\/tiedonhaku-yhteiskuntatiede\/","name":"Yhteiskuntatieteen tiedonhaku \/ UEF kirjasto","description":"","potentialAction":[{"@type":"SearchAction","target":{"@type":"EntryPoint","urlTemplate":"https:\/\/blogs.uef.fi\/tiedonhaku-yhteiskuntatiede\/?s={search_term_string}"},"query-input":{"@type":"PropertyValueSpecification","valueRequired":true,"valueName":"search_term_string"}}],"inLanguage":"fi"}]}},"_links":{"self":[{"href":"https:\/\/blogs.uef.fi\/tiedonhaku-yhteiskuntatiede\/wp-json\/wp\/v2\/pages\/1384","targetHints":{"allow":["GET"]}}],"collection":[{"href":"https:\/\/blogs.uef.fi\/tiedonhaku-yhteiskuntatiede\/wp-json\/wp\/v2\/pages"}],"about":[{"href":"https:\/\/blogs.uef.fi\/tiedonhaku-yhteiskuntatiede\/wp-json\/wp\/v2\/types\/page"}],"author":[{"embeddable":true,"href":"https:\/\/blogs.uef.fi\/tiedonhaku-yhteiskuntatiede\/wp-json\/wp\/v2\/users\/293"}],"replies":[{"embeddable":true,"href":"https:\/\/blogs.uef.fi\/tiedonhaku-yhteiskuntatiede\/wp-json\/wp\/v2\/comments?post=1384"}],"version-history":[{"count":1,"href":"https:\/\/blogs.uef.fi\/tiedonhaku-yhteiskuntatiede\/wp-json\/wp\/v2\/pages\/1384\/revisions"}],"predecessor-version":[{"id":2174,"href":"https:\/\/blogs.uef.fi\/tiedonhaku-yhteiskuntatiede\/wp-json\/wp\/v2\/pages\/1384\/revisions\/2174"}],"wp:attachment":[{"href":"https:\/\/blogs.uef.fi\/tiedonhaku-yhteiskuntatiede\/wp-json\/wp\/v2\/media?parent=1384"}],"curies":[{"name":"wp","href":"https:\/\/api.w.org\/{rel}","templated":true}]}}