{"id":132,"date":"2015-11-26T07:50:34","date_gmt":"2015-11-26T07:50:34","guid":{"rendered":"https:\/\/ueflibrarysoc.wordpress.com\/?page_id=132"},"modified":"2023-08-23T12:44:48","modified_gmt":"2023-08-23T09:44:48","slug":"sanaliitot","status":"publish","type":"page","link":"https:\/\/blogs.uef.fi\/tiedonhaku-yhteiskuntatiede\/sanaliitot\/","title":{"rendered":"Sanaliitot"},"content":{"rendered":"\n<p>Sanaliitto on sanapari tai -ryhm\u00e4, jonka merkitysseikat sitovat yhteen.<\/p>\n\n\n\n<figure class=\"wp-block-image\"><img loading=\"lazy\" decoding=\"async\" width=\"879\" height=\"196\" src=\"https:\/\/blogs.uef.fi\/tiedonhaku-yhteiskuntatiede\/wp-content\/uploads\/sites\/57\/2015\/12\/young.jpg\" alt=\"\" class=\"wp-image-513\" srcset=\"https:\/\/blogs.uef.fi\/tiedonhaku-yhteiskuntatiede\/wp-content\/uploads\/sites\/57\/2015\/12\/young.jpg 879w, https:\/\/blogs.uef.fi\/tiedonhaku-yhteiskuntatiede\/wp-content\/uploads\/sites\/57\/2015\/12\/young-300x67.jpg 300w, https:\/\/blogs.uef.fi\/tiedonhaku-yhteiskuntatiede\/wp-content\/uploads\/sites\/57\/2015\/12\/young-768x171.jpg 768w\" sizes=\"auto, (max-width: 879px) 100vw, 879px\" \/><\/figure>\n\n\n\n<p>Yksitt\u00e4iset sanat vs. sanaliitto: huomaa erilaiset merkitykset sanayhteydest\u00e4 riippuen<\/p>\n\n\n\n<p>Jotta sanaliiton eli<strong> FRAASIN (phrase)<\/strong> sanat pysyisiv\u00e4t haussa <strong>per\u00e4kk\u00e4in ja halutussa j\u00e4rjestyksess\u00e4<\/strong>, joudutaan hakuj\u00e4rjestelmiss\u00e4 m\u00e4\u00e4r\u00e4\u00e4m\u00e4\u00e4n t\u00e4m\u00e4 erikseen.<\/p>\n\n\n\n<p><strong>Fraasihaun merkkin\u00e4 hakuj\u00e4rjestelmiss\u00e4 k\u00e4ytet\u00e4\u00e4n yleisesti lainausmerkkej\u00e4:<\/strong><\/p>\n\n\n\n<p><em>\u201calueelliset vaikutukset\u201d<\/em><br><em>\u201ccelebrity culture\u201d<\/em><\/p>\n\n\n\n<p>Ilman lainausmerkkej\u00e4 kahden sanan v\u00e4lill\u00e4 on l\u00e4hes aina AND-operaattori, vaikka sit\u00e4 ei n\u00e4kyville kirjoittaisikaan (lis\u00e4\u00e4 operaattoreista luvussa <a href=\"https:\/\/blogs.uef.fi\/tiedonhaku-yhteiskuntatiede\/hakulauseet-2\/\" target=\"_blank\" rel=\"noreferrer noopener\">Hakusanojen yhdist\u00e4minen<\/a>)<\/p>\n\n\n\n<figure class=\"wp-block-image\"><img loading=\"lazy\" decoding=\"async\" width=\"395\" height=\"235\" src=\"https:\/\/blogs.uef.fi\/tiedonhaku-yhteiskuntatiede\/wp-content\/uploads\/sites\/57\/2018\/12\/GEOlainausmerkit.png\" alt=\"\" class=\"wp-image-839\" srcset=\"https:\/\/blogs.uef.fi\/tiedonhaku-yhteiskuntatiede\/wp-content\/uploads\/sites\/57\/2018\/12\/GEOlainausmerkit.png 395w, https:\/\/blogs.uef.fi\/tiedonhaku-yhteiskuntatiede\/wp-content\/uploads\/sites\/57\/2018\/12\/GEOlainausmerkit-300x178.png 300w\" sizes=\"auto, (max-width: 395px) 100vw, 395px\" \/><\/figure>\n\n\n\n<p>Vertaa hakutulosten m\u00e4\u00e4r\u00e4\u00e4<\/p>\n\n\n\n<p>Katso video fraasihausta (n. 3 min). Videolla on esimerkki UEF-Finnasta; sama periaate toimii yht\u00e4 lailla mm. UEF-Primossa.<\/p>\n\n\n<p><iframe loading=\"lazy\" title=\"Fraasihaku\" width=\"500\" height=\"281\" src=\"https:\/\/www.youtube.com\/embed\/_xVJ_bPmNac?feature=oembed\" frameborder=\"0\" allow=\"accelerometer; autoplay; clipboard-write; encrypted-media; gyroscope; picture-in-picture; web-share\" referrerpolicy=\"strict-origin-when-cross-origin\" allowfullscreen><\/iframe><\/p>\n<p><em>Vinkki:<\/em> my\u00f6s Google ymm\u00e4rt\u00e4\u00e4 lainausmerkit.<\/p>\n<p>\u00a0<\/p>\n\n\n<p>Fraasien k\u00e4yt\u00f6ss\u00e4 sattuu jonkin verran virheit\u00e4 eri hakuj\u00e4rjestelmiss\u00e4.<\/p>\n\n\n\n<p><strong>T\u00e4ss\u00e4 oikeita malleja:<\/strong><\/p>\n\n\n\n<p><strong>UEF-FPrimo:<\/strong><\/p>\n\n\n\n<figure class=\"wp-block-image\"><img loading=\"lazy\" decoding=\"async\" width=\"1149\" height=\"176\" src=\"https:\/\/blogs.uef.fi\/tiedonhaku-yhteiskuntatiede\/wp-content\/uploads\/sites\/57\/2020\/01\/SYupfraasi.png\" alt=\"\" class=\"wp-image-1107\" srcset=\"https:\/\/blogs.uef.fi\/tiedonhaku-yhteiskuntatiede\/wp-content\/uploads\/sites\/57\/2020\/01\/SYupfraasi.png 1149w, https:\/\/blogs.uef.fi\/tiedonhaku-yhteiskuntatiede\/wp-content\/uploads\/sites\/57\/2020\/01\/SYupfraasi-300x46.png 300w, https:\/\/blogs.uef.fi\/tiedonhaku-yhteiskuntatiede\/wp-content\/uploads\/sites\/57\/2020\/01\/SYupfraasi-768x118.png 768w, https:\/\/blogs.uef.fi\/tiedonhaku-yhteiskuntatiede\/wp-content\/uploads\/sites\/57\/2020\/01\/SYupfraasi-1024x157.png 1024w\" sizes=\"auto, (max-width: 1149px) 100vw, 1149px\" \/><\/figure>\n\n\n\n<p>Fraasin sis\u00e4ll\u00e4 ei voi k\u00e4ytt\u00e4\u00e4 sanankatkaisua (*) UEF-Primossa<\/p>\n\n\n\n<p><strong>Scopus <\/strong>:<\/p>\n\n\n\n<figure class=\"wp-block-image aligncenter is-resized\"><img loading=\"lazy\" decoding=\"async\" src=\"https:\/\/blogs.uef.fi\/tiedonhaku-yhteiskuntatiede\/wp-content\/uploads\/sites\/57\/2018\/12\/Scopusfraasi.png\" alt=\"\" class=\"wp-image-847\" width=\"810\" height=\"293\" srcset=\"https:\/\/blogs.uef.fi\/tiedonhaku-yhteiskuntatiede\/wp-content\/uploads\/sites\/57\/2018\/12\/Scopusfraasi.png 1132w, https:\/\/blogs.uef.fi\/tiedonhaku-yhteiskuntatiede\/wp-content\/uploads\/sites\/57\/2018\/12\/Scopusfraasi-300x109.png 300w, https:\/\/blogs.uef.fi\/tiedonhaku-yhteiskuntatiede\/wp-content\/uploads\/sites\/57\/2018\/12\/Scopusfraasi-768x278.png 768w, https:\/\/blogs.uef.fi\/tiedonhaku-yhteiskuntatiede\/wp-content\/uploads\/sites\/57\/2018\/12\/Scopusfraasi-1024x371.png 1024w, https:\/\/blogs.uef.fi\/tiedonhaku-yhteiskuntatiede\/wp-content\/uploads\/sites\/57\/2018\/12\/Scopusfraasi-1049x380.png 1049w\" sizes=\"auto, (max-width: 810px) 100vw, 810px\" \/><\/figure>\n\n\n\n<div class=\"links-block\">\n\n    \n    <ul class=\"link-list\">\n            <\/ul>\n<\/div>\n\n\n<div class=\"links-block\">\n\n    \n    <ul class=\"link-list\">\n            <\/ul>\n<\/div>\n\n\n<p><strong>Web of Science (<\/strong>sama tyyli <strong>ProQuestissa ja Ebscossa)<\/strong><\/p>\n\n\n\n<figure class=\"wp-block-image\"><img loading=\"lazy\" decoding=\"async\" width=\"799\" height=\"380\" src=\"https:\/\/blogs.uef.fi\/tiedonhaku-yhteiskuntatiede\/wp-content\/uploads\/sites\/57\/2020\/01\/YKPwosfraasi.png\" alt=\"\" class=\"wp-image-1109\" srcset=\"https:\/\/blogs.uef.fi\/tiedonhaku-yhteiskuntatiede\/wp-content\/uploads\/sites\/57\/2020\/01\/YKPwosfraasi.png 799w, https:\/\/blogs.uef.fi\/tiedonhaku-yhteiskuntatiede\/wp-content\/uploads\/sites\/57\/2020\/01\/YKPwosfraasi-300x143.png 300w, https:\/\/blogs.uef.fi\/tiedonhaku-yhteiskuntatiede\/wp-content\/uploads\/sites\/57\/2020\/01\/YKPwosfraasi-768x365.png 768w\" sizes=\"auto, (max-width: 799px) 100vw, 799px\" \/><\/figure>\n\n\n\n<p>Fraasin sis\u00e4ll\u00e4 pit\u00e4\u00e4 muistaa sanankatkaisu. T\u00e4ss\u00e4 market*=market, markets<\/p>\n\n\n\n<p><\/p>\n","protected":false},"excerpt":{"rendered":"<p>Sanaliitto on sanapari tai -ryhm\u00e4, jonka merkitysseikat sitovat yhteen. Yksitt\u00e4iset sanat vs. sanaliitto: huomaa erilaiset merkitykset sanayhteydest\u00e4 riippuen Jotta sanaliiton eli FRAASIN (phrase) sanat pysyisiv\u00e4t haussa per\u00e4kk\u00e4in ja halutussa j\u00e4rjestyksess\u00e4, joudutaan hakuj\u00e4rjestelmiss\u00e4 m\u00e4\u00e4r\u00e4\u00e4m\u00e4\u00e4n t\u00e4m\u00e4 erikseen. Fraasihaun merkkin\u00e4 hakuj\u00e4rjestelmiss\u00e4 k\u00e4ytet\u00e4\u00e4n yleisesti lainausmerkkej\u00e4: \u201calueelliset vaikutukset\u201d\u201ccelebrity culture\u201d Ilman lainausmerkkej\u00e4 kahden sanan v\u00e4lill\u00e4 on l\u00e4hes aina AND-operaattori, vaikka sit\u00e4 [&hellip;]<\/p>\n","protected":false},"author":127,"featured_media":0,"parent":0,"menu_order":0,"comment_status":"closed","ping_status":"closed","template":"","meta":{"_acf_changed":false,"footnotes":""},"class_list":["post-132","page","type-page","status-publish","hentry"],"acf":[],"yoast_head":"<!-- This site is optimized with the Yoast SEO plugin v27.1.1 - https:\/\/yoast.com\/product\/yoast-seo-wordpress\/ -->\n<title>Sanaliitot - Yhteiskuntatieteen tiedonhaku \/ UEF kirjasto<\/title>\n<meta name=\"robots\" content=\"index, follow, max-snippet:-1, max-image-preview:large, max-video-preview:-1\" \/>\n<link rel=\"canonical\" href=\"https:\/\/blogs.uef.fi\/tiedonhaku-yhteiskuntatiede\/sanaliitot\/\" \/>\n<meta property=\"og:locale\" content=\"fi_FI\" \/>\n<meta property=\"og:type\" content=\"article\" \/>\n<meta property=\"og:title\" content=\"Sanaliitot - Yhteiskuntatieteen tiedonhaku \/ UEF kirjasto\" \/>\n<meta property=\"og:description\" content=\"Sanaliitto on sanapari tai -ryhm\u00e4, jonka merkitysseikat sitovat yhteen. Yksitt\u00e4iset sanat vs. sanaliitto: huomaa erilaiset merkitykset sanayhteydest\u00e4 riippuen Jotta sanaliiton eli FRAASIN (phrase) sanat pysyisiv\u00e4t haussa per\u00e4kk\u00e4in ja halutussa j\u00e4rjestyksess\u00e4, joudutaan hakuj\u00e4rjestelmiss\u00e4 m\u00e4\u00e4r\u00e4\u00e4m\u00e4\u00e4n t\u00e4m\u00e4 erikseen. Fraasihaun merkkin\u00e4 hakuj\u00e4rjestelmiss\u00e4 k\u00e4ytet\u00e4\u00e4n yleisesti lainausmerkkej\u00e4: \u201calueelliset vaikutukset\u201d\u201ccelebrity culture\u201d Ilman lainausmerkkej\u00e4 kahden sanan v\u00e4lill\u00e4 on l\u00e4hes aina AND-operaattori, vaikka sit\u00e4 [&hellip;]\" \/>\n<meta property=\"og:url\" content=\"https:\/\/blogs.uef.fi\/tiedonhaku-yhteiskuntatiede\/sanaliitot\/\" \/>\n<meta property=\"og:site_name\" content=\"Yhteiskuntatieteen tiedonhaku \/ UEF kirjasto\" \/>\n<meta property=\"article:modified_time\" content=\"2023-08-23T09:44:48+00:00\" \/>\n<meta property=\"og:image\" content=\"https:\/\/blogs.uef.fi\/tiedonhaku-yhteiskuntatiede\/wp-content\/uploads\/sites\/57\/2015\/12\/young.jpg\" \/>\n<meta name=\"twitter:card\" content=\"summary_large_image\" \/>\n<meta name=\"twitter:label1\" content=\"Arvioitu lukuaika\" \/>\n\t<meta name=\"twitter:data1\" content=\"2 minuuttia\" \/>\n<script type=\"application\/ld+json\" class=\"yoast-schema-graph\">{\"@context\":\"https:\/\/schema.org\",\"@graph\":[{\"@type\":\"WebPage\",\"@id\":\"https:\/\/blogs.uef.fi\/tiedonhaku-yhteiskuntatiede\/sanaliitot\/\",\"url\":\"https:\/\/blogs.uef.fi\/tiedonhaku-yhteiskuntatiede\/sanaliitot\/\",\"name\":\"Sanaliitot - Yhteiskuntatieteen tiedonhaku \/ UEF kirjasto\",\"isPartOf\":{\"@id\":\"https:\/\/blogs.uef.fi\/tiedonhaku-yhteiskuntatiede\/#website\"},\"primaryImageOfPage\":{\"@id\":\"https:\/\/blogs.uef.fi\/tiedonhaku-yhteiskuntatiede\/sanaliitot\/#primaryimage\"},\"image\":{\"@id\":\"https:\/\/blogs.uef.fi\/tiedonhaku-yhteiskuntatiede\/sanaliitot\/#primaryimage\"},\"thumbnailUrl\":\"https:\/\/blogs.uef.fi\/tiedonhaku-yhteiskuntatiede\/wp-content\/uploads\/sites\/57\/2015\/12\/young.jpg\",\"datePublished\":\"2015-11-26T07:50:34+00:00\",\"dateModified\":\"2023-08-23T09:44:48+00:00\",\"breadcrumb\":{\"@id\":\"https:\/\/blogs.uef.fi\/tiedonhaku-yhteiskuntatiede\/sanaliitot\/#breadcrumb\"},\"inLanguage\":\"fi\",\"potentialAction\":[{\"@type\":\"ReadAction\",\"target\":[\"https:\/\/blogs.uef.fi\/tiedonhaku-yhteiskuntatiede\/sanaliitot\/\"]}]},{\"@type\":\"ImageObject\",\"inLanguage\":\"fi\",\"@id\":\"https:\/\/blogs.uef.fi\/tiedonhaku-yhteiskuntatiede\/sanaliitot\/#primaryimage\",\"url\":\"https:\/\/blogs.uef.fi\/tiedonhaku-yhteiskuntatiede\/wp-content\/uploads\/sites\/57\/2015\/12\/young.jpg\",\"contentUrl\":\"https:\/\/blogs.uef.fi\/tiedonhaku-yhteiskuntatiede\/wp-content\/uploads\/sites\/57\/2015\/12\/young.jpg\",\"width\":879,\"height\":196},{\"@type\":\"BreadcrumbList\",\"@id\":\"https:\/\/blogs.uef.fi\/tiedonhaku-yhteiskuntatiede\/sanaliitot\/#breadcrumb\",\"itemListElement\":[{\"@type\":\"ListItem\",\"position\":1,\"name\":\"Home\",\"item\":\"https:\/\/blogs.uef.fi\/tiedonhaku-yhteiskuntatiede\/\"},{\"@type\":\"ListItem\",\"position\":2,\"name\":\"Sanaliitot\"}]},{\"@type\":\"WebSite\",\"@id\":\"https:\/\/blogs.uef.fi\/tiedonhaku-yhteiskuntatiede\/#website\",\"url\":\"https:\/\/blogs.uef.fi\/tiedonhaku-yhteiskuntatiede\/\",\"name\":\"Yhteiskuntatieteen tiedonhaku \/ UEF kirjasto\",\"description\":\"\",\"potentialAction\":[{\"@type\":\"SearchAction\",\"target\":{\"@type\":\"EntryPoint\",\"urlTemplate\":\"https:\/\/blogs.uef.fi\/tiedonhaku-yhteiskuntatiede\/?s={search_term_string}\"},\"query-input\":{\"@type\":\"PropertyValueSpecification\",\"valueRequired\":true,\"valueName\":\"search_term_string\"}}],\"inLanguage\":\"fi\"}]}<\/script>\n<!-- \/ Yoast SEO plugin. -->","yoast_head_json":{"title":"Sanaliitot - Yhteiskuntatieteen tiedonhaku \/ UEF kirjasto","robots":{"index":"index","follow":"follow","max-snippet":"max-snippet:-1","max-image-preview":"max-image-preview:large","max-video-preview":"max-video-preview:-1"},"canonical":"https:\/\/blogs.uef.fi\/tiedonhaku-yhteiskuntatiede\/sanaliitot\/","og_locale":"fi_FI","og_type":"article","og_title":"Sanaliitot - Yhteiskuntatieteen tiedonhaku \/ UEF kirjasto","og_description":"Sanaliitto on sanapari tai -ryhm\u00e4, jonka merkitysseikat sitovat yhteen. Yksitt\u00e4iset sanat vs. sanaliitto: huomaa erilaiset merkitykset sanayhteydest\u00e4 riippuen Jotta sanaliiton eli FRAASIN (phrase) sanat pysyisiv\u00e4t haussa per\u00e4kk\u00e4in ja halutussa j\u00e4rjestyksess\u00e4, joudutaan hakuj\u00e4rjestelmiss\u00e4 m\u00e4\u00e4r\u00e4\u00e4m\u00e4\u00e4n t\u00e4m\u00e4 erikseen. Fraasihaun merkkin\u00e4 hakuj\u00e4rjestelmiss\u00e4 k\u00e4ytet\u00e4\u00e4n yleisesti lainausmerkkej\u00e4: \u201calueelliset vaikutukset\u201d\u201ccelebrity culture\u201d Ilman lainausmerkkej\u00e4 kahden sanan v\u00e4lill\u00e4 on l\u00e4hes aina AND-operaattori, vaikka sit\u00e4 [&hellip;]","og_url":"https:\/\/blogs.uef.fi\/tiedonhaku-yhteiskuntatiede\/sanaliitot\/","og_site_name":"Yhteiskuntatieteen tiedonhaku \/ UEF kirjasto","article_modified_time":"2023-08-23T09:44:48+00:00","og_image":[{"url":"https:\/\/blogs.uef.fi\/tiedonhaku-yhteiskuntatiede\/wp-content\/uploads\/sites\/57\/2015\/12\/young.jpg","type":"","width":"","height":""}],"twitter_card":"summary_large_image","twitter_misc":{"Arvioitu lukuaika":"2 minuuttia"},"schema":{"@context":"https:\/\/schema.org","@graph":[{"@type":"WebPage","@id":"https:\/\/blogs.uef.fi\/tiedonhaku-yhteiskuntatiede\/sanaliitot\/","url":"https:\/\/blogs.uef.fi\/tiedonhaku-yhteiskuntatiede\/sanaliitot\/","name":"Sanaliitot - Yhteiskuntatieteen tiedonhaku \/ UEF kirjasto","isPartOf":{"@id":"https:\/\/blogs.uef.fi\/tiedonhaku-yhteiskuntatiede\/#website"},"primaryImageOfPage":{"@id":"https:\/\/blogs.uef.fi\/tiedonhaku-yhteiskuntatiede\/sanaliitot\/#primaryimage"},"image":{"@id":"https:\/\/blogs.uef.fi\/tiedonhaku-yhteiskuntatiede\/sanaliitot\/#primaryimage"},"thumbnailUrl":"https:\/\/blogs.uef.fi\/tiedonhaku-yhteiskuntatiede\/wp-content\/uploads\/sites\/57\/2015\/12\/young.jpg","datePublished":"2015-11-26T07:50:34+00:00","dateModified":"2023-08-23T09:44:48+00:00","breadcrumb":{"@id":"https:\/\/blogs.uef.fi\/tiedonhaku-yhteiskuntatiede\/sanaliitot\/#breadcrumb"},"inLanguage":"fi","potentialAction":[{"@type":"ReadAction","target":["https:\/\/blogs.uef.fi\/tiedonhaku-yhteiskuntatiede\/sanaliitot\/"]}]},{"@type":"ImageObject","inLanguage":"fi","@id":"https:\/\/blogs.uef.fi\/tiedonhaku-yhteiskuntatiede\/sanaliitot\/#primaryimage","url":"https:\/\/blogs.uef.fi\/tiedonhaku-yhteiskuntatiede\/wp-content\/uploads\/sites\/57\/2015\/12\/young.jpg","contentUrl":"https:\/\/blogs.uef.fi\/tiedonhaku-yhteiskuntatiede\/wp-content\/uploads\/sites\/57\/2015\/12\/young.jpg","width":879,"height":196},{"@type":"BreadcrumbList","@id":"https:\/\/blogs.uef.fi\/tiedonhaku-yhteiskuntatiede\/sanaliitot\/#breadcrumb","itemListElement":[{"@type":"ListItem","position":1,"name":"Home","item":"https:\/\/blogs.uef.fi\/tiedonhaku-yhteiskuntatiede\/"},{"@type":"ListItem","position":2,"name":"Sanaliitot"}]},{"@type":"WebSite","@id":"https:\/\/blogs.uef.fi\/tiedonhaku-yhteiskuntatiede\/#website","url":"https:\/\/blogs.uef.fi\/tiedonhaku-yhteiskuntatiede\/","name":"Yhteiskuntatieteen tiedonhaku \/ UEF kirjasto","description":"","potentialAction":[{"@type":"SearchAction","target":{"@type":"EntryPoint","urlTemplate":"https:\/\/blogs.uef.fi\/tiedonhaku-yhteiskuntatiede\/?s={search_term_string}"},"query-input":{"@type":"PropertyValueSpecification","valueRequired":true,"valueName":"search_term_string"}}],"inLanguage":"fi"}]}},"_links":{"self":[{"href":"https:\/\/blogs.uef.fi\/tiedonhaku-yhteiskuntatiede\/wp-json\/wp\/v2\/pages\/132","targetHints":{"allow":["GET"]}}],"collection":[{"href":"https:\/\/blogs.uef.fi\/tiedonhaku-yhteiskuntatiede\/wp-json\/wp\/v2\/pages"}],"about":[{"href":"https:\/\/blogs.uef.fi\/tiedonhaku-yhteiskuntatiede\/wp-json\/wp\/v2\/types\/page"}],"author":[{"embeddable":true,"href":"https:\/\/blogs.uef.fi\/tiedonhaku-yhteiskuntatiede\/wp-json\/wp\/v2\/users\/127"}],"replies":[{"embeddable":true,"href":"https:\/\/blogs.uef.fi\/tiedonhaku-yhteiskuntatiede\/wp-json\/wp\/v2\/comments?post=132"}],"version-history":[{"count":2,"href":"https:\/\/blogs.uef.fi\/tiedonhaku-yhteiskuntatiede\/wp-json\/wp\/v2\/pages\/132\/revisions"}],"predecessor-version":[{"id":1917,"href":"https:\/\/blogs.uef.fi\/tiedonhaku-yhteiskuntatiede\/wp-json\/wp\/v2\/pages\/132\/revisions\/1917"}],"wp:attachment":[{"href":"https:\/\/blogs.uef.fi\/tiedonhaku-yhteiskuntatiede\/wp-json\/wp\/v2\/media?parent=132"}],"curies":[{"name":"wp","href":"https:\/\/api.w.org\/{rel}","templated":true}]}}