{"id":123,"date":"2015-11-26T07:04:07","date_gmt":"2015-11-26T07:04:07","guid":{"rendered":"https:\/\/ueflibrarysoc.wordpress.com\/?page_id=123"},"modified":"2023-08-23T10:22:04","modified_gmt":"2023-08-23T07:22:04","slug":"sanojen-keksiminen","status":"publish","type":"page","link":"https:\/\/blogs.uef.fi\/tiedonhaku-yhteiskuntatiede\/sanojen-keksiminen\/","title":{"rendered":"Sanojen keksiminen"},"content":{"rendered":"\n<p>Tiedonhakijan pit\u00e4\u00e4 k\u00e4\u00e4nt\u00e4\u00e4 omat ajatuksensa, k\u00e4sitteet, <strong>kielellisiksi ilmauksiksi<\/strong> ja sit\u00e4 kautta hakusanoiksi.<\/p>\n\n\n\n<p>Hakuj\u00e4rjestelm\u00e4ss\u00e4 hakusana voi toimia kuten yksinkertainen <strong>merkkijono.<\/strong> Tiedonhakijan on itse m\u00e4\u00e4r\u00e4tt\u00e4v\u00e4 kaikki merkkijonot, joita haetaan.<\/p>\n\n\n\n<p>Hakusana voi olla my\u00f6s <strong>l\u00e4ht\u00f6kohta,<\/strong> jonka avulla j\u00e4rjestelm\u00e4 l\u00f6yt\u00e4\u00e4 sanasta erilaisia taivutusmuotoja ja johdannaisia. Varsinaisesti j\u00e4rjestelm\u00e4 ei kuitenkaan&nbsp; ymm\u00e4rr\u00e4 eik\u00e4 hae k\u00e4sitteit\u00e4 tai <a href=\"http:\/\/www.hs.fi\/fingerpori\/s1349760743374\" target=\"_blank\" rel=\"noopener noreferrer\">merkityksi\u00e4 (hs.fi:fingerpori)<\/a>. T\u00e4m\u00e4 tuo tulokseen my\u00f6s aiheeseen liittym\u00e4tt\u00f6mi\u00e4 osumia.<\/p>\n\n\n\n<p>Tiedon l\u00f6ytyvyys perustuu siis tiettyjen merkkijonojen esiintyvyyteen dokumenteissa tai niiden (meta)tiedoissa. K\u00e4\u00e4nt\u00e4en, dokumentin aihe voi olla sis\u00e4ll\u00f6lt\u00e4\u00e4n aiheenmukainen, mutta jos hakusanaa ei sen tiedoista l\u00f6ydy, itse dokumenttikin j\u00e4\u00e4 l\u00f6ytym\u00e4tt\u00e4.<\/p>\n\n\n\n<p><strong>K\u00e4site itsess\u00e4\u00e4n<\/strong> on usein ensimm\u00e4inen hyv\u00e4 hakusana. On mietitt\u00e4v\u00e4, mill\u00e4 kaikilla k\u00e4sitteill\u00e4 aihetta on voitu kuvata.<\/p>\n\n\n\n<p><strong>Vaihtoehtoiset hakutermit<\/strong> ovat kuitenkin l\u00e4hes aina v\u00e4ltt\u00e4m\u00e4tt\u00f6mi\u00e4:<\/p>\n\n\n\n<ul class=\"wp-block-list\">\n<li><strong>kieli<\/strong> on ensimm\u00e4inen kysymys. Suomenkieliset hakusanat tuottavat harvoin riitt\u00e4v\u00e4n tuloksen, joten hakusanat pit\u00e4\u00e4 mietti\u00e4 my\u00f6s ainakin englanniksi. Englantia ja suomea ainakin tarvitaan<\/li>\n\n\n\n<li><strong>synonyymit<\/strong>: <em>talonvaltaus = squatti, nuori &#8211; young, youth, juvenile, adolescents, teeagers&#8230;)<br><\/em><\/li>\n\n\n\n<li><strong>l\u00e4heiset, samaan liittyv\u00e4t k\u00e4sitteet, rinnakkaiset k\u00e4sitteet<\/strong>:<em> ennakkoluulot &#8211; syrjint\u00e4; sosiaali-ja terveyspalvelut, sosiaalipalvelut \/terveyspalvelut<br><\/em><\/li>\n\n\n\n<li><strong>laajempi tai tarkempi osa-alue:<\/strong> <em>yhteiskuntaluokat &#8211; porvaristo<\/em><\/li>\n\n\n\n<li><strong>vastakkainen k\u00e4site<\/strong> voi olla hy\u00f6dyksi joskus:&nbsp;<em>pahoinvointi &#8211; hyvinvointi<br><\/em><\/li>\n\n\n\n<li><strong>erilaiset kirjoitusmuodot<\/strong>: <em>maakunnan suunnittelu \u2013 maakuntasuunnittelu; organization \u2013 organisation<\/em><\/li>\n\n\n\n<li><strong>lyhenteet<\/strong>: <em>nimby = not in my backyard, HRM &#8211; human resource management<br><\/em><\/li>\n<\/ul>\n\n\n\n<p>HUOM. Lyhenteiden k\u00e4ytt\u00f6\u00e4 kannattaa v\u00e4ltt\u00e4\u00e4, jos ne ovat moniselitteisi\u00e4 (esim. lyhenne GDP tarkoittaa ainakin k\u00e4sitteit\u00e4 \u201c<span lang=\"en\">gross domestic product<\/span>\u201d, \u201c<span class=\"st\">giant depolarizing potential <\/span>\u201c, \u201cguanosine diphosphate\u201d ja \u201cgood distribution practice\u201d).<br>Pidemm\u00e4n tekstin joukosta aukikirjoitettu muoto yleens\u00e4 l\u00f6ytyy. Mutta jos haku kohdistuu vain otsikkoon, voi olla tarpeen kokeilla my\u00f6s lyhenteell\u00e4:<\/p>\n\n\n\n<figure class=\"wp-block-image aligncenter\"><img loading=\"lazy\" decoding=\"async\" width=\"425\" height=\"96\" src=\"https:\/\/blogs.uef.fi\/tiedonhaku-yhteiskuntatiede\/wp-content\/uploads\/sites\/57\/2015\/12\/lyhenne.jpg\" alt=\"lyhenne\" class=\"wp-image-510\" srcset=\"https:\/\/blogs.uef.fi\/tiedonhaku-yhteiskuntatiede\/wp-content\/uploads\/sites\/57\/2015\/12\/lyhenne.jpg 425w, https:\/\/blogs.uef.fi\/tiedonhaku-yhteiskuntatiede\/wp-content\/uploads\/sites\/57\/2015\/12\/lyhenne-300x68.jpg 300w\" sizes=\"auto, (max-width: 425px) 100vw, 425px\" \/><\/figure>\n\n\n\n<p>Kun termej\u00e4 alkaa kerty\u00e4 enemm\u00e4n, on hyv\u00e4 idea koota sanoja taulukkoon, jotta kokonaisuus \u2013 p\u00e4\u00e4k\u00e4sitteet ja niihin liittyv\u00e4t termit \u2013 pysyy hallinnassa. K\u00e4sitteiden hahmottelun apuna voi my\u00f6s k\u00e4ytt\u00e4\u00e4 esim. k\u00e4sitekarttaa, mind mapia tms. Tai voi sit\u00e4 tehd\u00e4 ranskalaisilla viivoillakin.<\/p>\n\n\n\n<p><em>Esimerkiksi: Murrosik\u00e4isen el\u00e4m\u00e4nhallinta aikuisuuden kynnyksell\u00e4<\/em><\/p>\n\n\n\n<figure class=\"wp-block-image aligncenter\"><img loading=\"lazy\" decoding=\"async\" width=\"669\" height=\"190\" src=\"https:\/\/blogs.uef.fi\/tiedonhaku-yhteiskuntatiede\/wp-content\/uploads\/sites\/57\/2019\/01\/SYsanataulukko.png\" alt=\"\" class=\"wp-image-973\" srcset=\"https:\/\/blogs.uef.fi\/tiedonhaku-yhteiskuntatiede\/wp-content\/uploads\/sites\/57\/2019\/01\/SYsanataulukko.png 669w, https:\/\/blogs.uef.fi\/tiedonhaku-yhteiskuntatiede\/wp-content\/uploads\/sites\/57\/2019\/01\/SYsanataulukko-300x85.png 300w\" sizes=\"auto, (max-width: 669px) 100vw, 669px\" \/><\/figure>\n\n\n\n<h2 class=\"wp-block-heading\">APUNEUVOJA HAKUSANOJEN M\u00c4\u00c4RITTELYYN:<strong><br><\/strong><\/h2>\n\n\n\n<ul class=\"wp-block-list\">\n<li><strong>Sanakirjat<\/strong> (esim. MOT sanakirjasto (UEF-Primo), <a href=\"https:\/\/www.kela.fi\/kelan-termit\">KELAn termit<\/a>, <a href=\"https:\/\/www.thl.fi\/attachments\/tiedonhallinta\/sosiaalialan_sanasto.pdf\">Sosiaalialan sanasto<\/a> (Sosiaaliportti, THL), <a href=\"http:\/\/finto.fi\/yso\/fi\/\">Yleinen suomalainen ontologia<\/a>, YSO, <a href=\"https:\/\/primo.uef.fi\/discovery\/fulldisplay?context=L&amp;vid=358FIN_UOEF:VU1&amp;search_scope=MyInstitution&amp;tab=LibraryCatalog&amp;docid=alma9911699263705966\">SocINDEX<\/a>, Subject Terms, thesaurus) k\u00e4sikirjat, hakuteokset (esim. Wikipedia)<\/li>\n\n\n\n<li><strong>Oppikirjat<\/strong><br>Taustatietoa ja alan k\u00e4sitteist\u00f6\u00e4 l\u00f6ytyy alan oppikirjoista, tietosanakirjoista ja muista hakuteoksista. Ne auttavat keskeisten k\u00e4sitteiden ja niiden synonyymien pohtimisessa. Samalla on hyv\u00e4 selvitt\u00e4\u00e4 termien laajemmat ja suppeammat k\u00e4sitteet sek\u00e4 vaihtoehtoiset ilmaisut.<\/li>\n\n\n\n<li>Jo l\u00f6ydettyjen julkaisujen<strong> sis\u00e4llysluettelot ja l\u00e4hdeluettelot<\/strong><\/li>\n\n\n\n<li><strong>Asiasanastot<\/strong><\/li>\n\n\n\n<li>Jo l\u00f6ytyneiden julkaisujen tiedot tietokannoissa, erityisesti<strong> aihetta kuvaavat sanat<\/strong> (subject)<\/li>\n\n\n\n<li>Hakusanaideoiden kysyminen <strong>teko\u00e4lylt\u00e4<\/strong><\/li>\n<\/ul>\n\n\n\n<figure class=\"wp-block-image\"><img loading=\"lazy\" decoding=\"async\" width=\"920\" height=\"541\" src=\"https:\/\/blogs.uef.fi\/tiedonhaku-yhteiskuntatiede\/wp-content\/uploads\/sites\/57\/2016\/11\/syaiheet.jpg\" alt=\"syaiheet\" class=\"wp-image-575\" srcset=\"https:\/\/blogs.uef.fi\/tiedonhaku-yhteiskuntatiede\/wp-content\/uploads\/sites\/57\/2016\/11\/syaiheet.jpg 920w, https:\/\/blogs.uef.fi\/tiedonhaku-yhteiskuntatiede\/wp-content\/uploads\/sites\/57\/2016\/11\/syaiheet-300x176.jpg 300w, https:\/\/blogs.uef.fi\/tiedonhaku-yhteiskuntatiede\/wp-content\/uploads\/sites\/57\/2016\/11\/syaiheet-768x452.jpg 768w\" sizes=\"auto, (max-width: 920px) 100vw, 920px\" \/><\/figure>\n\n\n\n<p>Hakusanojen kokoaminen kaaviona:<\/p>\n\n\n\n<figure class=\"wp-block-image aligncenter\"><img loading=\"lazy\" decoding=\"async\" width=\"1106\" height=\"535\" src=\"https:\/\/blogs.uef.fi\/tiedonhaku-yhteiskuntatiede\/wp-content\/uploads\/sites\/57\/2019\/01\/hakusanat.png\" alt=\"\" class=\"wp-image-969\" srcset=\"https:\/\/blogs.uef.fi\/tiedonhaku-yhteiskuntatiede\/wp-content\/uploads\/sites\/57\/2019\/01\/hakusanat.png 1106w, https:\/\/blogs.uef.fi\/tiedonhaku-yhteiskuntatiede\/wp-content\/uploads\/sites\/57\/2019\/01\/hakusanat-300x145.png 300w, https:\/\/blogs.uef.fi\/tiedonhaku-yhteiskuntatiede\/wp-content\/uploads\/sites\/57\/2019\/01\/hakusanat-768x372.png 768w, https:\/\/blogs.uef.fi\/tiedonhaku-yhteiskuntatiede\/wp-content\/uploads\/sites\/57\/2019\/01\/hakusanat-1024x495.png 1024w, https:\/\/blogs.uef.fi\/tiedonhaku-yhteiskuntatiede\/wp-content\/uploads\/sites\/57\/2019\/01\/hakusanat-786x380.png 786w\" sizes=\"auto, (max-width: 1106px) 100vw, 1106px\" \/><\/figure>\n","protected":false},"excerpt":{"rendered":"<p>Tiedonhakijan pit\u00e4\u00e4 k\u00e4\u00e4nt\u00e4\u00e4 omat ajatuksensa, k\u00e4sitteet, kielellisiksi ilmauksiksi ja sit\u00e4 kautta hakusanoiksi. Hakuj\u00e4rjestelm\u00e4ss\u00e4 hakusana voi toimia kuten yksinkertainen merkkijono. Tiedonhakijan on itse m\u00e4\u00e4r\u00e4tt\u00e4v\u00e4 kaikki merkkijonot, joita haetaan. Hakusana voi olla my\u00f6s l\u00e4ht\u00f6kohta, jonka avulla j\u00e4rjestelm\u00e4 l\u00f6yt\u00e4\u00e4 sanasta erilaisia taivutusmuotoja ja johdannaisia. Varsinaisesti j\u00e4rjestelm\u00e4 ei kuitenkaan&nbsp; ymm\u00e4rr\u00e4 eik\u00e4 hae k\u00e4sitteit\u00e4 tai merkityksi\u00e4 (hs.fi:fingerpori). T\u00e4m\u00e4 tuo tulokseen [&hellip;]<\/p>\n","protected":false},"author":127,"featured_media":0,"parent":0,"menu_order":0,"comment_status":"closed","ping_status":"closed","template":"","meta":{"_acf_changed":false,"footnotes":""},"class_list":["post-123","page","type-page","status-publish","hentry"],"acf":[],"yoast_head":"<!-- This site is optimized with the Yoast SEO plugin v27.1.1 - https:\/\/yoast.com\/product\/yoast-seo-wordpress\/ -->\n<title>Sanojen keksiminen - Yhteiskuntatieteen tiedonhaku \/ UEF kirjasto<\/title>\n<meta name=\"robots\" content=\"index, follow, max-snippet:-1, max-image-preview:large, max-video-preview:-1\" \/>\n<link rel=\"canonical\" href=\"https:\/\/blogs.uef.fi\/tiedonhaku-yhteiskuntatiede\/sanojen-keksiminen\/\" \/>\n<meta property=\"og:locale\" content=\"fi_FI\" \/>\n<meta property=\"og:type\" content=\"article\" \/>\n<meta property=\"og:title\" content=\"Sanojen keksiminen - Yhteiskuntatieteen tiedonhaku \/ UEF kirjasto\" \/>\n<meta property=\"og:description\" content=\"Tiedonhakijan pit\u00e4\u00e4 k\u00e4\u00e4nt\u00e4\u00e4 omat ajatuksensa, k\u00e4sitteet, kielellisiksi ilmauksiksi ja sit\u00e4 kautta hakusanoiksi. Hakuj\u00e4rjestelm\u00e4ss\u00e4 hakusana voi toimia kuten yksinkertainen merkkijono. Tiedonhakijan on itse m\u00e4\u00e4r\u00e4tt\u00e4v\u00e4 kaikki merkkijonot, joita haetaan. Hakusana voi olla my\u00f6s l\u00e4ht\u00f6kohta, jonka avulla j\u00e4rjestelm\u00e4 l\u00f6yt\u00e4\u00e4 sanasta erilaisia taivutusmuotoja ja johdannaisia. Varsinaisesti j\u00e4rjestelm\u00e4 ei kuitenkaan&nbsp; ymm\u00e4rr\u00e4 eik\u00e4 hae k\u00e4sitteit\u00e4 tai merkityksi\u00e4 (hs.fi:fingerpori). T\u00e4m\u00e4 tuo tulokseen [&hellip;]\" \/>\n<meta property=\"og:url\" content=\"https:\/\/blogs.uef.fi\/tiedonhaku-yhteiskuntatiede\/sanojen-keksiminen\/\" \/>\n<meta property=\"og:site_name\" content=\"Yhteiskuntatieteen tiedonhaku \/ UEF kirjasto\" \/>\n<meta property=\"article:modified_time\" content=\"2023-08-23T07:22:04+00:00\" \/>\n<meta property=\"og:image\" content=\"https:\/\/blogs.uef.fi\/tiedonhaku-yhteiskuntatiede\/wp-content\/uploads\/sites\/57\/2015\/12\/lyhenne.jpg\" \/>\n<meta name=\"twitter:card\" content=\"summary_large_image\" \/>\n<meta name=\"twitter:label1\" content=\"Arvioitu lukuaika\" \/>\n\t<meta name=\"twitter:data1\" content=\"4 minuuttia\" \/>\n<script type=\"application\/ld+json\" class=\"yoast-schema-graph\">{\"@context\":\"https:\/\/schema.org\",\"@graph\":[{\"@type\":\"WebPage\",\"@id\":\"https:\/\/blogs.uef.fi\/tiedonhaku-yhteiskuntatiede\/sanojen-keksiminen\/\",\"url\":\"https:\/\/blogs.uef.fi\/tiedonhaku-yhteiskuntatiede\/sanojen-keksiminen\/\",\"name\":\"Sanojen keksiminen - Yhteiskuntatieteen tiedonhaku \/ UEF kirjasto\",\"isPartOf\":{\"@id\":\"https:\/\/blogs.uef.fi\/tiedonhaku-yhteiskuntatiede\/#website\"},\"primaryImageOfPage\":{\"@id\":\"https:\/\/blogs.uef.fi\/tiedonhaku-yhteiskuntatiede\/sanojen-keksiminen\/#primaryimage\"},\"image\":{\"@id\":\"https:\/\/blogs.uef.fi\/tiedonhaku-yhteiskuntatiede\/sanojen-keksiminen\/#primaryimage\"},\"thumbnailUrl\":\"https:\/\/blogs.uef.fi\/tiedonhaku-yhteiskuntatiede\/wp-content\/uploads\/sites\/57\/2015\/12\/lyhenne.jpg\",\"datePublished\":\"2015-11-26T07:04:07+00:00\",\"dateModified\":\"2023-08-23T07:22:04+00:00\",\"breadcrumb\":{\"@id\":\"https:\/\/blogs.uef.fi\/tiedonhaku-yhteiskuntatiede\/sanojen-keksiminen\/#breadcrumb\"},\"inLanguage\":\"fi\",\"potentialAction\":[{\"@type\":\"ReadAction\",\"target\":[\"https:\/\/blogs.uef.fi\/tiedonhaku-yhteiskuntatiede\/sanojen-keksiminen\/\"]}]},{\"@type\":\"ImageObject\",\"inLanguage\":\"fi\",\"@id\":\"https:\/\/blogs.uef.fi\/tiedonhaku-yhteiskuntatiede\/sanojen-keksiminen\/#primaryimage\",\"url\":\"https:\/\/blogs.uef.fi\/tiedonhaku-yhteiskuntatiede\/wp-content\/uploads\/sites\/57\/2015\/12\/lyhenne.jpg\",\"contentUrl\":\"https:\/\/blogs.uef.fi\/tiedonhaku-yhteiskuntatiede\/wp-content\/uploads\/sites\/57\/2015\/12\/lyhenne.jpg\",\"width\":425,\"height\":96},{\"@type\":\"BreadcrumbList\",\"@id\":\"https:\/\/blogs.uef.fi\/tiedonhaku-yhteiskuntatiede\/sanojen-keksiminen\/#breadcrumb\",\"itemListElement\":[{\"@type\":\"ListItem\",\"position\":1,\"name\":\"Home\",\"item\":\"https:\/\/blogs.uef.fi\/tiedonhaku-yhteiskuntatiede\/\"},{\"@type\":\"ListItem\",\"position\":2,\"name\":\"Sanojen keksiminen\"}]},{\"@type\":\"WebSite\",\"@id\":\"https:\/\/blogs.uef.fi\/tiedonhaku-yhteiskuntatiede\/#website\",\"url\":\"https:\/\/blogs.uef.fi\/tiedonhaku-yhteiskuntatiede\/\",\"name\":\"Yhteiskuntatieteen tiedonhaku \/ UEF kirjasto\",\"description\":\"\",\"potentialAction\":[{\"@type\":\"SearchAction\",\"target\":{\"@type\":\"EntryPoint\",\"urlTemplate\":\"https:\/\/blogs.uef.fi\/tiedonhaku-yhteiskuntatiede\/?s={search_term_string}\"},\"query-input\":{\"@type\":\"PropertyValueSpecification\",\"valueRequired\":true,\"valueName\":\"search_term_string\"}}],\"inLanguage\":\"fi\"}]}<\/script>\n<!-- \/ Yoast SEO plugin. -->","yoast_head_json":{"title":"Sanojen keksiminen - Yhteiskuntatieteen tiedonhaku \/ UEF kirjasto","robots":{"index":"index","follow":"follow","max-snippet":"max-snippet:-1","max-image-preview":"max-image-preview:large","max-video-preview":"max-video-preview:-1"},"canonical":"https:\/\/blogs.uef.fi\/tiedonhaku-yhteiskuntatiede\/sanojen-keksiminen\/","og_locale":"fi_FI","og_type":"article","og_title":"Sanojen keksiminen - Yhteiskuntatieteen tiedonhaku \/ UEF kirjasto","og_description":"Tiedonhakijan pit\u00e4\u00e4 k\u00e4\u00e4nt\u00e4\u00e4 omat ajatuksensa, k\u00e4sitteet, kielellisiksi ilmauksiksi ja sit\u00e4 kautta hakusanoiksi. Hakuj\u00e4rjestelm\u00e4ss\u00e4 hakusana voi toimia kuten yksinkertainen merkkijono. Tiedonhakijan on itse m\u00e4\u00e4r\u00e4tt\u00e4v\u00e4 kaikki merkkijonot, joita haetaan. Hakusana voi olla my\u00f6s l\u00e4ht\u00f6kohta, jonka avulla j\u00e4rjestelm\u00e4 l\u00f6yt\u00e4\u00e4 sanasta erilaisia taivutusmuotoja ja johdannaisia. Varsinaisesti j\u00e4rjestelm\u00e4 ei kuitenkaan&nbsp; ymm\u00e4rr\u00e4 eik\u00e4 hae k\u00e4sitteit\u00e4 tai merkityksi\u00e4 (hs.fi:fingerpori). T\u00e4m\u00e4 tuo tulokseen [&hellip;]","og_url":"https:\/\/blogs.uef.fi\/tiedonhaku-yhteiskuntatiede\/sanojen-keksiminen\/","og_site_name":"Yhteiskuntatieteen tiedonhaku \/ UEF kirjasto","article_modified_time":"2023-08-23T07:22:04+00:00","og_image":[{"url":"https:\/\/blogs.uef.fi\/tiedonhaku-yhteiskuntatiede\/wp-content\/uploads\/sites\/57\/2015\/12\/lyhenne.jpg","type":"","width":"","height":""}],"twitter_card":"summary_large_image","twitter_misc":{"Arvioitu lukuaika":"4 minuuttia"},"schema":{"@context":"https:\/\/schema.org","@graph":[{"@type":"WebPage","@id":"https:\/\/blogs.uef.fi\/tiedonhaku-yhteiskuntatiede\/sanojen-keksiminen\/","url":"https:\/\/blogs.uef.fi\/tiedonhaku-yhteiskuntatiede\/sanojen-keksiminen\/","name":"Sanojen keksiminen - Yhteiskuntatieteen tiedonhaku \/ UEF kirjasto","isPartOf":{"@id":"https:\/\/blogs.uef.fi\/tiedonhaku-yhteiskuntatiede\/#website"},"primaryImageOfPage":{"@id":"https:\/\/blogs.uef.fi\/tiedonhaku-yhteiskuntatiede\/sanojen-keksiminen\/#primaryimage"},"image":{"@id":"https:\/\/blogs.uef.fi\/tiedonhaku-yhteiskuntatiede\/sanojen-keksiminen\/#primaryimage"},"thumbnailUrl":"https:\/\/blogs.uef.fi\/tiedonhaku-yhteiskuntatiede\/wp-content\/uploads\/sites\/57\/2015\/12\/lyhenne.jpg","datePublished":"2015-11-26T07:04:07+00:00","dateModified":"2023-08-23T07:22:04+00:00","breadcrumb":{"@id":"https:\/\/blogs.uef.fi\/tiedonhaku-yhteiskuntatiede\/sanojen-keksiminen\/#breadcrumb"},"inLanguage":"fi","potentialAction":[{"@type":"ReadAction","target":["https:\/\/blogs.uef.fi\/tiedonhaku-yhteiskuntatiede\/sanojen-keksiminen\/"]}]},{"@type":"ImageObject","inLanguage":"fi","@id":"https:\/\/blogs.uef.fi\/tiedonhaku-yhteiskuntatiede\/sanojen-keksiminen\/#primaryimage","url":"https:\/\/blogs.uef.fi\/tiedonhaku-yhteiskuntatiede\/wp-content\/uploads\/sites\/57\/2015\/12\/lyhenne.jpg","contentUrl":"https:\/\/blogs.uef.fi\/tiedonhaku-yhteiskuntatiede\/wp-content\/uploads\/sites\/57\/2015\/12\/lyhenne.jpg","width":425,"height":96},{"@type":"BreadcrumbList","@id":"https:\/\/blogs.uef.fi\/tiedonhaku-yhteiskuntatiede\/sanojen-keksiminen\/#breadcrumb","itemListElement":[{"@type":"ListItem","position":1,"name":"Home","item":"https:\/\/blogs.uef.fi\/tiedonhaku-yhteiskuntatiede\/"},{"@type":"ListItem","position":2,"name":"Sanojen keksiminen"}]},{"@type":"WebSite","@id":"https:\/\/blogs.uef.fi\/tiedonhaku-yhteiskuntatiede\/#website","url":"https:\/\/blogs.uef.fi\/tiedonhaku-yhteiskuntatiede\/","name":"Yhteiskuntatieteen tiedonhaku \/ UEF kirjasto","description":"","potentialAction":[{"@type":"SearchAction","target":{"@type":"EntryPoint","urlTemplate":"https:\/\/blogs.uef.fi\/tiedonhaku-yhteiskuntatiede\/?s={search_term_string}"},"query-input":{"@type":"PropertyValueSpecification","valueRequired":true,"valueName":"search_term_string"}}],"inLanguage":"fi"}]}},"_links":{"self":[{"href":"https:\/\/blogs.uef.fi\/tiedonhaku-yhteiskuntatiede\/wp-json\/wp\/v2\/pages\/123","targetHints":{"allow":["GET"]}}],"collection":[{"href":"https:\/\/blogs.uef.fi\/tiedonhaku-yhteiskuntatiede\/wp-json\/wp\/v2\/pages"}],"about":[{"href":"https:\/\/blogs.uef.fi\/tiedonhaku-yhteiskuntatiede\/wp-json\/wp\/v2\/types\/page"}],"author":[{"embeddable":true,"href":"https:\/\/blogs.uef.fi\/tiedonhaku-yhteiskuntatiede\/wp-json\/wp\/v2\/users\/127"}],"replies":[{"embeddable":true,"href":"https:\/\/blogs.uef.fi\/tiedonhaku-yhteiskuntatiede\/wp-json\/wp\/v2\/comments?post=123"}],"version-history":[{"count":2,"href":"https:\/\/blogs.uef.fi\/tiedonhaku-yhteiskuntatiede\/wp-json\/wp\/v2\/pages\/123\/revisions"}],"predecessor-version":[{"id":1904,"href":"https:\/\/blogs.uef.fi\/tiedonhaku-yhteiskuntatiede\/wp-json\/wp\/v2\/pages\/123\/revisions\/1904"}],"wp:attachment":[{"href":"https:\/\/blogs.uef.fi\/tiedonhaku-yhteiskuntatiede\/wp-json\/wp\/v2\/media?parent=123"}],"curies":[{"name":"wp","href":"https:\/\/api.w.org\/{rel}","templated":true}]}}