{"id":114,"date":"2015-11-26T07:00:31","date_gmt":"2015-11-26T07:00:31","guid":{"rendered":"https:\/\/ueflibrarysoc.wordpress.com\/?page_id=114"},"modified":"2023-08-23T10:19:43","modified_gmt":"2023-08-23T07:19:43","slug":"hakuaihe","status":"publish","type":"page","link":"https:\/\/blogs.uef.fi\/tiedonhaku-yhteiskuntatiede\/hakuaihe\/","title":{"rendered":"Hakuaihe"},"content":{"rendered":"\n<h3 class=\"wp-block-heading\">K\u00c4SITTEET JA HAKUONGELMAT: MIT\u00c4 TIETOA TARVITSET<\/h3>\n\n\n\n<p>Omaan aiheeseen sopivien hakusanojen l\u00f6yt\u00e4miseksi pit\u00e4\u00e4 ensiksi tunnistaa oma hakuongelma ja sen keskeiset k\u00e4sitteet. K\u00e4sitteist\u00e4 johdetaan sitten hakusanat.<br><strong>K\u00e4sitteiden<\/strong> m\u00e4\u00e4rittely on olennaista sek\u00e4 tiedonhaun ett\u00e4 koko tutkimusprosessin ja kirjoittamisen kannalta.<br><strong>Hakuongelma<\/strong> on se kysymys\/joukko kysymyksi\u00e4, johon etsit vastausta tieteellisist\u00e4 julkaisuista, kirjallisuudesta.<\/p>\n\n\n\n<h2 class=\"wp-block-heading\">K\u00c4SITTEET<\/h2>\n\n\n\n<p>K\u00e4sitteiden avulla <strong>j\u00e4sennet\u00e4\u00e4n ja luokitellaan<\/strong> maailmaa. K\u00e4site on <strong>yksitt\u00e4inen<\/strong> olio tai asia, kuten ilmi\u00f6, teko, esine, tapahtuma. <strong>K\u00e4sitehierarkian<\/strong> avulla esitet\u00e4\u00e4n k\u00e4sitteiden suhteet toisiin k\u00e4sitteisiin.<\/p>\n\n\n\n<p>K\u00e4sitteit\u00e4 voi olla <strong>yksi tai useampia<\/strong>. Hakuaiheesta riippuen voi erottaa <strong>keskeiset<\/strong> <strong>k\u00e4sitteet<\/strong> sek\u00e4 niit\u00e4 <strong>t\u00e4ydent\u00e4v\u00e4t<\/strong> <strong>apuk\u00e4sitteet<\/strong>. Vaikka l\u00e4hdett\u00e4isiin liikkeelle vain yhdest\u00e4 perusk\u00e4sitteest\u00e4, eteen voi tulla n\u00e4k\u00f6kohtia, jotka pakottavat lis\u00e4\u00e4m\u00e4\u00e4n hakuun muitakin k\u00e4sitteit\u00e4.<\/p>\n\n\n\n<p>K\u00e4sitteet kannattaa m\u00e4\u00e4ritell\u00e4 aluksi hyvin <strong>pelkistettyin\u00e4. <\/strong>T\u00e4ll\u00f6in niiden yhdistely ja monipuolinen k\u00e4ytt\u00f6 ovat hakuvaiheessa helpommin hallittavissa.<\/p>\n\n\n\n<p><strong>Tiedonhaussa<\/strong> m\u00e4\u00e4ritell\u00e4\u00e4n kunkin hakuongelman kohdalla erikseen kuinka k\u00e4sitteet suhteutuvat toisiinsa.<\/p>\n\n\n\n<ul class=\"wp-block-list\">\n<li><strong>Riippuvuussuhteessa<\/strong> jokin k\u00e4site vaikuttaa jollain tavoin toiseen k\u00e4sitteeseen tai on siit\u00e4 riippuvainen. Tiedonhaussa rajataan hakua n\u00e4iden k\u00e4sitteiden avulla.<\/li>\n\n\n\n<li><strong>Rinnasteiset suhtee<\/strong>t ovat \u201cjokin n\u00e4ist\u00e4\u201d -suhteita, usein n\u00e4ille voidaan m\u00e4\u00e4ritt\u00e4\u00e4 jokin yl\u00e4k\u00e4site, joka jakaantuu erilaisiin alak\u00e4sitteisiin.<\/li>\n<\/ul>\n\n\n\n<p><strong>ESIMERKKI<\/strong><\/p>\n\n\n\n<p>Otsikko: <em>L\u00e4hi\u00f6iden suunnttelun ihanteet ja p\u00e4\u00e4m\u00e4\u00e4r\u00e4 1960-luvun Suomessa<\/em><br>Keskeiset k\u00e4sitteet: <em>l\u00e4hi\u00f6, suunnittelu, ihanne, p\u00e4\u00e4m\u00e4\u00e4r\u00e4<\/em><br>Suhteet: <em>Ihanne<\/em> ja <em>p\u00e4\u00e4m\u00e4\u00e4r\u00e4<\/em> voidaan molemmat ajatella yl\u00e4k\u00e4sitteen \u2018<em>haluttu lopputulos<\/em>\u2019 alle. Ne ovat siis rinnasteisia suhteita, jotka yhdess\u00e4 suunnittelun kanssa rajaavat l\u00e4hi\u00f6n laajaa k\u00e4sitett\u00e4 \u2013 n\u00e4iden v\u00e4lill\u00e4 siis riippuvuussuhteet.<\/p>\n\n\n\n<h2 class=\"wp-block-heading\">KOKOA, RAJAA, YHDISTELE, VERTAILE<\/h2>\n\n\n\n<p>Kun kyse on tutkimuksen (opinn\u00e4ytteen) tekemisest\u00e4, on n\u00e4ht\u00e4v\u00e4, <strong>millaisia eri tietoja tutkimuksessa voisi k\u00e4ytt\u00e4\u00e4<\/strong> hyv\u00e4ksi. Millaiset palaset olisivat hy\u00f6dyllisi\u00e4 kokonaisuuden kannalta? <strong>Eri l\u00e4hteist\u00e4 tulevan tiedon yhdistely ja vertailu on osa tutkimusta.<\/strong><\/p>\n\n\n\n<p>Tietoa tarvitaan <strong>aiheen keskeisist\u00e4 k\u00e4sitteist\u00e4<\/strong>: k\u00e4ytetyt k\u00e4sitteet on my\u00f6s pystytt\u00e4v\u00e4 tutkimuksessa m\u00e4\u00e4rittelem\u00e4\u00e4n yksiselitteisesti.<\/p>\n\n\n\n<p>Hakuk\u00e4sitteit\u00e4 voi olla yksi tai useampi. Aiheesta riippuen osa voidaan m\u00e4\u00e4ritt\u00e4\u00e4 keskeisiksi ja osa t\u00e4ydent\u00e4viksi k\u00e4sitteiksi. <strong>Keskeiset k\u00e4sitteet ovat asian ydin, olennaisimmat ilmi\u00f6t<\/strong>; t\u00e4ydent\u00e4vill\u00e4 k\u00e4sitteill\u00e4 voidaan rajata ja m\u00e4\u00e4ritell\u00e4 hakuongelmaa tarkemmin.<\/p>\n\n\n\n<p>Aihetta j\u00e4sent\u00e4m\u00e4ll\u00e4 ja tutkimusongelmaa tarkentamalla hahmottuu oma ymm\u00e4rrys siit\u00e4, mit\u00e4 omalla tutkimuksella halutaan osoittaa ja mit\u00e4 asioita halutaan tiet\u00e4\u00e4.<br><strong>Mit\u00e4 tarkemmin pystyt rajaamaan aiheesi, sit\u00e4 helpompaa on tiedonhaku.<\/strong> Laajat, j\u00e4sentym\u00e4tt\u00f6m\u00e4t aiheet ovat hankalia haettavia.<\/p>\n\n\n\n<p>Seuraavien seikkojen pohtiminen helpottaa aiheen m\u00e4\u00e4rittely\u00e4, j\u00e4sentely\u00e4 ja rajaamista:<\/p>\n\n\n\n<ul class=\"wp-block-list\">\n<li>Mik\u00e4 on aiheeni\/teht\u00e4v\u00e4n otsikko?<\/li>\n\n\n\n<li>Mik\u00e4 on aiheen kannalta oleellista tai t\u00e4rke\u00e4\u00e4?<\/li>\n\n\n\n<li>Mihin laajempaan viitekehykseen aihe kuuluu?<\/li>\n\n\n\n<li>Mit\u00e4 suppeampia asiakokonaisuuksia aihe pit\u00e4\u00e4 sis\u00e4ll\u00e4\u00e4n?<\/li>\n\n\n\n<li>Millaisesta n\u00e4k\u00f6kulmasta aihetta tarkastellaan:\n<ul class=\"wp-block-list\">\n<li>Kuka? (tekee, toimii, vaikuttaa taustalla)<\/li>\n\n\n\n<li>Kenelle? (toiminnan kohderyhm\u00e4, kehen vaikuttaa, kenelle on t\u00e4rke\u00e4) \u2013 henkil\u00f6t, ryhm\u00e4t, organisaatiot<\/li>\n\n\n\n<li>Miksi? (tarve, pakko, seuraus jostakin, mist\u00e4?)<\/li>\n\n\n\n<li>Miten? (menetelm\u00e4, tarkastelutapa: esim. teoreettinen\/soveltava )<\/li>\n\n\n\n<li>Miss\u00e4? (maa, maanosa jne.)<\/li>\n\n\n\n<li>Milloin? (ennen, nyt, tulevaisuudessa)<\/li>\n<\/ul>\n<\/li>\n<\/ul>\n\n\n\n<p>Tutkimukseen tarvitaan aina taustatietoja aiheesta my\u00f6s <strong>laajemmassa kontekstissa<\/strong>: mihin asiayhteyteen tai aihekokonaisuuteen aihe liittyy ja millaisia tutkimusongelmia aiheen piiriss\u00e4 on aikaisemmin k\u00e4sitelty. On t\u00e4rke\u00e4\u00e4 selvitt\u00e4\u00e4 my\u00f6s, mit\u00e4 aiheesta ei viel\u00e4 tiedet\u00e4.<\/p>\n\n\n\n<p>Tietoa voi joutua hakemaan my\u00f6s <strong>tutkimusmenetelmist\u00e4, tilastomenetelmist\u00e4, aineiston k\u00e4sittelyst\u00e4<\/strong> ym.<\/p>\n\n\n\n<h2 class=\"wp-block-heading\">Esimerkki<\/h2>\n\n\n\n<p>Etsit\u00e4\u00e4n taustatietoja tutkimukseen, jossa on kyselytutkimuksen avulla tarkoitus selvitt\u00e4\u00e4, millainen on er\u00e4maa kaupunkilaisnuorten kokemuksissa ja mielikuvissa.<br>Tiedonhakuaiheita:<\/p>\n\n\n\n<p>\u2013 onko juuri t\u00e4t\u00e4 aihetta, t\u00e4st\u00e4 n\u00e4k\u00f6kulmasta aiemmin tutkittu<br>\u2013 mik\u00e4 on er\u00e4maa, miten eri tavoin sen voi m\u00e4\u00e4ritell\u00e4 (luonnontieteellinen \/ kulttuurinen \/ yksil\u00f6iden m\u00e4\u00e4ritelm\u00e4)<br>\u2013 ymp\u00e4rist\u00f6n kokemisen psykologiaa<br>\u2013 ihminen-luonto -suhde<br>\u2013 kuinka usein ja ketk\u00e4 er\u00e4maassa retkeilev\u00e4t\/liikkuvat ylip\u00e4\u00e4ns\u00e4<br>\u2013 millaisia ovat ne nuoret, jotka retkeilev\u00e4t; millaisia ne, joilla ei ole omaa kokemusta er\u00e4maasta<br>\u2013 tietoa tutkimusmenetelmist\u00e4<br>\u2013 tilastoja<\/p>\n\n\n\n<p><\/p>\n\n\n<p><\/p>","protected":false},"excerpt":{"rendered":"<p>K\u00c4SITTEET JA HAKUONGELMAT: MIT\u00c4 TIETOA TARVITSET Omaan aiheeseen sopivien hakusanojen l\u00f6yt\u00e4miseksi pit\u00e4\u00e4 ensiksi tunnistaa oma hakuongelma ja sen keskeiset k\u00e4sitteet. K\u00e4sitteist\u00e4 johdetaan sitten hakusanat.K\u00e4sitteiden m\u00e4\u00e4rittely on olennaista sek\u00e4 tiedonhaun ett\u00e4 koko tutkimusprosessin ja kirjoittamisen kannalta.Hakuongelma on se kysymys\/joukko kysymyksi\u00e4, johon etsit vastausta tieteellisist\u00e4 julkaisuista, kirjallisuudesta. K\u00c4SITTEET K\u00e4sitteiden avulla j\u00e4sennet\u00e4\u00e4n ja luokitellaan maailmaa. K\u00e4site on yksitt\u00e4inen [&hellip;]<\/p>\n","protected":false},"author":127,"featured_media":0,"parent":0,"menu_order":0,"comment_status":"closed","ping_status":"closed","template":"","meta":{"_acf_changed":false,"footnotes":""},"class_list":["post-114","page","type-page","status-publish","hentry"],"acf":[],"yoast_head":"<!-- This site is optimized with the Yoast SEO plugin v27.3 - https:\/\/yoast.com\/product\/yoast-seo-wordpress\/ -->\n<title>Hakuaihe - Yhteiskuntatieteen tiedonhaku \/ UEF kirjasto<\/title>\n<meta name=\"robots\" content=\"index, follow, max-snippet:-1, max-image-preview:large, max-video-preview:-1\" \/>\n<link rel=\"canonical\" href=\"https:\/\/blogs.uef.fi\/tiedonhaku-yhteiskuntatiede\/hakuaihe\/\" \/>\n<meta property=\"og:locale\" content=\"fi_FI\" \/>\n<meta property=\"og:type\" content=\"article\" \/>\n<meta property=\"og:title\" content=\"Hakuaihe - Yhteiskuntatieteen tiedonhaku \/ UEF kirjasto\" \/>\n<meta property=\"og:description\" content=\"K\u00c4SITTEET JA HAKUONGELMAT: MIT\u00c4 TIETOA TARVITSET Omaan aiheeseen sopivien hakusanojen l\u00f6yt\u00e4miseksi pit\u00e4\u00e4 ensiksi tunnistaa oma hakuongelma ja sen keskeiset k\u00e4sitteet. K\u00e4sitteist\u00e4 johdetaan sitten hakusanat.K\u00e4sitteiden m\u00e4\u00e4rittely on olennaista sek\u00e4 tiedonhaun ett\u00e4 koko tutkimusprosessin ja kirjoittamisen kannalta.Hakuongelma on se kysymys\/joukko kysymyksi\u00e4, johon etsit vastausta tieteellisist\u00e4 julkaisuista, kirjallisuudesta. K\u00c4SITTEET K\u00e4sitteiden avulla j\u00e4sennet\u00e4\u00e4n ja luokitellaan maailmaa. K\u00e4site on yksitt\u00e4inen [&hellip;]\" \/>\n<meta property=\"og:url\" content=\"https:\/\/blogs.uef.fi\/tiedonhaku-yhteiskuntatiede\/hakuaihe\/\" \/>\n<meta property=\"og:site_name\" content=\"Yhteiskuntatieteen tiedonhaku \/ UEF kirjasto\" \/>\n<meta property=\"article:modified_time\" content=\"2023-08-23T07:19:43+00:00\" \/>\n<meta name=\"twitter:card\" content=\"summary_large_image\" \/>\n<meta name=\"twitter:label1\" content=\"Arvioitu lukuaika\" \/>\n\t<meta name=\"twitter:data1\" content=\"4 minuuttia\" \/>\n<script type=\"application\/ld+json\" class=\"yoast-schema-graph\">{\"@context\":\"https:\\\/\\\/schema.org\",\"@graph\":[{\"@type\":\"WebPage\",\"@id\":\"https:\\\/\\\/blogs.uef.fi\\\/tiedonhaku-yhteiskuntatiede\\\/hakuaihe\\\/\",\"url\":\"https:\\\/\\\/blogs.uef.fi\\\/tiedonhaku-yhteiskuntatiede\\\/hakuaihe\\\/\",\"name\":\"Hakuaihe - Yhteiskuntatieteen tiedonhaku \\\/ UEF kirjasto\",\"isPartOf\":{\"@id\":\"https:\\\/\\\/blogs.uef.fi\\\/tiedonhaku-yhteiskuntatiede\\\/#website\"},\"datePublished\":\"2015-11-26T07:00:31+00:00\",\"dateModified\":\"2023-08-23T07:19:43+00:00\",\"breadcrumb\":{\"@id\":\"https:\\\/\\\/blogs.uef.fi\\\/tiedonhaku-yhteiskuntatiede\\\/hakuaihe\\\/#breadcrumb\"},\"inLanguage\":\"fi\",\"potentialAction\":[{\"@type\":\"ReadAction\",\"target\":[\"https:\\\/\\\/blogs.uef.fi\\\/tiedonhaku-yhteiskuntatiede\\\/hakuaihe\\\/\"]}]},{\"@type\":\"BreadcrumbList\",\"@id\":\"https:\\\/\\\/blogs.uef.fi\\\/tiedonhaku-yhteiskuntatiede\\\/hakuaihe\\\/#breadcrumb\",\"itemListElement\":[{\"@type\":\"ListItem\",\"position\":1,\"name\":\"Home\",\"item\":\"https:\\\/\\\/blogs.uef.fi\\\/tiedonhaku-yhteiskuntatiede\\\/\"},{\"@type\":\"ListItem\",\"position\":2,\"name\":\"Hakuaihe\"}]},{\"@type\":\"WebSite\",\"@id\":\"https:\\\/\\\/blogs.uef.fi\\\/tiedonhaku-yhteiskuntatiede\\\/#website\",\"url\":\"https:\\\/\\\/blogs.uef.fi\\\/tiedonhaku-yhteiskuntatiede\\\/\",\"name\":\"Yhteiskuntatieteen tiedonhaku \\\/ UEF kirjasto\",\"description\":\"\",\"potentialAction\":[{\"@type\":\"SearchAction\",\"target\":{\"@type\":\"EntryPoint\",\"urlTemplate\":\"https:\\\/\\\/blogs.uef.fi\\\/tiedonhaku-yhteiskuntatiede\\\/?s={search_term_string}\"},\"query-input\":{\"@type\":\"PropertyValueSpecification\",\"valueRequired\":true,\"valueName\":\"search_term_string\"}}],\"inLanguage\":\"fi\"}]}<\/script>\n<!-- \/ Yoast SEO plugin. -->","yoast_head_json":{"title":"Hakuaihe - Yhteiskuntatieteen tiedonhaku \/ UEF kirjasto","robots":{"index":"index","follow":"follow","max-snippet":"max-snippet:-1","max-image-preview":"max-image-preview:large","max-video-preview":"max-video-preview:-1"},"canonical":"https:\/\/blogs.uef.fi\/tiedonhaku-yhteiskuntatiede\/hakuaihe\/","og_locale":"fi_FI","og_type":"article","og_title":"Hakuaihe - Yhteiskuntatieteen tiedonhaku \/ UEF kirjasto","og_description":"K\u00c4SITTEET JA HAKUONGELMAT: MIT\u00c4 TIETOA TARVITSET Omaan aiheeseen sopivien hakusanojen l\u00f6yt\u00e4miseksi pit\u00e4\u00e4 ensiksi tunnistaa oma hakuongelma ja sen keskeiset k\u00e4sitteet. K\u00e4sitteist\u00e4 johdetaan sitten hakusanat.K\u00e4sitteiden m\u00e4\u00e4rittely on olennaista sek\u00e4 tiedonhaun ett\u00e4 koko tutkimusprosessin ja kirjoittamisen kannalta.Hakuongelma on se kysymys\/joukko kysymyksi\u00e4, johon etsit vastausta tieteellisist\u00e4 julkaisuista, kirjallisuudesta. K\u00c4SITTEET K\u00e4sitteiden avulla j\u00e4sennet\u00e4\u00e4n ja luokitellaan maailmaa. K\u00e4site on yksitt\u00e4inen [&hellip;]","og_url":"https:\/\/blogs.uef.fi\/tiedonhaku-yhteiskuntatiede\/hakuaihe\/","og_site_name":"Yhteiskuntatieteen tiedonhaku \/ UEF kirjasto","article_modified_time":"2023-08-23T07:19:43+00:00","twitter_card":"summary_large_image","twitter_misc":{"Arvioitu lukuaika":"4 minuuttia"},"schema":{"@context":"https:\/\/schema.org","@graph":[{"@type":"WebPage","@id":"https:\/\/blogs.uef.fi\/tiedonhaku-yhteiskuntatiede\/hakuaihe\/","url":"https:\/\/blogs.uef.fi\/tiedonhaku-yhteiskuntatiede\/hakuaihe\/","name":"Hakuaihe - Yhteiskuntatieteen tiedonhaku \/ UEF kirjasto","isPartOf":{"@id":"https:\/\/blogs.uef.fi\/tiedonhaku-yhteiskuntatiede\/#website"},"datePublished":"2015-11-26T07:00:31+00:00","dateModified":"2023-08-23T07:19:43+00:00","breadcrumb":{"@id":"https:\/\/blogs.uef.fi\/tiedonhaku-yhteiskuntatiede\/hakuaihe\/#breadcrumb"},"inLanguage":"fi","potentialAction":[{"@type":"ReadAction","target":["https:\/\/blogs.uef.fi\/tiedonhaku-yhteiskuntatiede\/hakuaihe\/"]}]},{"@type":"BreadcrumbList","@id":"https:\/\/blogs.uef.fi\/tiedonhaku-yhteiskuntatiede\/hakuaihe\/#breadcrumb","itemListElement":[{"@type":"ListItem","position":1,"name":"Home","item":"https:\/\/blogs.uef.fi\/tiedonhaku-yhteiskuntatiede\/"},{"@type":"ListItem","position":2,"name":"Hakuaihe"}]},{"@type":"WebSite","@id":"https:\/\/blogs.uef.fi\/tiedonhaku-yhteiskuntatiede\/#website","url":"https:\/\/blogs.uef.fi\/tiedonhaku-yhteiskuntatiede\/","name":"Yhteiskuntatieteen tiedonhaku \/ UEF kirjasto","description":"","potentialAction":[{"@type":"SearchAction","target":{"@type":"EntryPoint","urlTemplate":"https:\/\/blogs.uef.fi\/tiedonhaku-yhteiskuntatiede\/?s={search_term_string}"},"query-input":{"@type":"PropertyValueSpecification","valueRequired":true,"valueName":"search_term_string"}}],"inLanguage":"fi"}]}},"_links":{"self":[{"href":"https:\/\/blogs.uef.fi\/tiedonhaku-yhteiskuntatiede\/wp-json\/wp\/v2\/pages\/114","targetHints":{"allow":["GET"]}}],"collection":[{"href":"https:\/\/blogs.uef.fi\/tiedonhaku-yhteiskuntatiede\/wp-json\/wp\/v2\/pages"}],"about":[{"href":"https:\/\/blogs.uef.fi\/tiedonhaku-yhteiskuntatiede\/wp-json\/wp\/v2\/types\/page"}],"author":[{"embeddable":true,"href":"https:\/\/blogs.uef.fi\/tiedonhaku-yhteiskuntatiede\/wp-json\/wp\/v2\/users\/127"}],"replies":[{"embeddable":true,"href":"https:\/\/blogs.uef.fi\/tiedonhaku-yhteiskuntatiede\/wp-json\/wp\/v2\/comments?post=114"}],"version-history":[{"count":2,"href":"https:\/\/blogs.uef.fi\/tiedonhaku-yhteiskuntatiede\/wp-json\/wp\/v2\/pages\/114\/revisions"}],"predecessor-version":[{"id":1898,"href":"https:\/\/blogs.uef.fi\/tiedonhaku-yhteiskuntatiede\/wp-json\/wp\/v2\/pages\/114\/revisions\/1898"}],"wp:attachment":[{"href":"https:\/\/blogs.uef.fi\/tiedonhaku-yhteiskuntatiede\/wp-json\/wp\/v2\/media?parent=114"}],"curies":[{"name":"wp","href":"https:\/\/api.w.org\/{rel}","templated":true}]}}