{"id":107,"date":"2015-11-26T06:55:52","date_gmt":"2015-11-26T06:55:52","guid":{"rendered":"https:\/\/ueflibrarysoc.wordpress.com\/?page_id=107"},"modified":"2023-08-15T12:59:29","modified_gmt":"2023-08-15T09:59:29","slug":"vertaisarviointi","status":"publish","type":"page","link":"https:\/\/blogs.uef.fi\/tiedonhaku-yhteiskuntatiede\/vertaisarviointi\/","title":{"rendered":"Vertaisarviointi"},"content":{"rendered":"\n<h2 class=\"wp-block-heading\">VERTAISARVIOINTI ON LAADUN TAE<\/h2>\n\n\n\n<p>Vertaisarvioinnissa varmistetaan <strong>ulkopuolisten asiantuntijoiden<\/strong> avulla, ett\u00e4 tutkimusartikkeli on kelvollinen julkaistavaksi. Asiantuntijat ovat alan tunnustettuja tutkijoita. Arvioijia on yleens\u00e4 ainakin kaksi. Artikkelin kirjoittaja ei saa tiet\u00e4\u00e4 heid\u00e4n henkil\u00f6llisyytt\u00e4\u00e4n. Englanniksi vertaisarviointiin viitataan termeill\u00e4<strong> peer-review<\/strong> tai <strong>refereed<\/strong><\/p>\n\n\n\n<p>Tieteenalan asiantuntijat eli refereet arvoivat tutkimuksen <strong>oikeellisuutta, merkitt\u00e4vyytt\u00e4 ja alkuper\u00e4isyytt\u00e4<\/strong>, ja antavat sen perusteella julkaisuluvan.<\/p>\n\n\n\n<p>Arviointiprosessissa tarkistetaan my\u00f6s, ett\u00e4 tekstin rakenne vastaa alan ja lehden tieteellisen kirjoittamisen k\u00e4yt\u00e4nt\u00f6j\u00e4.<\/p>\n\n\n\n<p>Arvioinnissa k\u00e4yd\u00e4\u00e4n l\u00e4pi tutkimuksesta seuraavia seikkoja (<a href=\"https:\/\/doi.org\/10.14214\/ma.6780\" target=\"_blank\" rel=\"noreferrer noopener\">Korpilahti Eeva, 2010<\/a>):<\/p>\n\n\n\n<ul class=\"wp-block-list\">\n<li>toistettavuus<\/li>\n\n\n\n<li>objektiivisuus<\/li>\n\n\n\n<li>koej\u00e4rjestelyn oikeellisuus<\/li>\n\n\n\n<li>aineiston edustavuus<\/li>\n\n\n\n<li>analyysimenetelm\u00e4n p\u00e4tevyys<\/li>\n\n\n\n<li>tulosten oikeellisuus ja johdonmukaisuus<\/li>\n\n\n\n<li>johtop\u00e4\u00e4t\u00f6sten loogisuus<\/li>\n\n\n\n<li>tulosten uutuusarvoArviointiprosessissa tarkistetaan my\u00f6s, ett\u00e4 tekstin rakenne vastaa alan ja lehden <strong>tieteellisen kirjoittamisen k\u00e4yt\u00e4nt\u00f6j\u00e4<\/strong>. On tavallista, ett\u00e4 k\u00e4sikirjoitukseen tehd\u00e4\u00e4n pieni\u00e4 <strong>muutoksia<\/strong> arvioijien ehdotusten mukaan.Vertaisarviointi ei ole t\u00e4ydellisen aukoton systeemi. Julkaistavaksi aiottujen k\u00e4sikirjoitusten m\u00e4\u00e4r\u00e4 on valtava ja aika ajoin puutteellinenkin artikkeli saattaa l\u00e4p\u00e4ist\u00e4 seulan.<strong>Vertaisarviointi viiv\u00e4stytt\u00e4\u00e4 julkaisemista useita kuukausia<\/strong>, jopa enemm\u00e4n. Siksi artikkeli saa erilaisia nimityksi\u00e4 arvioinnin ja julkaisuprosessin vaiheeseen liittyen:<ul><li>manuscript = preprint = k\u00e4sikirjoitus, jota ei viel\u00e4 arvioitu<\/li><li>final draft = artikkelin sis\u00e4lt\u00f6 on korjattu arvioinnin j\u00e4lkeen<\/li><li>article in press = artikkeli on arvioitu ja korjattu, ulkoasukin on lopullinen, mutta sit\u00e4 ei ole viel\u00e4 julkaistu<\/li><li>final published version = artikkeli on julkaistu lehdess\u00e4 ja sill\u00e4 on olemassa mm. sivunumerot tai muu tunniste<\/li><\/ul>Tieteellisten <strong>kirjallisuustietokantojen<\/strong> sis\u00e4lt\u00f6 \u2013 kokonaan tai suurimmalta osaltaan \u2013 on vertaisarvioitua materiaalia.<\/li>\n<\/ul>\n\n\n\n<h2 class=\"wp-block-heading\">MIST\u00c4 SAAT TIETOA VERTAISARVIOINNISTA?<\/h2>\n\n\n\n<h3 class=\"wp-block-heading\">Lehtiartikkeleiden vertaisarviointi<\/h3>\n\n\n\n<p>Tiedon vertaisarvioinnista voi tarkistaa:<\/p>\n\n\n\n<ul class=\"wp-block-list\">\n<li>lehden omalta (julkaisijan) kotisivulta \/ lehdest\u00e4 itsest\u00e4\u00e4n\n<ul class=\"wp-block-list\">\n<li>markkinoilla on tosin runsaasti huijarilehti\u00e4, joiden kotisivuilla annetaan v\u00e4\u00e4r\u00e4\u00e4 tai harhaanjohtavaa tietoa, ks. lis\u00e4\u00e4 luvussa Onko l\u00e4hde luotettava: saalistajalehdet<\/li>\n<\/ul>\n<\/li>\n\n\n\n<li>l\u00f6ytyyk\u00f6 lehti <a href=\"https:\/\/www.tsv.fi\/julkaisufoorumi\/haku.php\" target=\"_blank\" rel=\"noreferrer noopener\">Julkaisufoorumin<\/a> listalta<\/li>\n\n\n\n<li>onko lehdell\u00e4 <a href=\"https:\/\/fi.wikipedia.org\/wiki\/Vaikuttavuuskerroin\" target=\"_blank\" rel=\"noreferrer noopener\">Impact Factor<\/a> -tunnusluku; lue lis\u00e4\u00e4<a href=\"https:\/\/www.uef.fi\/fi\/kirjasto\/tutkimuksen-arviointi#accordion-7022\"> impaktifaktorista<\/a> kirjaston sivuilta\n<ul class=\"wp-block-list\">\n<li>kuitenkin osa oikeistakin tieteellisist\u00e4 lehdist\u00e4 j\u00e4\u00e4 t\u00e4m\u00e4n listan ulkopuolle<\/li>\n<\/ul>\n<\/li>\n\n\n\n<li>joissakin tietokannoissa mainitaan, onko lehti \u201dpeer reviewed\u201d tai \u201drefereed\u201d, tai<\/li>\n\n\n\n<li>hakua kirjallisuustietokannoissa voi rajata vain tieteellisiin lehtiin<\/li>\n<\/ul>\n\n\n\n<p>Kotimaisilla julkaisuilla on oma vertaisarvioinnista kertova tunnus, jonka my\u00f6nt\u00e4\u00e4 Tieteellisten seurain valtuuskunta. Vertaisarvioidun julkaisun logo:<\/p>\n\n\n\n<figure class=\"wp-block-image is-resized\"><img loading=\"lazy\" decoding=\"async\" src=\"https:\/\/blogs.uef.fi\/tiedonhaku-kemia\/wp-content\/uploads\/sites\/177\/2022\/03\/vertaisarvioitu.jpg\" alt=\"Logo, jossa on kuvattu mustalla pohjalla valkoisia viivoja, jotka muodostavat mustia kolmioita.\" class=\"wp-image-533\" width=\"376\" height=\"150\" \/><\/figure>\n\n\n\n<p>Tieteellisen tiedon hakupalveluissa on usein mahdollisuus rajata hakutulokseen vain vertaisarvioidut lehdet. Varsinaisten<strong> tutkimusartikkelien<\/strong> lis\u00e4ksi tieteelliset lehdet voivat sis\u00e4lt\u00e4\u00e4 my\u00f6s erilaisia p\u00e4\u00e4kirjoituksia (editorial)<strong>, uutisia <\/strong>(news)<strong>, kirjeit\u00e4 <\/strong>(letters), <strong>keskustelua <\/strong>(discussion),<strong> kirja-arvosteluja <\/strong>(book-review)<strong> ja artikkeleita kommentoivia kirjoituksia <\/strong>(commentay)<strong>.<\/strong><\/p>\n\n\n\n<p>Kotimainen palvelu <strong>Julkaisufoorumi <\/strong>kertoo tarkemmin tieteellisten lehtien tasosta ja arvostuksesta. Lue lis\u00e4\u00e4 Julkaisufoorumista kirjaston blogista.<\/p>\n\n\n\n<p><a href=\"https:\/\/blogs.uef.fi\/ueflibrary\/mista-tarkistaa-lehden-tieteellinen-taso\/\">Mist\u00e4 tarkistaa lehden tieteellinen taso?<\/a><\/p>\n\n\n\n<p><a href=\"https:\/\/blogs.uef.fi\/ueflibrary\/kerro-kerro-luokitus-mik-on-naista-parahin-level-level-on-the-wall-which-is-the-fairest-of-them-all\/\">Kerro, kerro luokitus, mik\u2019 on n\u00e4ist\u00e4 parahin? | Level, level on the wall, which is the fairest of them all?<\/a><\/p>\n\n\n\n<p><strong>InCites Journal citation reports -tietokanta<\/strong> luokittelee lehti\u00e4 edelleen niiden tason mukaan k\u00e4ytt\u00e4en niin sanottua <a href=\"https:\/\/fi.wikipedia.org\/wiki\/Vaikuttavuuskerroin\">Impact factor -tunnuslukua<\/a>. Jo t\u00e4lle listalle p\u00e4\u00e4seminen on osoitus siit\u00e4, ett\u00e4 lehti on laadukas ja vertaisarvioitu. Lue lis\u00e4\u00e4\u00a0 <a href=\"https:\/\/www.uef.fi\/fi\/kirjasto\/tutkimuksen-arviointi#paragraph-7034\">IF (Impact Factor)<\/a> ja <a href=\"https:\/\/studentuef.sharepoint.com\/:b:\/s\/www-documents\/EZ1ED24CEDhJnzExAJrT0ssBbdbCrGbdlIRqVZJvXHGyVg?e=YpGew6\">JCR-tietokannan k\u00e4yt\u00f6st\u00e4<\/a>.<\/p>\n\n\n\n<h3 class=\"wp-block-heading\">Kirjojen arviointi<\/h3>\n\n\n\n<div class=\"links-block\">\n\n    \n    <ul class=\"link-list\">\n            <\/ul>\n<\/div>\n\n\n<p>Kirjojen laaduntarkkailu on <strong>kustantajien<\/strong>, kustannustoimittajien ja n\u00e4iden k\u00e4ytt\u00e4mien asiantuntijoiden vastuulla.<\/p>\n\n\n\n<p>Tieteellisi\u00e4 kustantajia ovat muun muassa:<\/p>\n\n\n\n<ul class=\"wp-block-list\">\n<li>tieteelliset kaupalliset kustantajat<\/li>\n\n\n\n<li>yliopistot<\/li>\n\n\n\n<li>kotimaiset ja ulkomaiset tieteelliset seurat<\/li>\n\n\n\n<li>tietyt tutkimuslaitokset yms. (katso lis\u00e4tietoa: <a href=\"https:\/\/tiedekustantajat.fi\/\">Suomen tiedekustantajat<\/a>)<\/li>\n<\/ul>\n\n\n\n\n\n<p><\/p>\n","protected":false},"excerpt":{"rendered":"<p>VERTAISARVIOINTI ON LAADUN TAE Vertaisarvioinnissa varmistetaan ulkopuolisten asiantuntijoiden avulla, ett\u00e4 tutkimusartikkeli on kelvollinen julkaistavaksi. Asiantuntijat ovat alan tunnustettuja tutkijoita. Arvioijia on yleens\u00e4 ainakin kaksi. Artikkelin kirjoittaja ei saa tiet\u00e4\u00e4 heid\u00e4n henkil\u00f6llisyytt\u00e4\u00e4n. Englanniksi vertaisarviointiin viitataan termeill\u00e4 peer-review tai refereed Tieteenalan asiantuntijat eli refereet arvoivat tutkimuksen oikeellisuutta, merkitt\u00e4vyytt\u00e4 ja alkuper\u00e4isyytt\u00e4, ja antavat sen perusteella julkaisuluvan. Arviointiprosessissa tarkistetaan [&hellip;]<\/p>\n","protected":false},"author":127,"featured_media":0,"parent":0,"menu_order":0,"comment_status":"closed","ping_status":"closed","template":"","meta":{"_acf_changed":false,"footnotes":""},"class_list":["post-107","page","type-page","status-publish","hentry"],"acf":[],"yoast_head":"<!-- This site is optimized with the Yoast SEO plugin v27.1.1 - https:\/\/yoast.com\/product\/yoast-seo-wordpress\/ -->\n<title>Vertaisarviointi - Yhteiskuntatieteen tiedonhaku \/ UEF kirjasto<\/title>\n<meta name=\"robots\" content=\"index, follow, max-snippet:-1, max-image-preview:large, max-video-preview:-1\" \/>\n<link rel=\"canonical\" href=\"https:\/\/blogs.uef.fi\/tiedonhaku-yhteiskuntatiede\/vertaisarviointi\/\" \/>\n<meta property=\"og:locale\" content=\"fi_FI\" \/>\n<meta property=\"og:type\" content=\"article\" \/>\n<meta property=\"og:title\" content=\"Vertaisarviointi - Yhteiskuntatieteen tiedonhaku \/ UEF kirjasto\" \/>\n<meta property=\"og:description\" content=\"VERTAISARVIOINTI ON LAADUN TAE Vertaisarvioinnissa varmistetaan ulkopuolisten asiantuntijoiden avulla, ett\u00e4 tutkimusartikkeli on kelvollinen julkaistavaksi. Asiantuntijat ovat alan tunnustettuja tutkijoita. Arvioijia on yleens\u00e4 ainakin kaksi. Artikkelin kirjoittaja ei saa tiet\u00e4\u00e4 heid\u00e4n henkil\u00f6llisyytt\u00e4\u00e4n. Englanniksi vertaisarviointiin viitataan termeill\u00e4 peer-review tai refereed Tieteenalan asiantuntijat eli refereet arvoivat tutkimuksen oikeellisuutta, merkitt\u00e4vyytt\u00e4 ja alkuper\u00e4isyytt\u00e4, ja antavat sen perusteella julkaisuluvan. Arviointiprosessissa tarkistetaan [&hellip;]\" \/>\n<meta property=\"og:url\" content=\"https:\/\/blogs.uef.fi\/tiedonhaku-yhteiskuntatiede\/vertaisarviointi\/\" \/>\n<meta property=\"og:site_name\" content=\"Yhteiskuntatieteen tiedonhaku \/ UEF kirjasto\" \/>\n<meta property=\"article:modified_time\" content=\"2023-08-15T09:59:29+00:00\" \/>\n<meta property=\"og:image\" content=\"https:\/\/blogs.uef.fi\/tiedonhaku-kemia\/wp-content\/uploads\/sites\/177\/2022\/03\/vertaisarvioitu.jpg\" \/>\n<meta name=\"twitter:card\" content=\"summary_large_image\" \/>\n<meta name=\"twitter:label1\" content=\"Arvioitu lukuaika\" \/>\n\t<meta name=\"twitter:data1\" content=\"3 minuuttia\" \/>\n<script type=\"application\/ld+json\" class=\"yoast-schema-graph\">{\"@context\":\"https:\/\/schema.org\",\"@graph\":[{\"@type\":\"WebPage\",\"@id\":\"https:\/\/blogs.uef.fi\/tiedonhaku-yhteiskuntatiede\/vertaisarviointi\/\",\"url\":\"https:\/\/blogs.uef.fi\/tiedonhaku-yhteiskuntatiede\/vertaisarviointi\/\",\"name\":\"Vertaisarviointi - Yhteiskuntatieteen tiedonhaku \/ UEF kirjasto\",\"isPartOf\":{\"@id\":\"https:\/\/blogs.uef.fi\/tiedonhaku-yhteiskuntatiede\/#website\"},\"primaryImageOfPage\":{\"@id\":\"https:\/\/blogs.uef.fi\/tiedonhaku-yhteiskuntatiede\/vertaisarviointi\/#primaryimage\"},\"image\":{\"@id\":\"https:\/\/blogs.uef.fi\/tiedonhaku-yhteiskuntatiede\/vertaisarviointi\/#primaryimage\"},\"thumbnailUrl\":\"https:\/\/blogs.uef.fi\/tiedonhaku-kemia\/wp-content\/uploads\/sites\/177\/2022\/03\/vertaisarvioitu.jpg\",\"datePublished\":\"2015-11-26T06:55:52+00:00\",\"dateModified\":\"2023-08-15T09:59:29+00:00\",\"breadcrumb\":{\"@id\":\"https:\/\/blogs.uef.fi\/tiedonhaku-yhteiskuntatiede\/vertaisarviointi\/#breadcrumb\"},\"inLanguage\":\"fi\",\"potentialAction\":[{\"@type\":\"ReadAction\",\"target\":[\"https:\/\/blogs.uef.fi\/tiedonhaku-yhteiskuntatiede\/vertaisarviointi\/\"]}]},{\"@type\":\"ImageObject\",\"inLanguage\":\"fi\",\"@id\":\"https:\/\/blogs.uef.fi\/tiedonhaku-yhteiskuntatiede\/vertaisarviointi\/#primaryimage\",\"url\":\"https:\/\/blogs.uef.fi\/tiedonhaku-kemia\/wp-content\/uploads\/sites\/177\/2022\/03\/vertaisarvioitu.jpg\",\"contentUrl\":\"https:\/\/blogs.uef.fi\/tiedonhaku-kemia\/wp-content\/uploads\/sites\/177\/2022\/03\/vertaisarvioitu.jpg\"},{\"@type\":\"BreadcrumbList\",\"@id\":\"https:\/\/blogs.uef.fi\/tiedonhaku-yhteiskuntatiede\/vertaisarviointi\/#breadcrumb\",\"itemListElement\":[{\"@type\":\"ListItem\",\"position\":1,\"name\":\"Home\",\"item\":\"https:\/\/blogs.uef.fi\/tiedonhaku-yhteiskuntatiede\/\"},{\"@type\":\"ListItem\",\"position\":2,\"name\":\"Vertaisarviointi\"}]},{\"@type\":\"WebSite\",\"@id\":\"https:\/\/blogs.uef.fi\/tiedonhaku-yhteiskuntatiede\/#website\",\"url\":\"https:\/\/blogs.uef.fi\/tiedonhaku-yhteiskuntatiede\/\",\"name\":\"Yhteiskuntatieteen tiedonhaku \/ UEF kirjasto\",\"description\":\"\",\"potentialAction\":[{\"@type\":\"SearchAction\",\"target\":{\"@type\":\"EntryPoint\",\"urlTemplate\":\"https:\/\/blogs.uef.fi\/tiedonhaku-yhteiskuntatiede\/?s={search_term_string}\"},\"query-input\":{\"@type\":\"PropertyValueSpecification\",\"valueRequired\":true,\"valueName\":\"search_term_string\"}}],\"inLanguage\":\"fi\"}]}<\/script>\n<!-- \/ Yoast SEO plugin. -->","yoast_head_json":{"title":"Vertaisarviointi - Yhteiskuntatieteen tiedonhaku \/ UEF kirjasto","robots":{"index":"index","follow":"follow","max-snippet":"max-snippet:-1","max-image-preview":"max-image-preview:large","max-video-preview":"max-video-preview:-1"},"canonical":"https:\/\/blogs.uef.fi\/tiedonhaku-yhteiskuntatiede\/vertaisarviointi\/","og_locale":"fi_FI","og_type":"article","og_title":"Vertaisarviointi - Yhteiskuntatieteen tiedonhaku \/ UEF kirjasto","og_description":"VERTAISARVIOINTI ON LAADUN TAE Vertaisarvioinnissa varmistetaan ulkopuolisten asiantuntijoiden avulla, ett\u00e4 tutkimusartikkeli on kelvollinen julkaistavaksi. Asiantuntijat ovat alan tunnustettuja tutkijoita. Arvioijia on yleens\u00e4 ainakin kaksi. Artikkelin kirjoittaja ei saa tiet\u00e4\u00e4 heid\u00e4n henkil\u00f6llisyytt\u00e4\u00e4n. Englanniksi vertaisarviointiin viitataan termeill\u00e4 peer-review tai refereed Tieteenalan asiantuntijat eli refereet arvoivat tutkimuksen oikeellisuutta, merkitt\u00e4vyytt\u00e4 ja alkuper\u00e4isyytt\u00e4, ja antavat sen perusteella julkaisuluvan. Arviointiprosessissa tarkistetaan [&hellip;]","og_url":"https:\/\/blogs.uef.fi\/tiedonhaku-yhteiskuntatiede\/vertaisarviointi\/","og_site_name":"Yhteiskuntatieteen tiedonhaku \/ UEF kirjasto","article_modified_time":"2023-08-15T09:59:29+00:00","og_image":[{"url":"https:\/\/blogs.uef.fi\/tiedonhaku-kemia\/wp-content\/uploads\/sites\/177\/2022\/03\/vertaisarvioitu.jpg","type":"","width":"","height":""}],"twitter_card":"summary_large_image","twitter_misc":{"Arvioitu lukuaika":"3 minuuttia"},"schema":{"@context":"https:\/\/schema.org","@graph":[{"@type":"WebPage","@id":"https:\/\/blogs.uef.fi\/tiedonhaku-yhteiskuntatiede\/vertaisarviointi\/","url":"https:\/\/blogs.uef.fi\/tiedonhaku-yhteiskuntatiede\/vertaisarviointi\/","name":"Vertaisarviointi - Yhteiskuntatieteen tiedonhaku \/ UEF kirjasto","isPartOf":{"@id":"https:\/\/blogs.uef.fi\/tiedonhaku-yhteiskuntatiede\/#website"},"primaryImageOfPage":{"@id":"https:\/\/blogs.uef.fi\/tiedonhaku-yhteiskuntatiede\/vertaisarviointi\/#primaryimage"},"image":{"@id":"https:\/\/blogs.uef.fi\/tiedonhaku-yhteiskuntatiede\/vertaisarviointi\/#primaryimage"},"thumbnailUrl":"https:\/\/blogs.uef.fi\/tiedonhaku-kemia\/wp-content\/uploads\/sites\/177\/2022\/03\/vertaisarvioitu.jpg","datePublished":"2015-11-26T06:55:52+00:00","dateModified":"2023-08-15T09:59:29+00:00","breadcrumb":{"@id":"https:\/\/blogs.uef.fi\/tiedonhaku-yhteiskuntatiede\/vertaisarviointi\/#breadcrumb"},"inLanguage":"fi","potentialAction":[{"@type":"ReadAction","target":["https:\/\/blogs.uef.fi\/tiedonhaku-yhteiskuntatiede\/vertaisarviointi\/"]}]},{"@type":"ImageObject","inLanguage":"fi","@id":"https:\/\/blogs.uef.fi\/tiedonhaku-yhteiskuntatiede\/vertaisarviointi\/#primaryimage","url":"https:\/\/blogs.uef.fi\/tiedonhaku-kemia\/wp-content\/uploads\/sites\/177\/2022\/03\/vertaisarvioitu.jpg","contentUrl":"https:\/\/blogs.uef.fi\/tiedonhaku-kemia\/wp-content\/uploads\/sites\/177\/2022\/03\/vertaisarvioitu.jpg"},{"@type":"BreadcrumbList","@id":"https:\/\/blogs.uef.fi\/tiedonhaku-yhteiskuntatiede\/vertaisarviointi\/#breadcrumb","itemListElement":[{"@type":"ListItem","position":1,"name":"Home","item":"https:\/\/blogs.uef.fi\/tiedonhaku-yhteiskuntatiede\/"},{"@type":"ListItem","position":2,"name":"Vertaisarviointi"}]},{"@type":"WebSite","@id":"https:\/\/blogs.uef.fi\/tiedonhaku-yhteiskuntatiede\/#website","url":"https:\/\/blogs.uef.fi\/tiedonhaku-yhteiskuntatiede\/","name":"Yhteiskuntatieteen tiedonhaku \/ UEF kirjasto","description":"","potentialAction":[{"@type":"SearchAction","target":{"@type":"EntryPoint","urlTemplate":"https:\/\/blogs.uef.fi\/tiedonhaku-yhteiskuntatiede\/?s={search_term_string}"},"query-input":{"@type":"PropertyValueSpecification","valueRequired":true,"valueName":"search_term_string"}}],"inLanguage":"fi"}]}},"_links":{"self":[{"href":"https:\/\/blogs.uef.fi\/tiedonhaku-yhteiskuntatiede\/wp-json\/wp\/v2\/pages\/107","targetHints":{"allow":["GET"]}}],"collection":[{"href":"https:\/\/blogs.uef.fi\/tiedonhaku-yhteiskuntatiede\/wp-json\/wp\/v2\/pages"}],"about":[{"href":"https:\/\/blogs.uef.fi\/tiedonhaku-yhteiskuntatiede\/wp-json\/wp\/v2\/types\/page"}],"author":[{"embeddable":true,"href":"https:\/\/blogs.uef.fi\/tiedonhaku-yhteiskuntatiede\/wp-json\/wp\/v2\/users\/127"}],"replies":[{"embeddable":true,"href":"https:\/\/blogs.uef.fi\/tiedonhaku-yhteiskuntatiede\/wp-json\/wp\/v2\/comments?post=107"}],"version-history":[{"count":1,"href":"https:\/\/blogs.uef.fi\/tiedonhaku-yhteiskuntatiede\/wp-json\/wp\/v2\/pages\/107\/revisions"}],"predecessor-version":[{"id":1798,"href":"https:\/\/blogs.uef.fi\/tiedonhaku-yhteiskuntatiede\/wp-json\/wp\/v2\/pages\/107\/revisions\/1798"}],"wp:attachment":[{"href":"https:\/\/blogs.uef.fi\/tiedonhaku-yhteiskuntatiede\/wp-json\/wp\/v2\/media?parent=107"}],"curies":[{"name":"wp","href":"https:\/\/api.w.org\/{rel}","templated":true}]}}