{"id":91,"date":"2015-05-05T07:50:40","date_gmt":"2015-05-05T07:50:40","guid":{"rendered":"https:\/\/ueflibrarylang.wordpress.com\/?page_id=91"},"modified":"2024-09-06T14:50:46","modified_gmt":"2024-09-06T11:50:46","slug":"erilaisia-julkaisumuotoja-kirjat-lehdet-sarjat","status":"publish","type":"page","link":"https:\/\/blogs.uef.fi\/tiedonhaku-vieraatkielet\/tiedonhaun-palikat\/erilaisia-julkaisumuotoja-kirjat-lehdet-sarjat\/","title":{"rendered":"Erilaisia julkaisumuotoja: kirjat, artikkelit ja sarjat"},"content":{"rendered":"\n<h2 class=\"wp-block-heading\">Kirjat&nbsp;kertovat aiheestaan laajasti<\/h2>\n\n\n\n<p>Kirja eli monografia kirjoitetaan yleens\u00e4 siin\u00e4 vaiheessa, kun tiet\u00e4mys aiheesta on yleisesti hyv\u00e4ksytty\u00e4 ja vakiintunutta. Kirjan julkaiseminen vie aikaa, ja kirjatiedoilta yleens\u00e4 my\u00f6s odotetaan tietty\u00e4 pysyvyytt\u00e4. Kirja esittelee ilmi\u00f6n taustat ja antaa kokonaiskuvan aiheesta.<\/p>\n\n\n\n<h2 class=\"wp-block-heading\">Artikkelit&nbsp;raportoivat uusia tutkimustuloksia<\/h2>\n\n\n\n<p><strong>Tieteellisen lehden (journal)<\/strong>&nbsp;sis\u00e4lt\u00f6 jakautuu yksitt\u00e4isiin artikkeleihin. Artikkeleita on kahta p\u00e4\u00e4tyyppi\u00e4: alkuper\u00e4isartikkeleita ja katsaus- eli review-artikkeleita.<\/p>\n\n\n\n<p>Alkuper\u00e4isartikkeli on lyhyehk\u00f6, keskim\u00e4\u00e4rin 7-10 sivun mittainen esitys jostain kyseisen lehden tieteenalaan liittyv\u00e4st\u00e4 selke\u00e4sti rajatusta ongelmasta. Alkuper\u00e4isartikkeli sis\u00e4lt\u00e4\u00e4 joko t\u00e4ysin uusia tutkimustuloksia tai vanhojen tulosten uutta tulkintaa. Pelk\u00e4st\u00e4\u00e4n alkuper\u00e4isartikkeleita lukemalla on hankalaa saada yleisk\u00e4sityst\u00e4 laajemmista aiheista ja tiet\u00e4myksen tasosta tieteenalalla. T\u00e4ss\u00e4 ongelmassa auttavat katsausartikkelit. Niit\u00e4 laativat tieteenalojen kokeneet asiantuntijat. Katsausartikkelia varten k\u00e4yd\u00e4\u00e4n l\u00e4pi kaikki t\u00e4rkeimm\u00e4t kyseiseen aiheeseen liittyv\u00e4t alkuper\u00e4isartikkelit. Niiss\u00e4 esitetyt tulokset kootaan sitten yhteen katsausartikkeliksi. Katsaukset ovat yleens\u00e4 pitki\u00e4, kymmenien sivujen mittaisia, ja niiss\u00e4 on kattavat l\u00e4hdeluettelot.<\/p>\n\n\n\n<p>Artikkelit ovat siirtyneet pitk\u00e4lti verkkoon, mutta painettuja lehti\u00e4 tarvitsee viel\u00e4 erityisesti vanhojen vuosikertojen tarkasteluun. Avoin tiede edist\u00e4\u00e4 artikkelien vapaata saatavuutta, jolloin niist\u00e4 puhutaan OA- eli Open Acces-artikkeleina. OA-artikkeleita p\u00e4\u00e4see lukemaan kuka tahansa verkon v\u00e4lityksell\u00e4.<\/p>\n\n\n\n<h2 class=\"wp-block-heading\">Sarjat&nbsp;kertovat tietyss\u00e4 organisaatiossa tehdyst\u00e4 tutkimuksesta<\/h2>\n\n\n\n<p>Julkaisusarjat ovat&nbsp;erityisesti tutkimuslaitosten ja muiden julkisorganisaatioiden&nbsp;tavallinen v\u00e4yl\u00e4 ty\u00f6n tulosten julkistamiseen ja siten&nbsp;t\u00e4rkeit\u00e4 tiedonl\u00e4hteit\u00e4.<br><br>Esimerkiksi v\u00e4it\u00f6skirjat julkaistaan Suomessa yliopistojen sarjoissa l\u00e4hes poikkeuksetta.<\/p>\n\n\n\n<p><strong>Sarja<\/strong> ilmestyy tietyll\u00e4 nimell\u00e4 ja toistuvina osina kuten lehtikin. Sarjat ja lehdet ovatkin yhteiselt\u00e4 nimelt\u00e4\u00e4n kausijulkaisut. Sarjan osat eiv\u00e4t kuitenkaan v\u00e4ltt\u00e4m\u00e4tt\u00e4 ilmesty yht\u00e4 s\u00e4\u00e4nn\u00f6llisin v\u00e4lein kuin lehtien numerot. Yleens\u00e4 eri osilla on omat teemansa tai aiheensa kirjan tapaan.<\/p>\n\n\n\n<p>Viime vuosina paljon sarjajulkaisuja on siirtynyt verkossa julkaistaviksi. Sarjoja l\u00f6yt\u00e4\u00e4kin usein eri organisaatioiden omista verkkojulkaisuj\u00e4rjestelmist\u00e4 sek\u00e4 avoimen verkon hakukoneilla, esim. Googlella.<\/p>\n\n\n\n<p>(p\u00e4ivitetty 8\/2024)<\/p>\n\n\n\n<p>Siirry seuraavaan osioon <a href=\"https:\/\/blogs.uef.fi\/tiedonhaku-vieraatkielet\/tiedonhaun-palikat\/vertaisarviointi\/\">Vertaisarviointi<\/a><\/p>\n\n\n\n<p><\/p>\n","protected":false},"excerpt":{"rendered":"<p>Kirjat&nbsp;kertovat aiheestaan laajasti Kirja eli monografia kirjoitetaan yleens\u00e4 siin\u00e4 vaiheessa, kun tiet\u00e4mys aiheesta on yleisesti hyv\u00e4ksytty\u00e4 ja vakiintunutta. Kirjan julkaiseminen vie aikaa, ja kirjatiedoilta yleens\u00e4 my\u00f6s odotetaan tietty\u00e4 pysyvyytt\u00e4. Kirja esittelee ilmi\u00f6n taustat ja antaa kokonaiskuvan aiheesta. Artikkelit&nbsp;raportoivat uusia tutkimustuloksia Tieteellisen lehden (journal)&nbsp;sis\u00e4lt\u00f6 jakautuu yksitt\u00e4isiin artikkeleihin. Artikkeleita on kahta p\u00e4\u00e4tyyppi\u00e4: alkuper\u00e4isartikkeleita ja katsaus- eli review-artikkeleita. [&hellip;]<\/p>\n","protected":false},"author":129,"featured_media":0,"parent":22,"menu_order":3,"comment_status":"closed","ping_status":"open","template":"","meta":{"_acf_changed":false,"footnotes":""},"class_list":["post-91","page","type-page","status-publish","hentry"],"acf":[],"yoast_head":"<!-- This site is optimized with the Yoast SEO plugin v27.1.1 - https:\/\/yoast.com\/product\/yoast-seo-wordpress\/ -->\n<title>Erilaisia julkaisumuotoja: kirjat, artikkelit ja sarjat - Vieraiden kielten tiedonhaku<\/title>\n<meta name=\"robots\" content=\"index, follow, max-snippet:-1, max-image-preview:large, max-video-preview:-1\" \/>\n<link rel=\"canonical\" href=\"https:\/\/blogs.uef.fi\/tiedonhaku-vieraatkielet\/tiedonhaun-palikat\/erilaisia-julkaisumuotoja-kirjat-lehdet-sarjat\/\" \/>\n<meta property=\"og:locale\" content=\"fi_FI\" \/>\n<meta property=\"og:type\" content=\"article\" \/>\n<meta property=\"og:title\" content=\"Erilaisia julkaisumuotoja: kirjat, artikkelit ja sarjat - Vieraiden kielten tiedonhaku\" \/>\n<meta property=\"og:description\" content=\"Kirjat&nbsp;kertovat aiheestaan laajasti Kirja eli monografia kirjoitetaan yleens\u00e4 siin\u00e4 vaiheessa, kun tiet\u00e4mys aiheesta on yleisesti hyv\u00e4ksytty\u00e4 ja vakiintunutta. Kirjan julkaiseminen vie aikaa, ja kirjatiedoilta yleens\u00e4 my\u00f6s odotetaan tietty\u00e4 pysyvyytt\u00e4. Kirja esittelee ilmi\u00f6n taustat ja antaa kokonaiskuvan aiheesta. Artikkelit&nbsp;raportoivat uusia tutkimustuloksia Tieteellisen lehden (journal)&nbsp;sis\u00e4lt\u00f6 jakautuu yksitt\u00e4isiin artikkeleihin. Artikkeleita on kahta p\u00e4\u00e4tyyppi\u00e4: alkuper\u00e4isartikkeleita ja katsaus- eli review-artikkeleita. [&hellip;]\" \/>\n<meta property=\"og:url\" content=\"https:\/\/blogs.uef.fi\/tiedonhaku-vieraatkielet\/tiedonhaun-palikat\/erilaisia-julkaisumuotoja-kirjat-lehdet-sarjat\/\" \/>\n<meta property=\"og:site_name\" content=\"Vieraiden kielten tiedonhaku\" \/>\n<meta property=\"article:modified_time\" content=\"2024-09-06T11:50:46+00:00\" \/>\n<meta name=\"twitter:card\" content=\"summary_large_image\" \/>\n<script type=\"application\/ld+json\" class=\"yoast-schema-graph\">{\"@context\":\"https:\/\/schema.org\",\"@graph\":[{\"@type\":\"WebPage\",\"@id\":\"https:\/\/blogs.uef.fi\/tiedonhaku-vieraatkielet\/tiedonhaun-palikat\/erilaisia-julkaisumuotoja-kirjat-lehdet-sarjat\/\",\"url\":\"https:\/\/blogs.uef.fi\/tiedonhaku-vieraatkielet\/tiedonhaun-palikat\/erilaisia-julkaisumuotoja-kirjat-lehdet-sarjat\/\",\"name\":\"Erilaisia julkaisumuotoja: kirjat, artikkelit ja sarjat - Vieraiden kielten tiedonhaku\",\"isPartOf\":{\"@id\":\"https:\/\/blogs.uef.fi\/tiedonhaku-vieraatkielet\/#website\"},\"datePublished\":\"2015-05-05T07:50:40+00:00\",\"dateModified\":\"2024-09-06T11:50:46+00:00\",\"breadcrumb\":{\"@id\":\"https:\/\/blogs.uef.fi\/tiedonhaku-vieraatkielet\/tiedonhaun-palikat\/erilaisia-julkaisumuotoja-kirjat-lehdet-sarjat\/#breadcrumb\"},\"inLanguage\":\"fi\",\"potentialAction\":[{\"@type\":\"ReadAction\",\"target\":[\"https:\/\/blogs.uef.fi\/tiedonhaku-vieraatkielet\/tiedonhaun-palikat\/erilaisia-julkaisumuotoja-kirjat-lehdet-sarjat\/\"]}]},{\"@type\":\"BreadcrumbList\",\"@id\":\"https:\/\/blogs.uef.fi\/tiedonhaku-vieraatkielet\/tiedonhaun-palikat\/erilaisia-julkaisumuotoja-kirjat-lehdet-sarjat\/#breadcrumb\",\"itemListElement\":[{\"@type\":\"ListItem\",\"position\":1,\"name\":\"Home\",\"item\":\"https:\/\/blogs.uef.fi\/tiedonhaku-vieraatkielet\/\"},{\"@type\":\"ListItem\",\"position\":2,\"name\":\"Tieteelliset julkaisut ja julkaiseminen\",\"item\":\"https:\/\/blogs.uef.fi\/tiedonhaku-vieraatkielet\/tiedonhaun-palikat\/\"},{\"@type\":\"ListItem\",\"position\":3,\"name\":\"Erilaisia julkaisumuotoja: kirjat, artikkelit ja sarjat\"}]},{\"@type\":\"WebSite\",\"@id\":\"https:\/\/blogs.uef.fi\/tiedonhaku-vieraatkielet\/#website\",\"url\":\"https:\/\/blogs.uef.fi\/tiedonhaku-vieraatkielet\/\",\"name\":\"Vieraiden kielten tiedonhaku\",\"description\":\"\",\"potentialAction\":[{\"@type\":\"SearchAction\",\"target\":{\"@type\":\"EntryPoint\",\"urlTemplate\":\"https:\/\/blogs.uef.fi\/tiedonhaku-vieraatkielet\/?s={search_term_string}\"},\"query-input\":{\"@type\":\"PropertyValueSpecification\",\"valueRequired\":true,\"valueName\":\"search_term_string\"}}],\"inLanguage\":\"fi\"}]}<\/script>\n<!-- \/ Yoast SEO plugin. -->","yoast_head_json":{"title":"Erilaisia julkaisumuotoja: kirjat, artikkelit ja sarjat - Vieraiden kielten tiedonhaku","robots":{"index":"index","follow":"follow","max-snippet":"max-snippet:-1","max-image-preview":"max-image-preview:large","max-video-preview":"max-video-preview:-1"},"canonical":"https:\/\/blogs.uef.fi\/tiedonhaku-vieraatkielet\/tiedonhaun-palikat\/erilaisia-julkaisumuotoja-kirjat-lehdet-sarjat\/","og_locale":"fi_FI","og_type":"article","og_title":"Erilaisia julkaisumuotoja: kirjat, artikkelit ja sarjat - Vieraiden kielten tiedonhaku","og_description":"Kirjat&nbsp;kertovat aiheestaan laajasti Kirja eli monografia kirjoitetaan yleens\u00e4 siin\u00e4 vaiheessa, kun tiet\u00e4mys aiheesta on yleisesti hyv\u00e4ksytty\u00e4 ja vakiintunutta. Kirjan julkaiseminen vie aikaa, ja kirjatiedoilta yleens\u00e4 my\u00f6s odotetaan tietty\u00e4 pysyvyytt\u00e4. Kirja esittelee ilmi\u00f6n taustat ja antaa kokonaiskuvan aiheesta. Artikkelit&nbsp;raportoivat uusia tutkimustuloksia Tieteellisen lehden (journal)&nbsp;sis\u00e4lt\u00f6 jakautuu yksitt\u00e4isiin artikkeleihin. Artikkeleita on kahta p\u00e4\u00e4tyyppi\u00e4: alkuper\u00e4isartikkeleita ja katsaus- eli review-artikkeleita. [&hellip;]","og_url":"https:\/\/blogs.uef.fi\/tiedonhaku-vieraatkielet\/tiedonhaun-palikat\/erilaisia-julkaisumuotoja-kirjat-lehdet-sarjat\/","og_site_name":"Vieraiden kielten tiedonhaku","article_modified_time":"2024-09-06T11:50:46+00:00","twitter_card":"summary_large_image","schema":{"@context":"https:\/\/schema.org","@graph":[{"@type":"WebPage","@id":"https:\/\/blogs.uef.fi\/tiedonhaku-vieraatkielet\/tiedonhaun-palikat\/erilaisia-julkaisumuotoja-kirjat-lehdet-sarjat\/","url":"https:\/\/blogs.uef.fi\/tiedonhaku-vieraatkielet\/tiedonhaun-palikat\/erilaisia-julkaisumuotoja-kirjat-lehdet-sarjat\/","name":"Erilaisia julkaisumuotoja: kirjat, artikkelit ja sarjat - Vieraiden kielten tiedonhaku","isPartOf":{"@id":"https:\/\/blogs.uef.fi\/tiedonhaku-vieraatkielet\/#website"},"datePublished":"2015-05-05T07:50:40+00:00","dateModified":"2024-09-06T11:50:46+00:00","breadcrumb":{"@id":"https:\/\/blogs.uef.fi\/tiedonhaku-vieraatkielet\/tiedonhaun-palikat\/erilaisia-julkaisumuotoja-kirjat-lehdet-sarjat\/#breadcrumb"},"inLanguage":"fi","potentialAction":[{"@type":"ReadAction","target":["https:\/\/blogs.uef.fi\/tiedonhaku-vieraatkielet\/tiedonhaun-palikat\/erilaisia-julkaisumuotoja-kirjat-lehdet-sarjat\/"]}]},{"@type":"BreadcrumbList","@id":"https:\/\/blogs.uef.fi\/tiedonhaku-vieraatkielet\/tiedonhaun-palikat\/erilaisia-julkaisumuotoja-kirjat-lehdet-sarjat\/#breadcrumb","itemListElement":[{"@type":"ListItem","position":1,"name":"Home","item":"https:\/\/blogs.uef.fi\/tiedonhaku-vieraatkielet\/"},{"@type":"ListItem","position":2,"name":"Tieteelliset julkaisut ja julkaiseminen","item":"https:\/\/blogs.uef.fi\/tiedonhaku-vieraatkielet\/tiedonhaun-palikat\/"},{"@type":"ListItem","position":3,"name":"Erilaisia julkaisumuotoja: kirjat, artikkelit ja sarjat"}]},{"@type":"WebSite","@id":"https:\/\/blogs.uef.fi\/tiedonhaku-vieraatkielet\/#website","url":"https:\/\/blogs.uef.fi\/tiedonhaku-vieraatkielet\/","name":"Vieraiden kielten tiedonhaku","description":"","potentialAction":[{"@type":"SearchAction","target":{"@type":"EntryPoint","urlTemplate":"https:\/\/blogs.uef.fi\/tiedonhaku-vieraatkielet\/?s={search_term_string}"},"query-input":{"@type":"PropertyValueSpecification","valueRequired":true,"valueName":"search_term_string"}}],"inLanguage":"fi"}]}},"_links":{"self":[{"href":"https:\/\/blogs.uef.fi\/tiedonhaku-vieraatkielet\/wp-json\/wp\/v2\/pages\/91","targetHints":{"allow":["GET"]}}],"collection":[{"href":"https:\/\/blogs.uef.fi\/tiedonhaku-vieraatkielet\/wp-json\/wp\/v2\/pages"}],"about":[{"href":"https:\/\/blogs.uef.fi\/tiedonhaku-vieraatkielet\/wp-json\/wp\/v2\/types\/page"}],"author":[{"embeddable":true,"href":"https:\/\/blogs.uef.fi\/tiedonhaku-vieraatkielet\/wp-json\/wp\/v2\/users\/129"}],"replies":[{"embeddable":true,"href":"https:\/\/blogs.uef.fi\/tiedonhaku-vieraatkielet\/wp-json\/wp\/v2\/comments?post=91"}],"version-history":[{"count":2,"href":"https:\/\/blogs.uef.fi\/tiedonhaku-vieraatkielet\/wp-json\/wp\/v2\/pages\/91\/revisions"}],"predecessor-version":[{"id":2981,"href":"https:\/\/blogs.uef.fi\/tiedonhaku-vieraatkielet\/wp-json\/wp\/v2\/pages\/91\/revisions\/2981"}],"up":[{"embeddable":true,"href":"https:\/\/blogs.uef.fi\/tiedonhaku-vieraatkielet\/wp-json\/wp\/v2\/pages\/22"}],"wp:attachment":[{"href":"https:\/\/blogs.uef.fi\/tiedonhaku-vieraatkielet\/wp-json\/wp\/v2\/media?parent=91"}],"curies":[{"name":"wp","href":"https:\/\/api.w.org\/{rel}","templated":true}]}}