{"id":87,"date":"2015-05-05T07:49:13","date_gmt":"2015-05-05T07:49:13","guid":{"rendered":"https:\/\/ueflibrarylang.wordpress.com\/?page_id=87"},"modified":"2024-09-06T14:50:25","modified_gmt":"2024-09-06T11:50:25","slug":"mista-tietaa-onko-julkaisu-tieteellinen","status":"publish","type":"page","link":"https:\/\/blogs.uef.fi\/tiedonhaku-vieraatkielet\/tiedonhaun-palikat\/mista-tietaa-onko-julkaisu-tieteellinen\/","title":{"rendered":"Tieteelliset julkaisut eri aloilla"},"content":{"rendered":"\n<p>Eri tieteenaloilla on omat perinteens\u00e4 tavassa julkaista tutkimusty\u00f6n tulokset.<\/p>\n\n\n\n<p><span style=\"color: #000000\"><strong>Luonnon- ja l\u00e4\u00e4ketieteet<\/strong><\/span> edustavat kaikista aloista yht\u00e4 \u00e4\u00e4rip\u00e4\u00e4t\u00e4, jossa tutkimukset pyrit\u00e4\u00e4n julkaisemaan lehtiartikkeleina ja kansainv\u00e4lisesti. Kansainv\u00e4linen julkaiseminen on luontevaa, koska aiheetkin ovat universaaleja. Usein tieteellisen julkaisun takana on tutkimusryhm\u00e4.<\/p>\n\n\n\n<p><span style=\"color: #000000\"><strong>Humanistisilla tieteenaloilla<\/strong> <\/span>taas perinteiset kirjat sek\u00e4 usein my\u00f6s kotimainen julkaisukanava ovat tavallisia. Elektroninen julkaiseminen ja artikkelit kuuluvat kuitenkin yh\u00e4 enemm\u00e4n my\u00f6s humanistisen julkaisemisen erityispiirteisiin.<\/p>\n\n\n\n<p><span style=\"color: #000000\"><strong>Yhteiskuntatieteet ja tekniikka<\/strong><\/span> ovat edellisten v\u00e4lilt\u00e4. Yhteiskuntatieteiss\u00e4 on t\u00e4rke\u00e4t\u00e4 my\u00f6s julkinen keskustelu, jota k\u00e4yd\u00e4\u00e4n mm. lehtien v\u00e4lityksell\u00e4. Tekniikassa puolestaan on muiden julkaisujen rinnalla mahdollista julkaista patentteja.<\/p>\n\n\n\n<p>Luonnontieteiss\u00e4 julkaistaan paljon usean tekij\u00e4n artikkeleita; humanistisissa tieteiss\u00e4 pakerretaan enemm\u00e4n itsekseen. T\u00e4m\u00e4kin ero on kuitenkin tasoittunut ja riippuu hyvin paljon tieteenalasta ja tutkimusaiheesta.<\/p>\n\n\n\n<h2 class=\"wp-block-heading\">Erot tieteenaloilla tasoittuvat<\/h2>\n\n\n\n<p>Kaikkiaan tieteenalojen erot ovat jossakin m\u00e4\u00e4rin v\u00e4hentyneet viime vuosina \u2013 artikkelityyppinen julkaiseminen on kasvussa kaikilla tieteenaloilla.<\/p>\n\n\n\n<p>Samoin siirtyminen kansallisista kielist\u00e4 englannin kieleen on ollut merkitt\u00e4v\u00e4\u00e4.<\/p>\n\n\n\n<p><strong>Kuinka paljon maailmalla julkaistaa<span style=\"color: #000000\">n?<\/span><\/strong><\/p>\n\n\n\n<p>Vuonna 2022 julkaistiin yli 5 miljoonaa tieteellist\u00e4 artikkelia. Suurimpia julkaisijamaita ovat Kiina ja Yhdysvallat. Tieteen kieli on yh\u00e4 englanti. Lue lis\u00e4\u00e4 <a href=\"https:\/\/wordsrated.com\/number-of-academic-papers-published-per-year\/\" target=\"_blank\" rel=\"noreferrer noopener\">Wordsrated-sivustolla olevasta artikkelista <\/a>(linkki avautuu uuteen ikkunaan).<\/p>\n\n\n\n<p>(p\u00e4ivitetty 8\/2024)<\/p>\n\n\n\n<p>Siirry seuraavaan osioon <a href=\"https:\/\/blogs.uef.fi\/tiedonhaku-vieraatkielet\/tiedonhaun-palikat\/erilaisia-julkaisumuotoja-kirjat-lehdet-sarjat\/\">Erilaisia julkaisumuotoja: kirjat, artikkelit ja sarjat<\/a><\/p>\n","protected":false},"excerpt":{"rendered":"<p>Eri tieteenaloilla on omat perinteens\u00e4 tavassa julkaista tutkimusty\u00f6n tulokset. Luonnon- ja l\u00e4\u00e4ketieteet edustavat kaikista aloista yht\u00e4 \u00e4\u00e4rip\u00e4\u00e4t\u00e4, jossa tutkimukset pyrit\u00e4\u00e4n julkaisemaan lehtiartikkeleina ja kansainv\u00e4lisesti. Kansainv\u00e4linen julkaiseminen on luontevaa, koska aiheetkin ovat universaaleja. Usein tieteellisen julkaisun takana on tutkimusryhm\u00e4. Humanistisilla tieteenaloilla taas perinteiset kirjat sek\u00e4 usein my\u00f6s kotimainen julkaisukanava ovat tavallisia. Elektroninen julkaiseminen ja artikkelit kuuluvat [&hellip;]<\/p>\n","protected":false},"author":129,"featured_media":0,"parent":22,"menu_order":2,"comment_status":"closed","ping_status":"open","template":"","meta":{"_acf_changed":false,"footnotes":""},"class_list":["post-87","page","type-page","status-publish","hentry"],"acf":[],"yoast_head":"<!-- This site is optimized with the Yoast SEO plugin v27.1.1 - https:\/\/yoast.com\/product\/yoast-seo-wordpress\/ -->\n<title>Tieteelliset julkaisut eri aloilla - Vieraiden kielten tiedonhaku<\/title>\n<meta name=\"robots\" content=\"index, follow, max-snippet:-1, max-image-preview:large, max-video-preview:-1\" \/>\n<link rel=\"canonical\" href=\"https:\/\/blogs.uef.fi\/tiedonhaku-vieraatkielet\/tiedonhaun-palikat\/mista-tietaa-onko-julkaisu-tieteellinen\/\" \/>\n<meta property=\"og:locale\" content=\"fi_FI\" \/>\n<meta property=\"og:type\" content=\"article\" \/>\n<meta property=\"og:title\" content=\"Tieteelliset julkaisut eri aloilla - Vieraiden kielten tiedonhaku\" \/>\n<meta property=\"og:description\" content=\"Eri tieteenaloilla on omat perinteens\u00e4 tavassa julkaista tutkimusty\u00f6n tulokset. Luonnon- ja l\u00e4\u00e4ketieteet edustavat kaikista aloista yht\u00e4 \u00e4\u00e4rip\u00e4\u00e4t\u00e4, jossa tutkimukset pyrit\u00e4\u00e4n julkaisemaan lehtiartikkeleina ja kansainv\u00e4lisesti. Kansainv\u00e4linen julkaiseminen on luontevaa, koska aiheetkin ovat universaaleja. Usein tieteellisen julkaisun takana on tutkimusryhm\u00e4. Humanistisilla tieteenaloilla taas perinteiset kirjat sek\u00e4 usein my\u00f6s kotimainen julkaisukanava ovat tavallisia. Elektroninen julkaiseminen ja artikkelit kuuluvat [&hellip;]\" \/>\n<meta property=\"og:url\" content=\"https:\/\/blogs.uef.fi\/tiedonhaku-vieraatkielet\/tiedonhaun-palikat\/mista-tietaa-onko-julkaisu-tieteellinen\/\" \/>\n<meta property=\"og:site_name\" content=\"Vieraiden kielten tiedonhaku\" \/>\n<meta property=\"article:modified_time\" content=\"2024-09-06T11:50:25+00:00\" \/>\n<meta name=\"twitter:card\" content=\"summary_large_image\" \/>\n<script type=\"application\/ld+json\" class=\"yoast-schema-graph\">{\"@context\":\"https:\/\/schema.org\",\"@graph\":[{\"@type\":\"WebPage\",\"@id\":\"https:\/\/blogs.uef.fi\/tiedonhaku-vieraatkielet\/tiedonhaun-palikat\/mista-tietaa-onko-julkaisu-tieteellinen\/\",\"url\":\"https:\/\/blogs.uef.fi\/tiedonhaku-vieraatkielet\/tiedonhaun-palikat\/mista-tietaa-onko-julkaisu-tieteellinen\/\",\"name\":\"Tieteelliset julkaisut eri aloilla - Vieraiden kielten tiedonhaku\",\"isPartOf\":{\"@id\":\"https:\/\/blogs.uef.fi\/tiedonhaku-vieraatkielet\/#website\"},\"datePublished\":\"2015-05-05T07:49:13+00:00\",\"dateModified\":\"2024-09-06T11:50:25+00:00\",\"breadcrumb\":{\"@id\":\"https:\/\/blogs.uef.fi\/tiedonhaku-vieraatkielet\/tiedonhaun-palikat\/mista-tietaa-onko-julkaisu-tieteellinen\/#breadcrumb\"},\"inLanguage\":\"fi\",\"potentialAction\":[{\"@type\":\"ReadAction\",\"target\":[\"https:\/\/blogs.uef.fi\/tiedonhaku-vieraatkielet\/tiedonhaun-palikat\/mista-tietaa-onko-julkaisu-tieteellinen\/\"]}]},{\"@type\":\"BreadcrumbList\",\"@id\":\"https:\/\/blogs.uef.fi\/tiedonhaku-vieraatkielet\/tiedonhaun-palikat\/mista-tietaa-onko-julkaisu-tieteellinen\/#breadcrumb\",\"itemListElement\":[{\"@type\":\"ListItem\",\"position\":1,\"name\":\"Home\",\"item\":\"https:\/\/blogs.uef.fi\/tiedonhaku-vieraatkielet\/\"},{\"@type\":\"ListItem\",\"position\":2,\"name\":\"Tieteelliset julkaisut ja julkaiseminen\",\"item\":\"https:\/\/blogs.uef.fi\/tiedonhaku-vieraatkielet\/tiedonhaun-palikat\/\"},{\"@type\":\"ListItem\",\"position\":3,\"name\":\"Tieteelliset julkaisut eri aloilla\"}]},{\"@type\":\"WebSite\",\"@id\":\"https:\/\/blogs.uef.fi\/tiedonhaku-vieraatkielet\/#website\",\"url\":\"https:\/\/blogs.uef.fi\/tiedonhaku-vieraatkielet\/\",\"name\":\"Vieraiden kielten tiedonhaku\",\"description\":\"\",\"potentialAction\":[{\"@type\":\"SearchAction\",\"target\":{\"@type\":\"EntryPoint\",\"urlTemplate\":\"https:\/\/blogs.uef.fi\/tiedonhaku-vieraatkielet\/?s={search_term_string}\"},\"query-input\":{\"@type\":\"PropertyValueSpecification\",\"valueRequired\":true,\"valueName\":\"search_term_string\"}}],\"inLanguage\":\"fi\"}]}<\/script>\n<!-- \/ Yoast SEO plugin. -->","yoast_head_json":{"title":"Tieteelliset julkaisut eri aloilla - Vieraiden kielten tiedonhaku","robots":{"index":"index","follow":"follow","max-snippet":"max-snippet:-1","max-image-preview":"max-image-preview:large","max-video-preview":"max-video-preview:-1"},"canonical":"https:\/\/blogs.uef.fi\/tiedonhaku-vieraatkielet\/tiedonhaun-palikat\/mista-tietaa-onko-julkaisu-tieteellinen\/","og_locale":"fi_FI","og_type":"article","og_title":"Tieteelliset julkaisut eri aloilla - Vieraiden kielten tiedonhaku","og_description":"Eri tieteenaloilla on omat perinteens\u00e4 tavassa julkaista tutkimusty\u00f6n tulokset. Luonnon- ja l\u00e4\u00e4ketieteet edustavat kaikista aloista yht\u00e4 \u00e4\u00e4rip\u00e4\u00e4t\u00e4, jossa tutkimukset pyrit\u00e4\u00e4n julkaisemaan lehtiartikkeleina ja kansainv\u00e4lisesti. Kansainv\u00e4linen julkaiseminen on luontevaa, koska aiheetkin ovat universaaleja. Usein tieteellisen julkaisun takana on tutkimusryhm\u00e4. Humanistisilla tieteenaloilla taas perinteiset kirjat sek\u00e4 usein my\u00f6s kotimainen julkaisukanava ovat tavallisia. Elektroninen julkaiseminen ja artikkelit kuuluvat [&hellip;]","og_url":"https:\/\/blogs.uef.fi\/tiedonhaku-vieraatkielet\/tiedonhaun-palikat\/mista-tietaa-onko-julkaisu-tieteellinen\/","og_site_name":"Vieraiden kielten tiedonhaku","article_modified_time":"2024-09-06T11:50:25+00:00","twitter_card":"summary_large_image","schema":{"@context":"https:\/\/schema.org","@graph":[{"@type":"WebPage","@id":"https:\/\/blogs.uef.fi\/tiedonhaku-vieraatkielet\/tiedonhaun-palikat\/mista-tietaa-onko-julkaisu-tieteellinen\/","url":"https:\/\/blogs.uef.fi\/tiedonhaku-vieraatkielet\/tiedonhaun-palikat\/mista-tietaa-onko-julkaisu-tieteellinen\/","name":"Tieteelliset julkaisut eri aloilla - Vieraiden kielten tiedonhaku","isPartOf":{"@id":"https:\/\/blogs.uef.fi\/tiedonhaku-vieraatkielet\/#website"},"datePublished":"2015-05-05T07:49:13+00:00","dateModified":"2024-09-06T11:50:25+00:00","breadcrumb":{"@id":"https:\/\/blogs.uef.fi\/tiedonhaku-vieraatkielet\/tiedonhaun-palikat\/mista-tietaa-onko-julkaisu-tieteellinen\/#breadcrumb"},"inLanguage":"fi","potentialAction":[{"@type":"ReadAction","target":["https:\/\/blogs.uef.fi\/tiedonhaku-vieraatkielet\/tiedonhaun-palikat\/mista-tietaa-onko-julkaisu-tieteellinen\/"]}]},{"@type":"BreadcrumbList","@id":"https:\/\/blogs.uef.fi\/tiedonhaku-vieraatkielet\/tiedonhaun-palikat\/mista-tietaa-onko-julkaisu-tieteellinen\/#breadcrumb","itemListElement":[{"@type":"ListItem","position":1,"name":"Home","item":"https:\/\/blogs.uef.fi\/tiedonhaku-vieraatkielet\/"},{"@type":"ListItem","position":2,"name":"Tieteelliset julkaisut ja julkaiseminen","item":"https:\/\/blogs.uef.fi\/tiedonhaku-vieraatkielet\/tiedonhaun-palikat\/"},{"@type":"ListItem","position":3,"name":"Tieteelliset julkaisut eri aloilla"}]},{"@type":"WebSite","@id":"https:\/\/blogs.uef.fi\/tiedonhaku-vieraatkielet\/#website","url":"https:\/\/blogs.uef.fi\/tiedonhaku-vieraatkielet\/","name":"Vieraiden kielten tiedonhaku","description":"","potentialAction":[{"@type":"SearchAction","target":{"@type":"EntryPoint","urlTemplate":"https:\/\/blogs.uef.fi\/tiedonhaku-vieraatkielet\/?s={search_term_string}"},"query-input":{"@type":"PropertyValueSpecification","valueRequired":true,"valueName":"search_term_string"}}],"inLanguage":"fi"}]}},"_links":{"self":[{"href":"https:\/\/blogs.uef.fi\/tiedonhaku-vieraatkielet\/wp-json\/wp\/v2\/pages\/87","targetHints":{"allow":["GET"]}}],"collection":[{"href":"https:\/\/blogs.uef.fi\/tiedonhaku-vieraatkielet\/wp-json\/wp\/v2\/pages"}],"about":[{"href":"https:\/\/blogs.uef.fi\/tiedonhaku-vieraatkielet\/wp-json\/wp\/v2\/types\/page"}],"author":[{"embeddable":true,"href":"https:\/\/blogs.uef.fi\/tiedonhaku-vieraatkielet\/wp-json\/wp\/v2\/users\/129"}],"replies":[{"embeddable":true,"href":"https:\/\/blogs.uef.fi\/tiedonhaku-vieraatkielet\/wp-json\/wp\/v2\/comments?post=87"}],"version-history":[{"count":2,"href":"https:\/\/blogs.uef.fi\/tiedonhaku-vieraatkielet\/wp-json\/wp\/v2\/pages\/87\/revisions"}],"predecessor-version":[{"id":2978,"href":"https:\/\/blogs.uef.fi\/tiedonhaku-vieraatkielet\/wp-json\/wp\/v2\/pages\/87\/revisions\/2978"}],"up":[{"embeddable":true,"href":"https:\/\/blogs.uef.fi\/tiedonhaku-vieraatkielet\/wp-json\/wp\/v2\/pages\/22"}],"wp:attachment":[{"href":"https:\/\/blogs.uef.fi\/tiedonhaku-vieraatkielet\/wp-json\/wp\/v2\/media?parent=87"}],"curies":[{"name":"wp","href":"https:\/\/api.w.org\/{rel}","templated":true}]}}