{"id":83,"date":"2015-05-05T07:46:39","date_gmt":"2015-05-05T07:46:39","guid":{"rendered":"https:\/\/ueflibrarylang.wordpress.com\/?page_id=83"},"modified":"2024-09-06T14:49:36","modified_gmt":"2024-09-06T11:49:36","slug":"tieteellisen-tiedon-julkaiseminen","status":"publish","type":"page","link":"https:\/\/blogs.uef.fi\/tiedonhaku-vieraatkielet\/tiedonhaun-palikat\/tieteellisen-tiedon-julkaiseminen\/","title":{"rendered":"Tieteellinen julkaiseminen"},"content":{"rendered":"\n<p>Tieteellinen tieto jaetaan julkisuuteen eri reittej\u00e4 pitkin ja erilaisissa muodoissa. Siksi sit\u00e4 on my\u00f6s haettava useista eri l\u00e4hteist\u00e4. Julkaisuista t\u00e4rkeimpi\u00e4 ovat artikkelit ja kirjat. N\u00e4it\u00e4kin on erityyppisi\u00e4. Sill\u00e4, onko julkaisu painettu vai elektroninen, ei ole tieteellisyyden kannalta v\u00e4li\u00e4.<\/p>\n\n\n\n<p>Tieteellisen julkaisemisen ydin on uuden tiedon tuottaminen sek\u00e4 sen arvioiminen tiedeyhteis\u00f6ss\u00e4. Julkaisemalla tutkijat meritoituvat eli p\u00e4tev\u00f6ityv\u00e4t ja ansioituvat.<\/p>\n\n\n\n<p>Julkaisun tieteellisyyden takeena pidet\u00e4\u00e4n yleisesti julkaistavaksi aiottujen k\u00e4sikirjoitusten vertaisarviointia\/referee-\/peer review -menettely\u00e4. Julkaisu on tieteellinen, kun tutkimus on tehty k\u00e4ytt\u00e4en hyv\u00e4ksyttyj\u00e4 tieteellisi\u00e4 menetelmi\u00e4, ja siit\u00e4 on raportoitu tieteenalalla vallitsevan tavan mukaisesti. T\u00e4m\u00e4n vuoksi k\u00e4sikirjoitus arvioidaan ennen julkaisua. Lis\u00e4ksi julkaisukanavan tulee olla tieteellisille julkaisuille tarkoitettu ja muiden tutkijoiden saavutettavissa.<\/p>\n\n\n\n<p><\/p>\n\n\n\n<h2 class=\"wp-block-heading\">Muutkin julkaisut voivat olla k\u00e4ytt\u00f6kelpoisia l\u00e4hteit\u00e4<\/h2>\n\n\n\n<p>Useilla aloilla julkaistaan paljon my\u00f6s alan ammattilaisille, yrityksille ja viranomaisille.<br>Tutkimuslaitokset, ministeri\u00f6t, kunnat sek\u00e4 erilaiset j\u00e4rjest\u00f6t, seurat ja liitot julkaisevat selvitys- tai raporttityyppist\u00e4 kirjallisuutta ja my\u00f6s ammattilehdiss\u00e4 julkaistaan artikkeleita. T\u00e4rkeint\u00e4 on itse tekstin sis\u00e4lt\u00f6: kuinka luotettavasti ja yksiselitteisesti kohteena oleva asia pystyt\u00e4\u00e4n kuvaamaan, todentamaan ja perustelemaan. <\/p>\n\n\n\n<p><span style=\"color: #000000\"><\/span><\/p>\n\n\n\n<h2 class=\"wp-block-heading\">Tieteellisell\u00e4 julkaisulla on tunnistettava rakenne<\/h2>\n\n\n\n<p>Tieteellinen julkaisu on yleens\u00e4 helppo tunnistaa &#8211; yksi hyv\u00e4 tuntomerkki on artikkelin tai kirjan lopusta l\u00f6ytyv\u00e4 l\u00e4hdeluettelo. Esimerkiksi tieteellinen artikkeli sis\u00e4lt\u00e4\u00e4 yleens\u00e4 seuraavat osat:<\/p>\n\n\n\n<figure class=\"wp-block-image is-resized\"><img loading=\"lazy\" decoding=\"async\" width=\"458\" height=\"327\" src=\"https:\/\/blogs.uef.fi\/tiedonhaku-vieraatkielet\/wp-content\/uploads\/sites\/63\/2017\/04\/tiet_julk.png\" alt=\"Tieteellisell\u00e4 julkaisulla on tietty rakenne, jossa on mm. otsikko, tekij\u00f6iden nimet ja osoitteet, tiivistelm\u00e4, johdanto, menetelm\u00e4t, tulokset, tulosten pohdinta, l\u00e4hdeluettelo.\" class=\"wp-image-774\" style=\"width:549px\" srcset=\"https:\/\/blogs.uef.fi\/tiedonhaku-vieraatkielet\/wp-content\/uploads\/sites\/63\/2017\/04\/tiet_julk.png 458w, https:\/\/blogs.uef.fi\/tiedonhaku-vieraatkielet\/wp-content\/uploads\/sites\/63\/2017\/04\/tiet_julk-300x214.png 300w\" sizes=\"auto, (max-width: 458px) 100vw, 458px\" \/><\/figure>\n\n\n\n<p>(p\u00e4ivitetty 9\/2024)<\/p>\n\n\n\n<p>Siirry seuraavaan osioon <a href=\"https:\/\/blogs.uef.fi\/tiedonhaku-vieraatkielet\/tiedonhaun-palikat\/mista-tietaa-onko-julkaisu-tieteellinen\/\">Tieteelliset julkaisut eri aloilla<\/a><\/p>\n","protected":false},"excerpt":{"rendered":"<p>Tieteellinen tieto jaetaan julkisuuteen eri reittej\u00e4 pitkin ja erilaisissa muodoissa. Siksi sit\u00e4 on my\u00f6s haettava useista eri l\u00e4hteist\u00e4. Julkaisuista t\u00e4rkeimpi\u00e4 ovat artikkelit ja kirjat. N\u00e4it\u00e4kin on erityyppisi\u00e4. Sill\u00e4, onko julkaisu painettu vai elektroninen, ei ole tieteellisyyden kannalta v\u00e4li\u00e4. Tieteellisen julkaisemisen ydin on uuden tiedon tuottaminen sek\u00e4 sen arvioiminen tiedeyhteis\u00f6ss\u00e4. Julkaisemalla tutkijat meritoituvat eli p\u00e4tev\u00f6ityv\u00e4t ja [&hellip;]<\/p>\n","protected":false},"author":129,"featured_media":0,"parent":22,"menu_order":1,"comment_status":"closed","ping_status":"open","template":"","meta":{"_acf_changed":false,"footnotes":""},"class_list":["post-83","page","type-page","status-publish","hentry"],"acf":[],"yoast_head":"<!-- This site is optimized with the Yoast SEO plugin v27.1.1 - https:\/\/yoast.com\/product\/yoast-seo-wordpress\/ -->\n<title>Tieteellinen julkaiseminen - Vieraiden kielten tiedonhaku<\/title>\n<meta name=\"robots\" content=\"index, follow, max-snippet:-1, max-image-preview:large, max-video-preview:-1\" \/>\n<link rel=\"canonical\" href=\"https:\/\/blogs.uef.fi\/tiedonhaku-vieraatkielet\/tiedonhaun-palikat\/tieteellisen-tiedon-julkaiseminen\/\" \/>\n<meta property=\"og:locale\" content=\"fi_FI\" \/>\n<meta property=\"og:type\" content=\"article\" \/>\n<meta property=\"og:title\" content=\"Tieteellinen julkaiseminen - Vieraiden kielten tiedonhaku\" \/>\n<meta property=\"og:description\" content=\"Tieteellinen tieto jaetaan julkisuuteen eri reittej\u00e4 pitkin ja erilaisissa muodoissa. Siksi sit\u00e4 on my\u00f6s haettava useista eri l\u00e4hteist\u00e4. Julkaisuista t\u00e4rkeimpi\u00e4 ovat artikkelit ja kirjat. N\u00e4it\u00e4kin on erityyppisi\u00e4. Sill\u00e4, onko julkaisu painettu vai elektroninen, ei ole tieteellisyyden kannalta v\u00e4li\u00e4. Tieteellisen julkaisemisen ydin on uuden tiedon tuottaminen sek\u00e4 sen arvioiminen tiedeyhteis\u00f6ss\u00e4. Julkaisemalla tutkijat meritoituvat eli p\u00e4tev\u00f6ityv\u00e4t ja [&hellip;]\" \/>\n<meta property=\"og:url\" content=\"https:\/\/blogs.uef.fi\/tiedonhaku-vieraatkielet\/tiedonhaun-palikat\/tieteellisen-tiedon-julkaiseminen\/\" \/>\n<meta property=\"og:site_name\" content=\"Vieraiden kielten tiedonhaku\" \/>\n<meta property=\"article:modified_time\" content=\"2024-09-06T11:49:36+00:00\" \/>\n<meta property=\"og:image\" content=\"https:\/\/blogs.uef.fi\/tiedonhaku-vieraatkielet\/wp-content\/uploads\/sites\/63\/2017\/04\/tiet_julk.png\" \/>\n<meta name=\"twitter:card\" content=\"summary_large_image\" \/>\n<meta name=\"twitter:label1\" content=\"Arvioitu lukuaika\" \/>\n\t<meta name=\"twitter:data1\" content=\"2 minuuttia\" \/>\n<script type=\"application\/ld+json\" class=\"yoast-schema-graph\">{\"@context\":\"https:\/\/schema.org\",\"@graph\":[{\"@type\":\"WebPage\",\"@id\":\"https:\/\/blogs.uef.fi\/tiedonhaku-vieraatkielet\/tiedonhaun-palikat\/tieteellisen-tiedon-julkaiseminen\/\",\"url\":\"https:\/\/blogs.uef.fi\/tiedonhaku-vieraatkielet\/tiedonhaun-palikat\/tieteellisen-tiedon-julkaiseminen\/\",\"name\":\"Tieteellinen julkaiseminen - Vieraiden kielten tiedonhaku\",\"isPartOf\":{\"@id\":\"https:\/\/blogs.uef.fi\/tiedonhaku-vieraatkielet\/#website\"},\"primaryImageOfPage\":{\"@id\":\"https:\/\/blogs.uef.fi\/tiedonhaku-vieraatkielet\/tiedonhaun-palikat\/tieteellisen-tiedon-julkaiseminen\/#primaryimage\"},\"image\":{\"@id\":\"https:\/\/blogs.uef.fi\/tiedonhaku-vieraatkielet\/tiedonhaun-palikat\/tieteellisen-tiedon-julkaiseminen\/#primaryimage\"},\"thumbnailUrl\":\"https:\/\/blogs.uef.fi\/tiedonhaku-vieraatkielet\/wp-content\/uploads\/sites\/63\/2017\/04\/tiet_julk.png\",\"datePublished\":\"2015-05-05T07:46:39+00:00\",\"dateModified\":\"2024-09-06T11:49:36+00:00\",\"breadcrumb\":{\"@id\":\"https:\/\/blogs.uef.fi\/tiedonhaku-vieraatkielet\/tiedonhaun-palikat\/tieteellisen-tiedon-julkaiseminen\/#breadcrumb\"},\"inLanguage\":\"fi\",\"potentialAction\":[{\"@type\":\"ReadAction\",\"target\":[\"https:\/\/blogs.uef.fi\/tiedonhaku-vieraatkielet\/tiedonhaun-palikat\/tieteellisen-tiedon-julkaiseminen\/\"]}]},{\"@type\":\"ImageObject\",\"inLanguage\":\"fi\",\"@id\":\"https:\/\/blogs.uef.fi\/tiedonhaku-vieraatkielet\/tiedonhaun-palikat\/tieteellisen-tiedon-julkaiseminen\/#primaryimage\",\"url\":\"https:\/\/blogs.uef.fi\/tiedonhaku-vieraatkielet\/wp-content\/uploads\/sites\/63\/2017\/04\/tiet_julk.png\",\"contentUrl\":\"https:\/\/blogs.uef.fi\/tiedonhaku-vieraatkielet\/wp-content\/uploads\/sites\/63\/2017\/04\/tiet_julk.png\",\"width\":458,\"height\":327},{\"@type\":\"BreadcrumbList\",\"@id\":\"https:\/\/blogs.uef.fi\/tiedonhaku-vieraatkielet\/tiedonhaun-palikat\/tieteellisen-tiedon-julkaiseminen\/#breadcrumb\",\"itemListElement\":[{\"@type\":\"ListItem\",\"position\":1,\"name\":\"Home\",\"item\":\"https:\/\/blogs.uef.fi\/tiedonhaku-vieraatkielet\/\"},{\"@type\":\"ListItem\",\"position\":2,\"name\":\"Tieteelliset julkaisut ja julkaiseminen\",\"item\":\"https:\/\/blogs.uef.fi\/tiedonhaku-vieraatkielet\/tiedonhaun-palikat\/\"},{\"@type\":\"ListItem\",\"position\":3,\"name\":\"Tieteellinen julkaiseminen\"}]},{\"@type\":\"WebSite\",\"@id\":\"https:\/\/blogs.uef.fi\/tiedonhaku-vieraatkielet\/#website\",\"url\":\"https:\/\/blogs.uef.fi\/tiedonhaku-vieraatkielet\/\",\"name\":\"Vieraiden kielten tiedonhaku\",\"description\":\"\",\"potentialAction\":[{\"@type\":\"SearchAction\",\"target\":{\"@type\":\"EntryPoint\",\"urlTemplate\":\"https:\/\/blogs.uef.fi\/tiedonhaku-vieraatkielet\/?s={search_term_string}\"},\"query-input\":{\"@type\":\"PropertyValueSpecification\",\"valueRequired\":true,\"valueName\":\"search_term_string\"}}],\"inLanguage\":\"fi\"}]}<\/script>\n<!-- \/ Yoast SEO plugin. -->","yoast_head_json":{"title":"Tieteellinen julkaiseminen - Vieraiden kielten tiedonhaku","robots":{"index":"index","follow":"follow","max-snippet":"max-snippet:-1","max-image-preview":"max-image-preview:large","max-video-preview":"max-video-preview:-1"},"canonical":"https:\/\/blogs.uef.fi\/tiedonhaku-vieraatkielet\/tiedonhaun-palikat\/tieteellisen-tiedon-julkaiseminen\/","og_locale":"fi_FI","og_type":"article","og_title":"Tieteellinen julkaiseminen - Vieraiden kielten tiedonhaku","og_description":"Tieteellinen tieto jaetaan julkisuuteen eri reittej\u00e4 pitkin ja erilaisissa muodoissa. Siksi sit\u00e4 on my\u00f6s haettava useista eri l\u00e4hteist\u00e4. Julkaisuista t\u00e4rkeimpi\u00e4 ovat artikkelit ja kirjat. N\u00e4it\u00e4kin on erityyppisi\u00e4. Sill\u00e4, onko julkaisu painettu vai elektroninen, ei ole tieteellisyyden kannalta v\u00e4li\u00e4. Tieteellisen julkaisemisen ydin on uuden tiedon tuottaminen sek\u00e4 sen arvioiminen tiedeyhteis\u00f6ss\u00e4. Julkaisemalla tutkijat meritoituvat eli p\u00e4tev\u00f6ityv\u00e4t ja [&hellip;]","og_url":"https:\/\/blogs.uef.fi\/tiedonhaku-vieraatkielet\/tiedonhaun-palikat\/tieteellisen-tiedon-julkaiseminen\/","og_site_name":"Vieraiden kielten tiedonhaku","article_modified_time":"2024-09-06T11:49:36+00:00","og_image":[{"url":"https:\/\/blogs.uef.fi\/tiedonhaku-vieraatkielet\/wp-content\/uploads\/sites\/63\/2017\/04\/tiet_julk.png","type":"","width":"","height":""}],"twitter_card":"summary_large_image","twitter_misc":{"Arvioitu lukuaika":"2 minuuttia"},"schema":{"@context":"https:\/\/schema.org","@graph":[{"@type":"WebPage","@id":"https:\/\/blogs.uef.fi\/tiedonhaku-vieraatkielet\/tiedonhaun-palikat\/tieteellisen-tiedon-julkaiseminen\/","url":"https:\/\/blogs.uef.fi\/tiedonhaku-vieraatkielet\/tiedonhaun-palikat\/tieteellisen-tiedon-julkaiseminen\/","name":"Tieteellinen julkaiseminen - Vieraiden kielten tiedonhaku","isPartOf":{"@id":"https:\/\/blogs.uef.fi\/tiedonhaku-vieraatkielet\/#website"},"primaryImageOfPage":{"@id":"https:\/\/blogs.uef.fi\/tiedonhaku-vieraatkielet\/tiedonhaun-palikat\/tieteellisen-tiedon-julkaiseminen\/#primaryimage"},"image":{"@id":"https:\/\/blogs.uef.fi\/tiedonhaku-vieraatkielet\/tiedonhaun-palikat\/tieteellisen-tiedon-julkaiseminen\/#primaryimage"},"thumbnailUrl":"https:\/\/blogs.uef.fi\/tiedonhaku-vieraatkielet\/wp-content\/uploads\/sites\/63\/2017\/04\/tiet_julk.png","datePublished":"2015-05-05T07:46:39+00:00","dateModified":"2024-09-06T11:49:36+00:00","breadcrumb":{"@id":"https:\/\/blogs.uef.fi\/tiedonhaku-vieraatkielet\/tiedonhaun-palikat\/tieteellisen-tiedon-julkaiseminen\/#breadcrumb"},"inLanguage":"fi","potentialAction":[{"@type":"ReadAction","target":["https:\/\/blogs.uef.fi\/tiedonhaku-vieraatkielet\/tiedonhaun-palikat\/tieteellisen-tiedon-julkaiseminen\/"]}]},{"@type":"ImageObject","inLanguage":"fi","@id":"https:\/\/blogs.uef.fi\/tiedonhaku-vieraatkielet\/tiedonhaun-palikat\/tieteellisen-tiedon-julkaiseminen\/#primaryimage","url":"https:\/\/blogs.uef.fi\/tiedonhaku-vieraatkielet\/wp-content\/uploads\/sites\/63\/2017\/04\/tiet_julk.png","contentUrl":"https:\/\/blogs.uef.fi\/tiedonhaku-vieraatkielet\/wp-content\/uploads\/sites\/63\/2017\/04\/tiet_julk.png","width":458,"height":327},{"@type":"BreadcrumbList","@id":"https:\/\/blogs.uef.fi\/tiedonhaku-vieraatkielet\/tiedonhaun-palikat\/tieteellisen-tiedon-julkaiseminen\/#breadcrumb","itemListElement":[{"@type":"ListItem","position":1,"name":"Home","item":"https:\/\/blogs.uef.fi\/tiedonhaku-vieraatkielet\/"},{"@type":"ListItem","position":2,"name":"Tieteelliset julkaisut ja julkaiseminen","item":"https:\/\/blogs.uef.fi\/tiedonhaku-vieraatkielet\/tiedonhaun-palikat\/"},{"@type":"ListItem","position":3,"name":"Tieteellinen julkaiseminen"}]},{"@type":"WebSite","@id":"https:\/\/blogs.uef.fi\/tiedonhaku-vieraatkielet\/#website","url":"https:\/\/blogs.uef.fi\/tiedonhaku-vieraatkielet\/","name":"Vieraiden kielten tiedonhaku","description":"","potentialAction":[{"@type":"SearchAction","target":{"@type":"EntryPoint","urlTemplate":"https:\/\/blogs.uef.fi\/tiedonhaku-vieraatkielet\/?s={search_term_string}"},"query-input":{"@type":"PropertyValueSpecification","valueRequired":true,"valueName":"search_term_string"}}],"inLanguage":"fi"}]}},"_links":{"self":[{"href":"https:\/\/blogs.uef.fi\/tiedonhaku-vieraatkielet\/wp-json\/wp\/v2\/pages\/83","targetHints":{"allow":["GET"]}}],"collection":[{"href":"https:\/\/blogs.uef.fi\/tiedonhaku-vieraatkielet\/wp-json\/wp\/v2\/pages"}],"about":[{"href":"https:\/\/blogs.uef.fi\/tiedonhaku-vieraatkielet\/wp-json\/wp\/v2\/types\/page"}],"author":[{"embeddable":true,"href":"https:\/\/blogs.uef.fi\/tiedonhaku-vieraatkielet\/wp-json\/wp\/v2\/users\/129"}],"replies":[{"embeddable":true,"href":"https:\/\/blogs.uef.fi\/tiedonhaku-vieraatkielet\/wp-json\/wp\/v2\/comments?post=83"}],"version-history":[{"count":2,"href":"https:\/\/blogs.uef.fi\/tiedonhaku-vieraatkielet\/wp-json\/wp\/v2\/pages\/83\/revisions"}],"predecessor-version":[{"id":2975,"href":"https:\/\/blogs.uef.fi\/tiedonhaku-vieraatkielet\/wp-json\/wp\/v2\/pages\/83\/revisions\/2975"}],"up":[{"embeddable":true,"href":"https:\/\/blogs.uef.fi\/tiedonhaku-vieraatkielet\/wp-json\/wp\/v2\/pages\/22"}],"wp:attachment":[{"href":"https:\/\/blogs.uef.fi\/tiedonhaku-vieraatkielet\/wp-json\/wp\/v2\/media?parent=83"}],"curies":[{"name":"wp","href":"https:\/\/api.w.org\/{rel}","templated":true}]}}