{"id":819,"date":"2017-10-03T07:40:59","date_gmt":"2017-10-03T07:40:59","guid":{"rendered":"https:\/\/ueflibrarylang.wordpress.com\/?page_id=819"},"modified":"2024-09-06T14:51:52","modified_gmt":"2024-09-06T11:51:52","slug":"avoin-tiede-ja-julkaiseminen","status":"publish","type":"page","link":"https:\/\/blogs.uef.fi\/tiedonhaku-vieraatkielet\/tiedonhaun-palikat\/avoin-tiede-ja-julkaiseminen\/","title":{"rendered":"Avoin tiede ja avoin julkaiseminen"},"content":{"rendered":"\n<p>Oletko koskaan t\u00f6rm\u00e4nnyt googlettaessasi tieteelliseen artikkeliin, jonka lukeminen vaatii maksua? Tai oletko l\u00f6yt\u00e4nyt Googlella gradun, jonka kokoteksti\u00e4 ei olekaan saatavilla? Jos olet, olet t\u00f6rm\u00e4nnyt yhteen suurimmista ongelmista tieteellisten julkaisujen suhteen: maksumuureihin tai suljettuihin julkaisuihin.<\/p>\n\n\n\n<p>Tieteelliset julkaisut ovat nykyisin p\u00e4\u00e4osin digitaalisessa muodossa ja voisivat siten olla helposti kaikkien saatavilla. Tieteen tulosten saatavuutta haittaa kuitenkin tieteellisten lehtien ja niiss\u00e4 julkaistavien artikkelien maksullisuus, tilausmaksujen korkeus ja hintojen jatkuva nousu. T\u00e4m\u00e4 tarkoittaa sit\u00e4, ett\u00e4 moniin tieteellisiin julkaisuihin p\u00e4\u00e4see k\u00e4siksi vain, jos on ostanut luku- tai k\u00e4ytt\u00f6oikeuden tieteelliseen lehteen tai tietokantaan. Yliopisto on ostanut t\u00e4llaisia k\u00e4ytt\u00f6oikeuksia, ja siksi opiskelija p\u00e4\u00e4see moniin suljettuihin julkaisuihin k\u00e4siksi esim. UEF-Primon kautta. Yliopiston ulkopuolisilla j\u00e4senill\u00e4 ei n\u00e4ihin aineistoihin ole kuitenkaan p\u00e4\u00e4sy\u00e4. Tieteen tulokset eiv\u00e4t siis ole tasa-arvoisesti kaikkien saatavilla, vaikka jokaisella tulisi olla oikeus tieteelliseen tietoon.<\/p>\n\n\n\n<p>Avoin tiede ja avoin julkaiseminen lis\u00e4\u00e4ntyv\u00e4t onneksi koko ajan. Avoimen tieteen ja avoimen eli Open Acces-julkaisemisen tarkoituksena on tuoda tiede kaikkien saataville \u2013 varallisuudesta riippumatta. Alla olevassa videossa (kesto 2:21) selitet\u00e4\u00e4n lyhyesti Open Access-julkaisemisen periaatteet. Videon on tehnyt John M Pfau Library (CC BY).<\/p>\n\n\n<div class=\"embed-container\">\n    <iframe loading=\"lazy\" title=\"Open Access\" width=\"640\" height=\"360\" src=\"https:\/\/www.youtube.com\/embed\/B579LlMi0Q4?feature=oembed&#038;controls=1&#038;hd=1&#038;autohide=1\" frameborder=\"0\" allow=\"accelerometer; autoplay; clipboard-write; encrypted-media; gyroscope; picture-in-picture; web-share\" referrerpolicy=\"strict-origin-when-cross-origin\" allowfullscreen frameborder=\"0\"><\/iframe><\/div>\n\n\n<p><\/p>\n\n\n\n<p>VINKKI: Avoin tiede ja avoin julkaiseminen ovat tuoneet mukanaan paljon hyvi\u00e4, avoimia l\u00e4hteit\u00e4. Esimerkiksi n\u00e4it\u00e4 voit k\u00e4ytt\u00e4\u00e4 apunasi hakiessasi tietoa (linkit avautuvat uusiin ikkunoihin):<\/p>\n\n\n\n<ul class=\"wp-block-list\">\n<li><a href=\"https:\/\/journal.fi\/\" target=\"_blank\" rel=\"noopener noreferrer\">Journal.fi<\/a> \u2013 suomalaiset tiedelehdet verkossa (mm. Finnish Journal of Linguistics, Kasvatus -lehti jne.)<\/li>\n\n\n\n<li><a href=\"https:\/\/erepo.uef.fi\/?locale-attribute=fi\" target=\"_blank\" rel=\"noopener\">UEF eRepo<\/a> \u2013 It\u00e4-Suomen yliopiston opinn\u00e4ytteet ja sarjajulkaisut (Huom! Osa graduista suljettuja tekij\u00f6iden toivomuksesta. Suljettuja graduja voi lukea vain kampuskirjastoissa.)<\/li>\n\n\n\n<li><a href=\"https:\/\/www.doaj.org\/\" target=\"_blank\" rel=\"noopener noreferrer\">DOAJ<\/a> \u2013 Directory of Open Access Journals (monitieteinen ja -kielinen tieteellisten lehtien tietokanta)<\/li>\n<\/ul>\n\n\n\n<p>(p\u00e4ivitetty 9\/2024)<\/p>\n\n\n\n<p>Siirry seuraavaan osioon <a href=\"https:\/\/blogs.uef.fi\/tiedonhaku-vieraatkielet\/about\/\">Hakusanat<\/a><\/p>\n","protected":false},"excerpt":{"rendered":"<p>Oletko koskaan t\u00f6rm\u00e4nnyt googlettaessasi tieteelliseen artikkeliin, jonka lukeminen vaatii maksua? Tai oletko l\u00f6yt\u00e4nyt Googlella gradun, jonka kokoteksti\u00e4 ei olekaan saatavilla? Jos olet, olet t\u00f6rm\u00e4nnyt yhteen suurimmista ongelmista tieteellisten julkaisujen suhteen: maksumuureihin tai suljettuihin julkaisuihin. Tieteelliset julkaisut ovat nykyisin p\u00e4\u00e4osin digitaalisessa muodossa ja voisivat siten olla helposti kaikkien saatavilla. Tieteen tulosten saatavuutta haittaa kuitenkin tieteellisten lehtien [&hellip;]<\/p>\n","protected":false},"author":129,"featured_media":0,"parent":22,"menu_order":0,"comment_status":"closed","ping_status":"closed","template":"","meta":{"_acf_changed":false,"footnotes":""},"class_list":["post-819","page","type-page","status-publish","hentry"],"acf":[],"yoast_head":"<!-- This site is optimized with the Yoast SEO plugin v27.1.1 - https:\/\/yoast.com\/product\/yoast-seo-wordpress\/ -->\n<title>Avoin tiede ja avoin julkaiseminen - Vieraiden kielten tiedonhaku<\/title>\n<meta name=\"robots\" content=\"index, follow, max-snippet:-1, max-image-preview:large, max-video-preview:-1\" \/>\n<link rel=\"canonical\" href=\"https:\/\/blogs.uef.fi\/tiedonhaku-vieraatkielet\/tiedonhaun-palikat\/avoin-tiede-ja-julkaiseminen\/\" \/>\n<meta property=\"og:locale\" content=\"fi_FI\" \/>\n<meta property=\"og:type\" content=\"article\" \/>\n<meta property=\"og:title\" content=\"Avoin tiede ja avoin julkaiseminen - Vieraiden kielten tiedonhaku\" \/>\n<meta property=\"og:description\" content=\"Oletko koskaan t\u00f6rm\u00e4nnyt googlettaessasi tieteelliseen artikkeliin, jonka lukeminen vaatii maksua? Tai oletko l\u00f6yt\u00e4nyt Googlella gradun, jonka kokoteksti\u00e4 ei olekaan saatavilla? Jos olet, olet t\u00f6rm\u00e4nnyt yhteen suurimmista ongelmista tieteellisten julkaisujen suhteen: maksumuureihin tai suljettuihin julkaisuihin. Tieteelliset julkaisut ovat nykyisin p\u00e4\u00e4osin digitaalisessa muodossa ja voisivat siten olla helposti kaikkien saatavilla. Tieteen tulosten saatavuutta haittaa kuitenkin tieteellisten lehtien [&hellip;]\" \/>\n<meta property=\"og:url\" content=\"https:\/\/blogs.uef.fi\/tiedonhaku-vieraatkielet\/tiedonhaun-palikat\/avoin-tiede-ja-julkaiseminen\/\" \/>\n<meta property=\"og:site_name\" content=\"Vieraiden kielten tiedonhaku\" \/>\n<meta property=\"article:modified_time\" content=\"2024-09-06T11:51:52+00:00\" \/>\n<meta name=\"twitter:card\" content=\"summary_large_image\" \/>\n<meta name=\"twitter:label1\" content=\"Arvioitu lukuaika\" \/>\n\t<meta name=\"twitter:data1\" content=\"2 minuuttia\" \/>\n<script type=\"application\/ld+json\" class=\"yoast-schema-graph\">{\"@context\":\"https:\/\/schema.org\",\"@graph\":[{\"@type\":\"WebPage\",\"@id\":\"https:\/\/blogs.uef.fi\/tiedonhaku-vieraatkielet\/tiedonhaun-palikat\/avoin-tiede-ja-julkaiseminen\/\",\"url\":\"https:\/\/blogs.uef.fi\/tiedonhaku-vieraatkielet\/tiedonhaun-palikat\/avoin-tiede-ja-julkaiseminen\/\",\"name\":\"Avoin tiede ja avoin julkaiseminen - Vieraiden kielten tiedonhaku\",\"isPartOf\":{\"@id\":\"https:\/\/blogs.uef.fi\/tiedonhaku-vieraatkielet\/#website\"},\"datePublished\":\"2017-10-03T07:40:59+00:00\",\"dateModified\":\"2024-09-06T11:51:52+00:00\",\"breadcrumb\":{\"@id\":\"https:\/\/blogs.uef.fi\/tiedonhaku-vieraatkielet\/tiedonhaun-palikat\/avoin-tiede-ja-julkaiseminen\/#breadcrumb\"},\"inLanguage\":\"fi\",\"potentialAction\":[{\"@type\":\"ReadAction\",\"target\":[\"https:\/\/blogs.uef.fi\/tiedonhaku-vieraatkielet\/tiedonhaun-palikat\/avoin-tiede-ja-julkaiseminen\/\"]}]},{\"@type\":\"BreadcrumbList\",\"@id\":\"https:\/\/blogs.uef.fi\/tiedonhaku-vieraatkielet\/tiedonhaun-palikat\/avoin-tiede-ja-julkaiseminen\/#breadcrumb\",\"itemListElement\":[{\"@type\":\"ListItem\",\"position\":1,\"name\":\"Home\",\"item\":\"https:\/\/blogs.uef.fi\/tiedonhaku-vieraatkielet\/\"},{\"@type\":\"ListItem\",\"position\":2,\"name\":\"Tieteelliset julkaisut ja julkaiseminen\",\"item\":\"https:\/\/blogs.uef.fi\/tiedonhaku-vieraatkielet\/tiedonhaun-palikat\/\"},{\"@type\":\"ListItem\",\"position\":3,\"name\":\"Avoin tiede ja avoin julkaiseminen\"}]},{\"@type\":\"WebSite\",\"@id\":\"https:\/\/blogs.uef.fi\/tiedonhaku-vieraatkielet\/#website\",\"url\":\"https:\/\/blogs.uef.fi\/tiedonhaku-vieraatkielet\/\",\"name\":\"Vieraiden kielten tiedonhaku\",\"description\":\"\",\"potentialAction\":[{\"@type\":\"SearchAction\",\"target\":{\"@type\":\"EntryPoint\",\"urlTemplate\":\"https:\/\/blogs.uef.fi\/tiedonhaku-vieraatkielet\/?s={search_term_string}\"},\"query-input\":{\"@type\":\"PropertyValueSpecification\",\"valueRequired\":true,\"valueName\":\"search_term_string\"}}],\"inLanguage\":\"fi\"}]}<\/script>\n<!-- \/ Yoast SEO plugin. -->","yoast_head_json":{"title":"Avoin tiede ja avoin julkaiseminen - Vieraiden kielten tiedonhaku","robots":{"index":"index","follow":"follow","max-snippet":"max-snippet:-1","max-image-preview":"max-image-preview:large","max-video-preview":"max-video-preview:-1"},"canonical":"https:\/\/blogs.uef.fi\/tiedonhaku-vieraatkielet\/tiedonhaun-palikat\/avoin-tiede-ja-julkaiseminen\/","og_locale":"fi_FI","og_type":"article","og_title":"Avoin tiede ja avoin julkaiseminen - Vieraiden kielten tiedonhaku","og_description":"Oletko koskaan t\u00f6rm\u00e4nnyt googlettaessasi tieteelliseen artikkeliin, jonka lukeminen vaatii maksua? Tai oletko l\u00f6yt\u00e4nyt Googlella gradun, jonka kokoteksti\u00e4 ei olekaan saatavilla? Jos olet, olet t\u00f6rm\u00e4nnyt yhteen suurimmista ongelmista tieteellisten julkaisujen suhteen: maksumuureihin tai suljettuihin julkaisuihin. Tieteelliset julkaisut ovat nykyisin p\u00e4\u00e4osin digitaalisessa muodossa ja voisivat siten olla helposti kaikkien saatavilla. Tieteen tulosten saatavuutta haittaa kuitenkin tieteellisten lehtien [&hellip;]","og_url":"https:\/\/blogs.uef.fi\/tiedonhaku-vieraatkielet\/tiedonhaun-palikat\/avoin-tiede-ja-julkaiseminen\/","og_site_name":"Vieraiden kielten tiedonhaku","article_modified_time":"2024-09-06T11:51:52+00:00","twitter_card":"summary_large_image","twitter_misc":{"Arvioitu lukuaika":"2 minuuttia"},"schema":{"@context":"https:\/\/schema.org","@graph":[{"@type":"WebPage","@id":"https:\/\/blogs.uef.fi\/tiedonhaku-vieraatkielet\/tiedonhaun-palikat\/avoin-tiede-ja-julkaiseminen\/","url":"https:\/\/blogs.uef.fi\/tiedonhaku-vieraatkielet\/tiedonhaun-palikat\/avoin-tiede-ja-julkaiseminen\/","name":"Avoin tiede ja avoin julkaiseminen - Vieraiden kielten tiedonhaku","isPartOf":{"@id":"https:\/\/blogs.uef.fi\/tiedonhaku-vieraatkielet\/#website"},"datePublished":"2017-10-03T07:40:59+00:00","dateModified":"2024-09-06T11:51:52+00:00","breadcrumb":{"@id":"https:\/\/blogs.uef.fi\/tiedonhaku-vieraatkielet\/tiedonhaun-palikat\/avoin-tiede-ja-julkaiseminen\/#breadcrumb"},"inLanguage":"fi","potentialAction":[{"@type":"ReadAction","target":["https:\/\/blogs.uef.fi\/tiedonhaku-vieraatkielet\/tiedonhaun-palikat\/avoin-tiede-ja-julkaiseminen\/"]}]},{"@type":"BreadcrumbList","@id":"https:\/\/blogs.uef.fi\/tiedonhaku-vieraatkielet\/tiedonhaun-palikat\/avoin-tiede-ja-julkaiseminen\/#breadcrumb","itemListElement":[{"@type":"ListItem","position":1,"name":"Home","item":"https:\/\/blogs.uef.fi\/tiedonhaku-vieraatkielet\/"},{"@type":"ListItem","position":2,"name":"Tieteelliset julkaisut ja julkaiseminen","item":"https:\/\/blogs.uef.fi\/tiedonhaku-vieraatkielet\/tiedonhaun-palikat\/"},{"@type":"ListItem","position":3,"name":"Avoin tiede ja avoin julkaiseminen"}]},{"@type":"WebSite","@id":"https:\/\/blogs.uef.fi\/tiedonhaku-vieraatkielet\/#website","url":"https:\/\/blogs.uef.fi\/tiedonhaku-vieraatkielet\/","name":"Vieraiden kielten tiedonhaku","description":"","potentialAction":[{"@type":"SearchAction","target":{"@type":"EntryPoint","urlTemplate":"https:\/\/blogs.uef.fi\/tiedonhaku-vieraatkielet\/?s={search_term_string}"},"query-input":{"@type":"PropertyValueSpecification","valueRequired":true,"valueName":"search_term_string"}}],"inLanguage":"fi"}]}},"_links":{"self":[{"href":"https:\/\/blogs.uef.fi\/tiedonhaku-vieraatkielet\/wp-json\/wp\/v2\/pages\/819","targetHints":{"allow":["GET"]}}],"collection":[{"href":"https:\/\/blogs.uef.fi\/tiedonhaku-vieraatkielet\/wp-json\/wp\/v2\/pages"}],"about":[{"href":"https:\/\/blogs.uef.fi\/tiedonhaku-vieraatkielet\/wp-json\/wp\/v2\/types\/page"}],"author":[{"embeddable":true,"href":"https:\/\/blogs.uef.fi\/tiedonhaku-vieraatkielet\/wp-json\/wp\/v2\/users\/129"}],"replies":[{"embeddable":true,"href":"https:\/\/blogs.uef.fi\/tiedonhaku-vieraatkielet\/wp-json\/wp\/v2\/comments?post=819"}],"version-history":[{"count":2,"href":"https:\/\/blogs.uef.fi\/tiedonhaku-vieraatkielet\/wp-json\/wp\/v2\/pages\/819\/revisions"}],"predecessor-version":[{"id":2987,"href":"https:\/\/blogs.uef.fi\/tiedonhaku-vieraatkielet\/wp-json\/wp\/v2\/pages\/819\/revisions\/2987"}],"up":[{"embeddable":true,"href":"https:\/\/blogs.uef.fi\/tiedonhaku-vieraatkielet\/wp-json\/wp\/v2\/pages\/22"}],"wp:attachment":[{"href":"https:\/\/blogs.uef.fi\/tiedonhaku-vieraatkielet\/wp-json\/wp\/v2\/media?parent=819"}],"curies":[{"name":"wp","href":"https:\/\/api.w.org\/{rel}","templated":true}]}}