{"id":74,"date":"2015-04-27T11:31:52","date_gmt":"2015-04-27T11:31:52","guid":{"rendered":"https:\/\/ueflibrarylang.wordpress.com\/?page_id=74"},"modified":"2023-09-07T14:02:02","modified_gmt":"2023-09-07T11:02:02","slug":"tiedonlahteet","status":"publish","type":"page","link":"https:\/\/blogs.uef.fi\/tiedonhaku-vieraatkielet\/tiedonlahteet\/","title":{"rendered":"Hakukoneet"},"content":{"rendered":"\n<p>Maailmassa on valtavasti erilaisia hakukoneita ja tietokantoja. Tutuin hakukone on varmasti avoimessa verkossa toimiva Google ja tietokannoista erilaiset kirjastojen kirjallisuustietokannat &#8211; esimerkiksi oman kirjastosi UEF-Primo. N\u00e4iden lis\u00e4ksi on paljon nk. maksullisia, kansainv\u00e4lisi\u00e4 tietokantoja. T\u00e4ss\u00e4 osiossa tutustut keskeisimpiin vieraiden kielten, kielten tutkimuksen ja k\u00e4\u00e4nn\u00f6stieteen tietokantoihin ja niiden erityispiirteisiin.<\/p>\n\n\n\n<p>(Osion sis\u00e4lt\u00f6 p\u00e4ivitetty 9\/2023)<\/p>\n\n\n\n<p>Siirry seuraavaan osioon <a href=\"https:\/\/blogs.uef.fi\/tiedonhaku-vieraatkielet\/tiedonlahteet\/googlesta\/\">Google tiedonhaussa<\/a><\/p>\n","protected":false},"excerpt":{"rendered":"<p>Maailmassa on valtavasti erilaisia hakukoneita ja tietokantoja. Tutuin hakukone on varmasti avoimessa verkossa toimiva Google ja tietokannoista erilaiset kirjastojen kirjallisuustietokannat &#8211; esimerkiksi oman kirjastosi UEF-Primo. N\u00e4iden lis\u00e4ksi on paljon nk. maksullisia, kansainv\u00e4lisi\u00e4 tietokantoja. T\u00e4ss\u00e4 osiossa tutustut keskeisimpiin vieraiden kielten, kielten tutkimuksen ja k\u00e4\u00e4nn\u00f6stieteen tietokantoihin ja niiden erityispiirteisiin. (Osion sis\u00e4lt\u00f6 p\u00e4ivitetty 9\/2023) Siirry seuraavaan osioon Google [&hellip;]<\/p>\n","protected":false},"author":129,"featured_media":0,"parent":0,"menu_order":0,"comment_status":"closed","ping_status":"open","template":"","meta":{"_acf_changed":false,"footnotes":""},"class_list":["post-74","page","type-page","status-publish","hentry"],"acf":[],"yoast_head":"<!-- This site is optimized with the Yoast SEO plugin v27.3 - https:\/\/yoast.com\/product\/yoast-seo-wordpress\/ -->\n<title>Hakukoneet - Vieraiden kielten tiedonhaku<\/title>\n<meta name=\"robots\" content=\"index, follow, max-snippet:-1, max-image-preview:large, max-video-preview:-1\" \/>\n<link rel=\"canonical\" href=\"https:\/\/blogs.uef.fi\/tiedonhaku-vieraatkielet\/tiedonlahteet\/\" \/>\n<meta property=\"og:locale\" content=\"fi_FI\" \/>\n<meta property=\"og:type\" content=\"article\" \/>\n<meta property=\"og:title\" content=\"Hakukoneet - Vieraiden kielten tiedonhaku\" \/>\n<meta property=\"og:description\" content=\"Maailmassa on valtavasti erilaisia hakukoneita ja tietokantoja. Tutuin hakukone on varmasti avoimessa verkossa toimiva Google ja tietokannoista erilaiset kirjastojen kirjallisuustietokannat &#8211; esimerkiksi oman kirjastosi UEF-Primo. N\u00e4iden lis\u00e4ksi on paljon nk. maksullisia, kansainv\u00e4lisi\u00e4 tietokantoja. T\u00e4ss\u00e4 osiossa tutustut keskeisimpiin vieraiden kielten, kielten tutkimuksen ja k\u00e4\u00e4nn\u00f6stieteen tietokantoihin ja niiden erityispiirteisiin. (Osion sis\u00e4lt\u00f6 p\u00e4ivitetty 9\/2023) Siirry seuraavaan osioon Google [&hellip;]\" \/>\n<meta property=\"og:url\" content=\"https:\/\/blogs.uef.fi\/tiedonhaku-vieraatkielet\/tiedonlahteet\/\" \/>\n<meta property=\"og:site_name\" content=\"Vieraiden kielten tiedonhaku\" \/>\n<meta property=\"article:modified_time\" content=\"2023-09-07T11:02:02+00:00\" \/>\n<meta name=\"twitter:card\" content=\"summary_large_image\" \/>\n<meta name=\"twitter:label1\" content=\"Arvioitu lukuaika\" \/>\n\t<meta name=\"twitter:data1\" content=\"1 minuutti\" \/>\n<script type=\"application\/ld+json\" class=\"yoast-schema-graph\">{\"@context\":\"https:\\\/\\\/schema.org\",\"@graph\":[{\"@type\":\"WebPage\",\"@id\":\"https:\\\/\\\/blogs.uef.fi\\\/tiedonhaku-vieraatkielet\\\/tiedonlahteet\\\/\",\"url\":\"https:\\\/\\\/blogs.uef.fi\\\/tiedonhaku-vieraatkielet\\\/tiedonlahteet\\\/\",\"name\":\"Hakukoneet - Vieraiden kielten tiedonhaku\",\"isPartOf\":{\"@id\":\"https:\\\/\\\/blogs.uef.fi\\\/tiedonhaku-vieraatkielet\\\/#website\"},\"datePublished\":\"2015-04-27T11:31:52+00:00\",\"dateModified\":\"2023-09-07T11:02:02+00:00\",\"breadcrumb\":{\"@id\":\"https:\\\/\\\/blogs.uef.fi\\\/tiedonhaku-vieraatkielet\\\/tiedonlahteet\\\/#breadcrumb\"},\"inLanguage\":\"fi\",\"potentialAction\":[{\"@type\":\"ReadAction\",\"target\":[\"https:\\\/\\\/blogs.uef.fi\\\/tiedonhaku-vieraatkielet\\\/tiedonlahteet\\\/\"]}]},{\"@type\":\"BreadcrumbList\",\"@id\":\"https:\\\/\\\/blogs.uef.fi\\\/tiedonhaku-vieraatkielet\\\/tiedonlahteet\\\/#breadcrumb\",\"itemListElement\":[{\"@type\":\"ListItem\",\"position\":1,\"name\":\"Home\",\"item\":\"https:\\\/\\\/blogs.uef.fi\\\/tiedonhaku-vieraatkielet\\\/\"},{\"@type\":\"ListItem\",\"position\":2,\"name\":\"Hakukoneet\"}]},{\"@type\":\"WebSite\",\"@id\":\"https:\\\/\\\/blogs.uef.fi\\\/tiedonhaku-vieraatkielet\\\/#website\",\"url\":\"https:\\\/\\\/blogs.uef.fi\\\/tiedonhaku-vieraatkielet\\\/\",\"name\":\"Vieraiden kielten tiedonhaku\",\"description\":\"\",\"potentialAction\":[{\"@type\":\"SearchAction\",\"target\":{\"@type\":\"EntryPoint\",\"urlTemplate\":\"https:\\\/\\\/blogs.uef.fi\\\/tiedonhaku-vieraatkielet\\\/?s={search_term_string}\"},\"query-input\":{\"@type\":\"PropertyValueSpecification\",\"valueRequired\":true,\"valueName\":\"search_term_string\"}}],\"inLanguage\":\"fi\"}]}<\/script>\n<!-- \/ Yoast SEO plugin. -->","yoast_head_json":{"title":"Hakukoneet - Vieraiden kielten tiedonhaku","robots":{"index":"index","follow":"follow","max-snippet":"max-snippet:-1","max-image-preview":"max-image-preview:large","max-video-preview":"max-video-preview:-1"},"canonical":"https:\/\/blogs.uef.fi\/tiedonhaku-vieraatkielet\/tiedonlahteet\/","og_locale":"fi_FI","og_type":"article","og_title":"Hakukoneet - Vieraiden kielten tiedonhaku","og_description":"Maailmassa on valtavasti erilaisia hakukoneita ja tietokantoja. Tutuin hakukone on varmasti avoimessa verkossa toimiva Google ja tietokannoista erilaiset kirjastojen kirjallisuustietokannat &#8211; esimerkiksi oman kirjastosi UEF-Primo. N\u00e4iden lis\u00e4ksi on paljon nk. maksullisia, kansainv\u00e4lisi\u00e4 tietokantoja. T\u00e4ss\u00e4 osiossa tutustut keskeisimpiin vieraiden kielten, kielten tutkimuksen ja k\u00e4\u00e4nn\u00f6stieteen tietokantoihin ja niiden erityispiirteisiin. (Osion sis\u00e4lt\u00f6 p\u00e4ivitetty 9\/2023) Siirry seuraavaan osioon Google [&hellip;]","og_url":"https:\/\/blogs.uef.fi\/tiedonhaku-vieraatkielet\/tiedonlahteet\/","og_site_name":"Vieraiden kielten tiedonhaku","article_modified_time":"2023-09-07T11:02:02+00:00","twitter_card":"summary_large_image","twitter_misc":{"Arvioitu lukuaika":"1 minuutti"},"schema":{"@context":"https:\/\/schema.org","@graph":[{"@type":"WebPage","@id":"https:\/\/blogs.uef.fi\/tiedonhaku-vieraatkielet\/tiedonlahteet\/","url":"https:\/\/blogs.uef.fi\/tiedonhaku-vieraatkielet\/tiedonlahteet\/","name":"Hakukoneet - Vieraiden kielten tiedonhaku","isPartOf":{"@id":"https:\/\/blogs.uef.fi\/tiedonhaku-vieraatkielet\/#website"},"datePublished":"2015-04-27T11:31:52+00:00","dateModified":"2023-09-07T11:02:02+00:00","breadcrumb":{"@id":"https:\/\/blogs.uef.fi\/tiedonhaku-vieraatkielet\/tiedonlahteet\/#breadcrumb"},"inLanguage":"fi","potentialAction":[{"@type":"ReadAction","target":["https:\/\/blogs.uef.fi\/tiedonhaku-vieraatkielet\/tiedonlahteet\/"]}]},{"@type":"BreadcrumbList","@id":"https:\/\/blogs.uef.fi\/tiedonhaku-vieraatkielet\/tiedonlahteet\/#breadcrumb","itemListElement":[{"@type":"ListItem","position":1,"name":"Home","item":"https:\/\/blogs.uef.fi\/tiedonhaku-vieraatkielet\/"},{"@type":"ListItem","position":2,"name":"Hakukoneet"}]},{"@type":"WebSite","@id":"https:\/\/blogs.uef.fi\/tiedonhaku-vieraatkielet\/#website","url":"https:\/\/blogs.uef.fi\/tiedonhaku-vieraatkielet\/","name":"Vieraiden kielten tiedonhaku","description":"","potentialAction":[{"@type":"SearchAction","target":{"@type":"EntryPoint","urlTemplate":"https:\/\/blogs.uef.fi\/tiedonhaku-vieraatkielet\/?s={search_term_string}"},"query-input":{"@type":"PropertyValueSpecification","valueRequired":true,"valueName":"search_term_string"}}],"inLanguage":"fi"}]}},"_links":{"self":[{"href":"https:\/\/blogs.uef.fi\/tiedonhaku-vieraatkielet\/wp-json\/wp\/v2\/pages\/74","targetHints":{"allow":["GET"]}}],"collection":[{"href":"https:\/\/blogs.uef.fi\/tiedonhaku-vieraatkielet\/wp-json\/wp\/v2\/pages"}],"about":[{"href":"https:\/\/blogs.uef.fi\/tiedonhaku-vieraatkielet\/wp-json\/wp\/v2\/types\/page"}],"author":[{"embeddable":true,"href":"https:\/\/blogs.uef.fi\/tiedonhaku-vieraatkielet\/wp-json\/wp\/v2\/users\/129"}],"replies":[{"embeddable":true,"href":"https:\/\/blogs.uef.fi\/tiedonhaku-vieraatkielet\/wp-json\/wp\/v2\/comments?post=74"}],"version-history":[{"count":1,"href":"https:\/\/blogs.uef.fi\/tiedonhaku-vieraatkielet\/wp-json\/wp\/v2\/pages\/74\/revisions"}],"predecessor-version":[{"id":2694,"href":"https:\/\/blogs.uef.fi\/tiedonhaku-vieraatkielet\/wp-json\/wp\/v2\/pages\/74\/revisions\/2694"}],"wp:attachment":[{"href":"https:\/\/blogs.uef.fi\/tiedonhaku-vieraatkielet\/wp-json\/wp\/v2\/media?parent=74"}],"curies":[{"name":"wp","href":"https:\/\/api.w.org\/{rel}","templated":true}]}}